{"id":24107,"date":"2025-04-13T17:41:04","date_gmt":"2025-04-13T17:41:04","guid":{"rendered":"https:\/\/researchchemicalhub.com\/?post_type=product&#038;p=24107"},"modified":"2025-10-14T07:55:35","modified_gmt":"2025-10-14T07:55:35","slug":"rc-maxtc-thynnupakkning","status":"publish","type":"product","link":"https:\/\/researchchemicalhub.com\/is\/bud\/fyrirtaeki-til-fyrirtaekja\/rc-maxtc-thynnupakkning\/","title":{"rendered":"RC+ MaXTC \u00feynnupakkning"},"content":{"rendered":"<h3 data-start=\"5023\" data-end=\"5044\"><strong data-start=\"5027\" data-end=\"5042\">Inngangur<\/strong><\/h3>\n<p data-start=\"5045\" data-end=\"5340\">Hinn <strong data-start=\"5048\" data-end=\"5069\">RC+ MaXTC \u00feynnupakkning<\/strong> er <strong data-start=\"5077\" data-end=\"5115\">h\u00e1g\u00e6\u00f0a ranns\u00f3knarform\u00falu<\/strong> \u00der\u00f3a\u00f0 fyrir h\u00e1\u00fer\u00f3a\u00f0a greiningar- og v\u00edsindalega notkun. Hver \u00feynna inniheldur s\u00e9rstaklega innsigla\u00f0ar k\u00falur, hanna\u00f0ar fyrir <strong data-start=\"5258\" data-end=\"5337\">n\u00e1kv\u00e6m sk\u00f6mmtun, b\u00e6tt st\u00f6\u00f0ugleiki og mengunarlaus me\u00f0h\u00f6ndlun<\/strong>.<\/p>\n<p data-start=\"5342\" data-end=\"5536\">Samsetningin af <strong data-start=\"5360\" data-end=\"5391\">5-MAPB, 4-FMA og 5-MeO-MiPT<\/strong> gerir \u00feessa v\u00f6ru s\u00e9rstaklega hentuga til ranns\u00f3kna \u00e1 <strong data-start=\"5449\" data-end=\"5533\">lyfjafr\u00e6\u00f0ilegar milliverkanir, vi\u00f0takabinding og sameindasamanbur\u00f0arranns\u00f3knir<\/strong>.<\/p>\n<p data-start=\"5538\" data-end=\"5653\">\u00deynnuumb\u00fa\u00f0irnar tryggja \u00e1rei\u00f0anleika, rekjanleika og \u00fe\u00e6gindi til notkunar \u00ed faglegum ranns\u00f3knarstofum.<\/p>\n<p data-start=\"5655\" data-end=\"5766\"><em data-start=\"5655\" data-end=\"5766\">(\u00deessi vara er eing\u00f6ngu \u00e6tlu\u00f0 til ranns\u00f3kna. Ekki til manneldis e\u00f0a d\u00fdraneyslu.)<\/em><\/p>\n<hr data-start=\"5768\" data-end=\"5771\" \/>\n<h3 data-start=\"5773\" data-end=\"5806\"><strong data-start=\"5777\" data-end=\"5804\">Lykilatri\u00f0i<\/strong><\/h3>\n<ul data-start=\"5807\" data-end=\"6395\">\n<li data-start=\"5807\" data-end=\"5928\">\n<p data-start=\"5809\" data-end=\"5928\"><strong data-start=\"5809\" data-end=\"5832\">Fj\u00f6lefnablanda:<\/strong> Hvert stykki inniheldur n\u00e1kv\u00e6mlega jafnv\u00e6g\u00f0a bl\u00f6ndu af 5-MAPB, 4-FMA og 5-MeO-MiPT.<\/p>\n<\/li>\n<li data-start=\"5929\" data-end=\"6034\">\n<p data-start=\"5931\" data-end=\"6034\"><strong data-start=\"5931\" data-end=\"5955\">N\u00e1kv\u00e6mniform\u00fala:<\/strong> \u00der\u00f3a\u00f0 fyrir st\u00fdr\u00f0ar tilraunir me\u00f0 samr\u00e6mdum efnasamsetningum.<\/p>\n<\/li>\n<li data-start=\"6035\" data-end=\"6137\">\n<p data-start=\"6037\" data-end=\"6137\"><strong data-start=\"6037\" data-end=\"6059\">\u00deynnupakkning:<\/strong> Hver k\u00fala er innsiglu\u00f0 s\u00e9rstaklega fyrir h\u00e1marks st\u00f6\u00f0ugleika og \u00f6ryggi.<\/p>\n<\/li>\n<li data-start=\"6138\" data-end=\"6236\">\n<p data-start=\"6140\" data-end=\"6236\"><strong data-start=\"6140\" data-end=\"6158\">Au\u00f0velt \u00ed notkun:<\/strong> Au\u00f0velt a\u00f0 fjarl\u00e6gja fyrir n\u00e1kv\u00e6ma sk\u00f6mmtun og s\u00fdnishornsundirb\u00faning.<\/p>\n<\/li>\n<li data-start=\"6237\" data-end=\"6334\">\n<p data-start=\"6239\" data-end=\"6334\"><strong data-start=\"6239\" data-end=\"6258\">Lotun\u00famerun:<\/strong> Me\u00f0 einst\u00f6kum lotuk\u00f3\u00f0a fyrir g\u00e6\u00f0atryggingu og rekjanleika.<\/p>\n<\/li>\n<li data-start=\"6335\" data-end=\"6395\">\n<p data-start=\"6337\" data-end=\"6395\"><strong data-start=\"6337\" data-end=\"6348\">Efnisyfirlit:<\/strong> Hver \u00feynna inniheldur <strong data-start=\"6368\" data-end=\"6392\">10 ranns\u00f3knark\u00falur<\/strong>.<\/p>\n<\/li>\n<\/ul>\n<hr data-start=\"6397\" data-end=\"6400\" \/>\n<h3 data-start=\"6402\" data-end=\"6421\"><strong data-start=\"6406\" data-end=\"6419\">Kostir<\/strong><\/h3>\n<p data-start=\"6422\" data-end=\"6518\">\u2705 <strong data-start=\"6424\" data-end=\"6450\">Samr\u00e6mdar ni\u00f0urst\u00f6\u00f0ur<\/strong> \u2013 Hvert stykki veitir \u00e1rei\u00f0anlegar og endurtakanlegar ranns\u00f3knarg\u00f6gn.<\/p>\n<p data-start=\"6520\" data-end=\"6618\">\u2705 <strong data-start=\"6522\" data-end=\"6544\">Betri st\u00f6\u00f0ugleiki<\/strong> \u2013 Loft- og rakalausar umb\u00fa\u00f0ir koma \u00ed veg fyrir ni\u00f0urbrot efnasambanda.<\/p>\n<p data-start=\"6620\" data-end=\"6702\">\u2705 <strong data-start=\"6622\" data-end=\"6644\">Hra\u00f0ari vinnuferli<\/strong> \u2013 Fyrirframm\u00e6ldar k\u00falur spara undirb\u00faningst\u00edma.<\/p>\n<p data-start=\"6704\" data-end=\"6780\">\u2705 <strong data-start=\"6706\" data-end=\"6729\">\u00d6ruggara \u00ed notkun<\/strong> \u2013 Einst\u00f6k holr\u00fdmi takmarka h\u00e6ttu \u00e1 mengun.<\/p>\n<p data-start=\"6782\" data-end=\"6896\">\u2705 <strong data-start=\"6784\" data-end=\"6823\">Tilvali\u00f0 fyrir samanbur\u00f0arranns\u00f3knir<\/strong> \u2013 Sty\u00f0ur ranns\u00f3knir \u00e1 samverkun e\u00f0a v\u00edxlverkun milli efnasambanda.<\/p>\n<hr data-start=\"6898\" data-end=\"6901\" \/>\n<h3 data-start=\"6903\" data-end=\"6966\"><strong data-start=\"6907\" data-end=\"6964\">Lei\u00f0beiningar um notkun (eing\u00f6ngu \u00ed ranns\u00f3knarskyni)<\/strong><\/h3>\n<blockquote data-start=\"6967\" data-end=\"7143\">\n<p data-start=\"6969\" data-end=\"7143\">\u26a0\ufe0f <strong data-start=\"6972\" data-end=\"6987\">Mikilv\u00e6gt:<\/strong> RC+ MaXTC \u00feynnurnar eru ekki \u00e6tla\u00f0ar til notkunar fyrir menn e\u00f0a d\u00fdr. Noti\u00f0 alltaf hanska og pers\u00f3nuhl\u00edfar og vinni\u00f0 samkv\u00e6mt \u00f6ryggislei\u00f0beiningum ranns\u00f3knarstofunnar.<\/p>\n<\/blockquote>\n<ol data-start=\"7145\" data-end=\"8004\">\n<li data-start=\"7145\" data-end=\"7268\">\n<p data-start=\"7148\" data-end=\"7163\"><strong data-start=\"7148\" data-end=\"7161\">Sko\u00f0un<\/strong><\/p>\n<ul data-start=\"7167\" data-end=\"7268\">\n<li data-start=\"7167\" data-end=\"7212\">\n<p data-start=\"7169\" data-end=\"7212\">Athugi\u00f0 \u00feynnupakkninguna og lotun\u00fameri\u00f0.<\/p>\n<\/li>\n<li data-start=\"7216\" data-end=\"7268\">\n<p data-start=\"7218\" data-end=\"7268\">Gakktu \u00far skugga um a\u00f0 k\u00falurnar s\u00e9u heilar og \u00f3skemmdar.<\/p>\n<\/li>\n<\/ul>\n<\/li>\n<li data-start=\"7270\" data-end=\"7408\">\n<p data-start=\"7273\" data-end=\"7297\"><strong data-start=\"7273\" data-end=\"7295\">Fjarl\u00e6ging k\u00f6ggla<\/strong><\/p>\n<ul data-start=\"7301\" data-end=\"7408\">\n<li data-start=\"7301\" data-end=\"7373\">\n<p data-start=\"7303\" data-end=\"7373\">\u00ddti\u00f0 einni k\u00falu varlega \u00ed gegnum \u00e1lpapp\u00edrinn me\u00f0 s\u00e6f\u00f0um verkf\u00e6rum.<\/p>\n<\/li>\n<li data-start=\"7377\" data-end=\"7408\">\n<p data-start=\"7379\" data-end=\"7408\">For\u00f0ist beina snertingu vi\u00f0 h\u00fa\u00f0.<\/p>\n<\/li>\n<\/ul>\n<\/li>\n<li data-start=\"7410\" data-end=\"7600\">\n<p data-start=\"7413\" data-end=\"7439\"><strong data-start=\"7413\" data-end=\"7437\">Undirb\u00faningur s\u00fdnis<\/strong><\/p>\n<ul data-start=\"7443\" data-end=\"7600\">\n<li data-start=\"7443\" data-end=\"7548\">\n<p data-start=\"7445\" data-end=\"7548\">Leysi\u00f0 k\u00faluna upp \u00ed vi\u00f0eigandi leysi (t.d. etan\u00f3li, eimu\u00f0u vatni e\u00f0a stu\u00f0p\u00fa\u00f0alausn).<\/p>\n<\/li>\n<li data-start=\"7552\" data-end=\"7600\">\n<p data-start=\"7554\" data-end=\"7600\">Blandi\u00f0 varlega saman \u00fear til einsleit lausn f\u00e6st.<\/p>\n<\/li>\n<\/ul>\n<\/li>\n<li data-start=\"7602\" data-end=\"7787\">\n<p data-start=\"7605\" data-end=\"7633\"><strong data-start=\"7605\" data-end=\"7631\">A\u00f0 framkv\u00e6ma tilraunir<\/strong><\/p>\n<ul data-start=\"7637\" data-end=\"7787\">\n<li data-start=\"7637\" data-end=\"7723\">\n<p data-start=\"7639\" data-end=\"7723\">Notkun \u00ed vi\u00f0takabindingarpr\u00f3fum, in vitro pr\u00f3fum e\u00f0a \u00f6\u00f0rum vi\u00f0urkenndum pr\u00f3fum.<\/p>\n<\/li>\n<li data-start=\"7727\" data-end=\"7787\">\n<p data-start=\"7729\" data-end=\"7787\">Skr\u00e1i\u00f0 leysiefni, styrk og t\u00edmabil.<\/p>\n<\/li>\n<\/ul>\n<\/li>\n<li data-start=\"7789\" data-end=\"8004\">\n<p data-start=\"7792\" data-end=\"7822\"><strong data-start=\"7792\" data-end=\"7820\">Geymsla og \u00fargangsvinnsla<\/strong><\/p>\n<ul data-start=\"7826\" data-end=\"8004\">\n<li data-start=\"7826\" data-end=\"7923\">\n<p data-start=\"7828\" data-end=\"7923\">Geymi\u00f0 \u00f3nota\u00f0ar k\u00falur \u00ed \u00feynnunni, uppr\u00e9ttar og \u00ed <strong data-start=\"7888\" data-end=\"7920\">kaldur, dimmur, \u00feurr sta\u00f0ur<\/strong>.<\/p>\n<\/li>\n<li data-start=\"7927\" data-end=\"8004\">\n<p data-start=\"7929\" data-end=\"8004\">Fargi\u00f0 leifum samkv\u00e6mt stefnu ranns\u00f3knarstofunnar um efna\u00fargang.<\/p>\n<\/li>\n<\/ul>\n<\/li>\n<\/ol>\n<hr data-start=\"8006\" data-end=\"8009\" \/>\n<h3 data-start=\"8011\" data-end=\"8046\"><strong data-start=\"8015\" data-end=\"8044\">Algengar spurningar (FAQ)<\/strong><\/h3>\n<p data-start=\"8048\" data-end=\"8225\"><strong data-start=\"8048\" data-end=\"8098\">1. Hva\u00f0a efnasamb\u00f6nd innihalda RC+ MaXTC \u00feynnuna?<\/strong><br data-start=\"8098\" data-end=\"8101\" \/>Hver pilla inniheldur bl\u00f6ndu af <strong data-start=\"8138\" data-end=\"8148\">5-MAPB<\/strong>, <strong data-start=\"8150\" data-end=\"8159\">4-FMA<\/strong> og <strong data-start=\"8163\" data-end=\"8177\">5-MeO-MiPT<\/strong> \u2013 eing\u00f6ngu \u00e6tla\u00f0 til ranns\u00f3knarnota.<\/p>\n<p data-start=\"8227\" data-end=\"8393\"><strong data-start=\"8227\" data-end=\"8285\">2. Hversu margar k\u00falur eru \u00ed einni \u00feynnupakkningu?<\/strong><br data-start=\"8285\" data-end=\"8288\" \/>Hver \u00feynna inniheldur <strong data-start=\"8307\" data-end=\"8345\">10 innsiglu\u00f0 k\u00falur, hver fyrir sig<\/strong> fyrir st\u00fdr\u00f0ar og endurtakanlegar pr\u00f3fanir.<\/p>\n<p data-start=\"8395\" data-end=\"8583\"><strong data-start=\"8395\" data-end=\"8455\">3. Hentar RC+ MaXTC \u00feynnunni til notkunar fyrir menn?<\/strong><br data-start=\"8455\" data-end=\"8458\" \/>Nei \u2013 \u00feessi vara er <strong data-start=\"8479\" data-end=\"8520\">eing\u00f6ngu \u00ed ranns\u00f3knarskyni<\/strong> og <strong data-start=\"8524\" data-end=\"8580\">ekki \u00e6tla\u00f0 til manneldis e\u00f0a d\u00fdraneyslu<\/strong>.<\/p>\n<p><a href=\"https:\/\/researchchemicalhub.com\/is\/bud\/lysergamid\/1-teskeid-af-lsd-150-mikrogromm\/\"><span dir=\"auto\" style=\"vertical-align: inherit;\"><span dir=\"auto\" style=\"vertical-align: inherit;\">1cP-LSD 150 MCG listabletti <\/span><\/span><\/a><a href=\"https:\/\/researchchemicalhub.com\/is\/bud\/pellets\/o-dsmt-50-mg-kulur\/\"><span dir=\"auto\" style=\"vertical-align: inherit;\"><span dir=\"auto\" style=\"vertical-align: inherit;\">O-DSMT 50 mg k\u00falur <\/span><\/span><\/a><a href=\"https:\/\/researchchemicalhub.com\/is\/bud\/lysergamid\/1v-lsd-150-mcg-blotters\/\"><span dir=\"auto\" style=\"vertical-align: inherit;\"><span dir=\"auto\" style=\"vertical-align: inherit;\">1V-LSD 150 MCG \u00feynnur <\/span><\/span><\/a><a href=\"https:\/\/researchchemicalhub.com\/is\/bud\/naestum-bannad\/6-cl-adba\/\"><span dir=\"auto\" style=\"vertical-align: inherit;\"><span dir=\"auto\" style=\"vertical-align: inherit;\">6-CL-ADBA <\/span><\/span><\/a><a href=\"https:\/\/researchchemicalhub.com\/is\/bud\/katinon\/kaupa-2-cm\/\"><span dir=\"auto\" style=\"vertical-align: inherit;\"><span dir=\"auto\" style=\"vertical-align: inherit;\">2-CMC 250 mg k\u00falur<\/span><\/span><\/a><\/p>","protected":false},"excerpt":{"rendered":"<p>Introductie De RC+ MaXTC Blister is een hoogwaardige onderzoeksformulering ontwikkeld voor geavanceerde analytische en wetenschappelijke toepassingen. Elke blister bevat individueel<\/p>","protected":false},"featured_media":21157,"comment_status":"closed","ping_status":"closed","template":"","meta":[],"product_brand":[],"product_cat":[555],"product_tag":[629,644,664,326],"class_list":{"0":"post-24107","1":"product","2":"type-product","3":"status-publish","4":"has-post-thumbnail","6":"product_cat-b2b","7":"product_tag-4-fma-kopen","8":"product_tag-4-fma","9":"product_tag-maxtc","10":"product_tag-nl","12":"first","13":"instock","14":"taxable","15":"shipping-taxable","16":"purchasable","17":"product-type-variable"},"_links":{"self":[{"href":"https:\/\/researchchemicalhub.com\/is\/wp-json\/wp\/v2\/product\/24107","targetHints":{"allow":["GET"]}}],"collection":[{"href":"https:\/\/researchchemicalhub.com\/is\/wp-json\/wp\/v2\/product"}],"about":[{"href":"https:\/\/researchchemicalhub.com\/is\/wp-json\/wp\/v2\/types\/product"}],"replies":[{"embeddable":true,"href":"https:\/\/researchchemicalhub.com\/is\/wp-json\/wp\/v2\/comments?post=24107"}],"version-history":[{"count":4,"href":"https:\/\/researchchemicalhub.com\/is\/wp-json\/wp\/v2\/product\/24107\/revisions"}],"predecessor-version":[{"id":27874,"href":"https:\/\/researchchemicalhub.com\/is\/wp-json\/wp\/v2\/product\/24107\/revisions\/27874"}],"wp:featuredmedia":[{"embeddable":true,"href":"https:\/\/researchchemicalhub.com\/is\/wp-json\/wp\/v2\/media\/21157"}],"wp:attachment":[{"href":"https:\/\/researchchemicalhub.com\/is\/wp-json\/wp\/v2\/media?parent=24107"}],"wp:term":[{"taxonomy":"product_brand","embeddable":true,"href":"https:\/\/researchchemicalhub.com\/is\/wp-json\/wp\/v2\/product_brand?post=24107"},{"taxonomy":"product_cat","embeddable":true,"href":"https:\/\/researchchemicalhub.com\/is\/wp-json\/wp\/v2\/product_cat?post=24107"},{"taxonomy":"product_tag","embeddable":true,"href":"https:\/\/researchchemicalhub.com\/is\/wp-json\/wp\/v2\/product_tag?post=24107"}],"curies":[{"name":"wp","href":"https:\/\/api.w.org\/{rel}","templated":true}]}}