{"id":23992,"date":"2025-04-13T17:40:51","date_gmt":"2025-04-13T17:40:51","guid":{"rendered":"https:\/\/researchchemicalhub.com\/?post_type=product&#038;p=23992"},"modified":"2025-10-30T07:42:11","modified_gmt":"2025-10-30T07:42:11","slug":"kauptu-6-apb-130-mg-kulur","status":"publish","type":"product","link":"https:\/\/researchchemicalhub.com\/is\/bud\/6-apr\/kauptu-6-apb-130-mg-kulur\/","title":{"rendered":"6-APB 130 mg k\u00falur"},"content":{"rendered":"<h3 data-start=\"6022\" data-end=\"6041\"><strong data-start=\"6026\" data-end=\"6041\">Inngangur<\/strong><\/h3>\n<p data-start=\"6043\" data-end=\"6339\"><strong data-start=\"6043\" data-end=\"6066\">6-APB 130 mg k\u00falur<\/strong> eru <strong data-start=\"6072\" data-end=\"6119\">ranns\u00f3knarefni sem eru notu\u00f0 \u00ed ranns\u00f3knarstofu<\/strong>, \u00fer\u00f3a\u00f0 fyrir <strong data-start=\"6137\" data-end=\"6181\">v\u00edsindalegar og greiningarranns\u00f3knir<\/strong>.<br data-start=\"6182\" data-end=\"6185\" \/>Hvert pilla inniheldur <strong data-start=\"6203\" data-end=\"6261\">130 milligr\u00f6mm (mg) 6-(2-am\u00edn\u00f3pr\u00f3p\u00fdl)bens\u00f3f\u00faran (6-APB)<\/strong> - Einn <strong data-start=\"6268\" data-end=\"6293\">bens\u00f3f\u00faran efnasamband<\/strong> sem tilheyrir <strong data-start=\"6313\" data-end=\"6336\">flokkur fenet\u00fdlam\u00edns<\/strong>. 6 apb kaup<\/p>\n<p data-start=\"6341\" data-end=\"6575\">Framleitt skv. <strong data-start=\"6362\" data-end=\"6403\">GLP sta\u00f0lar (g\u00f3\u00f0ar ranns\u00f3knarstofuvenjur)<\/strong>, \u00feessar k\u00falur bj\u00f3\u00f0a upp \u00e1 <strong data-start=\"6425\" data-end=\"6444\">Hreinleiki \u226599%<\/strong>, <strong data-start=\"6446\" data-end=\"6471\">efnafr\u00e6\u00f0ilegur st\u00f6\u00f0ugleiki<\/strong>og <strong data-start=\"6476\" data-end=\"6504\">\u00e1rei\u00f0anleg samr\u00e6mi<\/strong>, tilvali\u00f0 fyrir <strong data-start=\"6518\" data-end=\"6572\">r\u00e9ttar-, lyfjafr\u00e6\u00f0ilegar og greiningarranns\u00f3knir<\/strong>.<\/p>\n<blockquote data-start=\"6577\" data-end=\"6721\">\n<p data-start=\"6579\" data-end=\"6721\">\u26a0\ufe0f <strong data-start=\"6582\" data-end=\"6593\">Athugi\u00f0:<\/strong> \u00deessi vara er <strong data-start=\"6609\" data-end=\"6659\">eing\u00f6ngu \u00e6tla\u00f0 til ranns\u00f3kna \u00e1 ranns\u00f3knarstofu<\/strong> og <strong data-start=\"6663\" data-end=\"6720\">ekki hentugt til neyslu manna e\u00f0a d\u00fdra<\/strong>.<\/p>\n<\/blockquote>\n<hr data-start=\"6723\" data-end=\"6726\" \/>\n<h3 data-start=\"6728\" data-end=\"6759\"><strong data-start=\"6732\" data-end=\"6759\">Lykilatri\u00f0i<\/strong><\/h3>\n<ul data-start=\"6761\" data-end=\"7230\">\n<li data-start=\"6761\" data-end=\"6857\">\n<p data-start=\"6763\" data-end=\"6857\"><strong data-start=\"6763\" data-end=\"6783\">Mikil hreinleiki:<\/strong> Greiningarg\u00e6\u00f0i \u226599%, pr\u00f3fa\u00f0 me\u00f0 litskiljun og litr\u00f3fsgreiningu.<\/p>\n<\/li>\n<li data-start=\"6858\" data-end=\"6913\">\n<p data-start=\"6860\" data-end=\"6913\"><strong data-start=\"6860\" data-end=\"6880\">N\u00e1kv\u00e6mur skammtur:<\/strong> Hver pilla inniheldur 130 mg af 6-APB.<\/p>\n<\/li>\n<li data-start=\"6914\" data-end=\"6980\">\n<p data-start=\"6916\" data-end=\"6980\"><strong data-start=\"6916\" data-end=\"6937\">Efnafr\u00e6\u00f0ilega st\u00f6\u00f0ugt:<\/strong> \u00deolir ni\u00f0urbroti vi\u00f0 r\u00e9tta geymslu.<\/p>\n<\/li>\n<li data-start=\"6981\" data-end=\"7058\">\n<p data-start=\"6983\" data-end=\"7058\"><strong data-start=\"6983\" data-end=\"7000\">Pr\u00f3fa\u00f0 \u00ed lotu:<\/strong> Hver lota var sko\u00f0u\u00f0 me\u00f0 tilliti til hreinleika og samr\u00e6mis.<\/p>\n<\/li>\n<li data-start=\"7059\" data-end=\"7137\">\n<p data-start=\"7061\" data-end=\"7137\"><strong data-start=\"7061\" data-end=\"7079\">GLP framlei\u00f0sla:<\/strong> Framleitt samkv\u00e6mt al\u00fej\u00f3\u00f0legum ranns\u00f3knarstofust\u00f6\u00f0lum.<\/p>\n<\/li>\n<li data-start=\"7138\" data-end=\"7230\">\n<p data-start=\"7140\" data-end=\"7230\"><strong data-start=\"7140\" data-end=\"7163\">\u00d6ruggar umb\u00fa\u00f0ir:<\/strong> Loft\u00fe\u00e9ttar og raka\u00feolnar umb\u00fa\u00f0ir fyrir h\u00e1marks geymslu\u00feol.<\/p>\n<\/li>\n<\/ul>\n<hr data-start=\"7232\" data-end=\"7235\" \/>\n<h3 data-start=\"7237\" data-end=\"7254\"><strong data-start=\"7241\" data-end=\"7254\">Kostir<\/strong><\/h3>\n<ol data-start=\"7256\" data-end=\"7666\">\n<li data-start=\"7256\" data-end=\"7345\">\n<p data-start=\"7259\" data-end=\"7345\"><strong data-start=\"7259\" data-end=\"7294\">St\u00f6\u00f0ugar ranns\u00f3knarni\u00f0urst\u00f6\u00f0ur:<\/strong> Mikil hreinleiki tryggir endurtakanleg g\u00f6gn.<\/p>\n<\/li>\n<li data-start=\"7346\" data-end=\"7432\">\n<p data-start=\"7349\" data-end=\"7432\"><strong data-start=\"7349\" data-end=\"7376\">Langt\u00edmast\u00f6\u00f0ugleiki:<\/strong> \u00deolir raka, lj\u00f3s og hitabreytingar.<\/p>\n<\/li>\n<li data-start=\"7433\" data-end=\"7506\">\n<p data-start=\"7436\" data-end=\"7506\"><strong data-start=\"7436\" data-end=\"7458\">\u00d6rugg me\u00f0h\u00f6ndlun:<\/strong> Pelletform l\u00e1gmarkar mengunarh\u00e6ttu.<\/p>\n<\/li>\n<li data-start=\"7507\" data-end=\"7590\">\n<p data-start=\"7510\" data-end=\"7590\"><strong data-start=\"7510\" data-end=\"7538\">Fagleg g\u00e6\u00f0i:<\/strong> Hentar fyrir greiningar- og r\u00e9ttarranns\u00f3knir. Kauptu 6 apb<\/p>\n<\/li>\n<li data-start=\"7591\" data-end=\"7666\">\n<p data-start=\"7594\" data-end=\"7666\"><strong data-start=\"7594\" data-end=\"7612\">Au\u00f0velt \u00ed notkun:<\/strong> Form\u00e6ldar k\u00falur fyrir n\u00e1kv\u00e6mar m\u00e6lingar.<\/p>\n<\/li>\n<\/ol>\n<hr data-start=\"7668\" data-end=\"7671\" \/>\n<h3 data-start=\"7673\" data-end=\"7712\"><strong data-start=\"7677\" data-end=\"7712\">Notkun (eing\u00f6ngu til ranns\u00f3kna)<\/strong><\/h3>\n<ol data-start=\"7714\" data-end=\"8068\">\n<li data-start=\"7714\" data-end=\"7790\">\n<p data-start=\"7717\" data-end=\"7790\"><strong data-start=\"7717\" data-end=\"7747\">Noti\u00f0 hl\u00edf\u00f0arfatna\u00f0<\/strong> (hanskar, ranns\u00f3knarstofusloppur, \u00f6ryggisgleraugu).<\/p>\n<\/li>\n<li data-start=\"7791\" data-end=\"7861\">\n<p data-start=\"7794\" data-end=\"7861\"><strong data-start=\"7794\" data-end=\"7832\">Noti\u00f0 kv\u00f6r\u00f0u\u00f0 t\u00e6ki<\/strong> fyrir n\u00e1kv\u00e6mar m\u00e6lingar.<\/p>\n<\/li>\n<li data-start=\"7862\" data-end=\"7927\">\n<p data-start=\"7865\" data-end=\"7927\"><strong data-start=\"7865\" data-end=\"7903\">Skr\u00e1 uppl\u00fdsingar um lotur og s\u00fdni<\/strong> fyrir rekjanleika.<\/p>\n<\/li>\n<li data-start=\"7928\" data-end=\"7992\">\n<p data-start=\"7931\" data-end=\"7992\"><strong data-start=\"7931\" data-end=\"7955\">Geymi\u00f0 afgangsefni<\/strong> \u00ed vel loku\u00f0u \u00edl\u00e1ti.<\/p>\n<\/li>\n<li data-start=\"7993\" data-end=\"8068\">\n<p data-start=\"7996\" data-end=\"8068\"><strong data-start=\"7996\" data-end=\"8022\">Fjarl\u00e6g\u00f0u \u00fargang<\/strong> \u00ed samr\u00e6mi vi\u00f0 gildandi \u00f6ryggislei\u00f0beiningar.<\/p>\n<\/li>\n<\/ol>\n<blockquote data-start=\"8070\" data-end=\"8147\">\n<p data-start=\"8072\" data-end=\"8147\">\u2697\ufe0f <strong data-start=\"8075\" data-end=\"8147\">Eing\u00f6ngu til ranns\u00f3knarstofupr\u00f3fana \u2013 ekki til manneldis.<\/strong><\/p>\n<\/blockquote>\n<hr data-start=\"8149\" data-end=\"8152\" \/>\n<h3 data-start=\"8154\" data-end=\"8179\"><strong data-start=\"8158\" data-end=\"8179\">Geymslulei\u00f0beiningar<\/strong><\/h3>\n<ul data-start=\"8181\" data-end=\"8356\">\n<li data-start=\"8181\" data-end=\"8223\">\n<p data-start=\"8183\" data-end=\"8223\">Vista \u00e1 <strong data-start=\"8194\" data-end=\"8203\">2\u20138\u00b0C<\/strong>, \u00feurrt og d\u00f6kkt.<\/p>\n<\/li>\n<li data-start=\"8224\" data-end=\"8267\">\n<p data-start=\"8226\" data-end=\"8267\">Geymi\u00f0 umb\u00fa\u00f0irnar <strong data-start=\"8245\" data-end=\"8264\">vel loka\u00f0<\/strong>.<\/p>\n<\/li>\n<li data-start=\"8268\" data-end=\"8313\">\n<p data-start=\"8270\" data-end=\"8313\">Vernda\u00f0u gegn <strong data-start=\"8285\" data-end=\"8310\">lj\u00f3s, raki og hiti<\/strong>.<\/p>\n<\/li>\n<li data-start=\"8314\" data-end=\"8356\">\n<p data-start=\"8316\" data-end=\"8356\">Geymi\u00f0 \u00fear sem \u00f3vi\u00f0komandi a\u00f0ilar n\u00e1 ekki til.<\/p>\n<\/li>\n<\/ul>\n<hr data-start=\"8358\" data-end=\"8361\" \/>\n<h3 data-start=\"8363\" data-end=\"8398\"><strong data-start=\"8367\" data-end=\"8398\">Algengar spurningar (FAQs)<\/strong><\/h3>\n<p data-start=\"8400\" data-end=\"8548\"><strong data-start=\"8400\" data-end=\"8443\">1. Til hvers er 6-APB 130 mg nota\u00f0?<\/strong><br data-start=\"8443\" data-end=\"8446\" \/>Fyrir <strong data-start=\"8451\" data-end=\"8489\">greiningar- og r\u00e9ttarranns\u00f3knir<\/strong> \u00d3\u00fe\u00e6gilegt <strong data-start=\"8495\" data-end=\"8545\">bens\u00f3f\u00faran efnasamb\u00f6nd og vi\u00f0takav\u00edxlverkanir<\/strong>.<\/p>\n<p data-start=\"8550\" data-end=\"8735\"><strong data-start=\"8550\" data-end=\"8597\">2. Er \u00feessi vara neysluh\u00e6f?<\/strong><br data-start=\"8597\" data-end=\"8600\" \/>Nei. <strong data-start=\"8605\" data-end=\"8628\">6-APB 130 mg k\u00falur<\/strong> eru <strong data-start=\"8634\" data-end=\"8684\">eing\u00f6ngu \u00e6tla\u00f0 til ranns\u00f3kna \u00e1 ranns\u00f3knarstofu<\/strong> og <strong data-start=\"8688\" data-end=\"8732\">ekki hentugt til manneldis<\/strong>.<\/p>\n<p data-start=\"8737\" data-end=\"8892\"><strong data-start=\"8737\" data-end=\"8787\">3. Hver er besta lei\u00f0in til a\u00f0 geyma 6-APB k\u00falur?<\/strong><br data-start=\"8787\" data-end=\"8790\" \/>Geymi\u00f0 \u00feau \u00ed <strong data-start=\"8807\" data-end=\"8851\">k\u00f6ldu, \u00feurru og dimmu umhverfi (2\u20138\u00b0C)<\/strong> \u00ed <strong data-start=\"8859\" data-end=\"8889\">vel innsiglu\u00f0 umb\u00fa\u00f0ir<\/strong>.<\/p>\n<hr data-start=\"8894\" data-end=\"8897\" \/>\n<h3 data-start=\"8899\" data-end=\"8916\"><strong data-start=\"8903\" data-end=\"8916\">Ni\u00f0ursta\u00f0a<\/strong><\/h3>\n<p data-start=\"8918\" data-end=\"9204\"><strong data-start=\"8918\" data-end=\"8941\">6-APB 130 mg k\u00falur<\/strong> tilbo\u00f0 <strong data-start=\"8949\" data-end=\"9014\">einstakur hreinleiki, st\u00f6\u00f0ugleiki og endurtekningarh\u00e6fni<\/strong>, \u00fer\u00f3a\u00f0 fyrir faglegar greiningarranns\u00f3knir.<br data-start=\"9067\" data-end=\"9070\" \/>\u00c1rei\u00f0anlegt val fyrir ranns\u00f3knarstofur sem vinna a\u00f0 <strong data-start=\"9124\" data-end=\"9201\">efnagreiningar og byggingarranns\u00f3knir \u00e1 bens\u00f3f\u00faran efnasamb\u00f6ndum<\/strong>.<\/p>\n<p><span style=\"vertical-align: inherit;\"><span style=\"vertical-align: inherit;\">\u00a0<\/span><\/span><a href=\"https:\/\/researchchemicalhub.com\/is\/bud\/lysergamid\/1v-lsd-150-mcg-blotters\/\"><span style=\"vertical-align: inherit;\"><span style=\"vertical-align: inherit;\">1V-LSD 150 MCG \u00feynnur<\/span><\/span><\/a><span style=\"vertical-align: inherit;\"><span style=\"vertical-align: inherit;\">\u00a0<\/span><\/span><a href=\"https:\/\/researchchemicalhub.com\/is\/bud\/katinon\/kaupa-2-cm\/\"><span style=\"vertical-align: inherit;\"><span style=\"vertical-align: inherit;\">2-CMC 250 mg k\u00falur<\/span><\/span><\/a><span style=\"vertical-align: inherit;\"><span style=\"vertical-align: inherit;\">\u00a0<\/span><\/span><a href=\"https:\/\/researchchemicalhub.com\/is\/bud\/naestum-bannad\/bleik-stjornupillur-5-mapb-70-mg-2-fma-20-mg-5-meo-mipt-2-mg\/\"><span style=\"vertical-align: inherit;\"><span style=\"vertical-align: inherit;\">Bleikar stj\u00f6rnuhn\u00fa\u00f0ar 5-MAPB 70 mg \/ 2-FMA 20 mg \/ 5-MeO-MiPT 2 mg <\/span><\/span><\/a><a href=\"https:\/\/researchchemicalhub.com\/is\/bud\/naestum-bannad\/4f-mph-25-mg-pellets\/\"><span style=\"vertical-align: inherit;\"><span style=\"vertical-align: inherit;\">4F-MPH 25 MG k\u00falur<\/span><\/span><\/a><span style=\"vertical-align: inherit;\"><span style=\"vertical-align: inherit;\">\u00a0<\/span><\/span><a href=\"https:\/\/researchchemicalhub.com\/is\/bud\/pellets\/erextc-homosildenafil-100-mg-toflur\/\"><span style=\"vertical-align: inherit;\"><span style=\"vertical-align: inherit;\">EREXTC Homosildenaf\u00edl 100 mg t\u00f6flur<\/span><\/span><\/a><\/p>","protected":false},"excerpt":{"rendered":"<h3><span style=\"vertical-align: inherit;\"><span style=\"vertical-align: inherit;\">6-APB eignir<\/span><\/span><\/h3>\n<p><strong><span style=\"vertical-align: inherit;\"><span style=\"vertical-align: inherit;\">Samheiti<\/span><\/span><\/strong><span style=\"vertical-align: inherit;\"><span style=\"vertical-align: inherit;\"> 6-(2-am\u00edn\u00f3pr\u00f3p\u00fdl)bens\u00f3f\u00faran <\/span><\/span><br \/>\n<strong><span style=\"vertical-align: inherit;\"><span style=\"vertical-align: inherit;\">CAS-n\u00famer:<\/span><\/span><\/strong><span style=\"vertical-align: inherit;\"><span style=\"vertical-align: inherit;\"> 286834-85-3 <\/span><\/span><br \/>\n<strong><span style=\"vertical-align: inherit;\"><span style=\"vertical-align: inherit;\">Form\u00fala<\/span><\/span><\/strong><span style=\"vertical-align: inherit;\"><span style=\"vertical-align: inherit;\"> : <\/span><\/span><span title=\"Kolefni\"><span style=\"vertical-align: inherit;\"><span style=\"vertical-align: inherit;\">C <\/span><\/span><\/span><sub><span style=\"vertical-align: inherit;\"><span style=\"vertical-align: inherit;\">11 <\/span><\/span><\/sub><span title=\"Vetni\"><span style=\"vertical-align: inherit;\"><span style=\"vertical-align: inherit;\">H <\/span><\/span><\/span><sub><span style=\"vertical-align: inherit;\"><span style=\"vertical-align: inherit;\">13 <\/span><\/span><\/sub><span title=\"K\u00f6fnunarefni\"><span style=\"vertical-align: inherit;\"><span style=\"vertical-align: inherit;\">N <\/span><\/span><\/span><span title=\"S\u00farefni\"><span style=\"vertical-align: inherit;\"><span style=\"vertical-align: inherit;\">\u00d3 <\/span><\/span><\/span><br \/>\n<strong><span style=\"vertical-align: inherit;\"><span style=\"vertical-align: inherit;\">M\u00f3lmassi<\/span><\/span><\/strong><span style=\"vertical-align: inherit;\"><span style=\"vertical-align: inherit;\"> : <\/span><\/span><span class=\"nowrap\"><span style=\"vertical-align: inherit;\"><span style=\"vertical-align: inherit;\">175.231<\/span><\/span><\/span><span style=\"vertical-align: inherit;\"><span style=\"vertical-align: inherit;\"> \u00a0g\/m\u00f3l <\/span><\/span><br \/>\n<strong><span style=\"vertical-align: inherit;\"><span style=\"vertical-align: inherit;\">Hreinleiki<\/span><\/span><\/strong><span style=\"vertical-align: inherit;\"><span style=\"vertical-align: inherit;\"> : &gt;98%<\/span><\/span><\/p>","protected":false},"featured_media":28696,"comment_status":"closed","ping_status":"closed","template":"","meta":[],"product_brand":[82],"product_cat":[340,341,339,322,324],"product_tag":[126,326],"class_list":{"0":"post-23992","1":"product","2":"type-product","3":"status-publish","4":"has-post-thumbnail","6":"product_brand-research-chemical","7":"product_cat-6-apb","8":"product_cat-6-apb-pellets","9":"product_cat-benzofuran","10":"product_cat-bijna-verboden","11":"product_cat-pellets-for-pellet","12":"product_tag-6-apb-kopen","13":"product_tag-nl","15":"first","16":"instock","17":"taxable","18":"shipping-taxable","19":"purchasable","20":"product-type-variable"},"_links":{"self":[{"href":"https:\/\/researchchemicalhub.com\/is\/wp-json\/wp\/v2\/product\/23992","targetHints":{"allow":["GET"]}}],"collection":[{"href":"https:\/\/researchchemicalhub.com\/is\/wp-json\/wp\/v2\/product"}],"about":[{"href":"https:\/\/researchchemicalhub.com\/is\/wp-json\/wp\/v2\/types\/product"}],"replies":[{"embeddable":true,"href":"https:\/\/researchchemicalhub.com\/is\/wp-json\/wp\/v2\/comments?post=23992"}],"version-history":[{"count":6,"href":"https:\/\/researchchemicalhub.com\/is\/wp-json\/wp\/v2\/product\/23992\/revisions"}],"predecessor-version":[{"id":27907,"href":"https:\/\/researchchemicalhub.com\/is\/wp-json\/wp\/v2\/product\/23992\/revisions\/27907"}],"wp:featuredmedia":[{"embeddable":true,"href":"https:\/\/researchchemicalhub.com\/is\/wp-json\/wp\/v2\/media\/28696"}],"wp:attachment":[{"href":"https:\/\/researchchemicalhub.com\/is\/wp-json\/wp\/v2\/media?parent=23992"}],"wp:term":[{"taxonomy":"product_brand","embeddable":true,"href":"https:\/\/researchchemicalhub.com\/is\/wp-json\/wp\/v2\/product_brand?post=23992"},{"taxonomy":"product_cat","embeddable":true,"href":"https:\/\/researchchemicalhub.com\/is\/wp-json\/wp\/v2\/product_cat?post=23992"},{"taxonomy":"product_tag","embeddable":true,"href":"https:\/\/researchchemicalhub.com\/is\/wp-json\/wp\/v2\/product_tag?post=23992"}],"curies":[{"name":"wp","href":"https:\/\/api.w.org\/{rel}","templated":true}]}}