{"id":23940,"date":"2025-04-13T17:40:44","date_gmt":"2025-04-13T17:40:44","guid":{"rendered":"https:\/\/researchchemicalhub.com\/?post_type=product&#038;p=23940"},"modified":"2025-10-30T07:48:59","modified_gmt":"2025-10-30T07:48:59","slug":"bleik-mandala","status":"publish","type":"product","link":"https:\/\/researchchemicalhub.com\/is\/bud\/5-meo-dyft\/bleik-mandala\/","title":{"rendered":"Bleik Mandala"},"content":{"rendered":"<h3 data-start=\"5203\" data-end=\"5222\"><strong data-start=\"5207\" data-end=\"5222\"><span dir=\"auto\" style=\"vertical-align: inherit;\"><span dir=\"auto\" style=\"vertical-align: inherit;\">Inngangur<\/span><\/span><\/strong><\/h3>\n<p data-start=\"5224\" data-end=\"5466\"><span dir=\"auto\" style=\"vertical-align: inherit;\"><span dir=\"auto\" style=\"vertical-align: inherit;\">Hinn <\/span><\/span><strong data-start=\"5227\" data-end=\"5243\"><span dir=\"auto\" style=\"vertical-align: inherit;\"><span dir=\"auto\" style=\"vertical-align: inherit;\">Bleik Mandala<\/span><\/span><\/strong><span dir=\"auto\" style=\"vertical-align: inherit;\"><span dir=\"auto\" style=\"vertical-align: inherit;\"> er <\/span><\/span><strong data-start=\"5251\" data-end=\"5314\"><span dir=\"auto\" style=\"vertical-align: inherit;\"><span dir=\"auto\" style=\"vertical-align: inherit;\">t\u00edmalaust t\u00e1kn um \u00e1st, bl\u00ed\u00f0u og innra jafnv\u00e6gi<\/span><\/span><\/strong><span dir=\"auto\" style=\"vertical-align: inherit;\"><span dir=\"auto\" style=\"vertical-align: inherit;\"> . <\/span><\/span><br data-start=\"5315\" data-end=\"5318\" \/><span dir=\"auto\" style=\"vertical-align: inherit;\"><span dir=\"auto\" style=\"vertical-align: inherit;\">Mandalur eru r\u00famfr\u00e6\u00f0ileg mynstur sem \u00ed m\u00f6rgum andlegum hef\u00f0um t\u00e1kna <\/span><\/span><strong data-start=\"5398\" data-end=\"5433\"><span dir=\"auto\" style=\"vertical-align: inherit;\"><span dir=\"auto\" style=\"vertical-align: inherit;\">eining, s\u00e1tt og tengsl<\/span><\/span><\/strong><span dir=\"auto\" style=\"vertical-align: inherit;\"><span dir=\"auto\" style=\"vertical-align: inherit;\"> milli l\u00edkama, hugar og s\u00e1lar.<\/span><\/span><\/p>\n<p data-start=\"5468\" data-end=\"5787\"><span dir=\"auto\" style=\"vertical-align: inherit;\"><span dir=\"auto\" style=\"vertical-align: inherit;\">Hinn <\/span><\/span><strong data-start=\"5471\" data-end=\"5485\"><span dir=\"auto\" style=\"vertical-align: inherit;\"><span dir=\"auto\" style=\"vertical-align: inherit;\">bleikur litur<\/span><\/span><\/strong><span dir=\"auto\" style=\"vertical-align: inherit;\"><span dir=\"auto\" style=\"vertical-align: inherit;\"> t\u00e1knar <\/span><\/span><strong data-start=\"5499\" data-end=\"5540\"><span dir=\"auto\" style=\"vertical-align: inherit;\"><span dir=\"auto\" style=\"vertical-align: inherit;\">\u00e1st, hl\u00fdja og kvenleg orka<\/span><\/span><\/strong><span dir=\"auto\" style=\"vertical-align: inherit;\"><span dir=\"auto\" style=\"vertical-align: inherit;\"> , sem gerir \u00feessa mandala fullkomna fyrir r\u00fdmi sem eru tileinku\u00f0 <\/span><\/span><strong data-start=\"5608\" data-end=\"5639\"><span dir=\"auto\" style=\"vertical-align: inherit;\"><span dir=\"auto\" style=\"vertical-align: inherit;\">l\u00e6kning, r\u00f3 og n\u00favitund<\/span><\/span><\/strong><span dir=\"auto\" style=\"vertical-align: inherit;\"><span dir=\"auto\" style=\"vertical-align: inherit;\"> . <\/span><\/span><br data-start=\"5640\" data-end=\"5643\" \/><span dir=\"auto\" style=\"vertical-align: inherit;\"><span dir=\"auto\" style=\"vertical-align: inherit;\">Hvort sem \u00fea\u00f0 er nota\u00f0 \u00ed huglei\u00f0slu, j\u00f3ga e\u00f0a sem skraut, \u00fe\u00e1 f\u00e6rir bleika mandala fri\u00f0, fegur\u00f0 og s\u00e1tt \u00ed hva\u00f0a umhverfi sem er.<\/span><\/span><\/p>\n<hr data-start=\"5789\" data-end=\"5792\" \/>\n<h3 data-start=\"5794\" data-end=\"5825\"><strong data-start=\"5798\" data-end=\"5825\"><span dir=\"auto\" style=\"vertical-align: inherit;\"><span dir=\"auto\" style=\"vertical-align: inherit;\">Lykilatri\u00f0i<\/span><\/span><\/strong><\/h3>\n<ul data-start=\"5827\" data-end=\"6331\">\n<li data-start=\"5827\" data-end=\"5924\">\n<p data-start=\"5829\" data-end=\"5924\"><strong data-start=\"5829\" data-end=\"5849\"><span dir=\"auto\" style=\"vertical-align: inherit;\"><span dir=\"auto\" style=\"vertical-align: inherit;\">Dj\u00fap t\u00e1knfr\u00e6\u00f0i:<\/span><\/span><\/strong><span dir=\"auto\" style=\"vertical-align: inherit;\"><span dir=\"auto\" style=\"vertical-align: inherit;\"> T\u00e1knar skilyr\u00f0islausa \u00e1st, sj\u00e1lfsvitund og innri fri\u00f0.<\/span><\/span><\/p>\n<\/li>\n<li data-start=\"5925\" data-end=\"6008\">\n<p data-start=\"5927\" data-end=\"6008\"><strong data-start=\"5927\" data-end=\"5951\"><span dir=\"auto\" style=\"vertical-align: inherit;\"><span dir=\"auto\" style=\"vertical-align: inherit;\">Gl\u00e6sileg h\u00f6nnun:<\/span><\/span><\/strong><span dir=\"auto\" style=\"vertical-align: inherit;\"><span dir=\"auto\" style=\"vertical-align: inherit;\"> N\u00e1kv\u00e6m mynstur sem geisla af r\u00f3 og jafnv\u00e6gi.<\/span><\/span><\/p>\n<\/li>\n<li data-start=\"6009\" data-end=\"6077\">\n<p data-start=\"6011\" data-end=\"6077\"><strong data-start=\"6011\" data-end=\"6030\"><span dir=\"auto\" style=\"vertical-align: inherit;\"><span dir=\"auto\" style=\"vertical-align: inherit;\">H\u00e1g\u00e6\u00f0a:<\/span><\/span><\/strong><span dir=\"auto\" style=\"vertical-align: inherit;\"><span dir=\"auto\" style=\"vertical-align: inherit;\"> \u00dar endingarg\u00f3\u00f0um, lit\u00feolnum efnum.<\/span><\/span><\/p>\n<\/li>\n<li data-start=\"6078\" data-end=\"6169\">\n<p data-start=\"6080\" data-end=\"6169\"><strong data-start=\"6080\" data-end=\"6103\"><span dir=\"auto\" style=\"vertical-align: inherit;\"><span dir=\"auto\" style=\"vertical-align: inherit;\">Fj\u00f6lh\u00e6f notkun:<\/span><\/span><\/strong><span dir=\"auto\" style=\"vertical-align: inherit;\"><span dir=\"auto\" style=\"vertical-align: inherit;\"> Hentar fyrir <\/span><\/span><strong data-start=\"6118\" data-end=\"6166\"><span dir=\"auto\" style=\"vertical-align: inherit;\"><span dir=\"auto\" style=\"vertical-align: inherit;\">stofur, j\u00f3gast\u00fad\u00ed\u00f3 e\u00f0a huglei\u00f0sluhorn<\/span><\/span><\/strong><span dir=\"auto\" style=\"vertical-align: inherit;\"><span dir=\"auto\" style=\"vertical-align: inherit;\"> .<\/span><\/span><\/p>\n<\/li>\n<li data-start=\"6170\" data-end=\"6254\">\n<p data-start=\"6172\" data-end=\"6254\"><strong data-start=\"6172\" data-end=\"6195\"><span dir=\"auto\" style=\"vertical-align: inherit;\"><span dir=\"auto\" style=\"vertical-align: inherit;\">Sj\u00e1lfb\u00e6r framlei\u00f0sla:<\/span><\/span><\/strong><span dir=\"auto\" style=\"vertical-align: inherit;\"><span dir=\"auto\" style=\"vertical-align: inherit;\"> B\u00fai\u00f0 til \u00far umhverfisv\u00e6num, eiturefnalausum efnum.<\/span><\/span><\/p>\n<\/li>\n<li data-start=\"6255\" data-end=\"6331\">\n<p data-start=\"6257\" data-end=\"6331\"><strong data-start=\"6257\" data-end=\"6285\"><span dir=\"auto\" style=\"vertical-align: inherit;\"><span dir=\"auto\" style=\"vertical-align: inherit;\">Handsm\u00ed\u00f0a\u00f0:<\/span><\/span><\/strong><span dir=\"auto\" style=\"vertical-align: inherit;\"><span dir=\"auto\" style=\"vertical-align: inherit;\"> Vandlega hanna\u00f0 fyrir fullkomna samhverfu.<\/span><\/span><\/p>\n<\/li>\n<\/ul>\n<hr data-start=\"6333\" data-end=\"6336\" \/>\n<h3 data-start=\"6338\" data-end=\"6355\"><strong data-start=\"6342\" data-end=\"6355\"><span dir=\"auto\" style=\"vertical-align: inherit;\"><span dir=\"auto\" style=\"vertical-align: inherit;\">Kostir<\/span><\/span><\/strong><\/h3>\n<ol data-start=\"6357\" data-end=\"6779\">\n<li data-start=\"6357\" data-end=\"6443\">\n<p data-start=\"6360\" data-end=\"6443\"><strong data-start=\"6360\" data-end=\"6390\"><span dir=\"auto\" style=\"vertical-align: inherit;\"><span dir=\"auto\" style=\"vertical-align: inherit;\">Stu\u00f0lar a\u00f0 tilfinningalegri r\u00f3:<\/span><\/span><\/strong><span dir=\"auto\" style=\"vertical-align: inherit;\"><span dir=\"auto\" style=\"vertical-align: inherit;\"> Bleiki liturinn f\u00e6rir s\u00e1tt og innri r\u00f3.<\/span><\/span><\/p>\n<\/li>\n<li data-start=\"6444\" data-end=\"6527\">\n<p data-start=\"6447\" data-end=\"6527\"><strong data-start=\"6447\" data-end=\"6475\"><span dir=\"auto\" style=\"vertical-align: inherit;\"><span dir=\"auto\" style=\"vertical-align: inherit;\">Sty\u00f0ur vi\u00f0 n\u00favitund:<\/span><\/span><\/strong><span dir=\"auto\" style=\"vertical-align: inherit;\"><span dir=\"auto\" style=\"vertical-align: inherit;\"> Hj\u00e1lpar vi\u00f0 einbeitingu \u00ed huglei\u00f0slu og j\u00f3ga.<\/span><\/span><\/p>\n<\/li>\n<li data-start=\"6528\" data-end=\"6614\">\n<p data-start=\"6531\" data-end=\"6614\"><strong data-start=\"6531\" data-end=\"6554\"><span dir=\"auto\" style=\"vertical-align: inherit;\"><span dir=\"auto\" style=\"vertical-align: inherit;\">Sj\u00f3nr\u00e6n fegur\u00f0:<\/span><\/span><\/strong><span dir=\"auto\" style=\"vertical-align: inherit;\"><span dir=\"auto\" style=\"vertical-align: inherit;\"> Gefur hva\u00f0a herbergi sem er gl\u00e6silegt og andlegt yfirbrag\u00f0.<\/span><\/span><\/p>\n<\/li>\n<li data-start=\"6615\" data-end=\"6701\">\n<p data-start=\"6618\" data-end=\"6701\"><strong data-start=\"6618\" data-end=\"6643\"><span dir=\"auto\" style=\"vertical-align: inherit;\"><span dir=\"auto\" style=\"vertical-align: inherit;\">\u00d6rvar samkennd:<\/span><\/span><\/strong><span dir=\"auto\" style=\"vertical-align: inherit;\"><span dir=\"auto\" style=\"vertical-align: inherit;\"> Minnir \u00e1 \u00e1st, g\u00f3\u00f0vild og tengsl.<\/span><\/span><\/p>\n<\/li>\n<li data-start=\"6702\" data-end=\"6779\">\n<p data-start=\"6705\" data-end=\"6779\"><strong data-start=\"6705\" data-end=\"6736\"><span dir=\"auto\" style=\"vertical-align: inherit;\"><span dir=\"auto\" style=\"vertical-align: inherit;\">Eykur j\u00e1kv\u00e6\u00f0a orku:<\/span><\/span><\/strong><span dir=\"auto\" style=\"vertical-align: inherit;\"><span dir=\"auto\" style=\"vertical-align: inherit;\"> Skapar r\u00f3legt og fri\u00f0s\u00e6lt andr\u00famsloft.<\/span><\/span><\/p>\n<\/li>\n<\/ol>\n<hr data-start=\"6781\" data-end=\"6784\" \/>\n<h3 data-start=\"6786\" data-end=\"6801\"><strong data-start=\"6790\" data-end=\"6801\"><span dir=\"auto\" style=\"vertical-align: inherit;\"><span dir=\"auto\" style=\"vertical-align: inherit;\">Notkun<\/span><\/span><\/strong><\/h3>\n<ol data-start=\"6803\" data-end=\"7125\">\n<li data-start=\"6803\" data-end=\"6884\">\n<p data-start=\"6806\" data-end=\"6884\"><strong data-start=\"6806\" data-end=\"6825\"><span dir=\"auto\" style=\"vertical-align: inherit;\"><span dir=\"auto\" style=\"vertical-align: inherit;\">Fyrir huglei\u00f0slu:<\/span><\/span><\/strong><span dir=\"auto\" style=\"vertical-align: inherit;\"><span dir=\"auto\" style=\"vertical-align: inherit;\"> Nota\u00f0u mandala sem einbeitingarpunkt fyrir innri \u00fe\u00f6gn.<\/span><\/span><\/p>\n<\/li>\n<li data-start=\"6885\" data-end=\"6968\">\n<p data-start=\"6888\" data-end=\"6968\"><strong data-start=\"6888\" data-end=\"6907\"><span dir=\"auto\" style=\"vertical-align: inherit;\"><span dir=\"auto\" style=\"vertical-align: inherit;\">Til skreytingar:<\/span><\/span><\/strong><span dir=\"auto\" style=\"vertical-align: inherit;\"><span dir=\"auto\" style=\"vertical-align: inherit;\"> Hengdu \u00fea\u00f0 upp \u00ed herbergi til a\u00f0 f\u00e6ra fri\u00f0 og fegur\u00f0.<\/span><\/span><\/p>\n<\/li>\n<li data-start=\"6969\" data-end=\"7043\">\n<p data-start=\"6972\" data-end=\"7043\"><strong data-start=\"6972\" data-end=\"7003\"><span dir=\"auto\" style=\"vertical-align: inherit;\"><span dir=\"auto\" style=\"vertical-align: inherit;\">Fyrir andlega i\u00f0kun:<\/span><\/span><\/strong><span dir=\"auto\" style=\"vertical-align: inherit;\"><span dir=\"auto\" style=\"vertical-align: inherit;\"> Nota\u00f0u \u00fea\u00f0 \u00ed b\u00e6n e\u00f0a orkuvinnu.<\/span><\/span><\/p>\n<\/li>\n<li data-start=\"7044\" data-end=\"7125\">\n<p data-start=\"7047\" data-end=\"7125\"><strong data-start=\"7047\" data-end=\"7061\"><span dir=\"auto\" style=\"vertical-align: inherit;\"><span dir=\"auto\" style=\"vertical-align: inherit;\">Fyrir j\u00f3ga:<\/span><\/span><\/strong><span dir=\"auto\" style=\"vertical-align: inherit;\"><span dir=\"auto\" style=\"vertical-align: inherit;\"> Settu \u00fea\u00f0 upp \u00ed vinnustofunni \u00feinni til a\u00f0 skapa innbl\u00e1sandi andr\u00famsloft.<\/span><\/span><\/p>\n<\/li>\n<\/ol>\n<blockquote data-start=\"7127\" data-end=\"7221\">\n<p data-start=\"7129\" data-end=\"7221\">\ud83c\udf38 <strong data-start=\"7132\" data-end=\"7140\"><span dir=\"auto\" style=\"vertical-align: inherit;\"><span dir=\"auto\" style=\"vertical-align: inherit;\">\u00c1bending:<\/span><\/span><\/strong><span dir=\"auto\" style=\"vertical-align: inherit;\"><span dir=\"auto\" style=\"vertical-align: inherit;\"> Sameina\u00f0u bleika mandaluna me\u00f0 mj\u00fakri l\u00fdsingu e\u00f0a ilmkertum fyrir aukna r\u00f3.<\/span><\/span><\/p>\n<\/blockquote>\n<hr data-start=\"7223\" data-end=\"7226\" \/>\n<h3 data-start=\"7228\" data-end=\"7263\"><strong data-start=\"7232\" data-end=\"7263\"><span dir=\"auto\" style=\"vertical-align: inherit;\"><span dir=\"auto\" style=\"vertical-align: inherit;\">Algengar spurningar (FAQs)<\/span><\/span><\/strong><\/h3>\n<p data-start=\"7265\" data-end=\"7409\"><strong data-start=\"7265\" data-end=\"7305\"><span dir=\"auto\" style=\"vertical-align: inherit;\"><span dir=\"auto\" style=\"vertical-align: inherit;\">1. Hva\u00f0 t\u00e1knar bleika mandalan?<\/span><\/span><\/strong><br data-start=\"7305\" data-end=\"7308\" \/><span dir=\"auto\" style=\"vertical-align: inherit;\"><span dir=\"auto\" style=\"vertical-align: inherit;\"> Bleika mandala t\u00e1knar <\/span><\/span><strong data-start=\"7335\" data-end=\"7366\"><span dir=\"auto\" style=\"vertical-align: inherit;\"><span dir=\"auto\" style=\"vertical-align: inherit;\">\u00e1st, sam\u00fa\u00f0 og jafnv\u00e6gi<\/span><\/span><\/strong><span dir=\"auto\" style=\"vertical-align: inherit;\"><span dir=\"auto\" style=\"vertical-align: inherit;\"> , og er tengdur vi\u00f0 <\/span><\/span><strong data-start=\"7392\" data-end=\"7406\"><span dir=\"auto\" style=\"vertical-align: inherit;\"><span dir=\"auto\" style=\"vertical-align: inherit;\">hjartachakra<\/span><\/span><\/strong><span dir=\"auto\" style=\"vertical-align: inherit;\"><span dir=\"auto\" style=\"vertical-align: inherit;\"> .<\/span><\/span><\/p>\n<p data-start=\"7411\" data-end=\"7573\"><strong data-start=\"7411\" data-end=\"7457\"><span dir=\"auto\" style=\"vertical-align: inherit;\"><span dir=\"auto\" style=\"vertical-align: inherit;\">2. Hvar get \u00e9g hengt bleika mand\u00f6luna m\u00edna?<\/span><\/span><\/strong><br data-start=\"7457\" data-end=\"7460\" \/><span dir=\"auto\" style=\"vertical-align: inherit;\"><span dir=\"auto\" style=\"vertical-align: inherit;\"> \u00cd <\/span><\/span><strong data-start=\"7463\" data-end=\"7523\"><span dir=\"auto\" style=\"vertical-align: inherit;\"><span dir=\"auto\" style=\"vertical-align: inherit;\">stofur, j\u00f3gast\u00fad\u00ed\u00f3, huglei\u00f0sluhorn e\u00f0a svefnherbergi<\/span><\/span><\/strong><span dir=\"auto\" style=\"vertical-align: inherit;\"><span dir=\"auto\" style=\"vertical-align: inherit;\"> \u2014hvers sta\u00f0ar \u00fear sem \u00fe\u00fa vilt skapa fri\u00f0 og s\u00e1tt.<\/span><\/span><\/p>\n<p data-start=\"7575\" data-end=\"7697\"><strong data-start=\"7575\" data-end=\"7612\"><span dir=\"auto\" style=\"vertical-align: inherit;\"><span dir=\"auto\" style=\"vertical-align: inherit;\">3. Hvernig annast \u00e9g mandala mitt?<\/span><\/span><\/strong><br data-start=\"7612\" data-end=\"7615\" \/><span dir=\"auto\" style=\"vertical-align: inherit;\"><span dir=\"auto\" style=\"vertical-align: inherit;\"> For\u00f0ist beint s\u00f3larlj\u00f3s og raka. \u00der\u00edfi\u00f0 varlega me\u00f0 mj\u00fakum, \u00feurrum kl\u00fat.<\/span><\/span><\/p>\n<hr data-start=\"7699\" data-end=\"7702\" \/>\n<h3 data-start=\"7704\" data-end=\"7736\"><strong data-start=\"7708\" data-end=\"7736\"><span dir=\"auto\" style=\"vertical-align: inherit;\"><span dir=\"auto\" style=\"vertical-align: inherit;\">T\u00e6knilegar uppl\u00fdsingar<\/span><\/span><\/strong><\/h3>\n<div class=\"_tableContainer_1rjym_1\">\n<div class=\"group _tableWrapper_1rjym_13 flex w-fit flex-col-reverse\" tabindex=\"-1\">\n<table class=\"w-fit min-w-(--thread-content-width)\" data-start=\"7738\" data-end=\"8191\">\n<thead data-start=\"7738\" data-end=\"7772\">\n<tr data-start=\"7738\" data-end=\"7772\">\n<th data-start=\"7738\" data-end=\"7757\" data-col-size=\"sm\"><strong data-start=\"7740\" data-end=\"7756\"><span dir=\"auto\" style=\"vertical-align: inherit;\"><span dir=\"auto\" style=\"vertical-align: inherit;\">Uppl\u00fdsingar<\/span><\/span><\/strong><\/th>\n<th data-start=\"7757\" data-end=\"7772\" data-col-size=\"md\"><strong data-start=\"7759\" data-end=\"7770\"><span dir=\"auto\" style=\"vertical-align: inherit;\"><span dir=\"auto\" style=\"vertical-align: inherit;\">N\u00e1nari uppl\u00fdsingar<\/span><\/span><\/strong><\/th>\n<\/tr>\n<\/thead>\n<tbody data-start=\"7809\" data-end=\"8191\">\n<tr data-start=\"7809\" data-end=\"7843\">\n<td data-start=\"7809\" data-end=\"7827\" data-col-size=\"sm\"><strong data-start=\"7811\" data-end=\"7826\"><span dir=\"auto\" style=\"vertical-align: inherit;\"><span dir=\"auto\" style=\"vertical-align: inherit;\">V\u00f6ruheiti<\/span><\/span><\/strong><\/td>\n<td data-start=\"7827\" data-end=\"7843\" data-col-size=\"md\"><span dir=\"auto\" style=\"vertical-align: inherit;\"><span dir=\"auto\" style=\"vertical-align: inherit;\">Bleik Mandala<\/span><\/span><\/td>\n<\/tr>\n<tr data-start=\"7844\" data-end=\"7873\">\n<td data-start=\"7844\" data-end=\"7865\" data-col-size=\"sm\"><strong data-start=\"7846\" data-end=\"7864\"><span dir=\"auto\" style=\"vertical-align: inherit;\"><span dir=\"auto\" style=\"vertical-align: inherit;\">A\u00f0allitur<\/span><\/span><\/strong><\/td>\n<td data-start=\"7865\" data-end=\"7873\" data-col-size=\"md\"><span dir=\"auto\" style=\"vertical-align: inherit;\"><span dir=\"auto\" style=\"vertical-align: inherit;\">Bleikur<\/span><\/span><\/td>\n<\/tr>\n<tr data-start=\"7874\" data-end=\"7919\">\n<td data-start=\"7874\" data-end=\"7890\" data-col-size=\"sm\"><strong data-start=\"7876\" data-end=\"7889\"><span dir=\"auto\" style=\"vertical-align: inherit;\"><span dir=\"auto\" style=\"vertical-align: inherit;\">T\u00e1knfr\u00e6\u00f0i<\/span><\/span><\/strong><\/td>\n<td data-start=\"7890\" data-end=\"7919\" data-col-size=\"md\"><span dir=\"auto\" style=\"vertical-align: inherit;\"><span dir=\"auto\" style=\"vertical-align: inherit;\">K\u00e6rleikur, sam\u00fa\u00f0, jafnv\u00e6gi<\/span><\/span><\/td>\n<\/tr>\n<tr data-start=\"7920\" data-end=\"7969\">\n<td data-start=\"7920\" data-end=\"7936\" data-col-size=\"sm\"><strong data-start=\"7922\" data-end=\"7935\"><span dir=\"auto\" style=\"vertical-align: inherit;\"><span dir=\"auto\" style=\"vertical-align: inherit;\">Efni<\/span><\/span><\/strong><\/td>\n<td data-start=\"7936\" data-end=\"7969\" data-col-size=\"md\"><span dir=\"auto\" style=\"vertical-align: inherit;\"><span dir=\"auto\" style=\"vertical-align: inherit;\">Striga \/ Vi\u00f0ur \/ Sj\u00e1lfb\u00e6rt efni<\/span><\/span><\/td>\n<\/tr>\n<tr data-start=\"7970\" data-end=\"8012\">\n<td data-start=\"7970\" data-end=\"7986\" data-col-size=\"sm\"><strong data-start=\"7972\" data-end=\"7985\"><span dir=\"auto\" style=\"vertical-align: inherit;\"><span dir=\"auto\" style=\"vertical-align: inherit;\">Fr\u00e1gangur<\/span><\/span><\/strong><\/td>\n<td data-start=\"7986\" data-end=\"8012\" data-col-size=\"md\"><span dir=\"auto\" style=\"vertical-align: inherit;\"><span dir=\"auto\" style=\"vertical-align: inherit;\">Handgert e\u00f0a prenta\u00f0<\/span><\/span><\/td>\n<\/tr>\n<tr data-start=\"8013\" data-end=\"8064\">\n<td data-start=\"8013\" data-end=\"8024\" data-col-size=\"sm\"><strong data-start=\"8015\" data-end=\"8023\"><span dir=\"auto\" style=\"vertical-align: inherit;\"><span dir=\"auto\" style=\"vertical-align: inherit;\">Ey\u00f0ubla\u00f0<\/span><\/span><\/strong><\/td>\n<td data-start=\"8024\" data-end=\"8064\" data-col-size=\"md\"><span dir=\"auto\" style=\"vertical-align: inherit;\"><span dir=\"auto\" style=\"vertical-align: inherit;\">Hringlaga h\u00f6nnun me\u00f0 r\u00famfr\u00e6\u00f0ilegu mynstri<\/span><\/span><\/td>\n<\/tr>\n<tr data-start=\"8065\" data-end=\"8125\">\n<td data-start=\"8065\" data-end=\"8079\" data-col-size=\"sm\"><strong data-start=\"8067\" data-end=\"8078\"><span dir=\"auto\" style=\"vertical-align: inherit;\"><span dir=\"auto\" style=\"vertical-align: inherit;\">Notkun<\/span><\/span><\/strong><\/td>\n<td data-start=\"8079\" data-end=\"8125\" data-col-size=\"md\"><span dir=\"auto\" style=\"vertical-align: inherit;\"><span dir=\"auto\" style=\"vertical-align: inherit;\">Skreytingar \/ Huglei\u00f0sla \/ J\u00f3ga \/ N\u00favitund<\/span><\/span><\/td>\n<\/tr>\n<tr data-start=\"8126\" data-end=\"8191\">\n<td data-start=\"8126\" data-end=\"8142\" data-col-size=\"sm\"><strong data-start=\"8128\" data-end=\"8141\"><span dir=\"auto\" style=\"vertical-align: inherit;\"><span dir=\"auto\" style=\"vertical-align: inherit;\">Vi\u00f0hald<\/span><\/span><\/strong><\/td>\n<td data-start=\"8142\" data-end=\"8191\" data-col-size=\"md\"><span dir=\"auto\" style=\"vertical-align: inherit;\"><span dir=\"auto\" style=\"vertical-align: inherit;\">\u00der\u00edfi\u00f0 me\u00f0 mj\u00fakum kl\u00fat, haldi\u00f0 fr\u00e1 s\u00f3larlj\u00f3si<\/span><\/span><\/td>\n<\/tr>\n<\/tbody>\n<\/table>\n<\/div>\n<\/div>\n<hr data-start=\"8193\" data-end=\"8196\" \/>\n<h3 data-start=\"8198\" data-end=\"8215\"><strong data-start=\"8202\" data-end=\"8215\"><span dir=\"auto\" style=\"vertical-align: inherit;\"><span dir=\"auto\" style=\"vertical-align: inherit;\">Ni\u00f0ursta\u00f0a<\/span><\/span><\/strong><\/h3>\n<p data-start=\"8217\" data-end=\"8432\"><span dir=\"auto\" style=\"vertical-align: inherit;\"><span dir=\"auto\" style=\"vertical-align: inherit;\">Hinn <\/span><\/span><strong data-start=\"8220\" data-end=\"8236\"><span dir=\"auto\" style=\"vertical-align: inherit;\"><span dir=\"auto\" style=\"vertical-align: inherit;\">Bleik Mandala<\/span><\/span><\/strong><span dir=\"auto\" style=\"vertical-align: inherit;\"><span dir=\"auto\" style=\"vertical-align: inherit;\"> er meira en listaverk \u2014 \u00fea\u00f0 er <\/span><\/span><strong data-start=\"8276\" data-end=\"8325\"><span dir=\"auto\" style=\"vertical-align: inherit;\"><span dir=\"auto\" style=\"vertical-align: inherit;\">t\u00e1kn um \u00e1st, r\u00f3 og andlegt jafnv\u00e6gi<\/span><\/span><\/strong><span dir=\"auto\" style=\"vertical-align: inherit;\"><span dir=\"auto\" style=\"vertical-align: inherit;\"> . <\/span><\/span><br data-start=\"8326\" data-end=\"8329\" \/><span dir=\"auto\" style=\"vertical-align: inherit;\"><span dir=\"auto\" style=\"vertical-align: inherit;\">Mj\u00fakir litir \u00feess og samr\u00e6md form f\u00e6ra <\/span><\/span><strong data-start=\"8379\" data-end=\"8414\"><span dir=\"auto\" style=\"vertical-align: inherit;\"><span dir=\"auto\" style=\"vertical-align: inherit;\">j\u00e1kv\u00e6\u00f0 orka og r\u00f3semi<\/span><\/span><\/strong><span dir=\"auto\" style=\"vertical-align: inherit;\"><span dir=\"auto\" style=\"vertical-align: inherit;\"> \u00ed hva\u00f0a herbergi sem er.<\/span><\/span><\/p>","protected":false},"excerpt":{"rendered":"<h2><strong><span style=\"vertical-align: inherit;\"><span style=\"vertical-align: inherit;\"><span dir=\"auto\" style=\"vertical-align: inherit;\"><span dir=\"auto\" style=\"vertical-align: inherit;\"><span dir=\"auto\" style=\"vertical-align: inherit;\"><span dir=\"auto\" style=\"vertical-align: inherit;\">Pink Mandala 5-MeO-MiPT og 5-MeO-DiPT <\/span><\/span><\/span><\/span><\/span><\/span><\/strong><br \/>\n<em><span style=\"vertical-align: inherit;\"><span style=\"vertical-align: inherit;\"><span dir=\"auto\" style=\"vertical-align: inherit;\"><span dir=\"auto\" style=\"vertical-align: inherit;\"><span dir=\"auto\" style=\"vertical-align: inherit;\"><span dir=\"auto\" style=\"vertical-align: inherit;\">Mj\u00f6g hentugt \u00ed kynl\u00edfsst\u00edl!<\/span><\/span><\/span><\/span><\/span><\/span><\/em><\/h2>\n<p><strong><span style=\"vertical-align: inherit;\"><span style=\"vertical-align: inherit;\"><span dir=\"auto\" style=\"vertical-align: inherit;\"><span dir=\"auto\" style=\"vertical-align: inherit;\"><span dir=\"auto\" style=\"vertical-align: inherit;\"><span dir=\"auto\" style=\"vertical-align: inherit;\">Bleiku Mandala blandan inniheldur n\u00e6gilega margar ranns\u00f3knir fyrir einn einstakling. Byrja\u00f0u alltaf ranns\u00f3knina me\u00f0 fj\u00f3r\u00f0ungs e\u00f0a h\u00e1lfri t\u00fapu og leita\u00f0u a\u00f0 besta skammtinum fyrir ranns\u00f3knina \u00fe\u00edna!<\/span><\/span><\/span><\/span><\/span><\/span><\/strong><\/p>\n<p><span style=\"vertical-align: inherit;\"><span style=\"vertical-align: inherit;\"><span dir=\"auto\" style=\"vertical-align: inherit;\"><span dir=\"auto\" style=\"vertical-align: inherit;\"><span dir=\"auto\" style=\"vertical-align: inherit;\"><span dir=\"auto\" style=\"vertical-align: inherit;\">Vi\u00f0 b\u00e6tum EKKI neinum ilm- e\u00f0a brag\u00f0efnum vi\u00f0 Mandala-bl\u00f6ndurnar okkar til a\u00f0 koma \u00ed veg fyrir a\u00f0 \u00feri\u00f0ju a\u00f0ilar (b\u00f6rn, g\u00e6lud\u00fdr) rugli \u00feeim saman vi\u00f0 neysluv\u00f6rur!<\/span><\/span><\/span><\/span><\/span><\/span><\/p>","protected":false},"featured_media":28587,"comment_status":"closed","ping_status":"closed","template":"","meta":[],"product_brand":[],"product_cat":[487,436,396,486,398,381],"product_tag":[326,1102],"class_list":{"0":"post-23940","1":"product","2":"type-product","3":"status-publish","4":"has-post-thumbnail","6":"product_cat-5-meo-dipt","7":"product_cat-5-meo-mipt","8":"product_cat-liquid-rcs","9":"product_cat-mandala-mixes","10":"product_cat-verkoop","11":"product_cat-tryptamines","12":"product_tag-nl","13":"product_tag-pink-mandala","15":"first","16":"instock","17":"sale","18":"taxable","19":"shipping-taxable","20":"purchasable","21":"product-type-variable"},"_links":{"self":[{"href":"https:\/\/researchchemicalhub.com\/is\/wp-json\/wp\/v2\/product\/23940","targetHints":{"allow":["GET"]}}],"collection":[{"href":"https:\/\/researchchemicalhub.com\/is\/wp-json\/wp\/v2\/product"}],"about":[{"href":"https:\/\/researchchemicalhub.com\/is\/wp-json\/wp\/v2\/types\/product"}],"replies":[{"embeddable":true,"href":"https:\/\/researchchemicalhub.com\/is\/wp-json\/wp\/v2\/comments?post=23940"}],"version-history":[{"count":6,"href":"https:\/\/researchchemicalhub.com\/is\/wp-json\/wp\/v2\/product\/23940\/revisions"}],"predecessor-version":[{"id":28700,"href":"https:\/\/researchchemicalhub.com\/is\/wp-json\/wp\/v2\/product\/23940\/revisions\/28700"}],"wp:featuredmedia":[{"embeddable":true,"href":"https:\/\/researchchemicalhub.com\/is\/wp-json\/wp\/v2\/media\/28587"}],"wp:attachment":[{"href":"https:\/\/researchchemicalhub.com\/is\/wp-json\/wp\/v2\/media?parent=23940"}],"wp:term":[{"taxonomy":"product_brand","embeddable":true,"href":"https:\/\/researchchemicalhub.com\/is\/wp-json\/wp\/v2\/product_brand?post=23940"},{"taxonomy":"product_cat","embeddable":true,"href":"https:\/\/researchchemicalhub.com\/is\/wp-json\/wp\/v2\/product_cat?post=23940"},{"taxonomy":"product_tag","embeddable":true,"href":"https:\/\/researchchemicalhub.com\/is\/wp-json\/wp\/v2\/product_tag?post=23940"}],"curies":[{"name":"wp","href":"https:\/\/api.w.org\/{rel}","templated":true}]}}