{"id":23926,"date":"2025-04-13T17:40:43","date_gmt":"2025-04-13T17:40:43","guid":{"rendered":"https:\/\/researchchemicalhub.com\/?post_type=product&#038;p=23926"},"modified":"2025-10-30T07:50:51","modified_gmt":"2025-10-30T07:50:51","slug":"adb-butinaca","status":"publish","type":"product","link":"https:\/\/researchchemicalhub.com\/is\/bud\/bannad\/adb-butinaca\/","title":{"rendered":"ADB-B \/ ADB-BUTINACA"},"content":{"rendered":"<h3 data-start=\"6150\" data-end=\"6169\"><strong data-start=\"6154\" data-end=\"6169\">Inngangur<\/strong><\/h3>\n<p data-start=\"6171\" data-end=\"6493\"><strong data-start=\"6171\" data-end=\"6180\">ADB-B<\/strong>, einnig \u00feekkt sem <strong data-start=\"6197\" data-end=\"6213\">ADB-BUTINACA<\/strong>, er <strong data-start=\"6222\" data-end=\"6277\">tilb\u00fai\u00f0 kannab\u00edn\u00f3\u00ed\u00f0 af greiningargr\u00e1\u00f0u<\/strong>, \u00fer\u00f3a\u00f0 fyrir <strong data-start=\"6295\" data-end=\"6343\">r\u00e9ttar-, greiningar- og efnafr\u00e6\u00f0ilegar ranns\u00f3knir<\/strong>adb butinaca<br data-start=\"6344\" data-end=\"6347\" \/>Tengingin tilheyrir <strong data-start=\"6376\" data-end=\"6410\">indaz\u00f3l-3-karboxam\u00ed\u00f0 fj\u00f6lskylda<\/strong> og er byggingarlega skylt efnum eins og <strong data-start=\"6455\" data-end=\"6469\">ADB-BINACA<\/strong> og <strong data-start=\"6473\" data-end=\"6490\">MDMB-BUTINACA<\/strong>.<\/p>\n<p data-start=\"6495\" data-end=\"6852\">\u00deetta ranns\u00f3knarefni er miki\u00f0 nota\u00f0 \u00ed <strong data-start=\"6538\" data-end=\"6592\">ranns\u00f3knir \u00e1 vi\u00f0takabindingu, eiturefnafr\u00e6\u00f0ilegar greiningar<\/strong> og <strong data-start=\"6596\" data-end=\"6625\">r\u00e9ttarl\u00e6knisfr\u00e6\u00f0ileg au\u00f0kenning<\/strong>.<br data-start=\"6626\" data-end=\"6629\" \/>Framleitt skv. <strong data-start=\"6650\" data-end=\"6691\">GLP sta\u00f0lar (g\u00f3\u00f0ar ranns\u00f3knarstofuvenjur)<\/strong>, ADB-BUTINACA \u00e1byrgist <strong data-start=\"6721\" data-end=\"6744\">hreinleiki \u226599%<\/strong>, <strong data-start=\"6746\" data-end=\"6771\">efnafr\u00e6\u00f0ilegur st\u00f6\u00f0ugleiki<\/strong> og <strong data-start=\"6775\" data-end=\"6797\">samkv\u00e6mni lotna<\/strong> \u2013 tilvali\u00f0 fyrir st\u00fdrt ranns\u00f3knarstofuumhverfi.<\/p>\n<blockquote data-start=\"6854\" data-end=\"6998\">\n<p data-start=\"6856\" data-end=\"6998\">\u26a0\ufe0f <strong data-start=\"6859\" data-end=\"6870\">Athugi\u00f0:<\/strong> \u00deessi vara er <strong data-start=\"6886\" data-end=\"6936\">eing\u00f6ngu \u00e6tla\u00f0 til ranns\u00f3kna \u00e1 ranns\u00f3knarstofu<\/strong> og <strong data-start=\"6940\" data-end=\"6997\">ekki hentugt til neyslu manna e\u00f0a d\u00fdra<\/strong>.<\/p>\n<\/blockquote>\n<hr data-start=\"7000\" data-end=\"7003\" \/>\n<h3 data-start=\"7005\" data-end=\"7036\"><strong data-start=\"7009\" data-end=\"7036\">Lykilatri\u00f0i<\/strong><\/h3>\n<ul data-start=\"7038\" data-end=\"7537\">\n<li data-start=\"7038\" data-end=\"7120\">\n<p data-start=\"7040\" data-end=\"7120\"><strong data-start=\"7040\" data-end=\"7072\">Mikil greiningarhreinleiki:<\/strong> \u226599% pr\u00f3fa\u00f0 me\u00f0 litskiljunara\u00f0fer\u00f0um.<\/p>\n<\/li>\n<li data-start=\"7121\" data-end=\"7215\">\n<p data-start=\"7123\" data-end=\"7215\"><strong data-start=\"7123\" data-end=\"7153\">Tilb\u00fai\u00f0 kannab\u00edn\u00f3\u00ed\u00f0:<\/strong> Unni\u00f0 \u00far indaz\u00f3l-3-karboxam\u00ed\u00f0i til vi\u00f0takaranns\u00f3kna.<\/p>\n<\/li>\n<li data-start=\"7216\" data-end=\"7285\">\n<p data-start=\"7218\" data-end=\"7285\"><strong data-start=\"7218\" data-end=\"7239\">Efnafr\u00e6\u00f0ilega st\u00f6\u00f0ugt:<\/strong> \u00deolir ni\u00f0urbrot me\u00f0 r\u00e9ttri geymslu.<\/p>\n<\/li>\n<li data-start=\"7286\" data-end=\"7372\">\n<p data-start=\"7288\" data-end=\"7372\"><strong data-start=\"7288\" data-end=\"7306\">GLP framlei\u00f0sla:<\/strong> Framleitt undir str\u00f6ngum <strong data-start=\"7334\" data-end=\"7362\">G\u00f3\u00f0ar ranns\u00f3knarstofuvenjur<\/strong>-sta\u00f0lar.<\/p>\n<\/li>\n<li data-start=\"7373\" data-end=\"7459\">\n<p data-start=\"7375\" data-end=\"7459\"><strong data-start=\"7375\" data-end=\"7392\">Pr\u00f3fa\u00f0 \u00ed lotu:<\/strong> Hver lota er sko\u00f0u\u00f0 me\u00f0 tilliti til au\u00f0kennis, uppbyggingar og hreinleika.<\/p>\n<\/li>\n<li data-start=\"7460\" data-end=\"7537\">\n<p data-start=\"7462\" data-end=\"7537\"><strong data-start=\"7462\" data-end=\"7485\">\u00d6ruggar umb\u00fa\u00f0ir:<\/strong> Loft\u00fe\u00e9tt og innsigla\u00f0 til a\u00f0 vi\u00f0halda g\u00e6\u00f0um.<\/p>\n<\/li>\n<\/ul>\n<hr data-start=\"7539\" data-end=\"7542\" \/>\n<h3 data-start=\"7544\" data-end=\"7561\"><strong data-start=\"7548\" data-end=\"7561\">Kostir<\/strong><\/h3>\n<ol data-start=\"7563\" data-end=\"7988\">\n<li data-start=\"7563\" data-end=\"7650\">\n<p data-start=\"7566\" data-end=\"7650\"><strong data-start=\"7566\" data-end=\"7603\">\u00c1rei\u00f0anlegar ranns\u00f3knarni\u00f0urst\u00f6\u00f0ur:<\/strong> Mikil hreinleiki tryggir samr\u00e6md g\u00f6gn.<\/p>\n<\/li>\n<li data-start=\"7651\" data-end=\"7739\">\n<p data-start=\"7654\" data-end=\"7739\"><strong data-start=\"7654\" data-end=\"7681\">Langt\u00edmast\u00f6\u00f0ugleiki:<\/strong> \u00deolir lj\u00f3s, raka og hitasveiflur.<\/p>\n<\/li>\n<li data-start=\"7740\" data-end=\"7808\">\n<p data-start=\"7743\" data-end=\"7808\"><strong data-start=\"7743\" data-end=\"7767\">N\u00e1kv\u00e6mniform\u00fala:<\/strong> Au\u00f0velt \u00ed me\u00f0f\u00f6rum og sk\u00f6mmtun.<\/p>\n<\/li>\n<li data-start=\"7809\" data-end=\"7897\">\n<p data-start=\"7812\" data-end=\"7897\"><strong data-start=\"7812\" data-end=\"7840\">Fagleg g\u00e6\u00f0i:<\/strong> Hentar fyrir r\u00e9ttarl\u00e6knisfr\u00e6\u00f0ilegar og greiningarlegar notkunarsvi\u00f0<\/p>\n<\/li>\n<li data-start=\"7898\" data-end=\"7988\">\n<p data-start=\"7901\" data-end=\"7988\"><strong data-start=\"7901\" data-end=\"7935\">Tilvali\u00f0 fyrir ranns\u00f3knir \u00e1 vi\u00f0t\u00f6kum:<\/strong> Fullkomi\u00f0 fyrir <strong data-start=\"7949\" data-end=\"7985\">bindingar- og byggingarranns\u00f3knir<\/strong>.<\/p>\n<\/li>\n<\/ol>\n<hr data-start=\"7990\" data-end=\"7993\" \/>\n<h3 data-start=\"7995\" data-end=\"8034\"><strong data-start=\"7999\" data-end=\"8034\">Notkun (eing\u00f6ngu til ranns\u00f3kna)<\/strong><\/h3>\n<ol data-start=\"8036\" data-end=\"8458\">\n<li data-start=\"8036\" data-end=\"8128\">\n<p data-start=\"8039\" data-end=\"8128\"><strong data-start=\"8039\" data-end=\"8070\">Noti\u00f0 hl\u00edf\u00f0arfatna\u00f0:<\/strong> Hanskar, \u00f6ryggisgleraugu og ranns\u00f3knarstofusloppur eru nau\u00f0synleg.<\/p>\n<\/li>\n<li data-start=\"8129\" data-end=\"8207\">\n<p data-start=\"8132\" data-end=\"8207\"><strong data-start=\"8132\" data-end=\"8156\">Notkun \u00ed gufusk\u00e1p:<\/strong> For\u00f0ist beina snertingu vi\u00f0 e\u00f0a inn\u00f6ndun efnisins.<\/p>\n<\/li>\n<li data-start=\"8208\" data-end=\"8294\">\n<p data-start=\"8211\" data-end=\"8294\"><strong data-start=\"8211\" data-end=\"8231\">M\u00e6li\u00f0 n\u00e1kv\u00e6mlega:<\/strong> Noti\u00f0 kv\u00f6r\u00f0u\u00f0 t\u00e6ki til a\u00f0 f\u00e1 n\u00e1kv\u00e6mar ni\u00f0urst\u00f6\u00f0ur.<\/p>\n<\/li>\n<li data-start=\"8295\" data-end=\"8365\">\n<p data-start=\"8298\" data-end=\"8365\"><strong data-start=\"8298\" data-end=\"8323\">Uppl\u00fdsingar um h\u00f3p athugi\u00f0:<\/strong> Skr\u00e1i\u00f0 hreinleika og \u00feyngd s\u00fdnisins.<\/p>\n<\/li>\n<li data-start=\"8366\" data-end=\"8458\">\n<p data-start=\"8369\" data-end=\"8458\"><strong data-start=\"8369\" data-end=\"8403\">Farga\u00f0u \u00fargangi \u00e1 \u00f6ruggan h\u00e1tt:<\/strong> Fylgi\u00f0 \u00f6ryggislei\u00f0beiningum ranns\u00f3knarstofunnar.<\/p>\n<\/li>\n<\/ol>\n<blockquote data-start=\"8460\" data-end=\"8545\">\n<p data-start=\"8462\" data-end=\"8545\">\u2697\ufe0f <strong data-start=\"8465\" data-end=\"8545\">Eing\u00f6ngu til ranns\u00f3knarstofupr\u00f3fana \u2013 ekki til manneldis.<\/strong><\/p>\n<\/blockquote>\n<hr data-start=\"8547\" data-end=\"8550\" \/>\n<h3 data-start=\"8552\" data-end=\"8577\"><strong data-start=\"8556\" data-end=\"8577\">Geymslulei\u00f0beiningar<\/strong><\/h3>\n<ul data-start=\"8579\" data-end=\"8773\">\n<li data-start=\"8579\" data-end=\"8647\">\n<p data-start=\"8581\" data-end=\"8647\">Vista \u00e1 <strong data-start=\"8592\" data-end=\"8601\">2\u20138\u00b0C<\/strong>, \u00e1 <strong data-start=\"8610\" data-end=\"8644\">kaldur, \u00feurr og dimmur sta\u00f0ur<\/strong>.<\/p>\n<\/li>\n<li data-start=\"8648\" data-end=\"8684\">\n<p data-start=\"8650\" data-end=\"8684\">Geymi\u00f0 \u00edl\u00e1ti\u00f0 vel loka\u00f0.<\/p>\n<\/li>\n<li data-start=\"8685\" data-end=\"8730\">\n<p data-start=\"8687\" data-end=\"8730\">Vernda\u00f0u gegn <strong data-start=\"8702\" data-end=\"8727\">lj\u00f3s, raki og hiti<\/strong>.<\/p>\n<\/li>\n<li data-start=\"8731\" data-end=\"8773\">\n<p data-start=\"8733\" data-end=\"8773\">Geymi\u00f0 \u00fear sem \u00f3vi\u00f0komandi a\u00f0ilar n\u00e1 ekki til.<\/p>\n<\/li>\n<\/ul>\n<hr data-start=\"8775\" data-end=\"8778\" \/>\n<h3 data-start=\"8780\" data-end=\"8815\"><strong data-start=\"8784\" data-end=\"8815\">Algengar spurningar (FAQs)<\/strong><\/h3>\n<p data-start=\"8817\" data-end=\"9007\"><strong data-start=\"8817\" data-end=\"8869\">1. Til hvers er ADB-B (ADB-BUTINACA) nota\u00f0?<\/strong><br data-start=\"8869\" data-end=\"8872\" \/>ADB-BUTINACA er nota\u00f0 vi\u00f0 <strong data-start=\"8905\" data-end=\"8943\">r\u00e9ttar- og greiningarranns\u00f3knir<\/strong>, s\u00e9rstaklega \u00ed <strong data-start=\"8957\" data-end=\"9004\">vi\u00f0takabindingar- og eiturefnafr\u00e6\u00f0ilegar ranns\u00f3knir<\/strong>.<\/p>\n<p data-start=\"9009\" data-end=\"9210\"><strong data-start=\"9009\" data-end=\"9068\">2. Er ADB-BUTINACA hentugt til manneldis?<\/strong><br data-start=\"9068\" data-end=\"9071\" \/>Nei. <strong data-start=\"9076\" data-end=\"9092\">ADB-BUTINACA<\/strong> er <strong data-start=\"9096\" data-end=\"9146\">eing\u00f6ngu \u00e6tla\u00f0 til ranns\u00f3kna \u00e1 ranns\u00f3knarstofu<\/strong> og <strong data-start=\"9150\" data-end=\"9207\">ekki hentugt til neyslu manna e\u00f0a d\u00fdra<\/strong>.<\/p>\n<p data-start=\"9212\" data-end=\"9333\"><strong data-start=\"9212\" data-end=\"9256\">3. Hvernig geymi \u00e9g best ADB-BUTINACA?<\/strong><br data-start=\"9256\" data-end=\"9259\" \/>Vista \u00e1 <strong data-start=\"9270\" data-end=\"9279\">2\u20138\u00b0C<\/strong>, \u00ed <strong data-start=\"9288\" data-end=\"9330\">\u00feurrt, dimmt og loft\u00fe\u00e9tt umhverfi<\/strong>.<\/p>\n<hr data-start=\"9335\" data-end=\"9338\" \/>\n<h3 data-start=\"9340\" data-end=\"9357\"><strong data-start=\"9344\" data-end=\"9357\">Ni\u00f0ursta\u00f0a<\/strong><\/h3>\n<p data-start=\"9359\" data-end=\"9628\"><strong data-start=\"9359\" data-end=\"9383\">ADB-B (ADB-BUTINACA)<\/strong> tilbo\u00f0 <strong data-start=\"9390\" data-end=\"9452\">fram\u00farskarandi hreinleiki, st\u00f6\u00f0ugleiki og endurtekningarh\u00e6fni<\/strong>, tilvali\u00f0 fyrir <strong data-start=\"9466\" data-end=\"9504\">r\u00e9ttar- og greiningarranns\u00f3knir<\/strong>.<br data-start=\"9505\" data-end=\"9508\" \/>\u00c1rei\u00f0anlegt val fyrir ranns\u00f3knarstofur sem einbeita s\u00e9r a\u00f0 <strong data-start=\"9567\" data-end=\"9625\">Greining \u00e1 tilb\u00fanum kannab\u00edn\u00f3\u00ed\u00f0um og ranns\u00f3knir \u00e1 vi\u00f0t\u00f6kum<\/strong>.<\/p>\n<h1><a style=\"font-size: 16px;\" href=\"https:\/\/researchchemicalhub.com\/is\/bud\/iboga-ibogain\/iboga-rotarborkur\/\"><span dir=\"auto\" style=\"vertical-align: inherit;\"><span dir=\"auto\" style=\"vertical-align: inherit;\">Iboga r\u00f3tarb\u00f6rkur<\/span><\/span><\/a><a style=\"font-size: 16px;\" href=\"https:\/\/researchchemicalhub.com\/is\/bud\/iboga-ibogain\/kaupa-ibogaine-hcl-a-netinu\/\"><span dir=\"auto\" style=\"vertical-align: inherit;\"><span dir=\"auto\" style=\"vertical-align: inherit;\">kaupa ibogaine hcl \u00e1 netinu<\/span><\/span><\/a><a style=\"font-size: 16px;\" href=\"https:\/\/researchchemicalhub.com\/is\/bud\/lysergamid\/1cp-lsd\/\"><span dir=\"auto\" style=\"vertical-align: inherit;\"><span dir=\"auto\" style=\"vertical-align: inherit;\">1cp lsd <\/span><\/span><\/a><a style=\"font-size: 16px;\" href=\"https:\/\/researchchemicalhub.com\/is\/bud\/pellets\/o-dsmt-50-mg-kulur\/\"><span dir=\"auto\" style=\"vertical-align: inherit;\"><span dir=\"auto\" style=\"vertical-align: inherit;\">o-dsmt <\/span><\/span><\/a><a style=\"font-size: 16px;\" href=\"https:\/\/researchchemicalhub.com\/is\/bud\/lysergamid\/1vlsd\/\"><span dir=\"auto\" style=\"vertical-align: inherit;\"><span dir=\"auto\" style=\"vertical-align: inherit;\">1vlsd<\/span><\/span><\/a><\/h1>","protected":false},"excerpt":{"rendered":"<h3><span dir=\"auto\" style=\"vertical-align: inherit;\"><span dir=\"auto\" style=\"vertical-align: inherit;\">ADB-B \/ ADB-BUTINACA eiginleikar<\/span><\/span><\/h3>\n<p><strong><span dir=\"auto\" style=\"vertical-align: inherit;\"><span dir=\"auto\" style=\"vertical-align: inherit;\">Samheiti:<\/span><\/span><\/strong><span dir=\"auto\" style=\"vertical-align: inherit;\"><span dir=\"auto\" style=\"vertical-align: inherit;\"> ADB-B \/ ADB-BUTINACA <\/span><\/span><br \/>\n<strong><span dir=\"auto\" style=\"vertical-align: inherit;\"><span dir=\"auto\" style=\"vertical-align: inherit;\">CAS-n\u00famer:<\/span><\/span><\/strong><span dir=\"auto\" style=\"vertical-align: inherit;\"><span dir=\"auto\" style=\"vertical-align: inherit;\"> 2682867-55-4 <\/span><\/span><br \/>\n<strong><span dir=\"auto\" style=\"vertical-align: inherit;\"><span dir=\"auto\" style=\"vertical-align: inherit;\">Form\u00fala:<\/span><\/span><\/strong><span dir=\"auto\" style=\"vertical-align: inherit;\"><span dir=\"auto\" style=\"vertical-align: inherit;\"> C <\/span><\/span><sub><small><span dir=\"auto\" style=\"vertical-align: inherit;\"><span dir=\"auto\" style=\"vertical-align: inherit;\">18<\/span><\/span><\/small><\/sub><span dir=\"auto\" style=\"vertical-align: inherit;\"><span dir=\"auto\" style=\"vertical-align: inherit;\"> H <\/span><\/span><sub><small><span dir=\"auto\" style=\"vertical-align: inherit;\"><span dir=\"auto\" style=\"vertical-align: inherit;\">26<\/span><\/span><\/small><\/sub><span dir=\"auto\" style=\"vertical-align: inherit;\"><span dir=\"auto\" style=\"vertical-align: inherit;\"> N <\/span><\/span><sub><small><span dir=\"auto\" style=\"vertical-align: inherit;\"><span dir=\"auto\" style=\"vertical-align: inherit;\">4<\/span><\/span><\/small><\/sub><span dir=\"auto\" style=\"vertical-align: inherit;\"><span dir=\"auto\" style=\"vertical-align: inherit;\"> \u00d3 <\/span><\/span><sub><small><span dir=\"auto\" style=\"vertical-align: inherit;\"><span dir=\"auto\" style=\"vertical-align: inherit;\">2<\/span><\/span><\/small><\/sub><br \/>\n<strong><span dir=\"auto\" style=\"vertical-align: inherit;\"><span dir=\"auto\" style=\"vertical-align: inherit;\"> M\u00f3lmassi:<\/span><\/span><\/strong><span dir=\"auto\" style=\"vertical-align: inherit;\"><span dir=\"auto\" style=\"vertical-align: inherit;\"> 330.4 <\/span><\/span><br \/>\n<strong><span dir=\"auto\" style=\"vertical-align: inherit;\"><span dir=\"auto\" style=\"vertical-align: inherit;\">Hreinleiki:<\/span><\/span><\/strong><span dir=\"auto\" style=\"vertical-align: inherit;\"><span dir=\"auto\" style=\"vertical-align: inherit;\"> &gt;98%<\/span><\/span><\/p>","protected":false},"featured_media":28473,"comment_status":"closed","ping_status":"closed","template":"","meta":[],"product_brand":[82],"product_cat":[488],"product_tag":[893,894,895,896],"class_list":{"0":"post-23926","1":"product","2":"type-product","3":"status-publish","4":"has-post-thumbnail","6":"product_brand-research-chemical","7":"product_cat-verboden","8":"product_tag-adb-butinaca","9":"product_tag-adb-butinaca-buy","10":"product_tag-adb-butinaca-psychonaut","11":"product_tag-adb-butinaca-wiki","13":"first","14":"instock","15":"taxable","16":"shipping-taxable","17":"purchasable","18":"product-type-variable"},"_links":{"self":[{"href":"https:\/\/researchchemicalhub.com\/is\/wp-json\/wp\/v2\/product\/23926","targetHints":{"allow":["GET"]}}],"collection":[{"href":"https:\/\/researchchemicalhub.com\/is\/wp-json\/wp\/v2\/product"}],"about":[{"href":"https:\/\/researchchemicalhub.com\/is\/wp-json\/wp\/v2\/types\/product"}],"replies":[{"embeddable":true,"href":"https:\/\/researchchemicalhub.com\/is\/wp-json\/wp\/v2\/comments?post=23926"}],"version-history":[{"count":6,"href":"https:\/\/researchchemicalhub.com\/is\/wp-json\/wp\/v2\/product\/23926\/revisions"}],"predecessor-version":[{"id":27919,"href":"https:\/\/researchchemicalhub.com\/is\/wp-json\/wp\/v2\/product\/23926\/revisions\/27919"}],"wp:featuredmedia":[{"embeddable":true,"href":"https:\/\/researchchemicalhub.com\/is\/wp-json\/wp\/v2\/media\/28473"}],"wp:attachment":[{"href":"https:\/\/researchchemicalhub.com\/is\/wp-json\/wp\/v2\/media?parent=23926"}],"wp:term":[{"taxonomy":"product_brand","embeddable":true,"href":"https:\/\/researchchemicalhub.com\/is\/wp-json\/wp\/v2\/product_brand?post=23926"},{"taxonomy":"product_cat","embeddable":true,"href":"https:\/\/researchchemicalhub.com\/is\/wp-json\/wp\/v2\/product_cat?post=23926"},{"taxonomy":"product_tag","embeddable":true,"href":"https:\/\/researchchemicalhub.com\/is\/wp-json\/wp\/v2\/product_tag?post=23926"}],"curies":[{"name":"wp","href":"https:\/\/api.w.org\/{rel}","templated":true}]}}