{"id":23915,"date":"2025-04-13T17:40:40","date_gmt":"2025-04-13T17:40:40","guid":{"rendered":"https:\/\/researchchemicalhub.com\/?post_type=product&#038;p=23915"},"modified":"2025-10-30T07:54:01","modified_gmt":"2025-10-30T07:54:01","slug":"nb-5-meo-dalt-oxalaat","status":"publish","type":"product","link":"https:\/\/researchchemicalhub.com\/is\/bud\/nb-5-meo-dalt\/nb-5-meo-dalt-oxalaat\/","title":{"rendered":"NB-5-MeO-DALT oxalat"},"content":{"rendered":"<h3 data-start=\"6074\" data-end=\"6093\"><strong data-start=\"6078\" data-end=\"6093\">Inngangur<\/strong><\/h3>\n<p data-start=\"6095\" data-end=\"6425\"><strong data-start=\"6095\" data-end=\"6120\">NB-5-MeO-DALT oxalat<\/strong> er <strong data-start=\"6128\" data-end=\"6172\">ranns\u00f3knarefni af greiningarg\u00e6\u00f0um<\/strong>, \u00fer\u00f3a\u00f0 fyrir <strong data-start=\"6190\" data-end=\"6244\">efnafr\u00e6\u00f0ilegar, v\u00edsindalegar og r\u00e9ttarfr\u00e6\u00f0ilegar ranns\u00f3knir<\/strong>NB-5-MeO-DALT oxalat<br data-start=\"6245\" data-end=\"6248\" \/>\u00dea\u00f0 er <strong data-start=\"6259\" data-end=\"6274\">oxalat salt<\/strong> eftir <strong data-start=\"6279\" data-end=\"6327\">5-MeO-DALT (N,N-d\u00edall\u00fdl-5-metox\u00fdtryptam\u00edn)<\/strong>, tenging fr\u00e1 <strong data-start=\"6351\" data-end=\"6372\">tryptam\u00edn fj\u00f6lskylda<\/strong>, byggingarlega skyld n\u00e1tt\u00farulegum ind\u00f3lam\u00ednum.<\/p>\n<p data-start=\"6427\" data-end=\"6678\">Framleitt undir <strong data-start=\"6446\" data-end=\"6487\">GLP sta\u00f0lar (g\u00f3\u00f0ar ranns\u00f3knarstofuvenjur)<\/strong>, \u00feetta efni b\u00fd\u00f0ur upp \u00e1 <strong data-start=\"6509\" data-end=\"6532\">hreinleiki \u226599%<\/strong>, <strong data-start=\"6534\" data-end=\"6559\">efnafr\u00e6\u00f0ilegur st\u00f6\u00f0ugleiki<\/strong> og <strong data-start=\"6563\" data-end=\"6585\">samkv\u00e6mni lotna<\/strong>, sem gerir \u00fea\u00f0 tilvali\u00f0 fyrir <strong data-start=\"6613\" data-end=\"6675\">litr\u00f3fsgreiningar-, litr\u00f3fsgreiningar- og byggingarranns\u00f3knir<\/strong>.<\/p>\n<blockquote data-start=\"6680\" data-end=\"6824\">\n<p data-start=\"6682\" data-end=\"6824\">\u26a0\ufe0f <strong data-start=\"6685\" data-end=\"6696\">Athugi\u00f0:<\/strong> \u00deessi vara er <strong data-start=\"6712\" data-end=\"6762\">eing\u00f6ngu \u00e6tla\u00f0 til ranns\u00f3kna \u00e1 ranns\u00f3knarstofu<\/strong> og <strong data-start=\"6766\" data-end=\"6823\">ekki hentugt til neyslu manna e\u00f0a d\u00fdra<\/strong>.<\/p>\n<\/blockquote>\n<hr data-start=\"6826\" data-end=\"6829\" \/>\n<h3 data-start=\"6831\" data-end=\"6862\"><strong data-start=\"6835\" data-end=\"6862\">Lykilatri\u00f0i<\/strong><\/h3>\n<ul data-start=\"6864\" data-end=\"7356\">\n<li data-start=\"6864\" data-end=\"6931\">\n<p data-start=\"6866\" data-end=\"6931\"><strong data-start=\"6866\" data-end=\"6898\">Mikil greiningarhreinleiki:<\/strong> \u226599% pr\u00f3fa\u00f0 me\u00f0 HPLC og GC-MS.<\/p>\n<\/li>\n<li data-start=\"6932\" data-end=\"7025\">\n<p data-start=\"6934\" data-end=\"7025\"><strong data-start=\"6934\" data-end=\"6958\">St\u00f6\u00f0ugt oxalatsalt:<\/strong> Aukinn st\u00f6\u00f0ugleiki og lengri geymslu\u00feol en frj\u00e1ls basi.<\/p>\n<\/li>\n<li data-start=\"7026\" data-end=\"7095\">\n<p data-start=\"7028\" data-end=\"7095\"><strong data-start=\"7028\" data-end=\"7046\">GLP framlei\u00f0sla:<\/strong> Framleitt samkv\u00e6mt str\u00f6ngum ranns\u00f3knarstofust\u00f6\u00f0lum.<\/p>\n<\/li>\n<li data-start=\"7096\" data-end=\"7183\">\n<p data-start=\"7098\" data-end=\"7183\"><strong data-start=\"7098\" data-end=\"7127\">\u00c1rei\u00f0anleg samr\u00e6mi:<\/strong> Hver lota var sko\u00f0u\u00f0 til a\u00f0 tryggja au\u00f0kenni og hreinleika. NB-5-MeO-DALT oxalat<\/p>\n<\/li>\n<li data-start=\"7184\" data-end=\"7276\">\n<p data-start=\"7186\" data-end=\"7276\"><strong data-start=\"7186\" data-end=\"7225\">Hentar \u00ed r\u00e9ttarl\u00e6knisfr\u00e6\u00f0ilegum ranns\u00f3knum:<\/strong> Hentar fyrir <strong data-start=\"7240\" data-end=\"7273\">greiningar \u00e1 tryptam\u00edni og ind\u00f3li<\/strong>.<\/p>\n<\/li>\n<li data-start=\"7277\" data-end=\"7356\">\n<p data-start=\"7279\" data-end=\"7356\"><strong data-start=\"7279\" data-end=\"7302\">\u00d6ruggar umb\u00fa\u00f0ir:<\/strong> Loft\u00fe\u00e9tt og innsigla\u00f0 fyrir bestu m\u00f6gulegu geymslu\u00feol.<\/p>\n<\/li>\n<\/ul>\n<hr data-start=\"7358\" data-end=\"7361\" \/>\n<h3 data-start=\"7363\" data-end=\"7380\"><strong data-start=\"7367\" data-end=\"7380\">Kostir<\/strong><\/h3>\n<ol data-start=\"7382\" data-end=\"7834\">\n<li data-start=\"7382\" data-end=\"7464\">\n<p data-start=\"7385\" data-end=\"7464\"><strong data-start=\"7385\" data-end=\"7412\">St\u00f6\u00f0ug samsetning:<\/strong> Oxalatformi\u00f0 veitir langt\u00edmast\u00f6\u00f0ugleika.<\/p>\n<\/li>\n<li data-start=\"7465\" data-end=\"7556\">\n<p data-start=\"7468\" data-end=\"7556\"><strong data-start=\"7468\" data-end=\"7505\">\u00c1rei\u00f0anlegar ranns\u00f3knarni\u00f0urst\u00f6\u00f0ur:<\/strong> Mikil hreinleiki tryggir endurtakanleg g\u00f6gn.<\/p>\n<\/li>\n<li data-start=\"7557\" data-end=\"7658\">\n<p data-start=\"7560\" data-end=\"7658\"><strong data-start=\"7560\" data-end=\"7588\">Fagleg g\u00e6\u00f0i:<\/strong> Tilvali\u00f0 fyrir <strong data-start=\"7601\" data-end=\"7655\">litr\u00f3fs- og litr\u00f3fsgreiningarforrit<\/strong>.<\/p>\n<\/li>\n<li data-start=\"7659\" data-end=\"7752\">\n<p data-start=\"7662\" data-end=\"7752\"><strong data-start=\"7662\" data-end=\"7692\">R\u00e9ttarfr\u00e6\u00f0ileg notagildi:<\/strong> Hentar fyrir <strong data-start=\"7707\" data-end=\"7749\">eiturefnafr\u00e6\u00f0ilegar og byggingarfr\u00e6\u00f0ilegar ranns\u00f3knir<\/strong>.<\/p>\n<\/li>\n<li data-start=\"7753\" data-end=\"7834\">\n<p data-start=\"7756\" data-end=\"7834\"><strong data-start=\"7756\" data-end=\"7782\">Au\u00f0velt \u00ed notkun:<\/strong> \u00d6rugg og n\u00e1kv\u00e6m notkun \u00ed ranns\u00f3knarstofum.<\/p>\n<\/li>\n<\/ol>\n<hr data-start=\"7836\" data-end=\"7839\" \/>\n<h3 data-start=\"7841\" data-end=\"7880\"><strong data-start=\"7845\" data-end=\"7880\">Notkun (eing\u00f6ngu til ranns\u00f3kna)<\/strong><\/h3>\n<ol data-start=\"7882\" data-end=\"8301\">\n<li data-start=\"7882\" data-end=\"7969\">\n<p data-start=\"7885\" data-end=\"7969\"><strong data-start=\"7885\" data-end=\"7916\">Noti\u00f0 hl\u00edf\u00f0arfatna\u00f0:<\/strong> Hanskar, \u00f6ryggisgleraugu og ranns\u00f3knarstofusloppur nau\u00f0synlegur.<\/p>\n<\/li>\n<li data-start=\"7970\" data-end=\"8056\">\n<p data-start=\"7973\" data-end=\"8056\"><strong data-start=\"7973\" data-end=\"8012\">Notkun \u00ed st\u00fdr\u00f0u umhverfi:<\/strong> For\u00f0ist snertingu vi\u00f0 loft e\u00f0a raka.<\/p>\n<\/li>\n<li data-start=\"8057\" data-end=\"8138\">\n<p data-start=\"8060\" data-end=\"8138\"><strong data-start=\"8060\" data-end=\"8087\">Uppl\u00fdsingar um h\u00f3pinn:<\/strong> Skr\u00e1i\u00f0 hreinleika, magn og skilyr\u00f0i.<\/p>\n<\/li>\n<li data-start=\"8139\" data-end=\"8208\">\n<p data-start=\"8142\" data-end=\"8208\"><strong data-start=\"8142\" data-end=\"8179\">Noti\u00f0 kvar\u00f0a\u00f0an b\u00fana\u00f0:<\/strong> Fyrir n\u00e1kv\u00e6mar m\u00e6lingar.<\/p>\n<\/li>\n<li data-start=\"8209\" data-end=\"8301\">\n<p data-start=\"8212\" data-end=\"8301\"><strong data-start=\"8212\" data-end=\"8246\">Farga\u00f0u \u00fargangi \u00e1 \u00f6ruggan h\u00e1tt:<\/strong> Fylgi\u00f0 \u00f6ryggislei\u00f0beiningum ranns\u00f3knarstofunnar.<\/p>\n<\/li>\n<\/ol>\n<blockquote data-start=\"8303\" data-end=\"8380\">\n<p data-start=\"8305\" data-end=\"8380\">\u2697\ufe0f <strong data-start=\"8308\" data-end=\"8380\">Eing\u00f6ngu til ranns\u00f3knarstofupr\u00f3fana \u2013 ekki til manneldis.<\/strong><\/p>\n<\/blockquote>\n<hr data-start=\"8382\" data-end=\"8385\" \/>\n<h3 data-start=\"8387\" data-end=\"8412\"><strong data-start=\"8391\" data-end=\"8412\">Geymslulei\u00f0beiningar<\/strong><\/h3>\n<ul data-start=\"8414\" data-end=\"8582\">\n<li data-start=\"8414\" data-end=\"8456\">\n<p data-start=\"8416\" data-end=\"8456\">Vista \u00e1 <strong data-start=\"8427\" data-end=\"8436\">2\u20138\u00b0C<\/strong>, \u00feurrt og d\u00f6kkt.<\/p>\n<\/li>\n<li data-start=\"8457\" data-end=\"8493\">\n<p data-start=\"8459\" data-end=\"8493\">Geymi\u00f0 \u00edl\u00e1ti\u00f0 vel loka\u00f0.<\/p>\n<\/li>\n<li data-start=\"8494\" data-end=\"8539\">\n<p data-start=\"8496\" data-end=\"8539\">Vernda\u00f0u gegn <strong data-start=\"8511\" data-end=\"8536\">lj\u00f3s, hiti og raki<\/strong>.<\/p>\n<\/li>\n<li data-start=\"8540\" data-end=\"8582\">\n<p data-start=\"8542\" data-end=\"8582\">Geymi\u00f0 \u00fear sem \u00f3vi\u00f0komandi a\u00f0ilar n\u00e1 ekki til.<\/p>\n<\/li>\n<\/ul>\n<hr data-start=\"8584\" data-end=\"8587\" \/>\n<h3 data-start=\"8589\" data-end=\"8624\"><strong data-start=\"8593\" data-end=\"8624\">Algengar spurningar (FAQs)<\/strong><\/h3>\n<p data-start=\"8626\" data-end=\"8795\"><strong data-start=\"8626\" data-end=\"8679\">1. Til hvers er NB-5-MeO-DALT oxalat nota\u00f0?<\/strong><br data-start=\"8679\" data-end=\"8682\" \/>Fyrir <strong data-start=\"8687\" data-end=\"8735\">greiningar-, efna- og r\u00e9ttarranns\u00f3knir<\/strong>, a\u00f0allega einbeitt a\u00f0 <strong data-start=\"8755\" data-end=\"8792\">tryptam\u00edn og ind\u00f3l efnasamb\u00f6nd<\/strong>.<\/p>\n<p data-start=\"8797\" data-end=\"9005\"><strong data-start=\"8797\" data-end=\"8854\">2. Er NB-5-MeO-DALT oxalat hentugt til neyslu?<\/strong><br data-start=\"8854\" data-end=\"8857\" \/>Nei. <strong data-start=\"8862\" data-end=\"8887\">NB-5-MeO-DALT oxalat<\/strong> er <strong data-start=\"8891\" data-end=\"8941\">eing\u00f6ngu \u00e6tla\u00f0 til ranns\u00f3kna \u00e1 ranns\u00f3knarstofu<\/strong> og <strong data-start=\"8945\" data-end=\"9002\">ekki hentugt til neyslu manna e\u00f0a d\u00fdra<\/strong>.<\/p>\n<p data-start=\"9007\" data-end=\"9165\"><strong data-start=\"9007\" data-end=\"9060\">3. Hvernig \u00e1 a\u00f0 geyma NB-5-MeO-DALT oxalat?<\/strong><br data-start=\"9060\" data-end=\"9063\" \/>Spara\u00f0u \u00e1 <strong data-start=\"9077\" data-end=\"9119\">k\u00f6ldum, \u00feurrum og dimmum sta\u00f0 (2\u20138\u00b0C)<\/strong> \u00ed <strong data-start=\"9126\" data-end=\"9162\">upprunalegar loft\u00fe\u00e9ttar umb\u00fa\u00f0ir<\/strong>.<\/p>\n<hr data-start=\"9167\" data-end=\"9170\" \/>\n<h3 data-start=\"9172\" data-end=\"9189\"><strong data-start=\"9176\" data-end=\"9189\">Ni\u00f0ursta\u00f0a<\/strong><\/h3>\n<p data-start=\"9191\" data-end=\"9456\"><strong data-start=\"9191\" data-end=\"9216\">NB-5-MeO-DALT oxalat<\/strong> er <strong data-start=\"9224\" data-end=\"9255\">h\u00e1g\u00e6\u00f0a ranns\u00f3knarefni<\/strong> me\u00f0 fram\u00farskarandi <strong data-start=\"9272\" data-end=\"9322\">st\u00f6\u00f0ugleiki, hreinleiki og endurtekningarh\u00e6fni<\/strong>.<br data-start=\"9323\" data-end=\"9326\" \/>\u00deetta er kj\u00f6rinn kostur fyrir ranns\u00f3knarstofur sem einbeita s\u00e9r a\u00f0 <strong data-start=\"9386\" data-end=\"9453\">Greining \u00e1 tryptam\u00edni, ranns\u00f3knum \u00e1 ind\u00f3li og r\u00e9ttarmeinafr\u00e6\u00f0i<\/strong>.<\/p>","protected":false},"excerpt":{"rendered":"<h3><span data-sheets-value=\"{\" data-sheets-userformat=\"{\"><span style=\"vertical-align: inherit;\"><span style=\"vertical-align: inherit;\">Eiginleikar NB-5-MeO-DALT oxalats<\/span><\/span><\/span><\/h3>\n<p><strong><span style=\"vertical-align: inherit;\"><span style=\"vertical-align: inherit;\">Samheiti: tert-b\u00fat\u00fdl 3-(2-(d\u00edall\u00fdlam\u00edn\u00f3)et\u00fdl)-5-metox\u00fd-1H-ind\u00f3l-1-karbox\u00fdlat oxalat <\/span><\/span><\/strong><br \/>\n<strong><span style=\"vertical-align: inherit;\"><span style=\"vertical-align: inherit;\">CAS-n\u00famer:<\/span><\/span><\/strong><span style=\"vertical-align: inherit;\"><span style=\"vertical-align: inherit;\"> enginn <\/span><\/span><br \/>\n<strong><span style=\"vertical-align: inherit;\"><span style=\"vertical-align: inherit;\">Form\u00fala:<\/span><\/span><\/strong><span style=\"vertical-align: inherit;\"><span style=\"vertical-align: inherit;\"> XX <\/span><\/span><br \/>\n<strong><span style=\"vertical-align: inherit;\"><span style=\"vertical-align: inherit;\">M\u00f3lmassi:<\/span><\/span><\/strong><span style=\"vertical-align: inherit;\"><span style=\"vertical-align: inherit;\"> xx <\/span><\/span><br \/>\n<strong><span style=\"vertical-align: inherit;\"><span style=\"vertical-align: inherit;\">Hreinleiki:<\/span><\/span><\/strong><span style=\"vertical-align: inherit;\"><span style=\"vertical-align: inherit;\"> 98%&gt;<\/span><\/span><\/p>","protected":false},"featured_media":28567,"comment_status":"closed","ping_status":"closed","template":"","meta":[],"product_brand":[],"product_cat":[489,381],"product_tag":[452,1103],"class_list":{"0":"post-23915","1":"product","2":"type-product","3":"status-publish","4":"has-post-thumbnail","6":"product_cat-nb-5-meo-dalt","7":"product_cat-tryptamines","8":"product_tag-de","9":"product_tag-nb-5-meo-dalt-oxalate-2","11":"first","12":"instock","13":"taxable","14":"shipping-taxable","15":"purchasable","16":"product-type-variable"},"_links":{"self":[{"href":"https:\/\/researchchemicalhub.com\/is\/wp-json\/wp\/v2\/product\/23915","targetHints":{"allow":["GET"]}}],"collection":[{"href":"https:\/\/researchchemicalhub.com\/is\/wp-json\/wp\/v2\/product"}],"about":[{"href":"https:\/\/researchchemicalhub.com\/is\/wp-json\/wp\/v2\/types\/product"}],"replies":[{"embeddable":true,"href":"https:\/\/researchchemicalhub.com\/is\/wp-json\/wp\/v2\/comments?post=23915"}],"version-history":[{"count":6,"href":"https:\/\/researchchemicalhub.com\/is\/wp-json\/wp\/v2\/product\/23915\/revisions"}],"predecessor-version":[{"id":27922,"href":"https:\/\/researchchemicalhub.com\/is\/wp-json\/wp\/v2\/product\/23915\/revisions\/27922"}],"wp:featuredmedia":[{"embeddable":true,"href":"https:\/\/researchchemicalhub.com\/is\/wp-json\/wp\/v2\/media\/28567"}],"wp:attachment":[{"href":"https:\/\/researchchemicalhub.com\/is\/wp-json\/wp\/v2\/media?parent=23915"}],"wp:term":[{"taxonomy":"product_brand","embeddable":true,"href":"https:\/\/researchchemicalhub.com\/is\/wp-json\/wp\/v2\/product_brand?post=23915"},{"taxonomy":"product_cat","embeddable":true,"href":"https:\/\/researchchemicalhub.com\/is\/wp-json\/wp\/v2\/product_cat?post=23915"},{"taxonomy":"product_tag","embeddable":true,"href":"https:\/\/researchchemicalhub.com\/is\/wp-json\/wp\/v2\/product_tag?post=23915"}],"curies":[{"name":"wp","href":"https:\/\/api.w.org\/{rel}","templated":true}]}}