{"id":23860,"date":"2025-04-13T17:40:35","date_gmt":"2025-04-13T17:40:35","guid":{"rendered":"https:\/\/researchchemicalhub.com\/?post_type=product&#038;p=23860"},"modified":"2025-10-30T08:03:16","modified_gmt":"2025-10-30T08:03:16","slug":"3fmc-kopen","status":"publish","type":"product","link":"https:\/\/researchchemicalhub.com\/is\/shop\/3-fmc\/3fmc-kopen\/","title":{"rendered":"3-FMC (3-fl\u00faormetkat\u00edn\u00f3n)"},"content":{"rendered":"<p data-start=\"6228\" data-end=\"6589\"><strong data-start=\"6228\" data-end=\"6261\">3-FMC (3-fl\u00faormetkat\u00edn\u00f3n)<\/strong> er <strong data-start=\"6269\" data-end=\"6326\">\u00f6rvandi ranns\u00f3knarefni af greiningarg\u00e6\u00f0um<\/strong>, sem tilheyrir <strong data-start=\"6344\" data-end=\"6363\">kat\u00f3nflokkur<\/strong>.<br data-start=\"6364\" data-end=\"6367\" \/>\u00dea\u00f0 tengist byggingarlega <strong data-start=\"6398\" data-end=\"6415\">metkat\u00edn\u00f3n<\/strong> og a\u00f0rir <strong data-start=\"6426\" data-end=\"6457\">sta\u00f0gengi\u00f0 amfetam\u00edn<\/strong>, strax <strong data-start=\"6467\" data-end=\"6506\">fl\u00faorskiptingu \u00ed 3-st\u00f6\u00f0u<\/strong> fen\u00fdlhringsins, sem hefur \u00e1hrif \u00e1 efna- og e\u00f0liseiginleika hans. Kauptu 3fmc<\/p>\n<p data-start=\"6591\" data-end=\"6914\">\u00deessi tenging er miki\u00f0 notu\u00f0 \u00ed <strong data-start=\"6630\" data-end=\"6678\">r\u00e9ttar-, greiningar- og efnafr\u00e6\u00f0ilegar ranns\u00f3knir<\/strong> fyrir <strong data-start=\"6684\" data-end=\"6716\">litskiljunarkv\u00f6r\u00f0un<\/strong>, <strong data-start=\"6718\" data-end=\"6745\">eiturefnafr\u00e6\u00f0ilegar ranns\u00f3knir<\/strong>og <strong data-start=\"6750\" data-end=\"6774\">byggingargreiningar<\/strong>.<br data-start=\"6775\" data-end=\"6778\" \/>Framleitt undir <strong data-start=\"6797\" data-end=\"6831\">G\u00f3\u00f0 ranns\u00f3knarstofuvenja (GLP)<\/strong>-lei\u00f0beiningar, \u00fea\u00f0 veitir <strong data-start=\"6859\" data-end=\"6882\">hreinleiki \u226599%<\/strong> og fr\u00e1b\u00e6rt <strong data-start=\"6898\" data-end=\"6913\">st\u00f6\u00f0ugleiki<\/strong>.<\/p>\n<blockquote data-start=\"6916\" data-end=\"7060\">\n<p data-start=\"6918\" data-end=\"7060\">\u26a0\ufe0f <strong data-start=\"6921\" data-end=\"6932\">Athugi\u00f0:<\/strong> \u00deessi vara er <strong data-start=\"6948\" data-end=\"6998\">eing\u00f6ngu \u00e6tla\u00f0 til ranns\u00f3kna \u00e1 ranns\u00f3knarstofu<\/strong> og <strong data-start=\"7002\" data-end=\"7059\">ekki hentugt til neyslu manna e\u00f0a d\u00fdra<\/strong>.<\/p>\n<\/blockquote>\n<hr data-start=\"7062\" data-end=\"7065\" \/>\n<h3 data-start=\"7067\" data-end=\"7098\"><strong data-start=\"7071\" data-end=\"7098\">Lykilatri\u00f0i<\/strong><\/h3>\n<ul data-start=\"7100\" data-end=\"7569\">\n<li data-start=\"7100\" data-end=\"7171\">\n<p data-start=\"7102\" data-end=\"7171\"><strong data-start=\"7102\" data-end=\"7134\">Mikil greiningarhreinleiki:<\/strong> \u226599%, sta\u00f0fest me\u00f0 HPLC og GC-MS.<\/p>\n<\/li>\n<li data-start=\"7172\" data-end=\"7272\">\n<p data-start=\"7174\" data-end=\"7272\"><strong data-start=\"7174\" data-end=\"7209\">Uppbygging fl\u00faora\u00f0s ka\u00fe\u00f3ns:<\/strong> Fl\u00faorat\u00f3m \u00ed 3-st\u00f6\u00f0u veitir aukinn st\u00f6\u00f0ugleika.<\/p>\n<\/li>\n<li data-start=\"7273\" data-end=\"7344\">\n<p data-start=\"7275\" data-end=\"7344\"><strong data-start=\"7275\" data-end=\"7293\">GLP framlei\u00f0sla:<\/strong> Framleitt samkv\u00e6mt str\u00f6ngum ranns\u00f3knarstofust\u00f6\u00f0lum.<\/p>\n<\/li>\n<li data-start=\"7345\" data-end=\"7422\">\n<p data-start=\"7347\" data-end=\"7422\"><strong data-start=\"7347\" data-end=\"7364\">Pr\u00f3fa\u00f0 \u00ed lotu:<\/strong> Hver lota var kanna\u00f0 til a\u00f0 ganga \u00far skugga um au\u00f0kenni og samr\u00e6mi.<\/p>\n<\/li>\n<li data-start=\"7423\" data-end=\"7489\">\n<p data-start=\"7425\" data-end=\"7489\"><strong data-start=\"7425\" data-end=\"7446\">Efnafr\u00e6\u00f0ilega st\u00f6\u00f0ugt:<\/strong> \u00deolir ni\u00f0urbroti vi\u00f0 r\u00e9tta geymslu.<\/p>\n<\/li>\n<li data-start=\"7490\" data-end=\"7569\">\n<p data-start=\"7492\" data-end=\"7569\"><strong data-start=\"7492\" data-end=\"7515\">\u00d6ruggar umb\u00fa\u00f0ir:<\/strong> Loft\u00fe\u00e9tt og innsigla\u00f0 fyrir h\u00e1marks geymslu\u00feol. Kauptu 3fmc<\/p>\n<\/li>\n<\/ul>\n<hr data-start=\"7571\" data-end=\"7574\" \/>\n<h3 data-start=\"7576\" data-end=\"7593\"><strong data-start=\"7580\" data-end=\"7593\">Kostir<\/strong><\/h3>\n<ol data-start=\"7595\" data-end=\"8051\">\n<li data-start=\"7595\" data-end=\"7686\">\n<p data-start=\"7598\" data-end=\"7686\"><strong data-start=\"7598\" data-end=\"7635\">\u00c1rei\u00f0anlegar ranns\u00f3knarni\u00f0urst\u00f6\u00f0ur:<\/strong> Mikil hreinleiki tryggir endurtakanleg g\u00f6gn.<\/p>\n<\/li>\n<li data-start=\"7687\" data-end=\"7788\">\n<p data-start=\"7690\" data-end=\"7788\"><strong data-start=\"7690\" data-end=\"7710\">V\u00ed\u00f0a vi\u00f0 h\u00e6fi:<\/strong> Hentar fyrir <strong data-start=\"7725\" data-end=\"7785\">litskiljun, litr\u00f3fsgreining og eiturefnafr\u00e6\u00f0ilegar ranns\u00f3knir<\/strong>.<\/p>\n<\/li>\n<li data-start=\"7789\" data-end=\"7858\">\n<p data-start=\"7792\" data-end=\"7858\"><strong data-start=\"7792\" data-end=\"7826\">St\u00f6\u00f0ugt og endingargott:<\/strong> \u00deolir lj\u00f3s og raka.<\/p>\n<\/li>\n<li data-start=\"7859\" data-end=\"7958\">\n<p data-start=\"7862\" data-end=\"7958\"><strong data-start=\"7862\" data-end=\"7885\">R\u00e9ttarfr\u00e6\u00f0ilegt gildi:<\/strong> Nota\u00f0 sem <strong data-start=\"7905\" data-end=\"7928\">vi\u00f0mi\u00f0unarsta\u00f0all<\/strong> \u00ed eiturefnafr\u00e6\u00f0ilegum ranns\u00f3knum.<\/p>\n<\/li>\n<li data-start=\"7959\" data-end=\"8051\">\n<p data-start=\"7962\" data-end=\"8051\"><strong data-start=\"7962\" data-end=\"7990\">Fagleg g\u00e6\u00f0i:<\/strong> Hentar vel fyrir v\u00edsinda- og ranns\u00f3knarstofnanir.<\/p>\n<\/li>\n<\/ol>\n<hr data-start=\"8053\" data-end=\"8056\" \/>\n<h3 data-start=\"8058\" data-end=\"8097\"><strong data-start=\"8062\" data-end=\"8097\">Notkun (eing\u00f6ngu til ranns\u00f3kna)<\/strong><\/h3>\n<ol data-start=\"8099\" data-end=\"8538\">\n<li data-start=\"8099\" data-end=\"8186\">\n<p data-start=\"8102\" data-end=\"8186\"><strong data-start=\"8102\" data-end=\"8133\">Noti\u00f0 hl\u00edf\u00f0arfatna\u00f0:<\/strong> Hanskar, \u00f6ryggisgleraugu og ranns\u00f3knarstofusloppur nau\u00f0synlegur.<\/p>\n<\/li>\n<li data-start=\"8187\" data-end=\"8273\">\n<p data-start=\"8190\" data-end=\"8273\"><strong data-start=\"8190\" data-end=\"8229\">Notkun \u00ed st\u00fdr\u00f0u umhverfi:<\/strong> For\u00f0ist \u00fatsetningu fyrir lofti e\u00f0a lj\u00f3si.<\/p>\n<\/li>\n<li data-start=\"8274\" data-end=\"8355\">\n<p data-start=\"8277\" data-end=\"8355\"><strong data-start=\"8277\" data-end=\"8314\">Noti\u00f0 kvar\u00f0a\u00f0an b\u00fana\u00f0:<\/strong> Fyrir n\u00e1kv\u00e6mar m\u00e6lingar og vigtanir.<\/p>\n<\/li>\n<li data-start=\"8356\" data-end=\"8446\">\n<p data-start=\"8359\" data-end=\"8446\"><strong data-start=\"8359\" data-end=\"8386\">Uppl\u00fdsingar um h\u00f3pinn:<\/strong> Skr\u00e1i\u00f0 lotun\u00famer, hreinleika og ranns\u00f3knarg\u00f6gn.<\/p>\n<\/li>\n<li data-start=\"8447\" data-end=\"8538\">\n<p data-start=\"8450\" data-end=\"8538\"><strong data-start=\"8450\" data-end=\"8483\">Farga\u00f0u \u00fargangi \u00e1 \u00f6ruggan h\u00e1tt:<\/strong> Fylgi\u00f0 \u00f6ryggislei\u00f0beiningum ranns\u00f3knarstofunnar.<\/p>\n<\/li>\n<\/ol>\n<blockquote data-start=\"8540\" data-end=\"8625\">\n<p data-start=\"8542\" data-end=\"8625\">\u2697\ufe0f <strong data-start=\"8545\" data-end=\"8625\">Eing\u00f6ngu til ranns\u00f3knarstofupr\u00f3fana \u2013 ekki til manneldis.<\/strong><\/p>\n<\/blockquote>\n<hr data-start=\"8627\" data-end=\"8630\" \/>\n<h3 data-start=\"8632\" data-end=\"8657\"><strong data-start=\"8636\" data-end=\"8657\">Geymslulei\u00f0beiningar<\/strong><\/h3>\n<ul data-start=\"8659\" data-end=\"8844\">\n<li data-start=\"8659\" data-end=\"8701\">\n<p data-start=\"8661\" data-end=\"8701\">Vista \u00e1 <strong data-start=\"8672\" data-end=\"8681\">2\u20138\u00b0C<\/strong>, \u00feurrt og d\u00f6kkt.<\/p>\n<\/li>\n<li data-start=\"8702\" data-end=\"8738\">\n<p data-start=\"8704\" data-end=\"8738\">Geymi\u00f0 \u00edl\u00e1ti\u00f0 vel loka\u00f0.<\/p>\n<\/li>\n<li data-start=\"8739\" data-end=\"8784\">\n<p data-start=\"8741\" data-end=\"8784\">Vernda\u00f0u gegn <strong data-start=\"8756\" data-end=\"8781\">lj\u00f3s, raki og hiti<\/strong>.<\/p>\n<\/li>\n<li data-start=\"8785\" data-end=\"8844\">\n<p data-start=\"8787\" data-end=\"8844\">A\u00f0eins a\u00f0gengilegt vi\u00f0urkenndum starfsm\u00f6nnum ranns\u00f3knarstofunnar.<\/p>\n<\/li>\n<\/ul>\n<hr data-start=\"8846\" data-end=\"8849\" \/>\n<h3 data-start=\"8851\" data-end=\"8886\"><strong data-start=\"8855\" data-end=\"8886\">Algengar spurningar (FAQs)<\/strong><\/h3>\n<p data-start=\"8888\" data-end=\"9053\"><strong data-start=\"8888\" data-end=\"8925\">1. Til hvers er 3-FMC nota\u00f0?<\/strong><br data-start=\"8925\" data-end=\"8928\" \/>Fyrir <strong data-start=\"8933\" data-end=\"8981\">greiningar-, r\u00e9ttarmeinafr\u00e6\u00f0i- og efnafr\u00e6\u00f0ilegar ranns\u00f3knir<\/strong>, s\u00e9rstaklega mi\u00f0a\u00f0 a\u00f0 <strong data-start=\"9003\" data-end=\"9050\">kat\u00edn\u00f3n hli\u00f0st\u00e6\u00f0ur og eiturefnafr\u00e6\u00f0ilegar ranns\u00f3knir<\/strong>.<\/p>\n<p data-start=\"9055\" data-end=\"9242\"><strong data-start=\"9055\" data-end=\"9107\">2. Er 3-FMC hentugt til manneldis?<\/strong><br data-start=\"9107\" data-end=\"9110\" \/>Nei. <strong data-start=\"9115\" data-end=\"9124\">3-FMC<\/strong> er <strong data-start=\"9128\" data-end=\"9178\">eing\u00f6ngu \u00e6tla\u00f0 til ranns\u00f3kna \u00e1 ranns\u00f3knarstofu<\/strong> og <strong data-start=\"9182\" data-end=\"9239\">ekki hentugt til neyslu manna e\u00f0a d\u00fdra<\/strong>.<\/p>\n<p data-start=\"9244\" data-end=\"9382\"><strong data-start=\"9244\" data-end=\"9281\">3. Hvernig \u00e6tti a\u00f0 geyma 3-FMC?<\/strong><br data-start=\"9281\" data-end=\"9284\" \/>Spara\u00f0u \u00e1 <strong data-start=\"9298\" data-end=\"9340\">k\u00f6ldum, \u00feurrum og dimmum sta\u00f0 (2\u20138\u00b0C)<\/strong>, \u00ed <strong data-start=\"9349\" data-end=\"9379\">vel innsiglu\u00f0 umb\u00fa\u00f0ir<\/strong>.<\/p>\n<hr data-start=\"9384\" data-end=\"9387\" \/>\n<h3 data-start=\"9389\" data-end=\"9406\"><strong data-start=\"9393\" data-end=\"9406\">Ni\u00f0ursta\u00f0a<\/strong><\/h3>\n<p data-start=\"9408\" data-end=\"9652\"><strong data-start=\"9408\" data-end=\"9441\">3-FMC (3-fl\u00faormetkat\u00edn\u00f3n)<\/strong> er <strong data-start=\"9449\" data-end=\"9480\">h\u00e1g\u00e6\u00f0a ranns\u00f3knarefni<\/strong> af <strong data-start=\"9485\" data-end=\"9540\">fram\u00farskarandi hreinleiki, st\u00f6\u00f0ugleiki og samr\u00e6mi<\/strong>.<br data-start=\"9541\" data-end=\"9544\" \/>\u00dea\u00f0 er tilvali\u00f0 fyrir ranns\u00f3knarstofur sem einbeita s\u00e9r a\u00f0 <strong data-start=\"9595\" data-end=\"9649\">R\u00e9ttarfr\u00e6\u00f0ilegar, litskiljunar- og efnafr\u00e6\u00f0ilegar ranns\u00f3knir<\/strong>.<\/p>\n<h1><a style=\"font-size: 16px;\" href=\"https:\/\/researchchemicalhub.com\/is\/shop\/iboga-ibogaine\/iboga-root-bark\/\"><span dir=\"auto\" style=\"vertical-align: inherit;\"><span dir=\"auto\" style=\"vertical-align: inherit;\">iboga r\u00f3tarb\u00f6rkur<\/span><\/span><\/a><a style=\"font-size: 16px;\" href=\"https:\/\/researchchemicalhub.com\/is\/shop\/iboga-ibogaine\/buy-ibogaine-hcl-online\/\"><span dir=\"auto\" style=\"vertical-align: inherit;\"><span dir=\"auto\" style=\"vertical-align: inherit;\">kaupa ibogaine hcl \u00e1 netinu<\/span><\/span><\/a><a style=\"font-size: 16px;\" href=\"https:\/\/researchchemicalhub.com\/is\/shop\/pellets\/o-dsmt-50mg-pellets\/\"><span dir=\"auto\" style=\"vertical-align: inherit;\"><span dir=\"auto\" style=\"vertical-align: inherit;\">o-dsmt <\/span><\/span><\/a><a style=\"font-size: 16px;\" href=\"https:\/\/researchchemicalhub.com\/is\/shop\/lysergamides\/1vlsd\/\"><span dir=\"auto\" style=\"vertical-align: inherit;\"><span dir=\"auto\" style=\"vertical-align: inherit;\">1vlsd<\/span><\/span><\/a><a style=\"font-size: 16px;\" href=\"https:\/\/researchchemicalhub.com\/is\/shop\/lysergamides\/1cp-lsd\/\"><span dir=\"auto\" style=\"vertical-align: inherit;\"><span dir=\"auto\" style=\"vertical-align: inherit;\">1cp lsd<\/span><\/span><\/a><\/h1>","protected":false},"excerpt":{"rendered":"<h2><span style=\"vertical-align: inherit;\"><span style=\"vertical-align: inherit;\"><span dir=\"auto\" style=\"vertical-align: inherit;\"><span dir=\"auto\" style=\"vertical-align: inherit;\">3-FMC eiginleikar<\/span><\/span><\/span><\/span><\/h2>\n<p><strong><span style=\"vertical-align: inherit;\"><span style=\"vertical-align: inherit;\"><span dir=\"auto\" style=\"vertical-align: inherit;\"><span dir=\"auto\" style=\"vertical-align: inherit;\">Samheiti:<\/span><\/span><\/span><\/span><\/strong><span style=\"vertical-align: inherit;\"><span style=\"vertical-align: inherit;\"><span dir=\"auto\" style=\"vertical-align: inherit;\"><span dir=\"auto\" style=\"vertical-align: inherit;\"> 3-fl\u00faormetkat\u00edn\u00f3n \/ 1-(3-kl\u00f3rfen\u00fdl)-2-(et\u00fdlam\u00edn\u00f3)pr\u00f3pan-1-\u00f3n <\/span><\/span><\/span><\/span><strong><br \/>\n<span style=\"vertical-align: inherit;\"><span style=\"vertical-align: inherit;\"><span dir=\"auto\" style=\"vertical-align: inherit;\"><span dir=\"auto\" style=\"vertical-align: inherit;\">CAS-n\u00famer<\/span><\/span><\/span><\/span><\/strong><span style=\"vertical-align: inherit;\"><span style=\"vertical-align: inherit;\"><span dir=\"auto\" style=\"vertical-align: inherit;\"><span dir=\"auto\" style=\"vertical-align: inherit;\"> : 1049677-77-1 <\/span><\/span><\/span><\/span><br \/>\n<strong><span style=\"vertical-align: inherit;\"><span style=\"vertical-align: inherit;\"><span dir=\"auto\" style=\"vertical-align: inherit;\"><span dir=\"auto\" style=\"vertical-align: inherit;\">Form\u00fala<\/span><\/span><\/span><\/span><\/strong><span style=\"vertical-align: inherit;\"><span style=\"vertical-align: inherit;\"><span dir=\"auto\" style=\"vertical-align: inherit;\"><span dir=\"auto\" style=\"vertical-align: inherit;\"> C10H12FNO \u2022 HCL <\/span><\/span><\/span><\/span><br \/>\n<strong><span style=\"vertical-align: inherit;\"><span style=\"vertical-align: inherit;\"><span dir=\"auto\" style=\"vertical-align: inherit;\"><span dir=\"auto\" style=\"vertical-align: inherit;\">M\u00f3lmassi<\/span><\/span><\/span><\/span><\/strong><span style=\"vertical-align: inherit;\"><span style=\"vertical-align: inherit;\"><span dir=\"auto\" style=\"vertical-align: inherit;\"><span dir=\"auto\" style=\"vertical-align: inherit;\"> : 181,210 g\/m\u00f3l <\/span><\/span><\/span><\/span><br \/>\n<strong><span style=\"vertical-align: inherit;\"><span style=\"vertical-align: inherit;\"><span dir=\"auto\" style=\"vertical-align: inherit;\"><span dir=\"auto\" style=\"vertical-align: inherit;\">Hreinleiki<\/span><\/span><\/span><\/span><\/strong><span style=\"vertical-align: inherit;\"><span style=\"vertical-align: inherit;\"><span dir=\"auto\" style=\"vertical-align: inherit;\"><span dir=\"auto\" style=\"vertical-align: inherit;\"> : \u226599%<\/span><\/span><\/span><\/span><\/p>","protected":false},"featured_media":28404,"comment_status":"closed","ping_status":"closed","template":"","meta":[],"product_brand":[82],"product_cat":[554,322,79],"product_tag":[670,653,576,575,574,326],"class_list":{"0":"post-23860","1":"product","2":"type-product","3":"status-publish","4":"has-post-thumbnail","6":"product_brand-research-chemical","7":"product_cat-3-fmc","8":"product_cat-bijna-verboden","9":"product_cat-cathinonen","10":"product_tag-3-fmc-ervaringen","11":"product_tag-3-fluoromethcathinone","12":"product_tag-3-fmc","13":"product_tag-3fmc","14":"product_tag-3fmc-kopen","15":"product_tag-nl","17":"first","18":"instock","19":"taxable","20":"shipping-taxable","21":"purchasable","22":"product-type-variable"},"_links":{"self":[{"href":"https:\/\/researchchemicalhub.com\/is\/wp-json\/wp\/v2\/product\/23860","targetHints":{"allow":["GET"]}}],"collection":[{"href":"https:\/\/researchchemicalhub.com\/is\/wp-json\/wp\/v2\/product"}],"about":[{"href":"https:\/\/researchchemicalhub.com\/is\/wp-json\/wp\/v2\/types\/product"}],"replies":[{"embeddable":true,"href":"https:\/\/researchchemicalhub.com\/is\/wp-json\/wp\/v2\/comments?post=23860"}],"version-history":[{"count":6,"href":"https:\/\/researchchemicalhub.com\/is\/wp-json\/wp\/v2\/product\/23860\/revisions"}],"predecessor-version":[{"id":27931,"href":"https:\/\/researchchemicalhub.com\/is\/wp-json\/wp\/v2\/product\/23860\/revisions\/27931"}],"wp:featuredmedia":[{"embeddable":true,"href":"https:\/\/researchchemicalhub.com\/is\/wp-json\/wp\/v2\/media\/28404"}],"wp:attachment":[{"href":"https:\/\/researchchemicalhub.com\/is\/wp-json\/wp\/v2\/media?parent=23860"}],"wp:term":[{"taxonomy":"product_brand","embeddable":true,"href":"https:\/\/researchchemicalhub.com\/is\/wp-json\/wp\/v2\/product_brand?post=23860"},{"taxonomy":"product_cat","embeddable":true,"href":"https:\/\/researchchemicalhub.com\/is\/wp-json\/wp\/v2\/product_cat?post=23860"},{"taxonomy":"product_tag","embeddable":true,"href":"https:\/\/researchchemicalhub.com\/is\/wp-json\/wp\/v2\/product_tag?post=23860"}],"curies":[{"name":"wp","href":"https:\/\/api.w.org\/{rel}","templated":true}]}}