{"id":23834,"date":"2025-04-13T17:40:30","date_gmt":"2025-04-13T17:40:30","guid":{"rendered":"https:\/\/researchchemicalhub.com\/?post_type=product&#038;p=23834"},"modified":"2025-10-30T08:12:59","modified_gmt":"2025-10-30T08:12:59","slug":"jwh-210-kopen","status":"publish","type":"product","link":"https:\/\/researchchemicalhub.com\/is\/shop\/bijna-verboden\/jwh-210-kopen\/","title":{"rendered":"JWH-210 (John William Huffman \u2013 210)"},"content":{"rendered":"<p data-start=\"5035\" data-end=\"5263\"><strong data-start=\"5035\" data-end=\"5073\">JWH-210 (John William Huffman-210)<\/strong> er <strong data-start=\"5081\" data-end=\"5118\">tilb\u00fai\u00f0 kannab\u00edn\u00f3\u00ed\u00f0 \u00f6rvandi efni<\/strong> fr\u00e1 <strong data-start=\"5126\" data-end=\"5151\">naft\u00f3\u00fdlind\u00f3l fj\u00f6lskylda<\/strong>\u00dea\u00f0 var upphaflega \u00fer\u00f3a\u00f0 \u00e1 me\u00f0an fr\u00e6\u00f0ilegar ranns\u00f3knir voru ger\u00f0ar \u00e1 virkni kannab\u00edn\u00f3\u00ed\u00f0vi\u00f0taka. Kauptu JWH-210<\/p>\n<p data-start=\"5265\" data-end=\"5586\">\u00cd dag \u00fej\u00f3nar JWH-210 sem <strong data-start=\"5296\" data-end=\"5326\">vi\u00f0mi\u00f0unar- og greiningarefni<\/strong> \u00ed ranns\u00f3knarstofum sem stunda ranns\u00f3knir \u00e1 <strong data-start=\"5366\" data-end=\"5396\">tilb\u00fanir kannab\u00edn\u00f3\u00ed\u00f0ar<\/strong>, <strong data-start=\"5398\" data-end=\"5419\">greining \u00e1 efnaskiptum<\/strong> og <strong data-start=\"5423\" data-end=\"5455\">eiturefnafr\u00e6\u00f0ileg au\u00f0kenning<\/strong>Varan er <strong data-start=\"5472\" data-end=\"5522\">eing\u00f6ngu \u00e6tla\u00f0 til ranns\u00f3kna \u00e1 ranns\u00f3knarstofu<\/strong> og <strong data-start=\"5526\" data-end=\"5583\">ekki hentugt til neyslu manna e\u00f0a d\u00fdra<\/strong>.<\/p>\n<hr data-start=\"5588\" data-end=\"5591\" \/>\n<h3 data-start=\"5593\" data-end=\"5624\"><strong data-start=\"5597\" data-end=\"5624\">Lykilatri\u00f0i<\/strong><\/h3>\n<ul data-start=\"5626\" data-end=\"6080\">\n<li data-start=\"5626\" data-end=\"5709\">\n<p data-start=\"5628\" data-end=\"5709\"><strong data-start=\"5628\" data-end=\"5653\">Efnafr\u00e6\u00f0ileg au\u00f0kenni:<\/strong> Tilb\u00fai\u00f0 kannab\u00edn\u00f3\u00ed\u00f0 af flokki naft\u00f3\u00fdlind\u00f3ls.<\/p>\n<\/li>\n<li data-start=\"5710\" data-end=\"5790\">\n<p data-start=\"5712\" data-end=\"5790\"><strong data-start=\"5712\" data-end=\"5732\">Mikil hreinleiki:<\/strong> Hanna\u00f0 fyrir n\u00e1kv\u00e6mar uppg\u00f6tvunar- og greiningara\u00f0fer\u00f0ir.<\/p>\n<\/li>\n<li data-start=\"5791\" data-end=\"5884\">\n<p data-start=\"5793\" data-end=\"5884\"><strong data-start=\"5793\" data-end=\"5832\">Votta\u00f0 vi\u00f0mi\u00f0unarefni:<\/strong> Fylgir me\u00f0 greiningarvottor\u00f0i og lotug\u00f6gnum.<\/p>\n<\/li>\n<li data-start=\"5885\" data-end=\"5981\">\n<p data-start=\"5887\" data-end=\"5981\"><strong data-start=\"5887\" data-end=\"5910\">St\u00f6\u00f0ug uppbygging:<\/strong> Hentar til langt\u00edmageymslu vi\u00f0 st\u00fdr\u00f0ar a\u00f0st\u00e6\u00f0ur.<\/p>\n<\/li>\n<li data-start=\"5982\" data-end=\"6080\">\n<p data-start=\"5984\" data-end=\"6080\"><strong data-start=\"5984\" data-end=\"6018\">Samh\u00e6ft vi\u00f0 m\u00e6lit\u00e6kni:<\/strong> Gildir \u00ed <strong data-start=\"6033\" data-end=\"6042\">GC-MS<\/strong>, <strong data-start=\"6044\" data-end=\"6056\">LC-MS\/MS<\/strong> og <strong data-start=\"6060\" data-end=\"6068\">HPLC<\/strong> greiningar.<\/p>\n<\/li>\n<\/ul>\n<hr data-start=\"6082\" data-end=\"6085\" \/>\n<h3 data-start=\"6087\" data-end=\"6104\"><strong data-start=\"6091\" data-end=\"6104\">Kostir<\/strong><\/h3>\n<ul data-start=\"6106\" data-end=\"6616\">\n<li data-start=\"6106\" data-end=\"6223\">\n<p data-start=\"6108\" data-end=\"6223\"><strong data-start=\"6108\" data-end=\"6145\">Sty\u00f0ur greiningarranns\u00f3knir:<\/strong> Hj\u00e1lpar til vi\u00f0 a\u00f0 bera kennsl \u00e1 og magngreina tilb\u00fana kannab\u00edn\u00f3\u00ed\u00f0a.<\/p>\n<\/li>\n<li data-start=\"6224\" data-end=\"6313\">\n<p data-start=\"6226\" data-end=\"6313\"><strong data-start=\"6226\" data-end=\"6254\">Eykur n\u00e1kv\u00e6mni:<\/strong> Tryggir \u00e1rei\u00f0anlega kv\u00f6r\u00f0un greiningart\u00e6kja.<\/p>\n<\/li>\n<li data-start=\"6314\" data-end=\"6432\">\n<p data-start=\"6316\" data-end=\"6432\"><strong data-start=\"6316\" data-end=\"6357\">Nau\u00f0synlegt fyrir r\u00e9ttarmeinafr\u00e6\u00f0ilega ranns\u00f3kn:<\/strong> Stu\u00f0lar a\u00f0 skilningi \u00e1 byggingarlegum tengslum innan kannab\u00edn\u00f3\u00ed\u00f0a.<\/p>\n<\/li>\n<li data-start=\"6433\" data-end=\"6529\">\n<p data-start=\"6435\" data-end=\"6529\"><strong data-start=\"6435\" data-end=\"6466\">Strangt g\u00e6\u00f0aeftirlit:<\/strong> Framleitt samkv\u00e6mt al\u00fej\u00f3\u00f0legum ranns\u00f3knarstofulei\u00f0beiningum. Kauptu JWH-210<\/p>\n<\/li>\n<li data-start=\"6530\" data-end=\"6616\">\n<p data-start=\"6532\" data-end=\"6616\"><strong data-start=\"6532\" data-end=\"6558\">N\u00e1msums\u00f3kn:<\/strong> Hentar vel fyrir fr\u00e6\u00f0ilegt og v\u00edsindalegt n\u00e1m.<\/p>\n<\/li>\n<\/ul>\n<hr data-start=\"6618\" data-end=\"6621\" \/>\n<h3 data-start=\"6623\" data-end=\"6684\"><strong data-start=\"6627\" data-end=\"6684\">Lei\u00f0beiningar um notkun (eing\u00f6ngu \u00ed ranns\u00f3knarskyni)<\/strong><\/h3>\n<ol data-start=\"6686\" data-end=\"7020\">\n<li data-start=\"6686\" data-end=\"6799\">\n<p data-start=\"6689\" data-end=\"6799\"><strong data-start=\"6689\" data-end=\"6703\">Me\u00f0h\u00f6ndlun:<\/strong> Eing\u00f6ngu til notkunar \u00ed vi\u00f0urkenndum ranns\u00f3knarstofum af \u00fej\u00e1lfu\u00f0u starfsf\u00f3lki sem notar vi\u00f0eigandi hl\u00edf\u00f0arb\u00fana\u00f0.<\/p>\n<\/li>\n<li data-start=\"6800\" data-end=\"6886\">\n<p data-start=\"6803\" data-end=\"6886\"><strong data-start=\"6803\" data-end=\"6821\">Undirb\u00faningur:<\/strong> \u00deynni\u00f0 e\u00f0a \u00fatb\u00fai\u00f0 samkv\u00e6mt vi\u00f0urkenndum greiningarferlum.<\/p>\n<\/li>\n<li data-start=\"6887\" data-end=\"6945\">\n<p data-start=\"6890\" data-end=\"6945\"><strong data-start=\"6890\" data-end=\"6901\">Geymsla:<\/strong> Geymi\u00f0 \u00ed loft\u00fe\u00e9ttu \u00edl\u00e1ti \u00e1 k\u00f6ldum, \u00feurrum og dimmum sta\u00f0.<\/p>\n<\/li>\n<li data-start=\"6946\" data-end=\"7020\">\n<p data-start=\"6949\" data-end=\"7020\"><strong data-start=\"6949\" data-end=\"6960\">F\u00f6rgun:<\/strong> Fari\u00f0 me\u00f0 leifar \u00ed samr\u00e6mi vi\u00f0 \u00f6ryggis- og umhverfisreglur.<\/p>\n<\/li>\n<\/ol>\n<hr data-start=\"7022\" data-end=\"7025\" \/>\n<h3 data-start=\"7027\" data-end=\"7061\"><strong data-start=\"7031\" data-end=\"7061\">\u00d6ryggi og reglufylgni<\/strong><\/h3>\n<ul data-start=\"7063\" data-end=\"7546\">\n<li data-start=\"7063\" data-end=\"7159\">\n<p data-start=\"7065\" data-end=\"7159\"><strong data-start=\"7065\" data-end=\"7103\">A\u00f0eins fyrir ranns\u00f3knarstofuranns\u00f3knir:<\/strong> Ekki \u00e6tla\u00f0 til neyslu manna e\u00f0a d\u00fdra.<\/p>\n<\/li>\n<li data-start=\"7160\" data-end=\"7298\">\n<p data-start=\"7162\" data-end=\"7298\"><strong data-start=\"7162\" data-end=\"7190\">L\u00f6gleg atri\u00f0i:<\/strong> Eignarhald og notkun JWH-210 getur veri\u00f0 anna\u00f0 hvort stj\u00f3rna\u00f0 e\u00f0a banna\u00f0. Athugi\u00f0 alltaf gildandi reglur.<\/p>\n<\/li>\n<li data-start=\"7299\" data-end=\"7410\">\n<p data-start=\"7301\" data-end=\"7410\"><strong data-start=\"7301\" data-end=\"7329\">Heilbrig\u00f0i og \u00f6ryggi:<\/strong> For\u00f0ist snertingu og inn\u00f6ndun. Vinni\u00f0 \u00ed vel loftr\u00e6stum ranns\u00f3knarherbergi.<\/p>\n<\/li>\n<li data-start=\"7411\" data-end=\"7546\">\n<p data-start=\"7413\" data-end=\"7546\"><strong data-start=\"7413\" data-end=\"7430\">Skj\u00f6lun:<\/strong> A <strong data-start=\"7435\" data-end=\"7471\">\u00f6ryggisbla\u00f0 (MSDS)<\/strong> og greiningarvottor\u00f0 eru a\u00f0gengileg skr\u00e1\u00f0um stofnunum.<\/p>\n<\/li>\n<\/ul>\n<hr data-start=\"7548\" data-end=\"7551\" \/>\n<h3 data-start=\"7553\" data-end=\"7588\"><strong data-start=\"7557\" data-end=\"7588\">Algengar spurningar (FAQs)<\/strong><\/h3>\n<p data-start=\"7590\" data-end=\"7750\"><strong data-start=\"7590\" data-end=\"7629\">1. Til hvers er JWH-210 nota\u00f0?<\/strong><br data-start=\"7629\" data-end=\"7632\" \/>JWH-210 er nota\u00f0 sem <strong data-start=\"7659\" data-end=\"7677\">vi\u00f0mi\u00f0unarefni<\/strong> \u00ed greiningar- og r\u00e9ttarl\u00e6knisfr\u00e6\u00f0ilegum ranns\u00f3knum \u00e1 tilb\u00fanum kannab\u00edn\u00f3\u00ed\u00f0um.<\/p>\n<p data-start=\"7752\" data-end=\"7900\"><strong data-start=\"7752\" data-end=\"7777\">2. Er JWH-210 l\u00f6glegt?<\/strong><br data-start=\"7777\" data-end=\"7780\" \/>Hinn <strong data-start=\"7783\" data-end=\"7823\">L\u00f6gleg sta\u00f0a er mismunandi eftir l\u00f6ndum<\/strong>\u00c1 m\u00f6rgum svi\u00f0um fellur \u00fea\u00f0 undir \u00f3p\u00eduml\u00f6gin e\u00f0a svipa\u00f0ar regluger\u00f0ir.<\/p>\n<p data-start=\"7902\" data-end=\"8073\"><strong data-start=\"7902\" data-end=\"7944\">3. Hvernig \u00e6tti a\u00f0 geyma JWH-210?<\/strong><br data-start=\"7944\" data-end=\"7947\" \/>Vista \u00ed <strong data-start=\"7961\" data-end=\"7995\">kaldur, \u00feurr og dimmur sta\u00f0ur<\/strong>, r\u00e9tt loka\u00f0 og a\u00f0eins a\u00f0gengilegt vi\u00f0urkenndum starfsm\u00f6nnum ranns\u00f3knarstofunnar.<\/p>\n<p><a href=\"https:\/\/researchchemicalhub.com\/is\/shop\/pellets\/o-dsmt-50mg-pellets\/\">O-DSMT 50 mg k\u00falur <\/a><a href=\"https:\/\/researchchemicalhub.com\/is\/shop\/lysergamides\/1cp-lsd-150-mcg\/\">1cP-LSD 150 MCG listabletti <\/a><a href=\"https:\/\/researchchemicalhub.com\/is\/shop\/iboga-ibogaine\/iboga-root-bark\/\">1V-LSD 150 MCG \u00feynnur <\/a><\/p>","protected":false},"excerpt":{"rendered":"<h2>JWH-210<b>\u00a0<\/b>eiginleikar<\/h2>\n<p><strong>Samheiti: <\/strong>John William Huffman 210<strong><br \/>\nCAS-n\u00famer<\/strong>: 824959-81-1<br \/>\n<strong>Form\u00fala<\/strong>: <span title=\"Kolefni\">C<\/span><sub>26<\/sub><span title=\"Vetni\">H<\/span><sub>27<\/sub><span title=\"K\u00f6fnunarefni\">N<\/span><span title=\"S\u00farefni\">\u00d3<\/span><br \/>\n<strong>M\u00f3lmassi<\/strong>: 369,508 g m\u00f3l<br \/>\n<strong>Hreinleiki<\/strong>: \u226598%<\/p>","protected":false},"featured_media":28549,"comment_status":"closed","ping_status":"closed","template":"","meta":[],"product_brand":[82],"product_cat":[322,370,398],"product_tag":[629,644,778,664,326],"class_list":{"0":"post-23834","1":"product","2":"type-product","3":"status-publish","4":"has-post-thumbnail","6":"product_brand-research-chemical","7":"product_cat-bijna-verboden","8":"product_cat-jwh-210","9":"product_cat-verkoop","10":"product_tag-4-fma-kopen","11":"product_tag-4-fma","12":"product_tag-jwh-210","13":"product_tag-maxtc","14":"product_tag-nl","16":"first","17":"instock","18":"sale","19":"taxable","20":"shipping-taxable","21":"purchasable","22":"product-type-variable"},"_links":{"self":[{"href":"https:\/\/researchchemicalhub.com\/is\/wp-json\/wp\/v2\/product\/23834","targetHints":{"allow":["GET"]}}],"collection":[{"href":"https:\/\/researchchemicalhub.com\/is\/wp-json\/wp\/v2\/product"}],"about":[{"href":"https:\/\/researchchemicalhub.com\/is\/wp-json\/wp\/v2\/types\/product"}],"replies":[{"embeddable":true,"href":"https:\/\/researchchemicalhub.com\/is\/wp-json\/wp\/v2\/comments?post=23834"}],"version-history":[{"count":7,"href":"https:\/\/researchchemicalhub.com\/is\/wp-json\/wp\/v2\/product\/23834\/revisions"}],"predecessor-version":[{"id":27948,"href":"https:\/\/researchchemicalhub.com\/is\/wp-json\/wp\/v2\/product\/23834\/revisions\/27948"}],"wp:featuredmedia":[{"embeddable":true,"href":"https:\/\/researchchemicalhub.com\/is\/wp-json\/wp\/v2\/media\/28549"}],"wp:attachment":[{"href":"https:\/\/researchchemicalhub.com\/is\/wp-json\/wp\/v2\/media?parent=23834"}],"wp:term":[{"taxonomy":"product_brand","embeddable":true,"href":"https:\/\/researchchemicalhub.com\/is\/wp-json\/wp\/v2\/product_brand?post=23834"},{"taxonomy":"product_cat","embeddable":true,"href":"https:\/\/researchchemicalhub.com\/is\/wp-json\/wp\/v2\/product_cat?post=23834"},{"taxonomy":"product_tag","embeddable":true,"href":"https:\/\/researchchemicalhub.com\/is\/wp-json\/wp\/v2\/product_tag?post=23834"}],"curies":[{"name":"wp","href":"https:\/\/api.w.org\/{rel}","templated":true}]}}