{"id":23807,"date":"2025-04-13T17:40:27","date_gmt":"2025-04-13T17:40:27","guid":{"rendered":"https:\/\/researchchemicalhub.com\/?post_type=product&#038;p=23807"},"modified":"2025-10-30T08:18:30","modified_gmt":"2025-10-30T08:18:30","slug":"4b-mar","status":"publish","type":"product","link":"https:\/\/researchchemicalhub.com\/is\/shop\/aminorex\/4b-mar\/","title":{"rendered":"4B-MAR (4-Br\u00f3m\u00f3-4-met\u00fdlam\u00edn\u00f3rex)"},"content":{"rendered":"<p data-start=\"5051\" data-end=\"5284\"><strong data-start=\"5051\" data-end=\"5088\">4B-MAR (4-Br\u00f3m\u00f3-4-met\u00fdlam\u00edn\u00f3rex)<\/strong> er <strong data-start=\"5096\" data-end=\"5129\">tilb\u00fai\u00f0 am\u00edn\u00f3rex aflei\u00f0a<\/strong> fr\u00e1 <strong data-start=\"5137\" data-end=\"5157\">oxaz\u00f3l\u00ednflokkur<\/strong>\u00dea\u00f0 er nota\u00f0 \u00ed <strong data-start=\"5181\" data-end=\"5218\">r\u00e9ttar- og greiningarefnafr\u00e6\u00f0i<\/strong> vegna byggingarl\u00edkingar vi\u00f0 a\u00f0rar am\u00edn\u00f3rex hli\u00f0st\u00e6\u00f0ur. <span class=\"___SBox_epc1q-ko_ ___SText_zko9t-ko_\" data-ui-name=\"Link.Text\">4. mars<\/span><\/p>\n<p data-start=\"5286\" data-end=\"5540\">\u00deessi vara er <strong data-start=\"5301\" data-end=\"5370\">eing\u00f6ngu \u00e6tla\u00f0 til v\u00edsindalegra og greiningarranns\u00f3kna<\/strong>Ranns\u00f3knarstofur nota \u00fea\u00f0 til a\u00f0 <strong data-start=\"5401\" data-end=\"5441\">sta\u00f0gengd oxas\u00f3l\u00edn efnasamb\u00f6nd<\/strong> a\u00f0 l\u00e6ra, <strong data-start=\"5457\" data-end=\"5492\">a\u00f0 \u00fer\u00f3a greiningara\u00f0fer\u00f0ir<\/strong> og <strong data-start=\"5496\" data-end=\"5537\">a\u00f0 greina litr\u00f3fseiginleika<\/strong>.<\/p>\n<p data-start=\"5542\" data-end=\"5689\">Varan er <strong data-start=\"5557\" data-end=\"5614\">ekki hentugt til neyslu manna e\u00f0a d\u00fdra<\/strong> og \u00e6tti a\u00f0eins a\u00f0 vera me\u00f0h\u00f6ndla\u00f0 af h\u00e6fu starfsf\u00f3lki ranns\u00f3knarstofunnar.<\/p>\n<hr data-start=\"5691\" data-end=\"5694\" \/>\n<h3 data-start=\"5696\" data-end=\"5727\"><strong data-start=\"5700\" data-end=\"5727\">Lykilatri\u00f0i<\/strong><\/h3>\n<ul data-start=\"5729\" data-end=\"6240\">\n<li data-start=\"5729\" data-end=\"5827\">\n<p data-start=\"5731\" data-end=\"5827\"><strong data-start=\"5731\" data-end=\"5751\">Mikil hreinleiki:<\/strong> Framleitt me\u00f0 n\u00e1kv\u00e6mni og endurtakanlegar ranns\u00f3knarni\u00f0urst\u00f6\u00f0ur a\u00f0 lei\u00f0arlj\u00f3si.<\/p>\n<\/li>\n<li data-start=\"5828\" data-end=\"5937\">\n<p data-start=\"5830\" data-end=\"5937\"><strong data-start=\"5830\" data-end=\"5869\">Votta\u00f0 vi\u00f0mi\u00f0unarefni:<\/strong> Fylgir me\u00f0 <strong data-start=\"5883\" data-end=\"5911\">greiningarvottor\u00f0 (COA)<\/strong> til g\u00e6\u00f0atryggingar.<\/p>\n<\/li>\n<li data-start=\"5938\" data-end=\"6035\">\n<p data-start=\"5940\" data-end=\"6035\"><strong data-start=\"5940\" data-end=\"5972\">Greiningarsamr\u00fdmanleiki:<\/strong> Hentar fyrir <strong data-start=\"5987\" data-end=\"5996\">GC-MS<\/strong>, <strong data-start=\"5998\" data-end=\"6007\">LC-MS<\/strong> og <strong data-start=\"6011\" data-end=\"6019\">HPLC<\/strong> ums\u00f3knir.<\/p>\n<\/li>\n<li data-start=\"6036\" data-end=\"6141\">\n<p data-start=\"6038\" data-end=\"6141\"><strong data-start=\"6038\" data-end=\"6064\">R\u00e9ttarfr\u00e6\u00f0ilega vi\u00f0eigandi:<\/strong> Nota\u00f0 \u00ed eiturefnafr\u00e6\u00f0i, efnasamb\u00f6ndagreiningu og litr\u00f3fstilv\u00edsunum.<\/p>\n<\/li>\n<li data-start=\"6142\" data-end=\"6240\">\n<p data-start=\"6144\" data-end=\"6240\"><strong data-start=\"6144\" data-end=\"6171\">St\u00f6\u00f0ug samsetning:<\/strong> Hanna\u00f0 til langt\u00edmageymslu vi\u00f0 ranns\u00f3knarstofua\u00f0st\u00e6\u00f0ur.<\/p>\n<\/li>\n<\/ul>\n<hr data-start=\"6242\" data-end=\"6245\" \/>\n<h3 data-start=\"6247\" data-end=\"6264\"><strong data-start=\"6251\" data-end=\"6264\">Kostir<\/strong><\/h3>\n<ul data-start=\"6266\" data-end=\"6740\">\n<li data-start=\"6266\" data-end=\"6367\">\n<p data-start=\"6268\" data-end=\"6367\"><strong data-start=\"6268\" data-end=\"6305\">Sty\u00f0ur r\u00e9ttarmeinafr\u00e6\u00f0ilegar ranns\u00f3knir:<\/strong> Hj\u00e1lpar til vi\u00f0 a\u00f0 bera kennsl \u00e1 og sta\u00f0festa aminorex hli\u00f0st\u00e6\u00f0ur.<\/p>\n<\/li>\n<li data-start=\"6368\" data-end=\"6448\">\n<p data-start=\"6370\" data-end=\"6448\"><strong data-start=\"6370\" data-end=\"6397\">\u00c1rei\u00f0anlegar ni\u00f0urst\u00f6\u00f0ur:<\/strong> Veitir samr\u00e6md g\u00f6gn fyrir greiningarranns\u00f3knir.<\/p>\n<\/li>\n<li data-start=\"6449\" data-end=\"6541\">\n<p data-start=\"6451\" data-end=\"6541\"><strong data-start=\"6451\" data-end=\"6477\">N\u00e1msums\u00f3kn:<\/strong> Hentar vel til fr\u00e6\u00f0ilegra ranns\u00f3kna \u00e1 efnafr\u00e6\u00f0ilegum uppbyggingum.<\/p>\n<\/li>\n<li data-start=\"6542\" data-end=\"6643\">\n<p data-start=\"6544\" data-end=\"6643\"><strong data-start=\"6544\" data-end=\"6574\">Eiturefnafr\u00e6\u00f0ileg \u00fe\u00fd\u00f0ing:<\/strong> Sty\u00f0ur ranns\u00f3knir \u00e1 greiningara\u00f0fer\u00f0um \u00ed l\u00edffr\u00e6\u00f0ilegum s\u00fdnum. <span class=\"___SBox_epc1q-ko_ ___SText_zko9t-ko_\" data-ui-name=\"Link.Text\">4. mars<\/span><\/p>\n<\/li>\n<li data-start=\"6644\" data-end=\"6740\">\n<p data-start=\"6646\" data-end=\"6740\"><strong data-start=\"6646\" data-end=\"6686\">Uppfyllir sta\u00f0la ranns\u00f3knarstofu:<\/strong> Framleitt samkv\u00e6mt str\u00f6ngum ranns\u00f3knarlei\u00f0beiningum.<\/p>\n<\/li>\n<\/ul>\n<hr data-start=\"6742\" data-end=\"6745\" \/>\n<h3 data-start=\"6747\" data-end=\"6808\"><strong data-start=\"6751\" data-end=\"6808\">Lei\u00f0beiningar um notkun (eing\u00f6ngu \u00ed ranns\u00f3knarskyni)<\/strong><\/h3>\n<ol data-start=\"6810\" data-end=\"7175\">\n<li data-start=\"6810\" data-end=\"6928\">\n<p data-start=\"6813\" data-end=\"6928\"><strong data-start=\"6813\" data-end=\"6831\">Undirb\u00faningur:<\/strong> Notist \u00ed vi\u00f0urkenndum ranns\u00f3knarstofum me\u00f0 vi\u00f0eigandi \u00f6ryggisb\u00fana\u00f0i (hanskum, hl\u00edf\u00f0argleraugu, ranns\u00f3knarstofuslopp).<\/p>\n<\/li>\n<li data-start=\"6929\" data-end=\"7018\">\n<p data-start=\"6932\" data-end=\"7018\"><strong data-start=\"6932\" data-end=\"6947\">Ums\u00f3kn:<\/strong> Noti\u00f0 \u00ed samr\u00e6mi vi\u00f0 vi\u00f0urkenndar greiningar- e\u00f0a r\u00e9ttarmeinafr\u00e6\u00f0ilegar a\u00f0fer\u00f0ir.<\/p>\n<\/li>\n<li data-start=\"7019\" data-end=\"7095\">\n<p data-start=\"7022\" data-end=\"7095\"><strong data-start=\"7022\" data-end=\"7033\">Geymsla:<\/strong> Geymi\u00f0 \u00e1 k\u00f6ldum, \u00feurrum og dimmum sta\u00f0 \u00ed vel loku\u00f0um \u00edl\u00e1tum.<\/p>\n<\/li>\n<li data-start=\"7096\" data-end=\"7175\">\n<p data-start=\"7099\" data-end=\"7175\"><strong data-start=\"7099\" data-end=\"7110\">F\u00f6rgun:<\/strong> Fari\u00f0 me\u00f0 leifar \u00ed samr\u00e6mi vi\u00f0 gildandi lei\u00f0beiningar um efna\u00fargang.<\/p>\n<\/li>\n<\/ol>\n<hr data-start=\"7177\" data-end=\"7180\" \/>\n<h3 data-start=\"7182\" data-end=\"7216\"><strong data-start=\"7186\" data-end=\"7216\">\u00d6ryggi og reglufylgni<\/strong><\/h3>\n<ul data-start=\"7218\" data-end=\"7645\">\n<li data-start=\"7218\" data-end=\"7313\">\n<p data-start=\"7220\" data-end=\"7313\"><strong data-start=\"7220\" data-end=\"7256\">A\u00f0eins til notkunar \u00e1 ranns\u00f3knarstofu:<\/strong> Ekki hentugt til neyslu manna e\u00f0a d\u00fdra.<\/p>\n<\/li>\n<li data-start=\"7314\" data-end=\"7436\">\n<p data-start=\"7316\" data-end=\"7436\"><strong data-start=\"7316\" data-end=\"7344\">L\u00f6gleg atri\u00f0i:<\/strong> Sta\u00f0a 4B-MAR getur veri\u00f0 mismunandi eftir l\u00f6ndum. Athugi\u00f0 alltaf gildandi reglur.<\/p>\n<\/li>\n<li data-start=\"7437\" data-end=\"7520\">\n<p data-start=\"7439\" data-end=\"7520\"><strong data-start=\"7439\" data-end=\"7457\">\u00d6rugg vinna:<\/strong> For\u00f0ist snertingu og noti\u00f0 \u00e1 vel loftr\u00e6stum sta\u00f0.<\/p>\n<\/li>\n<li data-start=\"7521\" data-end=\"7645\">\n<p data-start=\"7523\" data-end=\"7645\"><strong data-start=\"7523\" data-end=\"7540\">Skj\u00f6lun:<\/strong> A <strong data-start=\"7545\" data-end=\"7581\">\u00f6ryggisbla\u00f0 (MSDS)<\/strong> og <strong data-start=\"7585\" data-end=\"7613\">greiningarvottor\u00f0 (COA)<\/strong> eru f\u00e1anleg ef \u00f3ska\u00f0 er.<\/p>\n<\/li>\n<\/ul>\n<hr data-start=\"7647\" data-end=\"7650\" \/>\n<h3 data-start=\"7652\" data-end=\"7687\"><strong data-start=\"7656\" data-end=\"7687\">Algengar spurningar (FAQs)<\/strong><\/h3>\n<p data-start=\"7689\" data-end=\"7838\"><strong data-start=\"7689\" data-end=\"7727\">1. Til hvers er 4B-MAR nota\u00f0?<\/strong><br data-start=\"7727\" data-end=\"7730\" \/>4B-MAR er nota\u00f0 sem <strong data-start=\"7756\" data-end=\"7774\">vi\u00f0mi\u00f0unarefni<\/strong> \u00ed greiningar- og r\u00e9ttarl\u00e6knisfr\u00e6\u00f0ilegum ranns\u00f3knum \u00e1 aminorex hli\u00f0st\u00e6\u00f0um.<\/p>\n<p data-start=\"7840\" data-end=\"8016\"><strong data-start=\"7840\" data-end=\"7891\">2. Er 4B-MAR \u00f6ruggt til manneldis?<\/strong><br data-start=\"7891\" data-end=\"7894\" \/>Nei. \u00deessi vara er <strong data-start=\"7914\" data-end=\"7952\">eing\u00f6ngu \u00e6tla\u00f0 til ranns\u00f3knar<\/strong> og <strong data-start=\"7956\" data-end=\"8013\">ekki hentugt til neyslu manna e\u00f0a d\u00fdra<\/strong>.<\/p>\n<p data-start=\"8018\" data-end=\"8163\"><strong data-start=\"8018\" data-end=\"8059\">3. Hvernig \u00e6tti a\u00f0 geyma 4B-MAR?<\/strong><br data-start=\"8059\" data-end=\"8062\" \/>Spara\u00f0u \u00e1 <strong data-start=\"8076\" data-end=\"8110\">kaldur, \u00feurr og dimmur sta\u00f0ur<\/strong>, vel loka\u00f0 og \u00fear sem \u00f3vi\u00f0komandi a\u00f0ilar n\u00e1 ekki til.<\/p>","protected":false},"excerpt":{"rendered":"<h2>4B-MAR \/ <b>4\u2032-br\u00f3m\u00f3-4-met\u00fdlam\u00edn\u00f3rex <\/b>eiginleikar<\/h2>\n<p><strong>Samheiti: 4-met\u00fdl-5-(4-br\u00f3m\u00f3fen\u00fdl)-4,5-d\u00edh\u00fddr\u00f3-1,3-oxas\u00f3l-2-am\u00edn<br \/>\nCAS-n\u00famer<\/strong>NVT<br \/>\n<strong>Form\u00fala<\/strong>: <span title=\"Kolefni\">C<\/span><sub>10<\/sub><span title=\"Vetni\">H<\/span><sub>11<\/sub><span title=\"Fl\u00faor\">F<\/span><span title=\"K\u00f6fnunarefni\">N<\/span><sub>2<\/sub><span title=\"S\u00farefni\">\u00d3<\/span><br \/>\n<strong>M\u00f3lmassi<\/strong>: <span class=\"nowrap\">195.039<\/span> g m\u00f3l<br \/>\n<strong>Hreinleiki<\/strong>: \u226598%<\/p>","protected":false},"featured_media":28426,"comment_status":"closed","ping_status":"closed","template":"","meta":[],"product_brand":[],"product_cat":[552],"product_tag":[1111,648,326],"class_list":{"0":"post-23807","1":"product","2":"type-product","3":"status-publish","4":"has-post-thumbnail","6":"product_cat-aminorex","7":"product_tag-4b-mar-kopen","8":"product_tag-4b-mar","9":"product_tag-nl","11":"first","12":"instock","13":"taxable","14":"shipping-taxable","15":"purchasable","16":"product-type-variable"},"_links":{"self":[{"href":"https:\/\/researchchemicalhub.com\/is\/wp-json\/wp\/v2\/product\/23807","targetHints":{"allow":["GET"]}}],"collection":[{"href":"https:\/\/researchchemicalhub.com\/is\/wp-json\/wp\/v2\/product"}],"about":[{"href":"https:\/\/researchchemicalhub.com\/is\/wp-json\/wp\/v2\/types\/product"}],"replies":[{"embeddable":true,"href":"https:\/\/researchchemicalhub.com\/is\/wp-json\/wp\/v2\/comments?post=23807"}],"version-history":[{"count":4,"href":"https:\/\/researchchemicalhub.com\/is\/wp-json\/wp\/v2\/product\/23807\/revisions"}],"predecessor-version":[{"id":27952,"href":"https:\/\/researchchemicalhub.com\/is\/wp-json\/wp\/v2\/product\/23807\/revisions\/27952"}],"wp:featuredmedia":[{"embeddable":true,"href":"https:\/\/researchchemicalhub.com\/is\/wp-json\/wp\/v2\/media\/28426"}],"wp:attachment":[{"href":"https:\/\/researchchemicalhub.com\/is\/wp-json\/wp\/v2\/media?parent=23807"}],"wp:term":[{"taxonomy":"product_brand","embeddable":true,"href":"https:\/\/researchchemicalhub.com\/is\/wp-json\/wp\/v2\/product_brand?post=23807"},{"taxonomy":"product_cat","embeddable":true,"href":"https:\/\/researchchemicalhub.com\/is\/wp-json\/wp\/v2\/product_cat?post=23807"},{"taxonomy":"product_tag","embeddable":true,"href":"https:\/\/researchchemicalhub.com\/is\/wp-json\/wp\/v2\/product_tag?post=23807"}],"curies":[{"name":"wp","href":"https:\/\/api.w.org\/{rel}","templated":true}]}}