{"id":23796,"date":"2025-04-13T17:40:27","date_gmt":"2025-04-13T17:40:27","guid":{"rendered":"https:\/\/researchchemicalhub.com\/?post_type=product&#038;p=23796"},"modified":"2025-10-30T08:16:06","modified_gmt":"2025-10-30T08:16:06","slug":"pyrazolam-3-mg-pellets","status":"publish","type":"product","link":"https:\/\/researchchemicalhub.com\/is\/shop\/benzodiazepinen\/pyrazolam-3-mg-pellets\/","title":{"rendered":"Pyrazolam 3 MG k\u00falur"},"content":{"rendered":"<p data-start=\"4849\" data-end=\"5106\"><strong data-start=\"4849\" data-end=\"4862\">P\u00fdras\u00f3lam<\/strong> er <strong data-start=\"4870\" data-end=\"4897\">bens\u00f3d\u00edazep\u00edn aflei\u00f0a<\/strong> sem er nota\u00f0 fyrir <strong data-start=\"4922\" data-end=\"4978\">v\u00edsindalegar, greiningar- og r\u00e9ttarranns\u00f3knir<\/strong>\u00cd pilluformi \u00fej\u00f3nar \u00fea\u00f0 sem <strong data-start=\"5012\" data-end=\"5051\">n\u00e1kv\u00e6mlega m\u00e6lt vi\u00f0mi\u00f0unarefni<\/strong> fyrir kv\u00f6r\u00f0un \u00ed ranns\u00f3knarstofu og au\u00f0kenningu efnasambanda. pyrazolam<\/p>\n<p data-start=\"5108\" data-end=\"5428\">Hinn <strong data-start=\"5111\" data-end=\"5137\">Pyrazolam 3 mg k\u00falur<\/strong> eru eing\u00f6ngu \u00e6tlu\u00f0 fyrir <strong data-start=\"5168\" data-end=\"5209\">ranns\u00f3knir og greiningarforrit<\/strong>\u00deau eru <strong data-start=\"5219\" data-end=\"5276\">ekki hentugt til neyslu manna e\u00f0a d\u00fdra<\/strong>Ranns\u00f3knarstofur nota \u00feessar k\u00falur til a\u00f0 rannsaka bens\u00f3d\u00edazep\u00edn hli\u00f0st\u00e6\u00f0ur, \u00fer\u00f3a greiningara\u00f0fer\u00f0ir og framkv\u00e6ma eiturefnafr\u00e6\u00f0ilegar greiningar.<\/p>\n<hr data-start=\"5430\" data-end=\"5433\" \/>\n<h3 data-start=\"5435\" data-end=\"5466\"><strong data-start=\"5439\" data-end=\"5466\">Lykilatri\u00f0i<\/strong><\/h3>\n<ul data-start=\"5468\" data-end=\"5962\">\n<li data-start=\"5468\" data-end=\"5569\">\n<p data-start=\"5470\" data-end=\"5569\"><strong data-start=\"5470\" data-end=\"5495\">N\u00e1kv\u00e6m skammtur:<\/strong> Hver pilla inniheldur 3 mg af p\u00fdras\u00f3lami til a\u00f0 tryggja samr\u00e6mdar ranns\u00f3knarni\u00f0urst\u00f6\u00f0ur.<\/p>\n<\/li>\n<li data-start=\"5570\" data-end=\"5663\">\n<p data-start=\"5572\" data-end=\"5663\"><strong data-start=\"5572\" data-end=\"5592\">Mikil hreinleiki:<\/strong> Framleitt undir str\u00f6ngu g\u00e6\u00f0aeftirliti til a\u00f0 tryggja \u00e1rei\u00f0anlegar uppl\u00fdsingar.<\/p>\n<\/li>\n<li data-start=\"5664\" data-end=\"5763\">\n<p data-start=\"5666\" data-end=\"5763\"><strong data-start=\"5666\" data-end=\"5690\">Vi\u00f0mi\u00f0unarsta\u00f0all:<\/strong> Hentar fyrir greiningar-, eiturefnafr\u00e6\u00f0ilegar og r\u00e9ttarmeinafr\u00e6\u00f0ilegar notkunar.<\/p>\n<\/li>\n<li data-start=\"5764\" data-end=\"5868\">\n<p data-start=\"5766\" data-end=\"5868\"><strong data-start=\"5766\" data-end=\"5790\">St\u00f6\u00f0ug k\u00f6gglaform:<\/strong> Au\u00f0velt a\u00f0 geyma, flytja og me\u00f0h\u00f6ndla \u00e1n \u00feess a\u00f0 g\u00e6\u00f0i tapist.<\/p>\n<\/li>\n<li data-start=\"5869\" data-end=\"5962\">\n<p data-start=\"5871\" data-end=\"5962\"><strong data-start=\"5871\" data-end=\"5888\">Skj\u00f6lun:<\/strong> Fylgir me\u00f0 <strong data-start=\"5906\" data-end=\"5934\">greiningarvottor\u00f0 (COA)<\/strong> og yfirl\u00fdsing um hreinleika.<\/p>\n<\/li>\n<\/ul>\n<hr data-start=\"5964\" data-end=\"5967\" \/>\n<h3 data-start=\"5969\" data-end=\"5986\"><strong data-start=\"5973\" data-end=\"5986\">Kostir<\/strong><\/h3>\n<ul data-start=\"5988\" data-end=\"6467\">\n<li data-start=\"5988\" data-end=\"6105\">\n<p data-start=\"5990\" data-end=\"6105\"><strong data-start=\"5990\" data-end=\"6026\">Aukin n\u00e1kv\u00e6mni greiningarefnis:<\/strong> Sty\u00f0ur kv\u00f6r\u00f0un \u00e1 litr\u00f3fs- og litr\u00f3fsm\u00e6lingab\u00fana\u00f0i.<\/p>\n<\/li>\n<li data-start=\"6106\" data-end=\"6203\">\n<p data-start=\"6108\" data-end=\"6203\"><strong data-start=\"6108\" data-end=\"6134\">R\u00e9ttarfr\u00e6\u00f0ilega vi\u00f0eigandi:<\/strong> Nota\u00f0 vi\u00f0 greiningu bens\u00f3d\u00edazep\u00edna \u00ed r\u00e9ttarl\u00e6knisfr\u00e6\u00f0ilegum ranns\u00f3knum.<\/p>\n<\/li>\n<li data-start=\"6204\" data-end=\"6292\">\n<p data-start=\"6206\" data-end=\"6292\"><strong data-start=\"6206\" data-end=\"6228\">Menntunarlegt gildi:<\/strong> Hentar vel fyrir n\u00e1m \u00ed efnafr\u00e6\u00f0i og eiturefnafr\u00e6\u00f0i.<\/p>\n<\/li>\n<li data-start=\"6293\" data-end=\"6376\">\n<p data-start=\"6295\" data-end=\"6376\"><strong data-start=\"6295\" data-end=\"6326\">Endurtakanlegar ni\u00f0urst\u00f6\u00f0ur:<\/strong> Pelletform l\u00e1gmarkar breytileika milli pr\u00f3fana.<\/p>\n<\/li>\n<li data-start=\"6377\" data-end=\"6467\">\n<p data-start=\"6379\" data-end=\"6467\"><strong data-start=\"6379\" data-end=\"6410\">\u00d6rugg notkun \u00e1 ranns\u00f3knarstofu:<\/strong> Framleitt samkv\u00e6mt al\u00fej\u00f3\u00f0legum \u00f6ryggisst\u00f6\u00f0lum.<\/p>\n<\/li>\n<\/ul>\n<hr data-start=\"6469\" data-end=\"6472\" \/>\n<h3 data-start=\"6474\" data-end=\"6535\"><strong data-start=\"6478\" data-end=\"6535\">Lei\u00f0beiningar um notkun (eing\u00f6ngu \u00ed ranns\u00f3knarskyni)<\/strong><\/h3>\n<ol data-start=\"6537\" data-end=\"6883\">\n<li data-start=\"6537\" data-end=\"6639\">\n<p data-start=\"6540\" data-end=\"6639\"><strong data-start=\"6540\" data-end=\"6558\">Undirb\u00faningur:<\/strong> Noti\u00f0 a\u00f0eins \u00ed vi\u00f0urkenndum ranns\u00f3knarstofum me\u00f0 vi\u00f0eigandi hl\u00edf\u00f0arb\u00fana\u00f0i.<\/p>\n<\/li>\n<li data-start=\"6640\" data-end=\"6732\">\n<p data-start=\"6643\" data-end=\"6732\"><strong data-start=\"6643\" data-end=\"6658\">Ums\u00f3kn:<\/strong> Noti\u00f0 samkv\u00e6mt vi\u00f0urkenndum greiningar- e\u00f0a litskiljunara\u00f0fer\u00f0um.<\/p>\n<\/li>\n<li data-start=\"6733\" data-end=\"6796\">\n<p data-start=\"6736\" data-end=\"6796\"><strong data-start=\"6736\" data-end=\"6747\">Geymsla:<\/strong> Geymi\u00f0 \u00e1 k\u00f6ldum, \u00feurrum og dimmum sta\u00f0, vel loka\u00f0.<\/p>\n<\/li>\n<li data-start=\"6797\" data-end=\"6883\">\n<p data-start=\"6800\" data-end=\"6883\"><strong data-start=\"6800\" data-end=\"6811\">F\u00f6rgun:<\/strong> Fari\u00f0 me\u00f0 leifar \u00ed samr\u00e6mi vi\u00f0 gildandi reglur um efna\u00fargang.<\/p>\n<\/li>\n<\/ol>\n<hr data-start=\"6885\" data-end=\"6888\" \/>\n<h3 data-start=\"6890\" data-end=\"6924\"><strong data-start=\"6894\" data-end=\"6924\">\u00d6ryggi og reglufylgni<\/strong><\/h3>\n<ul data-start=\"6926\" data-end=\"7348\">\n<li data-start=\"6926\" data-end=\"7022\">\n<p data-start=\"6928\" data-end=\"7022\"><strong data-start=\"6928\" data-end=\"6966\">A\u00f0eins fyrir ranns\u00f3knarstofuranns\u00f3knir:<\/strong> Ekki \u00e6tla\u00f0 til neyslu manna e\u00f0a d\u00fdra.<\/p>\n<\/li>\n<li data-start=\"7023\" data-end=\"7150\">\n<p data-start=\"7025\" data-end=\"7150\"><strong data-start=\"7025\" data-end=\"7053\">L\u00f6gleg atri\u00f0i:<\/strong> L\u00f6gleg sta\u00f0a Pyrazolams er mismunandi eftir l\u00f6ndum. Athugi\u00f0 alltaf gildandi reglur.<\/p>\n<\/li>\n<li data-start=\"7151\" data-end=\"7257\">\n<p data-start=\"7153\" data-end=\"7257\"><strong data-start=\"7153\" data-end=\"7181\">Heilbrig\u00f0i og \u00f6ryggi:<\/strong> For\u00f0ist inn\u00f6ndun og snertingu vi\u00f0 h\u00fa\u00f0. Noti\u00f0 undir eftirliti s\u00e9rfr\u00e6\u00f0ings.<\/p>\n<\/li>\n<li data-start=\"7258\" data-end=\"7348\">\n<p data-start=\"7260\" data-end=\"7348\"><strong data-start=\"7260\" data-end=\"7277\">Skj\u00f6lun:<\/strong> A <strong data-start=\"7282\" data-end=\"7318\">\u00f6ryggisbla\u00f0 (MSDS)<\/strong> er \u00ed bo\u00f0i s\u00e9 \u00feess \u00f3ska\u00f0.<\/p>\n<\/li>\n<\/ul>\n<hr data-start=\"7350\" data-end=\"7353\" \/>\n<h3 data-start=\"7355\" data-end=\"7390\"><strong data-start=\"7359\" data-end=\"7390\">Algengar spurningar (FAQs)<\/strong><\/h3>\n<p data-start=\"7392\" data-end=\"7554\"><strong data-start=\"7392\" data-end=\"7447\">1. Til hvers eru Pyrazolam 3 mg pellets nota\u00f0ar?<\/strong><br data-start=\"7447\" data-end=\"7450\" \/>\u00deau eru notu\u00f0 sem <strong data-start=\"7473\" data-end=\"7496\">vi\u00f0mi\u00f0unarsta\u00f0all<\/strong> til greiningar-, r\u00e9ttarl\u00e6knisfr\u00e6\u00f0ilegra og eiturefnafr\u00e6\u00f0ilegra ranns\u00f3kna.<\/p>\n<p data-start=\"7556\" data-end=\"7735\"><strong data-start=\"7556\" data-end=\"7616\">2. Eru \u00feessar k\u00falur \u00e6tla\u00f0ar til manneldis?<\/strong><br data-start=\"7616\" data-end=\"7619\" \/>Nei. \u00deessar k\u00falur eru <strong data-start=\"7642\" data-end=\"7684\">eing\u00f6ngu fyrir ranns\u00f3knir \u00e1 ranns\u00f3knarstofu<\/strong> og <strong data-start=\"7688\" data-end=\"7732\">ekki sam\u00feykkt til l\u00e6kninga<\/strong>.<\/p>\n<p data-start=\"7737\" data-end=\"7893\"><strong data-start=\"7737\" data-end=\"7796\">3. Hvernig \u00e1 a\u00f0 geyma Pyrazolam 3 mg pellets?<\/strong><br data-start=\"7796\" data-end=\"7799\" \/>Geymi\u00f0 \u00e1 k\u00f6ldum, \u00feurrum og dimmum sta\u00f0 \u00ed vel loku\u00f0u \u00edl\u00e1ti, fjarri \u00f3vi\u00f0komandi a\u00f0ilum.<\/p>","protected":false},"excerpt":{"rendered":"<h2><span style=\"vertical-align: inherit;\"><span style=\"vertical-align: inherit;\">Pyrazolam 3 MG pellets properties<\/span><\/span><\/h2>\n<p><strong><span style=\"vertical-align: inherit;\"><span style=\"vertical-align: inherit;\">Synonym<\/span><\/span><\/strong><span style=\"vertical-align: inherit;\"><span style=\"vertical-align: inherit;\"> : <\/span><\/span><i><span style=\"vertical-align: inherit;\"><span style=\"vertical-align: inherit;\">8-bromo-1-methyl-6-(pyridin-2-yl)-4H-[1,2,4]triazolo[4,3-a][1,4]benzodiazepine <\/span><\/span><\/i><br \/>\n<strong><span style=\"vertical-align: inherit;\"><span style=\"vertical-align: inherit;\">CAS Number<\/span><\/span><\/strong><span style=\"vertical-align: inherit;\"><span style=\"vertical-align: inherit;\"> : 39243-02-2 <\/span><\/span><br \/>\n<strong><span style=\"vertical-align: inherit;\"><span style=\"vertical-align: inherit;\">Formula<\/span><\/span><\/strong><span style=\"vertical-align: inherit;\"><span style=\"vertical-align: inherit;\"> : C16H12BrN5 <\/span><\/span><br \/>\n<strong><span style=\"vertical-align: inherit;\"><span style=\"vertical-align: inherit;\">Molar Mass<\/span><\/span><\/strong><span style=\"vertical-align: inherit;\"><span style=\"vertical-align: inherit;\"> : 354.20 <\/span><\/span><br \/>\n<strong><span style=\"vertical-align: inherit;\"><span style=\"vertical-align: inherit;\">Purity<\/span><\/span><\/strong><span style=\"vertical-align: inherit;\"><span style=\"vertical-align: inherit;\"> : \u2265 99%<\/span><\/span><\/p>\n","protected":false},"featured_media":28596,"comment_status":"closed","ping_status":"closed","template":"","meta":[],"product_brand":[82],"product_cat":[76,324,389,395],"product_tag":[326,96,99,98],"class_list":{"0":"post-23796","1":"product","2":"type-product","3":"status-publish","4":"has-post-thumbnail","6":"product_brand-research-chemical","7":"product_cat-benzodiazepinen","8":"product_cat-pellets-for-pellet","9":"product_cat-pyrazolam-kopen","10":"product_cat-pyrazolam-pellets","11":"product_tag-nl","12":"product_tag-pyrazolam","13":"product_tag-pyrazolam-kopen","14":"product_tag-pyrazolam-werking","16":"first","17":"instock","18":"taxable","19":"shipping-taxable","20":"purchasable","21":"product-type-variable"},"_links":{"self":[{"href":"https:\/\/researchchemicalhub.com\/is\/wp-json\/wp\/v2\/product\/23796","targetHints":{"allow":["GET"]}}],"collection":[{"href":"https:\/\/researchchemicalhub.com\/is\/wp-json\/wp\/v2\/product"}],"about":[{"href":"https:\/\/researchchemicalhub.com\/is\/wp-json\/wp\/v2\/types\/product"}],"replies":[{"embeddable":true,"href":"https:\/\/researchchemicalhub.com\/is\/wp-json\/wp\/v2\/comments?post=23796"}],"version-history":[{"count":5,"href":"https:\/\/researchchemicalhub.com\/is\/wp-json\/wp\/v2\/product\/23796\/revisions"}],"predecessor-version":[{"id":25518,"href":"https:\/\/researchchemicalhub.com\/is\/wp-json\/wp\/v2\/product\/23796\/revisions\/25518"}],"wp:featuredmedia":[{"embeddable":true,"href":"https:\/\/researchchemicalhub.com\/is\/wp-json\/wp\/v2\/media\/28596"}],"wp:attachment":[{"href":"https:\/\/researchchemicalhub.com\/is\/wp-json\/wp\/v2\/media?parent=23796"}],"wp:term":[{"taxonomy":"product_brand","embeddable":true,"href":"https:\/\/researchchemicalhub.com\/is\/wp-json\/wp\/v2\/product_brand?post=23796"},{"taxonomy":"product_cat","embeddable":true,"href":"https:\/\/researchchemicalhub.com\/is\/wp-json\/wp\/v2\/product_cat?post=23796"},{"taxonomy":"product_tag","embeddable":true,"href":"https:\/\/researchchemicalhub.com\/is\/wp-json\/wp\/v2\/product_tag?post=23796"}],"curies":[{"name":"wp","href":"https:\/\/api.w.org\/{rel}","templated":true}]}}