{"id":23772,"date":"2025-04-13T17:40:23","date_gmt":"2025-04-13T17:40:23","guid":{"rendered":"https:\/\/researchchemicalhub.com\/?post_type=product&#038;p=23772"},"modified":"2025-10-30T08:25:36","modified_gmt":"2025-10-30T08:25:36","slug":"2c-e-pellets-10-mg","status":"publish","type":"product","link":"https:\/\/researchchemicalhub.com\/is\/shop\/2c-e\/2c-e-pellets-10-mg\/","title":{"rendered":"2C-E k\u00falur 10 mg"},"content":{"rendered":"<p data-start=\"4783\" data-end=\"4975\"><strong data-start=\"4783\" data-end=\"4828\"><span dir=\"auto\" style=\"vertical-align: inherit;\"><span dir=\"auto\" style=\"vertical-align: inherit;\">2C-E (2,5-d\u00edmetox\u00fd-4-et\u00fdlfenet\u00fdlam\u00edn)<\/span><\/span><\/strong><span dir=\"auto\" style=\"vertical-align: inherit;\"><span dir=\"auto\" style=\"vertical-align: inherit;\"> er <\/span><\/span><strong data-start=\"4836\" data-end=\"4869\"><span dir=\"auto\" style=\"vertical-align: inherit;\"><span dir=\"auto\" style=\"vertical-align: inherit;\">sta\u00f0gengi\u00f0 fenet\u00fdlam\u00edn<\/span><\/span><\/strong><span dir=\"auto\" style=\"vertical-align: inherit;\"><span dir=\"auto\" style=\"vertical-align: inherit;\"> af <\/span><\/span><strong data-start=\"4877\" data-end=\"4889\"><span dir=\"auto\" style=\"vertical-align: inherit;\"><span dir=\"auto\" style=\"vertical-align: inherit;\">2C ser\u00edan<\/span><\/span><\/strong><span dir=\"auto\" style=\"vertical-align: inherit;\"><span dir=\"auto\" style=\"vertical-align: inherit;\"> , h\u00f3pur efnasambanda sem rannsaka\u00f0ar eru \u00ed r\u00e9ttar- og greiningarefnafr\u00e6\u00f0i. 2c e<\/span><\/span><\/p>\n<p data-start=\"4977\" data-end=\"5157\"><span dir=\"auto\" style=\"vertical-align: inherit;\"><span dir=\"auto\" style=\"vertical-align: inherit;\">Hinn <\/span><\/span><strong data-start=\"4980\" data-end=\"5002\"><span dir=\"auto\" style=\"vertical-align: inherit;\"><span dir=\"auto\" style=\"vertical-align: inherit;\">2C-E 10 mg k\u00falur<\/span><\/span><\/strong><span dir=\"auto\" style=\"vertical-align: inherit;\"><span dir=\"auto\" style=\"vertical-align: inherit;\"> \u00fej\u00f3na sem <\/span><\/span><strong data-start=\"5014\" data-end=\"5032\"><span dir=\"auto\" style=\"vertical-align: inherit;\"><span dir=\"auto\" style=\"vertical-align: inherit;\">vi\u00f0mi\u00f0unarefni<\/span><\/span><\/strong><span dir=\"auto\" style=\"vertical-align: inherit;\"><span dir=\"auto\" style=\"vertical-align: inherit;\"> fyrir greiningarkv\u00f6r\u00f0un og a\u00f0fer\u00f0a\u00fer\u00f3un \u00ed ranns\u00f3knarstofum sem stunda ranns\u00f3knir \u00e1 sta\u00f0genglum fenet\u00fdlam\u00ednum.<\/span><\/span><\/p>\n<p data-start=\"5159\" data-end=\"5291\"><span dir=\"auto\" style=\"vertical-align: inherit;\"><span dir=\"auto\" style=\"vertical-align: inherit;\">\u00deessi vara er <\/span><\/span><strong data-start=\"5174\" data-end=\"5229\"><span dir=\"auto\" style=\"vertical-align: inherit;\"><span dir=\"auto\" style=\"vertical-align: inherit;\">eing\u00f6ngu \u00e6tla\u00f0 til v\u00edsindaranns\u00f3kna<\/span><\/span><\/strong><span dir=\"auto\" style=\"vertical-align: inherit;\"><span dir=\"auto\" style=\"vertical-align: inherit;\"> og <\/span><\/span><strong data-start=\"5233\" data-end=\"5290\"><span dir=\"auto\" style=\"vertical-align: inherit;\"><span dir=\"auto\" style=\"vertical-align: inherit;\">er ekki hentugt til neyslu manna e\u00f0a d\u00fdra<\/span><\/span><\/strong><span dir=\"auto\" style=\"vertical-align: inherit;\"><span dir=\"auto\" style=\"vertical-align: inherit;\"> .<\/span><\/span><\/p>\n<hr data-start=\"5293\" data-end=\"5296\" \/>\n<h3 data-start=\"5298\" data-end=\"5329\"><strong data-start=\"5302\" data-end=\"5329\"><span dir=\"auto\" style=\"vertical-align: inherit;\"><span dir=\"auto\" style=\"vertical-align: inherit;\">Lykilatri\u00f0i<\/span><\/span><\/strong><\/h3>\n<ul data-start=\"5331\" data-end=\"5813\">\n<li data-start=\"5331\" data-end=\"5430\">\n<p data-start=\"5333\" data-end=\"5430\"><strong data-start=\"5333\" data-end=\"5353\"><span dir=\"auto\" style=\"vertical-align: inherit;\"><span dir=\"auto\" style=\"vertical-align: inherit;\">Mikil hreinleiki:<\/span><\/span><\/strong><span dir=\"auto\" style=\"vertical-align: inherit;\"><span dir=\"auto\" style=\"vertical-align: inherit;\"> Framleitt undir str\u00f6ngu g\u00e6\u00f0aeftirliti fyrir \u00e1rei\u00f0anlegar ni\u00f0urst\u00f6\u00f0ur.<\/span><\/span><\/p>\n<\/li>\n<li data-start=\"5431\" data-end=\"5522\">\n<p data-start=\"5433\" data-end=\"5522\"><strong data-start=\"5433\" data-end=\"5465\"><span dir=\"auto\" style=\"vertical-align: inherit;\"><span dir=\"auto\" style=\"vertical-align: inherit;\">Sta\u00f0la\u00f0 skammtur:<\/span><\/span><\/strong><span dir=\"auto\" style=\"vertical-align: inherit;\"><span dir=\"auto\" style=\"vertical-align: inherit;\"> Hvert pilla inniheldur 10 mg af 2C-E fyrir n\u00e1kv\u00e6ma greiningu.<\/span><\/span><\/p>\n<\/li>\n<li data-start=\"5523\" data-end=\"5632\">\n<p data-start=\"5525\" data-end=\"5632\"><strong data-start=\"5525\" data-end=\"5564\"><span dir=\"auto\" style=\"vertical-align: inherit;\"><span dir=\"auto\" style=\"vertical-align: inherit;\">Votta\u00f0 vi\u00f0mi\u00f0unarefni:<\/span><\/span><\/strong><span dir=\"auto\" style=\"vertical-align: inherit;\"><span dir=\"auto\" style=\"vertical-align: inherit;\"> Fylgir me\u00f0 <\/span><\/span><strong data-start=\"5578\" data-end=\"5606\"><span dir=\"auto\" style=\"vertical-align: inherit;\"><span dir=\"auto\" style=\"vertical-align: inherit;\">Greiningarvottor\u00f0 (COA)<\/span><\/span><\/strong><span dir=\"auto\" style=\"vertical-align: inherit;\"><span dir=\"auto\" style=\"vertical-align: inherit;\"> og hreinleikag\u00f6gn.<\/span><\/span><\/p>\n<\/li>\n<li data-start=\"5633\" data-end=\"5719\">\n<p data-start=\"5635\" data-end=\"5719\"><strong data-start=\"5635\" data-end=\"5666\"><span dir=\"auto\" style=\"vertical-align: inherit;\"><span dir=\"auto\" style=\"vertical-align: inherit;\">Fj\u00f6lh\u00e6fur greiningart\u00e6kni:<\/span><\/span><\/strong><span dir=\"auto\" style=\"vertical-align: inherit;\"><span dir=\"auto\" style=\"vertical-align: inherit;\"> Hentar fyrir <\/span><\/span><strong data-start=\"5681\" data-end=\"5690\"><span dir=\"auto\" style=\"vertical-align: inherit;\"><span dir=\"auto\" style=\"vertical-align: inherit;\">GC-MS<\/span><\/span><\/strong><span dir=\"auto\" style=\"vertical-align: inherit;\"><span dir=\"auto\" style=\"vertical-align: inherit;\"> , <\/span><\/span><strong data-start=\"5692\" data-end=\"5704\"><span dir=\"auto\" style=\"vertical-align: inherit;\"><span dir=\"auto\" style=\"vertical-align: inherit;\">LC-MS\/MS<\/span><\/span><\/strong><span dir=\"auto\" style=\"vertical-align: inherit;\"><span dir=\"auto\" style=\"vertical-align: inherit;\"> og <\/span><\/span><strong data-start=\"5708\" data-end=\"5716\"><span dir=\"auto\" style=\"vertical-align: inherit;\"><span dir=\"auto\" style=\"vertical-align: inherit;\">HPLC<\/span><\/span><\/strong><span dir=\"auto\" style=\"vertical-align: inherit;\"><span dir=\"auto\" style=\"vertical-align: inherit;\"> .<\/span><\/span><\/p>\n<\/li>\n<li data-start=\"5720\" data-end=\"5813\">\n<p data-start=\"5722\" data-end=\"5813\"><strong data-start=\"5722\" data-end=\"5747\"><span dir=\"auto\" style=\"vertical-align: inherit;\"><span dir=\"auto\" style=\"vertical-align: inherit;\">St\u00f6\u00f0ug form\u00fala:<\/span><\/span><\/strong><span dir=\"auto\" style=\"vertical-align: inherit;\"><span dir=\"auto\" style=\"vertical-align: inherit;\"> Vi\u00f0heldur efnafr\u00e6\u00f0ilegum st\u00f6\u00f0ugleika vi\u00f0 r\u00e1\u00f0lag\u00f0ar geymsluskilyr\u00f0i. 2c e<\/span><\/span><\/p>\n<\/li>\n<\/ul>\n<hr data-start=\"5815\" data-end=\"5818\" \/>\n<h3 data-start=\"5820\" data-end=\"5837\"><strong data-start=\"5824\" data-end=\"5837\"><span dir=\"auto\" style=\"vertical-align: inherit;\"><span dir=\"auto\" style=\"vertical-align: inherit;\">Kostir<\/span><\/span><\/strong><\/h3>\n<ul data-start=\"5839\" data-end=\"6311\">\n<li data-start=\"5839\" data-end=\"5946\">\n<p data-start=\"5841\" data-end=\"5946\"><strong data-start=\"5841\" data-end=\"5878\"><span dir=\"auto\" style=\"vertical-align: inherit;\"><span dir=\"auto\" style=\"vertical-align: inherit;\">Sty\u00f0ur greiningarranns\u00f3knir:<\/span><\/span><\/strong><span dir=\"auto\" style=\"vertical-align: inherit;\"><span dir=\"auto\" style=\"vertical-align: inherit;\"> Hj\u00e1lpar til vi\u00f0 \u00fer\u00f3un greiningar- og au\u00f0kenningara\u00f0fer\u00f0a.<\/span><\/span><\/p>\n<\/li>\n<li data-start=\"5947\" data-end=\"6051\">\n<p data-start=\"5949\" data-end=\"6051\"><strong data-start=\"5949\" data-end=\"5976\"><span dir=\"auto\" style=\"vertical-align: inherit;\"><span dir=\"auto\" style=\"vertical-align: inherit;\">R\u00e9ttarl\u00e6knisfr\u00e6\u00f0ileg ums\u00f3kn:<\/span><\/span><\/strong><span dir=\"auto\" style=\"vertical-align: inherit;\"><span dir=\"auto\" style=\"vertical-align: inherit;\"> Nota\u00f0 til flokkunar \u00e1 sta\u00f0genglum fenet\u00fdlam\u00ednum.<\/span><\/span><\/p>\n<\/li>\n<li data-start=\"6052\" data-end=\"6120\">\n<p data-start=\"6054\" data-end=\"6120\"><strong data-start=\"6054\" data-end=\"6081\"><span dir=\"auto\" style=\"vertical-align: inherit;\"><span dir=\"auto\" style=\"vertical-align: inherit;\">\u00c1rei\u00f0anleg kv\u00f6r\u00f0un:<\/span><\/span><\/strong><span dir=\"auto\" style=\"vertical-align: inherit;\"><span dir=\"auto\" style=\"vertical-align: inherit;\"> Tryggir samr\u00e6mdar m\u00e6lingani\u00f0urst\u00f6\u00f0ur.<\/span><\/span><\/p>\n<\/li>\n<li data-start=\"6121\" data-end=\"6211\">\n<p data-start=\"6123\" data-end=\"6211\"><strong data-start=\"6123\" data-end=\"6145\"><span dir=\"auto\" style=\"vertical-align: inherit;\"><span dir=\"auto\" style=\"vertical-align: inherit;\">Menntunarlegt gildi:<\/span><\/span><\/strong><span dir=\"auto\" style=\"vertical-align: inherit;\"><span dir=\"auto\" style=\"vertical-align: inherit;\"> Hentar fyrir fr\u00e6\u00f0ileg n\u00e1mskei\u00f0 \u00ed efnafr\u00e6\u00f0i og eiturefnafr\u00e6\u00f0i.<\/span><\/span><\/p>\n<\/li>\n<li data-start=\"6212\" data-end=\"6311\">\n<p data-start=\"6214\" data-end=\"6311\"><strong data-start=\"6214\" data-end=\"6249\"><span dir=\"auto\" style=\"vertical-align: inherit;\"><span dir=\"auto\" style=\"vertical-align: inherit;\">\u00cd samr\u00e6mi vi\u00f0 ranns\u00f3knarstofusta\u00f0la:<\/span><\/span><\/strong><span dir=\"auto\" style=\"vertical-align: inherit;\"><span dir=\"auto\" style=\"vertical-align: inherit;\"> Framleitt samkv\u00e6mt al\u00fej\u00f3\u00f0legum \u00f6ryggislei\u00f0beiningum.<\/span><\/span><\/p>\n<\/li>\n<\/ul>\n<hr data-start=\"6313\" data-end=\"6316\" \/>\n<h3 data-start=\"6318\" data-end=\"6379\"><strong data-start=\"6322\" data-end=\"6379\"><span dir=\"auto\" style=\"vertical-align: inherit;\"><span dir=\"auto\" style=\"vertical-align: inherit;\">Lei\u00f0beiningar um notkun (eing\u00f6ngu \u00ed ranns\u00f3knarskyni)<\/span><\/span><\/strong><\/h3>\n<ol data-start=\"6381\" data-end=\"6729\">\n<li data-start=\"6381\" data-end=\"6471\">\n<p data-start=\"6384\" data-end=\"6471\"><strong data-start=\"6384\" data-end=\"6402\"><span dir=\"auto\" style=\"vertical-align: inherit;\"><span dir=\"auto\" style=\"vertical-align: inherit;\">Undirb\u00faningur:<\/span><\/span><\/strong><span dir=\"auto\" style=\"vertical-align: inherit;\"><span dir=\"auto\" style=\"vertical-align: inherit;\"> Noti\u00f0 \u00ed vi\u00f0urkenndum ranns\u00f3knarstofum me\u00f0 vi\u00f0eigandi hl\u00edf\u00f0arb\u00fana\u00f0i.<\/span><\/span><\/p>\n<\/li>\n<li data-start=\"6472\" data-end=\"6592\">\n<p data-start=\"6475\" data-end=\"6592\"><strong data-start=\"6475\" data-end=\"6490\"><span dir=\"auto\" style=\"vertical-align: inherit;\"><span dir=\"auto\" style=\"vertical-align: inherit;\">Ums\u00f3kn:<\/span><\/span><\/strong><span dir=\"auto\" style=\"vertical-align: inherit;\"><span dir=\"auto\" style=\"vertical-align: inherit;\"> Noti\u00f0 til greiningar-, litr\u00f3fs- e\u00f0a litr\u00f3fsgreininga samkv\u00e6mt vi\u00f0urkenndum a\u00f0fer\u00f0um.<\/span><\/span><\/p>\n<\/li>\n<li data-start=\"6593\" data-end=\"6656\">\n<p data-start=\"6596\" data-end=\"6656\"><strong data-start=\"6596\" data-end=\"6607\"><span dir=\"auto\" style=\"vertical-align: inherit;\"><span dir=\"auto\" style=\"vertical-align: inherit;\">Geymsla:<\/span><\/span><\/strong><span dir=\"auto\" style=\"vertical-align: inherit;\"><span dir=\"auto\" style=\"vertical-align: inherit;\"> Geymi\u00f0 \u00e1 k\u00f6ldum, \u00feurrum og dimmum sta\u00f0, vel loka\u00f0.<\/span><\/span><\/p>\n<\/li>\n<li data-start=\"6657\" data-end=\"6729\">\n<p data-start=\"6660\" data-end=\"6729\"><strong data-start=\"6660\" data-end=\"6671\"><span dir=\"auto\" style=\"vertical-align: inherit;\"><span dir=\"auto\" style=\"vertical-align: inherit;\">F\u00f6rgun:<\/span><\/span><\/strong><span dir=\"auto\" style=\"vertical-align: inherit;\"><span dir=\"auto\" style=\"vertical-align: inherit;\"> Fylgi\u00f0 gildandi reglum um me\u00f0h\u00f6ndlun efna\u00fargangs.<\/span><\/span><\/p>\n<\/li>\n<\/ol>\n<hr data-start=\"6731\" data-end=\"6734\" \/>\n<h3 data-start=\"6736\" data-end=\"6770\"><strong data-start=\"6740\" data-end=\"6770\"><span dir=\"auto\" style=\"vertical-align: inherit;\"><span dir=\"auto\" style=\"vertical-align: inherit;\">\u00d6ryggi og reglufylgni<\/span><\/span><\/strong><\/h3>\n<ul data-start=\"6772\" data-end=\"7197\">\n<li data-start=\"6772\" data-end=\"6866\">\n<p data-start=\"6774\" data-end=\"6866\"><strong data-start=\"6774\" data-end=\"6810\"><span dir=\"auto\" style=\"vertical-align: inherit;\"><span dir=\"auto\" style=\"vertical-align: inherit;\">A\u00f0eins til notkunar \u00e1 ranns\u00f3knarstofu:<\/span><\/span><\/strong><span dir=\"auto\" style=\"vertical-align: inherit;\"><span dir=\"auto\" style=\"vertical-align: inherit;\"> Ekki \u00e6tla\u00f0 til neyslu manna e\u00f0a d\u00fdra.<\/span><\/span><\/p>\n<\/li>\n<li data-start=\"6867\" data-end=\"6966\">\n<p data-start=\"6869\" data-end=\"6966\"><strong data-start=\"6869\" data-end=\"6891\"><span dir=\"auto\" style=\"vertical-align: inherit;\"><span dir=\"auto\" style=\"vertical-align: inherit;\">L\u00f6gleg sta\u00f0a:<\/span><\/span><\/strong><span dir=\"auto\" style=\"vertical-align: inherit;\"><span dir=\"auto\" style=\"vertical-align: inherit;\"> 2C-E er flokka\u00f0 undir \u00f3p\u00eduml\u00f6gin e\u00f0a svipa\u00f0ar regluger\u00f0ir \u00ed m\u00f6rgum l\u00f6ndum.<\/span><\/span><\/p>\n<\/li>\n<li data-start=\"6967\" data-end=\"7072\">\n<p data-start=\"6969\" data-end=\"7072\"><strong data-start=\"6969\" data-end=\"6997\"><span dir=\"auto\" style=\"vertical-align: inherit;\"><span dir=\"auto\" style=\"vertical-align: inherit;\">Heilbrig\u00f0i og \u00f6ryggi:<\/span><\/span><\/strong><span dir=\"auto\" style=\"vertical-align: inherit;\"><span dir=\"auto\" style=\"vertical-align: inherit;\"> For\u00f0ist inn\u00f6ndun og snertingu vi\u00f0 h\u00fa\u00f0; vinni\u00f0 \u00e1 vel loftr\u00e6stum sta\u00f0.<\/span><\/span><\/p>\n<\/li>\n<li data-start=\"7073\" data-end=\"7197\">\n<p data-start=\"7075\" data-end=\"7197\"><strong data-start=\"7075\" data-end=\"7092\"><span dir=\"auto\" style=\"vertical-align: inherit;\"><span dir=\"auto\" style=\"vertical-align: inherit;\">Skj\u00f6lun:<\/span><\/span><\/strong><span dir=\"auto\" style=\"vertical-align: inherit;\"><span dir=\"auto\" style=\"vertical-align: inherit;\"> A <\/span><\/span><strong data-start=\"7097\" data-end=\"7133\"><span dir=\"auto\" style=\"vertical-align: inherit;\"><span dir=\"auto\" style=\"vertical-align: inherit;\">\u00d6ryggisbla\u00f0 efnis (MSDS)<\/span><\/span><\/strong><span dir=\"auto\" style=\"vertical-align: inherit;\"><span dir=\"auto\" style=\"vertical-align: inherit;\"> og <\/span><\/span><strong data-start=\"7137\" data-end=\"7165\"><span dir=\"auto\" style=\"vertical-align: inherit;\"><span dir=\"auto\" style=\"vertical-align: inherit;\">Greiningarvottor\u00f0 (COA)<\/span><\/span><\/strong><span dir=\"auto\" style=\"vertical-align: inherit;\"><span dir=\"auto\" style=\"vertical-align: inherit;\"> eru f\u00e1anleg ef \u00f3ska\u00f0 er.<\/span><\/span><\/p>\n<\/li>\n<\/ul>\n<hr data-start=\"7199\" data-end=\"7202\" \/>\n<h3 data-start=\"7204\" data-end=\"7239\"><strong data-start=\"7208\" data-end=\"7239\"><span dir=\"auto\" style=\"vertical-align: inherit;\"><span dir=\"auto\" style=\"vertical-align: inherit;\">Algengar spurningar (FAQs)<\/span><\/span><\/strong><\/h3>\n<p data-start=\"7241\" data-end=\"7398\"><strong data-start=\"7241\" data-end=\"7277\"><span dir=\"auto\" style=\"vertical-align: inherit;\"><span dir=\"auto\" style=\"vertical-align: inherit;\">1. Til hvers er 2C-E nota\u00f0?<\/span><\/span><\/strong><br data-start=\"7277\" data-end=\"7280\" \/><span dir=\"auto\" style=\"vertical-align: inherit;\"><span dir=\"auto\" style=\"vertical-align: inherit;\"> 2C-E er nota\u00f0 sem <\/span><\/span><strong data-start=\"7304\" data-end=\"7327\"><span dir=\"auto\" style=\"vertical-align: inherit;\"><span dir=\"auto\" style=\"vertical-align: inherit;\">vi\u00f0mi\u00f0unarsta\u00f0all<\/span><\/span><\/strong><span dir=\"auto\" style=\"vertical-align: inherit;\"><span dir=\"auto\" style=\"vertical-align: inherit;\"> til greiningar- og r\u00e9ttarl\u00e6knisfr\u00e6\u00f0ilegra pr\u00f3fana \u00e1 fenet\u00fdlam\u00edn hli\u00f0st\u00e6\u00f0um.<\/span><\/span><\/p>\n<p data-start=\"7400\" data-end=\"7560\"><strong data-start=\"7400\" data-end=\"7451\"><span dir=\"auto\" style=\"vertical-align: inherit;\"><span dir=\"auto\" style=\"vertical-align: inherit;\">2. Er 2C-E hentugt til manneldis?<\/span><\/span><\/strong><br data-start=\"7451\" data-end=\"7454\" \/><span dir=\"auto\" style=\"vertical-align: inherit;\"><span dir=\"auto\" style=\"vertical-align: inherit;\"> Nei. \u00deessi vara er <\/span><\/span><strong data-start=\"7474\" data-end=\"7512\"><span dir=\"auto\" style=\"vertical-align: inherit;\"><span dir=\"auto\" style=\"vertical-align: inherit;\">eing\u00f6ngu \u00ed ranns\u00f3knarskyni<\/span><\/span><\/strong><span dir=\"auto\" style=\"vertical-align: inherit;\"><span dir=\"auto\" style=\"vertical-align: inherit;\"> og <\/span><\/span><strong data-start=\"7516\" data-end=\"7557\"><span dir=\"auto\" style=\"vertical-align: inherit;\"><span dir=\"auto\" style=\"vertical-align: inherit;\">er ekki sam\u00feykkt til l\u00e6kningalegrar notkunar<\/span><\/span><\/strong><span dir=\"auto\" style=\"vertical-align: inherit;\"><span dir=\"auto\" style=\"vertical-align: inherit;\"> .<\/span><\/span><\/p>\n<p data-start=\"7562\" data-end=\"7689\"><strong data-start=\"7562\" data-end=\"7601\"><span dir=\"auto\" style=\"vertical-align: inherit;\"><span dir=\"auto\" style=\"vertical-align: inherit;\">3. Hvernig \u00e6tti a\u00f0 geyma 2C-E?<\/span><\/span><\/strong><br data-start=\"7601\" data-end=\"7604\" \/><span dir=\"auto\" style=\"vertical-align: inherit;\"><span dir=\"auto\" style=\"vertical-align: inherit;\"> Geymi\u00f0 \u00e1 k\u00f6ldum, \u00feurrum, dimmum sta\u00f0, vel loku\u00f0um og \u00fear sem \u00f3vi\u00f0komandi a\u00f0ilar n\u00e1 ekki til.<\/span><\/span><\/p>","protected":false},"excerpt":{"rendered":"<h2><span style=\"vertical-align: inherit;\"><span style=\"vertical-align: inherit;\"><span dir=\"auto\" style=\"vertical-align: inherit;\"><span dir=\"auto\" style=\"vertical-align: inherit;\"><span dir=\"auto\" style=\"vertical-align: inherit;\"><span dir=\"auto\" style=\"vertical-align: inherit;\">2C-E eignir<\/span><\/span><\/span><\/span><\/span><\/span><\/h2>\n<p><strong><span style=\"vertical-align: inherit;\"><span style=\"vertical-align: inherit;\"><span dir=\"auto\" style=\"vertical-align: inherit;\"><span dir=\"auto\" style=\"vertical-align: inherit;\"><span dir=\"auto\" style=\"vertical-align: inherit;\"><span dir=\"auto\" style=\"vertical-align: inherit;\">Samheiti<\/span><\/span><\/span><\/span><\/span><\/span><\/strong><span style=\"vertical-align: inherit;\"><span style=\"vertical-align: inherit;\"><span dir=\"auto\" style=\"vertical-align: inherit;\"><span dir=\"auto\" style=\"vertical-align: inherit;\"><span dir=\"auto\" style=\"vertical-align: inherit;\"><span dir=\"auto\" style=\"vertical-align: inherit;\"> 2,5-d\u00edmetox\u00fd-4-et\u00fdlfenet\u00fdlam\u00edn, m\u00f3n\u00f3h\u00fddr\u00f3kl\u00f3r\u00ed\u00f0 <\/span><\/span><\/span><\/span><\/span><\/span><br \/>\n<strong><span style=\"vertical-align: inherit;\"><span style=\"vertical-align: inherit;\"><span dir=\"auto\" style=\"vertical-align: inherit;\"><span dir=\"auto\" style=\"vertical-align: inherit;\"><span dir=\"auto\" style=\"vertical-align: inherit;\"><span dir=\"auto\" style=\"vertical-align: inherit;\">CAS-n\u00famer<\/span><\/span><\/span><\/span><\/span><\/span><\/strong><span style=\"vertical-align: inherit;\"><span style=\"vertical-align: inherit;\"><span dir=\"auto\" style=\"vertical-align: inherit;\"><span dir=\"auto\" style=\"vertical-align: inherit;\"><span dir=\"auto\" style=\"vertical-align: inherit;\"><span dir=\"auto\" style=\"vertical-align: inherit;\"> : 923013-67-6 <\/span><\/span><\/span><\/span><\/span><\/span><br \/>\n<strong><span style=\"vertical-align: inherit;\"><span style=\"vertical-align: inherit;\"><span dir=\"auto\" style=\"vertical-align: inherit;\"><span dir=\"auto\" style=\"vertical-align: inherit;\"><span dir=\"auto\" style=\"vertical-align: inherit;\"><span dir=\"auto\" style=\"vertical-align: inherit;\">Form\u00fala<\/span><\/span><\/span><\/span><\/span><\/span><\/strong><span style=\"vertical-align: inherit;\"><span style=\"vertical-align: inherit;\"><span dir=\"auto\" style=\"vertical-align: inherit;\"><span dir=\"auto\" style=\"vertical-align: inherit;\"><span dir=\"auto\" style=\"vertical-align: inherit;\"><span dir=\"auto\" style=\"vertical-align: inherit;\"> C12H19NO2 \u2022 HCL <\/span><\/span><\/span><\/span><\/span><\/span><br \/>\n<strong><span style=\"vertical-align: inherit;\"><span style=\"vertical-align: inherit;\"><span dir=\"auto\" style=\"vertical-align: inherit;\"><span dir=\"auto\" style=\"vertical-align: inherit;\"><span dir=\"auto\" style=\"vertical-align: inherit;\"><span dir=\"auto\" style=\"vertical-align: inherit;\">M\u00f3lmassi<\/span><\/span><\/span><\/span><\/span><\/span><\/strong><span style=\"vertical-align: inherit;\"><span style=\"vertical-align: inherit;\"><span dir=\"auto\" style=\"vertical-align: inherit;\"><span dir=\"auto\" style=\"vertical-align: inherit;\"><span dir=\"auto\" style=\"vertical-align: inherit;\"><span dir=\"auto\" style=\"vertical-align: inherit;\"> : 245,7 g\/m\u00f3l <\/span><\/span><\/span><\/span><\/span><\/span><br \/>\n<strong><span style=\"vertical-align: inherit;\"><span style=\"vertical-align: inherit;\"><span dir=\"auto\" style=\"vertical-align: inherit;\"><span dir=\"auto\" style=\"vertical-align: inherit;\"><span dir=\"auto\" style=\"vertical-align: inherit;\"><span dir=\"auto\" style=\"vertical-align: inherit;\">Hreinleiki<\/span><\/span><\/span><\/span><\/span><\/span><\/strong><span style=\"vertical-align: inherit;\"><span style=\"vertical-align: inherit;\"><span dir=\"auto\" style=\"vertical-align: inherit;\"><span dir=\"auto\" style=\"vertical-align: inherit;\"><span dir=\"auto\" style=\"vertical-align: inherit;\"><span dir=\"auto\" style=\"vertical-align: inherit;\"> : \u226599%<\/span><\/span><\/span><\/span><\/span><\/span><\/p>","protected":false},"featured_media":28373,"comment_status":"closed","ping_status":"closed","template":"","meta":[],"product_brand":[],"product_cat":[496,497,322,80,324],"product_tag":[620,621,326],"class_list":{"0":"post-23772","1":"product","2":"type-product","3":"status-publish","4":"has-post-thumbnail","6":"product_cat-2c-e","7":"product_cat-2c-e-pellets","8":"product_cat-bijna-verboden","9":"product_cat-fenethylamine","10":"product_cat-pellets-for-pellet","11":"product_tag-2c-e","12":"product_tag-2c-e-kopen","13":"product_tag-nl","15":"first","16":"instock","17":"taxable","18":"shipping-taxable","19":"purchasable","20":"product-type-variable"},"_links":{"self":[{"href":"https:\/\/researchchemicalhub.com\/is\/wp-json\/wp\/v2\/product\/23772","targetHints":{"allow":["GET"]}}],"collection":[{"href":"https:\/\/researchchemicalhub.com\/is\/wp-json\/wp\/v2\/product"}],"about":[{"href":"https:\/\/researchchemicalhub.com\/is\/wp-json\/wp\/v2\/types\/product"}],"replies":[{"embeddable":true,"href":"https:\/\/researchchemicalhub.com\/is\/wp-json\/wp\/v2\/comments?post=23772"}],"version-history":[{"count":6,"href":"https:\/\/researchchemicalhub.com\/is\/wp-json\/wp\/v2\/product\/23772\/revisions"}],"predecessor-version":[{"id":28707,"href":"https:\/\/researchchemicalhub.com\/is\/wp-json\/wp\/v2\/product\/23772\/revisions\/28707"}],"wp:featuredmedia":[{"embeddable":true,"href":"https:\/\/researchchemicalhub.com\/is\/wp-json\/wp\/v2\/media\/28373"}],"wp:attachment":[{"href":"https:\/\/researchchemicalhub.com\/is\/wp-json\/wp\/v2\/media?parent=23772"}],"wp:term":[{"taxonomy":"product_brand","embeddable":true,"href":"https:\/\/researchchemicalhub.com\/is\/wp-json\/wp\/v2\/product_brand?post=23772"},{"taxonomy":"product_cat","embeddable":true,"href":"https:\/\/researchchemicalhub.com\/is\/wp-json\/wp\/v2\/product_cat?post=23772"},{"taxonomy":"product_tag","embeddable":true,"href":"https:\/\/researchchemicalhub.com\/is\/wp-json\/wp\/v2\/product_tag?post=23772"}],"curies":[{"name":"wp","href":"https:\/\/api.w.org\/{rel}","templated":true}]}}