{"id":23740,"date":"2025-04-13T17:40:19","date_gmt":"2025-04-13T17:40:19","guid":{"rendered":"https:\/\/researchchemicalhub.com\/?post_type=product&#038;p=23740"},"modified":"2025-10-30T08:38:05","modified_gmt":"2025-10-30T08:38:05","slug":"efnathoka-2f-dck-sprey-10","status":"publish","type":"product","link":"https:\/\/researchchemicalhub.com\/is\/bud\/kaupa-2-kronur\/efnathoka-2f-dck-sprey-10\/","title":{"rendered":"Chem-mistur 2F-DCK \u00fa\u00f0i 10%"},"content":{"rendered":"<p data-start=\"5182\" data-end=\"5517\"><strong data-start=\"5182\" data-end=\"5212\"><span dir=\"auto\" style=\"vertical-align: inherit;\"><span dir=\"auto\" style=\"vertical-align: inherit;\">Chem-Mist 2F-DCK \u00fa\u00f0i 10%<\/span><\/span><\/strong><span dir=\"auto\" style=\"vertical-align: inherit;\"><span dir=\"auto\" style=\"vertical-align: inherit;\"> er <\/span><\/span><strong data-start=\"5220\" data-end=\"5255\"><span dir=\"auto\" style=\"vertical-align: inherit;\"><span dir=\"auto\" style=\"vertical-align: inherit;\">analytical reference solution<\/span><\/span><\/strong><span dir=\"auto\" style=\"vertical-align: inherit;\"><span dir=\"auto\" style=\"vertical-align: inherit;\"> sem inniheldur <\/span><\/span><strong data-start=\"5260\" data-end=\"5298\"><span dir=\"auto\" style=\"vertical-align: inherit;\"><span dir=\"auto\" style=\"vertical-align: inherit;\">2-Fl\u00faordeskl\u00f3rketam\u00edn (2F-DCK)<\/span><\/span><\/strong><span dir=\"auto\" style=\"vertical-align: inherit;\"><span dir=\"auto\" style=\"vertical-align: inherit;\"> , a compound in the <\/span><\/span><strong data-start=\"5328\" data-end=\"5359\"><span dir=\"auto\" style=\"vertical-align: inherit;\"><span dir=\"auto\" style=\"vertical-align: inherit;\">ar\u00fdls\u00fdkl\u00f3hex\u00fdlam\u00edn fj\u00f6lskylda<\/span><\/span><\/strong><span dir=\"auto\" style=\"vertical-align: inherit;\"><span dir=\"auto\" style=\"vertical-align: inherit;\"> . efna\u00fa\u00f0i <\/span><\/span><br data-start=\"5360\" data-end=\"5363\" \/><span dir=\"auto\" style=\"vertical-align: inherit;\"><span dir=\"auto\" style=\"vertical-align: inherit;\">\u00dea\u00f0 er nota\u00f0 \u00ed <\/span><\/span><strong data-start=\"5385\" data-end=\"5427\"><span dir=\"auto\" style=\"vertical-align: inherit;\"><span dir=\"auto\" style=\"vertical-align: inherit;\">r\u00e9ttar- og greiningarranns\u00f3knarstofur<\/span><\/span><\/strong><span dir=\"auto\" style=\"vertical-align: inherit;\"><span dir=\"auto\" style=\"vertical-align: inherit;\"> fyrir <\/span><\/span><strong data-start=\"5433\" data-end=\"5468\"><span dir=\"auto\" style=\"vertical-align: inherit;\"><span dir=\"auto\" style=\"vertical-align: inherit;\">calibration and method validation<\/span><\/span><\/strong><span dir=\"auto\" style=\"vertical-align: inherit;\"><span dir=\"auto\" style=\"vertical-align: inherit;\"> when investigating similar compounds.<\/span><\/span><\/p>\n<p data-start=\"5519\" data-end=\"5651\"><span dir=\"auto\" style=\"vertical-align: inherit;\"><span dir=\"auto\" style=\"vertical-align: inherit;\">\u00deessi vara er <\/span><\/span><strong data-start=\"5534\" data-end=\"5589\"><span dir=\"auto\" style=\"vertical-align: inherit;\"><span dir=\"auto\" style=\"vertical-align: inherit;\">eing\u00f6ngu \u00e6tla\u00f0 til v\u00edsindaranns\u00f3kna<\/span><\/span><\/strong><span dir=\"auto\" style=\"vertical-align: inherit;\"><span dir=\"auto\" style=\"vertical-align: inherit;\"> og <\/span><\/span><strong data-start=\"5593\" data-end=\"5650\"><span dir=\"auto\" style=\"vertical-align: inherit;\"><span dir=\"auto\" style=\"vertical-align: inherit;\">er ekki hentugt til neyslu manna e\u00f0a d\u00fdra<\/span><\/span><\/strong><span dir=\"auto\" style=\"vertical-align: inherit;\"><span dir=\"auto\" style=\"vertical-align: inherit;\"> .<\/span><\/span><\/p>\n<hr data-start=\"5653\" data-end=\"5656\" \/>\n<h3 data-start=\"5658\" data-end=\"5689\"><strong data-start=\"5662\" data-end=\"5689\"><span dir=\"auto\" style=\"vertical-align: inherit;\"><span dir=\"auto\" style=\"vertical-align: inherit;\">Lykilatri\u00f0i<\/span><\/span><\/strong><\/h3>\n<ul data-start=\"5691\" data-end=\"6145\">\n<li data-start=\"5691\" data-end=\"5777\">\n<p data-start=\"5693\" data-end=\"5777\"><strong data-start=\"5693\" data-end=\"5713\"><span dir=\"auto\" style=\"vertical-align: inherit;\"><span dir=\"auto\" style=\"vertical-align: inherit;\">Mikil hreinleiki:<\/span><\/span><\/strong><span dir=\"auto\" style=\"vertical-align: inherit;\"><span dir=\"auto\" style=\"vertical-align: inherit;\"> Framleitt vi\u00f0 st\u00fdr\u00f0ar ranns\u00f3knarstofua\u00f0st\u00e6\u00f0ur.<\/span><\/span><\/p>\n<\/li>\n<li data-start=\"5778\" data-end=\"5854\">\n<p data-start=\"5780\" data-end=\"5854\"><strong data-start=\"5780\" data-end=\"5801\"><span dir=\"auto\" style=\"vertical-align: inherit;\"><span dir=\"auto\" style=\"vertical-align: inherit;\">10% Concentration:<\/span><\/span><\/strong><span dir=\"auto\" style=\"vertical-align: inherit;\"><span dir=\"auto\" style=\"vertical-align: inherit;\"> Designed for consistent analytical performance.<\/span><\/span><\/p>\n<\/li>\n<li data-start=\"5855\" data-end=\"5957\">\n<p data-start=\"5857\" data-end=\"5957\"><strong data-start=\"5857\" data-end=\"5896\"><span dir=\"auto\" style=\"vertical-align: inherit;\"><span dir=\"auto\" style=\"vertical-align: inherit;\">Votta\u00f0 vi\u00f0mi\u00f0unarefni:<\/span><\/span><\/strong><span dir=\"auto\" style=\"vertical-align: inherit;\"><span dir=\"auto\" style=\"vertical-align: inherit;\"> Fylgir me\u00f0 <\/span><\/span><strong data-start=\"5910\" data-end=\"5938\"><span dir=\"auto\" style=\"vertical-align: inherit;\"><span dir=\"auto\" style=\"vertical-align: inherit;\">Greiningarvottor\u00f0 (COA)<\/span><\/span><\/strong><span dir=\"auto\" style=\"vertical-align: inherit;\"><span dir=\"auto\" style=\"vertical-align: inherit;\"> and documentation.<\/span><\/span><\/p>\n<\/li>\n<li data-start=\"5958\" data-end=\"6053\">\n<p data-start=\"5960\" data-end=\"6053\"><strong data-start=\"5960\" data-end=\"5991\"><span dir=\"auto\" style=\"vertical-align: inherit;\"><span dir=\"auto\" style=\"vertical-align: inherit;\">Fj\u00f6lh\u00e6fur greiningart\u00e6kni:<\/span><\/span><\/strong><span dir=\"auto\" style=\"vertical-align: inherit;\"><span dir=\"auto\" style=\"vertical-align: inherit;\"> Hentar fyrir <\/span><\/span><strong data-start=\"6006\" data-end=\"6015\"><span dir=\"auto\" style=\"vertical-align: inherit;\"><span dir=\"auto\" style=\"vertical-align: inherit;\">GC-MS<\/span><\/span><\/strong><span dir=\"auto\" style=\"vertical-align: inherit;\"><span dir=\"auto\" style=\"vertical-align: inherit;\"> , <\/span><\/span><strong data-start=\"6017\" data-end=\"6025\"><span dir=\"auto\" style=\"vertical-align: inherit;\"><span dir=\"auto\" style=\"vertical-align: inherit;\">HPLC<\/span><\/span><\/strong><span dir=\"auto\" style=\"vertical-align: inherit;\"><span dir=\"auto\" style=\"vertical-align: inherit;\"> og <\/span><\/span><strong data-start=\"6029\" data-end=\"6041\"><span dir=\"auto\" style=\"vertical-align: inherit;\"><span dir=\"auto\" style=\"vertical-align: inherit;\">LC-MS\/MS<\/span><\/span><\/strong><span dir=\"auto\" style=\"vertical-align: inherit;\"><span dir=\"auto\" style=\"vertical-align: inherit;\"> greiningar.<\/span><\/span><\/p>\n<\/li>\n<li data-start=\"6054\" data-end=\"6145\">\n<p data-start=\"6056\" data-end=\"6145\"><strong data-start=\"6056\" data-end=\"6082\"><span dir=\"auto\" style=\"vertical-align: inherit;\"><span dir=\"auto\" style=\"vertical-align: inherit;\">Stable Spray System:<\/span><\/span><\/strong><span dir=\"auto\" style=\"vertical-align: inherit;\"><span dir=\"auto\" style=\"vertical-align: inherit;\"> Ensures reliable application in analytical environments.<\/span><\/span><\/p>\n<\/li>\n<\/ul>\n<hr data-start=\"6147\" data-end=\"6150\" \/>\n<h3 data-start=\"6152\" data-end=\"6169\"><strong data-start=\"6156\" data-end=\"6169\"><span dir=\"auto\" style=\"vertical-align: inherit;\"><span dir=\"auto\" style=\"vertical-align: inherit;\">Kostir<\/span><\/span><\/strong><\/h3>\n<ul data-start=\"6171\" data-end=\"6680\">\n<li data-start=\"6171\" data-end=\"6278\">\n<p data-start=\"6173\" data-end=\"6278\"><strong data-start=\"6173\" data-end=\"6209\"><span dir=\"auto\" style=\"vertical-align: inherit;\"><span dir=\"auto\" style=\"vertical-align: inherit;\">Sty\u00f0ur r\u00e9ttargreiningu:<\/span><\/span><\/strong><span dir=\"auto\" style=\"vertical-align: inherit;\"><span dir=\"auto\" style=\"vertical-align: inherit;\"> Aids in detection and calibration of arylcyclohexylamine analogs.<\/span><\/span><\/p>\n<\/li>\n<li data-start=\"6279\" data-end=\"6399\">\n<p data-start=\"6281\" data-end=\"6399\"><strong data-start=\"6281\" data-end=\"6308\"><span dir=\"auto\" style=\"vertical-align: inherit;\"><span dir=\"auto\" style=\"vertical-align: inherit;\">\u00c1rei\u00f0anleg kv\u00f6r\u00f0un:<\/span><\/span><\/strong><span dir=\"auto\" style=\"vertical-align: inherit;\"><span dir=\"auto\" style=\"vertical-align: inherit;\"> Ensures reproducible results in chromatographic and spectroscopic studies.<\/span><\/span><\/p>\n<\/li>\n<li data-start=\"6400\" data-end=\"6476\">\n<p data-start=\"6402\" data-end=\"6476\"><strong data-start=\"6402\" data-end=\"6424\"><span dir=\"auto\" style=\"vertical-align: inherit;\"><span dir=\"auto\" style=\"vertical-align: inherit;\">Menntunarlegt gildi:<\/span><\/span><\/strong><span dir=\"auto\" style=\"vertical-align: inherit;\"><span dir=\"auto\" style=\"vertical-align: inherit;\"> Suitable for academic and analytical research.<\/span><\/span><\/p>\n<\/li>\n<li data-start=\"6477\" data-end=\"6572\">\n<p data-start=\"6479\" data-end=\"6572\"><strong data-start=\"6479\" data-end=\"6510\"><span dir=\"auto\" style=\"vertical-align: inherit;\"><span dir=\"auto\" style=\"vertical-align: inherit;\">\u00d6rugg notkun \u00e1 ranns\u00f3knarstofu:<\/span><\/span><\/strong><span dir=\"auto\" style=\"vertical-align: inherit;\"><span dir=\"auto\" style=\"vertical-align: inherit;\"> Designed for controlled scientific application.<\/span><\/span><\/p>\n<\/li>\n<li data-start=\"6573\" data-end=\"6680\">\n<p data-start=\"6575\" data-end=\"6680\"><strong data-start=\"6575\" data-end=\"6609\"><span dir=\"auto\" style=\"vertical-align: inherit;\"><span dir=\"auto\" style=\"vertical-align: inherit;\">\u00d6ryggissta\u00f0lar \u00ed samr\u00e6mi vi\u00f0:<\/span><\/span><\/strong><span dir=\"auto\" style=\"vertical-align: inherit;\"><span dir=\"auto\" style=\"vertical-align: inherit;\"> Supplied with documentation for laboratory compliance.<\/span><\/span><\/p>\n<\/li>\n<\/ul>\n<hr data-start=\"6682\" data-end=\"6685\" \/>\n<h3 data-start=\"6687\" data-end=\"6748\"><strong data-start=\"6691\" data-end=\"6748\"><span dir=\"auto\" style=\"vertical-align: inherit;\"><span dir=\"auto\" style=\"vertical-align: inherit;\">Lei\u00f0beiningar um notkun (eing\u00f6ngu \u00ed ranns\u00f3knarskyni)<\/span><\/span><\/strong><\/h3>\n<ol data-start=\"6750\" data-end=\"7103\">\n<li data-start=\"6750\" data-end=\"6848\">\n<p data-start=\"6753\" data-end=\"6848\"><strong data-start=\"6753\" data-end=\"6771\"><span dir=\"auto\" style=\"vertical-align: inherit;\"><span dir=\"auto\" style=\"vertical-align: inherit;\">Undirb\u00faningur:<\/span><\/span><\/strong><span dir=\"auto\" style=\"vertical-align: inherit;\"><span dir=\"auto\" style=\"vertical-align: inherit;\"> Noti\u00f0 a\u00f0eins \u00ed vi\u00f0urkenndum ranns\u00f3knarstofum me\u00f0 vi\u00f0eigandi \u00f6ryggisb\u00fana\u00f0i.<\/span><\/span><\/p>\n<\/li>\n<li data-start=\"6849\" data-end=\"6945\">\n<p data-start=\"6852\" data-end=\"6945\"><strong data-start=\"6852\" data-end=\"6867\"><span dir=\"auto\" style=\"vertical-align: inherit;\"><span dir=\"auto\" style=\"vertical-align: inherit;\">Ums\u00f3kn:<\/span><\/span><\/strong><span dir=\"auto\" style=\"vertical-align: inherit;\"><span dir=\"auto\" style=\"vertical-align: inherit;\"> Use in well-ventilated areas according to validated protocols.<\/span><\/span><\/p>\n<\/li>\n<li data-start=\"6946\" data-end=\"7009\">\n<p data-start=\"6949\" data-end=\"7009\"><strong data-start=\"6949\" data-end=\"6960\"><span dir=\"auto\" style=\"vertical-align: inherit;\"><span dir=\"auto\" style=\"vertical-align: inherit;\">Geymsla:<\/span><\/span><\/strong><span dir=\"auto\" style=\"vertical-align: inherit;\"><span dir=\"auto\" style=\"vertical-align: inherit;\"> Geymi\u00f0 \u00e1 k\u00f6ldum, \u00feurrum og dimmum sta\u00f0, vel loka\u00f0.<\/span><\/span><\/p>\n<\/li>\n<li data-start=\"7010\" data-end=\"7103\">\n<p data-start=\"7013\" data-end=\"7103\"><strong data-start=\"7013\" data-end=\"7024\"><span dir=\"auto\" style=\"vertical-align: inherit;\"><span dir=\"auto\" style=\"vertical-align: inherit;\">F\u00f6rgun:<\/span><\/span><\/strong><span dir=\"auto\" style=\"vertical-align: inherit;\"><span dir=\"auto\" style=\"vertical-align: inherit;\"> Fari\u00f0 me\u00f0 leifar \u00ed samr\u00e6mi vi\u00f0 gildandi reglur um me\u00f0h\u00f6ndlun efna\u00fargangs.<\/span><\/span><\/p>\n<\/li>\n<\/ol>\n<hr data-start=\"7105\" data-end=\"7108\" \/>\n<h3 data-start=\"7110\" data-end=\"7144\"><strong data-start=\"7114\" data-end=\"7144\"><span dir=\"auto\" style=\"vertical-align: inherit;\"><span dir=\"auto\" style=\"vertical-align: inherit;\">\u00d6ryggi og reglufylgni<\/span><\/span><\/strong><\/h3>\n<ul data-start=\"7146\" data-end=\"7599\">\n<li data-start=\"7146\" data-end=\"7241\">\n<p data-start=\"7148\" data-end=\"7241\"><strong data-start=\"7148\" data-end=\"7184\"><span dir=\"auto\" style=\"vertical-align: inherit;\"><span dir=\"auto\" style=\"vertical-align: inherit;\">A\u00f0eins til notkunar \u00e1 ranns\u00f3knarstofu:<\/span><\/span><\/strong><span dir=\"auto\" style=\"vertical-align: inherit;\"><span dir=\"auto\" style=\"vertical-align: inherit;\"> Ekki hentugt til neyslu manna e\u00f0a d\u00fdra.<\/span><\/span><\/p>\n<\/li>\n<li data-start=\"7242\" data-end=\"7364\">\n<p data-start=\"7244\" data-end=\"7364\"><strong data-start=\"7244\" data-end=\"7272\"><span dir=\"auto\" style=\"vertical-align: inherit;\"><span dir=\"auto\" style=\"vertical-align: inherit;\">L\u00f6gleg atri\u00f0i:<\/span><\/span><\/strong><span dir=\"auto\" style=\"vertical-align: inherit;\"><span dir=\"auto\" style=\"vertical-align: inherit;\"> The legal status of 2F-DCK varies by country; always check local laws.<\/span><\/span><\/p>\n<\/li>\n<li data-start=\"7365\" data-end=\"7474\">\n<p data-start=\"7367\" data-end=\"7474\"><strong data-start=\"7367\" data-end=\"7395\"><span dir=\"auto\" style=\"vertical-align: inherit;\"><span dir=\"auto\" style=\"vertical-align: inherit;\">Heilbrig\u00f0i og \u00f6ryggi:<\/span><\/span><\/strong><span dir=\"auto\" style=\"vertical-align: inherit;\"><span dir=\"auto\" style=\"vertical-align: inherit;\"> Avoid inhalation and skin contact; wear personal protective equipment. Chem mist spray<\/span><\/span><\/p>\n<\/li>\n<li data-start=\"7475\" data-end=\"7599\">\n<p data-start=\"7477\" data-end=\"7599\"><strong data-start=\"7477\" data-end=\"7494\"><span dir=\"auto\" style=\"vertical-align: inherit;\"><span dir=\"auto\" style=\"vertical-align: inherit;\">Skj\u00f6lun:<\/span><\/span><\/strong><span dir=\"auto\" style=\"vertical-align: inherit;\"><span dir=\"auto\" style=\"vertical-align: inherit;\"> A <\/span><\/span><strong data-start=\"7499\" data-end=\"7535\"><span dir=\"auto\" style=\"vertical-align: inherit;\"><span dir=\"auto\" style=\"vertical-align: inherit;\">\u00d6ryggisbla\u00f0 efnis (MSDS)<\/span><\/span><\/strong><span dir=\"auto\" style=\"vertical-align: inherit;\"><span dir=\"auto\" style=\"vertical-align: inherit;\"> og <\/span><\/span><strong data-start=\"7539\" data-end=\"7567\"><span dir=\"auto\" style=\"vertical-align: inherit;\"><span dir=\"auto\" style=\"vertical-align: inherit;\">Greiningarvottor\u00f0 (COA)<\/span><\/span><\/strong><span dir=\"auto\" style=\"vertical-align: inherit;\"><span dir=\"auto\" style=\"vertical-align: inherit;\"> eru f\u00e1anleg ef \u00f3ska\u00f0 er.<\/span><\/span><\/p>\n<\/li>\n<\/ul>\n<hr data-start=\"7601\" data-end=\"7604\" \/>\n<h3 data-start=\"7606\" data-end=\"7641\"><strong data-start=\"7610\" data-end=\"7641\"><span dir=\"auto\" style=\"vertical-align: inherit;\"><span dir=\"auto\" style=\"vertical-align: inherit;\">Algengar spurningar (FAQs)<\/span><\/span><\/strong><\/h3>\n<p data-start=\"7643\" data-end=\"7831\"><strong data-start=\"7643\" data-end=\"7701\"><span dir=\"auto\" style=\"vertical-align: inherit;\"><span dir=\"auto\" style=\"vertical-align: inherit;\">1. What is Chem-Mist 2F-DCK Spray 10% used for?<\/span><\/span><\/strong><br data-start=\"7701\" data-end=\"7704\" \/><span dir=\"auto\" style=\"vertical-align: inherit;\"><span dir=\"auto\" style=\"vertical-align: inherit;\"> \u00dea\u00f0 er nota\u00f0 sem <\/span><\/span><strong data-start=\"7727\" data-end=\"7750\"><span dir=\"auto\" style=\"vertical-align: inherit;\"><span dir=\"auto\" style=\"vertical-align: inherit;\">a reference solution<\/span><\/span><\/strong><span dir=\"auto\" style=\"vertical-align: inherit;\"><span dir=\"auto\" style=\"vertical-align: inherit;\"> in forensic and chemical laboratories for detection and calibration research.<\/span><\/span><\/p>\n<p data-start=\"7833\" data-end=\"8034\"><strong data-start=\"7833\" data-end=\"7906\"><span dir=\"auto\" style=\"vertical-align: inherit;\"><span dir=\"auto\" style=\"vertical-align: inherit;\">2. Is Chem-Mist 2F-DCK Spray 10% suitable for human consumption?<\/span><\/span><\/strong><br data-start=\"7906\" data-end=\"7909\" \/><span dir=\"auto\" style=\"vertical-align: inherit;\"><span dir=\"auto\" style=\"vertical-align: inherit;\"> Nei. \u00deessi vara er <\/span><\/span><strong data-start=\"7929\" data-end=\"7984\"><span dir=\"auto\" style=\"vertical-align: inherit;\"><span dir=\"auto\" style=\"vertical-align: inherit;\">eing\u00f6ngu \u00e6tla\u00f0 til v\u00edsindaranns\u00f3kna<\/span><\/span><\/strong><span dir=\"auto\" style=\"vertical-align: inherit;\"><span dir=\"auto\" style=\"vertical-align: inherit;\"> og <\/span><\/span><strong data-start=\"7988\" data-end=\"8031\"><span dir=\"auto\" style=\"vertical-align: inherit;\"><span dir=\"auto\" style=\"vertical-align: inherit;\">er ekki sam\u00feykkt til notkunar fyrir menn<\/span><\/span><\/strong><span dir=\"auto\" style=\"vertical-align: inherit;\"><span dir=\"auto\" style=\"vertical-align: inherit;\"> .<\/span><\/span><\/p>\n<p data-start=\"8036\" data-end=\"8181\"><strong data-start=\"8036\" data-end=\"8097\"><span dir=\"auto\" style=\"vertical-align: inherit;\"><span dir=\"auto\" style=\"vertical-align: inherit;\">3. How should Chem-Mist 2F-DCK Spray 10% be stored?<\/span><\/span><\/strong><br data-start=\"8097\" data-end=\"8100\" \/><span dir=\"auto\" style=\"vertical-align: inherit;\"><span dir=\"auto\" style=\"vertical-align: inherit;\"> Geymi\u00f0 \u00e1 k\u00f6ldum, \u00feurrum, dimmum sta\u00f0, vel loku\u00f0um og \u00fear sem \u00f3vi\u00f0komandi a\u00f0ilar n\u00e1 ekki til.<\/span><\/span><\/p>\n<p data-start=\"8036\" data-end=\"8181\"><a href=\"https:\/\/researchchemicalhub.com\/is\/bud\/lysergamid\/1cp-lsd\/\"><span dir=\"auto\" style=\"vertical-align: inherit;\"><span dir=\"auto\" style=\"vertical-align: inherit;\">1cp lsd <\/span><\/span><\/a><a href=\"https:\/\/researchchemicalhub.com\/is\/bud\/kogglar-fyrir-koggla\/o-dsmt-50-mg-kulur\/\"><span dir=\"auto\" style=\"vertical-align: inherit;\"><span dir=\"auto\" style=\"vertical-align: inherit;\">o-dsmt <\/span><\/span><\/a><a href=\"https:\/\/researchchemicalhub.com\/is\/bud\/kogglar-fyrir-koggla\/1p-lsd-orskammtur\/\"><span dir=\"auto\" style=\"vertical-align: inherit;\"><span dir=\"auto\" style=\"vertical-align: inherit;\">1P-LSD \u00f6rskammtur<\/span><\/span><\/a><\/p>","protected":false},"excerpt":{"rendered":"<h2><span style=\"vertical-align: inherit;\"><span style=\"vertical-align: inherit;\"><span dir=\"auto\" style=\"vertical-align: inherit;\"><span dir=\"auto\" style=\"vertical-align: inherit;\">Chem-mist 2F-DCK sprey 10% Vanilla Sky eiginleikar<\/span><\/span><\/span><\/span><\/h2>\n<p><strong><span style=\"vertical-align: inherit;\"><span style=\"vertical-align: inherit;\"><span dir=\"auto\" style=\"vertical-align: inherit;\"><span dir=\"auto\" style=\"vertical-align: inherit;\">Samheiti:<\/span><\/span><\/span><\/span><\/strong><span style=\"vertical-align: inherit;\"><span style=\"vertical-align: inherit;\"><span dir=\"auto\" style=\"vertical-align: inherit;\"><span dir=\"auto\" style=\"vertical-align: inherit;\"> 2-fl\u00faordeskl\u00f3roketam\u00edn HCl <\/span><\/span><\/span><\/span><br \/>\n<strong><span style=\"vertical-align: inherit;\"><span style=\"vertical-align: inherit;\"><span dir=\"auto\" style=\"vertical-align: inherit;\"><span dir=\"auto\" style=\"vertical-align: inherit;\">CAS-n\u00famer:<\/span><\/span><\/span><\/span><\/strong><span style=\"vertical-align: inherit;\"><span style=\"vertical-align: inherit;\"><span dir=\"auto\" style=\"vertical-align: inherit;\"><span dir=\"auto\" style=\"vertical-align: inherit;\"> 111982-49-1 <\/span><\/span><\/span><\/span><br \/>\n<strong><span style=\"vertical-align: inherit;\"><span style=\"vertical-align: inherit;\"><span dir=\"auto\" style=\"vertical-align: inherit;\"><span dir=\"auto\" style=\"vertical-align: inherit;\">Form\u00fala:<\/span><\/span><\/span><\/span><\/strong><span style=\"vertical-align: inherit;\"><span style=\"vertical-align: inherit;\"><span dir=\"auto\" style=\"vertical-align: inherit;\"><span dir=\"auto\" style=\"vertical-align: inherit;\"> 2-(2-fl\u00faorfen\u00fdl)-2-(met\u00fdlam\u00edn\u00f3)-s\u00fdkl\u00f3hexan\u00f3n <\/span><\/span><\/span><\/span><br \/>\n<strong><span style=\"vertical-align: inherit;\"><span style=\"vertical-align: inherit;\"><span dir=\"auto\" style=\"vertical-align: inherit;\"><span dir=\"auto\" style=\"vertical-align: inherit;\">M\u00f3lmassi:<\/span><\/span><\/span><\/span><\/strong><span style=\"vertical-align: inherit;\"><span style=\"vertical-align: inherit;\"><span dir=\"auto\" style=\"vertical-align: inherit;\"><span dir=\"auto\" style=\"vertical-align: inherit;\"> 257,7 g\/m\u00f3l <\/span><\/span><\/span><\/span><br \/>\n<strong><span style=\"vertical-align: inherit;\"><span style=\"vertical-align: inherit;\"><span dir=\"auto\" style=\"vertical-align: inherit;\"><span dir=\"auto\" style=\"vertical-align: inherit;\">Hreinleiki:<\/span><\/span><\/span><\/span><\/strong><span style=\"vertical-align: inherit;\"><span style=\"vertical-align: inherit;\"><span dir=\"auto\" style=\"vertical-align: inherit;\"><span dir=\"auto\" style=\"vertical-align: inherit;\"> &gt;98%<\/span><\/span><\/span><\/span><\/p>","protected":false},"featured_media":28492,"comment_status":"closed","ping_status":"closed","template":"","meta":[],"product_brand":[],"product_cat":[474,498,71,471,396],"product_tag":[810,1092,326,472],"class_list":{"0":"post-23740","1":"product","2":"type-product","3":"status-publish","4":"has-post-thumbnail","6":"product_cat-2f-dck-kopen","7":"product_cat-2f-dck-sprays","8":"product_cat-arylcyclohexylamine","9":"product_cat-chem-mist-sprays","10":"product_cat-liquid-rcs","11":"product_tag-chem-mist-spray","12":"product_tag-chem-mist-spray-kopen","13":"product_tag-nl","14":"product_tag-spring-is-in-the-air","16":"first","17":"instock","18":"taxable","19":"shipping-taxable","20":"purchasable","21":"product-type-variable"},"_links":{"self":[{"href":"https:\/\/researchchemicalhub.com\/is\/wp-json\/wp\/v2\/product\/23740","targetHints":{"allow":["GET"]}}],"collection":[{"href":"https:\/\/researchchemicalhub.com\/is\/wp-json\/wp\/v2\/product"}],"about":[{"href":"https:\/\/researchchemicalhub.com\/is\/wp-json\/wp\/v2\/types\/product"}],"replies":[{"embeddable":true,"href":"https:\/\/researchchemicalhub.com\/is\/wp-json\/wp\/v2\/comments?post=23740"}],"version-history":[{"count":7,"href":"https:\/\/researchchemicalhub.com\/is\/wp-json\/wp\/v2\/product\/23740\/revisions"}],"predecessor-version":[{"id":28711,"href":"https:\/\/researchchemicalhub.com\/is\/wp-json\/wp\/v2\/product\/23740\/revisions\/28711"}],"wp:featuredmedia":[{"embeddable":true,"href":"https:\/\/researchchemicalhub.com\/is\/wp-json\/wp\/v2\/media\/28492"}],"wp:attachment":[{"href":"https:\/\/researchchemicalhub.com\/is\/wp-json\/wp\/v2\/media?parent=23740"}],"wp:term":[{"taxonomy":"product_brand","embeddable":true,"href":"https:\/\/researchchemicalhub.com\/is\/wp-json\/wp\/v2\/product_brand?post=23740"},{"taxonomy":"product_cat","embeddable":true,"href":"https:\/\/researchchemicalhub.com\/is\/wp-json\/wp\/v2\/product_cat?post=23740"},{"taxonomy":"product_tag","embeddable":true,"href":"https:\/\/researchchemicalhub.com\/is\/wp-json\/wp\/v2\/product_tag?post=23740"}],"curies":[{"name":"wp","href":"https:\/\/api.w.org\/{rel}","templated":true}]}}