{"id":23732,"date":"2025-04-13T17:40:19","date_gmt":"2025-04-13T17:40:19","guid":{"rendered":"https:\/\/researchchemicalhub.com\/?post_type=product&#038;p=23732"},"modified":"2025-10-30T08:31:47","modified_gmt":"2025-10-30T08:31:47","slug":"blue-mandala-mix","status":"publish","type":"product","link":"https:\/\/researchchemicalhub.com\/is\/shop\/2-fa\/blue-mandala-mix\/","title":{"rendered":"Bl\u00e1 Mandala blanda"},"content":{"rendered":"<p data-start=\"4843\" data-end=\"5084\"><strong data-start=\"4843\" data-end=\"4863\"><span dir=\"auto\" style=\"vertical-align: inherit;\"><span dir=\"auto\" style=\"vertical-align: inherit;\">Bl\u00e1 Mandala blanda<\/span><\/span><\/strong><span dir=\"auto\" style=\"vertical-align: inherit;\"><span dir=\"auto\" style=\"vertical-align: inherit;\"> er <\/span><\/span><strong data-start=\"4871\" data-end=\"4898\"><span dir=\"auto\" style=\"vertical-align: inherit;\"><span dir=\"auto\" style=\"vertical-align: inherit;\">form\u00fala fyrir greiningarbl\u00f6ndu<\/span><\/span><\/strong><span dir=\"auto\" style=\"vertical-align: inherit;\"><span dir=\"auto\" style=\"vertical-align: inherit;\"> nota\u00f0 \u00ed <\/span><\/span><strong data-start=\"4923\" data-end=\"4959\"><span dir=\"auto\" style=\"vertical-align: inherit;\"><span dir=\"auto\" style=\"vertical-align: inherit;\">forensic and chemical testing<\/span><\/span><\/strong><span dir=\"auto\" style=\"vertical-align: inherit;\"><span dir=\"auto\" style=\"vertical-align: inherit;\"> . <\/span><\/span><br data-start=\"4960\" data-end=\"4963\" \/><span dir=\"auto\" style=\"vertical-align: inherit;\"><span dir=\"auto\" style=\"vertical-align: inherit;\">It serves as <\/span><\/span><strong data-start=\"4977\" data-end=\"5000\"><span dir=\"auto\" style=\"vertical-align: inherit;\"><span dir=\"auto\" style=\"vertical-align: inherit;\">tilv\u00edsunarefni<\/span><\/span><\/strong><span dir=\"auto\" style=\"vertical-align: inherit;\"><span dir=\"auto\" style=\"vertical-align: inherit;\"> for calibration, compound identification, and spectrometric comparison.<\/span><\/span><\/p>\n<p data-start=\"5086\" data-end=\"5341\"><span dir=\"auto\" style=\"vertical-align: inherit;\"><span dir=\"auto\" style=\"vertical-align: inherit;\">The mixture helps researchers study the <\/span><\/span><strong data-start=\"5143\" data-end=\"5196\"><span dir=\"auto\" style=\"vertical-align: inherit;\"><span dir=\"auto\" style=\"vertical-align: inherit;\">chemical composition and detection properties<\/span><\/span><\/strong><span dir=\"auto\" style=\"vertical-align: inherit;\"><span dir=\"auto\" style=\"vertical-align: inherit;\"> of complex samples. <\/span><\/span><br data-start=\"5219\" data-end=\"5222\" \/><span dir=\"auto\" style=\"vertical-align: inherit;\"><span dir=\"auto\" style=\"vertical-align: inherit;\">\u00dea\u00f0 er <\/span><\/span><strong data-start=\"5229\" data-end=\"5279\"><span dir=\"auto\" style=\"vertical-align: inherit;\"><span dir=\"auto\" style=\"vertical-align: inherit;\">eing\u00f6ngu \u00e6tla\u00f0 til ranns\u00f3kna \u00e1 ranns\u00f3knarstofu<\/span><\/span><\/strong><span dir=\"auto\" style=\"vertical-align: inherit;\"><span dir=\"auto\" style=\"vertical-align: inherit;\"> og <\/span><\/span><strong data-start=\"5283\" data-end=\"5340\"><span dir=\"auto\" style=\"vertical-align: inherit;\"><span dir=\"auto\" style=\"vertical-align: inherit;\">er ekki hentugt til neyslu manna e\u00f0a d\u00fdra<\/span><\/span><\/strong><span dir=\"auto\" style=\"vertical-align: inherit;\"><span dir=\"auto\" style=\"vertical-align: inherit;\"> .<\/span><\/span><\/p>\n<hr data-start=\"5343\" data-end=\"5346\" \/>\n<h3 data-start=\"5348\" data-end=\"5379\"><strong data-start=\"5352\" data-end=\"5379\"><span dir=\"auto\" style=\"vertical-align: inherit;\"><span dir=\"auto\" style=\"vertical-align: inherit;\">Lykilatri\u00f0i<\/span><\/span><\/strong><\/h3>\n<ul data-start=\"5381\" data-end=\"5813\">\n<li data-start=\"5381\" data-end=\"5467\">\n<p data-start=\"5383\" data-end=\"5467\"><strong data-start=\"5383\" data-end=\"5403\"><span dir=\"auto\" style=\"vertical-align: inherit;\"><span dir=\"auto\" style=\"vertical-align: inherit;\">Mikil hreinleiki:<\/span><\/span><\/strong><span dir=\"auto\" style=\"vertical-align: inherit;\"><span dir=\"auto\" style=\"vertical-align: inherit;\"> Framleitt vi\u00f0 st\u00fdr\u00f0ar ranns\u00f3knarstofua\u00f0st\u00e6\u00f0ur.<\/span><\/span><\/p>\n<\/li>\n<li data-start=\"5468\" data-end=\"5555\">\n<p data-start=\"5470\" data-end=\"5555\"><strong data-start=\"5470\" data-end=\"5500\"><span dir=\"auto\" style=\"vertical-align: inherit;\"><span dir=\"auto\" style=\"vertical-align: inherit;\">Marg\u00fe\u00e6tt samsetning:<\/span><\/span><\/strong><span dir=\"auto\" style=\"vertical-align: inherit;\"><span dir=\"auto\" style=\"vertical-align: inherit;\"> Designed for calibration and comparative analysis.<\/span><\/span><\/p>\n<\/li>\n<li data-start=\"5556\" data-end=\"5645\">\n<p data-start=\"5558\" data-end=\"5645\"><strong data-start=\"5558\" data-end=\"5591\"><span dir=\"auto\" style=\"vertical-align: inherit;\"><span dir=\"auto\" style=\"vertical-align: inherit;\">Sta\u00f0fest skj\u00f6l:<\/span><\/span><\/strong><span dir=\"auto\" style=\"vertical-align: inherit;\"><span dir=\"auto\" style=\"vertical-align: inherit;\"> Supplied with certificate of analysis and batch information.<\/span><\/span><\/p>\n<\/li>\n<li data-start=\"5646\" data-end=\"5737\">\n<p data-start=\"5648\" data-end=\"5737\"><strong data-start=\"5648\" data-end=\"5678\"><span dir=\"auto\" style=\"vertical-align: inherit;\"><span dir=\"auto\" style=\"vertical-align: inherit;\">Compatible with Equipment:<\/span><\/span><\/strong><span dir=\"auto\" style=\"vertical-align: inherit;\"><span dir=\"auto\" style=\"vertical-align: inherit;\"> Hentar fyrir <\/span><\/span><strong data-start=\"5693\" data-end=\"5702\"><span dir=\"auto\" style=\"vertical-align: inherit;\"><span dir=\"auto\" style=\"vertical-align: inherit;\">GC-MS<\/span><\/span><\/strong><span dir=\"auto\" style=\"vertical-align: inherit;\"><span dir=\"auto\" style=\"vertical-align: inherit;\"> , <\/span><\/span><strong data-start=\"5704\" data-end=\"5712\"><span dir=\"auto\" style=\"vertical-align: inherit;\"><span dir=\"auto\" style=\"vertical-align: inherit;\">HPLC<\/span><\/span><\/strong><span dir=\"auto\" style=\"vertical-align: inherit;\"><span dir=\"auto\" style=\"vertical-align: inherit;\"> og <\/span><\/span><strong data-start=\"5717\" data-end=\"5725\"><span dir=\"auto\" style=\"vertical-align: inherit;\"><span dir=\"auto\" style=\"vertical-align: inherit;\">FTIR<\/span><\/span><\/strong><span dir=\"auto\" style=\"vertical-align: inherit;\"><span dir=\"auto\" style=\"vertical-align: inherit;\"> greiningar.<\/span><\/span><\/p>\n<\/li>\n<li data-start=\"5738\" data-end=\"5813\">\n<p data-start=\"5740\" data-end=\"5813\"><strong data-start=\"5740\" data-end=\"5761\"><span dir=\"auto\" style=\"vertical-align: inherit;\"><span dir=\"auto\" style=\"vertical-align: inherit;\">St\u00f6\u00f0ug form\u00fala:<\/span><\/span><\/strong><span dir=\"auto\" style=\"vertical-align: inherit;\"><span dir=\"auto\" style=\"vertical-align: inherit;\"> Heldur st\u00f6\u00f0ugleika vi\u00f0 r\u00e9ttar geymsluskilyr\u00f0i.<\/span><\/span><\/p>\n<\/li>\n<\/ul>\n<hr data-start=\"5815\" data-end=\"5818\" \/>\n<h3 data-start=\"5820\" data-end=\"5837\"><strong data-start=\"5824\" data-end=\"5837\"><span dir=\"auto\" style=\"vertical-align: inherit;\"><span dir=\"auto\" style=\"vertical-align: inherit;\">Kostir<\/span><\/span><\/strong><\/h3>\n<ul data-start=\"5839\" data-end=\"6253\">\n<li data-start=\"5839\" data-end=\"5922\">\n<p data-start=\"5841\" data-end=\"5922\"><strong data-start=\"5841\" data-end=\"5878\"><span dir=\"auto\" style=\"vertical-align: inherit;\"><span dir=\"auto\" style=\"vertical-align: inherit;\">Sty\u00f0ur r\u00e9ttarmeinafr\u00e6\u00f0ilega ranns\u00f3kn:<\/span><\/span><\/strong><span dir=\"auto\" style=\"vertical-align: inherit;\"><span dir=\"auto\" style=\"vertical-align: inherit;\"> Helps detect complex mixtures.<\/span><\/span><\/p>\n<\/li>\n<li data-start=\"5923\" data-end=\"6004\">\n<p data-start=\"5925\" data-end=\"6004\"><strong data-start=\"5925\" data-end=\"5952\"><span dir=\"auto\" style=\"vertical-align: inherit;\"><span dir=\"auto\" style=\"vertical-align: inherit;\">\u00c1rei\u00f0anleg kv\u00f6r\u00f0un:<\/span><\/span><\/strong><span dir=\"auto\" style=\"vertical-align: inherit;\"><span dir=\"auto\" style=\"vertical-align: inherit;\"> Delivers consistent and reproducible results.<\/span><\/span><\/p>\n<\/li>\n<li data-start=\"6005\" data-end=\"6083\">\n<p data-start=\"6007\" data-end=\"6083\"><strong data-start=\"6007\" data-end=\"6033\"><span dir=\"auto\" style=\"vertical-align: inherit;\"><span dir=\"auto\" style=\"vertical-align: inherit;\">N\u00e1msums\u00f3kn:<\/span><\/span><\/strong><span dir=\"auto\" style=\"vertical-align: inherit;\"><span dir=\"auto\" style=\"vertical-align: inherit;\"> Suitable for teaching and research projects.<\/span><\/span><\/p>\n<\/li>\n<li data-start=\"6084\" data-end=\"6155\">\n<p data-start=\"6086\" data-end=\"6155\"><strong data-start=\"6086\" data-end=\"6114\"><span dir=\"auto\" style=\"vertical-align: inherit;\"><span dir=\"auto\" style=\"vertical-align: inherit;\">Increases Accuracy:<\/span><\/span><\/strong><span dir=\"auto\" style=\"vertical-align: inherit;\"><span dir=\"auto\" style=\"vertical-align: inherit;\"> Supports methodological validation.<\/span><\/span><\/p>\n<\/li>\n<li data-start=\"6156\" data-end=\"6253\">\n<p data-start=\"6158\" data-end=\"6253\"><strong data-start=\"6158\" data-end=\"6192\"><span dir=\"auto\" style=\"vertical-align: inherit;\"><span dir=\"auto\" style=\"vertical-align: inherit;\">Uppfyllir \u00f6ryggissta\u00f0la:<\/span><\/span><\/strong><span dir=\"auto\" style=\"vertical-align: inherit;\"><span dir=\"auto\" style=\"vertical-align: inherit;\"> Manufactured according to international quality guidelines.<\/span><\/span><\/p>\n<\/li>\n<\/ul>\n<hr data-start=\"6255\" data-end=\"6258\" \/>\n<h3 data-start=\"6260\" data-end=\"6321\"><strong data-start=\"6264\" data-end=\"6321\"><span dir=\"auto\" style=\"vertical-align: inherit;\"><span dir=\"auto\" style=\"vertical-align: inherit;\">Lei\u00f0beiningar um notkun (eing\u00f6ngu \u00ed ranns\u00f3knarskyni)<\/span><\/span><\/strong><\/h3>\n<ol data-start=\"6323\" data-end=\"6671\">\n<li data-start=\"6323\" data-end=\"6420\">\n<p data-start=\"6326\" data-end=\"6420\"><strong data-start=\"6326\" data-end=\"6344\"><span dir=\"auto\" style=\"vertical-align: inherit;\"><span dir=\"auto\" style=\"vertical-align: inherit;\">Undirb\u00faningur:<\/span><\/span><\/strong><span dir=\"auto\" style=\"vertical-align: inherit;\"><span dir=\"auto\" style=\"vertical-align: inherit;\"> Noti\u00f0 a\u00f0eins \u00ed vi\u00f0urkenndum ranns\u00f3knarstofum me\u00f0 vi\u00f0eigandi hl\u00edf\u00f0arb\u00fana\u00f0i.<\/span><\/span><\/p>\n<\/li>\n<li data-start=\"6421\" data-end=\"6518\">\n<p data-start=\"6424\" data-end=\"6518\"><strong data-start=\"6424\" data-end=\"6439\"><span dir=\"auto\" style=\"vertical-align: inherit;\"><span dir=\"auto\" style=\"vertical-align: inherit;\">Ums\u00f3kn:<\/span><\/span><\/strong><span dir=\"auto\" style=\"vertical-align: inherit;\"><span dir=\"auto\" style=\"vertical-align: inherit;\"> Use as <\/span><\/span><strong data-start=\"6452\" data-end=\"6475\"><span dir=\"auto\" style=\"vertical-align: inherit;\"><span dir=\"auto\" style=\"vertical-align: inherit;\">tilv\u00edsunarefni<\/span><\/span><\/strong><span dir=\"auto\" style=\"vertical-align: inherit;\"><span dir=\"auto\" style=\"vertical-align: inherit;\"> in analytical and forensic analyses.<\/span><\/span><\/p>\n<\/li>\n<li data-start=\"6519\" data-end=\"6582\">\n<p data-start=\"6522\" data-end=\"6582\"><strong data-start=\"6522\" data-end=\"6533\"><span dir=\"auto\" style=\"vertical-align: inherit;\"><span dir=\"auto\" style=\"vertical-align: inherit;\">Geymsla:<\/span><\/span><\/strong><span dir=\"auto\" style=\"vertical-align: inherit;\"><span dir=\"auto\" style=\"vertical-align: inherit;\"> Geymi\u00f0 \u00e1 k\u00f6ldum, \u00feurrum og dimmum sta\u00f0, vel loka\u00f0.<\/span><\/span><\/p>\n<\/li>\n<li data-start=\"6583\" data-end=\"6671\">\n<p data-start=\"6586\" data-end=\"6671\"><strong data-start=\"6586\" data-end=\"6597\"><span dir=\"auto\" style=\"vertical-align: inherit;\"><span dir=\"auto\" style=\"vertical-align: inherit;\">F\u00f6rgun:<\/span><\/span><\/strong><span dir=\"auto\" style=\"vertical-align: inherit;\"><span dir=\"auto\" style=\"vertical-align: inherit;\"> Fari\u00f0 me\u00f0 leifar \u00ed samr\u00e6mi vi\u00f0 gildandi lei\u00f0beiningar um me\u00f0h\u00f6ndlun efna\u00fargangs.<\/span><\/span><\/p>\n<\/li>\n<\/ol>\n<hr data-start=\"6673\" data-end=\"6676\" \/>\n<h3 data-start=\"6678\" data-end=\"6712\"><strong data-start=\"6682\" data-end=\"6712\"><span dir=\"auto\" style=\"vertical-align: inherit;\"><span dir=\"auto\" style=\"vertical-align: inherit;\">\u00d6ryggi og reglufylgni<\/span><\/span><\/strong><\/h3>\n<ul data-start=\"6714\" data-end=\"7157\">\n<li data-start=\"6714\" data-end=\"6809\">\n<p data-start=\"6716\" data-end=\"6809\"><strong data-start=\"6716\" data-end=\"6752\"><span dir=\"auto\" style=\"vertical-align: inherit;\"><span dir=\"auto\" style=\"vertical-align: inherit;\">A\u00f0eins til notkunar \u00e1 ranns\u00f3knarstofu:<\/span><\/span><\/strong><span dir=\"auto\" style=\"vertical-align: inherit;\"><span dir=\"auto\" style=\"vertical-align: inherit;\"> Ekki hentugt til neyslu manna e\u00f0a d\u00fdra.<\/span><\/span><\/p>\n<\/li>\n<li data-start=\"6810\" data-end=\"6933\">\n<p data-start=\"6812\" data-end=\"6933\"><strong data-start=\"6812\" data-end=\"6840\"><span dir=\"auto\" style=\"vertical-align: inherit;\"><span dir=\"auto\" style=\"vertical-align: inherit;\">L\u00f6gleg atri\u00f0i:<\/span><\/span><\/strong><span dir=\"auto\" style=\"vertical-align: inherit;\"><span dir=\"auto\" style=\"vertical-align: inherit;\"> Always check local laws regarding the composition of this product.<\/span><\/span><\/p>\n<\/li>\n<li data-start=\"6934\" data-end=\"7032\">\n<p data-start=\"6936\" data-end=\"7032\"><strong data-start=\"6936\" data-end=\"6964\"><span dir=\"auto\" style=\"vertical-align: inherit;\"><span dir=\"auto\" style=\"vertical-align: inherit;\">Heilbrig\u00f0i og \u00f6ryggi:<\/span><\/span><\/strong><span dir=\"auto\" style=\"vertical-align: inherit;\"><span dir=\"auto\" style=\"vertical-align: inherit;\"> Avoid contact and inhalation; use standard laboratory PPE.<\/span><\/span><\/p>\n<\/li>\n<li data-start=\"7033\" data-end=\"7157\">\n<p data-start=\"7035\" data-end=\"7157\"><strong data-start=\"7035\" data-end=\"7052\"><span dir=\"auto\" style=\"vertical-align: inherit;\"><span dir=\"auto\" style=\"vertical-align: inherit;\">Skj\u00f6lun:<\/span><\/span><\/strong><span dir=\"auto\" style=\"vertical-align: inherit;\"><span dir=\"auto\" style=\"vertical-align: inherit;\"> A <\/span><\/span><strong data-start=\"7057\" data-end=\"7093\"><span dir=\"auto\" style=\"vertical-align: inherit;\"><span dir=\"auto\" style=\"vertical-align: inherit;\">\u00d6ryggisbla\u00f0 efnis (MSDS)<\/span><\/span><\/strong><span dir=\"auto\" style=\"vertical-align: inherit;\"><span dir=\"auto\" style=\"vertical-align: inherit;\"> og <\/span><\/span><strong data-start=\"7097\" data-end=\"7125\"><span dir=\"auto\" style=\"vertical-align: inherit;\"><span dir=\"auto\" style=\"vertical-align: inherit;\">Greiningarvottor\u00f0 (COA)<\/span><\/span><\/strong><span dir=\"auto\" style=\"vertical-align: inherit;\"><span dir=\"auto\" style=\"vertical-align: inherit;\"> eru f\u00e1anleg ef \u00f3ska\u00f0 er.<\/span><\/span><\/p>\n<\/li>\n<\/ul>\n<hr data-start=\"7159\" data-end=\"7162\" \/>\n<h3 data-start=\"7164\" data-end=\"7199\"><strong data-start=\"7168\" data-end=\"7199\"><span dir=\"auto\" style=\"vertical-align: inherit;\"><span dir=\"auto\" style=\"vertical-align: inherit;\">Algengar spurningar (FAQs)<\/span><\/span><\/strong><\/h3>\n<p data-start=\"7201\" data-end=\"7376\"><strong data-start=\"7201\" data-end=\"7249\"><span dir=\"auto\" style=\"vertical-align: inherit;\"><span dir=\"auto\" style=\"vertical-align: inherit;\">1. What is Blue Mandala Mix used for?<\/span><\/span><\/strong><br data-start=\"7249\" data-end=\"7252\" \/><span dir=\"auto\" style=\"vertical-align: inherit;\"><span dir=\"auto\" style=\"vertical-align: inherit;\"> Blue Mandala Mix is \u200b\u200bused as <\/span><\/span><strong data-start=\"7288\" data-end=\"7311\"><span dir=\"auto\" style=\"vertical-align: inherit;\"><span dir=\"auto\" style=\"vertical-align: inherit;\">tilv\u00edsunarefni<\/span><\/span><\/strong><span dir=\"auto\" style=\"vertical-align: inherit;\"><span dir=\"auto\" style=\"vertical-align: inherit;\"> for chemical and forensic calibration and detection testing.<\/span><\/span><\/p>\n<p data-start=\"7378\" data-end=\"7552\"><strong data-start=\"7378\" data-end=\"7441\"><span dir=\"auto\" style=\"vertical-align: inherit;\"><span dir=\"auto\" style=\"vertical-align: inherit;\">2. Is Blue Mandala Mix suitable for human consumption?<\/span><\/span><\/strong><br data-start=\"7441\" data-end=\"7444\" \/><span dir=\"auto\" style=\"vertical-align: inherit;\"><span dir=\"auto\" style=\"vertical-align: inherit;\"> Nei. \u00deessi vara er <\/span><\/span><strong data-start=\"7464\" data-end=\"7502\"><span dir=\"auto\" style=\"vertical-align: inherit;\"><span dir=\"auto\" style=\"vertical-align: inherit;\">eing\u00f6ngu \u00ed ranns\u00f3knarskyni<\/span><\/span><\/strong><span dir=\"auto\" style=\"vertical-align: inherit;\"><span dir=\"auto\" style=\"vertical-align: inherit;\"> og <\/span><\/span><strong data-start=\"7506\" data-end=\"7549\"><span dir=\"auto\" style=\"vertical-align: inherit;\"><span dir=\"auto\" style=\"vertical-align: inherit;\">er ekki sam\u00feykkt til notkunar fyrir menn<\/span><\/span><\/strong><span dir=\"auto\" style=\"vertical-align: inherit;\"><span dir=\"auto\" style=\"vertical-align: inherit;\"> .<\/span><\/span><\/p>\n<p data-start=\"7554\" data-end=\"7689\"><strong data-start=\"7554\" data-end=\"7605\"><span dir=\"auto\" style=\"vertical-align: inherit;\"><span dir=\"auto\" style=\"vertical-align: inherit;\">3. How should Blue Mandala Mix be stored?<\/span><\/span><\/strong><br data-start=\"7605\" data-end=\"7608\" \/><span dir=\"auto\" style=\"vertical-align: inherit;\"><span dir=\"auto\" style=\"vertical-align: inherit;\"> Geymi\u00f0 \u00e1 k\u00f6ldum, \u00feurrum, dimmum sta\u00f0, vel loku\u00f0um og \u00fear sem \u00f3vi\u00f0komandi a\u00f0ilar n\u00e1 ekki til.<\/span><\/span><\/p>","protected":false},"excerpt":{"rendered":"<h3><span style=\"vertical-align: inherit;\"><span style=\"vertical-align: inherit;\"><span dir=\"auto\" style=\"vertical-align: inherit;\"><span dir=\"auto\" style=\"vertical-align: inherit;\">Eiginleikar bl\u00e1u mandala:<\/span><\/span><\/span><\/span><\/h3>\n<ul>\n<li><span style=\"vertical-align: inherit;\"><span style=\"vertical-align: inherit;\"><span dir=\"auto\" style=\"vertical-align: inherit;\"><span dir=\"auto\" style=\"vertical-align: inherit;\">40 mg 2-FA<\/span><\/span><\/span><\/span><\/li>\n<li><span style=\"vertical-align: inherit;\"><span style=\"vertical-align: inherit;\"><span dir=\"auto\" style=\"vertical-align: inherit;\"><span dir=\"auto\" style=\"vertical-align: inherit;\">40 mg 4-FMA<\/span><\/span><\/span><\/span><\/li>\n<li><span style=\"vertical-align: inherit;\"><span style=\"vertical-align: inherit;\"><span dir=\"auto\" style=\"vertical-align: inherit;\"><span dir=\"auto\" style=\"vertical-align: inherit;\">20 MG 2-FMA<\/span><\/span><\/span><\/span><\/li>\n<\/ul>","protected":false},"featured_media":28485,"comment_status":"closed","ping_status":"closed","template":"","meta":[],"product_brand":[],"product_cat":[470,431,459,322,333,396,486,398],"product_tag":[1120,1121,1118,1119,326],"class_list":{"0":"post-23732","1":"product","2":"type-product","3":"status-publish","4":"has-post-thumbnail","6":"product_cat-2-fa","7":"product_cat-2-fma-kopen","8":"product_cat-4fma-kopen","9":"product_cat-bijna-verboden","10":"product_cat-gefluoreerden","11":"product_cat-liquid-rcs","12":"product_cat-mandala-mixes","13":"product_cat-verkoop","14":"product_tag-blue-mandala","15":"product_tag-blue-mandala-kopen","16":"product_tag-blue-mandala-mix","17":"product_tag-blue-mandala-mix-kopen","18":"product_tag-nl","20":"first","21":"instock","22":"sale","23":"taxable","24":"shipping-taxable","25":"purchasable","26":"product-type-variable"},"_links":{"self":[{"href":"https:\/\/researchchemicalhub.com\/is\/wp-json\/wp\/v2\/product\/23732","targetHints":{"allow":["GET"]}}],"collection":[{"href":"https:\/\/researchchemicalhub.com\/is\/wp-json\/wp\/v2\/product"}],"about":[{"href":"https:\/\/researchchemicalhub.com\/is\/wp-json\/wp\/v2\/types\/product"}],"replies":[{"embeddable":true,"href":"https:\/\/researchchemicalhub.com\/is\/wp-json\/wp\/v2\/comments?post=23732"}],"version-history":[{"count":6,"href":"https:\/\/researchchemicalhub.com\/is\/wp-json\/wp\/v2\/product\/23732\/revisions"}],"predecessor-version":[{"id":28709,"href":"https:\/\/researchchemicalhub.com\/is\/wp-json\/wp\/v2\/product\/23732\/revisions\/28709"}],"wp:featuredmedia":[{"embeddable":true,"href":"https:\/\/researchchemicalhub.com\/is\/wp-json\/wp\/v2\/media\/28485"}],"wp:attachment":[{"href":"https:\/\/researchchemicalhub.com\/is\/wp-json\/wp\/v2\/media?parent=23732"}],"wp:term":[{"taxonomy":"product_brand","embeddable":true,"href":"https:\/\/researchchemicalhub.com\/is\/wp-json\/wp\/v2\/product_brand?post=23732"},{"taxonomy":"product_cat","embeddable":true,"href":"https:\/\/researchchemicalhub.com\/is\/wp-json\/wp\/v2\/product_cat?post=23732"},{"taxonomy":"product_tag","embeddable":true,"href":"https:\/\/researchchemicalhub.com\/is\/wp-json\/wp\/v2\/product_tag?post=23732"}],"curies":[{"name":"wp","href":"https:\/\/api.w.org\/{rel}","templated":true}]}}