{"id":23724,"date":"2025-04-13T17:40:18","date_gmt":"2025-04-13T17:40:18","guid":{"rendered":"https:\/\/researchchemicalhub.com\/?post_type=product&#038;p=23724"},"modified":"2025-10-30T08:43:45","modified_gmt":"2025-10-30T08:43:45","slug":"kaupa-efnathoku-2f-dck","status":"publish","type":"product","link":"https:\/\/researchchemicalhub.com\/is\/bud\/kaupa-2-kronur\/kaupa-efnathoku-2f-dck\/","title":{"rendered":"Chem-mistur 2F-DCK \u00fa\u00f0i 20%"},"content":{"rendered":"<p data-start=\"5034\" data-end=\"5327\"><strong data-start=\"5034\" data-end=\"5064\">Chem-Mist 2F-DCK \u00fa\u00f0i 20%<\/strong> inniheldur <strong data-start=\"5071\" data-end=\"5109\">2-Fl\u00faordeskl\u00f3rketam\u00edn (2F-DCK)<\/strong>, tenging fr\u00e1 <strong data-start=\"5133\" data-end=\"5163\">flokkur ar\u00fdls\u00fdkl\u00f3hex\u00fdlam\u00edns<\/strong>.<br data-start=\"5164\" data-end=\"5167\" \/>\u00dea\u00f0 er nota\u00f0 sem <strong data-start=\"5190\" data-end=\"5208\">vi\u00f0mi\u00f0unarefni<\/strong> inni <strong data-start=\"5216\" data-end=\"5258\">r\u00e9ttar- og greiningarranns\u00f3knarstofur<\/strong> fyrir <strong data-start=\"5264\" data-end=\"5324\">a\u00f0fer\u00f0arsta\u00f0festing, kv\u00f6r\u00f0un og efnasamsetning<\/strong>Kauptu Chem Mist 2F DCK<\/p>\n<p data-start=\"5329\" data-end=\"5461\">\u00deessi vara er <strong data-start=\"5344\" data-end=\"5399\">eing\u00f6ngu \u00e6tla\u00f0 til v\u00edsindaranns\u00f3kna<\/strong> og <strong data-start=\"5403\" data-end=\"5460\">ekki hentugt til neyslu manna e\u00f0a d\u00fdra<\/strong>.<\/p>\n<hr data-start=\"5463\" data-end=\"5466\" \/>\n<h3 data-start=\"5468\" data-end=\"5499\"><strong data-start=\"5472\" data-end=\"5499\">Lykilatri\u00f0i<\/strong><\/h3>\n<ul data-start=\"5501\" data-end=\"5952\">\n<li data-start=\"5501\" data-end=\"5587\">\n<p data-start=\"5503\" data-end=\"5587\"><strong data-start=\"5503\" data-end=\"5523\">Mikil hreinleiki:<\/strong> Framleitt vi\u00f0 st\u00fdr\u00f0ar ranns\u00f3knarstofua\u00f0st\u00e6\u00f0ur.<\/p>\n<\/li>\n<li data-start=\"5588\" data-end=\"5664\">\n<p data-start=\"5590\" data-end=\"5664\"><strong data-start=\"5590\" data-end=\"5611\">20% styrkur:<\/strong> Hanna\u00f0 fyrir \u00e1rei\u00f0anlega kv\u00f6r\u00f0un og greiningu.<\/p>\n<\/li>\n<li data-start=\"5665\" data-end=\"5770\">\n<p data-start=\"5667\" data-end=\"5770\"><strong data-start=\"5667\" data-end=\"5706\">Votta\u00f0 vi\u00f0mi\u00f0unarefni:<\/strong> Fylgir me\u00f0 <strong data-start=\"5720\" data-end=\"5748\">greiningarvottor\u00f0 (COA)<\/strong> og uppl\u00fdsingar um lotur.<\/p>\n<\/li>\n<li data-start=\"5771\" data-end=\"5871\">\n<p data-start=\"5773\" data-end=\"5871\"><strong data-start=\"5773\" data-end=\"5804\">Greiningarh\u00e6ft, v\u00ed\u00f0a h\u00e6gt a\u00f0 nota:<\/strong> Hentar fyrir <strong data-start=\"5819\" data-end=\"5827\">HPLC<\/strong>, <strong data-start=\"5829\" data-end=\"5838\">GC-MS<\/strong>og <strong data-start=\"5843\" data-end=\"5855\">LC-MS\/MS<\/strong> ums\u00f3knir.<\/p>\n<\/li>\n<li data-start=\"5872\" data-end=\"5952\">\n<p data-start=\"5874\" data-end=\"5952\"><strong data-start=\"5874\" data-end=\"5901\">St\u00f6\u00f0ug \u00fa\u00f0aform\u00fala:<\/strong> Hanna\u00f0 fyrir langt\u00edma efnafr\u00e6\u00f0ilegan st\u00f6\u00f0ugleika.<\/p>\n<\/li>\n<\/ul>\n<hr data-start=\"5954\" data-end=\"5957\" \/>\n<h3 data-start=\"5959\" data-end=\"5976\"><strong data-start=\"5963\" data-end=\"5976\">Kostir<\/strong><\/h3>\n<ul data-start=\"5978\" data-end=\"6429\">\n<li data-start=\"5978\" data-end=\"6060\">\n<p data-start=\"5980\" data-end=\"6060\"><strong data-start=\"5980\" data-end=\"6017\">Sty\u00f0ur r\u00e9ttarmeinafr\u00e6\u00f0ilegar ranns\u00f3knir:<\/strong> Hj\u00e1lpar til vi\u00f0 a\u00f0 sta\u00f0festa greiningara\u00f0fer\u00f0ir.<\/p>\n<\/li>\n<li data-start=\"6061\" data-end=\"6150\">\n<p data-start=\"6063\" data-end=\"6150\"><strong data-start=\"6063\" data-end=\"6090\">\u00c1rei\u00f0anleg kv\u00f6r\u00f0un:<\/strong> Tryggir samr\u00e6mdar og endurtakanlegar m\u00e6lingani\u00f0urst\u00f6\u00f0ur.<\/p>\n<\/li>\n<li data-start=\"6151\" data-end=\"6255\">\n<p data-start=\"6153\" data-end=\"6255\"><strong data-start=\"6153\" data-end=\"6175\">Menntunarlegt gildi:<\/strong> Hentar fyrir fr\u00e6\u00f0ilega \u00fej\u00e1lfun \u00ed efna- og eiturefnagreiningum.<\/p>\n<\/li>\n<li data-start=\"6256\" data-end=\"6355\">\n<p data-start=\"6258\" data-end=\"6355\"><strong data-start=\"6258\" data-end=\"6292\">Uppfyllir \u00f6ryggissta\u00f0la:<\/strong> Framleitt samkv\u00e6mt al\u00fej\u00f3\u00f0legum lei\u00f0beiningum ranns\u00f3knarstofa.<\/p>\n<\/li>\n<li data-start=\"6356\" data-end=\"6429\">\n<p data-start=\"6358\" data-end=\"6429\"><strong data-start=\"6358\" data-end=\"6385\">Full skj\u00f6lun:<\/strong> Fylgir me\u00f0 \u00f6ryggisbla\u00f0i og greiningarvottor\u00f0um.<\/p>\n<\/li>\n<\/ul>\n<hr data-start=\"6431\" data-end=\"6434\" \/>\n<h3 data-start=\"6436\" data-end=\"6497\"><strong data-start=\"6440\" data-end=\"6497\">Lei\u00f0beiningar um notkun (eing\u00f6ngu \u00ed ranns\u00f3knarskyni)<\/strong><\/h3>\n<ol data-start=\"6499\" data-end=\"6839\">\n<li data-start=\"6499\" data-end=\"6597\">\n<p data-start=\"6502\" data-end=\"6597\"><strong data-start=\"6502\" data-end=\"6516\">Me\u00f0h\u00f6ndlun:<\/strong> Noti\u00f0 a\u00f0eins \u00ed vi\u00f0urkenndum ranns\u00f3knarstofum me\u00f0 vi\u00f0eigandi hl\u00edf\u00f0arb\u00fana\u00f0i.<\/p>\n<\/li>\n<li data-start=\"6598\" data-end=\"6681\">\n<p data-start=\"6601\" data-end=\"6681\"><strong data-start=\"6601\" data-end=\"6616\">Ums\u00f3kn:<\/strong> Noti\u00f0 \u00fa\u00f0ann \u00e1 vel loftr\u00e6stum st\u00f6\u00f0um e\u00f0a \u00ed gufusk\u00e1l. Kaupi\u00f0 Chem Mist 2F DCK.<\/p>\n<\/li>\n<li data-start=\"6682\" data-end=\"6745\">\n<p data-start=\"6685\" data-end=\"6745\"><strong data-start=\"6685\" data-end=\"6696\">Geymsla:<\/strong> Geymi\u00f0 \u00e1 k\u00f6ldum, \u00feurrum og dimmum sta\u00f0, vel loka\u00f0.<\/p>\n<\/li>\n<li data-start=\"6746\" data-end=\"6839\">\n<p data-start=\"6749\" data-end=\"6839\"><strong data-start=\"6749\" data-end=\"6760\">F\u00f6rgun:<\/strong> Fari\u00f0 me\u00f0 leifar \u00ed samr\u00e6mi vi\u00f0 gildandi reglur um me\u00f0h\u00f6ndlun efna\u00fargangs.<\/p>\n<\/li>\n<\/ol>\n<hr data-start=\"6841\" data-end=\"6844\" \/>\n<h3 data-start=\"6846\" data-end=\"6880\"><strong data-start=\"6850\" data-end=\"6880\">\u00d6ryggi og reglufylgni<\/strong><\/h3>\n<ul data-start=\"6882\" data-end=\"7320\">\n<li data-start=\"6882\" data-end=\"6977\">\n<p data-start=\"6884\" data-end=\"6977\"><strong data-start=\"6884\" data-end=\"6920\">A\u00f0eins til notkunar \u00e1 ranns\u00f3knarstofu:<\/strong> Ekki hentugt til neyslu manna e\u00f0a d\u00fdra.<\/p>\n<\/li>\n<li data-start=\"6978\" data-end=\"7100\">\n<p data-start=\"6980\" data-end=\"7100\"><strong data-start=\"6980\" data-end=\"7008\">L\u00f6gleg atri\u00f0i:<\/strong> L\u00f6gleg sta\u00f0a 2F-DCK er mismunandi eftir l\u00f6ndum; athugi\u00f0 alltaf gildandi reglur.<\/p>\n<\/li>\n<li data-start=\"7101\" data-end=\"7195\">\n<p data-start=\"7103\" data-end=\"7195\"><strong data-start=\"7103\" data-end=\"7131\">Heilbrig\u00f0i og \u00f6ryggi:<\/strong> For\u00f0ist snertingu, inn\u00f6ndun e\u00f0a innt\u00f6ku; noti\u00f0 vi\u00f0eigandi pers\u00f3nuhl\u00edfar.<\/p>\n<\/li>\n<li data-start=\"7196\" data-end=\"7320\">\n<p data-start=\"7198\" data-end=\"7320\"><strong data-start=\"7198\" data-end=\"7215\">Skj\u00f6lun:<\/strong> A <strong data-start=\"7220\" data-end=\"7256\">\u00f6ryggisbla\u00f0 (MSDS)<\/strong> og <strong data-start=\"7260\" data-end=\"7288\">greiningarvottor\u00f0 (COA)<\/strong> eru f\u00e1anleg ef \u00f3ska\u00f0 er.<\/p>\n<\/li>\n<\/ul>\n<hr data-start=\"7322\" data-end=\"7325\" \/>\n<h3 data-start=\"7327\" data-end=\"7362\"><strong data-start=\"7331\" data-end=\"7362\">Algengar spurningar (FAQs)<\/strong><\/h3>\n<p data-start=\"7364\" data-end=\"7554\"><strong data-start=\"7364\" data-end=\"7422\">1. Til hvers er Chem-Mist 2F-DCK sprey 20% nota\u00f0?<\/strong><br data-start=\"7422\" data-end=\"7425\" \/>\u00dea\u00f0 er nota\u00f0 sem <strong data-start=\"7448\" data-end=\"7471\">vi\u00f0mi\u00f0unarlausn<\/strong> \u00ed r\u00e9ttar- og greiningarstofum til uppg\u00f6tvunar og kv\u00f6r\u00f0unarranns\u00f3kna.<\/p>\n<p data-start=\"7556\" data-end=\"7740\"><strong data-start=\"7556\" data-end=\"7614\">2. Er \u00feessi vara h\u00e6f til manneldis?<\/strong><br data-start=\"7614\" data-end=\"7617\" \/>Nei. Chem-Mist 2F-DCK sprey 20% er <strong data-start=\"7652\" data-end=\"7690\">eing\u00f6ngu \u00e6tla\u00f0 til ranns\u00f3knar<\/strong> og <strong data-start=\"7694\" data-end=\"7737\">ekki sam\u00feykkt til notkunar fyrir menn<\/strong>.<\/p>\n<p data-start=\"7742\" data-end=\"7872\"><strong data-start=\"7742\" data-end=\"7788\">3. Hvernig \u00e6tti a\u00f0 geyma \u00feessa v\u00f6ru?<\/strong><br data-start=\"7788\" data-end=\"7791\" \/>Geymi\u00f0 \u00e1 k\u00f6ldum, \u00feurrum og dimmum sta\u00f0, vel loka\u00f0 og \u00fear sem \u00f3vi\u00f0komandi a\u00f0ilar n\u00e1 ekki til.<\/p>","protected":false},"excerpt":{"rendered":"<h2><span style=\"vertical-align: inherit;\"><span style=\"vertical-align: inherit;\"><span dir=\"auto\" style=\"vertical-align: inherit;\"><span dir=\"auto\" style=\"vertical-align: inherit;\">Chem-mist 2F-DCK 20% Vanilla Sky eiginleikar<\/span><\/span><\/span><\/span><\/h2>\n<p><strong><span style=\"vertical-align: inherit;\"><span style=\"vertical-align: inherit;\"><span dir=\"auto\" style=\"vertical-align: inherit;\"><span dir=\"auto\" style=\"vertical-align: inherit;\">Samheiti:<\/span><\/span><\/span><\/span><\/strong><span style=\"vertical-align: inherit;\"><span style=\"vertical-align: inherit;\"><span dir=\"auto\" style=\"vertical-align: inherit;\"><span dir=\"auto\" style=\"vertical-align: inherit;\"> 2-fl\u00faordeskl\u00f3roketam\u00edn HCl <\/span><\/span><\/span><\/span><br \/>\n<strong><span style=\"vertical-align: inherit;\"><span style=\"vertical-align: inherit;\"><span dir=\"auto\" style=\"vertical-align: inherit;\"><span dir=\"auto\" style=\"vertical-align: inherit;\">CAS-n\u00famer:<\/span><\/span><\/span><\/span><\/strong><span style=\"vertical-align: inherit;\"><span style=\"vertical-align: inherit;\"><span dir=\"auto\" style=\"vertical-align: inherit;\"><span dir=\"auto\" style=\"vertical-align: inherit;\"> 111982-49-1 <\/span><\/span><\/span><\/span><br \/>\n<strong><span style=\"vertical-align: inherit;\"><span style=\"vertical-align: inherit;\"><span dir=\"auto\" style=\"vertical-align: inherit;\"><span dir=\"auto\" style=\"vertical-align: inherit;\">Form\u00fala:<\/span><\/span><\/span><\/span><\/strong><span style=\"vertical-align: inherit;\"><span style=\"vertical-align: inherit;\"><span dir=\"auto\" style=\"vertical-align: inherit;\"><span dir=\"auto\" style=\"vertical-align: inherit;\"> 2-(2-fl\u00faorfen\u00fdl)-2-(met\u00fdlam\u00edn\u00f3)-s\u00fdkl\u00f3hexan\u00f3n <\/span><\/span><\/span><\/span><br \/>\n<strong><span style=\"vertical-align: inherit;\"><span style=\"vertical-align: inherit;\"><span dir=\"auto\" style=\"vertical-align: inherit;\"><span dir=\"auto\" style=\"vertical-align: inherit;\">M\u00f3lmassi:<\/span><\/span><\/span><\/span><\/strong><span style=\"vertical-align: inherit;\"><span style=\"vertical-align: inherit;\"><span dir=\"auto\" style=\"vertical-align: inherit;\"><span dir=\"auto\" style=\"vertical-align: inherit;\"> 257,7 g\/m\u00f3l <\/span><\/span><\/span><\/span><br \/>\n<strong><span style=\"vertical-align: inherit;\"><span style=\"vertical-align: inherit;\"><span dir=\"auto\" style=\"vertical-align: inherit;\"><span dir=\"auto\" style=\"vertical-align: inherit;\">Hreinleiki:<\/span><\/span><\/span><\/span><\/strong><span style=\"vertical-align: inherit;\"><span style=\"vertical-align: inherit;\"><span dir=\"auto\" style=\"vertical-align: inherit;\"><span dir=\"auto\" style=\"vertical-align: inherit;\"> &gt;98%<\/span><\/span><\/span><\/span><\/p>","protected":false},"featured_media":28494,"comment_status":"closed","ping_status":"closed","template":"","meta":[],"product_brand":[],"product_cat":[474,498,71,471,396],"product_tag":[1126,326,472],"class_list":{"0":"post-23724","1":"product","2":"type-product","3":"status-publish","4":"has-post-thumbnail","6":"product_cat-2f-dck-kopen","7":"product_cat-2f-dck-sprays","8":"product_cat-arylcyclohexylamine","9":"product_cat-chem-mist-sprays","10":"product_cat-liquid-rcs","11":"product_tag-chem-mist-2f-dck-kopen","12":"product_tag-nl","13":"product_tag-spring-is-in-the-air","15":"first","16":"instock","17":"taxable","18":"shipping-taxable","19":"purchasable","20":"product-type-variable"},"_links":{"self":[{"href":"https:\/\/researchchemicalhub.com\/is\/wp-json\/wp\/v2\/product\/23724","targetHints":{"allow":["GET"]}}],"collection":[{"href":"https:\/\/researchchemicalhub.com\/is\/wp-json\/wp\/v2\/product"}],"about":[{"href":"https:\/\/researchchemicalhub.com\/is\/wp-json\/wp\/v2\/types\/product"}],"replies":[{"embeddable":true,"href":"https:\/\/researchchemicalhub.com\/is\/wp-json\/wp\/v2\/comments?post=23724"}],"version-history":[{"count":5,"href":"https:\/\/researchchemicalhub.com\/is\/wp-json\/wp\/v2\/product\/23724\/revisions"}],"predecessor-version":[{"id":27973,"href":"https:\/\/researchchemicalhub.com\/is\/wp-json\/wp\/v2\/product\/23724\/revisions\/27973"}],"wp:featuredmedia":[{"embeddable":true,"href":"https:\/\/researchchemicalhub.com\/is\/wp-json\/wp\/v2\/media\/28494"}],"wp:attachment":[{"href":"https:\/\/researchchemicalhub.com\/is\/wp-json\/wp\/v2\/media?parent=23724"}],"wp:term":[{"taxonomy":"product_brand","embeddable":true,"href":"https:\/\/researchchemicalhub.com\/is\/wp-json\/wp\/v2\/product_brand?post=23724"},{"taxonomy":"product_cat","embeddable":true,"href":"https:\/\/researchchemicalhub.com\/is\/wp-json\/wp\/v2\/product_cat?post=23724"},{"taxonomy":"product_tag","embeddable":true,"href":"https:\/\/researchchemicalhub.com\/is\/wp-json\/wp\/v2\/product_tag?post=23724"}],"curies":[{"name":"wp","href":"https:\/\/api.w.org\/{rel}","templated":true}]}}