{"id":23715,"date":"2025-04-13T17:40:18","date_gmt":"2025-04-13T17:40:18","guid":{"rendered":"https:\/\/researchchemicalhub.com\/?post_type=product&#038;p=23715"},"modified":"2025-10-30T08:38:58","modified_gmt":"2025-10-30T08:38:58","slug":"5meomipt","status":"publish","type":"product","link":"https:\/\/researchchemicalhub.com\/is\/bud\/5-mio-mipt\/5meomipt\/","title":{"rendered":"5-MeO-MiPT fr\u00edtt grunnefni"},"content":{"rendered":"<p data-start=\"4864\" data-end=\"5134\"><strong data-start=\"4864\" data-end=\"4921\"><span dir=\"auto\" style=\"vertical-align: inherit;\"><span dir=\"auto\" style=\"vertical-align: inherit;\">5-MeO-MiPT (5-Metox\u00fd-N-met\u00fdl-N-\u00eds\u00f3pr\u00f3p\u00fdltryptam\u00edn)<\/span><\/span><\/strong><span dir=\"auto\" style=\"vertical-align: inherit;\"><span dir=\"auto\" style=\"vertical-align: inherit;\"> er <\/span><\/span><strong data-start=\"4929\" data-end=\"4954\"><span dir=\"auto\" style=\"vertical-align: inherit;\"><span dir=\"auto\" style=\"vertical-align: inherit;\">tryptam\u00edn efnasamband<\/span><\/span><\/strong><span dir=\"auto\" style=\"vertical-align: inherit;\"><span dir=\"auto\" style=\"vertical-align: inherit;\"> nota\u00f0 \u00ed <\/span><\/span><strong data-start=\"4984\" data-end=\"5021\"><span dir=\"auto\" style=\"vertical-align: inherit;\"><span dir=\"auto\" style=\"vertical-align: inherit;\">greiningar- og r\u00e9ttarefnafr\u00e6\u00f0i<\/span><\/span><\/strong><span dir=\"auto\" style=\"vertical-align: inherit;\"><span dir=\"auto\" style=\"vertical-align: inherit;\"> til a\u00f0 rannsaka uppbyggingu, litr\u00f3fseiginleika og greiningara\u00f0fer\u00f0ir svipa\u00f0ra efnasambanda.<\/span><\/span><\/p>\n<p data-start=\"5136\" data-end=\"5366\"><span dir=\"auto\" style=\"vertical-align: inherit;\"><span dir=\"auto\" style=\"vertical-align: inherit;\">Hinn <\/span><\/span><strong data-start=\"5139\" data-end=\"5156\"><span dir=\"auto\" style=\"vertical-align: inherit;\"><span dir=\"auto\" style=\"vertical-align: inherit;\">fr\u00edtt ey\u00f0ubla\u00f0<\/span><\/span><\/strong><span dir=\"auto\" style=\"vertical-align: inherit;\"><span dir=\"auto\" style=\"vertical-align: inherit;\"> e\u00f0a 5-MeO-MiPT er s\u00e9rstaklega gagnlegt fyrir <\/span><\/span><strong data-start=\"5197\" data-end=\"5243\"><span dir=\"auto\" style=\"vertical-align: inherit;\"><span dir=\"auto\" style=\"vertical-align: inherit;\">kv\u00f6r\u00f0unar-, sta\u00f0festingar- og greiningarranns\u00f3knir<\/span><\/span><\/strong><span dir=\"auto\" style=\"vertical-align: inherit;\"><span dir=\"auto\" style=\"vertical-align: inherit;\"> . <\/span><\/span><br data-start=\"5244\" data-end=\"5247\" \/><span dir=\"auto\" style=\"vertical-align: inherit;\"><span dir=\"auto\" style=\"vertical-align: inherit;\">\u00dea\u00f0 er <\/span><\/span><strong data-start=\"5254\" data-end=\"5304\"><span dir=\"auto\" style=\"vertical-align: inherit;\"><span dir=\"auto\" style=\"vertical-align: inherit;\">eing\u00f6ngu \u00e6tla\u00f0 til notkunar \u00e1 ranns\u00f3knarstofu<\/span><\/span><\/strong><span dir=\"auto\" style=\"vertical-align: inherit;\"><span dir=\"auto\" style=\"vertical-align: inherit;\"> og <\/span><\/span><strong data-start=\"5308\" data-end=\"5365\"><span dir=\"auto\" style=\"vertical-align: inherit;\"><span dir=\"auto\" style=\"vertical-align: inherit;\">er ekki hentugt til neyslu manna e\u00f0a d\u00fdra<\/span><\/span><\/strong><span dir=\"auto\" style=\"vertical-align: inherit;\"><span dir=\"auto\" style=\"vertical-align: inherit;\"> .<\/span><\/span><\/p>\n<hr data-start=\"5368\" data-end=\"5371\" \/>\n<h3 data-start=\"5373\" data-end=\"5404\"><strong data-start=\"5377\" data-end=\"5404\"><span dir=\"auto\" style=\"vertical-align: inherit;\"><span dir=\"auto\" style=\"vertical-align: inherit;\">Lykilatri\u00f0i<\/span><\/span><\/strong><\/h3>\n<ul data-start=\"5406\" data-end=\"5856\">\n<li data-start=\"5406\" data-end=\"5492\">\n<p data-start=\"5408\" data-end=\"5492\"><strong data-start=\"5408\" data-end=\"5428\"><span dir=\"auto\" style=\"vertical-align: inherit;\"><span dir=\"auto\" style=\"vertical-align: inherit;\">Mikil hreinleiki:<\/span><\/span><\/strong><span dir=\"auto\" style=\"vertical-align: inherit;\"><span dir=\"auto\" style=\"vertical-align: inherit;\"> Framleitt vi\u00f0 st\u00fdr\u00f0ar ranns\u00f3knarstofua\u00f0st\u00e6\u00f0ur.<\/span><\/span><\/p>\n<\/li>\n<li data-start=\"5493\" data-end=\"5575\">\n<p data-start=\"5495\" data-end=\"5575\"><strong data-start=\"5495\" data-end=\"5513\"><span dir=\"auto\" style=\"vertical-align: inherit;\"><span dir=\"auto\" style=\"vertical-align: inherit;\">Freebase ey\u00f0ubla\u00f0:<\/span><\/span><\/strong><span dir=\"auto\" style=\"vertical-align: inherit;\"><span dir=\"auto\" style=\"vertical-align: inherit;\"> Hentar til efnagreiningar og litr\u00f3fsgreiningar.<\/span><\/span><\/p>\n<\/li>\n<li data-start=\"5576\" data-end=\"5685\">\n<p data-start=\"5578\" data-end=\"5685\"><strong data-start=\"5578\" data-end=\"5617\"><span dir=\"auto\" style=\"vertical-align: inherit;\"><span dir=\"auto\" style=\"vertical-align: inherit;\">Votta\u00f0 vi\u00f0mi\u00f0unarefni:<\/span><\/span><\/strong><span dir=\"auto\" style=\"vertical-align: inherit;\"><span dir=\"auto\" style=\"vertical-align: inherit;\"> Fylgir me\u00f0 <\/span><\/span><strong data-start=\"5631\" data-end=\"5659\"><span dir=\"auto\" style=\"vertical-align: inherit;\"><span dir=\"auto\" style=\"vertical-align: inherit;\">Greiningarvottor\u00f0 (COA)<\/span><\/span><\/strong><span dir=\"auto\" style=\"vertical-align: inherit;\"><span dir=\"auto\" style=\"vertical-align: inherit;\"> og hreinleikag\u00f6gn.<\/span><\/span><\/p>\n<\/li>\n<li data-start=\"5686\" data-end=\"5783\">\n<p data-start=\"5688\" data-end=\"5783\"><strong data-start=\"5688\" data-end=\"5719\"><span dir=\"auto\" style=\"vertical-align: inherit;\"><span dir=\"auto\" style=\"vertical-align: inherit;\">Fj\u00f6lh\u00e6fni greiningar:<\/span><\/span><\/strong><span dir=\"auto\" style=\"vertical-align: inherit;\"><span dir=\"auto\" style=\"vertical-align: inherit;\"> Samh\u00e6ft vi\u00f0 <\/span><\/span><strong data-start=\"5735\" data-end=\"5744\"><span dir=\"auto\" style=\"vertical-align: inherit;\"><span dir=\"auto\" style=\"vertical-align: inherit;\">GC-MS<\/span><\/span><\/strong><span dir=\"auto\" style=\"vertical-align: inherit;\"><span dir=\"auto\" style=\"vertical-align: inherit;\"> , <\/span><\/span><strong data-start=\"5746\" data-end=\"5758\"><span dir=\"auto\" style=\"vertical-align: inherit;\"><span dir=\"auto\" style=\"vertical-align: inherit;\">LC-MS\/MS<\/span><\/span><\/strong><span dir=\"auto\" style=\"vertical-align: inherit;\"><span dir=\"auto\" style=\"vertical-align: inherit;\"> , <\/span><\/span><strong data-start=\"5760\" data-end=\"5768\"><span dir=\"auto\" style=\"vertical-align: inherit;\"><span dir=\"auto\" style=\"vertical-align: inherit;\">HPLC<\/span><\/span><\/strong><span dir=\"auto\" style=\"vertical-align: inherit;\"><span dir=\"auto\" style=\"vertical-align: inherit;\"> og <\/span><\/span><strong data-start=\"5772\" data-end=\"5780\"><span dir=\"auto\" style=\"vertical-align: inherit;\"><span dir=\"auto\" style=\"vertical-align: inherit;\">FTIR<\/span><\/span><\/strong><span dir=\"auto\" style=\"vertical-align: inherit;\"><span dir=\"auto\" style=\"vertical-align: inherit;\"> .<\/span><\/span><\/p>\n<\/li>\n<li data-start=\"5784\" data-end=\"5856\">\n<p data-start=\"5786\" data-end=\"5856\"><strong data-start=\"5786\" data-end=\"5813\"><span dir=\"auto\" style=\"vertical-align: inherit;\"><span dir=\"auto\" style=\"vertical-align: inherit;\">St\u00f6\u00f0ug samsetning:<\/span><\/span><\/strong><span dir=\"auto\" style=\"vertical-align: inherit;\"><span dir=\"auto\" style=\"vertical-align: inherit;\"> Heldur st\u00f6\u00f0ugleika vi\u00f0 r\u00e9tta geymslu.<\/span><\/span><\/p>\n<\/li>\n<\/ul>\n<hr data-start=\"5858\" data-end=\"5861\" \/>\n<h3 data-start=\"5863\" data-end=\"5880\"><strong data-start=\"5867\" data-end=\"5880\"><span dir=\"auto\" style=\"vertical-align: inherit;\"><span dir=\"auto\" style=\"vertical-align: inherit;\">Kostir<\/span><\/span><\/strong><\/h3>\n<ul data-start=\"5882\" data-end=\"6342\">\n<li data-start=\"5882\" data-end=\"5975\">\n<p data-start=\"5884\" data-end=\"5975\"><strong data-start=\"5884\" data-end=\"5921\"><span dir=\"auto\" style=\"vertical-align: inherit;\"><span dir=\"auto\" style=\"vertical-align: inherit;\">Sty\u00f0ur r\u00e9ttarmeinafr\u00e6\u00f0ilega ranns\u00f3kn:<\/span><\/span><\/strong><span dir=\"auto\" style=\"vertical-align: inherit;\"><span dir=\"auto\" style=\"vertical-align: inherit;\"> Hj\u00e1lpar til vi\u00f0 a\u00f0 bera kennsl \u00e1 tryptam\u00edn hli\u00f0st\u00e6\u00f0ur.<\/span><\/span><\/p>\n<\/li>\n<li data-start=\"5976\" data-end=\"6071\">\n<p data-start=\"5978\" data-end=\"6071\"><strong data-start=\"5978\" data-end=\"6005\"><span dir=\"auto\" style=\"vertical-align: inherit;\"><span dir=\"auto\" style=\"vertical-align: inherit;\">\u00c1rei\u00f0anleg kv\u00f6r\u00f0un:<\/span><\/span><\/strong><span dir=\"auto\" style=\"vertical-align: inherit;\"><span dir=\"auto\" style=\"vertical-align: inherit;\"> Veitir samr\u00e6md g\u00f6gn til a\u00f0 sannreyna greiningara\u00f0fer\u00f0ir.<\/span><\/span><\/p>\n<\/li>\n<li data-start=\"6072\" data-end=\"6159\">\n<p data-start=\"6074\" data-end=\"6159\"><strong data-start=\"6074\" data-end=\"6096\"><span dir=\"auto\" style=\"vertical-align: inherit;\"><span dir=\"auto\" style=\"vertical-align: inherit;\">Menntunarlegt gildi:<\/span><\/span><\/strong><span dir=\"auto\" style=\"vertical-align: inherit;\"><span dir=\"auto\" style=\"vertical-align: inherit;\"> Hentar vel fyrir fr\u00e6\u00f0ileg n\u00e1mskei\u00f0 \u00ed greiningarefnafr\u00e6\u00f0i.<\/span><\/span><\/p>\n<\/li>\n<li data-start=\"6160\" data-end=\"6265\">\n<p data-start=\"6162\" data-end=\"6265\"><strong data-start=\"6162\" data-end=\"6193\"><span dir=\"auto\" style=\"vertical-align: inherit;\"><span dir=\"auto\" style=\"vertical-align: inherit;\">V\u00edsindaleg n\u00e1kv\u00e6mni:<\/span><\/span><\/strong><span dir=\"auto\" style=\"vertical-align: inherit;\"><span dir=\"auto\" style=\"vertical-align: inherit;\"> Hentar vel til a\u00f0fer\u00f0afr\u00e6\u00f0ilegrar \u00fer\u00f3unar og samanbur\u00f0arranns\u00f3kna.<\/span><\/span><\/p>\n<\/li>\n<li data-start=\"6266\" data-end=\"6342\">\n<p data-start=\"6268\" data-end=\"6342\"><strong data-start=\"6268\" data-end=\"6303\"><span dir=\"auto\" style=\"vertical-align: inherit;\"><span dir=\"auto\" style=\"vertical-align: inherit;\">\u00cd samr\u00e6mi vi\u00f0 ranns\u00f3knarstofusta\u00f0la:<\/span><\/span><\/strong><span dir=\"auto\" style=\"vertical-align: inherit;\"><span dir=\"auto\" style=\"vertical-align: inherit;\"> Afhent me\u00f0 \u00f6llum skj\u00f6lum.<\/span><\/span><\/p>\n<\/li>\n<\/ul>\n<hr data-start=\"6344\" data-end=\"6347\" \/>\n<h3 data-start=\"6349\" data-end=\"6410\"><strong data-start=\"6353\" data-end=\"6410\"><span dir=\"auto\" style=\"vertical-align: inherit;\"><span dir=\"auto\" style=\"vertical-align: inherit;\">Lei\u00f0beiningar um notkun (eing\u00f6ngu \u00ed ranns\u00f3knarskyni)<\/span><\/span><\/strong><\/h3>\n<ol data-start=\"6412\" data-end=\"6758\">\n<li data-start=\"6412\" data-end=\"6511\">\n<p data-start=\"6415\" data-end=\"6511\"><strong data-start=\"6415\" data-end=\"6429\"><span dir=\"auto\" style=\"vertical-align: inherit;\"><span dir=\"auto\" style=\"vertical-align: inherit;\">Me\u00f0h\u00f6ndlun:<\/span><\/span><\/strong><span dir=\"auto\" style=\"vertical-align: inherit;\"><span dir=\"auto\" style=\"vertical-align: inherit;\"> Noti\u00f0 a\u00f0eins \u00ed vi\u00f0urkenndum ranns\u00f3knarstofum me\u00f0 vi\u00f0eigandi \u00f6ryggisb\u00fana\u00f0i.<\/span><\/span><\/p>\n<\/li>\n<li data-start=\"6512\" data-end=\"6605\">\n<p data-start=\"6515\" data-end=\"6605\"><strong data-start=\"6515\" data-end=\"6533\"><span dir=\"auto\" style=\"vertical-align: inherit;\"><span dir=\"auto\" style=\"vertical-align: inherit;\">Undirb\u00faningur:<\/span><\/span><\/strong><span dir=\"auto\" style=\"vertical-align: inherit;\"><span dir=\"auto\" style=\"vertical-align: inherit;\"> Noti\u00f0 samkv\u00e6mt vi\u00f0urkenndum a\u00f0fer\u00f0um vi\u00f0 greiningu.<\/span><\/span><\/p>\n<\/li>\n<li data-start=\"6606\" data-end=\"6669\">\n<p data-start=\"6609\" data-end=\"6669\"><strong data-start=\"6609\" data-end=\"6620\"><span dir=\"auto\" style=\"vertical-align: inherit;\"><span dir=\"auto\" style=\"vertical-align: inherit;\">Geymsla:<\/span><\/span><\/strong><span dir=\"auto\" style=\"vertical-align: inherit;\"><span dir=\"auto\" style=\"vertical-align: inherit;\"> Geymi\u00f0 \u00e1 k\u00f6ldum, \u00feurrum og dimmum sta\u00f0, vel loka\u00f0.<\/span><\/span><\/p>\n<\/li>\n<li data-start=\"6670\" data-end=\"6758\">\n<p data-start=\"6673\" data-end=\"6758\"><strong data-start=\"6673\" data-end=\"6684\"><span dir=\"auto\" style=\"vertical-align: inherit;\"><span dir=\"auto\" style=\"vertical-align: inherit;\">F\u00f6rgun:<\/span><\/span><\/strong><span dir=\"auto\" style=\"vertical-align: inherit;\"><span dir=\"auto\" style=\"vertical-align: inherit;\"> Fari\u00f0 me\u00f0 leifar \u00ed samr\u00e6mi vi\u00f0 gildandi lei\u00f0beiningar um me\u00f0h\u00f6ndlun efna\u00fargangs.<\/span><\/span><\/p>\n<\/li>\n<\/ol>\n<hr data-start=\"6760\" data-end=\"6763\" \/>\n<h3 data-start=\"6765\" data-end=\"6799\"><strong data-start=\"6769\" data-end=\"6799\"><span dir=\"auto\" style=\"vertical-align: inherit;\"><span dir=\"auto\" style=\"vertical-align: inherit;\">\u00d6ryggi og reglufylgni<\/span><\/span><\/strong><\/h3>\n<ul data-start=\"6801\" data-end=\"7241\">\n<li data-start=\"6801\" data-end=\"6896\">\n<p data-start=\"6803\" data-end=\"6896\"><strong data-start=\"6803\" data-end=\"6839\"><span dir=\"auto\" style=\"vertical-align: inherit;\"><span dir=\"auto\" style=\"vertical-align: inherit;\">A\u00f0eins til notkunar \u00e1 ranns\u00f3knarstofu:<\/span><\/span><\/strong><span dir=\"auto\" style=\"vertical-align: inherit;\"><span dir=\"auto\" style=\"vertical-align: inherit;\"> Ekki hentugt til neyslu manna e\u00f0a d\u00fdra.<\/span><\/span><\/p>\n<\/li>\n<li data-start=\"6897\" data-end=\"7011\">\n<p data-start=\"6899\" data-end=\"7011\"><strong data-start=\"6899\" data-end=\"6927\"><span dir=\"auto\" style=\"vertical-align: inherit;\"><span dir=\"auto\" style=\"vertical-align: inherit;\">L\u00f6gleg atri\u00f0i:<\/span><\/span><\/strong><span dir=\"auto\" style=\"vertical-align: inherit;\"><span dir=\"auto\" style=\"vertical-align: inherit;\"> Athugi\u00f0 gildandi reglur var\u00f0andi 5-MeO-MiPT \u00e1\u00f0ur en varan er notu\u00f0.<\/span><\/span><\/p>\n<\/li>\n<li data-start=\"7012\" data-end=\"7116\">\n<p data-start=\"7014\" data-end=\"7116\"><strong data-start=\"7014\" data-end=\"7042\"><span dir=\"auto\" style=\"vertical-align: inherit;\"><span dir=\"auto\" style=\"vertical-align: inherit;\">Heilbrig\u00f0i og \u00f6ryggi:<\/span><\/span><\/strong><span dir=\"auto\" style=\"vertical-align: inherit;\"><span dir=\"auto\" style=\"vertical-align: inherit;\"> For\u00f0ist snertingu vi\u00f0 h\u00fa\u00f0 og inn\u00f6ndun; noti\u00f0 vi\u00f0eigandi hl\u00edf\u00f0arb\u00fana\u00f0.<\/span><\/span><\/p>\n<\/li>\n<li data-start=\"7117\" data-end=\"7241\">\n<p data-start=\"7119\" data-end=\"7241\"><strong data-start=\"7119\" data-end=\"7136\"><span dir=\"auto\" style=\"vertical-align: inherit;\"><span dir=\"auto\" style=\"vertical-align: inherit;\">Skj\u00f6lun:<\/span><\/span><\/strong><span dir=\"auto\" style=\"vertical-align: inherit;\"><span dir=\"auto\" style=\"vertical-align: inherit;\"> A <\/span><\/span><strong data-start=\"7141\" data-end=\"7177\"><span dir=\"auto\" style=\"vertical-align: inherit;\"><span dir=\"auto\" style=\"vertical-align: inherit;\">\u00d6ryggisbla\u00f0 efnis (MSDS)<\/span><\/span><\/strong><span dir=\"auto\" style=\"vertical-align: inherit;\"><span dir=\"auto\" style=\"vertical-align: inherit;\"> og <\/span><\/span><strong data-start=\"7181\" data-end=\"7209\"><span dir=\"auto\" style=\"vertical-align: inherit;\"><span dir=\"auto\" style=\"vertical-align: inherit;\">Greiningarvottor\u00f0 (COA)<\/span><\/span><\/strong><span dir=\"auto\" style=\"vertical-align: inherit;\"><span dir=\"auto\" style=\"vertical-align: inherit;\"> eru f\u00e1anleg ef \u00f3ska\u00f0 er.<\/span><\/span><\/p>\n<\/li>\n<\/ul>\n<hr data-start=\"7243\" data-end=\"7246\" \/>\n<h3 data-start=\"7248\" data-end=\"7283\"><strong data-start=\"7252\" data-end=\"7283\"><span dir=\"auto\" style=\"vertical-align: inherit;\"><span dir=\"auto\" style=\"vertical-align: inherit;\">Algengar spurningar (FAQs)<\/span><\/span><\/strong><\/h3>\n<p data-start=\"7285\" data-end=\"7454\"><strong data-start=\"7285\" data-end=\"7336\"><span dir=\"auto\" style=\"vertical-align: inherit;\"><span dir=\"auto\" style=\"vertical-align: inherit;\">1. Til hvers er 5-MeO-MiPT Freebase nota\u00f0?<\/span><\/span><\/strong><br data-start=\"7336\" data-end=\"7339\" \/><span dir=\"auto\" style=\"vertical-align: inherit;\"><span dir=\"auto\" style=\"vertical-align: inherit;\"> \u00dea\u00f0 er nota\u00f0 sem <\/span><\/span><strong data-start=\"7362\" data-end=\"7385\"><span dir=\"auto\" style=\"vertical-align: inherit;\"><span dir=\"auto\" style=\"vertical-align: inherit;\">tilv\u00edsunarefni<\/span><\/span><\/strong><span dir=\"auto\" style=\"vertical-align: inherit;\"><span dir=\"auto\" style=\"vertical-align: inherit;\"> \u00ed r\u00e9ttarl\u00e6knisfr\u00e6\u00f0ilegum og greiningarpr\u00f3funum \u00e1 tryptam\u00ednsamb\u00f6ndum.<\/span><\/span><\/p>\n<p data-start=\"7456\" data-end=\"7648\"><strong data-start=\"7456\" data-end=\"7522\"><span dir=\"auto\" style=\"vertical-align: inherit;\"><span dir=\"auto\" style=\"vertical-align: inherit;\">2. Er 5-MeO-MiPT Freebase hentugt til manneldis?<\/span><\/span><\/strong><br data-start=\"7522\" data-end=\"7525\" \/><span dir=\"auto\" style=\"vertical-align: inherit;\"><span dir=\"auto\" style=\"vertical-align: inherit;\"> Nei. \u00deessi vara er <\/span><\/span><strong data-start=\"7545\" data-end=\"7600\"><span dir=\"auto\" style=\"vertical-align: inherit;\"><span dir=\"auto\" style=\"vertical-align: inherit;\">eing\u00f6ngu \u00e6tla\u00f0 til v\u00edsindaranns\u00f3kna<\/span><\/span><\/strong><span dir=\"auto\" style=\"vertical-align: inherit;\"><span dir=\"auto\" style=\"vertical-align: inherit;\"> og <\/span><\/span><strong data-start=\"7604\" data-end=\"7645\"><span dir=\"auto\" style=\"vertical-align: inherit;\"><span dir=\"auto\" style=\"vertical-align: inherit;\">er ekki sam\u00feykkt til l\u00e6kningalegrar notkunar<\/span><\/span><\/strong><span dir=\"auto\" style=\"vertical-align: inherit;\"><span dir=\"auto\" style=\"vertical-align: inherit;\"> .<\/span><\/span><\/p>\n<p data-start=\"7650\" data-end=\"7788\"><strong data-start=\"7650\" data-end=\"7704\"><span dir=\"auto\" style=\"vertical-align: inherit;\"><span dir=\"auto\" style=\"vertical-align: inherit;\">3. Hvernig \u00e6tti a\u00f0 geyma 5-MeO-MiPT Freebase?<\/span><\/span><\/strong><br data-start=\"7704\" data-end=\"7707\" \/><span dir=\"auto\" style=\"vertical-align: inherit;\"><span dir=\"auto\" style=\"vertical-align: inherit;\"> Geymi\u00f0 \u00e1 k\u00f6ldum, \u00feurrum, dimmum sta\u00f0, vel loku\u00f0um og \u00fear sem \u00f3vi\u00f0komandi a\u00f0ilar n\u00e1 ekki til.<\/span><\/span><\/p>\n<p><a href=\"https:\/\/researchchemicalhub.com\/is\/bud\/lysergamid\/1v-lsd-150-mcg-blotters\/\"><span dir=\"auto\" style=\"vertical-align: inherit;\"><span dir=\"auto\" style=\"vertical-align: inherit;\"><span dir=\"auto\" style=\"vertical-align: inherit;\"><span dir=\"auto\" style=\"vertical-align: inherit;\">1V-LSD 150 MCG \u00feynnur <\/span><\/span><\/span><\/span><\/a><a href=\"https:\/\/researchchemicalhub.com\/is\/bud\/fenetylamin\/2c-ef-2-mg-hylki\/\"><span dir=\"auto\" style=\"vertical-align: inherit;\"><span dir=\"auto\" style=\"vertical-align: inherit;\"><span dir=\"auto\" style=\"vertical-align: inherit;\"><span dir=\"auto\" style=\"vertical-align: inherit;\">2C-EF 2 mg hylki <\/span><\/span><\/span><\/span><\/a><a href=\"https:\/\/researchchemicalhub.com\/is\/bud\/naestum-bannad\/6-cl-adba\/\"><span dir=\"auto\" style=\"vertical-align: inherit;\"><span dir=\"auto\" style=\"vertical-align: inherit;\"><span dir=\"auto\" style=\"vertical-align: inherit;\"><span dir=\"auto\" style=\"vertical-align: inherit;\">6-CL-ADBA <\/span><\/span><\/span><\/span><\/a><a href=\"https:\/\/researchchemicalhub.com\/is\/bud\/katinon\/kaupa-2-cm\/\"><span dir=\"auto\" style=\"vertical-align: inherit;\"><span dir=\"auto\" style=\"vertical-align: inherit;\"><span dir=\"auto\" style=\"vertical-align: inherit;\"><span dir=\"auto\" style=\"vertical-align: inherit;\">2-CMC 250 mg k\u00falur <\/span><\/span><\/span><\/span><\/a><a href=\"https:\/\/researchchemicalhub.com\/is\/bud\/annad\/meai\/\"><span dir=\"auto\" style=\"vertical-align: inherit;\"><span dir=\"auto\" style=\"vertical-align: inherit;\"><span dir=\"auto\" style=\"vertical-align: inherit;\"><span dir=\"auto\" style=\"vertical-align: inherit;\">MEAI<\/span><\/span><\/span><\/span><\/a><\/p>","protected":false},"excerpt":{"rendered":"<h3><span dir=\"auto\" style=\"vertical-align: inherit;\"><span dir=\"auto\" style=\"vertical-align: inherit;\"><span dir=\"auto\" style=\"vertical-align: inherit;\"><span dir=\"auto\" style=\"vertical-align: inherit;\">5-MeO-MiPT freebase properties<\/span><\/span><\/span><\/span><\/h3>\n<p><strong><span dir=\"auto\" style=\"vertical-align: inherit;\"><span dir=\"auto\" style=\"vertical-align: inherit;\"><span dir=\"auto\" style=\"vertical-align: inherit;\"><span dir=\"auto\" style=\"vertical-align: inherit;\">Synonym:<\/span><\/span><\/span><\/span><\/strong><span dir=\"auto\" style=\"vertical-align: inherit;\"><span dir=\"auto\" style=\"vertical-align: inherit;\"><span dir=\"auto\" style=\"vertical-align: inherit;\"><span dir=\"auto\" style=\"vertical-align: inherit;\"> 5-methoxy-N-isopropyl-N-methyltryptamine freebase <\/span><\/span><\/span><\/span><br \/>\n<strong><span dir=\"auto\" style=\"vertical-align: inherit;\"><span dir=\"auto\" style=\"vertical-align: inherit;\"><span dir=\"auto\" style=\"vertical-align: inherit;\"><span dir=\"auto\" style=\"vertical-align: inherit;\">CAS Number:<\/span><\/span><\/span><\/span><\/strong><span dir=\"auto\" style=\"vertical-align: inherit;\"><span dir=\"auto\" style=\"vertical-align: inherit;\"><span dir=\"auto\" style=\"vertical-align: inherit;\"><span dir=\"auto\" style=\"vertical-align: inherit;\"> 96096-55-8 <\/span><\/span><\/span><\/span><br \/>\n<strong><span dir=\"auto\" style=\"vertical-align: inherit;\"><span dir=\"auto\" style=\"vertical-align: inherit;\"><span dir=\"auto\" style=\"vertical-align: inherit;\"><span dir=\"auto\" style=\"vertical-align: inherit;\">Formula:<\/span><\/span><\/span><\/span><\/strong><span dir=\"auto\" style=\"vertical-align: inherit;\"><span dir=\"auto\" style=\"vertical-align: inherit;\"><span dir=\"auto\" style=\"vertical-align: inherit;\"><span dir=\"auto\" style=\"vertical-align: inherit;\"> 3-[2-(isopropylmethylamino)ethyl]-5-methoxyindole freebase <\/span><\/span><\/span><\/span><br \/>\n<strong><span dir=\"auto\" style=\"vertical-align: inherit;\"><span dir=\"auto\" style=\"vertical-align: inherit;\"><span dir=\"auto\" style=\"vertical-align: inherit;\"><span dir=\"auto\" style=\"vertical-align: inherit;\">Molecular mass:<\/span><\/span><\/span><\/span><\/strong><span dir=\"auto\" style=\"vertical-align: inherit;\"><span dir=\"auto\" style=\"vertical-align: inherit;\"><span dir=\"auto\" style=\"vertical-align: inherit;\"><span dir=\"auto\" style=\"vertical-align: inherit;\"> 282.8 g\/mol <\/span><\/span><\/span><\/span><br \/>\n<strong><span dir=\"auto\" style=\"vertical-align: inherit;\"><span dir=\"auto\" style=\"vertical-align: inherit;\"><span dir=\"auto\" style=\"vertical-align: inherit;\"><span dir=\"auto\" style=\"vertical-align: inherit;\">Purity:<\/span><\/span><\/span><\/span><\/strong><span dir=\"auto\" style=\"vertical-align: inherit;\"><span dir=\"auto\" style=\"vertical-align: inherit;\"><span dir=\"auto\" style=\"vertical-align: inherit;\"><span dir=\"auto\" style=\"vertical-align: inherit;\"> &gt;97%<\/span><\/span><\/span><\/span><\/p>\n","protected":false},"featured_media":28465,"comment_status":"closed","ping_status":"closed","template":"","meta":[],"product_brand":[82],"product_cat":[436,381],"product_tag":[650,1124,643,326],"class_list":{"0":"post-23715","1":"product","2":"type-product","3":"status-publish","4":"has-post-thumbnail","6":"product_brand-research-chemical","7":"product_cat-5-meo-mipt","8":"product_cat-tryptamines","9":"product_tag-5-meo-mipt","10":"product_tag-5-meo-mipt-freebase-2","11":"product_tag-5meomipt","12":"product_tag-nl","14":"first","15":"instock","16":"taxable","17":"shipping-taxable","18":"purchasable","19":"product-type-variable"},"_links":{"self":[{"href":"https:\/\/researchchemicalhub.com\/is\/wp-json\/wp\/v2\/product\/23715","targetHints":{"allow":["GET"]}}],"collection":[{"href":"https:\/\/researchchemicalhub.com\/is\/wp-json\/wp\/v2\/product"}],"about":[{"href":"https:\/\/researchchemicalhub.com\/is\/wp-json\/wp\/v2\/types\/product"}],"replies":[{"embeddable":true,"href":"https:\/\/researchchemicalhub.com\/is\/wp-json\/wp\/v2\/comments?post=23715"}],"version-history":[{"count":6,"href":"https:\/\/researchchemicalhub.com\/is\/wp-json\/wp\/v2\/product\/23715\/revisions"}],"predecessor-version":[{"id":28712,"href":"https:\/\/researchchemicalhub.com\/is\/wp-json\/wp\/v2\/product\/23715\/revisions\/28712"}],"wp:featuredmedia":[{"embeddable":true,"href":"https:\/\/researchchemicalhub.com\/is\/wp-json\/wp\/v2\/media\/28465"}],"wp:attachment":[{"href":"https:\/\/researchchemicalhub.com\/is\/wp-json\/wp\/v2\/media?parent=23715"}],"wp:term":[{"taxonomy":"product_brand","embeddable":true,"href":"https:\/\/researchchemicalhub.com\/is\/wp-json\/wp\/v2\/product_brand?post=23715"},{"taxonomy":"product_cat","embeddable":true,"href":"https:\/\/researchchemicalhub.com\/is\/wp-json\/wp\/v2\/product_cat?post=23715"},{"taxonomy":"product_tag","embeddable":true,"href":"https:\/\/researchchemicalhub.com\/is\/wp-json\/wp\/v2\/product_tag?post=23715"}],"curies":[{"name":"wp","href":"https:\/\/api.w.org\/{rel}","templated":true}]}}