{"id":23635,"date":"2025-04-13T17:40:07","date_gmt":"2025-04-13T17:40:07","guid":{"rendered":"https:\/\/researchchemicalhub.com\/?post_type=product&#038;p=23635"},"modified":"2025-10-30T09:10:39","modified_gmt":"2025-10-30T09:10:39","slug":"kaupa-4f-mph","status":"publish","type":"product","link":"https:\/\/researchchemicalhub.com\/is\/bud\/4f-milur-a-klukkustund\/kaupa-4f-mph\/","title":{"rendered":"4F-MPH 30 MG k\u00falur (4-fl\u00faormet\u00fdlfenidat)"},"content":{"rendered":"<h3 data-start=\"3944\" data-end=\"3963\"><strong data-start=\"3948\" data-end=\"3963\">Inngangur<\/strong><\/h3>\n<p data-start=\"3964\" data-end=\"4264\"><strong data-start=\"3964\" data-end=\"4000\">4F-MPH (4-fl\u00faormet\u00fdlfenidat)<\/strong> 30 MG k\u00falur eru <strong data-start=\"4020\" data-end=\"4066\">ranns\u00f3knarefnasamb\u00f6nd me\u00f0 mikilli hreinleika<\/strong>, \u00fer\u00f3a\u00f0 fyrir <strong data-start=\"4084\" data-end=\"4137\">taugav\u00edsindalegar og lyfjafr\u00e6\u00f0ilegar ranns\u00f3knir<\/strong>\u00deessi afbrig\u00f0i af fl\u00faormet\u00fdlfen\u00eddati er miki\u00f0 nota\u00f0 \u00ed ranns\u00f3knum \u00e1 <strong data-start=\"4212\" data-end=\"4261\">d\u00f3pam\u00edn- og noradrenvirk flutningskerfi<\/strong>. 4f m\u00edlur \u00e1 klukkustund kaupa<\/p>\n<p data-start=\"4266\" data-end=\"4517\">Hvert pilla inniheldur <strong data-start=\"4284\" data-end=\"4308\">30 mg af hreinu 4F-MPH<\/strong>, vandlega m\u00e6lt til a\u00f0 tryggja \u00e1rei\u00f0anlegar og endurtakanlegar ranns\u00f3knarni\u00f0urst\u00f6\u00f0ur. \u00deessi vara er eing\u00f6ngu \u00e6tlu\u00f0 fyrir <strong data-start=\"4441\" data-end=\"4473\">h\u00e6fir v\u00edsindamenn<\/strong> \u00ed st\u00fdr\u00f0u ranns\u00f3knarstofuumhverfi.<\/p>\n<blockquote data-start=\"4519\" data-end=\"4668\">\n<p data-start=\"4521\" data-end=\"4668\">\u26a0\ufe0f <strong data-start=\"4524\" data-end=\"4535\">Athugi\u00f0:<\/strong> 4F-MPH 30 MG k\u00falur eru <strong data-start=\"4562\" data-end=\"4617\">eing\u00f6ngu \u00e6tla\u00f0 til v\u00edsindaranns\u00f3kna<\/strong> og <strong data-start=\"4621\" data-end=\"4665\">ekki hentugt til manneldis<\/strong>.<\/p>\n<\/blockquote>\n<hr data-start=\"4670\" data-end=\"4673\" \/>\n<h3 data-start=\"4675\" data-end=\"4706\"><strong data-start=\"4679\" data-end=\"4706\">Lykilatri\u00f0i<\/strong><\/h3>\n<ul data-start=\"4707\" data-end=\"5183\">\n<li data-start=\"4707\" data-end=\"4802\">\n<p data-start=\"4709\" data-end=\"4802\"><strong data-start=\"4709\" data-end=\"4735\">Mikil hreinleiki (\u226599%)<\/strong> \u2013 Pr\u00f3fa\u00f0 \u00ed ranns\u00f3knarstofu til a\u00f0 tryggja bestu m\u00f6gulegu g\u00e6\u00f0i og \u00e1rei\u00f0anleika.<\/p>\n<\/li>\n<li data-start=\"4803\" data-end=\"4910\">\n<p data-start=\"4805\" data-end=\"4910\"><strong data-start=\"4805\" data-end=\"4837\">N\u00e1kv\u00e6mur skammtur (30 mg)<\/strong> \u2013 Hvert stykki er m\u00e6lt st\u00f6\u00f0ugt til a\u00f0 f\u00e1 endurtakanlegar ni\u00f0urst\u00f6\u00f0ur.<\/p>\n<\/li>\n<li data-start=\"4911\" data-end=\"5000\">\n<p data-start=\"4913\" data-end=\"5000\"><strong data-start=\"4913\" data-end=\"4939\">B\u00e6tt st\u00f6\u00f0ugleiki<\/strong> \u2013 Pelletformi\u00f0 kemur \u00ed veg fyrir ni\u00f0urbrot og lengir geymslu\u00feol. Kauptu 4f mph<\/p>\n<\/li>\n<li data-start=\"5001\" data-end=\"5082\">\n<p data-start=\"5003\" data-end=\"5082\"><strong data-start=\"5003\" data-end=\"5037\">\u00c1rei\u00f0anleg g\u00e6\u00f0aeftirlit<\/strong> \u2013 Framleitt samkv\u00e6mt GMP-st\u00f6\u00f0lum.<\/p>\n<\/li>\n<li data-start=\"5083\" data-end=\"5183\">\n<p data-start=\"5085\" data-end=\"5183\"><strong data-start=\"5085\" data-end=\"5107\">\u00d6ruggar umb\u00fa\u00f0ir<\/strong> \u2013 Loft\u00fe\u00e9tt og raka\u00feolin pakkning til a\u00f0 vi\u00f0halda heilleika v\u00f6runnar.<\/p>\n<\/li>\n<\/ul>\n<hr data-start=\"5185\" data-end=\"5188\" \/>\n<h3 data-start=\"5190\" data-end=\"5207\"><strong data-start=\"5194\" data-end=\"5207\">Kostir<\/strong><\/h3>\n<ul data-start=\"5208\" data-end=\"5479\">\n<li data-start=\"5208\" data-end=\"5284\">\n<p data-start=\"5210\" data-end=\"5284\">Kve\u00f0ur \u00e1 um <strong data-start=\"5221\" data-end=\"5245\">n\u00e1kv\u00e6m sk\u00f6mmtun<\/strong> og samr\u00e6mdar ranns\u00f3knarni\u00f0urst\u00f6\u00f0ur.<\/p>\n<\/li>\n<li data-start=\"5285\" data-end=\"5349\">\n<p data-start=\"5287\" data-end=\"5349\">Hentar fyrir <strong data-start=\"5301\" data-end=\"5346\">taugaefnafr\u00e6\u00f0ilegar og lyfjafr\u00e6\u00f0ilegar ranns\u00f3knir<\/strong>.<\/p>\n<\/li>\n<li data-start=\"5350\" data-end=\"5408\">\n<p data-start=\"5352\" data-end=\"5408\"><strong data-start=\"5352\" data-end=\"5376\">Lengri geymslu\u00feol<\/strong> \u00fe\u00f6kk s\u00e9 st\u00f6\u00f0ugri form\u00falu.<\/p>\n<\/li>\n<li data-start=\"5409\" data-end=\"5479\">\n<p data-start=\"5411\" data-end=\"5479\">Au\u00f0velt a\u00f0 <strong data-start=\"5424\" data-end=\"5451\">me\u00f0h\u00f6ndla og geyma<\/strong> \u00e1n \u00feess a\u00f0 g\u00e6\u00f0i tapist.<\/p>\n<\/li>\n<\/ul>\n<hr data-start=\"5481\" data-end=\"5484\" \/>\n<h3 data-start=\"5486\" data-end=\"5501\"><strong data-start=\"5490\" data-end=\"5501\">Notkun<\/strong><\/h3>\n<ul data-start=\"5502\" data-end=\"5772\">\n<li data-start=\"5502\" data-end=\"5562\">\n<p data-start=\"5504\" data-end=\"5562\">A\u00f0eins til notkunar fyrir <strong data-start=\"5529\" data-end=\"5559\">v\u00edsindaranns\u00f3knir<\/strong>.<\/p>\n<\/li>\n<li data-start=\"5563\" data-end=\"5637\">\n<p data-start=\"5565\" data-end=\"5637\">Kl\u00e6\u00f0ist vi\u00f0eigandi <strong data-start=\"5581\" data-end=\"5605\">hl\u00edf\u00f0arb\u00fana\u00f0ur<\/strong> (hanskar, hl\u00edf\u00f0argleraugu, ranns\u00f3knarstofusloppur).<\/p>\n<\/li>\n<li data-start=\"5638\" data-end=\"5713\">\n<p data-start=\"5640\" data-end=\"5713\">Spara\u00f0u \u00e1 <strong data-start=\"5655\" data-end=\"5678\">kaldur, \u00feurr sta\u00f0ur<\/strong>, vari\u00f0 gegn lj\u00f3si og raka.<\/p>\n<\/li>\n<li data-start=\"5714\" data-end=\"5772\">\n<p data-start=\"5716\" data-end=\"5772\">Ekki hentugt til neyslu manna e\u00f0a d\u00fdra.<\/p>\n<\/li>\n<\/ul>\n<hr data-start=\"5774\" data-end=\"5777\" \/>\n<h3 data-start=\"5779\" data-end=\"5814\"><strong data-start=\"5783\" data-end=\"5814\">Algengar spurningar (FAQs)<\/strong><\/h3>\n<p data-start=\"5816\" data-end=\"6007\"><strong data-start=\"5816\" data-end=\"5854\">1. Til hvers er 4F-MPH nota\u00f0?<\/strong><br data-start=\"5854\" data-end=\"5857\" \/>4F-MPH er nota\u00f0 \u00ed <strong data-start=\"5882\" data-end=\"5927\">lyfjafr\u00e6\u00f0ilegar og taugaefnafr\u00e6\u00f0ilegar ranns\u00f3knir<\/strong> vi\u00f0 \u00f6rvandi efni og taugabo\u00f0efnakerfi eins og d\u00f3pam\u00edn og noradrenal\u00edn.<\/p>\n<p data-start=\"6009\" data-end=\"6184\"><strong data-start=\"6009\" data-end=\"6062\">2. Er 4F-MPH 30 MG \u00f6ruggt fyrir manneskjur?<\/strong><br data-start=\"6062\" data-end=\"6065\" \/>Nei. \u00deessi vara er <strong data-start=\"6085\" data-end=\"6134\">eing\u00f6ngu \u00e6tla\u00f0 til ranns\u00f3knar<\/strong> og ekki sam\u00feykkt til manneldis.<\/p>\n<p data-start=\"6186\" data-end=\"6359\"><strong data-start=\"6186\" data-end=\"6230\">3. Hvernig \u00e1 a\u00f0 geyma 4F-MPH 30 MG?<\/strong><br data-start=\"6230\" data-end=\"6233\" \/>Geymi\u00f0 \u00ed <strong data-start=\"6248\" data-end=\"6278\">vel innsiglu\u00f0 umb\u00fa\u00f0ir<\/strong> b\u00fdfluga <strong data-start=\"6283\" data-end=\"6313\">stofuhitastig (15\u201325\u00b0C)<\/strong>, fjarri raka og beinu s\u00f3larlj\u00f3si.<\/p>","protected":false},"excerpt":{"rendered":"<p><strong><span dir=\"auto\" style=\"vertical-align: inherit;\"><span dir=\"auto\" style=\"vertical-align: inherit;\">T\u00cdMABUNDIN \u00cd BL\u00c1UM K\u00d6GLUG\u00d6GLU (eini litamunurinn).<\/span><\/span><\/strong><\/p>","protected":false},"featured_media":28441,"comment_status":"closed","ping_status":"closed","template":"","meta":[],"product_brand":[82],"product_cat":[444,445,322,333,324],"product_tag":[570,571,326],"class_list":{"0":"post-23635","1":"product","2":"type-product","3":"status-publish","4":"has-post-thumbnail","6":"product_brand-research-chemical","7":"product_cat-4f-mph","8":"product_cat-4f-mph-pellets","9":"product_cat-bijna-verboden","10":"product_cat-gefluoreerden","11":"product_cat-pellets-for-pellet","12":"product_tag-4f-mph-kopen","13":"product_tag-4f-mph","14":"product_tag-nl","16":"first","17":"instock","18":"taxable","19":"shipping-taxable","20":"purchasable","21":"product-type-variable"},"_links":{"self":[{"href":"https:\/\/researchchemicalhub.com\/is\/wp-json\/wp\/v2\/product\/23635","targetHints":{"allow":["GET"]}}],"collection":[{"href":"https:\/\/researchchemicalhub.com\/is\/wp-json\/wp\/v2\/product"}],"about":[{"href":"https:\/\/researchchemicalhub.com\/is\/wp-json\/wp\/v2\/types\/product"}],"replies":[{"embeddable":true,"href":"https:\/\/researchchemicalhub.com\/is\/wp-json\/wp\/v2\/comments?post=23635"}],"version-history":[{"count":6,"href":"https:\/\/researchchemicalhub.com\/is\/wp-json\/wp\/v2\/product\/23635\/revisions"}],"predecessor-version":[{"id":27993,"href":"https:\/\/researchchemicalhub.com\/is\/wp-json\/wp\/v2\/product\/23635\/revisions\/27993"}],"wp:featuredmedia":[{"embeddable":true,"href":"https:\/\/researchchemicalhub.com\/is\/wp-json\/wp\/v2\/media\/28441"}],"wp:attachment":[{"href":"https:\/\/researchchemicalhub.com\/is\/wp-json\/wp\/v2\/media?parent=23635"}],"wp:term":[{"taxonomy":"product_brand","embeddable":true,"href":"https:\/\/researchchemicalhub.com\/is\/wp-json\/wp\/v2\/product_brand?post=23635"},{"taxonomy":"product_cat","embeddable":true,"href":"https:\/\/researchchemicalhub.com\/is\/wp-json\/wp\/v2\/product_cat?post=23635"},{"taxonomy":"product_tag","embeddable":true,"href":"https:\/\/researchchemicalhub.com\/is\/wp-json\/wp\/v2\/product_tag?post=23635"}],"curies":[{"name":"wp","href":"https:\/\/api.w.org\/{rel}","templated":true}]}}