{"id":23617,"date":"2025-04-13T17:40:06","date_gmt":"2025-04-13T17:40:06","guid":{"rendered":"https:\/\/researchchemicalhub.com\/?post_type=product&#038;p=23617"},"modified":"2025-10-30T09:12:53","modified_gmt":"2025-10-30T09:12:53","slug":"2-fma-kaupa-2","status":"publish","type":"product","link":"https:\/\/researchchemicalhub.com\/is\/bud\/kauptu-2-fma\/2-fma-kaupa-2\/","title":{"rendered":"2-FMA 30 MG k\u00falur (2-fl\u00faormetamfetam\u00edn)"},"content":{"rendered":"<h1><strong>2FMA 30 MG k\u00falur (2-fl\u00faoramfetam\u00edn) \u2013 V\u00edsindaleg v\u00f6rul\u00fdsing<\/strong><\/h1>\n<p data-start=\"3706\" data-end=\"4029\"><strong data-start=\"3706\" data-end=\"3741\">2-FMA (2-fl\u00faormetamfetam\u00edn)<\/strong> 30 MG k\u00falur eru <strong data-start=\"3761\" data-end=\"3807\">ranns\u00f3knarefnasamb\u00f6nd me\u00f0 mikilli hreinleika<\/strong>, hanna\u00f0 fyrir <strong data-start=\"3824\" data-end=\"3877\">taugav\u00edsindalegar og lyfjafr\u00e6\u00f0ilegar ranns\u00f3knir<\/strong>Kauptu 2 fma<br data-start=\"3878\" data-end=\"3881\" \/>Sem fl\u00faoru\u00f0 afbrig\u00f0i af metamfetam\u00edni er 2-FMA \u00e1hugavert til ranns\u00f3kna \u00e1 <strong data-start=\"3956\" data-end=\"3986\">taugabo\u00f0efnavirkni<\/strong> og <strong data-start=\"3990\" data-end=\"4026\">mi\u00f0taugakerfisferli<\/strong>.<\/p>\n<p data-start=\"4031\" data-end=\"4237\">Hvert pilla inniheldur <strong data-start=\"4049\" data-end=\"4072\">30 mg af hreinu 2-FMA<\/strong>Vandlega m\u00e6lt til a\u00f0 tryggja n\u00e1kv\u00e6ma sk\u00f6mmtun og endurtakanlegar ranns\u00f3knarni\u00f0urst\u00f6\u00f0ur. St\u00f6\u00f0ug l\u00f6gun k\u00falunnar gerir geymslu og me\u00f0h\u00f6ndlun au\u00f0veldari og \u00f6ruggari.<\/p>\n<blockquote data-start=\"4239\" data-end=\"4377\">\n<p data-start=\"4241\" data-end=\"4377\">\u26a0\ufe0f <strong data-start=\"4244\" data-end=\"4255\">Athugi\u00f0:<\/strong> \u00deessi vara er <strong data-start=\"4271\" data-end=\"4326\">eing\u00f6ngu \u00e6tla\u00f0 til v\u00edsindaranns\u00f3kna<\/strong> og <strong data-start=\"4330\" data-end=\"4374\">ekki hentugt til manneldis<\/strong>.<\/p>\n<\/blockquote>\n<hr data-start=\"4379\" data-end=\"4382\" \/>\n<h3 data-start=\"4384\" data-end=\"4415\"><strong data-start=\"4388\" data-end=\"4415\">Lykilatri\u00f0i<\/strong><\/h3>\n<ul data-start=\"4416\" data-end=\"4852\">\n<li data-start=\"4416\" data-end=\"4511\">\n<p data-start=\"4418\" data-end=\"4511\"><strong data-start=\"4418\" data-end=\"4444\">Mikil hreinleiki (\u226599%)<\/strong> \u2013 Pr\u00f3fa\u00f0 \u00ed ranns\u00f3knarstofu til a\u00f0 tryggja h\u00e1marksg\u00e6\u00f0i og \u00e1rei\u00f0anleika.<\/p>\n<\/li>\n<li data-start=\"4512\" data-end=\"4600\">\n<p data-start=\"4514\" data-end=\"4600\"><strong data-start=\"4514\" data-end=\"4557\">N\u00e1kv\u00e6m skammtur (30 mg \u00ed hverri k\u00falu)<\/strong> \u2013 Fyrir samr\u00e6mdar ranns\u00f3knarni\u00f0urst\u00f6\u00f0ur.<\/p>\n<\/li>\n<li data-start=\"4601\" data-end=\"4687\">\n<p data-start=\"4603\" data-end=\"4687\"><strong data-start=\"4603\" data-end=\"4629\">B\u00e6tt st\u00f6\u00f0ugleiki<\/strong> \u2013 Pelletform kemur \u00ed veg fyrir ni\u00f0urbrot og lengir geymslu\u00feol.<\/p>\n<\/li>\n<li data-start=\"4688\" data-end=\"4767\">\n<p data-start=\"4690\" data-end=\"4767\"><strong data-start=\"4690\" data-end=\"4724\">Samr\u00e6md g\u00e6\u00f0aeftirlit<\/strong> \u2013 Framleitt samkv\u00e6mt GMP-l\u00edkum st\u00f6\u00f0lum.<\/p>\n<\/li>\n<li data-start=\"4768\" data-end=\"4852\">\n<p data-start=\"4770\" data-end=\"4852\"><strong data-start=\"4770\" data-end=\"4792\">\u00d6ruggar umb\u00fa\u00f0ir<\/strong> \u2013 Loft\u00fe\u00e9tt og raka\u00feoli\u00f0 fyrir bestu m\u00f6gulegu v\u00f6rn.<\/p>\n<\/li>\n<\/ul>\n<hr data-start=\"4854\" data-end=\"4857\" \/>\n<h3 data-start=\"4859\" data-end=\"4876\"><strong data-start=\"4863\" data-end=\"4876\">Kostir<\/strong><\/h3>\n<ul data-start=\"4877\" data-end=\"5166\">\n<li data-start=\"4877\" data-end=\"4954\">\n<p data-start=\"4879\" data-end=\"4954\">Hentar fyrir <strong data-start=\"4893\" data-end=\"4951\">ranns\u00f3knir \u00e1 \u00f6rvandi efnum og taugabo\u00f0efnakerfum<\/strong>.<\/p>\n<\/li>\n<li data-start=\"4955\" data-end=\"5021\">\n<p data-start=\"4957\" data-end=\"5021\">Kve\u00f0ur \u00e1 um <strong data-start=\"4968\" data-end=\"4992\">n\u00e1kv\u00e6m sk\u00f6mmtun<\/strong> og \u00e1rei\u00f0anlegar ni\u00f0urst\u00f6\u00f0ur.<\/p>\n<\/li>\n<li data-start=\"5022\" data-end=\"5098\">\n<p data-start=\"5024\" data-end=\"5098\"><strong data-start=\"5024\" data-end=\"5064\">Au\u00f0velt \u00ed me\u00f0f\u00f6rum og geymslu<\/strong> \u00fe\u00f6kk s\u00e9 st\u00f6\u00f0ugri l\u00f6gun k\u00falunnar.<\/p>\n<\/li>\n<li data-start=\"5099\" data-end=\"5166\">\n<p data-start=\"5101\" data-end=\"5166\">Tilvali\u00f0 fyrir <strong data-start=\"5113\" data-end=\"5163\">fr\u00e6\u00f0ilegar, greiningar- e\u00f0a r\u00e9ttarfr\u00e6\u00f0ilegar ranns\u00f3knir<\/strong>Kauptu 2 fma<\/p>\n<\/li>\n<\/ul>\n<hr data-start=\"5168\" data-end=\"5171\" \/>\n<h3 data-start=\"5173\" data-end=\"5188\"><strong data-start=\"5177\" data-end=\"5188\">Notkun<\/strong><\/h3>\n<ul data-start=\"5189\" data-end=\"5483\">\n<li data-start=\"5189\" data-end=\"5261\">\n<p data-start=\"5191\" data-end=\"5261\">A\u00f0eins fyrir <strong data-start=\"5203\" data-end=\"5228\">ranns\u00f3knarstofuranns\u00f3knir<\/strong> af h\u00e6fu starfsf\u00f3lki.<\/p>\n<\/li>\n<li data-start=\"5262\" data-end=\"5345\">\n<p data-start=\"5264\" data-end=\"5345\">Kl\u00e6\u00f0ist vi\u00f0eigandi <strong data-start=\"5280\" data-end=\"5304\">hl\u00edf\u00f0arb\u00fana\u00f0ur<\/strong> eins og hanska og \u00f6ryggisgleraugu.<\/p>\n<\/li>\n<li data-start=\"5346\" data-end=\"5424\">\n<p data-start=\"5348\" data-end=\"5424\">Spara\u00f0u \u00e1 <strong data-start=\"5363\" data-end=\"5386\">kaldur, \u00feurr sta\u00f0ur<\/strong>, vari\u00f0 gegn s\u00f3larlj\u00f3si og raka.<\/p>\n<\/li>\n<li data-start=\"5425\" data-end=\"5483\">\n<p data-start=\"5427\" data-end=\"5483\">Ekki hentugt til neyslu manna e\u00f0a d\u00fdra.<\/p>\n<\/li>\n<\/ul>\n<hr data-start=\"5485\" data-end=\"5488\" \/>\n<h3 data-start=\"5490\" data-end=\"5525\"><strong data-start=\"5494\" data-end=\"5525\">Algengar spurningar (FAQs)<\/strong><\/h3>\n<p data-start=\"5527\" data-end=\"5694\"><strong data-start=\"5527\" data-end=\"5564\">1. Til hvers er 2-FMA nota\u00f0?<\/strong><br data-start=\"5564\" data-end=\"5567\" \/>2-FMA er nota\u00f0 \u00ed <strong data-start=\"5591\" data-end=\"5644\">taugav\u00edsindalegar og lyfjafr\u00e6\u00f0ilegar ranns\u00f3knir<\/strong> vi\u00f0 \u00f6rvandi efni og virkni taugabo\u00f0efna.<\/p>\n<p data-start=\"5696\" data-end=\"5870\"><strong data-start=\"5696\" data-end=\"5748\">2. Er 2-FMA 30 MG \u00f6ruggt til notkunar fyrir menn?<\/strong><br data-start=\"5748\" data-end=\"5751\" \/>Nei. \u00deessi vara er <strong data-start=\"5771\" data-end=\"5820\">eing\u00f6ngu \u00e6tla\u00f0 til ranns\u00f3knar<\/strong> og ekki sam\u00feykkt til manneldis.<\/p>\n<p data-start=\"5872\" data-end=\"6040\"><strong data-start=\"5872\" data-end=\"5915\">3. Hvernig \u00e1 a\u00f0 geyma 2-FMA 30 MG?<\/strong><br data-start=\"5915\" data-end=\"5918\" \/>Geymi\u00f0 \u00ed <strong data-start=\"5933\" data-end=\"5963\">vel innsiglu\u00f0 umb\u00fa\u00f0ir<\/strong> vi\u00f0 stofuhita (15\u201325\u00b0C), fjarri raka og beinu s\u00f3larlj\u00f3si.<\/p>\n<h3><span style=\"color: #333333; font-size: 16px;\">.<\/span><a style=\"font-size: 16px;\" href=\"https:\/\/researchchemicalhub.com\/is\/bud\/iboga-ibogain\/iboga-rotarborkur\/\">iboga r\u00f3tarb\u00f6rkur<\/a><a style=\"font-size: 16px;\" href=\"https:\/\/researchchemicalhub.com\/is\/bud\/iboga-ibogain\/kaupa-ibogaine-hcl-a-netinu\/\">kaupa ibogaine hcl \u00e1 netinu<\/a><a style=\"font-size: 16px;\" href=\"https:\/\/researchchemicalhub.com\/is\/bud\/lysergamid\/1cp-lsd\/\">1cp lsd<\/a><a style=\"font-size: 16px;\" href=\"https:\/\/researchchemicalhub.com\/is\/bud\/pellets\/o-dsmt-50-mg-kulur\/\">o-dsmt<\/a><a style=\"font-size: 16px;\" href=\"https:\/\/researchchemicalhub.com\/is\/bud\/lysergamid\/1vlsd\/\">1vlsd<\/a><\/h3>\n<p>&nbsp;<\/p>","protected":false},"excerpt":{"rendered":"<p>2FMA 30 MG Pellets (2-Fluoroamfetamine) \u2013 Wetenschappelijke Productbeschrijving 2-FMA (2-Fluoromethamphetamine) 30 MG Pellets zijn onderzoeksverbindingen van hoge zuiverheid, ontworpen voor<\/p>","protected":false},"featured_media":28388,"comment_status":"closed","ping_status":"closed","template":"","meta":[],"product_brand":[82],"product_cat":[431,432,322,333,324],"product_tag":[572,617,618,589,619,326],"class_list":{"0":"post-23617","1":"product","2":"type-product","3":"status-publish","4":"has-post-thumbnail","6":"product_brand-research-chemical","7":"product_cat-2-fma-kopen","8":"product_cat-2-fma-pellets","9":"product_cat-bijna-verboden","10":"product_cat-gefluoreerden","11":"product_cat-pellets-for-pellet","12":"product_tag-2-fma-kopen","13":"product_tag-2-fma","14":"product_tag-2fma","15":"product_tag-2fma-drugs","16":"product_tag-2fma-kopen","17":"product_tag-nl","19":"first","20":"instock","21":"taxable","22":"shipping-taxable","23":"purchasable","24":"product-type-variable"},"_links":{"self":[{"href":"https:\/\/researchchemicalhub.com\/is\/wp-json\/wp\/v2\/product\/23617","targetHints":{"allow":["GET"]}}],"collection":[{"href":"https:\/\/researchchemicalhub.com\/is\/wp-json\/wp\/v2\/product"}],"about":[{"href":"https:\/\/researchchemicalhub.com\/is\/wp-json\/wp\/v2\/types\/product"}],"replies":[{"embeddable":true,"href":"https:\/\/researchchemicalhub.com\/is\/wp-json\/wp\/v2\/comments?post=23617"}],"version-history":[{"count":6,"href":"https:\/\/researchchemicalhub.com\/is\/wp-json\/wp\/v2\/product\/23617\/revisions"}],"predecessor-version":[{"id":27995,"href":"https:\/\/researchchemicalhub.com\/is\/wp-json\/wp\/v2\/product\/23617\/revisions\/27995"}],"wp:featuredmedia":[{"embeddable":true,"href":"https:\/\/researchchemicalhub.com\/is\/wp-json\/wp\/v2\/media\/28388"}],"wp:attachment":[{"href":"https:\/\/researchchemicalhub.com\/is\/wp-json\/wp\/v2\/media?parent=23617"}],"wp:term":[{"taxonomy":"product_brand","embeddable":true,"href":"https:\/\/researchchemicalhub.com\/is\/wp-json\/wp\/v2\/product_brand?post=23617"},{"taxonomy":"product_cat","embeddable":true,"href":"https:\/\/researchchemicalhub.com\/is\/wp-json\/wp\/v2\/product_cat?post=23617"},{"taxonomy":"product_tag","embeddable":true,"href":"https:\/\/researchchemicalhub.com\/is\/wp-json\/wp\/v2\/product_tag?post=23617"}],"curies":[{"name":"wp","href":"https:\/\/api.w.org\/{rel}","templated":true}]}}