{"id":23611,"date":"2025-04-13T17:40:06","date_gmt":"2025-04-13T17:40:06","guid":{"rendered":"https:\/\/researchchemicalhub.com\/?post_type=product&#038;p=23611"},"modified":"2025-10-30T09:11:28","modified_gmt":"2025-10-30T09:11:28","slug":"3-fpm-kauptu-2","status":"publish","type":"product","link":"https:\/\/researchchemicalhub.com\/is\/bud\/3-fps-a-minutu\/3-fpm-kauptu-2\/","title":{"rendered":"3-FPM 50 MG k\u00falur (3-fl\u00faorfenmetras\u00edn)"},"content":{"rendered":"<h1><strong><span dir=\"auto\" style=\"vertical-align: inherit;\"><span dir=\"auto\" style=\"vertical-align: inherit;\">3 fpm 50 MG k\u00falur (3-fl\u00faorfenmetras\u00edn) \u2013 G\u00e6\u00f0i og n\u00e1kv\u00e6mni \u00ed ranns\u00f3knum<\/span><\/span><\/strong><\/h1>\n<p data-start=\"3687\" data-end=\"4034\"><strong data-start=\"3687\" data-end=\"3720\">3-FPM (3-fl\u00faorfenmetras\u00edn)<\/strong> 50 MG k\u00falur eru <strong data-start=\"3740\" data-end=\"3786\">ranns\u00f3knarefnasamb\u00f6nd me\u00f0 mikilli hreinleika<\/strong>, \u00fer\u00f3a\u00f0 fyrir <strong data-start=\"3804\" data-end=\"3857\">taugav\u00edsindalegar og lyfjafr\u00e6\u00f0ilegar ranns\u00f3knir<\/strong>. 3 fpm kaup<br data-start=\"3858\" data-end=\"3861\" \/>Sem fl\u00faoru\u00f0 afbrig\u00f0i af <strong data-start=\"3894\" data-end=\"3911\">fenmetras\u00edn<\/strong> Veri\u00f0 er a\u00f0 rannsaka m\u00f6guleika 3-FPM \u00e1 a\u00f0 veita inns\u00fdn \u00ed <strong data-start=\"3982\" data-end=\"4031\">d\u00f3pam\u00edn- og noradrenvirk flutningskerfi<\/strong>.<\/p>\n<p data-start=\"4036\" data-end=\"4294\">Hvert pilla inniheldur <strong data-start=\"4054\" data-end=\"4085\">50 mg af 3-fl\u00faorfenmetras\u00edni<\/strong>, vandlega m\u00e6lt til a\u00f0 tryggja n\u00e1kv\u00e6ma sk\u00f6mmtun og \u00e1rei\u00f0anlegar ranns\u00f3knarni\u00f0urst\u00f6\u00f0ur. \u00deessi vara er eing\u00f6ngu \u00e6tlu\u00f0 fyrir <strong data-start=\"4211\" data-end=\"4243\">h\u00e6fir v\u00edsindamenn<\/strong> og <strong data-start=\"4247\" data-end=\"4291\">ekki hentugt til manneldis<\/strong>.<\/p>\n<blockquote data-start=\"4296\" data-end=\"4391\">\n<p data-start=\"4298\" data-end=\"4391\">\u26a0\ufe0f <strong data-start=\"4301\" data-end=\"4312\">Athugi\u00f0:<\/strong> 3-FPM 50 MG k\u00falur eru <strong data-start=\"4338\" data-end=\"4388\">eing\u00f6ngu \u00e6tla\u00f0 til ranns\u00f3kna \u00e1 ranns\u00f3knarstofu<\/strong>.<\/p>\n<\/blockquote>\n<hr data-start=\"4393\" data-end=\"4396\" \/>\n<h3 data-start=\"4398\" data-end=\"4429\"><strong data-start=\"4402\" data-end=\"4429\">Lykilatri\u00f0i<\/strong><\/h3>\n<ul data-start=\"4430\" data-end=\"4879\">\n<li data-start=\"4430\" data-end=\"4525\">\n<p data-start=\"4432\" data-end=\"4525\"><strong data-start=\"4432\" data-end=\"4458\">Mikil hreinleiki (\u226599%)<\/strong> \u2013 Pr\u00f3fa\u00f0 \u00ed ranns\u00f3knarstofu fyrir g\u00e6\u00f0i, st\u00f6\u00f0ugleika og samsetningu.<\/p>\n<\/li>\n<li data-start=\"4526\" data-end=\"4614\">\n<p data-start=\"4528\" data-end=\"4614\"><strong data-start=\"4528\" data-end=\"4571\">N\u00e1kv\u00e6m skammtur (50 mg \u00ed hverri k\u00falu)<\/strong> - Tryggir endurtakanlegar ni\u00f0urst\u00f6\u00f0ur.<\/p>\n<\/li>\n<li data-start=\"4615\" data-end=\"4704\">\n<p data-start=\"4617\" data-end=\"4704\"><strong data-start=\"4617\" data-end=\"4643\">B\u00e6tt st\u00f6\u00f0ugleiki<\/strong> \u2013 Pelletform kemur \u00ed veg fyrir ni\u00f0urbrot og lengir geymslu\u00feol.<\/p>\n<\/li>\n<li data-start=\"4705\" data-end=\"4783\">\n<p data-start=\"4707\" data-end=\"4783\"><strong data-start=\"4707\" data-end=\"4732\">GMP-l\u00edk framlei\u00f0sla<\/strong> \u2013 Trygg\u00f0 samr\u00e6mi og \u00e1rei\u00f0anleiki.<\/p>\n<\/li>\n<li data-start=\"4784\" data-end=\"4879\">\n<p data-start=\"4786\" data-end=\"4879\"><strong data-start=\"4786\" data-end=\"4808\">\u00d6ruggar umb\u00fa\u00f0ir<\/strong> \u2013 Loft\u00fe\u00e9ttar og raka\u00feolnar umb\u00fa\u00f0ir vernda tenginguna. Kaupi\u00f0 3 fpm<\/p>\n<\/li>\n<\/ul>\n<hr data-start=\"4881\" data-end=\"4884\" \/>\n<h3 data-start=\"4886\" data-end=\"4903\"><strong data-start=\"4890\" data-end=\"4903\">Kostir<\/strong><\/h3>\n<ul data-start=\"4904\" data-end=\"5187\">\n<li data-start=\"4904\" data-end=\"4980\">\n<p data-start=\"4906\" data-end=\"4980\">Kve\u00f0ur \u00e1 um <strong data-start=\"4917\" data-end=\"4941\">n\u00e1kv\u00e6m sk\u00f6mmtun<\/strong> og \u00e1rei\u00f0anlegar ranns\u00f3knarni\u00f0urst\u00f6\u00f0ur.<\/p>\n<\/li>\n<li data-start=\"4981\" data-end=\"5058\">\n<p data-start=\"4983\" data-end=\"5058\">Hentar fyrir <strong data-start=\"4997\" data-end=\"5055\">ranns\u00f3knir \u00e1 \u00f6rvandi efnum og taugabo\u00f0efnakerfum<\/strong>.<\/p>\n<\/li>\n<li data-start=\"5059\" data-end=\"5107\">\n<p data-start=\"5061\" data-end=\"5107\"><strong data-start=\"5061\" data-end=\"5083\">Langur geymslu\u00feol<\/strong> og au\u00f0veld geymsla.<\/p>\n<\/li>\n<li data-start=\"5108\" data-end=\"5187\">\n<p data-start=\"5110\" data-end=\"5187\"><strong data-start=\"5110\" data-end=\"5143\">Notendav\u00e6nt og \u00f6ruggt<\/strong> \u00ed st\u00fdr\u00f0u ranns\u00f3knarstofuumhverfi.<\/p>\n<\/li>\n<\/ul>\n<hr data-start=\"5189\" data-end=\"5192\" \/>\n<h3 data-start=\"5194\" data-end=\"5209\"><strong data-start=\"5198\" data-end=\"5209\">Notkun<\/strong><\/h3>\n<ul data-start=\"5210\" data-end=\"5490\">\n<li data-start=\"5210\" data-end=\"5272\">\n<p data-start=\"5212\" data-end=\"5272\">A\u00f0eins fyrir <strong data-start=\"5224\" data-end=\"5269\">v\u00edsindalegar og ranns\u00f3knarstofuranns\u00f3knir<\/strong>.<\/p>\n<\/li>\n<li data-start=\"5273\" data-end=\"5356\">\n<p data-start=\"5275\" data-end=\"5356\">Kl\u00e6\u00f0ist vi\u00f0eigandi <strong data-start=\"5291\" data-end=\"5315\">hl\u00edf\u00f0arb\u00fana\u00f0ur<\/strong> eins og hanska og \u00f6ryggisgleraugu.<\/p>\n<\/li>\n<li data-start=\"5357\" data-end=\"5432\">\n<p data-start=\"5359\" data-end=\"5432\">Spara\u00f0u \u00e1 <strong data-start=\"5374\" data-end=\"5397\">kaldur, \u00feurr sta\u00f0ur<\/strong>, vari\u00f0 gegn lj\u00f3si og raka.<\/p>\n<\/li>\n<li data-start=\"5433\" data-end=\"5490\">\n<p data-start=\"5435\" data-end=\"5490\">Ekki \u00e6tla\u00f0 til neyslu manna e\u00f0a d\u00fdra.<\/p>\n<\/li>\n<\/ul>\n<hr data-start=\"5492\" data-end=\"5495\" \/>\n<h3 data-start=\"5497\" data-end=\"5532\"><strong data-start=\"5501\" data-end=\"5532\">Algengar spurningar (FAQs)<\/strong><\/h3>\n<p data-start=\"5534\" data-end=\"5687\"><strong data-start=\"5534\" data-end=\"5571\">1. Til hvers er 3-FPM nota\u00f0?<\/strong><br data-start=\"5571\" data-end=\"5574\" \/>3-FPM er nota\u00f0 \u00ed <strong data-start=\"5598\" data-end=\"5633\">taugav\u00edsindalegar ranns\u00f3knir<\/strong> \u00f6rvandi efni og flutningsferla m\u00f3n\u00f3am\u00edna.<\/p>\n<p data-start=\"5689\" data-end=\"5865\"><strong data-start=\"5689\" data-end=\"5743\">2. Hentar 3-FPM 50 MG til notkunar fyrir menn?<\/strong><br data-start=\"5743\" data-end=\"5746\" \/>Nei. \u00deessi vara er <strong data-start=\"5766\" data-end=\"5815\">eing\u00f6ngu \u00e6tla\u00f0 til ranns\u00f3knar<\/strong> og ekki sam\u00feykkt til manneldis.<\/p>\n<p data-start=\"5867\" data-end=\"6035\"><strong data-start=\"5867\" data-end=\"5910\">3. Hvernig \u00e1 a\u00f0 geyma 3-FPM 50 MG?<\/strong><br data-start=\"5910\" data-end=\"5913\" \/>Geymi\u00f0 \u00ed <strong data-start=\"5928\" data-end=\"5958\">vel innsiglu\u00f0 umb\u00fa\u00f0ir<\/strong> vi\u00f0 stofuhita (15\u201325\u00b0C), fjarri raka og beinu s\u00f3larlj\u00f3si.<\/p>\n<h3><a style=\"font-size: 16px;\" href=\"https:\/\/researchchemicalhub.com\/is\/bud\/iboga-ibogain\/iboga-rotarborkur\/\"><span dir=\"auto\" style=\"vertical-align: inherit;\"><span dir=\"auto\" style=\"vertical-align: inherit;\">iboga r\u00f3tarb\u00f6rkur<\/span><\/span><\/a><a style=\"font-size: 16px;\" href=\"https:\/\/researchchemicalhub.com\/is\/bud\/iboga-ibogain\/kaupa-ibogaine-hcl-a-netinu\/\"><span dir=\"auto\" style=\"vertical-align: inherit;\"><span dir=\"auto\" style=\"vertical-align: inherit;\">kaupa ibogaine hcl \u00e1 netinu<\/span><\/span><\/a><a style=\"font-size: 16px;\" href=\"https:\/\/researchchemicalhub.com\/is\/bud\/lysergamid\/1cp-lsd\/\"><span dir=\"auto\" style=\"vertical-align: inherit;\"><span dir=\"auto\" style=\"vertical-align: inherit;\">1cp lsd <\/span><\/span><\/a><a style=\"font-size: 16px;\" href=\"https:\/\/researchchemicalhub.com\/is\/bud\/pellets\/o-dsmt-50-mg-kulur\/\"><span dir=\"auto\" style=\"vertical-align: inherit;\"><span dir=\"auto\" style=\"vertical-align: inherit;\">o-dsmt <\/span><\/span><\/a><a style=\"font-size: 16px;\" href=\"https:\/\/researchchemicalhub.com\/is\/bud\/lysergamid\/1vlsd\/\"><span dir=\"auto\" style=\"vertical-align: inherit;\"><span dir=\"auto\" style=\"vertical-align: inherit;\">1vlsd<\/span><\/span><\/a><\/h3>","protected":false},"excerpt":{"rendered":"<p>3 fpm 50 MG k\u00falur (3-fl\u00faorfenmetras\u00edn) \u2013 G\u00e6\u00f0i og n\u00e1kv\u00e6mni \u00ed ranns\u00f3knum 3-FPM (3-fl\u00faorfenmetras\u00edn) 50 MG k\u00falur eru ranns\u00f3knarefni \u00far<\/p>","protected":false},"featured_media":28406,"comment_status":"closed","ping_status":"closed","template":"","meta":[],"product_brand":[82],"product_cat":[441,442,322,333,324],"product_tag":[606,601,605,326],"class_list":{"0":"post-23611","1":"product","2":"type-product","3":"status-publish","4":"has-post-thumbnail","6":"product_brand-research-chemical","7":"product_cat-3-fpm","8":"product_cat-3-fpm-pellets","9":"product_cat-bijna-verboden","10":"product_cat-gefluoreerden","11":"product_cat-pellets-for-pellet","12":"product_tag-3-fluorophenmetrazine","13":"product_tag-3-fpm","14":"product_tag-3fpm","15":"product_tag-nl","17":"first","18":"instock","19":"taxable","20":"shipping-taxable","21":"purchasable","22":"product-type-variable"},"_links":{"self":[{"href":"https:\/\/researchchemicalhub.com\/is\/wp-json\/wp\/v2\/product\/23611","targetHints":{"allow":["GET"]}}],"collection":[{"href":"https:\/\/researchchemicalhub.com\/is\/wp-json\/wp\/v2\/product"}],"about":[{"href":"https:\/\/researchchemicalhub.com\/is\/wp-json\/wp\/v2\/types\/product"}],"replies":[{"embeddable":true,"href":"https:\/\/researchchemicalhub.com\/is\/wp-json\/wp\/v2\/comments?post=23611"}],"version-history":[{"count":5,"href":"https:\/\/researchchemicalhub.com\/is\/wp-json\/wp\/v2\/product\/23611\/revisions"}],"predecessor-version":[{"id":27994,"href":"https:\/\/researchchemicalhub.com\/is\/wp-json\/wp\/v2\/product\/23611\/revisions\/27994"}],"wp:featuredmedia":[{"embeddable":true,"href":"https:\/\/researchchemicalhub.com\/is\/wp-json\/wp\/v2\/media\/28406"}],"wp:attachment":[{"href":"https:\/\/researchchemicalhub.com\/is\/wp-json\/wp\/v2\/media?parent=23611"}],"wp:term":[{"taxonomy":"product_brand","embeddable":true,"href":"https:\/\/researchchemicalhub.com\/is\/wp-json\/wp\/v2\/product_brand?post=23611"},{"taxonomy":"product_cat","embeddable":true,"href":"https:\/\/researchchemicalhub.com\/is\/wp-json\/wp\/v2\/product_cat?post=23611"},{"taxonomy":"product_tag","embeddable":true,"href":"https:\/\/researchchemicalhub.com\/is\/wp-json\/wp\/v2\/product_tag?post=23611"}],"curies":[{"name":"wp","href":"https:\/\/api.w.org\/{rel}","templated":true}]}}