{"id":23573,"date":"2025-04-13T17:40:00","date_gmt":"2025-04-13T17:40:00","guid":{"rendered":"https:\/\/researchchemicalhub.com\/?post_type=product&#038;p=23573"},"modified":"2025-10-19T10:58:08","modified_gmt":"2025-10-19T10:58:08","slug":"lsz-l-tartrat-hreint","status":"publish","type":"product","link":"https:\/\/researchchemicalhub.com\/is\/bud\/lsz\/lsz-l-tartrat-hreint\/","title":{"rendered":"LSZ L-tartrat hreint"},"content":{"rendered":"<h3><span dir=\"auto\" style=\"vertical-align: inherit;\"><span dir=\"auto\" style=\"vertical-align: inherit;\">LSZ L-Tartrate Pure \u2013 H\u00e1g\u00e6\u00f0a ranns\u00f3knarefni fyrir v\u00edsindalegar notkunar<\/span><\/span><\/h3>\n<p data-start=\"3744\" data-end=\"3935\"><strong data-start=\"3744\" data-end=\"3811\">LSZ L-tartrat (l\u00fdserg\u00edns\u00fdru 2,4-d\u00edmet\u00fdlaset\u00ed\u00f0\u00ed\u00f0 L-tartrat)<\/strong> er <strong data-start=\"3819\" data-end=\"3861\">ranns\u00f3knarefni me\u00f0 mikilli hreinleika<\/strong>, \u00fer\u00f3a\u00f0 fyrir <strong data-start=\"3879\" data-end=\"3932\">taugav\u00edsindalegar og lyfjafr\u00e6\u00f0ilegar ranns\u00f3knir<\/strong>. <span class=\"___SBox_epc1q-ko_ ___SText_zko9t-ko_\" data-ui-name=\"Link.Text\">lsz<\/span><\/p>\n<p data-start=\"3937\" data-end=\"4264\">Ef <strong data-start=\"3941\" data-end=\"4001\">byggingarlega hli\u00f0st\u00e6\u00f0a LSD (l\u00fdserg\u00edns\u00fdrud\u00edet\u00fdlam\u00ed\u00f0s)<\/strong> LSZ inniheldur <strong data-start=\"4016\" data-end=\"4046\">2,4-d\u00edmet\u00fdlaset\u00ed\u00f0 h\u00f3pur<\/strong> \u00ed sta\u00f0 d\u00edet\u00fdlam\u00ed\u00f0h\u00f3ps. \u00deetta gerir \u00fea\u00f0 s\u00e9rstaklega ver\u00f0m\u00e6tt fyrir <strong data-start=\"4123\" data-end=\"4163\">ranns\u00f3knir \u00e1 ser\u00f3t\u00f3n\u00ednvi\u00f0t\u00f6kum<\/strong>, <strong data-start=\"4165\" data-end=\"4187\">bindingarh\u00e6fni<\/strong> og <strong data-start=\"4191\" data-end=\"4233\">tengsl byggingar og virkni (SAR)<\/strong> innan l\u00fdsergam\u00ed\u00f0flokksins.<\/p>\n<p data-start=\"4266\" data-end=\"4451\">Hinn <strong data-start=\"4269\" data-end=\"4291\">L-tartrat saltform<\/strong> eykur <strong data-start=\"4304\" data-end=\"4346\">efnafr\u00e6\u00f0ilegur st\u00f6\u00f0ugleiki og leysni<\/strong>, sem gerir \u00feessa v\u00f6ru tilvalna til langt\u00edmageymslu og n\u00e1kv\u00e6mni \u00ed ranns\u00f3knarstofum.<\/p>\n<blockquote data-start=\"4453\" data-end=\"4604\">\n<p data-start=\"4455\" data-end=\"4604\">\u26a0\ufe0f <strong data-start=\"4458\" data-end=\"4469\">Athugi\u00f0:<\/strong> \u00deessi vara er <strong data-start=\"4485\" data-end=\"4540\">eing\u00f6ngu \u00e6tla\u00f0 til v\u00edsindaranns\u00f3kna<\/strong> og <strong data-start=\"4544\" data-end=\"4601\">ekki hentugt til neyslu manna e\u00f0a d\u00fdra<\/strong>.<\/p>\n<\/blockquote>\n<hr data-start=\"4606\" data-end=\"4609\" \/>\n<h3 data-start=\"4611\" data-end=\"4642\"><strong data-start=\"4615\" data-end=\"4642\">Lykilatri\u00f0i<\/strong><\/h3>\n<ul data-start=\"4643\" data-end=\"5086\">\n<li data-start=\"4643\" data-end=\"4741\">\n<p data-start=\"4645\" data-end=\"4741\"><strong data-start=\"4645\" data-end=\"4671\">Mikil hreinleiki (\u226599%)<\/strong> \u2013 Ranns\u00f3knarstofupr\u00f3fa\u00f0 til a\u00f0 meta samsetningu, st\u00f6\u00f0ugleika og au\u00f0kenni.<\/p>\n<\/li>\n<li data-start=\"4742\" data-end=\"4829\">\n<p data-start=\"4744\" data-end=\"4829\"><strong data-start=\"4744\" data-end=\"4775\">St\u00f6\u00f0ugt L-tartrat saltform<\/strong> \u2013 Eykur geymslu\u00feol og einfaldar me\u00f0h\u00f6ndlun.<\/p>\n<\/li>\n<li data-start=\"4830\" data-end=\"4915\">\n<p data-start=\"4832\" data-end=\"4915\"><strong data-start=\"4832\" data-end=\"4871\">Lyfjafr\u00e6\u00f0ileg ranns\u00f3knarsta\u00f0all<\/strong> \u2013 Tilvali\u00f0 fyrir vi\u00f0taka- og SAR-ranns\u00f3knir.<\/p>\n<\/li>\n<li data-start=\"4916\" data-end=\"4997\">\n<p data-start=\"4918\" data-end=\"4997\"><strong data-start=\"4918\" data-end=\"4957\">GMP-l\u00edk framlei\u00f0sluskilyr\u00f0i<\/strong> \u2013 Samr\u00e6md g\u00e6\u00f0i trygg\u00f0.<\/p>\n<\/li>\n<li data-start=\"4998\" data-end=\"5086\">\n<p data-start=\"5000\" data-end=\"5086\"><strong data-start=\"5000\" data-end=\"5022\">\u00d6ruggar umb\u00fa\u00f0ir<\/strong> \u2013 Loft\u00fe\u00e9tt og lj\u00f3s\u00feolin pakkning fyrir h\u00e1marksv\u00f6rn.<\/p>\n<\/li>\n<\/ul>\n<hr data-start=\"5088\" data-end=\"5091\" \/>\n<h3 data-start=\"5093\" data-end=\"5110\"><strong data-start=\"5097\" data-end=\"5110\">Kostir<\/strong><\/h3>\n<ul data-start=\"5111\" data-end=\"5378\">\n<li data-start=\"5111\" data-end=\"5182\">\n<p data-start=\"5113\" data-end=\"5182\">Kve\u00f0ur \u00e1 um <strong data-start=\"5124\" data-end=\"5179\">\u00e1rei\u00f0anlegar og endurtakanlegar ranns\u00f3knarni\u00f0urst\u00f6\u00f0ur<\/strong>.<\/p>\n<\/li>\n<li data-start=\"5183\" data-end=\"5264\">\n<p data-start=\"5185\" data-end=\"5264\">Sty\u00f0ur <strong data-start=\"5197\" data-end=\"5261\">Ranns\u00f3knir \u00e1 ser\u00f3t\u00f3n\u00ednvi\u00f0t\u00f6kum og l\u00fdsergam\u00ed\u00f0hli\u00f0st\u00e6\u00f0um<\/strong>.<\/p>\n<\/li>\n<li data-start=\"5265\" data-end=\"5318\">\n<p data-start=\"5267\" data-end=\"5318\"><strong data-start=\"5267\" data-end=\"5293\">B\u00e6tt st\u00f6\u00f0ugleiki<\/strong> og langur geymslu\u00feol.<\/p>\n<\/li>\n<li data-start=\"5319\" data-end=\"5378\">\n<p data-start=\"5321\" data-end=\"5378\"><strong data-start=\"5321\" data-end=\"5350\">Fr\u00e1b\u00e6r leysni<\/strong> fyrir greiningarranns\u00f3knir.<\/p>\n<\/li>\n<\/ul>\n<hr data-start=\"5380\" data-end=\"5383\" \/>\n<h3 data-start=\"5385\" data-end=\"5400\"><strong data-start=\"5389\" data-end=\"5400\">Notkun<\/strong><\/h3>\n<ul data-start=\"5401\" data-end=\"5681\">\n<li data-start=\"5401\" data-end=\"5471\">\n<p data-start=\"5403\" data-end=\"5471\">A\u00f0eins til notkunar af <strong data-start=\"5428\" data-end=\"5468\">h\u00e6ft starfsf\u00f3lk \u00ed ranns\u00f3knarstofunni<\/strong>.<\/p>\n<\/li>\n<li data-start=\"5472\" data-end=\"5557\">\n<p data-start=\"5474\" data-end=\"5557\">Kl\u00e6\u00f0ist vi\u00f0eigandi <strong data-start=\"5490\" data-end=\"5514\">hl\u00edf\u00f0arb\u00fana\u00f0ur<\/strong> (hanskar, \u00f6ryggisgleraugu, gr\u00edma).<\/p>\n<\/li>\n<li data-start=\"5558\" data-end=\"5622\">\n<p data-start=\"5560\" data-end=\"5622\">Spara\u00f0u \u00e1 <strong data-start=\"5575\" data-end=\"5609\">kaldur, \u00feurr og dimmur sta\u00f0ur<\/strong> (15\u201325\u00b0C).<\/p>\n<\/li>\n<li data-start=\"5623\" data-end=\"5681\">\n<p data-start=\"5625\" data-end=\"5681\">Ekki hentugt til neyslu manna e\u00f0a d\u00fdra.<\/p>\n<\/li>\n<\/ul>\n<hr data-start=\"5683\" data-end=\"5686\" \/>\n<h3 data-start=\"5688\" data-end=\"5723\"><strong data-start=\"5692\" data-end=\"5723\">Algengar spurningar (FAQs)<\/strong><\/h3>\n<p data-start=\"5725\" data-end=\"5908\"><strong data-start=\"5725\" data-end=\"5771\">1. Til hvers er LSZ L-tartrat nota\u00f0?<\/strong><br data-start=\"5771\" data-end=\"5774\" \/>LSZ L-tartrat er nota\u00f0 til <strong data-start=\"5809\" data-end=\"5854\">lyfjafr\u00e6\u00f0ilegar og taugaefnafr\u00e6\u00f0ilegar ranns\u00f3knir<\/strong> ser\u00f3t\u00f3n\u00ednvi\u00f0taka og l\u00fdsergam\u00ed\u00f0 hli\u00f0st\u00e6\u00f0ur.<\/p>\n<p data-start=\"5910\" data-end=\"6087\"><strong data-start=\"5910\" data-end=\"5965\">2. Er LSZ L-tartrat \u00f6ruggt til notkunar fyrir menn?<\/strong><br data-start=\"5965\" data-end=\"5968\" \/>Nei. \u00deessi vara er <strong data-start=\"5988\" data-end=\"6037\">eing\u00f6ngu \u00e6tla\u00f0 til ranns\u00f3knar<\/strong> og ekki sam\u00feykkt til manneldis.<\/p>\n<p data-start=\"6089\" data-end=\"6249\"><strong data-start=\"6089\" data-end=\"6135\">3. Hvernig \u00e1 a\u00f0 geyma LSZ L-tartrat?<\/strong><br data-start=\"6135\" data-end=\"6138\" \/>Geymi\u00f0 \u00ed <strong data-start=\"6153\" data-end=\"6183\">vel innsiglu\u00f0 umb\u00fa\u00f0ir<\/strong> \u00e1 <strong data-start=\"6191\" data-end=\"6214\">kaldur, \u00feurr sta\u00f0ur<\/strong>, vari\u00f0 gegn lj\u00f3si og raka.<\/p>\n<p><span dir=\"auto\" style=\"vertical-align: inherit;\"><span dir=\"auto\" style=\"vertical-align: inherit;\">. <\/span><\/span><a href=\"https:\/\/researchchemicalhub.com\/is\/bud\/iboga-ibogain\/iboga-rotarborkur\/\"><span dir=\"auto\" style=\"vertical-align: inherit;\"><span dir=\"auto\" style=\"vertical-align: inherit;\">Iboga r\u00f3tarb\u00f6rkur<\/span><\/span><\/a><a href=\"https:\/\/researchchemicalhub.com\/is\/bud\/iboga-ibogain\/kaupa-ibogaine-hcl-a-netinu\/\"><span dir=\"auto\" style=\"vertical-align: inherit;\"><span dir=\"auto\" style=\"vertical-align: inherit;\">kaupa ibogaine hcl \u00e1 netinu<\/span><\/span><\/a><a href=\"https:\/\/researchchemicalhub.com\/is\/bud\/lysergamid\/1cp-lsd\/\"><span dir=\"auto\" style=\"vertical-align: inherit;\"><span dir=\"auto\" style=\"vertical-align: inherit;\">1cp lsd <\/span><\/span><\/a><a href=\"https:\/\/researchchemicalhub.com\/is\/bud\/pellets\/o-dsmt-50-mg-kulur\/\"><span dir=\"auto\" style=\"vertical-align: inherit;\"><span dir=\"auto\" style=\"vertical-align: inherit;\">o-dsmt <\/span><\/span><\/a><a href=\"https:\/\/researchchemicalhub.com\/is\/bud\/lysergamid\/1vlsd\/\"><span dir=\"auto\" style=\"vertical-align: inherit;\"><span dir=\"auto\" style=\"vertical-align: inherit;\">1vlsd<\/span><\/span><\/a><\/p>","protected":false},"excerpt":{"rendered":"<h3><span style=\"vertical-align: inherit;\"><span style=\"vertical-align: inherit;\"><span dir=\"auto\" style=\"vertical-align: inherit;\"><span dir=\"auto\" style=\"vertical-align: inherit;\">Eiginleikar LSZ L-tartrats<\/span><\/span><\/span><\/span><\/h3>\n<p><strong><span style=\"vertical-align: inherit;\"><span style=\"vertical-align: inherit;\"><span dir=\"auto\" style=\"vertical-align: inherit;\"><span dir=\"auto\" style=\"vertical-align: inherit;\">Samheiti:<\/span><\/span><\/span><\/span><\/strong><span style=\"vertical-align: inherit;\"><span style=\"vertical-align: inherit;\"><span dir=\"auto\" style=\"vertical-align: inherit;\"><span dir=\"auto\" style=\"vertical-align: inherit;\"> l\u00fdserg\u00edns\u00fdru 2,4-d\u00edmet\u00fdlaset\u00ed\u00f0 hemi-L-tartrat <\/span><\/span><\/span><\/span><br \/>\n<strong><span style=\"vertical-align: inherit;\"><span style=\"vertical-align: inherit;\"><span dir=\"auto\" style=\"vertical-align: inherit;\"><span dir=\"auto\" style=\"vertical-align: inherit;\">CAS-n\u00famer:<\/span><\/span><\/span><\/span><\/strong><span style=\"vertical-align: inherit;\"><span style=\"vertical-align: inherit;\"><span dir=\"auto\" style=\"vertical-align: inherit;\"><span dir=\"auto\" style=\"vertical-align: inherit;\"> 470666-32-1 <\/span><\/span><\/span><\/span><br \/>\n<strong><span style=\"vertical-align: inherit;\"><span style=\"vertical-align: inherit;\"><span dir=\"auto\" style=\"vertical-align: inherit;\"><span dir=\"auto\" style=\"vertical-align: inherit;\">Form\u00fala:<\/span><\/span><\/span><\/span><\/strong><span style=\"vertical-align: inherit;\"><span style=\"vertical-align: inherit;\"><span dir=\"auto\" style=\"vertical-align: inherit;\"><span dir=\"auto\" style=\"vertical-align: inherit;\"> ((2S,4S)-2,4-d\u00edmet\u00fdlaset\u00edd\u00edn-1-\u00fdl+*(8\u03b2)-6-met\u00fdl-9,10-d\u00edd\u00edh\u00fddr\u00f3erg\u00f3l\u00edn-8-\u00fdl+metan\u00f3n <\/span><\/span><\/span><\/span><br \/>\n<strong><span style=\"vertical-align: inherit;\"><span style=\"vertical-align: inherit;\"><span dir=\"auto\" style=\"vertical-align: inherit;\"><span dir=\"auto\" style=\"vertical-align: inherit;\">M\u00f3lmassi:<\/span><\/span><\/span><\/span><\/strong><span style=\"vertical-align: inherit;\"><span style=\"vertical-align: inherit;\"><span dir=\"auto\" style=\"vertical-align: inherit;\"><span dir=\"auto\" style=\"vertical-align: inherit;\"> 410,5 g\/m\u00f3l <\/span><\/span><\/span><\/span><br \/>\n<strong><span style=\"vertical-align: inherit;\"><span style=\"vertical-align: inherit;\"><span dir=\"auto\" style=\"vertical-align: inherit;\"><span dir=\"auto\" style=\"vertical-align: inherit;\">Hreinleiki:<\/span><\/span><\/span><\/span><\/strong><span style=\"vertical-align: inherit;\"><span style=\"vertical-align: inherit;\"><span dir=\"auto\" style=\"vertical-align: inherit;\"><span dir=\"auto\" style=\"vertical-align: inherit;\"> &gt;97%<\/span><\/span><\/span><\/span><\/p>","protected":false},"featured_media":20489,"comment_status":"closed","ping_status":"closed","template":"","meta":[],"product_brand":[82],"product_cat":[366,358],"product_tag":[775,326],"class_list":{"0":"post-23573","1":"product","2":"type-product","3":"status-publish","4":"has-post-thumbnail","6":"product_brand-research-chemical","7":"product_cat-lsz","8":"product_cat-lysergamides","9":"product_tag-lsz","10":"product_tag-nl","12":"first","13":"instock","14":"taxable","15":"shipping-taxable","16":"purchasable","17":"product-type-variable"},"_links":{"self":[{"href":"https:\/\/researchchemicalhub.com\/is\/wp-json\/wp\/v2\/product\/23573","targetHints":{"allow":["GET"]}}],"collection":[{"href":"https:\/\/researchchemicalhub.com\/is\/wp-json\/wp\/v2\/product"}],"about":[{"href":"https:\/\/researchchemicalhub.com\/is\/wp-json\/wp\/v2\/types\/product"}],"replies":[{"embeddable":true,"href":"https:\/\/researchchemicalhub.com\/is\/wp-json\/wp\/v2\/comments?post=23573"}],"version-history":[{"count":5,"href":"https:\/\/researchchemicalhub.com\/is\/wp-json\/wp\/v2\/product\/23573\/revisions"}],"predecessor-version":[{"id":28011,"href":"https:\/\/researchchemicalhub.com\/is\/wp-json\/wp\/v2\/product\/23573\/revisions\/28011"}],"wp:featuredmedia":[{"embeddable":true,"href":"https:\/\/researchchemicalhub.com\/is\/wp-json\/wp\/v2\/media\/20489"}],"wp:attachment":[{"href":"https:\/\/researchchemicalhub.com\/is\/wp-json\/wp\/v2\/media?parent=23573"}],"wp:term":[{"taxonomy":"product_brand","embeddable":true,"href":"https:\/\/researchchemicalhub.com\/is\/wp-json\/wp\/v2\/product_brand?post=23573"},{"taxonomy":"product_cat","embeddable":true,"href":"https:\/\/researchchemicalhub.com\/is\/wp-json\/wp\/v2\/product_cat?post=23573"},{"taxonomy":"product_tag","embeddable":true,"href":"https:\/\/researchchemicalhub.com\/is\/wp-json\/wp\/v2\/product_tag?post=23573"}],"curies":[{"name":"wp","href":"https:\/\/api.w.org\/{rel}","templated":true}]}}