{"id":23521,"date":"2025-04-13T17:39:53","date_gmt":"2025-04-13T17:39:53","guid":{"rendered":"https:\/\/researchchemicalhub.com\/?post_type=product&#038;p=23521"},"modified":"2025-10-19T20:26:41","modified_gmt":"2025-10-19T20:26:41","slug":"dyfifumarat","status":"publish","type":"product","link":"https:\/\/researchchemicalhub.com\/is\/bud\/idyfur\/dyfifumarat\/","title":{"rendered":"DiPT f\u00famarat (N,N-d\u00ed\u00eds\u00f3pr\u00f3p\u00fdltryptam\u00edn)"},"content":{"rendered":"<h1><strong>DiPT f\u00famarat \u2013 N,N-d\u00ed\u00eds\u00f3pr\u00f3p\u00fdltryptam\u00edn af ranns\u00f3knarhreinleika<\/strong><\/h1>\n<p data-start=\"3972\" data-end=\"4152\"><strong data-start=\"3972\" data-end=\"4017\">DiPT f\u00famarat (N,N-d\u00ed\u00eds\u00f3pr\u00f3p\u00fdltryptam\u00edn)<\/strong> er <strong data-start=\"4025\" data-end=\"4067\">ranns\u00f3knarefni me\u00f0 mikilli hreinleika<\/strong>, hanna\u00f0 fyrir <strong data-start=\"4084\" data-end=\"4149\">taugav\u00edsindalegar, lyfjafr\u00e6\u00f0ilegar og greiningarranns\u00f3knir<\/strong>. <span class=\"___SBox_epc1q-ko_ ___SText_zko9t-ko_\" data-ui-name=\"Link.Text\">d\u00fdfif\u00famarat<\/span><\/p>\n<p data-start=\"4154\" data-end=\"4506\">Ef <strong data-start=\"4158\" data-end=\"4231\">D\u00ed\u00eds\u00f3pr\u00f3p\u00fdl-skipt hli\u00f0st\u00e6\u00f0a af DMT (N,N-d\u00edmet\u00fdltryptam\u00edn)<\/strong> Tilheyrir DiPT <strong data-start=\"4252\" data-end=\"4272\">tryptam\u00ednflokkur<\/strong> og er veri\u00f0 a\u00f0 rannsaka vegna \u00feess <strong data-start=\"4310\" data-end=\"4368\">virkni ser\u00f3t\u00f3n\u00ednvi\u00f0taka (5-HT2A, 5-HT2C, 5-HT1A)<\/strong>\u00deetta gerir \u00feetta a\u00f0 mikilv\u00e6gri tengingu fyrir <strong data-start=\"4418\" data-end=\"4459\">tengsl milli byggingar og virkni (SAR)<\/strong>-til ranns\u00f3kna <strong data-start=\"4473\" data-end=\"4503\">ranns\u00f3knir \u00e1 bindingarskyldu<\/strong>.<\/p>\n<p data-start=\"4508\" data-end=\"4687\">Hinn <strong data-start=\"4511\" data-end=\"4531\">f\u00famaratsaltform<\/strong> kve\u00f0ur \u00e1 um <strong data-start=\"4543\" data-end=\"4606\">betri efnafr\u00e6\u00f0ilegur st\u00f6\u00f0ugleiki, leysni og geymslu\u00feol<\/strong>, sem er nau\u00f0synlegt fyrir n\u00e1kv\u00e6mar ranns\u00f3knarstofupr\u00f3fanir og langt\u00edmageymslu.<\/p>\n<blockquote data-start=\"4689\" data-end=\"4840\">\n<p data-start=\"4691\" data-end=\"4840\">\u26a0\ufe0f <strong data-start=\"4694\" data-end=\"4705\">Athugi\u00f0:<\/strong> \u00deessi vara er <strong data-start=\"4721\" data-end=\"4776\">eing\u00f6ngu \u00e6tla\u00f0 til v\u00edsindaranns\u00f3kna<\/strong> og <strong data-start=\"4780\" data-end=\"4837\">ekki hentugt til neyslu manna e\u00f0a d\u00fdra<\/strong>.<\/p>\n<\/blockquote>\n<hr data-start=\"4842\" data-end=\"4845\" \/>\n<h3 data-start=\"4847\" data-end=\"4878\"><strong data-start=\"4851\" data-end=\"4878\">Lykilatri\u00f0i<\/strong><\/h3>\n<ul data-start=\"4879\" data-end=\"5290\">\n<li data-start=\"4879\" data-end=\"4954\">\n<p data-start=\"4881\" data-end=\"4954\"><strong data-start=\"4881\" data-end=\"4907\">Mikil hreinleiki (\u226599%)<\/strong> \u2013 Athuga\u00f0 me\u00f0 HPLC, NMR og MS greiningu.<\/p>\n<\/li>\n<li data-start=\"4955\" data-end=\"5028\">\n<p data-start=\"4957\" data-end=\"5028\"><strong data-start=\"4957\" data-end=\"4986\">St\u00f6\u00f0ugt f\u00famaratsaltform<\/strong> - Eykur geymslu\u00feol og st\u00f6\u00f0ugleika.<\/p>\n<\/li>\n<li data-start=\"5029\" data-end=\"5116\">\n<p data-start=\"5031\" data-end=\"5116\"><strong data-start=\"5031\" data-end=\"5070\">Lyfjafr\u00e6\u00f0ileg ranns\u00f3knarsta\u00f0all<\/strong> \u2013 Hentar fyrir vi\u00f0taka- og SAR-ranns\u00f3knir.<\/p>\n<\/li>\n<li data-start=\"5117\" data-end=\"5194\">\n<p data-start=\"5119\" data-end=\"5194\"><strong data-start=\"5119\" data-end=\"5144\">GMP-l\u00edk framlei\u00f0sla<\/strong> \u2013 Samr\u00e6md g\u00e6\u00f0i og endurtekningarh\u00e6fni.<\/p>\n<\/li>\n<li data-start=\"5195\" data-end=\"5290\">\n<p data-start=\"5197\" data-end=\"5290\"><strong data-start=\"5197\" data-end=\"5219\">\u00d6ruggar umb\u00fa\u00f0ir<\/strong> \u2013 Pakka\u00f0 loft\u00fe\u00e9tt og lj\u00f3s\u00feoli\u00f0 til a\u00f0 verjast ni\u00f0urbroti.<\/p>\n<\/li>\n<\/ul>\n<hr data-start=\"5292\" data-end=\"5295\" \/>\n<h3 data-start=\"5297\" data-end=\"5314\"><strong data-start=\"5301\" data-end=\"5314\">Kostir<\/strong><\/h3>\n<ul data-start=\"5315\" data-end=\"5612\">\n<li data-start=\"5315\" data-end=\"5395\">\n<p data-start=\"5317\" data-end=\"5395\">Sty\u00f0ur <strong data-start=\"5329\" data-end=\"5392\">Ranns\u00f3knir \u00e1 ser\u00f3t\u00f3n\u00ednvi\u00f0t\u00f6kum og tryptam\u00ednhli\u00f0st\u00e6\u00f0um<\/strong>.<\/p>\n<\/li>\n<li data-start=\"5396\" data-end=\"5456\">\n<p data-start=\"5398\" data-end=\"5456\"><strong data-start=\"5398\" data-end=\"5453\">N\u00e1kv\u00e6mar og endurtakanlegar ranns\u00f3knarni\u00f0urst\u00f6\u00f0ur<\/strong>.<\/p>\n<\/li>\n<li data-start=\"5457\" data-end=\"5538\">\n<p data-start=\"5459\" data-end=\"5538\"><strong data-start=\"5459\" data-end=\"5502\">B\u00e6tt st\u00f6\u00f0ugleiki og leysni<\/strong> samanbori\u00f0 vi\u00f0 frj\u00e1lsa basaformi\u00f0.<\/p>\n<\/li>\n<li data-start=\"5539\" data-end=\"5612\">\n<p data-start=\"5541\" data-end=\"5612\">Hentar fyrir <strong data-start=\"5555\" data-end=\"5609\">fr\u00e6\u00f0ilegar, lyfjafr\u00e6\u00f0ilegar og greiningarranns\u00f3knir<\/strong>.<\/p>\n<\/li>\n<\/ul>\n<hr data-start=\"5614\" data-end=\"5617\" \/>\n<h3 data-start=\"5619\" data-end=\"5634\"><strong data-start=\"5623\" data-end=\"5634\">Notkun<\/strong><\/h3>\n<ul data-start=\"5635\" data-end=\"5906\">\n<li data-start=\"5635\" data-end=\"5705\">\n<p data-start=\"5637\" data-end=\"5705\">A\u00f0eins til notkunar af <strong data-start=\"5662\" data-end=\"5702\">h\u00e6ft starfsf\u00f3lk \u00ed ranns\u00f3knarstofunni<\/strong>.<\/p>\n<\/li>\n<li data-start=\"5706\" data-end=\"5782\">\n<p data-start=\"5708\" data-end=\"5782\">Noti\u00f0 vi\u00f0eigandi <strong data-start=\"5726\" data-end=\"5750\">hl\u00edf\u00f0arb\u00fana\u00f0ur<\/strong> (hanskar, hl\u00edf\u00f0argleraugu, ranns\u00f3knarstofusloppur).<\/p>\n<\/li>\n<li data-start=\"5783\" data-end=\"5847\">\n<p data-start=\"5785\" data-end=\"5847\">Spara\u00f0u \u00e1 <strong data-start=\"5800\" data-end=\"5834\">kaldur, \u00feurr og dimmur sta\u00f0ur<\/strong> (15\u201325\u00b0C).<\/p>\n<\/li>\n<li data-start=\"5848\" data-end=\"5906\">\n<p data-start=\"5850\" data-end=\"5906\">Ekki hentugt til neyslu manna e\u00f0a d\u00fdra.<\/p>\n<\/li>\n<\/ul>\n<hr data-start=\"5908\" data-end=\"5911\" \/>\n<h3 data-start=\"5913\" data-end=\"5948\"><strong data-start=\"5917\" data-end=\"5948\">Algengar spurningar (FAQs)<\/strong><\/h3>\n<p data-start=\"5950\" data-end=\"6142\"><strong data-start=\"5950\" data-end=\"5995\">1. Til hvers er DiPT f\u00famarat nota\u00f0?<\/strong><br data-start=\"5995\" data-end=\"5998\" \/>DiPT f\u00famarat er nota\u00f0 vi\u00f0 <strong data-start=\"6032\" data-end=\"6077\">lyfjafr\u00e6\u00f0ilegar og taugaefnafr\u00e6\u00f0ilegar ranns\u00f3knir<\/strong> ser\u00f3t\u00f3n\u00ednvi\u00f0taka og byggingarlega tryptam\u00edn hli\u00f0st\u00e6\u00f0ur.<\/p>\n<p data-start=\"6144\" data-end=\"6320\"><strong data-start=\"6144\" data-end=\"6198\">2. Er DiPT f\u00famarat \u00f6ruggt fyrir menn?<\/strong><br data-start=\"6198\" data-end=\"6201\" \/>Nei. \u00deessi vara er <strong data-start=\"6221\" data-end=\"6270\">eing\u00f6ngu \u00e6tla\u00f0 til ranns\u00f3knar<\/strong> og ekki sam\u00feykkt til manneldis.<\/p>\n<p data-start=\"6322\" data-end=\"6489\"><strong data-start=\"6322\" data-end=\"6367\">3. Hvernig \u00e1 a\u00f0 geyma DiPT f\u00famarat?<\/strong><br data-start=\"6367\" data-end=\"6370\" \/>Geymi\u00f0 \u00ed <strong data-start=\"6385\" data-end=\"6415\">vel innsiglu\u00f0 umb\u00fa\u00f0ir<\/strong> vi\u00f0 stofuhita (15\u201325\u00b0C), vari\u00f0 gegn raka, hita og lj\u00f3si.<\/p>","protected":false},"excerpt":{"rendered":"<h3><span data-sheets-value=\"{\" data-sheets-userformat=\"{\"><span style=\"vertical-align: inherit;\"><span style=\"vertical-align: inherit;\">DiPT fumarate properties<\/span><\/span><\/span><\/h3>\n<p><strong><span style=\"vertical-align: inherit;\"><span style=\"vertical-align: inherit;\">Synonym:<\/span><\/span><\/strong><span style=\"vertical-align: inherit;\"><span style=\"vertical-align: inherit;\"> N,N-diisopropyltryptamine fumarate <\/span><\/span><br \/>\n<strong><span style=\"vertical-align: inherit;\"><span style=\"vertical-align: inherit;\">CAS Number:<\/span><\/span><\/strong><span style=\"vertical-align: inherit;\"><span style=\"vertical-align: inherit;\"> 14780-24-6 <\/span><\/span><br \/>\n<strong><span style=\"vertical-align: inherit;\"><span style=\"vertical-align: inherit;\">Formula:<\/span><\/span><\/strong><span style=\"vertical-align: inherit;\"><span style=\"vertical-align: inherit;\"> 3-[2-(diisopropylamino)ethyl]-1H-indole fumarate <\/span><\/span><br \/>\n<strong><span style=\"vertical-align: inherit;\"><span style=\"vertical-align: inherit;\">Molar Mass:<\/span><\/span><\/strong><span style=\"vertical-align: inherit;\"><span style=\"vertical-align: inherit;\"> 360.5 g\/mol <\/span><\/span><br \/>\n<strong><span style=\"vertical-align: inherit;\"><span style=\"vertical-align: inherit;\">Purity:<\/span><\/span><\/strong><span style=\"vertical-align: inherit;\"><span style=\"vertical-align: inherit;\"> &gt;97%<\/span><\/span><\/p>\n","protected":false},"featured_media":20404,"comment_status":"closed","ping_status":"closed","template":"","meta":[],"product_brand":[],"product_cat":[510,381],"product_tag":[1171,1172,326],"class_list":{"0":"post-23521","1":"product","2":"type-product","3":"status-publish","4":"has-post-thumbnail","6":"product_cat-dipt","7":"product_cat-tryptamines","8":"product_tag-dipt-fumarate","9":"product_tag-dipt-fumarate-kopen","10":"product_tag-nl","12":"first","13":"instock","14":"taxable","15":"shipping-taxable","16":"purchasable","17":"product-type-variable"},"_links":{"self":[{"href":"https:\/\/researchchemicalhub.com\/is\/wp-json\/wp\/v2\/product\/23521","targetHints":{"allow":["GET"]}}],"collection":[{"href":"https:\/\/researchchemicalhub.com\/is\/wp-json\/wp\/v2\/product"}],"about":[{"href":"https:\/\/researchchemicalhub.com\/is\/wp-json\/wp\/v2\/types\/product"}],"replies":[{"embeddable":true,"href":"https:\/\/researchchemicalhub.com\/is\/wp-json\/wp\/v2\/comments?post=23521"}],"version-history":[{"count":4,"href":"https:\/\/researchchemicalhub.com\/is\/wp-json\/wp\/v2\/product\/23521\/revisions"}],"predecessor-version":[{"id":28031,"href":"https:\/\/researchchemicalhub.com\/is\/wp-json\/wp\/v2\/product\/23521\/revisions\/28031"}],"wp:featuredmedia":[{"embeddable":true,"href":"https:\/\/researchchemicalhub.com\/is\/wp-json\/wp\/v2\/media\/20404"}],"wp:attachment":[{"href":"https:\/\/researchchemicalhub.com\/is\/wp-json\/wp\/v2\/media?parent=23521"}],"wp:term":[{"taxonomy":"product_brand","embeddable":true,"href":"https:\/\/researchchemicalhub.com\/is\/wp-json\/wp\/v2\/product_brand?post=23521"},{"taxonomy":"product_cat","embeddable":true,"href":"https:\/\/researchchemicalhub.com\/is\/wp-json\/wp\/v2\/product_cat?post=23521"},{"taxonomy":"product_tag","embeddable":true,"href":"https:\/\/researchchemicalhub.com\/is\/wp-json\/wp\/v2\/product_tag?post=23521"}],"curies":[{"name":"wp","href":"https:\/\/api.w.org\/{rel}","templated":true}]}}