{"id":23497,"date":"2025-04-13T17:39:53","date_gmt":"2025-04-13T17:39:53","guid":{"rendered":"https:\/\/researchchemicalhub.com\/?post_type=product&#038;p=23497"},"modified":"2025-10-30T09:23:01","modified_gmt":"2025-10-30T09:23:01","slug":"5-meo-dmt-freebase","status":"publish","type":"product","link":"https:\/\/researchchemicalhub.com\/is\/shop\/5-meo-dmt-kopen\/5-meo-dmt-freebase\/","title":{"rendered":"5-MeO-DMT fr\u00edtt basa"},"content":{"rendered":"<h3><strong><span dir=\"auto\" style=\"vertical-align: inherit;\"><span dir=\"auto\" style=\"vertical-align: inherit;\">5-MeO-DMT Freebase \u2013 V\u00edsindaleg v\u00f6ruuppl\u00fdsingar<\/span><\/span><\/strong><\/h3>\n<p data-start=\"4033\" data-end=\"4225\"><strong data-start=\"4033\" data-end=\"4090\">5-MeO-DMT fr\u00edbasi (5-Metox\u00fd-N,N-d\u00edmet\u00fdltryptam\u00edn)<\/strong> er <strong data-start=\"4098\" data-end=\"4140\">ranns\u00f3knarefni me\u00f0 mikilli hreinleika<\/strong>, hanna\u00f0 fyrir <strong data-start=\"4157\" data-end=\"4222\">taugav\u00edsindalegar, lyfjafr\u00e6\u00f0ilegar og greiningarranns\u00f3knir<\/strong>. <span class=\"___SBox_epc1q-ko_ ___SText_zko9t-ko_\" data-ui-name=\"Link.Text\">5 meo dmt fr\u00edtt<\/span><\/p>\n<p data-start=\"4227\" data-end=\"4608\">\u00dea\u00f0 er <strong data-start=\"4238\" data-end=\"4279\">n\u00e1tt\u00farulegt ind\u00f3lalkal\u00f3\u00ed\u00f0<\/strong>, tengt <strong data-start=\"4293\" data-end=\"4300\">DMT<\/strong>, og tilheyrir <strong data-start=\"4320\" data-end=\"4340\">tryptam\u00ednflokkur<\/strong>. Me\u00f0 \u00fev\u00ed a\u00f0 <strong data-start=\"4350\" data-end=\"4389\">metox\u00fdskiptingu \u00ed 5-st\u00f6\u00f0u<\/strong> \u00e1 ind\u00f3lhringnum s\u00fdnir 5-MeO-DMT einstaka eiginleika <strong data-start=\"4434\" data-end=\"4500\">bindingareiginleikar vi\u00f0 ser\u00f3t\u00f3n\u00ednvi\u00f0taka (5-HT1A og 5-HT2A)<\/strong>sem gerir \u00fea\u00f0 a\u00f0 ver\u00f0m\u00e6tu ranns\u00f3knarverkf\u00e6ri fyrir <strong data-start=\"4556\" data-end=\"4597\">tengsl milli byggingar og virkni (SAR)<\/strong>-n\u00e1m.<\/p>\n<p data-start=\"4610\" data-end=\"4776\">Hinn <strong data-start=\"4613\" data-end=\"4629\">fr\u00edtt ey\u00f0ubla\u00f0<\/strong> b\u00fd\u00f0ur upp \u00e1 bestu m\u00f6gulegu <strong data-start=\"4645\" data-end=\"4686\">efnafr\u00e6\u00f0ileg hreinleiki og leysni<\/strong>, tilvali\u00f0 fyrir st\u00fdr\u00f0ar ranns\u00f3knarstofutilraunir og greiningartilv\u00edsunarranns\u00f3knir.<\/p>\n<blockquote data-start=\"4778\" data-end=\"4929\">\n<p data-start=\"4780\" data-end=\"4929\">\u26a0\ufe0f <strong data-start=\"4783\" data-end=\"4794\">Athugi\u00f0:<\/strong> \u00deessi vara er <strong data-start=\"4810\" data-end=\"4865\">eing\u00f6ngu \u00e6tla\u00f0 til v\u00edsindaranns\u00f3kna<\/strong> og <strong data-start=\"4869\" data-end=\"4926\">ekki hentugt til neyslu manna e\u00f0a d\u00fdra<\/strong>.<\/p>\n<\/blockquote>\n<hr data-start=\"4931\" data-end=\"4934\" \/>\n<h3 data-start=\"4936\" data-end=\"4967\"><strong data-start=\"4940\" data-end=\"4967\">Lykilatri\u00f0i<\/strong><\/h3>\n<ul data-start=\"4968\" data-end=\"5398\">\n<li data-start=\"4968\" data-end=\"5066\">\n<p data-start=\"4970\" data-end=\"5066\"><strong data-start=\"4970\" data-end=\"4996\">Mikil hreinleiki (\u226599%)<\/strong> \u2013 Pr\u00f3fa\u00f0 \u00ed ranns\u00f3knarstofu til a\u00f0 kanna au\u00f0kenni, st\u00f6\u00f0ugleika og samsetningu. <span class=\"___SBox_epc1q-ko_ ___SText_zko9t-ko_\" data-ui-name=\"Link.Text\">5 meo dmt fr\u00edtt<\/span><\/p>\n<\/li>\n<li data-start=\"5067\" data-end=\"5154\">\n<p data-start=\"5069\" data-end=\"5154\"><strong data-start=\"5069\" data-end=\"5108\">Lyfjafr\u00e6\u00f0ileg ranns\u00f3knarsta\u00f0all<\/strong> \u2013 Hentar fyrir vi\u00f0taka- og SAR-ranns\u00f3knir.<\/p>\n<\/li>\n<li data-start=\"5155\" data-end=\"5234\">\n<p data-start=\"5157\" data-end=\"5234\"><strong data-start=\"5157\" data-end=\"5173\">Freebase ey\u00f0ubla\u00f0<\/strong> \u2013 Bj\u00f3\u00f0ar upp \u00e1 h\u00e1marks fj\u00f6lh\u00e6fni fyrir greiningarranns\u00f3knir.<\/p>\n<\/li>\n<li data-start=\"5235\" data-end=\"5317\">\n<p data-start=\"5237\" data-end=\"5317\"><strong data-start=\"5237\" data-end=\"5262\">GMP-l\u00edk framlei\u00f0sla<\/strong> \u2013 Trygg\u00f0 samr\u00e6mi og endurtekningarh\u00e6fni.<\/p>\n<\/li>\n<li data-start=\"5318\" data-end=\"5398\">\n<p data-start=\"5320\" data-end=\"5398\"><strong data-start=\"5320\" data-end=\"5342\">\u00d6ruggar umb\u00fa\u00f0ir<\/strong> \u2013 Loft\u00fe\u00e9tt og lj\u00f3s\u00fe\u00e9tt fyrir bestu m\u00f6gulegu v\u00f6rn.<\/p>\n<\/li>\n<\/ul>\n<hr data-start=\"5400\" data-end=\"5403\" \/>\n<h3 data-start=\"5405\" data-end=\"5422\"><strong data-start=\"5409\" data-end=\"5422\">Kostir<\/strong><\/h3>\n<ul data-start=\"5423\" data-end=\"5669\">\n<li data-start=\"5423\" data-end=\"5503\">\n<p data-start=\"5425\" data-end=\"5503\">Sty\u00f0ur <strong data-start=\"5437\" data-end=\"5500\">Ranns\u00f3knir \u00e1 ser\u00f3t\u00f3n\u00ednvi\u00f0t\u00f6kum og tryptam\u00ednhli\u00f0st\u00e6\u00f0um<\/strong>.<\/p>\n<\/li>\n<li data-start=\"5504\" data-end=\"5566\">\n<p data-start=\"5506\" data-end=\"5566\">Hentar fyrir <strong data-start=\"5520\" data-end=\"5563\">lyfjafr\u00e6\u00f0ilegar og l\u00edfefnafr\u00e6\u00f0ilegar ranns\u00f3knir<\/strong>.<\/p>\n<\/li>\n<li data-start=\"5567\" data-end=\"5615\">\n<p data-start=\"5569\" data-end=\"5615\"><strong data-start=\"5569\" data-end=\"5612\">Fr\u00e1b\u00e6r leysni og hreinleiki<\/strong>.<\/p>\n<\/li>\n<li data-start=\"5616\" data-end=\"5669\">\n<p data-start=\"5618\" data-end=\"5669\">Tilvali\u00f0 fyrir <strong data-start=\"5630\" data-end=\"5666\">fr\u00e6\u00f0ileg og greiningarleg notkun<\/strong>.<\/p>\n<\/li>\n<\/ul>\n<hr data-start=\"5671\" data-end=\"5674\" \/>\n<h3 data-start=\"5676\" data-end=\"5691\"><strong data-start=\"5680\" data-end=\"5691\">Notkun<\/strong><\/h3>\n<ul data-start=\"5692\" data-end=\"5963\">\n<li data-start=\"5692\" data-end=\"5762\">\n<p data-start=\"5694\" data-end=\"5762\">A\u00f0eins til notkunar af <strong data-start=\"5719\" data-end=\"5759\">h\u00e6ft starfsf\u00f3lk \u00ed ranns\u00f3knarstofunni<\/strong>.<\/p>\n<\/li>\n<li data-start=\"5763\" data-end=\"5839\">\n<p data-start=\"5765\" data-end=\"5839\">Noti\u00f0 vi\u00f0eigandi <strong data-start=\"5783\" data-end=\"5807\">hl\u00edf\u00f0arb\u00fana\u00f0ur<\/strong> (hanskar, hl\u00edf\u00f0argleraugu, ranns\u00f3knarstofusloppur).<\/p>\n<\/li>\n<li data-start=\"5840\" data-end=\"5904\">\n<p data-start=\"5842\" data-end=\"5904\">Spara\u00f0u \u00e1 <strong data-start=\"5857\" data-end=\"5891\">kaldur, \u00feurr og dimmur sta\u00f0ur<\/strong> (15\u201325\u00b0C).<\/p>\n<\/li>\n<li data-start=\"5905\" data-end=\"5963\">\n<p data-start=\"5907\" data-end=\"5963\">Ekki hentugt til neyslu manna e\u00f0a d\u00fdra.<\/p>\n<\/li>\n<\/ul>\n<hr data-start=\"5965\" data-end=\"5968\" \/>\n<h3 data-start=\"5970\" data-end=\"6005\"><strong data-start=\"5974\" data-end=\"6005\">Algengar spurningar (FAQs)<\/strong><\/h3>\n<p data-start=\"6007\" data-end=\"6187\"><strong data-start=\"6007\" data-end=\"6057\">1. Til hvers er 5-MeO-DMT Freebase nota\u00f0?<\/strong><br data-start=\"6057\" data-end=\"6060\" \/>5-MeO-DMT er nota\u00f0 \u00ed <strong data-start=\"6088\" data-end=\"6133\">lyfjafr\u00e6\u00f0ilegar og taugaefnafr\u00e6\u00f0ilegar ranns\u00f3knir<\/strong> ser\u00f3t\u00f3n\u00ednvi\u00f0taka og byggingarlega hli\u00f0st\u00e6\u00f0ur \u00feeirra.<\/p>\n<p data-start=\"6189\" data-end=\"6370\"><strong data-start=\"6189\" data-end=\"6248\">2. Er 5-MeO-DMT Freebase \u00f6ruggt fyrir manneskjur?<\/strong><br data-start=\"6248\" data-end=\"6251\" \/>Nei. \u00deessi vara er <strong data-start=\"6271\" data-end=\"6320\">eing\u00f6ngu \u00e6tla\u00f0 til ranns\u00f3knar<\/strong> og ekki sam\u00feykkt til manneldis.<\/p>\n<p data-start=\"6372\" data-end=\"6544\"><strong data-start=\"6372\" data-end=\"6422\">3. Hvernig \u00e6tti a\u00f0 geyma 5-MeO-DMT Freebase?<\/strong><br data-start=\"6422\" data-end=\"6425\" \/>Geymi\u00f0 \u00ed <strong data-start=\"6440\" data-end=\"6470\">vel innsiglu\u00f0 umb\u00fa\u00f0ir<\/strong> vi\u00f0 stofuhita (15\u201325\u00b0C), vari\u00f0 gegn raka, hita og lj\u00f3si.<\/p>","protected":false},"excerpt":{"rendered":"<h3><span style=\"vertical-align: inherit;\"><span style=\"vertical-align: inherit;\"><span dir=\"auto\" style=\"vertical-align: inherit;\"><span dir=\"auto\" style=\"vertical-align: inherit;\">5-MeO-DMT freebase properties<\/span><\/span><\/span><\/span><\/h3>\n<p><strong><span style=\"vertical-align: inherit;\"><span style=\"vertical-align: inherit;\"><span dir=\"auto\" style=\"vertical-align: inherit;\"><span dir=\"auto\" style=\"vertical-align: inherit;\">Synonym:<\/span><\/span><\/span><\/span><\/strong><span style=\"vertical-align: inherit;\"><span style=\"vertical-align: inherit;\"><span dir=\"auto\" style=\"vertical-align: inherit;\"><span dir=\"auto\" style=\"vertical-align: inherit;\"> 5-methoxy-N,N-dimethyltryptamine <\/span><\/span><\/span><\/span><br \/>\n<strong><span style=\"vertical-align: inherit;\"><span style=\"vertical-align: inherit;\"><span dir=\"auto\" style=\"vertical-align: inherit;\"><span dir=\"auto\" style=\"vertical-align: inherit;\">CAS Number:<\/span><\/span><\/span><\/span><\/strong><span style=\"vertical-align: inherit;\"><span style=\"vertical-align: inherit;\"><span dir=\"auto\" style=\"vertical-align: inherit;\"><span dir=\"auto\" style=\"vertical-align: inherit;\"> 1019-45-0 <\/span><\/span><\/span><\/span><br \/>\n<strong><span style=\"vertical-align: inherit;\"><span style=\"vertical-align: inherit;\"><span dir=\"auto\" style=\"vertical-align: inherit;\"><span dir=\"auto\" style=\"vertical-align: inherit;\">Formula:<\/span><\/span><\/span><\/span><\/strong><span style=\"vertical-align: inherit;\"><span style=\"vertical-align: inherit;\"><span dir=\"auto\" style=\"vertical-align: inherit;\"><span dir=\"auto\" style=\"vertical-align: inherit;\"> 3-[2-(dimethylamino)ethyl]-5-methoxyindole <\/span><\/span><\/span><\/span><br \/>\n<strong><span style=\"vertical-align: inherit;\"><span style=\"vertical-align: inherit;\"><span dir=\"auto\" style=\"vertical-align: inherit;\"><span dir=\"auto\" style=\"vertical-align: inherit;\">Molar Mass:<\/span><\/span><\/span><\/span><\/strong><span style=\"vertical-align: inherit;\"><span style=\"vertical-align: inherit;\"><span dir=\"auto\" style=\"vertical-align: inherit;\"><span dir=\"auto\" style=\"vertical-align: inherit;\"> 218.3 g\/mol <\/span><\/span><\/span><\/span><br \/>\n<strong><span style=\"vertical-align: inherit;\"><span style=\"vertical-align: inherit;\"><span dir=\"auto\" style=\"vertical-align: inherit;\"><span dir=\"auto\" style=\"vertical-align: inherit;\">Purity:<\/span><\/span><\/span><\/span><\/strong><span style=\"vertical-align: inherit;\"><span style=\"vertical-align: inherit;\"><span dir=\"auto\" style=\"vertical-align: inherit;\"><span dir=\"auto\" style=\"vertical-align: inherit;\"> &gt;97%<\/span><\/span><\/span><\/span><\/p>\n","protected":false},"featured_media":28461,"comment_status":"closed","ping_status":"closed","template":"","meta":[],"product_brand":[],"product_cat":[511,381],"product_tag":[1164,624,326],"class_list":{"0":"post-23497","1":"product","2":"type-product","3":"status-publish","4":"has-post-thumbnail","6":"product_cat-5-meo-dmt-kopen","7":"product_cat-tryptamines","8":"product_tag-5-meo-dmt-freebase-kopen","9":"product_tag-5-meo-dmt-freebase","10":"product_tag-nl","12":"first","13":"instock","14":"taxable","15":"shipping-taxable","16":"purchasable","17":"product-type-variable"},"_links":{"self":[{"href":"https:\/\/researchchemicalhub.com\/is\/wp-json\/wp\/v2\/product\/23497","targetHints":{"allow":["GET"]}}],"collection":[{"href":"https:\/\/researchchemicalhub.com\/is\/wp-json\/wp\/v2\/product"}],"about":[{"href":"https:\/\/researchchemicalhub.com\/is\/wp-json\/wp\/v2\/types\/product"}],"replies":[{"embeddable":true,"href":"https:\/\/researchchemicalhub.com\/is\/wp-json\/wp\/v2\/comments?post=23497"}],"version-history":[{"count":5,"href":"https:\/\/researchchemicalhub.com\/is\/wp-json\/wp\/v2\/product\/23497\/revisions"}],"predecessor-version":[{"id":28025,"href":"https:\/\/researchchemicalhub.com\/is\/wp-json\/wp\/v2\/product\/23497\/revisions\/28025"}],"wp:featuredmedia":[{"embeddable":true,"href":"https:\/\/researchchemicalhub.com\/is\/wp-json\/wp\/v2\/media\/28461"}],"wp:attachment":[{"href":"https:\/\/researchchemicalhub.com\/is\/wp-json\/wp\/v2\/media?parent=23497"}],"wp:term":[{"taxonomy":"product_brand","embeddable":true,"href":"https:\/\/researchchemicalhub.com\/is\/wp-json\/wp\/v2\/product_brand?post=23497"},{"taxonomy":"product_cat","embeddable":true,"href":"https:\/\/researchchemicalhub.com\/is\/wp-json\/wp\/v2\/product_cat?post=23497"},{"taxonomy":"product_tag","embeddable":true,"href":"https:\/\/researchchemicalhub.com\/is\/wp-json\/wp\/v2\/product_tag?post=23497"}],"curies":[{"name":"wp","href":"https:\/\/api.w.org\/{rel}","templated":true}]}}