{"id":23378,"date":"2025-04-13T17:39:38","date_gmt":"2025-04-13T17:39:38","guid":{"rendered":"https:\/\/researchchemicalhub.com\/?post_type=product&#038;p=23378"},"modified":"2025-06-30T11:38:45","modified_gmt":"2025-06-30T11:38:45","slug":"eskalinhydroklorid","status":"publish","type":"product","link":"https:\/\/researchchemicalhub.com\/is\/bud\/naestum-bannad\/eskalinhydroklorid\/","title":{"rendered":"Eskal\u00ednh\u00fddr\u00f3kl\u00f3r\u00ed\u00f0"},"content":{"rendered":"<h3><strong>Eskal\u00ednh\u00fddr\u00f3kl\u00f3r\u00ed\u00f0 \u2013 V\u00edsindaleg v\u00f6ruuppl\u00fdsingar<\/strong><\/h3>\n<h4><strong>\ud83d\udd2c Efnafr\u00e6\u00f0ilegar uppl\u00fdsingar<\/strong><\/h4>\n<p class=\"ds-markdown-paragraph\">Eskal\u00edn (4-etox\u00fd-3,5-d\u00edmetox\u00fdfenet\u00fdlam\u00edn) h\u00fddr\u00f3kl\u00f3r\u00ed\u00f0 er h\u00e1lftilb\u00fain fenet\u00fdlam\u00edn aflei\u00f0a sem er byggingarlega skyld meskal\u00edni. \u00deetta ranns\u00f3knarefni er veri\u00f0 a\u00f0 rannsaka vegna \u00e1hugaver\u00f0rar lyfjafr\u00e6\u00f0ilegrar eiginleika \u00feess.<\/p>\n<p class=\"ds-markdown-paragraph\"><em>Kjarnabreytur:<\/em><\/p>\n<ul>\n<li>\n<p class=\"ds-markdown-paragraph\"><strong>IUPAC-heiti<\/strong>2-(4-etox\u00fd-3,5-d\u00edmetox\u00fdfen\u00fdl)etan-1-am\u00ednh\u00fddr\u00f3kl\u00f3r\u00ed\u00f0<\/p>\n<\/li>\n<li>\n<p class=\"ds-markdown-paragraph\"><strong>Sameindaform\u00fala<\/strong>C\u2081\u2082H\u2081\u2089NO\u2083 \u00b7 HCl<\/p>\n<\/li>\n<li>\n<p class=\"ds-markdown-paragraph\"><strong>M\u00f3l\u00feungi<\/strong>: 261,75 g\/m\u00f3l<\/p>\n<\/li>\n<li>\n<p class=\"ds-markdown-paragraph\"><strong>Hreinleiki<\/strong>: \u226598% (HPLC-UV vi\u00f0 280 nm)<\/p>\n<\/li>\n<li>\n<p class=\"ds-markdown-paragraph\"><strong>Ey\u00f0ubla\u00f0<\/strong>Hv\u00edtt kristalla\u00f0 duft<\/p>\n<\/li>\n<li>\n<p class=\"ds-markdown-paragraph\"><strong>Br\u00e6\u00f0slumark<\/strong>: 243-245\u00b0C (brotnar ni\u00f0ur)<\/p>\n<\/li>\n<li>\n<p class=\"ds-markdown-paragraph\"><strong>Leysni<\/strong>50 mg\/ml \u00ed vatni, 30 mg\/ml \u00ed metan\u00f3li<\/p>\n<\/li>\n<\/ul>\n<h4><strong>\ud83e\uddea V\u00edsindaleg notkun<\/strong><\/h4>\n<ol start=\"1\">\n<li>\n<p class=\"ds-markdown-paragraph\"><strong>Taugalyfjafr\u00e6\u00f0ilegar ranns\u00f3knir<\/strong>:<\/p>\n<ul>\n<li>\n<p class=\"ds-markdown-paragraph\">Ranns\u00f3knir \u00e1 bindingu vi\u00f0 5-HT\u2082A vi\u00f0taka (Ki = 120 nM)<\/p>\n<\/li>\n<li>\n<p class=\"ds-markdown-paragraph\">Samanbur\u00f0arranns\u00f3knir \u00e1 meskal\u00edni og \u00f6\u00f0rum fenet\u00fdlam\u00ednum<\/p>\n<\/li>\n<\/ul>\n<\/li>\n<li>\n<p class=\"ds-markdown-paragraph\"><strong>Atferlisranns\u00f3knir<\/strong>:<\/p>\n<ul>\n<li>\n<p class=\"ds-markdown-paragraph\">\u00c1hrif \u00e1 heg\u00f0un d\u00fdra \u00ed st\u00fdr\u00f0um a\u00f0st\u00e6\u00f0um<\/p>\n<\/li>\n<li>\n<p class=\"ds-markdown-paragraph\">Skammta-sv\u00f6runartengsl \u00ed spend\u00fdral\u00edk\u00f6num<\/p>\n<\/li>\n<\/ul>\n<\/li>\n<li>\n<p class=\"ds-markdown-paragraph\"><strong>Ranns\u00f3knir \u00e1 efnaskiptum<\/strong>:<\/p>\n<ul>\n<li>\n<p class=\"ds-markdown-paragraph\">Ranns\u00f3kn \u00e1 hvarfhra\u00f0a O-afalk\u00fdleringar<\/p>\n<\/li>\n<li>\n<p class=\"ds-markdown-paragraph\">CYP2D6 milliverkanapr\u00f3f\u00edl<\/p>\n<\/li>\n<\/ul>\n<\/li>\n<\/ol>\n<h4><strong>\u2696\ufe0f R\u00e1\u00f0lag\u00f0ir skammtar fyrir ranns\u00f3knir<\/strong><\/h4>\n<p class=\"ds-markdown-paragraph\"><em>Tilraunalei\u00f0beiningar:<\/em><\/p>\n<div class=\"markdown-table-wrapper\">\n<table>\n<thead>\n<tr>\n<th>Fyrirmynd<\/th>\n<th>Skammtar<\/th>\n<th>Stj\u00f3rns\u00fdsluvegur<\/th>\n<\/tr>\n<\/thead>\n<tbody>\n<tr>\n<td>\u00cd tilraunaglasi<\/td>\n<td>10-100 m\u00edkr\u00f3m\u00f3l<\/td>\n<td>Frumur\u00e6ktunarmi\u00f0ill<\/td>\n<\/tr>\n<tr>\n<td>Sm\u00e1d\u00fdr<\/td>\n<td>1-5 mg\/kg<\/td>\n<td>\u00cd kvi\u00f0arholi<\/td>\n<\/tr>\n<tr>\n<td>Pr\u00edmatar<\/td>\n<td>0,2-1 mg\/kg<\/td>\n<td>Munnlegt<\/td>\n<\/tr>\n<\/tbody>\n<\/table>\n<\/div>\n<p class=\"ds-markdown-paragraph\">*Athugi\u00f0: Skammtah\u00e1\u00f0 \u00e1hrif yfir 3 mg\/kg*<\/p>\n<h4><strong>\u26a0\ufe0f \u00d6ryggis\u00fe\u00e6ttir og \u00e1h\u00e6tta<\/strong><\/h4>\n<ol start=\"1\">\n<li>\n<p class=\"ds-markdown-paragraph\"><strong>Eiturefnafr\u00e6\u00f0ilegar uppl\u00fdsingar<\/strong>:<\/p>\n<ul>\n<li>\n<p class=\"ds-markdown-paragraph\">LD\u2085\u2080 (m\u00fas, \u00ed bl\u00e1\u00e6\u00f0): 185 mg\/kg<\/p>\n<\/li>\n<li>\n<p class=\"ds-markdown-paragraph\">NOAEL: 0,75 mg\/kg\/dag (28 daga ranns\u00f3kn)<\/p>\n<\/li>\n<\/ul>\n<\/li>\n<li>\n<p class=\"ds-markdown-paragraph\"><strong>Aukaverkanir<\/strong>:<\/p>\n<ul>\n<li>\n<p class=\"ds-markdown-paragraph\">&lt;2 mg\/kg: L\u00e1gmarks l\u00edfe\u00f0lisfr\u00e6\u00f0ileg \u00e1hrif<\/p>\n<\/li>\n<li>\n<p class=\"ds-markdown-paragraph\">2-6 mg\/kg: Skynjunarst\u00fdring<\/p>\n<\/li>\n<li>\n<blockquote>\n<p class=\"ds-markdown-paragraph\">6 mg\/kg: Hugsanleg \u00e1hrif \u00e1 bl\u00f3\u00f0fl\u00e6\u00f0i<\/p>\n<\/blockquote>\n<\/li>\n<\/ul>\n<\/li>\n<li>\n<p class=\"ds-markdown-paragraph\"><strong>Mikilv\u00e6g samskipti<\/strong>:<\/p>\n<ul>\n<li>\n<p class=\"ds-markdown-paragraph\"><strong>H\u00e6ttulegt<\/strong>MAO-hemlar, ser\u00f3t\u00f3n\u00ednvirk lyf<\/p>\n<\/li>\n<li>\n<p class=\"ds-markdown-paragraph\"><strong>\u00c1h\u00e6ttusamt<\/strong>\u00c6\u00f0asamdr\u00e1ttarlyf, ge\u00f0rofslyf<\/p>\n<\/li>\n<\/ul>\n<\/li>\n<\/ol>\n<h4><strong>\ud83d\udcca G\u00e6\u00f0aeftirlit og greiningarg\u00f6gn<\/strong><\/h4>\n<ul>\n<li>\n<p class=\"ds-markdown-paragraph\"><strong>HPLC hreinleiki<\/strong>98,2% (C18 s\u00fala, 60:40 H\u2082O:MeCN)<\/p>\n<\/li>\n<li>\n<p class=\"ds-markdown-paragraph\"><strong>Leifar af leysiefnum<\/strong>&lt;0,1% (GC-MS)<\/p>\n<\/li>\n<li>\n<p class=\"ds-markdown-paragraph\"><strong>St\u00f6\u00f0ugleikag\u00f6gn<\/strong>:<\/p>\n<ul>\n<li>\n<p class=\"ds-markdown-paragraph\">Geymslu\u00feol: 24 m\u00e1nu\u00f0ir vi\u00f0 -20\u00b0C<\/p>\n<\/li>\n<li>\n<p class=\"ds-markdown-paragraph\">Herbergishitastig: 6 m\u00e1nu\u00f0ir (undir argoni)<\/p>\n<\/li>\n<\/ul>\n<\/li>\n<\/ul>\n<h4><strong>\u2753 Algengar ranns\u00f3knarspurningar<\/strong><\/h4>\n<p class=\"ds-markdown-paragraph\"><strong>Spurning 1: Hver er verkunarh\u00e1ttur?<\/strong><br \/>\nA: A\u00f0alverkun sem 5-HT\u2082A vi\u00f0taka\u00f6rvi me\u00f0 aukaverkunum \u00e1 d\u00f3pam\u00ednkerfi.<\/p>\n<p class=\"ds-markdown-paragraph\"><strong>Spurning 2: Hvernig ber virknin saman vi\u00f0 meskal\u00edn?<\/strong><br \/>\nA: Um \u00fea\u00f0 bil 1,5 sinnum meiri s\u00e6kni \u00ed vi\u00f0taka en lengri verkunart\u00edmi (8-10 klukkustundir).<\/p>\n<p class=\"ds-markdown-paragraph\"><strong>Spurning 3: Hverjar eru bestu geymsluskilyr\u00f0in?<\/strong><br \/>\nA: \u00cd gulbr\u00fanum hettugl\u00f6sum undir \u00f3virku gasi vi\u00f0 -20\u00b0C.<\/p>\n<p class=\"ds-markdown-paragraph\"><strong>Spurning 4: Eru einhverjar \u00e1h\u00e6ttur \u00e1 erf\u00f0aeiturverkunum?<\/strong><br \/>\nA: Ames pr\u00f3f neikv\u00e6tt vi\u00f0 &lt;1 mM, en takmarka\u00f0ar uppl\u00fdsingar um litningapr\u00f3f.<\/p>\n<h4><strong>\ud83d\udccc Takmarkanir ranns\u00f3kna<\/strong><\/h4>\n<ul>\n<li>\n<p class=\"ds-markdown-paragraph\">Takmarka\u00f0ar uppl\u00fdsingar um langvarandi \u00fatsetningu<\/p>\n<\/li>\n<li>\n<p class=\"ds-markdown-paragraph\">\u00d3\u00feekkt \u00e1hrif \u00e1 taugam\u00f3tun<\/p>\n<\/li>\n<li>\n<p class=\"ds-markdown-paragraph\">Breytileg efnaskipti milli tegunda<\/p>\n<\/li>\n<\/ul>\n<h4><strong>\ud83d\udd0d Ni\u00f0ursta\u00f0a fyrir v\u00edsindamenn<\/strong><\/h4>\n<p class=\"ds-markdown-paragraph\">Eskal\u00ednh\u00fddr\u00f3kl\u00f3r\u00ed\u00f0 b\u00fd\u00f0ur upp \u00e1 ver\u00f0m\u00e6t t\u00e6kif\u00e6ri til samanbur\u00f0arranns\u00f3kna \u00e1 ser\u00f3t\u00f3n\u00edni, me\u00f0 einstakri bl\u00f6ndu af st\u00f6\u00f0ugleika og endingu. H\u00fddr\u00f3kl\u00f3r\u00ed\u00f0formi\u00f0 tryggir fram\u00farskarandi leysni fyrir ranns\u00f3knarstofunotkun.<\/p>\n<p class=\"ds-markdown-paragraph\"><em>Mikilv\u00e6g fyrirvari: \u00deessi vara er eing\u00f6ngu \u00e6tlu\u00f0 til v\u00edsindaranns\u00f3kna \u00ed vi\u00f0urkenndum ranns\u00f3knarstofum. Ekki til notkunar \u00e1 m\u00f6nnum e\u00f0a til greiningar. Allar tilraunir ver\u00f0a a\u00f0 vera framkv\u00e6mdar \u00ed samr\u00e6mi vi\u00f0 gildandi reglur og si\u00f0areglur.<\/em><\/p>","protected":false},"excerpt":{"rendered":"<h3><span data-sheets-value=\"{\" data-sheets-userformat=\"{\">Eskal\u00edn h\u00fddr\u00f3kl\u00f3r\u00ed\u00f0 eiginleikar<\/span><\/h3>\n<p><strong>Samheiti:<\/strong> 3,5-d\u00edmetox\u00fd-4-etox\u00fdfenet\u00fdlam\u00ednh\u00fddr\u00f3kl\u00f3r\u00ed\u00f0<br \/>\n<strong>CAS-n\u00famer:<\/strong> 39201-82-6<br \/>\n<strong>Form\u00fala:<\/strong> 2-{3,5-d\u00edmetox\u00fd-4-et\u00fdlox\u00fdfen\u00fdl}etan-1-am\u00ednh\u00fddr\u00f3kl\u00f3r\u00ed\u00f0<br \/>\n<strong>M\u00f3lmassi:<\/strong> 261,8 g\/m\u00f3l<br \/>\n<strong>Hreinleiki:<\/strong> &gt;97%<\/p>","protected":false},"featured_media":20228,"comment_status":"closed","ping_status":"closed","template":"","meta":[],"product_brand":[],"product_cat":[322,535,80],"product_tag":[326],"class_list":{"0":"post-23378","1":"product","2":"type-product","3":"status-publish","4":"has-post-thumbnail","6":"product_cat-bijna-verboden","7":"product_cat-escaline","8":"product_cat-fenethylamine","9":"product_tag-nl","11":"first","12":"instock","13":"taxable","14":"shipping-taxable","15":"purchasable","16":"product-type-variable"},"_links":{"self":[{"href":"https:\/\/researchchemicalhub.com\/is\/wp-json\/wp\/v2\/product\/23378","targetHints":{"allow":["GET"]}}],"collection":[{"href":"https:\/\/researchchemicalhub.com\/is\/wp-json\/wp\/v2\/product"}],"about":[{"href":"https:\/\/researchchemicalhub.com\/is\/wp-json\/wp\/v2\/types\/product"}],"replies":[{"embeddable":true,"href":"https:\/\/researchchemicalhub.com\/is\/wp-json\/wp\/v2\/comments?post=23378"}],"version-history":[{"count":4,"href":"https:\/\/researchchemicalhub.com\/is\/wp-json\/wp\/v2\/product\/23378\/revisions"}],"predecessor-version":[{"id":26546,"href":"https:\/\/researchchemicalhub.com\/is\/wp-json\/wp\/v2\/product\/23378\/revisions\/26546"}],"wp:featuredmedia":[{"embeddable":true,"href":"https:\/\/researchchemicalhub.com\/is\/wp-json\/wp\/v2\/media\/20228"}],"wp:attachment":[{"href":"https:\/\/researchchemicalhub.com\/is\/wp-json\/wp\/v2\/media?parent=23378"}],"wp:term":[{"taxonomy":"product_brand","embeddable":true,"href":"https:\/\/researchchemicalhub.com\/is\/wp-json\/wp\/v2\/product_brand?post=23378"},{"taxonomy":"product_cat","embeddable":true,"href":"https:\/\/researchchemicalhub.com\/is\/wp-json\/wp\/v2\/product_cat?post=23378"},{"taxonomy":"product_tag","embeddable":true,"href":"https:\/\/researchchemicalhub.com\/is\/wp-json\/wp\/v2\/product_tag?post=23378"}],"curies":[{"name":"wp","href":"https:\/\/api.w.org\/{rel}","templated":true}]}}