{"id":23317,"date":"2025-04-13T17:39:34","date_gmt":"2025-04-13T17:39:34","guid":{"rendered":"https:\/\/researchchemicalhub.com\/?post_type=product&#038;p=23317"},"modified":"2025-10-30T10:11:30","modified_gmt":"2025-10-30T10:11:30","slug":"flubromazepam-werking","status":"publish","type":"product","link":"https:\/\/researchchemicalhub.com\/is\/shop\/benzodiazepinen\/flubromazepam-werking\/","title":{"rendered":"Flubromazepam Pure"},"content":{"rendered":"<h2><span dir=\"auto\" style=\"vertical-align: inherit;\"><span dir=\"auto\" style=\"vertical-align: inherit;\">Fl\u00fabr\u00f3mazepam <\/span><\/span><span class=\"___SText_pr68d-red-team\" data-ui-name=\"Link.Text\"><span dir=\"auto\" style=\"vertical-align: inherit;\"><span dir=\"auto\" style=\"vertical-align: inherit;\">\u00a0\u00e1hrif<\/span><\/span><\/span><\/h2>\n<p><strong><span dir=\"auto\" style=\"vertical-align: inherit;\"><span dir=\"auto\" style=\"vertical-align: inherit;\">Fl\u00fabr\u00f3mazepam er efni sem <\/span><\/span><span class=\"___SText_pr68d-red-team\" data-ui-name=\"Link.Text\"><span dir=\"auto\" style=\"vertical-align: inherit;\"><span dir=\"auto\" style=\"vertical-align: inherit;\">er<\/span><\/span><\/span><\/strong><span dir=\"auto\" style=\"vertical-align: inherit;\"><span dir=\"auto\" style=\"vertical-align: inherit;\"> eing\u00f6ngu selt \u00ed ranns\u00f3knarskyni og er \u00fev\u00ed ekki \u00e6tla\u00f0 til neyslu.<\/span><\/span><\/p>\n<p><span dir=\"auto\" style=\"vertical-align: inherit;\"><span dir=\"auto\" style=\"vertical-align: inherit;\">Fl\u00fabr\u00f3mazepam helst st\u00f6\u00f0ugt \u00ed allt a\u00f0 2 \u00e1r \u00feegar \u00fea\u00f0 er geymt \u00e1 r\u00e9ttan h\u00e1tt. Fl\u00fabr\u00f3mazepam er \u00e6tla\u00f0 til ranns\u00f3kna en ekki til manneldis. \u00dev\u00ed er mikilv\u00e6gt a\u00f0 geyma v\u00f6runa \u00fear sem b\u00f6rn og g\u00e6lud\u00fdr n\u00e1 ekki til. <\/span><\/span><a title=\"1V-LSD 150 MCG \u00feynnur\" href=\"https:\/\/researchchemicalhub.com\/is\/shop\/lysergamides\/1v-lsd-150-mcg-blotters\/\" target=\"_blank\" rel=\"noopener\"><span dir=\"auto\" style=\"vertical-align: inherit;\"><span dir=\"auto\" style=\"vertical-align: inherit;\">1V-LSD 150 MCG \u00feynnur<\/span><\/span><\/a><\/p>\n<p><span dir=\"auto\" style=\"vertical-align: inherit;\"><span dir=\"auto\" style=\"vertical-align: inherit;\">Vi\u00f0 bj\u00f3\u00f0um upp \u00e1 h\u00e1g\u00e6\u00f0a ranns\u00f3knarefni \u00e1 sanngj\u00f6rnu ver\u00f0i. P\u00f6ntunin \u00fe\u00edn ver\u00f0ur send innan s\u00f3larhrings alla daga. <\/span><\/span><em><span dir=\"auto\" style=\"vertical-align: inherit;\"><span dir=\"auto\" style=\"vertical-align: inherit;\">Fl\u00fabr\u00f3mazepam<\/span><\/span><\/em><span dir=\"auto\" style=\"vertical-align: inherit;\"><span dir=\"auto\" style=\"vertical-align: inherit;\"> \u00f6rugglega og flj\u00f3tt \u00e1 netinu! <\/span><\/span><a title=\"2C-EF 2 mg hylki\" href=\"https:\/\/researchchemicalhub.com\/is\/shop\/fenethylamine\/2c-ef-2mg-capsules\/\" target=\"_blank\" rel=\"noopener\"><span dir=\"auto\" style=\"vertical-align: inherit;\"><span dir=\"auto\" style=\"vertical-align: inherit;\">2C-EF 2 mg hylki<\/span><\/span><\/a><\/p>\n<h3><span dir=\"auto\" style=\"vertical-align: inherit;\"><span dir=\"auto\" style=\"vertical-align: inherit;\">Eiginleikar fl\u00fabr\u00f3mazepams<\/span><\/span><\/h3>\n<p><strong><span dir=\"auto\" style=\"vertical-align: inherit;\"><span dir=\"auto\" style=\"vertical-align: inherit;\">Samheiti:<\/span><\/span><\/strong><span dir=\"auto\" style=\"vertical-align: inherit;\"><span dir=\"auto\" style=\"vertical-align: inherit;\"> Fl\u00fabr\u00f3mazepam <\/span><\/span><br \/>\n<strong><span dir=\"auto\" style=\"vertical-align: inherit;\"><span dir=\"auto\" style=\"vertical-align: inherit;\">CAS-n\u00famer:<\/span><\/span><\/strong><span dir=\"auto\" style=\"vertical-align: inherit;\"><span dir=\"auto\" style=\"vertical-align: inherit;\"> 2647-50-9 <\/span><\/span><br \/>\n<strong><span dir=\"auto\" style=\"vertical-align: inherit;\"><span dir=\"auto\" style=\"vertical-align: inherit;\">Form\u00fala:<\/span><\/span><\/strong><span dir=\"auto\" style=\"vertical-align: inherit;\"><span dir=\"auto\" style=\"vertical-align: inherit;\"> 7-br\u00f3m\u00f3-5-(2-fl\u00faorfen\u00fdl)-1,3-d\u00edh\u00fddr\u00f3-2H-1,4-bens\u00f3d\u00edazep\u00edn-2-\u00f3n <\/span><\/span><br \/>\n<strong><span dir=\"auto\" style=\"vertical-align: inherit;\"><span dir=\"auto\" style=\"vertical-align: inherit;\">M\u00f3lmassi:<\/span><\/span><\/strong><span dir=\"auto\" style=\"vertical-align: inherit;\"><span dir=\"auto\" style=\"vertical-align: inherit;\"> 333,2 g\/m\u00f3l <\/span><\/span><br \/>\n<strong><span dir=\"auto\" style=\"vertical-align: inherit;\"><span dir=\"auto\" style=\"vertical-align: inherit;\">Hreinleiki:<\/span><\/span><\/strong><span dir=\"auto\" style=\"vertical-align: inherit;\"><span dir=\"auto\" style=\"vertical-align: inherit;\"> &gt;97%<\/span><\/span><\/p>\n<h3><span dir=\"auto\" style=\"vertical-align: inherit;\"><span dir=\"auto\" style=\"vertical-align: inherit;\">Hva\u00f0 er fl\u00fabr\u00f3mazepam?<\/span><\/span><\/h3>\n<p><span dir=\"auto\" style=\"vertical-align: inherit;\"><span dir=\"auto\" style=\"vertical-align: inherit;\">Fl\u00fabr\u00f3mazepam er ranns\u00f3knarefni sem tilheyrir flokki bens\u00f3d\u00edazep\u00edna. \u00dea\u00f0 er tilb\u00fai\u00f0 efnasamband sem hefur vaki\u00f0 ranns\u00f3knar\u00e1huga vegna hugsanlegra \u00e1hrifa \u00feess \u00e1 mi\u00f0taugakerfi\u00f0.<\/span><\/span><\/p>\n<p><span dir=\"auto\" style=\"vertical-align: inherit;\"><span dir=\"auto\" style=\"vertical-align: inherit;\">Fl\u00fabr\u00f3mazepam er dregi\u00f0 af bens\u00f3d\u00edazep\u00ednfj\u00f6lskyldunni, sem er \u00feekkt fyrir r\u00f3andi, kv\u00ed\u00f0astillandi og v\u00f6\u00f0vaslakandi eiginleika. \u00dea\u00f0 var \u00fer\u00f3a\u00f0 sem breyting \u00e1 n\u00faverandi bens\u00f3d\u00edazep\u00ednum til a\u00f0 kanna breytileika \u00ed lyfjafr\u00e6\u00f0ilegri uppsetningu og m\u00f6gulegum me\u00f0fer\u00f0arlegum notkunarm\u00f6guleikum. Rannsakendur hafa s\u00e9rstakan \u00e1huga \u00e1 a\u00f0 rannsaka samspil fl\u00fabr\u00f3mazepam vi\u00f0 GABA-A vi\u00f0taka \u00ed heilanum. \u00deessir vi\u00f0takar gegna lykilhlutverki \u00ed stj\u00f3rnun \u00e1 h\u00f6mlunar taugabo\u00f0efna.<\/span><\/span><\/p>\n<p><span dir=\"auto\" style=\"vertical-align: inherit;\"><span dir=\"auto\" style=\"vertical-align: inherit;\">\u00der\u00f3un fl\u00fabr\u00f3mazepams sem ranns\u00f3knarefnis er kn\u00fain \u00e1fram af v\u00edsindalegri forvitni og l\u00f6ngun til a\u00f0 b\u00e6ta skilning okkar \u00e1 bens\u00f3d\u00edazep\u00ednsamb\u00f6ndum. Me\u00f0 \u00fev\u00ed a\u00f0 framkv\u00e6ma \u00edtarlegar ranns\u00f3knir stefna v\u00edsindamenn a\u00f0 \u00fev\u00ed a\u00f0 auka \u00feekkingu okkar \u00e1 \u00e1hrifum efnisins \u00e1 mi\u00f0taugakerfi\u00f0 og stu\u00f0la a\u00f0 v\u00ed\u00f0t\u00e6kari skilningi \u00e1 bens\u00f3d\u00edazep\u00ednum.<\/span><\/span><\/p>\n<h3><span dir=\"auto\" style=\"vertical-align: inherit;\"><span dir=\"auto\" style=\"vertical-align: inherit;\">Hvernig var\u00f0 fl\u00fabr\u00f3mazepam til?<\/span><\/span><\/h3>\n<p><span dir=\"auto\" style=\"vertical-align: inherit;\"><span dir=\"auto\" style=\"vertical-align: inherit;\">Saga efnisins fl\u00fabr\u00f3mazepams tengist n\u00e1i\u00f0 \u00fer\u00f3un og ranns\u00f3knum \u00e1 bens\u00f3d\u00edazep\u00edn-efnasamb\u00f6ndum. Bens\u00f3d\u00edazep\u00edn, flokkur lyfja sem er \u00feekktur fyrir r\u00f3andi, kv\u00ed\u00f0astillandi og v\u00f6\u00f0vaslakandi eiginleika, eiga s\u00e9r langa s\u00f6gu \u00ed lyfjafr\u00e6\u00f0ilegum ranns\u00f3knum.<\/span><\/span><\/p>\n<p><span dir=\"auto\" style=\"vertical-align: inherit;\"><span dir=\"auto\" style=\"vertical-align: inherit;\">Fl\u00fabr\u00f3mazepam sj\u00e1lft hefur komi\u00f0 fram sem ranns\u00f3knarefni \u00e1 undanf\u00f6rnum \u00e1rum \u00feegar v\u00edsindamenn reyndu a\u00f0 auka \u00feekkingu s\u00edna og skilning \u00e1 bens\u00f3d\u00edazep\u00ednum. Efnasambandi\u00f0 var \u00fer\u00f3a\u00f0 sem breyting \u00e1 n\u00faverandi bens\u00f3d\u00edazep\u00ednum til a\u00f0 kanna hugsanlegar breytingar \u00e1 lyfjafr\u00e6\u00f0ilegri uppsetningu \u00feeirra og eiginleikum.<\/span><\/span><\/p>\n<p><span dir=\"auto\" style=\"vertical-align: inherit;\"><span dir=\"auto\" style=\"vertical-align: inherit;\">Myndun og ranns\u00f3knir \u00e1 fl\u00fabr\u00f3mazepam hafa a\u00f0allega \u00e1tt s\u00e9r sta\u00f0 innan v\u00edsindalegra ranns\u00f3kna. Rannsakendur, \u00fear \u00e1 me\u00f0al efnafr\u00e6\u00f0ingar, lyfjafr\u00e6\u00f0ingar og taugav\u00edsindamenn, hafa \u00e1huga \u00e1 a\u00f0 rannsaka efnafr\u00e6\u00f0ilega uppbyggingu efnisins, \u00e1hrif \u00feess \u00e1 mi\u00f0taugakerfi\u00f0 og m\u00f6gulega notkun \u00feess \u00ed l\u00e6kningaskyni. <\/span><\/span><a title=\"2-CMC 250 mg k\u00falur\" href=\"https:\/\/researchchemicalhub.com\/is\/shop\/cathinonen\/2-cmc-kopen\/\" target=\"_blank\" rel=\"noopener\"><span dir=\"auto\" style=\"vertical-align: inherit;\"><span dir=\"auto\" style=\"vertical-align: inherit;\">2-CMC 250 mg k\u00falur<\/span><\/span><\/a><\/p>\n<h3><span dir=\"auto\" style=\"vertical-align: inherit;\"><span dir=\"auto\" style=\"vertical-align: inherit;\">H\u00e6ttuyfirl\u00fdsing<\/span><\/span><\/h3>\n<p><span dir=\"auto\" style=\"vertical-align: inherit;\"><span dir=\"auto\" style=\"vertical-align: inherit;\">Fl\u00fabr\u00f3mazepam getur valdi\u00f0 ertingu \u00ed \u00f6ndunarf\u00e6rum <\/span><\/span><br \/>\n<span dir=\"auto\" style=\"vertical-align: inherit;\"><span dir=\"auto\" style=\"vertical-align: inherit;\">Fl\u00fabr\u00f3mazepam getur valdi\u00f0 ertingu \u00ed augum. <\/span><\/span><br \/>\n<span dir=\"auto\" style=\"vertical-align: inherit;\"><span dir=\"auto\" style=\"vertical-align: inherit;\">\u00dea\u00f0 er banna\u00f0 a\u00f0 losa ranns\u00f3knarefni \u00fat \u00ed umhverfi\u00f0.<\/span><\/span><\/p>\n<p><span dir=\"auto\" style=\"vertical-align: inherit;\"><span dir=\"auto\" style=\"vertical-align: inherit;\">Fl\u00fabr\u00f3mazepam \u00cd AUGU: Skoli\u00f0 augun varlega me\u00f0 vatni \u00ed fimm m\u00edn\u00fatur. Fjarl\u00e6gi\u00f0 snertilinsur ef m\u00f6gulegt er. <\/span><\/span><a href=\"http:\/\/google.nl\" target=\"_blank\" rel=\"noopener\"><span dir=\"auto\" style=\"vertical-align: inherit;\"><span dir=\"auto\" style=\"vertical-align: inherit;\">.<\/span><\/span><\/a><\/p>\n<p><span dir=\"auto\" style=\"vertical-align: inherit;\"><span dir=\"auto\" style=\"vertical-align: inherit;\">Fl\u00fabr\u00f3mazepam \u00cd SNERTINGU VI\u00d0 H\u00da\u00d0: \u00devoi\u00f0 h\u00fa\u00f0ina me\u00f0 s\u00e1pu og vatni.<\/span><\/span><\/p>\n<p><span dir=\"auto\" style=\"vertical-align: inherit;\"><span dir=\"auto\" style=\"vertical-align: inherit;\">VI\u00d0 INN\u00d6NDUN Fl\u00fabr\u00f3mazepam: F\u00e6ri\u00f0 vi\u00f0komandi \u00fat \u00ed ferskt loft og haldi\u00f0 honum \u00ed \u00fe\u00e6gilegri \u00f6ndunarstellingu.<\/span><\/span><\/p>","protected":false},"excerpt":{"rendered":"<p>Flubromazepam \u00a0effects Flubromazepam is a substance that is only sold for research purposes and is therefore not intended for consumption.<\/p>","protected":false},"featured_media":28527,"comment_status":"closed","ping_status":"closed","template":"","meta":[],"product_brand":[82],"product_cat":[76,386],"product_tag":[138,139,140,142,141,326],"class_list":{"0":"post-23317","1":"product","2":"type-product","3":"status-publish","4":"has-post-thumbnail","6":"product_brand-research-chemical","7":"product_cat-benzodiazepinen","8":"product_cat-flubromazepam","9":"product_tag-flubromazepam","10":"product_tag-flubromazepam-effects","11":"product_tag-flubromazepam-ervaring","12":"product_tag-flubromazepam-halfwaardetijd","13":"product_tag-flubromazepam-werking","14":"product_tag-nl","16":"first","17":"instock","18":"taxable","19":"shipping-taxable","20":"purchasable","21":"product-type-variable"},"_links":{"self":[{"href":"https:\/\/researchchemicalhub.com\/is\/wp-json\/wp\/v2\/product\/23317","targetHints":{"allow":["GET"]}}],"collection":[{"href":"https:\/\/researchchemicalhub.com\/is\/wp-json\/wp\/v2\/product"}],"about":[{"href":"https:\/\/researchchemicalhub.com\/is\/wp-json\/wp\/v2\/types\/product"}],"replies":[{"embeddable":true,"href":"https:\/\/researchchemicalhub.com\/is\/wp-json\/wp\/v2\/comments?post=23317"}],"version-history":[{"count":4,"href":"https:\/\/researchchemicalhub.com\/is\/wp-json\/wp\/v2\/product\/23317\/revisions"}],"predecessor-version":[{"id":28746,"href":"https:\/\/researchchemicalhub.com\/is\/wp-json\/wp\/v2\/product\/23317\/revisions\/28746"}],"wp:featuredmedia":[{"embeddable":true,"href":"https:\/\/researchchemicalhub.com\/is\/wp-json\/wp\/v2\/media\/28527"}],"wp:attachment":[{"href":"https:\/\/researchchemicalhub.com\/is\/wp-json\/wp\/v2\/media?parent=23317"}],"wp:term":[{"taxonomy":"product_brand","embeddable":true,"href":"https:\/\/researchchemicalhub.com\/is\/wp-json\/wp\/v2\/product_brand?post=23317"},{"taxonomy":"product_cat","embeddable":true,"href":"https:\/\/researchchemicalhub.com\/is\/wp-json\/wp\/v2\/product_cat?post=23317"},{"taxonomy":"product_tag","embeddable":true,"href":"https:\/\/researchchemicalhub.com\/is\/wp-json\/wp\/v2\/product_tag?post=23317"}],"curies":[{"name":"wp","href":"https:\/\/api.w.org\/{rel}","templated":true}]}}