{"id":23248,"date":"2025-04-13T17:39:26","date_gmt":"2025-04-13T17:39:26","guid":{"rendered":"https:\/\/researchchemicalhub.com\/?post_type=product&#038;p=23248"},"modified":"2025-10-30T11:56:25","modified_gmt":"2025-10-30T11:56:25","slug":"dmxe-deoxymetoxetamin","status":"publish","type":"product","link":"https:\/\/researchchemicalhub.com\/is\/bud\/arylsyklohexylamin\/dmxe-deoxymetoxetamin\/","title":{"rendered":"DMXE (Deox\u00fdmetoxetam\u00edn)"},"content":{"rendered":"<h1><span dir=\"auto\" style=\"vertical-align: inherit;\"><span dir=\"auto\" style=\"vertical-align: inherit;\">DMXE (Deoxymethoxetamine) \u2013 Detailed Information for Research Purposes<\/span><\/span><\/h1>\n<p data-start=\"6776\" data-end=\"7081\"><strong data-start=\"6776\" data-end=\"6784\"><span dir=\"auto\" style=\"vertical-align: inherit;\"><span dir=\"auto\" style=\"vertical-align: inherit;\">DMXE<\/span><\/span><\/strong><span dir=\"auto\" style=\"vertical-align: inherit;\"><span dir=\"auto\" style=\"vertical-align: inherit;\"> , fully <\/span><\/span><strong data-start=\"6793\" data-end=\"6815\"><span dir=\"auto\" style=\"vertical-align: inherit;\"><span dir=\"auto\" style=\"vertical-align: inherit;\">Deox\u00fdmetoxetam\u00edn<\/span><\/span><\/strong><span dir=\"auto\" style=\"vertical-align: inherit;\"><span dir=\"auto\" style=\"vertical-align: inherit;\"> , er <\/span><\/span><strong data-start=\"6824\" data-end=\"6852\"><span dir=\"auto\" style=\"vertical-align: inherit;\"><span dir=\"auto\" style=\"vertical-align: inherit;\">sundrandi efnasamband<\/span><\/span><\/strong><span dir=\"auto\" style=\"vertical-align: inherit;\"><span dir=\"auto\" style=\"vertical-align: inherit;\"> af <\/span><\/span><strong data-start=\"6860\" data-end=\"6889\"><span dir=\"auto\" style=\"vertical-align: inherit;\"><span dir=\"auto\" style=\"vertical-align: inherit;\">arylcyclohexylamine class<\/span><\/span><\/strong><span dir=\"auto\" style=\"vertical-align: inherit;\"><span dir=\"auto\" style=\"vertical-align: inherit;\"> , byggingarlega tengd vi\u00f0 <\/span><\/span><strong data-start=\"6915\" data-end=\"6927\"><span dir=\"auto\" style=\"vertical-align: inherit;\"><span dir=\"auto\" style=\"vertical-align: inherit;\">Ketam\u00edn<\/span><\/span><\/strong><span dir=\"auto\" style=\"vertical-align: inherit;\"><span dir=\"auto\" style=\"vertical-align: inherit;\"> og <\/span><\/span><strong data-start=\"6931\" data-end=\"6954\"><span dir=\"auto\" style=\"vertical-align: inherit;\"><span dir=\"auto\" style=\"vertical-align: inherit;\">Metoxetam\u00edn (MXE)<\/span><\/span><\/strong><span dir=\"auto\" style=\"vertical-align: inherit;\"><span dir=\"auto\" style=\"vertical-align: inherit;\"> . <\/span><\/span><span class=\"___SBox_epc1q-ko_ ___SText_zko9t-ko_\" data-ui-name=\"Link.Text\"><span dir=\"auto\" style=\"vertical-align: inherit;\"><span dir=\"auto\" style=\"vertical-align: inherit;\">5-kort<\/span><\/span><\/span><br data-start=\"6955\" data-end=\"6958\" \/><span dir=\"auto\" style=\"vertical-align: inherit;\"><span dir=\"auto\" style=\"vertical-align: inherit;\"> It has <\/span><\/span><strong data-start=\"6968\" data-end=\"6996\"><span dir=\"auto\" style=\"vertical-align: inherit;\"><span dir=\"auto\" style=\"vertical-align: inherit;\">no medical use<\/span><\/span><\/strong><span dir=\"auto\" style=\"vertical-align: inherit;\"><span dir=\"auto\" style=\"vertical-align: inherit;\"> and is studied exclusively in <\/span><\/span><strong data-start=\"7032\" data-end=\"7078\"><span dir=\"auto\" style=\"vertical-align: inherit;\"><span dir=\"auto\" style=\"vertical-align: inherit;\">ranns\u00f3knarstofur fyrir r\u00e9ttarl\u00e6kna og lyfjafr\u00e6\u00f0i<\/span><\/span><\/strong><span dir=\"auto\" style=\"vertical-align: inherit;\"><span dir=\"auto\" style=\"vertical-align: inherit;\"> .<\/span><\/span><\/p>\n<p data-start=\"7083\" data-end=\"7257\"><span dir=\"auto\" style=\"vertical-align: inherit;\"><span dir=\"auto\" style=\"vertical-align: inherit;\">Researchers focus on the <\/span><\/span><strong data-start=\"7115\" data-end=\"7138\"><span dir=\"auto\" style=\"vertical-align: inherit;\"><span dir=\"auto\" style=\"vertical-align: inherit;\">chemical structure<\/span><\/span><\/strong><span dir=\"auto\" style=\"vertical-align: inherit;\"><span dir=\"auto\" style=\"vertical-align: inherit;\"> , <\/span><\/span><strong data-start=\"7140\" data-end=\"7162\"><span dir=\"auto\" style=\"vertical-align: inherit;\"><span dir=\"auto\" style=\"vertical-align: inherit;\">receptor interaction<\/span><\/span><\/strong><span dir=\"auto\" style=\"vertical-align: inherit;\"><span dir=\"auto\" style=\"vertical-align: inherit;\"> og <\/span><\/span><strong data-start=\"7166\" data-end=\"7190\"><span dir=\"auto\" style=\"vertical-align: inherit;\"><span dir=\"auto\" style=\"vertical-align: inherit;\">greiningargreining<\/span><\/span><\/strong><span dir=\"auto\" style=\"vertical-align: inherit;\"><span dir=\"auto\" style=\"vertical-align: inherit;\"> of DMXE within the context of novel psychoactive substances (NPS).<\/span><\/span><\/p>\n<hr data-start=\"7259\" data-end=\"7262\" \/>\n<h2 data-start=\"7264\" data-end=\"7311\"><strong data-start=\"7267\" data-end=\"7311\"><span dir=\"auto\" style=\"vertical-align: inherit;\"><span dir=\"auto\" style=\"vertical-align: inherit;\">Efnafr\u00e6\u00f0ilegur og lyfjafr\u00e6\u00f0ilegur bakgrunnur<\/span><\/span><\/strong><\/h2>\n<p data-start=\"7313\" data-end=\"7338\"><strong data-start=\"7313\" data-end=\"7338\"><span dir=\"auto\" style=\"vertical-align: inherit;\"><span dir=\"auto\" style=\"vertical-align: inherit;\">Mikilv\u00e6gar uppl\u00fdsingar:<\/span><\/span><\/strong><\/p>\n<ul data-start=\"7339\" data-end=\"7591\">\n<li data-start=\"7339\" data-end=\"7404\">\n<p data-start=\"7341\" data-end=\"7404\"><strong data-start=\"7341\" data-end=\"7356\"><span dir=\"auto\" style=\"vertical-align: inherit;\"><span dir=\"auto\" style=\"vertical-align: inherit;\">IUPAC nafn:<\/span><\/span><\/strong><span dir=\"auto\" style=\"vertical-align: inherit;\"><span dir=\"auto\" style=\"vertical-align: inherit;\"> 2-(ethylamino)-2-(3-methoxyphenyl)cyclohexanone<\/span><\/span><\/p>\n<\/li>\n<li data-start=\"7405\" data-end=\"7439\">\n<p data-start=\"7407\" data-end=\"7439\"><strong data-start=\"7407\" data-end=\"7427\"><span dir=\"auto\" style=\"vertical-align: inherit;\"><span dir=\"auto\" style=\"vertical-align: inherit;\">Sameindaform\u00fala:<\/span><\/span><\/strong><span dir=\"auto\" style=\"vertical-align: inherit;\"><span dir=\"auto\" style=\"vertical-align: inherit;\"> C15H23NO2<\/span><\/span><\/p>\n<\/li>\n<li data-start=\"7440\" data-end=\"7476\">\n<p data-start=\"7442\" data-end=\"7476\"><strong data-start=\"7442\" data-end=\"7460\"><span dir=\"auto\" style=\"vertical-align: inherit;\"><span dir=\"auto\" style=\"vertical-align: inherit;\">Sameindamassi:<\/span><\/span><\/strong><span dir=\"auto\" style=\"vertical-align: inherit;\"><span dir=\"auto\" style=\"vertical-align: inherit;\"> \u00b1249.35 g\/mol<\/span><\/span><\/p>\n<\/li>\n<li data-start=\"7477\" data-end=\"7523\">\n<p data-start=\"7479\" data-end=\"7523\"><strong data-start=\"7479\" data-end=\"7500\"><span dir=\"auto\" style=\"vertical-align: inherit;\"><span dir=\"auto\" style=\"vertical-align: inherit;\">Efnaflokkur:<\/span><\/span><\/strong><span dir=\"auto\" style=\"vertical-align: inherit;\"><span dir=\"auto\" style=\"vertical-align: inherit;\"> Ar\u00fdls\u00fdkl\u00f3hex\u00fdlam\u00edn<\/span><\/span><\/p>\n<\/li>\n<li data-start=\"7524\" data-end=\"7591\">\n<p data-start=\"7526\" data-end=\"7591\"><strong data-start=\"7526\" data-end=\"7546\"><span dir=\"auto\" style=\"vertical-align: inherit;\"><span dir=\"auto\" style=\"vertical-align: inherit;\">Virkni vi\u00f0taka:<\/span><\/span><\/strong><span dir=\"auto\" style=\"vertical-align: inherit;\"><span dir=\"auto\" style=\"vertical-align: inherit;\"> NMDA receptor antagonist (non-competitive)<\/span><\/span><\/p>\n<\/li>\n<\/ul>\n<p data-start=\"7593\" data-end=\"7737\"><span dir=\"auto\" style=\"vertical-align: inherit;\"><span dir=\"auto\" style=\"vertical-align: inherit;\">The absence of a methoxy group makes DMXE an interesting subject for <\/span><\/span><strong data-start=\"7671\" data-end=\"7709\"><span dir=\"auto\" style=\"vertical-align: inherit;\"><span dir=\"auto\" style=\"vertical-align: inherit;\">structural comparative studies<\/span><\/span><\/strong><span dir=\"auto\" style=\"vertical-align: inherit;\"><span dir=\"auto\" style=\"vertical-align: inherit;\"> with MXE and other analogues.<\/span><\/span><\/p>\n<hr data-start=\"7739\" data-end=\"7742\" \/>\n<h2 data-start=\"7744\" data-end=\"7771\"><strong data-start=\"7747\" data-end=\"7771\"><span dir=\"auto\" style=\"vertical-align: inherit;\"><span dir=\"auto\" style=\"vertical-align: inherit;\">Ranns\u00f3knartilgangur<\/span><\/span><\/strong><\/h2>\n<p data-start=\"7773\" data-end=\"7800\"><span dir=\"auto\" style=\"vertical-align: inherit;\"><span dir=\"auto\" style=\"vertical-align: inherit;\">DMXE is being investigated for:<\/span><\/span><\/p>\n<ul data-start=\"7801\" data-end=\"8120\">\n<li data-start=\"7801\" data-end=\"7881\">\n<p data-start=\"7803\" data-end=\"7881\"><strong data-start=\"7803\" data-end=\"7831\"><span dir=\"auto\" style=\"vertical-align: inherit;\"><span dir=\"auto\" style=\"vertical-align: inherit;\">R\u00e9ttarfr\u00e6\u00f0ileg eiturefnafr\u00e6\u00f0i:<\/span><\/span><\/strong><span dir=\"auto\" style=\"vertical-align: inherit;\"><span dir=\"auto\" style=\"vertical-align: inherit;\"> identification of novel dissociative agents.<\/span><\/span><\/p>\n<\/li>\n<li data-start=\"7882\" data-end=\"7959\">\n<p data-start=\"7884\" data-end=\"7959\"><strong data-start=\"7884\" data-end=\"7907\"><span dir=\"auto\" style=\"vertical-align: inherit;\"><span dir=\"auto\" style=\"vertical-align: inherit;\">Greiningarefnafr\u00e6\u00f0i:<\/span><\/span><\/strong><span dir=\"auto\" style=\"vertical-align: inherit;\"><span dir=\"auto\" style=\"vertical-align: inherit;\"> validation of chromatographic detection methods.<\/span><\/span><\/p>\n<\/li>\n<li data-start=\"7960\" data-end=\"8034\">\n<p data-start=\"7962\" data-end=\"8034\"><strong data-start=\"7962\" data-end=\"7991\"><span dir=\"auto\" style=\"vertical-align: inherit;\"><span dir=\"auto\" style=\"vertical-align: inherit;\">Lyfjafr\u00e6\u00f0ilegar ranns\u00f3knir:<\/span><\/span><\/strong><span dir=\"auto\" style=\"vertical-align: inherit;\"><span dir=\"auto\" style=\"vertical-align: inherit;\"> studying NMDA receptor interactions.<\/span><\/span><\/p>\n<\/li>\n<li data-start=\"8035\" data-end=\"8120\">\n<p data-start=\"8037\" data-end=\"8120\"><strong data-start=\"8037\" data-end=\"8067\"><span dir=\"auto\" style=\"vertical-align: inherit;\"><span dir=\"auto\" style=\"vertical-align: inherit;\">Public health research:<\/span><\/span><\/strong><span dir=\"auto\" style=\"vertical-align: inherit;\"><span dir=\"auto\" style=\"vertical-align: inherit;\"> monitoring of new psychoactive substances (NPS).<\/span><\/span><\/p>\n<\/li>\n<\/ul>\n<hr data-start=\"8122\" data-end=\"8125\" \/>\n<h2 data-start=\"8127\" data-end=\"8171\"><strong data-start=\"8130\" data-end=\"8171\"><span dir=\"auto\" style=\"vertical-align: inherit;\"><span dir=\"auto\" style=\"vertical-align: inherit;\">\u00d6ryggis- og lagaleg atri\u00f0i<\/span><\/span><\/strong><\/h2>\n<p data-start=\"8173\" data-end=\"8408\"><strong data-start=\"8173\" data-end=\"8188\"><span dir=\"auto\" style=\"vertical-align: inherit;\"><span dir=\"auto\" style=\"vertical-align: inherit;\">\u00d6ryggi:<\/span><\/span><\/strong><br data-start=\"8188\" data-end=\"8191\" \/><span dir=\"auto\" style=\"vertical-align: inherit;\"><span dir=\"auto\" style=\"vertical-align: inherit;\"> DMXE should only be handled by <\/span><\/span><strong data-start=\"8236\" data-end=\"8262\"><span dir=\"auto\" style=\"vertical-align: inherit;\"><span dir=\"auto\" style=\"vertical-align: inherit;\">trained researchers<\/span><\/span><\/strong><span dir=\"auto\" style=\"vertical-align: inherit;\"><span dir=\"auto\" style=\"vertical-align: inherit;\"> \u00ed <\/span><\/span><strong data-start=\"8266\" data-end=\"8290\"><span dir=\"auto\" style=\"vertical-align: inherit;\"><span dir=\"auto\" style=\"vertical-align: inherit;\">leyfisbundnar ranns\u00f3knarstofur<\/span><\/span><\/strong><span dir=\"auto\" style=\"vertical-align: inherit;\"><span dir=\"auto\" style=\"vertical-align: inherit;\"> . <\/span><\/span><br data-start=\"8291\" data-end=\"8294\" \/><span dir=\"auto\" style=\"vertical-align: inherit;\"><span dir=\"auto\" style=\"vertical-align: inherit;\">Kl\u00e6\u00f0ist <\/span><\/span><strong data-start=\"8302\" data-end=\"8362\"><span dir=\"auto\" style=\"vertical-align: inherit;\"><span dir=\"auto\" style=\"vertical-align: inherit;\">protective clothing, gloves, and goggles<\/span><\/span><\/strong><span dir=\"auto\" style=\"vertical-align: inherit;\"><span dir=\"auto\" style=\"vertical-align: inherit;\"> , and avoid exposure to fumes or dust.<\/span><\/span><\/p>\n<p data-start=\"8410\" data-end=\"8570\"><strong data-start=\"8410\" data-end=\"8432\"><span dir=\"auto\" style=\"vertical-align: inherit;\"><span dir=\"auto\" style=\"vertical-align: inherit;\">L\u00f6gleg sta\u00f0a:<\/span><\/span><\/strong><br data-start=\"8432\" data-end=\"8435\" \/><span dir=\"auto\" style=\"vertical-align: inherit;\"><span dir=\"auto\" style=\"vertical-align: inherit;\"> In many countries, DMXE is a <\/span><\/span><strong data-start=\"8462\" data-end=\"8495\"><span dir=\"auto\" style=\"vertical-align: inherit;\"><span dir=\"auto\" style=\"vertical-align: inherit;\">controlled or banned substance<\/span><\/span><\/strong><span dir=\"auto\" style=\"vertical-align: inherit;\"><span dir=\"auto\" style=\"vertical-align: inherit;\"> . Use, possession, or sale outside of research purposes is <\/span><\/span><strong data-start=\"8554\" data-end=\"8567\"><span dir=\"auto\" style=\"vertical-align: inherit;\"><span dir=\"auto\" style=\"vertical-align: inherit;\">punishable by law<\/span><\/span><\/strong><span dir=\"auto\" style=\"vertical-align: inherit;\"><span dir=\"auto\" style=\"vertical-align: inherit;\"> .<\/span><\/span><\/p>\n<hr data-start=\"8572\" data-end=\"8575\" \/>\n<h2 data-start=\"8577\" data-end=\"8611\"><strong data-start=\"8580\" data-end=\"8611\"><span dir=\"auto\" style=\"vertical-align: inherit;\"><span dir=\"auto\" style=\"vertical-align: inherit;\">Algengar spurningar (FAQs)<\/span><\/span><\/strong><\/h2>\n<h3 data-start=\"8613\" data-end=\"8655\"><strong data-start=\"8617\" data-end=\"8655\"><span dir=\"auto\" style=\"vertical-align: inherit;\"><span dir=\"auto\" style=\"vertical-align: inherit;\">1. What is DMXE being studied for?<\/span><\/span><\/strong><\/h3>\n<p data-start=\"8656\" data-end=\"8755\"><span dir=\"auto\" style=\"vertical-align: inherit;\"><span dir=\"auto\" style=\"vertical-align: inherit;\">DMXE is used for <\/span><\/span><strong data-start=\"8681\" data-end=\"8723\"><span dir=\"auto\" style=\"vertical-align: inherit;\"><span dir=\"auto\" style=\"vertical-align: inherit;\">r\u00e9ttar- og lyfjafr\u00e6\u00f0ilegar ranns\u00f3knir<\/span><\/span><\/strong><span dir=\"auto\" style=\"vertical-align: inherit;\"><span dir=\"auto\" style=\"vertical-align: inherit;\"> \u00e1 NMDA vi\u00f0takablokkum.<\/span><\/span><\/p>\n<h3 data-start=\"8757\" data-end=\"8783\"><strong data-start=\"8761\" data-end=\"8783\"><span dir=\"auto\" style=\"vertical-align: inherit;\"><span dir=\"auto\" style=\"vertical-align: inherit;\">2. Is DMXE legal?<\/span><\/span><\/strong><\/h3>\n<p data-start=\"8784\" data-end=\"8893\"><span dir=\"auto\" style=\"vertical-align: inherit;\"><span dir=\"auto\" style=\"vertical-align: inherit;\">In most countries, DMXE falls under either the <\/span><\/span><strong data-start=\"8823\" data-end=\"8864\"><span dir=\"auto\" style=\"vertical-align: inherit;\"><span dir=\"auto\" style=\"vertical-align: inherit;\">Controlled Substances Act<\/span><\/span><\/strong><span dir=\"auto\" style=\"vertical-align: inherit;\"><span dir=\"auto\" style=\"vertical-align: inherit;\"> e\u00f0a <\/span><\/span><strong data-start=\"8871\" data-end=\"8892\"><span dir=\"auto\" style=\"vertical-align: inherit;\"><span dir=\"auto\" style=\"vertical-align: inherit;\">Analogues Act<\/span><\/span><\/strong><span dir=\"auto\" style=\"vertical-align: inherit;\"><span dir=\"auto\" style=\"vertical-align: inherit;\"> .<\/span><\/span><\/p>\n<h3 data-start=\"8895\" data-end=\"8945\"><strong data-start=\"8899\" data-end=\"8945\"><span dir=\"auto\" style=\"vertical-align: inherit;\"><span dir=\"auto\" style=\"vertical-align: inherit;\">3. How should DMXE be handled safely?<\/span><\/span><\/strong><\/h3>\n<p data-start=\"8946\" data-end=\"9094\"><span dir=\"auto\" style=\"vertical-align: inherit;\"><span dir=\"auto\" style=\"vertical-align: inherit;\">A\u00f0eins <\/span><\/span><strong data-start=\"8953\" data-end=\"8983\"><span dir=\"auto\" style=\"vertical-align: inherit;\"><span dir=\"auto\" style=\"vertical-align: inherit;\">faglegir v\u00edsindamenn<\/span><\/span><\/strong><span dir=\"auto\" style=\"vertical-align: inherit;\"><span dir=\"auto\" style=\"vertical-align: inherit;\"> should handle DMXE with <\/span><\/span><strong data-start=\"9008\" data-end=\"9043\"><span dir=\"auto\" style=\"vertical-align: inherit;\"><span dir=\"auto\" style=\"vertical-align: inherit;\">appropriate safety measures<\/span><\/span><\/strong><span dir=\"auto\" style=\"vertical-align: inherit;\"><span dir=\"auto\" style=\"vertical-align: inherit;\"> and within a controlled laboratory environment.<\/span><\/span><\/p>","protected":false},"excerpt":{"rendered":"<h3><span dir=\"auto\" style=\"vertical-align: inherit;\"><span dir=\"auto\" style=\"vertical-align: inherit;\">DMXE properties<\/span><\/span><\/h3>\n<p><strong><span dir=\"auto\" style=\"vertical-align: inherit;\"><span dir=\"auto\" style=\"vertical-align: inherit;\">Samheiti:<\/span><\/span><\/strong><span dir=\"auto\" style=\"vertical-align: inherit;\"><span dir=\"auto\" style=\"vertical-align: inherit;\"> Deox\u00fdmetoxetam\u00edn <\/span><\/span><br \/>\n<strong><span dir=\"auto\" style=\"vertical-align: inherit;\"><span dir=\"auto\" style=\"vertical-align: inherit;\">CAS-n\u00famer:<\/span><\/span><\/strong><span dir=\"auto\" style=\"vertical-align: inherit;\"><span dir=\"auto\" style=\"vertical-align: inherit;\"> 2666932-45-0 <\/span><\/span><br \/>\n<strong><span dir=\"auto\" style=\"vertical-align: inherit;\"><span dir=\"auto\" style=\"vertical-align: inherit;\">Form\u00fala: <\/span><\/span><\/strong> <span title=\"Kolefni\"><span dir=\"auto\" style=\"vertical-align: inherit;\"><span dir=\"auto\" style=\"vertical-align: inherit;\">C <\/span><\/span><\/span><sub><span dir=\"auto\" style=\"vertical-align: inherit;\"><span dir=\"auto\" style=\"vertical-align: inherit;\">15 <\/span><\/span><\/sub><span title=\"Vetni\"><span dir=\"auto\" style=\"vertical-align: inherit;\"><span dir=\"auto\" style=\"vertical-align: inherit;\">H <\/span><\/span><\/span><sub><span dir=\"auto\" style=\"vertical-align: inherit;\"><span dir=\"auto\" style=\"vertical-align: inherit;\">21 <\/span><\/span><\/sub><span title=\"K\u00f6fnunarefni\"><span dir=\"auto\" style=\"vertical-align: inherit;\"><span dir=\"auto\" style=\"vertical-align: inherit;\">N <\/span><\/span><\/span><span title=\"S\u00farefni\"><span dir=\"auto\" style=\"vertical-align: inherit;\"><span dir=\"auto\" style=\"vertical-align: inherit;\">\u00d3 <\/span><\/span><\/span><br \/>\n<strong><span dir=\"auto\" style=\"vertical-align: inherit;\"><span dir=\"auto\" style=\"vertical-align: inherit;\">M\u00f3lmassi:<\/span><\/span><\/strong><span dir=\"auto\" style=\"vertical-align: inherit;\"><span dir=\"auto\" style=\"vertical-align: inherit;\"> 267.8 g\/mol <\/span><\/span><br \/>\n<strong><span dir=\"auto\" style=\"vertical-align: inherit;\"><span dir=\"auto\" style=\"vertical-align: inherit;\">Hreinleiki:<\/span><\/span><\/strong><span dir=\"auto\" style=\"vertical-align: inherit;\"><span dir=\"auto\" style=\"vertical-align: inherit;\"> &gt;98%<\/span><\/span><\/p>","protected":false},"featured_media":28508,"comment_status":"closed","ping_status":"closed","template":"","meta":[],"product_brand":[82],"product_cat":[71,406,398],"product_tag":[295,297,296,326],"class_list":{"0":"post-23248","1":"product","2":"type-product","3":"status-publish","4":"has-post-thumbnail","6":"product_brand-research-chemical","7":"product_cat-arylcyclohexylamine","8":"product_cat-dmxe","9":"product_cat-verkoop","10":"product_tag-dmxe","11":"product_tag-dmxe-ervaring","12":"product_tag-dmxe-psychonaut","13":"product_tag-nl","15":"first","16":"instock","17":"sale","18":"taxable","19":"shipping-taxable","20":"purchasable","21":"product-type-variable"},"_links":{"self":[{"href":"https:\/\/researchchemicalhub.com\/is\/wp-json\/wp\/v2\/product\/23248","targetHints":{"allow":["GET"]}}],"collection":[{"href":"https:\/\/researchchemicalhub.com\/is\/wp-json\/wp\/v2\/product"}],"about":[{"href":"https:\/\/researchchemicalhub.com\/is\/wp-json\/wp\/v2\/types\/product"}],"replies":[{"embeddable":true,"href":"https:\/\/researchchemicalhub.com\/is\/wp-json\/wp\/v2\/comments?post=23248"}],"version-history":[{"count":6,"href":"https:\/\/researchchemicalhub.com\/is\/wp-json\/wp\/v2\/product\/23248\/revisions"}],"predecessor-version":[{"id":28756,"href":"https:\/\/researchchemicalhub.com\/is\/wp-json\/wp\/v2\/product\/23248\/revisions\/28756"}],"wp:featuredmedia":[{"embeddable":true,"href":"https:\/\/researchchemicalhub.com\/is\/wp-json\/wp\/v2\/media\/28508"}],"wp:attachment":[{"href":"https:\/\/researchchemicalhub.com\/is\/wp-json\/wp\/v2\/media?parent=23248"}],"wp:term":[{"taxonomy":"product_brand","embeddable":true,"href":"https:\/\/researchchemicalhub.com\/is\/wp-json\/wp\/v2\/product_brand?post=23248"},{"taxonomy":"product_cat","embeddable":true,"href":"https:\/\/researchchemicalhub.com\/is\/wp-json\/wp\/v2\/product_cat?post=23248"},{"taxonomy":"product_tag","embeddable":true,"href":"https:\/\/researchchemicalhub.com\/is\/wp-json\/wp\/v2\/product_tag?post=23248"}],"curies":[{"name":"wp","href":"https:\/\/api.w.org\/{rel}","templated":true}]}}