{"id":23193,"date":"2025-04-13T17:39:18","date_gmt":"2025-04-13T17:39:18","guid":{"rendered":"https:\/\/researchchemicalhub.com\/?post_type=product&#038;p=23193"},"modified":"2025-10-30T12:10:44","modified_gmt":"2025-10-30T12:10:44","slug":"2f-dck-hcl","status":"publish","type":"product","link":"https:\/\/researchchemicalhub.com\/is\/bud\/kaupa-2-kronur\/2f-dck-hcl\/","title":{"rendered":"2F-DCK HCl (2-fl\u00faordeskl\u00f3roketam\u00edn)"},"content":{"rendered":"<h1><strong>2F DCK HCl (2-fl\u00faordeskl\u00f3roketam\u00ednh\u00fddr\u00f3kl\u00f3r\u00ed\u00f0) \u2013 V\u00edsindaleg v\u00f6rul\u00fdsing<\/strong><\/h1>\n<hr \/>\n<h3>Almennir eiginleikar<\/h3>\n<p>2F DCK HCl er fl\u00faoru\u00f0 hli\u00f0st\u00e6\u00f0a ketam\u00edns, f\u00ednstillt fyrir taugalyfjafr\u00e6\u00f0ilegar ranns\u00f3knir. \u00deetta efnasamband er veri\u00f0 a\u00f0 rannsaka fyrir m\u00f6guleika \u00feess sem NMDA vi\u00f0takast\u00fdri. <a href=\"http:\/\/google.nl\" target=\"_blank\" rel=\"noopener\">og<\/a> Veitir inns\u00fdn \u00ed hvernig hal\u00f3genering hefur \u00e1hrif \u00e1 lyfjafr\u00e6\u00f0ilega eiginleika. Eing\u00f6ngu \u00e6tla\u00f0 til notkunar \u00e1 ranns\u00f3knarstofum.<a href=\"https:\/\/researchchemicalhub.com\/is\/bud\/iboga-ibogain\/iboga-rotarborkur\/\">Iboga r\u00f3tarb\u00f6rkur<\/a><\/p>\n<hr \/>\n<h3>Efnafr\u00e6\u00f0ilegar uppl\u00fdsingar<\/h3>\n<ul>\n<li><strong>IUPAC nafn:<\/strong> 2-(2-fl\u00faorfen\u00fdl)-2-(met\u00fdlam\u00edn\u00f3)s\u00fdkl\u00f3hexan\u00f3nh\u00fddr\u00f3kl\u00f3r\u00ed\u00f0<\/li>\n<li><strong>Sameindaform\u00fala:<\/strong> C\u2081\u2083H\u2081\u2087ClFNO3<\/li>\n<li><strong>Sameindamassi:<\/strong> 257,73 g\/m\u00f3l<\/li>\n<li><strong>CAS-n\u00famer:<\/strong> Ekki skr\u00e1\u00f0 opinberlega<\/li>\n<li><strong>Hreinleiki:<\/strong> \u226599% (HPLC-UV sta\u00f0fest)<\/li>\n<li><strong>\u00datlit:<\/strong> Hv\u00edtt kristalla\u00f0 duft<\/li>\n<li><strong>Leysni:<\/strong> 87 mg\/ml \u00ed vatni vi\u00f0 25\u00b0C<\/li>\n<\/ul>\n<hr \/>\n<h3>V\u00edsindaleg notkun<\/h3>\n<ol>\n<li>Ranns\u00f3knir \u00e1 v\u00edxlverkun NMDA vi\u00f0taka<\/li>\n<li>Greining \u00e1 taugamyndandi m\u00f6guleikum<\/li>\n<li>Ranns\u00f3knir \u00e1 \u00e1hrifum hal\u00f3gena \u00e1 virkni vi\u00f0taka<\/li>\n<li>Samanbur\u00f0ur \u00e1 lyfjahv\u00f6rfum vi\u00f0 ketam\u00edn og hli\u00f0st\u00e6\u00f0ur<\/li>\n<li>Au\u00f0kenning og pr\u00f3fun efnaskipta<\/li>\n<\/ol>\n<hr \/>\n<h3>\u00d6ryggisreglur<\/h3>\n<ul>\n<li><strong>Pers\u00f3nuvernd:<\/strong>\n<ul>\n<li>Efna\u00feolnir gallar (tegund 4)<\/li>\n<li>Tv\u00f6faldur n\u00edtr\u00edlhanski (\u22650,12 mm)<\/li>\n<li>Samsett \u00f6ryggisgleraugu og \u00f6ndunargr\u00edma<\/li>\n<\/ul>\n<\/li>\n<li><strong>Vinnuumhverfi:<\/strong>\n<ul>\n<li>Einangrunarklefi fyrir neikv\u00e6\u00f0an \u00fer\u00fdsting krafist<\/li>\n<li>Loftv\u00f6ktun virk \u00ed duftvinnslu<\/li>\n<li>S\u00e9rst\u00f6k a\u00f0sta\u00f0a fyrir skyndihj\u00e1lp og m\u00f3tefni \u00ed bo\u00f0i<\/li>\n<\/ul>\n<\/li>\n<\/ul>\n<hr \/>\n<h3>Geymslu- og st\u00f6\u00f0ugleikabreytur 2F DCK HCl<\/h3>\n<ul>\n<li><strong>Langt\u00edmageymsla:<\/strong> -80\u00b0C, loftt\u00e6mt pakka\u00f0<\/li>\n<li><strong>Skammt\u00edmageymsla:<\/strong> -20\u00b0C undir argoni<\/li>\n<li><strong>Lj\u00f3sn\u00e6mi:<\/strong> Flokkur Ib (m\u00e6lt me\u00f0 gulbr\u00fanu gleri)<\/li>\n<li><strong>Rakastj\u00f3rnun:<\/strong> &lt;20% RH me\u00f0 sameindasigtum<\/li>\n<li><strong>St\u00f6\u00f0ugleiki:<\/strong>\n<ul>\n<li>24 m\u00e1nu\u00f0ir vi\u00f0 -80\u00b0C<\/li>\n<li>3 m\u00e1nu\u00f0ir vi\u00f0 -20\u00b0C<\/li>\n<li>72 klukkustundir vi\u00f0 4\u00b0C<\/li>\n<\/ul>\n<\/li>\n<\/ul>\n<hr \/>\n<h3>G\u00e6\u00f0atrygging<\/h3>\n<ol>\n<li><strong>Litskiljun:<\/strong>\n<ul>\n<li>UPLC-PDA fyrir hreinleika<\/li>\n<li>GC-MS til a\u00f0 finna au\u00f0kenni<\/li>\n<li>HILIC-MS til a\u00f0 sta\u00f0festa p\u00f3lun<\/li>\n<\/ul>\n<\/li>\n<li><strong>Kristallafr\u00e6\u00f0i:<\/strong> PXRD greining<\/li>\n<li><strong>Greining \u00e1 frumefnum:<\/strong> CHNS-O pr\u00f3f\u00edll<\/li>\n<li><strong>Sams\u00e6tugreining:<\/strong> IRMS til a\u00f0 \u00e1kvar\u00f0a uppruna<\/li>\n<li><strong>Leifar af leysiefnum:<\/strong> HS-GC greining<\/li>\n<\/ol>\n<hr \/>\n<h3>Tilt\u00e6k ranns\u00f3knarform<\/h3>\n<ul>\n<li>250 mg (forkl\u00edn\u00edsk notkun)<\/li>\n<li>1 g (full lyfjafr\u00e6\u00f0ileg greining)<\/li>\n<li>5 g (SAR ranns\u00f3knir)<\/li>\n<li>10 g (\u00ed st\u00f3rum st\u00edl)<\/li>\n<\/ul>\n<hr \/>\n<h3>Greiningarg\u00f6gn<\/h3>\n<ul>\n<li>UV\/VIS litr\u00f3f (200\u2013400 nm)<\/li>\n<li>FT-IR litr\u00f3f (400\u20134000 cm\u207b\u00b9)<\/li>\n<li>\u00b9H og \u00b9\u00b3C NMR (500 MHz)<\/li>\n<li>Massaspektrum (EI\/ESI)<\/li>\n<li>St\u00f6\u00f0ugleikask\u00fdrsla \u00ed samr\u00e6mi vi\u00f0 ICH Q1A(R2)<\/li>\n<li>Leysnipr\u00f3f\u00edl \u00ed l\u00edffr\u00e6\u00f0ilegum stu\u00f0p\u00fa\u00f0um<\/li>\n<li>Agnast\u00e6r\u00f0argreining (me\u00f0 rafeindasm\u00e1sj\u00e1)<\/li>\n<\/ul>\n<hr \/>\n<h3>Regluger\u00f0arrammi<\/h3>\n<ul>\n<li>A\u00f0eins leyft fyrir ranns\u00f3knir in vitro og ex vivo<\/li>\n<li>Ekki \u00e6tla\u00f0 til greiningar, notkunar fyrir menn e\u00f0a d\u00fdr.<\/li>\n<li>Fylgja skal stranglega l\u00f6gum innanlands og \u00e1 al\u00fej\u00f3\u00f0avettvangi<\/li>\n<li>Getur veri\u00f0 h\u00e1\u00f0 \u00fatflutningseftirliti (WA listi)<\/li>\n<li>Skyldubundi\u00f0 sam\u00feykki stofnana fyrir ranns\u00f3knarums\u00f3kn<\/li>\n<\/ul>\n<hr \/>\n<h3>Ranns\u00f3knarstu\u00f0ningur 2F DCK HCl<\/h3>\n<ul>\n<li>R\u00e1\u00f0leggingar um tilraunir me\u00f0 vi\u00f0takabindingu<\/li>\n<li>Mat \u00e1 samh\u00e6fni vi\u00f0 d\u00fdral\u00edk\u00f6n<\/li>\n<li>Au\u00f0kenning og greining \u00e1 efnaskiptum<\/li>\n<li>A\u00f0sto\u00f0 vi\u00f0 byggingarl\u00edk\u00f6n<\/li>\n<li>Lyfjahvarfafr\u00e6\u00f0ilegar sp\u00e1r fyrir margar tegundir<\/li>\n<\/ul>\n<hr \/>\n<h3>V\u00edsindalegt mikilv\u00e6gi<\/h3>\n<p>2F-DCK HCl b\u00fd\u00f0ur upp \u00e1 einstaka inns\u00fdn \u00ed:<\/p>\n<ul>\n<li>\u00c1hrif fl\u00faorskiptingar \u00e1 s\u00e9rt\u00e6kni NMDA vi\u00f0taka<\/li>\n<li>A\u00f0 komast \u00ed gegnum bl\u00f3\u00f0-heila\u00fer\u00f6skuldinn<\/li>\n<li>Samanbur\u00f0ur \u00e1 lyfjahv\u00f6rfum vi\u00f0 ketam\u00edn og skyld lyf<\/li>\n<li>Efnaskiptast\u00f6\u00f0ugleiki \u00ed l\u00edk\u00f6num manna og d\u00fdra. <a href=\"https:\/\/researchchemicalhub.com\/is\/bud\/top-10-research-chemicals\/caluanie-muelear-oxun\/\">Caluanie Muelear Oxidize<\/a><\/li>\n<\/ul>\n<hr \/>\n<p>Framlei\u00f0sla \u00e1 framlei\u00f0slulotum okkar er ger\u00f0 undir st\u00fdr\u00f0um skilyr\u00f0um sem l\u00edkjast cGMP me\u00f0 fullri rekjanleika og greiningu samkv\u00e6mt lyfjaskr\u00e1m til a\u00f0 tryggja \u00e1rei\u00f0anlegar ni\u00f0urst\u00f6\u00f0ur fyrir taugalyfjafr\u00e6\u00f0ilegar ranns\u00f3knir og greiningar.<a href=\"https:\/\/researchchemicalhub.com\/is\/bud\/lysergamid\/1cp-lsd\/\">1cP-LSD 150 MCG listabletti<\/a><\/p>","protected":false},"excerpt":{"rendered":"<p><span style=\"color: #008000;\"><strong><span style=\"vertical-align: inherit;\"><span style=\"vertical-align: inherit;\">N\u00da \u00c1 TILBO\u00d0I T\u00cdMABUNDIN 2 GR\u00d6MM FYRIR \u20ac35,-<\/span><\/span><\/strong><\/span><\/p>\n<h3><span style=\"vertical-align: inherit;\"><span style=\"vertical-align: inherit;\">Eiginleikar 2F-DCK HCL<\/span><\/span><\/h3>\n<p><strong><span style=\"vertical-align: inherit;\"><span style=\"vertical-align: inherit;\">Samheiti:<\/span><\/span><\/strong><span style=\"vertical-align: inherit;\"><span style=\"vertical-align: inherit;\"> 2-fl\u00faordeskl\u00f3roketam\u00edn <\/span><\/span><br \/>\n<strong><span style=\"vertical-align: inherit;\"><span style=\"vertical-align: inherit;\">CAS-n\u00famer:<\/span><\/span><\/strong><span style=\"vertical-align: inherit;\"><span style=\"vertical-align: inherit;\"> 111982-49-1 <\/span><\/span><br \/>\n<strong><span style=\"vertical-align: inherit;\"><span style=\"vertical-align: inherit;\">Form\u00fala:<\/span><\/span><\/strong><span style=\"vertical-align: inherit;\"><span style=\"vertical-align: inherit;\"> 2-(2-fl\u00faorfen\u00fdl)-2-(met\u00fdlam\u00edn\u00f3)-s\u00fdkl\u00f3hexan\u00f3n <\/span><\/span><br \/>\n<strong><span style=\"vertical-align: inherit;\"><span style=\"vertical-align: inherit;\">M\u00f3lmassi:<\/span><\/span><\/strong><span style=\"vertical-align: inherit;\"><span style=\"vertical-align: inherit;\"> 257,7 g\/m\u00f3l <\/span><\/span><br \/>\n<strong><span style=\"vertical-align: inherit;\"><span style=\"vertical-align: inherit;\">Hreinleiki:<\/span><\/span><\/strong><span style=\"vertical-align: inherit;\"><span style=\"vertical-align: inherit;\"> &gt;97%<\/span><\/span><\/p>","protected":false},"featured_media":28383,"comment_status":"closed","ping_status":"closed","template":"","meta":[],"product_brand":[82],"product_cat":[474,71],"product_tag":[273,1194,326],"class_list":{"0":"post-23193","1":"product","2":"type-product","3":"status-publish","4":"has-post-thumbnail","6":"product_brand-research-chemical","7":"product_cat-2f-dck-kopen","8":"product_cat-arylcyclohexylamine","9":"product_tag-2f-dck-hcl","10":"product_tag-2f-dck-hcl-kopen","11":"product_tag-nl","13":"first","14":"instock","15":"sale","16":"taxable","17":"shipping-taxable","18":"purchasable","19":"product-type-variable"},"_links":{"self":[{"href":"https:\/\/researchchemicalhub.com\/is\/wp-json\/wp\/v2\/product\/23193","targetHints":{"allow":["GET"]}}],"collection":[{"href":"https:\/\/researchchemicalhub.com\/is\/wp-json\/wp\/v2\/product"}],"about":[{"href":"https:\/\/researchchemicalhub.com\/is\/wp-json\/wp\/v2\/types\/product"}],"replies":[{"embeddable":true,"href":"https:\/\/researchchemicalhub.com\/is\/wp-json\/wp\/v2\/comments?post=23193"}],"version-history":[{"count":5,"href":"https:\/\/researchchemicalhub.com\/is\/wp-json\/wp\/v2\/product\/23193\/revisions"}],"predecessor-version":[{"id":26373,"href":"https:\/\/researchchemicalhub.com\/is\/wp-json\/wp\/v2\/product\/23193\/revisions\/26373"}],"wp:featuredmedia":[{"embeddable":true,"href":"https:\/\/researchchemicalhub.com\/is\/wp-json\/wp\/v2\/media\/28383"}],"wp:attachment":[{"href":"https:\/\/researchchemicalhub.com\/is\/wp-json\/wp\/v2\/media?parent=23193"}],"wp:term":[{"taxonomy":"product_brand","embeddable":true,"href":"https:\/\/researchchemicalhub.com\/is\/wp-json\/wp\/v2\/product_brand?post=23193"},{"taxonomy":"product_cat","embeddable":true,"href":"https:\/\/researchchemicalhub.com\/is\/wp-json\/wp\/v2\/product_cat?post=23193"},{"taxonomy":"product_tag","embeddable":true,"href":"https:\/\/researchchemicalhub.com\/is\/wp-json\/wp\/v2\/product_tag?post=23193"}],"curies":[{"name":"wp","href":"https:\/\/api.w.org\/{rel}","templated":true}]}}