{"id":27570,"date":"2025-10-20T07:05:38","date_gmt":"2025-10-20T07:05:38","guid":{"rendered":"https:\/\/researchchemicalhub.com\/?post_type=product&#038;p=27570"},"modified":"2025-10-21T05:49:34","modified_gmt":"2025-10-21T05:49:34","slug":"kupiti-4mmc","status":"publish","type":"product","link":"https:\/\/researchchemicalhub.com\/hr\/ducan\/okategoriserad\/kupiti-4mmc\/","title":{"rendered":"Kupite mefedron (4MMC)"},"content":{"rendered":"<h2 data-start=\"557\" data-end=\"590\"><strong data-start=\"560\" data-end=\"590\">\u0160to je bio mefedron (4-MMC)?<\/strong><\/h2>\n<p data-start=\"592\" data-end=\"923\">Mephedron, wieschaftlich bekannt als <strong data-start=\"632\" data-end=\"664\">4-metilmetakatinon (4-MMC)<\/strong>, je sinteti\u010dka tvar iz skupine <strong data-start=\"716\" data-end=\"729\">Katinone<\/strong>, koji kemijski mit <strong data-start=\"748\" data-end=\"764\">Amfetamini<\/strong> srodni ist. Urspr\u00fcnglich je po\u010detkom 2000-ih reklamiran kao &quot;Legal High&quot; ili &quot;Badesalz&quot;, promocija je bila zabranjena u najva\u017enijim L\u00e4ndern. <mark>kupiti 4mmc<\/mark><\/p>\n<p data-start=\"925\" data-end=\"1301\">Kemijski sintetiziran, mefedron djeluje kao <strong data-start=\"962\" data-end=\"975\">Poticaj<\/strong>, to je aktivnost sredi\u0161njeg \u017eiv\u010danog sustava. Ovo je odli\u010dan na\u010din signaliziranja euforije i ki\u0161e - najbolji na\u010din da se to shvati <strong data-start=\"1125\" data-end=\"1143\">MDMA (ekstazi)<\/strong> Oder <strong data-start=\"1149\" data-end=\"1159\">Kokain<\/strong>Da tvar nije regulirana i \u010desto kontaminirana ratom, f\u00fchrten <strong data-start=\"1230\" data-end=\"1272\">zdravstveni rizici i katastrofe<\/strong> me\u0111unarodno zabranjeno.<\/p>\n<h2 data-start=\"1308\" data-end=\"1345\"><strong data-start=\"1311\" data-end=\"1345\">Tko radi Mephedron u K\u00f6rperu?<\/strong><\/h2>\n<p data-start=\"1347\" data-end=\"1672\">Mefedron utje\u010de na koncentraciju neurotransmitera <strong data-start=\"1408\" data-end=\"1419\">Dopamin<\/strong>, <strong data-start=\"1421\" data-end=\"1434\">Serotonin<\/strong> i <strong data-start=\"1439\" data-end=\"1455\">Noradrenalin<\/strong> im Gehirn. Diese Botenstoffe sind f\u00fcr Stimmung, Motivatie und Wachheit odgovoran.<br data-start=\"1543\" data-end=\"1546\" \/>Tijekom ovog razdoblja njege, materijal \u0107e do\u0107i do kraja <strong data-start=\"1609\" data-end=\"1671\">Kurzzeitigen Gef\u00fchl von Euphorie, Energie und Geselligkeit<\/strong>.<\/p>\n<p data-start=\"1674\" data-end=\"1966\">Ali ti \u0107e umjetni\u010dki u\u010dinci i dalje postojati. Nach Abklingen der Wirkung kann es zu einem <strong data-start=\"1766\" data-end=\"1777\">Sru\u0161iti<\/strong> zdjele \u2013 \u017eivot u miru, putovanju ili depresiji. Bei wiederholtem Konsum bestht das risiko einer <strong data-start=\"1894\" data-end=\"1922\">psihi\u010dka apstinencija<\/strong> i jedan <strong data-start=\"1933\" data-end=\"1965\">Zamjena kemije gehrma<\/strong>.<\/p>\n<h2 data-start=\"1973\" data-end=\"2015\"><strong data-start=\"1976\" data-end=\"2015\">Kurzzeitige Wirkungen von Mephedron<\/strong><\/h2>\n<p data-start=\"2017\" data-end=\"2168\">Die Wirkung tritt in der Regel <strong data-start=\"2048\" data-end=\"2083\">unutarnja polovica od 15 do 45 minuta<\/strong> nakon Einnahme auf i h\u00e4lt etwa <strong data-start=\"2120\" data-end=\"2139\">2 do 4 sata<\/strong> jedan.<br data-start=\"2143\" data-end=\"2146\" \/>Tipi\u010dni u\u010dinci su:<\/p>\n<ul data-start=\"2170\" data-end=\"2333\">\n<li data-start=\"2170\" data-end=\"2206\">\n<p data-start=\"2172\" data-end=\"2206\">Gesteigerte Energie und Wachheit<\/p>\n<\/li>\n<li data-start=\"2207\" data-end=\"2251\">\n<p data-start=\"2209\" data-end=\"2251\">Erh\u00f6hte Geselligkeit und Gespr\u00e4chsfreude<\/p>\n<\/li>\n<li data-start=\"2252\" data-end=\"2284\">\n<p data-start=\"2254\" data-end=\"2284\">Steigertes Selbstvertrauen<\/p>\n<\/li>\n<li data-start=\"2285\" data-end=\"2333\">\n<p data-start=\"2287\" data-end=\"2333\">Intensivere Wahrnehmung von Musik und Farben<\/p>\n<\/li>\n<\/ul>\n<p data-start=\"2335\" data-end=\"2488\">Ovi u\u010dinci mogu brzo nestati <strong data-start=\"2375\" data-end=\"2405\">neo\u010dekivane posljedice<\/strong> bili su rije\u0161eni \u2013 z. B. Schlaflosigkeit, Gereiztheit oder Konzentrationsst\u00f6rungen.<\/p>\n<h2 data-start=\"2495\" data-end=\"2537\"><strong data-start=\"2498\" data-end=\"2537\">M\u00f6gliche Risiken und Nebenwirkungen<\/strong><\/h2>\n<h3 data-start=\"2539\" data-end=\"2573\"><strong data-start=\"2543\" data-end=\"2573\">Tjelesne nebenefrungen<\/strong><\/h3>\n<ul data-start=\"2575\" data-end=\"2779\">\n<li data-start=\"2575\" data-end=\"2606\">\n<p data-start=\"2577\" data-end=\"2606\">Erh\u00f6hter Puls und Blutdruck<\/p>\n<\/li>\n<li data-start=\"2607\" data-end=\"2649\">\n<p data-start=\"2609\" data-end=\"2649\">\u00dcberm\u00e4\u00dfiges Schwitzen und Dehydrierung<\/p>\n<\/li>\n<li data-start=\"2650\" data-end=\"2691\">\n<p data-start=\"2652\" data-end=\"2691\">Muskelspannungen und Kieferpressen<\/p>\n<\/li>\n<li data-start=\"2692\" data-end=\"2731\">\n<p data-start=\"2694\" data-end=\"2731\">Schlafprobleme und Appetitlosigkeit<\/p>\n<\/li>\n<li data-start=\"2732\" data-end=\"2779\">\n<p data-start=\"2734\" data-end=\"2779\">Rizik vlastitog \u017eivota <strong data-start=\"2747\" data-end=\"2777\">Hipertermija<\/strong><\/p>\n<\/li>\n<\/ul>\n<h3 data-start=\"2781\" data-end=\"2814\"><strong data-start=\"2785\" data-end=\"2814\">Psihi\u010dke nuspojave<\/strong><\/h3>\n<ul data-start=\"2816\" data-end=\"2967\">\n<li data-start=\"2816\" data-end=\"2851\">\n<p data-start=\"2818\" data-end=\"2851\">Anksioznost i napadi panike<\/p>\n<\/li>\n<li data-start=\"2852\" data-end=\"2885\">\n<p data-start=\"2854\" data-end=\"2885\">Paranoja ili haluzinacije<\/p>\n<\/li>\n<li data-start=\"2886\" data-end=\"2926\">\n<p data-start=\"2888\" data-end=\"2926\">Stimmungschwankungen i depresija<\/p>\n<\/li>\n<li data-start=\"2927\" data-end=\"2967\">\n<p data-start=\"2929\" data-end=\"2967\">Visoki rizik za <strong data-start=\"2949\" data-end=\"2965\">Abh\u00e4ngigkeit<\/strong><\/p>\n<\/li>\n<\/ul>\n<p data-start=\"2969\" data-end=\"3075\">Dugotrajna konzumacija mo\u017ee <strong data-start=\"2999\" data-end=\"3024\">Sustav za tr\u010danje sr\u010danog ciklusa<\/strong>, WHO <strong data-start=\"3030\" data-end=\"3039\">Jetra<\/strong> i to <strong data-start=\"3048\" data-end=\"3064\">\u017div\u010dani sustav<\/strong> o\u0161te\u0107enje.<\/p>\n<h2 data-start=\"3082\" data-end=\"3129\"><strong data-start=\"3085\" data-end=\"3129\">Rechtlicher Status von Mephedron (4-MMC)<\/strong><\/h2>\n<p data-start=\"3131\" data-end=\"3235\">Nach einem rasanten Anstieg des Missbrauchs wurde Mephedron <strong data-start=\"3191\" data-end=\"3202\">od 2010.<\/strong> zabranjeno u glavnim L\u00e4ndern.<\/p>\n<ul data-start=\"3237\" data-end=\"3584\">\n<li data-start=\"3237\" data-end=\"3348\">\n<p data-start=\"3239\" data-end=\"3348\"><strong data-start=\"3239\" data-end=\"3255\">Njema\u010dka:<\/strong> Stranica 2010. u <strong data-start=\"3269\" data-end=\"3302\">Zakon o poreznim propisima (BtMG)<\/strong> jer nije navedena sigurnost prometa.<\/p>\n<\/li>\n<li data-start=\"3349\" data-end=\"3439\">\n<p data-start=\"3351\" data-end=\"3439\"><strong data-start=\"3351\" data-end=\"3390\">Europska unija i Velika Britanija:<\/strong> Einstufung als verbotene psihotropne tvari.<\/p>\n<\/li>\n<li data-start=\"3440\" data-end=\"3513\">\n<p data-start=\"3442\" data-end=\"3513\"><strong data-start=\"3442\" data-end=\"3450\">SAD:<\/strong> U <strong data-start=\"3454\" data-end=\"3468\">Prilog I.<\/strong> donesen je Zakon o kontroliranim tvarima.<\/p>\n<\/li>\n<li data-start=\"3514\" data-end=\"3584\">\n<p data-start=\"3516\" data-end=\"3584\"><strong data-start=\"3516\" data-end=\"3540\">Australija i Kanada:<\/strong> Unter \u00e4hnlichen Gesetzen strogo zabranjeno.<\/p>\n<\/li>\n<\/ul>\n<h3 data-start=\"3586\" data-end=\"3621\"><strong data-start=\"3590\" data-end=\"3621\">Za\u0161to je 4-MMC zabranjen?<\/strong><\/h3>\n<p data-start=\"3623\" data-end=\"3884\">Regierungen reactierten auf eine Zunahme von <strong data-start=\"3667\" data-end=\"3704\">Krankenhausf\u00e4llen und Todesf\u00e4llen<\/strong> nakon Konsum von Mephedron.<br data-start=\"3735\" data-end=\"3738\" \/>Da die Substanz meist <strong data-start=\"3760\" data-end=\"3783\">ilegalno na internetu<\/strong> kupljene, jer nisu mogu\u0107e mjere kontrole kvalitete - faktor rizika za potro\u0161a\u010de.<\/p>\n<h2 data-start=\"3891\" data-end=\"3949\"><strong data-start=\"3894\" data-end=\"3949\">Prevencija i minimiziranje \u0161tete (smanjenje \u0161tete)<\/strong><\/h2>\n<p data-start=\"3951\" data-end=\"4125\">Ako je mefedron ilegalan, postaje zdravstvena organizacija za <strong data-start=\"4032\" data-end=\"4061\">Razja\u0161njenje i prevencija<\/strong> S vremena na vrijeme, sada \u0107e\u0161 biti ka\u017enjen.<br data-start=\"4092\" data-end=\"4095\" \/>Empfohlene Vorsichtsma\u00dfnahmen:<\/p>\n<ul data-start=\"4127\" data-end=\"4354\">\n<li data-start=\"4127\" data-end=\"4180\">\n<p data-start=\"4129\" data-end=\"4180\">Ne smije se kombinirati s drugim sredstvima za su\u0161enje ili alkoholom<\/p>\n<\/li>\n<li data-start=\"4181\" data-end=\"4242\">\n<p data-start=\"4183\" data-end=\"4242\">Ausreichend Wasser trinken, aber \u00dcberhydrierung vermeiden<\/p>\n<\/li>\n<li data-start=\"4243\" data-end=\"4287\">\n<p data-start=\"4245\" data-end=\"4287\">Pape izme\u0111u dvaju Konzumnih epizoda zavr\u0161avaju<\/p>\n<\/li>\n<li data-start=\"4288\" data-end=\"4354\">\n<p data-start=\"4290\" data-end=\"4354\">Slobodno nas kontaktirajte za vi\u0161e informacija<\/p>\n<\/li>\n<\/ul>\n<h3 data-start=\"4356\" data-end=\"4399\"><strong data-start=\"4360\" data-end=\"4399\">Warnsignale problematicen Consums<\/strong><\/h3>\n<ul data-start=\"4401\" data-end=\"4589\">\n<li data-start=\"4401\" data-end=\"4436\">\n<p data-start=\"4403\" data-end=\"4436\">H\u00e4ufiges \u201eNachlegen\u201c (ponovno doziranje)<\/p>\n<\/li>\n<li data-start=\"4437\" data-end=\"4499\">\n<p data-start=\"4439\" data-end=\"4499\">Vernachl\u00e4ssigung sozialer oder beruflicher Verpflichtungen<\/p>\n<\/li>\n<li data-start=\"4500\" data-end=\"4538\">\n<p data-start=\"4502\" data-end=\"4538\">Stimmungseinbr\u00fcche nach dem Konsum<\/p>\n<\/li>\n<li data-start=\"4539\" data-end=\"4589\">\n<p data-start=\"4541\" data-end=\"4589\">Zwanghafte Beschaffung oder Gedanken an Konsum<\/p>\n<\/li>\n<\/ul>\n<h2 data-start=\"4596\" data-end=\"4648\"><strong data-start=\"4599\" data-end=\"4648\">Trenutna istra\u017eivanja 4-MMC-a<\/strong><\/h2>\n<p data-start=\"4650\" data-end=\"5018\">Nove studije ka\u017eu da je 4-MMC dostupan online <strong data-start=\"4707\" data-end=\"4715\">MDMA<\/strong> Oder <strong data-start=\"4721\" data-end=\"4735\">Amfetamin<\/strong> koji mijenja Aussch\u00fcttung von Neurotransmitter.<br data-start=\"4785\" data-end=\"4788\" \/>Istra\u017eite meso iznad <strong data-start=\"4817\" data-end=\"4842\">neurotoksi\u010dni u\u010dinci<\/strong> i <strong data-start=\"4847\" data-end=\"4874\">kardiovaskularni rizik<\/strong> hin.<br data-start=\"4879\" data-end=\"4882\" \/>Znanstvenici to rade <strong data-start=\"4912\" data-end=\"4931\">daljnje studije<\/strong>, kako bi se dugoro\u010dni napredak mogao pobolj\u0161ati i kako bi se mogle provesti strategije provedbe.<\/p>\n<h2 data-start=\"5025\" data-end=\"5073\"><strong data-start=\"5028\" data-end=\"5073\">Sichere, legale Alternativen zu Mephedron<\/strong><\/h2>\n<p data-start=\"5075\" data-end=\"5184\">Wer nach Energie und Focus sucht, sollte af <strong data-start=\"5120\" data-end=\"5155\">legalne i testirane tvari<\/strong> zur\u00fcckgreifen. Dazu je \u010duo:<\/p>\n<ul data-start=\"5186\" data-end=\"5406\">\n<li data-start=\"5186\" data-end=\"5239\">\n<p data-start=\"5188\" data-end=\"5239\"><strong data-start=\"5188\" data-end=\"5211\">Kava i guarana<\/strong> (prirodne stimulacije)<\/p>\n<\/li>\n<li data-start=\"5240\" data-end=\"5296\">\n<p data-start=\"5242\" data-end=\"5296\"><strong data-start=\"5242\" data-end=\"5255\">L-teanin<\/strong> (u gr\u00fcnem Tee, f\u00f6rdert Konzentration)<\/p>\n<\/li>\n<li data-start=\"5297\" data-end=\"5347\">\n<p data-start=\"5299\" data-end=\"5347\"><strong data-start=\"5299\" data-end=\"5317\">Rhodiola rosea<\/strong> (Adaptogen protiv tjelesne te\u017eine)<\/p>\n<\/li>\n<li data-start=\"5348\" data-end=\"5406\">\n<p data-start=\"5350\" data-end=\"5406\"><strong data-start=\"5350\" data-end=\"5372\">Kompleks vitamina B<\/strong> za zabavne aktivnosti u slobodno vrijeme<\/p>\n<\/li>\n<\/ul>\n<p data-start=\"5408\" data-end=\"5500\">Solche Alternativen sind <strong data-start=\"5433\" data-end=\"5455\">sigurno i legalno<\/strong>, ako si odavde <strong data-start=\"5470\" data-end=\"5491\">testirane opruge<\/strong> plemena.<\/p>\n<h2 data-start=\"5507\" data-end=\"5544\"><strong data-start=\"5510\" data-end=\"5544\">H\u00e4ufig gestelte Fragen (FAQ)<\/strong><\/h2>\n<p data-start=\"5546\" data-end=\"5727\"><strong data-start=\"5546\" data-end=\"5598\">1. Wof\u00fcr wurde Mephedron urspr\u00fcnglich razma\u017een?<\/strong><br data-start=\"5598\" data-end=\"5601\" \/>Mefedron se tako\u0111er koristio kao &quot;istra\u017eiva\u010dka kemikalija&quot; za prodaju i za potro\u0161a\u010de kako bi se potaknuo promet.<\/p>\n<p data-start=\"5729\" data-end=\"5874\"><strong data-start=\"5729\" data-end=\"5767\">2. Je li 4-MMC heute irgendwo legalan?<\/strong><br data-start=\"5767\" data-end=\"5770\" \/>Ne, u svim zemljama mefedron je zabranjen. Va\u017eno je poslu\u0161ati Bet\u00e4ubungsmittel.<\/p>\n<p data-start=\"5876\" data-end=\"6062\"><strong data-start=\"5876\" data-end=\"5925\">3. Postoje li alternative za mefedron?<\/strong><br data-start=\"5925\" data-end=\"5928\" \/>Da, prirodni ili legalni Aufputschmittel s kofeinom, teaninom ili svje\u017ea adaptogena cikla imaju u\u010dinak unato\u010d visokim rizicima.<\/p>\n<p data-start=\"5876\" data-end=\"6062\"><a href=\"https:\/\/researchchemicalhub.com\/hr\/ducan\/okategoriserad\/benzokain-u-prahu\/\">benzokain u prahu<\/a><a href=\"https:\/\/researchchemicalhub.com\/hr\/ducan\/okategoriserad\/kupiti-fentanil\/\">kupiti fentanil<\/a><a href=\"https:\/\/researchchemicalhub.com\/hr\/ducan\/iboga-ibogain\/kora-korijena-iboge\/\">kora korijena iboge<\/a><a href=\"https:\/\/researchchemicalhub.com\/hr\/ducan\/iboga-ibogain\/kupiti-ibogu\/\">kupiti ibogu<\/a><a href=\"https:\/\/researchchemicalhub.com\/hr\/ducan\/iboga-ibogain\/kupiti-ibogain-hidroklorid-online\/\">kupiti ibogain hidroklorid online<\/a><\/p>","protected":false},"excerpt":{"rendered":"<p>\u0160to je mefedron (4-MMC)? Mefedron, poznat kao 4-metilmetakatinon (4-MMC), sinteti\u010dka je tvar iz skupine katinona, koja<\/p>","protected":false},"featured_media":27571,"comment_status":"open","ping_status":"closed","template":"","meta":[],"product_brand":[],"product_cat":[1085],"product_tag":[],"class_list":{"0":"post-27570","1":"product","2":"type-product","3":"status-publish","4":"has-post-thumbnail","6":"product_cat-okategoriserad","8":"first","9":"instock","10":"taxable","11":"shipping-taxable","12":"purchasable","13":"product-type-variable"},"_links":{"self":[{"href":"https:\/\/researchchemicalhub.com\/hr\/wp-json\/wp\/v2\/product\/27570","targetHints":{"allow":["GET"]}}],"collection":[{"href":"https:\/\/researchchemicalhub.com\/hr\/wp-json\/wp\/v2\/product"}],"about":[{"href":"https:\/\/researchchemicalhub.com\/hr\/wp-json\/wp\/v2\/types\/product"}],"replies":[{"embeddable":true,"href":"https:\/\/researchchemicalhub.com\/hr\/wp-json\/wp\/v2\/comments?post=27570"}],"version-history":[{"count":4,"href":"https:\/\/researchchemicalhub.com\/hr\/wp-json\/wp\/v2\/product\/27570\/revisions"}],"predecessor-version":[{"id":27704,"href":"https:\/\/researchchemicalhub.com\/hr\/wp-json\/wp\/v2\/product\/27570\/revisions\/27704"}],"wp:featuredmedia":[{"embeddable":true,"href":"https:\/\/researchchemicalhub.com\/hr\/wp-json\/wp\/v2\/media\/27571"}],"wp:attachment":[{"href":"https:\/\/researchchemicalhub.com\/hr\/wp-json\/wp\/v2\/media?parent=27570"}],"wp:term":[{"taxonomy":"product_brand","embeddable":true,"href":"https:\/\/researchchemicalhub.com\/hr\/wp-json\/wp\/v2\/product_brand?post=27570"},{"taxonomy":"product_cat","embeddable":true,"href":"https:\/\/researchchemicalhub.com\/hr\/wp-json\/wp\/v2\/product_cat?post=27570"},{"taxonomy":"product_tag","embeddable":true,"href":"https:\/\/researchchemicalhub.com\/hr\/wp-json\/wp\/v2\/product_tag?post=27570"}],"curies":[{"name":"radni list","href":"https:\/\/api.w.org\/{rel}","templated":true}]}}