{"id":26126,"date":"2025-10-20T01:31:17","date_gmt":"2025-10-20T01:31:17","guid":{"rendered":"https:\/\/researchchemicalhub.com\/?post_type=product&#038;p=26126"},"modified":"2025-10-21T05:53:39","modified_gmt":"2025-10-21T05:53:39","slug":"kupiti-ibogu","status":"publish","type":"product","link":"https:\/\/researchchemicalhub.com\/hr\/ducan\/iboga-ibogain\/kupiti-ibogu\/","title":{"rendered":"Kupite Ibogu TA"},"content":{"rendered":"<h2>Kupite Ibogu TA<\/h2>\n<p>iboga\u200b, Kupite Iboga TA, TA je kratica za \u201eukupni alkaloid\u201c. Iboga TA je ekstrakt koji sadr\u017ei sve alkaloide prisutne u kori korijena iboge. Alkaloidi se mogu relativno lako ekstrahirati iz kore korijena putem kiselo-bazne ekstrakcije. kupite ibogu online<\/p>\n<p>Znanstvena istra\u017eivanja pokazuju drasti\u010dno smanjenje simptoma odvikavanja nakon uzimanja kore korijena iboge ili ekstrakata poznatih kao HCL i TA, do te mjere da se gotovo potpuno razgra\u0111uje. Istra\u017eivanja pokazuju da su tretmani s 90% uspje\u0161ni i da \u010dak i mjesecima nakon tretmana pacijenti nemaju potrebu za recidivom. Osim \u0161to razbija ovisnost, daje pacijentima jasno\u0107u i uvid u vlastite \u017eivote.<\/p>\n<p>Vr\u0161imo otpremu i pakiranje iboga praha s profesionalno\u0161\u0107u kako bismo osigurali uspje\u0161nu dostavu 100%. Nudimo stru\u010dne usluge do na\u0161ih odredi\u0161ta, a na va\u0161 poziv i upit mo\u017eemo vam dostaviti imenike o na\u010dinu upotrebe, doziranju i drugim bitnim podacima. <a href=\"https:\/\/researchchemicalhub.com\/hr\/ducan\/okategoriserad\/kupiti-4mmc\/\">kupiti 4mmc<\/a><a href=\"https:\/\/researchchemicalhub.com\/hr\/ducan\/iboga-ibogain\/kora-korijena-iboge\/\">kora korijena iboge<\/a><a href=\"https:\/\/researchchemicalhub.com\/hr\/ducan\/iboga-ibogain\/kupiti-ibogain-hidroklorid-online\/\">kupiti ibogain hidroklorid online<\/a><a href=\"https:\/\/researchchemicalhub.com\/hr\/ducan\/lisergamidi\/1cp-lsd-a\/\">1cp LSD-a<\/a><a href=\"https:\/\/researchchemicalhub.com\/hr\/ducan\/pelete-za-pelete\/o-dsmt-50-mg-pelete\/\">o-dsmt<\/a><\/p>","protected":false},"excerpt":{"rendered":"<p>Kupite Iboga TA kupite iboga\u200b, Kupite Iboga TA, TA je kratica za &quot;ukupni alkaloid&quot;. Iboga TA je ekstrakt koji sadr\u017ei sve<\/p>","protected":false},"featured_media":26147,"comment_status":"closed","ping_status":"closed","template":"","meta":[],"product_brand":[],"product_cat":[908],"product_tag":[1091,1090],"class_list":{"0":"post-26126","1":"product","2":"type-product","3":"status-publish","4":"has-post-thumbnail","6":"product_cat-iboga-ibogaine","7":"product_tag-iboga","8":"product_tag-iboga-kopen","10":"first","11":"instock","12":"taxable","13":"shipping-taxable","14":"purchasable","15":"product-type-variable"},"_links":{"self":[{"href":"https:\/\/researchchemicalhub.com\/hr\/wp-json\/wp\/v2\/product\/26126","targetHints":{"allow":["GET"]}}],"collection":[{"href":"https:\/\/researchchemicalhub.com\/hr\/wp-json\/wp\/v2\/product"}],"about":[{"href":"https:\/\/researchchemicalhub.com\/hr\/wp-json\/wp\/v2\/types\/product"}],"replies":[{"embeddable":true,"href":"https:\/\/researchchemicalhub.com\/hr\/wp-json\/wp\/v2\/comments?post=26126"}],"version-history":[{"count":3,"href":"https:\/\/researchchemicalhub.com\/hr\/wp-json\/wp\/v2\/product\/26126\/revisions"}],"predecessor-version":[{"id":27690,"href":"https:\/\/researchchemicalhub.com\/hr\/wp-json\/wp\/v2\/product\/26126\/revisions\/27690"}],"wp:featuredmedia":[{"embeddable":true,"href":"https:\/\/researchchemicalhub.com\/hr\/wp-json\/wp\/v2\/media\/26147"}],"wp:attachment":[{"href":"https:\/\/researchchemicalhub.com\/hr\/wp-json\/wp\/v2\/media?parent=26126"}],"wp:term":[{"taxonomy":"product_brand","embeddable":true,"href":"https:\/\/researchchemicalhub.com\/hr\/wp-json\/wp\/v2\/product_brand?post=26126"},{"taxonomy":"product_cat","embeddable":true,"href":"https:\/\/researchchemicalhub.com\/hr\/wp-json\/wp\/v2\/product_cat?post=26126"},{"taxonomy":"product_tag","embeddable":true,"href":"https:\/\/researchchemicalhub.com\/hr\/wp-json\/wp\/v2\/product_tag?post=26126"}],"curies":[{"name":"radni list","href":"https:\/\/api.w.org\/{rel}","templated":true}]}}