{"id":26118,"date":"2025-10-20T01:31:17","date_gmt":"2025-10-20T01:31:17","guid":{"rendered":"https:\/\/researchchemicalhub.com\/?post_type=product&#038;p=26118"},"modified":"2025-10-21T05:53:14","modified_gmt":"2025-10-21T05:53:14","slug":"sjemenke-iboge","status":"publish","type":"product","link":"https:\/\/researchchemicalhub.com\/hr\/ducan\/okategoriserad\/sjemenke-iboge\/","title":{"rendered":"Sjemenke iboge"},"content":{"rendered":"<h2>kupiti sjemenke iboge<\/h2>\n<p>Kupite sjemenke iboge. Tabernanthe iboga je \u010dlan porodice Apocynaceae, porijeklom iz vla\u017enih tropskih podru\u010dja zapadno-sredi\u0161nje Afrike, uglavnom Konga i Gabona. Uobi\u010dajeni nazivi uklju\u010duju Iboga, Eboka i Eboga. Tabernanthe je mali rod koji obuhva\u0107a samo dvije vrste, T.<a href=\"https:\/\/caluanieoxidizeshop.com\" target=\"_blank\" rel=\"noopener\">.<\/a> iboga i T. elliptica (ova vrsta ima bodljikave plodove sli\u010dne Datura spp.). Zabilje\u017eeno je da se dvije vrste mogu kri\u017eno opra\u0161ivati kako bi proizvele plodni hibrid (<em>Iboga i Ibogain, Nico Dauphin<\/em>). sjemenke iboge, sjemenke iboge tabernanthe, sjemenke biljke iboga, kupite sjemenke iboge<\/p>\n<p>Tabernanthe su drvenaste biljke endemske za vla\u017ene tropske \u0161ume. Grmovi Tabernanthe obi\u010dno narastu do visine od pola metra do dva metra. Grane se javljaju u parovima, a dva vitka, pedunkulasta cvata pojavljuju se u parovima odmah iznad to\u010daka grananja. Tabernanthe tako\u0111er ima brakteje nalik \u010da\u0161i\u010dnom listu i uo\u010dljive o\u017eiljke na listovima. Kao i mnogi drugi \u010dlanovi porodice Apocynaceae<a href=\"https:\/\/caluanieoxidizeshop.com\/product\/caluanie-muelear-oxidize-for-sale\/\" target=\"_blank\" rel=\"noopener\">,<\/a> Tabernanthe karakterizira mlije\u010dni sok i pojava mnogih korisnih alkaloida u kori, li\u0161\u0107u i korijenu (Iboga i Ibogain, Nico Dauphin). <a href=\"https:\/\/researchchemicalhub.com\/hr\/ducan\/top-10-research-chemicals\/oksidacija-kaluanije-muelear\/\">Caluanie Muelear oksidira<\/a><a href=\"https:\/\/researchchemicalhub.com\/hr\/ducan\/vage\/digitalna-cs-vaga\/\">Digitalna CS vaga \u2013 100 g x 0,01 g<\/a><a href=\"https:\/\/researchchemicalhub.com\/hr\/ducan\/top-10-research-chemicals\/djelovanje-pirazolama\/\">Pirazolam 2,5 mg pelete<\/a><a href=\"https:\/\/researchchemicalhub.com\/hr\/ducan\/vage\/digitalna-mini-vaga-za-tenkove\/\">Digitalna mini vaga za spremnike \u2013 20 g x 0,001 g<\/a><a href=\"https:\/\/researchchemicalhub.com\/hr\/ducan\/vage\/digitalna-bio-mini-vaga\/\">Digitalna bio mini vaga \u2013 20 g x 0,001 g<\/a><\/p>","protected":false},"excerpt":{"rendered":"<p>$1 Po vo\u0107u, Minimalna narud\u017eba = 100 vo\u0107a<\/p>","protected":false},"featured_media":26143,"comment_status":"closed","ping_status":"closed","template":"","meta":[],"product_brand":[],"product_cat":[1085],"product_tag":[912,911,909,910],"class_list":{"0":"post-26118","1":"product","2":"type-product","3":"status-publish","4":"has-post-thumbnail","6":"product_cat-okategoriserad","7":"product_tag-buy-iboga-seeds","8":"product_tag-iboga-plant-seeds","9":"product_tag-iboga-seeds","10":"product_tag-tabernanthe-iboga-seeds","12":"first","13":"instock","14":"taxable","15":"shipping-taxable","16":"purchasable","17":"product-type-simple"},"_links":{"self":[{"href":"https:\/\/researchchemicalhub.com\/hr\/wp-json\/wp\/v2\/product\/26118","targetHints":{"allow":["GET"]}}],"collection":[{"href":"https:\/\/researchchemicalhub.com\/hr\/wp-json\/wp\/v2\/product"}],"about":[{"href":"https:\/\/researchchemicalhub.com\/hr\/wp-json\/wp\/v2\/types\/product"}],"replies":[{"embeddable":true,"href":"https:\/\/researchchemicalhub.com\/hr\/wp-json\/wp\/v2\/comments?post=26118"}],"version-history":[{"count":4,"href":"https:\/\/researchchemicalhub.com\/hr\/wp-json\/wp\/v2\/product\/26118\/revisions"}],"predecessor-version":[{"id":26155,"href":"https:\/\/researchchemicalhub.com\/hr\/wp-json\/wp\/v2\/product\/26118\/revisions\/26155"}],"wp:featuredmedia":[{"embeddable":true,"href":"https:\/\/researchchemicalhub.com\/hr\/wp-json\/wp\/v2\/media\/26143"}],"wp:attachment":[{"href":"https:\/\/researchchemicalhub.com\/hr\/wp-json\/wp\/v2\/media?parent=26118"}],"wp:term":[{"taxonomy":"product_brand","embeddable":true,"href":"https:\/\/researchchemicalhub.com\/hr\/wp-json\/wp\/v2\/product_brand?post=26118"},{"taxonomy":"product_cat","embeddable":true,"href":"https:\/\/researchchemicalhub.com\/hr\/wp-json\/wp\/v2\/product_cat?post=26118"},{"taxonomy":"product_tag","embeddable":true,"href":"https:\/\/researchchemicalhub.com\/hr\/wp-json\/wp\/v2\/product_tag?post=26118"}],"curies":[{"name":"radni list","href":"https:\/\/api.w.org\/{rel}","templated":true}]}}