{"id":24961,"date":"2025-10-20T17:43:53","date_gmt":"2025-10-20T17:43:53","guid":{"rendered":"https:\/\/researchchemicalhub.com\/?post_type=product&#038;p=24961"},"modified":"2025-10-28T22:38:22","modified_gmt":"2025-10-28T22:38:22","slug":"o-dsmt-50-mg-pelete","status":"publish","type":"product","link":"https:\/\/researchchemicalhub.com\/hr\/ducan\/o-dsmt\/o-dsmt-50-mg-pelete\/","title":{"rendered":"O-DSMT pelete od 50 mg"},"content":{"rendered":"<h1 data-start=\"399\" data-end=\"488\"><strong data-start=\"401\" data-end=\"488\">O-DSMT (O-desmetiltramadol) \u2013 Znanstvene informacije i analiti\u010dki pregled<\/strong><\/h1>\n<p data-start=\"490\" data-end=\"739\"><strong data-start=\"490\" data-end=\"512\">Meta opis:<\/strong><br data-start=\"512\" data-end=\"515\" \/>O-DSMT (O-desmetiltramadol) je istra\u017eiva\u010dki lijek i farmakolo\u0161ki aktivni metabolit tramadola. Saznajte vi\u0161e o kemijskoj strukturi, mehanizmu djelovanja, znanstvenoj relevantnosti i sigurnosnim aspektima O-DSMT-a.<\/p>\n<hr data-start=\"741\" data-end=\"744\" \/>\n<h2 data-start=\"746\" data-end=\"762\"><strong data-start=\"749\" data-end=\"762\">Uvod<\/strong><\/h2>\n<p data-start=\"764\" data-end=\"1036\"><strong data-start=\"764\" data-end=\"796\">O-desmetiltramadol (O-DSMT)<\/strong> je <strong data-start=\"804\" data-end=\"831\">sinteti\u010dki spoj<\/strong> koji pripada grupi <strong data-start=\"861\" data-end=\"883\">opioidni analgetici<\/strong>To je <strong data-start=\"895\" data-end=\"930\">aktivni metabolit tramadola<\/strong>, analgetik koji se koristi diljem svijeta za lije\u010denje umjerene do jake boli.<\/p>\n<p data-start=\"1038\" data-end=\"1395\">O-DSMT se stvara u tijelu kada se tramadol metabolizira u jetri putem enzima CYP2D6. Ovaj metabolit je <strong data-start=\"1154\" data-end=\"1221\">odgovoran za veliki dio analgetskog u\u010dinka<\/strong> tramadola. U istra\u017eiva\u010dkom kontekstu, O-DSMT se prou\u010dava kako bi se <strong data-start=\"1287\" data-end=\"1348\">farmakolo\u0161ko djelovanje, aktivnost receptora i sigurnost<\/strong> kako bi bolje razumjeli opioidne spojeve.<\/p>\n<p data-start=\"1397\" data-end=\"1601\">O-DSMT se ponekad spominje u znanstvenoj literaturi o <strong data-start=\"1460\" data-end=\"1498\">nove psihoaktivne tvari (NPS)<\/strong> i <strong data-start=\"1502\" data-end=\"1529\">forenzi\u010dka toksikologija<\/strong>, ali jest <strong data-start=\"1543\" data-end=\"1600\">nije odobreno za ljudsku upotrebu ili konzumaciju<\/strong>.<\/p>\n<hr data-start=\"1603\" data-end=\"1606\" \/>\n<h2 data-start=\"1608\" data-end=\"1653\"><strong data-start=\"1611\" data-end=\"1653\">Klju\u010dne zna\u010dajke<\/strong><\/h2>\n<div class=\"_tableContainer_1rjym_1\">\n<div class=\"group _tableWrapper_1rjym_13 flex w-fit flex-col-reverse\" tabindex=\"-1\">\n<table class=\"w-fit min-w-(--thread-content-width)\" data-start=\"1655\" data-end=\"2176\">\n<thead data-start=\"1655\" data-end=\"1692\">\n<tr data-start=\"1655\" data-end=\"1692\">\n<th data-start=\"1655\" data-end=\"1672\" data-col-size=\"sm\"><strong data-start=\"1657\" data-end=\"1671\">Karakteristi\u010dno<\/strong><\/th>\n<th data-start=\"1672\" data-end=\"1692\" data-col-size=\"md\"><strong data-start=\"1674\" data-end=\"1690\">Opis<\/strong><\/th>\n<\/tr>\n<\/thead>\n<tbody data-start=\"1732\" data-end=\"2176\">\n<tr data-start=\"1732\" data-end=\"1776\">\n<td data-start=\"1732\" data-end=\"1753\" data-col-size=\"sm\"><strong data-start=\"1734\" data-end=\"1752\">Puno ime<\/strong><\/td>\n<td data-start=\"1753\" data-end=\"1776\" data-col-size=\"md\">O-desmetiltramadol<\/td>\n<\/tr>\n<tr data-start=\"1777\" data-end=\"1814\">\n<td data-start=\"1777\" data-end=\"1801\" data-col-size=\"sm\"><strong data-start=\"1779\" data-end=\"1800\">Kemijska formula<\/strong><\/td>\n<td data-start=\"1801\" data-end=\"1814\" data-col-size=\"md\">C\u2081\u2085H\u2082\u2083NO\u2082<\/td>\n<\/tr>\n<tr data-start=\"1815\" data-end=\"1851\">\n<td data-start=\"1815\" data-end=\"1835\" data-col-size=\"sm\"><strong data-start=\"1817\" data-end=\"1834\">Molarna masa<\/strong><\/td>\n<td data-col-size=\"md\" data-start=\"1835\" data-end=\"1851\">249,35 g\/mol<\/td>\n<\/tr>\n<tr data-start=\"1852\" data-end=\"1919\">\n<td data-start=\"1852\" data-end=\"1875\" data-col-size=\"sm\"><strong data-start=\"1854\" data-end=\"1874\">Kemijska klasa<\/strong><\/td>\n<td data-start=\"1875\" data-end=\"1919\" data-col-size=\"md\">Sintetski opioid; metabolit tramadola<\/td>\n<\/tr>\n<tr data-start=\"1920\" data-end=\"1979\">\n<td data-start=\"1920\" data-end=\"1950\" data-col-size=\"sm\"><strong data-start=\"1922\" data-end=\"1949\">Farmakolo\u0161ko djelovanje<\/strong><\/td>\n<td data-col-size=\"md\" data-start=\"1950\" data-end=\"1979\">agonist \u03bc-opioidnih receptora<\/td>\n<\/tr>\n<tr data-start=\"1980\" data-end=\"2042\">\n<td data-start=\"1980\" data-end=\"1997\" data-col-size=\"sm\"><strong data-start=\"1982\" data-end=\"1996\">Primjena<\/strong><\/td>\n<td data-col-size=\"md\" data-start=\"1997\" data-end=\"2042\">Farmakolo\u0161ka i toksikolo\u0161ka istra\u017eivanja<\/td>\n<\/tr>\n<tr data-start=\"2043\" data-end=\"2097\">\n<td data-start=\"2043\" data-end=\"2054\" data-col-size=\"sm\"><strong data-start=\"2045\" data-end=\"2053\">Oblik<\/strong><\/td>\n<td data-col-size=\"md\" data-start=\"2054\" data-end=\"2097\">Referentna tvar za laboratorijsku analizu<\/td>\n<\/tr>\n<tr data-start=\"2098\" data-end=\"2176\">\n<td data-start=\"2098\" data-end=\"2122\" data-col-size=\"sm\"><strong data-start=\"2100\" data-end=\"2121\">Pravni status<\/strong><\/td>\n<td data-col-size=\"md\" data-start=\"2122\" data-end=\"2176\">Regulirano zakonima o opioidima u mnogim zemljama<\/td>\n<\/tr>\n<\/tbody>\n<\/table>\n<\/div>\n<\/div>\n<hr data-start=\"2178\" data-end=\"2181\" \/>\n<h2 data-start=\"2183\" data-end=\"2238\"><strong data-start=\"2186\" data-end=\"2238\">Znanstvena relevantnost i istra\u017eiva\u010dka vrijednost<\/strong><\/h2>\n<ul data-start=\"2240\" data-end=\"3199\">\n<li data-start=\"2240\" data-end=\"2514\">\n<p data-start=\"2242\" data-end=\"2514\"><strong data-start=\"2242\" data-end=\"2270\">Farmakolo\u0161ka istra\u017eivanja<\/strong><br data-start=\"2270\" data-end=\"2273\" \/>O-DSMT se koristi za <strong data-start=\"2303\" data-end=\"2335\">mehanizmi ubla\u017eavanja boli<\/strong> Bolje razumjeti i usporediti ga s drugim opioidnim agonistima. To poma\u017ee istra\u017eiva\u010dima da steknu uvid u selektivnost receptora, metaboli\u010dke putove i strukturne varijacije.<\/p>\n<\/li>\n<li data-start=\"2516\" data-end=\"2769\">\n<p data-start=\"2518\" data-end=\"2769\"><strong data-start=\"2518\" data-end=\"2544\">Toksikolo\u0161ka analiza<\/strong><br data-start=\"2544\" data-end=\"2547\" \/>U forenzi\u010dkim i klini\u010dkim toksikolo\u0161kim laboratorijima, O-DSMT se koristi kao <strong data-start=\"2629\" data-end=\"2663\">referentna ili kalibracijska tvar<\/strong> analizirati biolo\u0161ke uzorke (kao \u0161to su krv ili urin) na prisutnost metabolita tramadola.<\/p>\n<\/li>\n<li data-start=\"2771\" data-end=\"2970\">\n<p data-start=\"2773\" data-end=\"2970\"><strong data-start=\"2773\" data-end=\"2804\">Analiti\u010dka karakterizacija<\/strong><br data-start=\"2804\" data-end=\"2807\" \/>Materijal se ispituje tehnikama kao \u0161to su <strong data-start=\"2866\" data-end=\"2892\">LC-MS\/MS, GC-MS i NMR<\/strong> kako bi se omogu\u0107ila identifikacija i kvantifikacija u istra\u017eiva\u010dkim uzorcima.<\/p>\n<\/li>\n<li data-start=\"2972\" data-end=\"3199\">\n<p data-start=\"2974\" data-end=\"3199\"><strong data-start=\"2974\" data-end=\"3013\">Regulatorne i sigurnosne studije<\/strong><br data-start=\"3013\" data-end=\"3016\" \/>O-DSMT poma\u017ee u razvoju protokola za detekciju <strong data-start=\"3080\" data-end=\"3118\">nove psihoaktivne tvari (NPS)<\/strong> i u procjeni rizika za javno zdravlje i potencijala za zlouporabu.<\/p>\n<\/li>\n<\/ul>\n<hr data-start=\"3201\" data-end=\"3204\" \/>\n<h2 data-start=\"3206\" data-end=\"3264\"><strong data-start=\"3209\" data-end=\"3264\">Laboratorijska upotreba (samo za istra\u017eivanje)<\/strong><\/h2>\n<blockquote data-start=\"3266\" data-end=\"3480\">\n<p data-start=\"3268\" data-end=\"3480\">\u26a0\ufe0f <strong data-start=\"3271\" data-end=\"3286\">Va\u017eno:<\/strong><br data-start=\"3286\" data-end=\"3289\" \/>O-DSMT je <strong data-start=\"3301\" data-end=\"3356\">isklju\u010divo namijenjeno znanstvenim istra\u017eivanjima<\/strong> u ovla\u0161tenim laboratorijima.<br data-start=\"3387\" data-end=\"3390\" \/>To je <strong data-start=\"3399\" data-end=\"3480\">nije namijenjeno za ljudsku konzumaciju, samolije\u010denje ili rekreativnu upotrebu.<\/strong><\/p>\n<\/blockquote>\n<ol data-start=\"3482\" data-end=\"4188\">\n<li data-start=\"3482\" data-end=\"3702\">\n<p data-start=\"3485\" data-end=\"3512\"><strong data-start=\"3485\" data-end=\"3510\">Skladi\u0161tenje i stabilnost<\/strong><\/p>\n<ul data-start=\"3516\" data-end=\"3702\">\n<li data-start=\"3516\" data-end=\"3577\">\n<p data-start=\"3518\" data-end=\"3577\">\u010cuvati u zatvorenoj posudi, na suhom i hladnom mjestu (2\u20138 \u00b0C).<\/p>\n<\/li>\n<li data-start=\"3581\" data-end=\"3624\">\n<p data-start=\"3583\" data-end=\"3624\">Za\u0161tititi od svjetlosti, vlage i zraka.<\/p>\n<\/li>\n<li data-start=\"3628\" data-end=\"3702\">\n<p data-start=\"3630\" data-end=\"3702\">Koristiti samo unutar ustanova s va\u017ee\u0107im istra\u017eiva\u010dkim dozvolama.<\/p>\n<\/li>\n<\/ul>\n<\/li>\n<li data-start=\"3704\" data-end=\"3931\">\n<p data-start=\"3707\" data-end=\"3735\"><strong data-start=\"3707\" data-end=\"3733\">Analiti\u010dka primjena<\/strong><\/p>\n<ul data-start=\"3739\" data-end=\"3931\">\n<li data-start=\"3739\" data-end=\"3839\">\n<p data-start=\"3741\" data-end=\"3839\">Koristi se kao standard u LC-MS i GC-MS analizama za identifikaciju metabolita tramadola.<\/p>\n<\/li>\n<li data-start=\"3843\" data-end=\"3931\">\n<p data-start=\"3845\" data-end=\"3931\">Pogodno za metodolo\u0161ku validaciju u toksikolo\u0161kim ili farmaceutskim studijama.<\/p>\n<\/li>\n<\/ul>\n<\/li>\n<li data-start=\"3933\" data-end=\"4188\">\n<p data-start=\"3936\" data-end=\"3972\"><strong data-start=\"3936\" data-end=\"3970\">Sigurnost u laboratoriju<\/strong><\/p>\n<ul data-start=\"3976\" data-end=\"4188\">\n<li data-start=\"3976\" data-end=\"4042\">\n<p data-start=\"3978\" data-end=\"4042\">Uvijek nosite rukavice, za\u0161titne nao\u010dale i laboratorijski ogrta\u010d.<\/p>\n<\/li>\n<li data-start=\"4046\" data-end=\"4097\">\n<p data-start=\"4048\" data-end=\"4097\">Izbjegavajte kontakt s ko\u017eom, o\u010dima ili sluznicama.<\/p>\n<\/li>\n<li data-start=\"4101\" data-end=\"4188\">\n<p data-start=\"4103\" data-end=\"4188\">Zbrinite otpad u skladu s propisima o kemijskoj sigurnosti i nacionalnim propisima.<\/p>\n<\/li>\n<\/ul>\n<\/li>\n<\/ol>\n<hr data-start=\"4190\" data-end=\"4193\" \/>\n<h2 data-start=\"4195\" data-end=\"4223\"><strong data-start=\"4198\" data-end=\"4223\">Pravne informacije<\/strong><\/h2>\n<p data-start=\"4225\" data-end=\"4501\">O-DSMT je pokriven <strong data-start=\"4270\" data-end=\"4298\">Zakon o opijumu<\/strong> ili sli\u010dne aran\u017emane za opioidne tvari.<br data-start=\"4348\" data-end=\"4351\" \/>Istra\u017eiva\u010di i laboratoriji moraju <strong data-start=\"4386\" data-end=\"4414\">prethodni pristanak<\/strong> dobiti za skladi\u0161tenje, transport ili kori\u0161tenje O-DSMT-a u istra\u017eiva\u010dkom kontekstu.<\/p>\n<p data-start=\"4503\" data-end=\"4674\">Tkanina mo\u017ee <strong data-start=\"4515\" data-end=\"4551\">ne smije se prodavati ili koristiti<\/strong> izvan akreditiranih istra\u017eiva\u010dkih institucija. Neovla\u0161teno posjedovanje ili kori\u0161tenje mo\u017ee rezultirati <strong data-start=\"4642\" data-end=\"4673\">kazneni progon<\/strong>.<\/p>\n<hr data-start=\"4676\" data-end=\"4679\" \/>\n<h2 data-start=\"4681\" data-end=\"4713\"><strong data-start=\"4684\" data-end=\"4713\">\u010cesto postavljana pitanja (FAQ)<\/strong><\/h2>\n<p data-start=\"4715\" data-end=\"4934\"><strong data-start=\"4715\" data-end=\"4745\">1\ufe0f\u20e3 \u0160to je to\u010dno O-DSMT?<\/strong><br data-start=\"4745\" data-end=\"4748\" \/>O-DSMT je <strong data-start=\"4761\" data-end=\"4796\">aktivni metabolit tramadola<\/strong>, koji se stvara u tijelu nakon uzimanja tramadola. U istra\u017eiva\u010dkim se uvjetima koristi za prou\u010davanje farmakologije opioida.<\/p>\n<p data-start=\"4936\" data-end=\"5163\"><strong data-start=\"4936\" data-end=\"4961\">2\ufe0f\u20e3 Je li O-DSMT legalan?<\/strong><br data-start=\"4961\" data-end=\"4964\" \/>Pravni status varira od zemlje do zemlje. U ve\u0107ini europskih zemalja, O-DSMT spada pod zakonodavstvo o opioidima, \u0161to zna\u010di da se mo\u017ee koristiti samo u znanstvene ili forenzi\u010dke svrhe.<\/p>\n<p data-start=\"5165\" data-end=\"5433\"><strong data-start=\"5165\" data-end=\"5246\">3\ufe0f\u20e3 Mo\u017ee li se O-DSMT koristiti za osobnu upotrebu ili mikrodoziranje?<\/strong><br data-start=\"5246\" data-end=\"5249\" \/>Ne. O-DSMT je <strong data-start=\"5264\" data-end=\"5311\">nije odobreno za ljudsku konzumaciju<\/strong> i smije se koristiti samo u kontroliranom laboratorijskom okru\u017eenju. Neovla\u0161tena uporaba je opasna i nezakonita.<\/p>\n<hr data-start=\"5435\" data-end=\"5438\" \/>\n<h2 data-start=\"5440\" data-end=\"5480\"><strong data-start=\"5443\" data-end=\"5480\">Reference i daljnje informacije<\/strong><\/h2>\n<ul data-start=\"5482\" data-end=\"5840\">\n<li data-start=\"5482\" data-end=\"5639\">\n<p data-start=\"5484\" data-end=\"5639\">Europski centar za pra\u0107enje droga i ovisnosti o drogama (EMCDDA): <em data-start=\"5550\" data-end=\"5637\">Izvje\u0161\u0107e o novim psihoaktivnim tvarima (NPS) \u2013 opioidima i derivatima tramadola.<\/em><\/p>\n<\/li>\n<li data-start=\"5640\" data-end=\"5737\">\n<p data-start=\"5642\" data-end=\"5737\">Nacionalni institut za zlouporabu droga (NIDA): <em data-start=\"5683\" data-end=\"5735\">Sintetski opioidi i novi analogni spojevi.<\/em><\/p>\n<\/li>\n<li data-start=\"5738\" data-end=\"5840\">\n<p data-start=\"5740\" data-end=\"5840\">\u010casopisi iz forenzi\u010dke toksikologije: <em data-start=\"5770\" data-end=\"5838\">Analiti\u010dka identifikacija i farmakologija O-desmetiltramadola.<\/em><\/p>\n<\/li>\n<\/ul>\n<p><a href=\"https:\/\/researchchemicalhub.com\/hr\/ducan\/iboga-ibogain\/kupiti-ibogain-hidroklorid-online\/\"><span dir=\"auto\" style=\"vertical-align: inherit;\"><span dir=\"auto\" style=\"vertical-align: inherit;\">Kupite Ibogain HCL <\/span><\/span><\/a><a href=\"https:\/\/researchchemicalhub.com\/hr\/ducan\/iboga-ibogain\/kora-korijena-iboge\/\"><span dir=\"auto\" style=\"vertical-align: inherit;\"><span dir=\"auto\" style=\"vertical-align: inherit;\">Kora korijena iboge <\/span><\/span><\/a><a href=\"https:\/\/researchchemicalhub.com\/hr\/ducan\/lisergamidi\/1cp-lsd-a\/\"><span dir=\"auto\" style=\"vertical-align: inherit;\"><span dir=\"auto\" style=\"vertical-align: inherit;\">1cP-LSD 150 MCG Art Blotters <\/span><\/span><\/a><a href=\"https:\/\/researchchemicalhub.com\/hr\/ducan\/lisergamidi\/1v-lsd-150-mcg-blotters\/\"><span dir=\"auto\" style=\"vertical-align: inherit;\"><span dir=\"auto\" style=\"vertical-align: inherit;\">1V-LSD 150 MCG upijaju\u0107ih papira <\/span><\/span><\/a><a href=\"https:\/\/researchchemicalhub.com\/hr\/ducan\/2-cm3-peleta\/kupiti-2-cmc\/kupiti-2-cmc\/\"><span dir=\"auto\" style=\"vertical-align: inherit;\"><span dir=\"auto\" style=\"vertical-align: inherit;\">2-CMC pelete od 250 mg<\/span><\/span><\/a><\/p>","protected":false},"excerpt":{"rendered":"<h3><span dir=\"auto\" style=\"vertical-align: inherit;\"><span dir=\"auto\" style=\"vertical-align: inherit;\">O-DSMT svojstva<\/span><\/span><\/h3>\n<p><strong><span dir=\"auto\" style=\"vertical-align: inherit;\"><span dir=\"auto\" style=\"vertical-align: inherit;\">Sinonim: <\/span><\/span><\/strong> <i><span dir=\"auto\" style=\"vertical-align: inherit;\"><span dir=\"auto\" style=\"vertical-align: inherit;\">O-desmetiltramadol, 3-(2-((dimetilamino)metil)-1-hidroksicikloheksil)fenol <\/span><\/span><\/i><br \/>\n<strong><span dir=\"auto\" style=\"vertical-align: inherit;\"><span dir=\"auto\" style=\"vertical-align: inherit;\">CAS broj:<\/span><\/span><\/strong><span dir=\"auto\" style=\"vertical-align: inherit;\"><span dir=\"auto\" style=\"vertical-align: inherit;\"> 80456-81-1 <\/span><\/span><br \/>\n<strong><span dir=\"auto\" style=\"vertical-align: inherit;\"><span dir=\"auto\" style=\"vertical-align: inherit;\">Formula: <\/span><\/span><\/strong> <span title=\"Ugljik\"><span dir=\"auto\" style=\"vertical-align: inherit;\"><span dir=\"auto\" style=\"vertical-align: inherit;\">C <\/span><\/span><\/span><sub><span dir=\"auto\" style=\"vertical-align: inherit;\"><span dir=\"auto\" style=\"vertical-align: inherit;\">15 <\/span><\/span><\/sub><span title=\"Vodik\"><span dir=\"auto\" style=\"vertical-align: inherit;\"><span dir=\"auto\" style=\"vertical-align: inherit;\">H <\/span><\/span><\/span><sub><span dir=\"auto\" style=\"vertical-align: inherit;\"><span dir=\"auto\" style=\"vertical-align: inherit;\">23 <\/span><\/span><\/sub><span title=\"Du\u0161ik\"><span dir=\"auto\" style=\"vertical-align: inherit;\"><span dir=\"auto\" style=\"vertical-align: inherit;\">S <\/span><\/span><\/span><span title=\"Kisik\"><span dir=\"auto\" style=\"vertical-align: inherit;\"><span dir=\"auto\" style=\"vertical-align: inherit;\">O <\/span><\/span><\/span><sub><span dir=\"auto\" style=\"vertical-align: inherit;\"><span dir=\"auto\" style=\"vertical-align: inherit;\">2 <\/span><\/span><\/sub><br \/>\n<strong><span dir=\"auto\" style=\"vertical-align: inherit;\"><span dir=\"auto\" style=\"vertical-align: inherit;\">Molarna masa:<\/span><\/span><\/strong><span dir=\"auto\" style=\"vertical-align: inherit;\"><span dir=\"auto\" style=\"vertical-align: inherit;\"> 249,354 g\/mol <\/span><\/span><br \/>\n<strong><span dir=\"auto\" style=\"vertical-align: inherit;\"><span dir=\"auto\" style=\"vertical-align: inherit;\">\u010cisto\u0107a:<\/span><\/span><\/strong><span dir=\"auto\" style=\"vertical-align: inherit;\"><span dir=\"auto\" style=\"vertical-align: inherit;\"> \u00a0&gt;97%<\/span><\/span><\/p>","protected":false},"featured_media":28581,"comment_status":"closed","ping_status":"closed","template":"","meta":[],"product_brand":[82],"product_cat":[337,420,336,324],"product_tag":[326,727,725,728,726,729,730],"class_list":{"0":"post-24961","1":"product","2":"type-product","3":"status-publish","4":"has-post-thumbnail","6":"product_brand-research-chemical","7":"product_cat-o-dsmt","8":"product_cat-o-dsmt-pellets","9":"product_cat-overig","10":"product_cat-pellets-for-pellet","11":"product_tag-nl","12":"product_tag-o-dsmt-ervaringen","13":"product_tag-o-dsmt","14":"product_tag-o-dsmt-bestellen","15":"product_tag-o-dsmt-kopen","16":"product_tag-o-dsmt-psychonaut","17":"product_tag-what-is-o-dsmt","19":"first","20":"instock","21":"taxable","22":"shipping-taxable","23":"purchasable","24":"product-type-variable"},"_links":{"self":[{"href":"https:\/\/researchchemicalhub.com\/hr\/wp-json\/wp\/v2\/product\/24961","targetHints":{"allow":["GET"]}}],"collection":[{"href":"https:\/\/researchchemicalhub.com\/hr\/wp-json\/wp\/v2\/product"}],"about":[{"href":"https:\/\/researchchemicalhub.com\/hr\/wp-json\/wp\/v2\/types\/product"}],"replies":[{"embeddable":true,"href":"https:\/\/researchchemicalhub.com\/hr\/wp-json\/wp\/v2\/comments?post=24961"}],"version-history":[{"count":7,"href":"https:\/\/researchchemicalhub.com\/hr\/wp-json\/wp\/v2\/product\/24961\/revisions"}],"predecessor-version":[{"id":27709,"href":"https:\/\/researchchemicalhub.com\/hr\/wp-json\/wp\/v2\/product\/24961\/revisions\/27709"}],"wp:featuredmedia":[{"embeddable":true,"href":"https:\/\/researchchemicalhub.com\/hr\/wp-json\/wp\/v2\/media\/28581"}],"wp:attachment":[{"href":"https:\/\/researchchemicalhub.com\/hr\/wp-json\/wp\/v2\/media?parent=24961"}],"wp:term":[{"taxonomy":"product_brand","embeddable":true,"href":"https:\/\/researchchemicalhub.com\/hr\/wp-json\/wp\/v2\/product_brand?post=24961"},{"taxonomy":"product_cat","embeddable":true,"href":"https:\/\/researchchemicalhub.com\/hr\/wp-json\/wp\/v2\/product_cat?post=24961"},{"taxonomy":"product_tag","embeddable":true,"href":"https:\/\/researchchemicalhub.com\/hr\/wp-json\/wp\/v2\/product_tag?post=24961"}],"curies":[{"name":"radni list","href":"https:\/\/api.w.org\/{rel}","templated":true}]}}