{"id":24941,"date":"2025-10-20T17:43:52","date_gmt":"2025-10-20T17:43:52","guid":{"rendered":"https:\/\/researchchemicalhub.com\/?post_type=product&#038;p=24941"},"modified":"2025-10-28T22:41:42","modified_gmt":"2025-10-28T22:41:42","slug":"kupiti-2-cmc","status":"publish","type":"product","link":"https:\/\/researchchemicalhub.com\/hr\/ducan\/2-cm3-peleta\/kupiti-2-cmc\/kupiti-2-cmc\/","title":{"rendered":"2-CMC pelete od 250 mg"},"content":{"rendered":"<h3 data-start=\"4095\" data-end=\"4114\"><strong data-start=\"4099\" data-end=\"4114\"><span dir=\"auto\" style=\"vertical-align: inherit;\"><span dir=\"auto\" style=\"vertical-align: inherit;\">Uvod<\/span><\/span><\/strong><\/h3>\n<p data-start=\"4115\" data-end=\"4430\"><span dir=\"auto\" style=\"vertical-align: inherit;\"><span dir=\"auto\" style=\"vertical-align: inherit;\">Kupite 2 cmc. Na\u0161 <\/span><\/span><strong data-start=\"4120\" data-end=\"4148\"><span dir=\"auto\" style=\"vertical-align: inherit;\"><span dir=\"auto\" style=\"vertical-align: inherit;\">250 mg istra\u017eiva\u010dke pelete<\/span><\/span><\/strong><span dir=\"auto\" style=\"vertical-align: inherit;\"><span dir=\"auto\" style=\"vertical-align: inherit;\"> proizvedeni su s najve\u0107om precizno\u0161\u0107u za <\/span><\/span><strong data-start=\"4193\" data-end=\"4246\"><span dir=\"auto\" style=\"vertical-align: inherit;\"><span dir=\"auto\" style=\"vertical-align: inherit;\">laboratorijska, forenzi\u010dka i analiti\u010dka istra\u017eivanja<\/span><\/span><\/strong><span dir=\"auto\" style=\"vertical-align: inherit;\"><span dir=\"auto\" style=\"vertical-align: inherit;\"> Zahvaljuju\u0107i strogoj kontroli kvalitete, ove pelete nude <\/span><\/span><strong data-start=\"4303\" data-end=\"4374\"><span dir=\"auto\" style=\"vertical-align: inherit;\"><span dir=\"auto\" style=\"vertical-align: inherit;\">pouzdano doziranje, visoka \u010disto\u0107a i ponovljivi rezultati<\/span><\/span><\/strong><span dir=\"auto\" style=\"vertical-align: inherit;\"><span dir=\"auto\" style=\"vertical-align: inherit;\"> \u2013 neophodan za profesionalne istra\u017eiva\u010dke svrhe.<\/span><\/span><\/p>\n<p data-start=\"4432\" data-end=\"4577\"><span dir=\"auto\" style=\"vertical-align: inherit;\"><span dir=\"auto\" style=\"vertical-align: inherit;\">Svaka kuglica sadr\u017ei <\/span><\/span><strong data-start=\"4450\" data-end=\"4506\"><span dir=\"auto\" style=\"vertical-align: inherit;\"><span dir=\"auto\" style=\"vertical-align: inherit;\">250 mg istra\u017eiva\u010dkog materijala laboratorijske kvalitete<\/span><\/span><\/strong><span dir=\"auto\" style=\"vertical-align: inherit;\"><span dir=\"auto\" style=\"vertical-align: inherit;\"> , idealno za kemijsku analizu, kalibraciju ili kontrolirano testiranje.<\/span><\/span><\/p>\n<blockquote data-start=\"4578\" data-end=\"4678\">\n<p data-start=\"4580\" data-end=\"4678\">\u26a0\ufe0f <strong data-start=\"4583\" data-end=\"4678\"><span dir=\"auto\" style=\"vertical-align: inherit;\"><span dir=\"auto\" style=\"vertical-align: inherit;\">Samo za laboratorijsku upotrebu. Nije namijenjeno za prehranu ljudi ili \u017eivotinja.<\/span><\/span><\/strong><\/p>\n<\/blockquote>\n<hr data-start=\"4680\" data-end=\"4683\" \/>\n<h3 data-start=\"4685\" data-end=\"4716\"><strong data-start=\"4689\" data-end=\"4716\"><span dir=\"auto\" style=\"vertical-align: inherit;\"><span dir=\"auto\" style=\"vertical-align: inherit;\">Klju\u010dne zna\u010dajke<\/span><\/span><\/strong><\/h3>\n<ul data-start=\"4717\" data-end=\"5193\">\n<li data-start=\"4717\" data-end=\"4787\">\n<p data-start=\"4719\" data-end=\"4787\"><strong data-start=\"4719\" data-end=\"4745\"><span dir=\"auto\" style=\"vertical-align: inherit;\"><span dir=\"auto\" style=\"vertical-align: inherit;\">Visoka \u010disto\u0107a (\u226599%)<\/span><\/span><\/strong><span dir=\"auto\" style=\"vertical-align: inherit;\"><span dir=\"auto\" style=\"vertical-align: inherit;\"> \u2013 Neovisno testirano i provjereno.<\/span><\/span><\/p>\n<\/li>\n<li data-start=\"4788\" data-end=\"4871\">\n<p data-start=\"4790\" data-end=\"4871\"><strong data-start=\"4790\" data-end=\"4822\"><span dir=\"auto\" style=\"vertical-align: inherit;\"><span dir=\"auto\" style=\"vertical-align: inherit;\">Precizna doza od 250 mg<\/span><\/span><\/strong><span dir=\"auto\" style=\"vertical-align: inherit;\"><span dir=\"auto\" style=\"vertical-align: inherit;\"> \u2013 Osigurava dosljedne rezultate u\u010denja.<\/span><\/span><\/p>\n<\/li>\n<li data-start=\"4872\" data-end=\"4953\">\n<p data-start=\"4874\" data-end=\"4953\"><strong data-start=\"4874\" data-end=\"4900\"><span dir=\"auto\" style=\"vertical-align: inherit;\"><span dir=\"auto\" style=\"vertical-align: inherit;\">Stabilan sastav<\/span><\/span><\/strong><span dir=\"auto\" style=\"vertical-align: inherit;\"><span dir=\"auto\" style=\"vertical-align: inherit;\"> \u2013 Dizajniran za dugotrajnu kemijsku stabilnost.<\/span><\/span><\/p>\n<\/li>\n<li data-start=\"4954\" data-end=\"5039\">\n<p data-start=\"4956\" data-end=\"5039\"><strong data-start=\"4956\" data-end=\"4979\"><span dir=\"auto\" style=\"vertical-align: inherit;\"><span dir=\"auto\" style=\"vertical-align: inherit;\">Kvalitetna proizvodnja<\/span><\/span><\/strong><span dir=\"auto\" style=\"vertical-align: inherit;\"><span dir=\"auto\" style=\"vertical-align: inherit;\"> \u2013 Proizvedeno u kontroliranim, higijenskim okru\u017eenjima.<\/span><\/span><\/p>\n<\/li>\n<li data-start=\"5040\" data-end=\"5108\">\n<p data-start=\"5042\" data-end=\"5108\"><strong data-start=\"5042\" data-end=\"5072\"><span dir=\"auto\" style=\"vertical-align: inherit;\"><span dir=\"auto\" style=\"vertical-align: inherit;\">Ambala\u017ea otporna na vlagu<\/span><\/span><\/strong><span dir=\"auto\" style=\"vertical-align: inherit;\"><span dir=\"auto\" style=\"vertical-align: inherit;\"> \u2013 \u0160titi od zraka i vlage.<\/span><\/span><\/p>\n<\/li>\n<li data-start=\"5109\" data-end=\"5193\">\n<p data-start=\"5111\" data-end=\"5193\"><strong data-start=\"5111\" data-end=\"5136\"><span dir=\"auto\" style=\"vertical-align: inherit;\"><span dir=\"auto\" style=\"vertical-align: inherit;\">Samo za istra\u017eivanje<\/span><\/span><\/strong><span dir=\"auto\" style=\"vertical-align: inherit;\"><span dir=\"auto\" style=\"vertical-align: inherit;\"> \u2013 Namijenjeno samo u znanstvene svrhe.<\/span><\/span><\/p>\n<\/li>\n<\/ul>\n<hr data-start=\"5195\" data-end=\"5198\" \/>\n<h3 data-start=\"5200\" data-end=\"5217\"><strong data-start=\"5204\" data-end=\"5217\"><span dir=\"auto\" style=\"vertical-align: inherit;\"><span dir=\"auto\" style=\"vertical-align: inherit;\">Prednosti<\/span><\/span><\/strong><\/h3>\n<ul data-start=\"5218\" data-end=\"5631\">\n<li data-start=\"5218\" data-end=\"5308\">\n<p data-start=\"5220\" data-end=\"5308\"><strong data-start=\"5220\" data-end=\"5256\"><span dir=\"auto\" style=\"vertical-align: inherit;\"><span dir=\"auto\" style=\"vertical-align: inherit;\">Pouzdani rezultati istra\u017eivanja<\/span><\/span><\/strong><span dir=\"auto\" style=\"vertical-align: inherit;\"><span dir=\"auto\" style=\"vertical-align: inherit;\"> \u2013 Osigurava ponovljive i to\u010dne podatke.<\/span><\/span><\/p>\n<\/li>\n<li data-start=\"5309\" data-end=\"5378\">\n<p data-start=\"5311\" data-end=\"5378\"><strong data-start=\"5311\" data-end=\"5336\"><span dir=\"auto\" style=\"vertical-align: inherit;\"><span dir=\"auto\" style=\"vertical-align: inherit;\">Dosljedna kvaliteta<\/span><\/span><\/strong><span dir=\"auto\" style=\"vertical-align: inherit;\"><span dir=\"auto\" style=\"vertical-align: inherit;\"> \u2013 Svaka kuglica je identi\u010dnog sastava.<\/span><\/span><\/p>\n<\/li>\n<li data-start=\"5379\" data-end=\"5467\">\n<p data-start=\"5381\" data-end=\"5467\"><strong data-start=\"5381\" data-end=\"5404\"><span dir=\"auto\" style=\"vertical-align: inherit;\"><span dir=\"auto\" style=\"vertical-align: inherit;\">Jednostavno za kori\u0161tenje<\/span><\/span><\/strong><span dir=\"auto\" style=\"vertical-align: inherit;\"><span dir=\"auto\" style=\"vertical-align: inherit;\"> \u2013 \u010cvrsti oblik smanjuje rizik od prolijevanja ili kontaminacije.<\/span><\/span><\/p>\n<\/li>\n<li data-start=\"5468\" data-end=\"5543\">\n<p data-start=\"5470\" data-end=\"5543\"><strong data-start=\"5470\" data-end=\"5497\"><span dir=\"auto\" style=\"vertical-align: inherit;\"><span dir=\"auto\" style=\"vertical-align: inherit;\">Znanstveno testirano<\/span><\/span><\/strong><span dir=\"auto\" style=\"vertical-align: inherit;\"><span dir=\"auto\" style=\"vertical-align: inherit;\"> \u2013 Zadovoljava analiti\u010dke standarde kvalitete.<\/span><\/span><\/p>\n<\/li>\n<li data-start=\"5544\" data-end=\"5631\">\n<p data-start=\"5546\" data-end=\"5631\"><strong data-start=\"5546\" data-end=\"5583\"><span dir=\"auto\" style=\"vertical-align: inherit;\"><span dir=\"auto\" style=\"vertical-align: inherit;\">Eti\u010dki i legalno proizvedeno<\/span><\/span><\/strong><span dir=\"auto\" style=\"vertical-align: inherit;\"><span dir=\"auto\" style=\"vertical-align: inherit;\"> \u2013 U skladu s istra\u017eiva\u010dkim propisima.<\/span><\/span><\/p>\n<\/li>\n<\/ul>\n<hr data-start=\"5633\" data-end=\"5636\" \/>\n<h3 data-start=\"5638\" data-end=\"5653\"><strong data-start=\"5642\" data-end=\"5653\"><span dir=\"auto\" style=\"vertical-align: inherit;\"><span dir=\"auto\" style=\"vertical-align: inherit;\">Upotreba<\/span><\/span><\/strong><\/h3>\n<ol data-start=\"5654\" data-end=\"6023\">\n<li data-start=\"5654\" data-end=\"5749\">\n<p data-start=\"5657\" data-end=\"5749\"><strong data-start=\"5657\" data-end=\"5692\"><span dir=\"auto\" style=\"vertical-align: inherit;\"><span dir=\"auto\" style=\"vertical-align: inherit;\">Samo za laboratorijsku upotrebu<\/span><\/span><\/strong><span dir=\"auto\" style=\"vertical-align: inherit;\"><span dir=\"auto\" style=\"vertical-align: inherit;\"> \u2013 Koristiti samo u odobrenim istra\u017eiva\u010dkim okru\u017eenjima.<\/span><\/span><\/p>\n<\/li>\n<li data-start=\"5750\" data-end=\"5797\">\n<p data-start=\"5753\" data-end=\"5797\"><strong data-start=\"5753\" data-end=\"5763\"><span dir=\"auto\" style=\"vertical-align: inherit;\"><span dir=\"auto\" style=\"vertical-align: inherit;\">Pohrana<\/span><\/span><\/strong><span dir=\"auto\" style=\"vertical-align: inherit;\"><span dir=\"auto\" style=\"vertical-align: inherit;\"> \u2013 \u010cuvati na hladnom, suhom i tamnom mjestu.<\/span><\/span><\/p>\n<\/li>\n<li data-start=\"5798\" data-end=\"5867\">\n<p data-start=\"5801\" data-end=\"5867\"><strong data-start=\"5801\" data-end=\"5818\"><span dir=\"auto\" style=\"vertical-align: inherit;\"><span dir=\"auto\" style=\"vertical-align: inherit;\">Siguran rad<\/span><\/span><\/strong><span dir=\"auto\" style=\"vertical-align: inherit;\"><span dir=\"auto\" style=\"vertical-align: inherit;\"> \u2013 Uvijek nosite odgovaraju\u0107u za\u0161titnu opremu.<\/span><\/span><\/p>\n<\/li>\n<li data-start=\"5868\" data-end=\"5935\">\n<p data-start=\"5871\" data-end=\"5935\"><strong data-start=\"5871\" data-end=\"5883\"><span dir=\"auto\" style=\"vertical-align: inherit;\"><span dir=\"auto\" style=\"vertical-align: inherit;\">Mjerenja<\/span><\/span><\/strong><span dir=\"auto\" style=\"vertical-align: inherit;\"><span dir=\"auto\" style=\"vertical-align: inherit;\"> \u2013 Koristite kalibrirane analiti\u010dke instrumente.<\/span><\/span><\/p>\n<\/li>\n<li data-start=\"5936\" data-end=\"6023\">\n<p data-start=\"5939\" data-end=\"6023\"><strong data-start=\"5939\" data-end=\"5966\"><span dir=\"auto\" style=\"vertical-align: inherit;\"><span dir=\"auto\" style=\"vertical-align: inherit;\">Sigurnosno upozorenje<\/span><\/span><\/strong><span dir=\"auto\" style=\"vertical-align: inherit;\"><span dir=\"auto\" style=\"vertical-align: inherit;\"> \u2013 Nije prikladno za prehranu ljudi ili \u017eivotinja. <\/span><\/span><a href=\"https:\/\/researchchemicalhub.com\/hr\/ducan\/okategoriserad\/kupiti-4mmc\/\"><span dir=\"auto\" style=\"vertical-align: inherit;\"><span dir=\"auto\" style=\"vertical-align: inherit;\">Kupi 4mmc, kupi <\/span><\/span><\/a><a href=\"https:\/\/researchchemicalhub.com\/hr\/ducan\/okategoriserad\/benzokain-u-prahu\/\"><span dir=\"auto\" style=\"vertical-align: inherit;\"><span dir=\"auto\" style=\"vertical-align: inherit;\">benzokain u prahu <\/span><\/span><\/a><a href=\"https:\/\/researchchemicalhub.com\/hr\/ducan\/okategoriserad\/kupiti-fentanil\/\"><span dir=\"auto\" style=\"vertical-align: inherit;\"><span dir=\"auto\" style=\"vertical-align: inherit;\">, kupiti fentanil, kupiti <\/span><\/span><\/a><a href=\"https:\/\/researchchemicalhub.com\/hr\/ducan\/okategoriserad\/kupiti-fentanil\/\"><span dir=\"auto\" style=\"vertical-align: inherit;\"><span dir=\"auto\" style=\"vertical-align: inherit;\">tableta fentanila, <\/span><\/span><\/a><a href=\"https:\/\/researchchemicalhub.com\/hr\/ducan\/iboga-ibogain\/kupiti-ibogu\/\"><span dir=\"auto\" style=\"vertical-align: inherit;\"><span dir=\"auto\" style=\"vertical-align: inherit;\">kupiti ibogu, <\/span><\/span><\/a><a href=\"https:\/\/researchchemicalhub.com\/hr\/ducan\/iboga-ibogain\/kupiti-ibogain-hidroklorid-online\/\"><span dir=\"auto\" style=\"vertical-align: inherit;\"><span dir=\"auto\" style=\"vertical-align: inherit;\">kupiti ibogain hidroklorid online<\/span><\/span><\/a><\/p>\n<\/li>\n<\/ol>\n<hr data-start=\"6025\" data-end=\"6028\" \/>\n<h3 data-start=\"6030\" data-end=\"6057\"><strong data-start=\"6034\" data-end=\"6057\"><span dir=\"auto\" style=\"vertical-align: inherit;\"><span dir=\"auto\" style=\"vertical-align: inherit;\">\u010cesto postavljana pitanja<\/span><\/span><\/strong><\/h3>\n<p data-start=\"6059\" data-end=\"6214\"><strong data-start=\"6059\" data-end=\"6104\"><span dir=\"auto\" style=\"vertical-align: inherit;\"><span dir=\"auto\" style=\"vertical-align: inherit;\">1. Za \u0161to se koriste ove pelete?<\/span><\/span><\/strong><br data-start=\"6104\" data-end=\"6107\" \/><span dir=\"auto\" style=\"vertical-align: inherit;\"><span dir=\"auto\" style=\"vertical-align: inherit;\"> Namijenjeni su za <\/span><\/span><strong data-start=\"6128\" data-end=\"6172\"><span dir=\"auto\" style=\"vertical-align: inherit;\"><span dir=\"auto\" style=\"vertical-align: inherit;\">analiti\u010dka i znanstvena istra\u017eivanja<\/span><\/span><\/strong><span dir=\"auto\" style=\"vertical-align: inherit;\"><span dir=\"auto\" style=\"vertical-align: inherit;\"> , kao \u0161to su kemijske analize i kalibracije.<\/span><\/span><\/p>\n<p data-start=\"6216\" data-end=\"6404\"><strong data-start=\"6216\" data-end=\"6283\"><span dir=\"auto\" style=\"vertical-align: inherit;\"><span dir=\"auto\" style=\"vertical-align: inherit;\">2. Mogu li se ove pelete koristiti izvan laboratorija?<\/span><\/span><\/strong><br data-start=\"6283\" data-end=\"6286\" \/><span dir=\"auto\" style=\"vertical-align: inherit;\"><span dir=\"auto\" style=\"vertical-align: inherit;\"> Ne. Ovi proizvodi su <\/span><\/span><strong data-start=\"6311\" data-end=\"6370\"><span dir=\"auto\" style=\"vertical-align: inherit;\"><span dir=\"auto\" style=\"vertical-align: inherit;\">namijenjeno isklju\u010divo akreditiranim istra\u017eiva\u010dkim institucijama<\/span><\/span><\/strong><span dir=\"auto\" style=\"vertical-align: inherit;\"><span dir=\"auto\" style=\"vertical-align: inherit;\"> a ne za osobnu upotrebu.<\/span><\/span><\/p>\n<p data-start=\"6406\" data-end=\"6548\"><strong data-start=\"6406\" data-end=\"6444\"><span dir=\"auto\" style=\"vertical-align: inherit;\"><span dir=\"auto\" style=\"vertical-align: inherit;\">3. Kako trebam skladi\u0161titi pelete?<\/span><\/span><\/strong><br data-start=\"6444\" data-end=\"6447\" \/><span dir=\"auto\" style=\"vertical-align: inherit;\"><span dir=\"auto\" style=\"vertical-align: inherit;\"> \u010cuvajte ih u originalnom <\/span><\/span><strong data-start=\"6474\" data-end=\"6504\"><span dir=\"auto\" style=\"vertical-align: inherit;\"><span dir=\"auto\" style=\"vertical-align: inherit;\">pakiranje otporno na vlagu<\/span><\/span><\/strong><span dir=\"auto\" style=\"vertical-align: inherit;\"><span dir=\"auto\" style=\"vertical-align: inherit;\"> u <\/span><\/span><strong data-start=\"6513\" data-end=\"6547\"><span dir=\"auto\" style=\"vertical-align: inherit;\"><span dir=\"auto\" style=\"vertical-align: inherit;\">hladnom, suhom i tamnom mjestu<\/span><\/span><\/strong><span dir=\"auto\" style=\"vertical-align: inherit;\"><span dir=\"auto\" style=\"vertical-align: inherit;\"> .<\/span><\/span><\/p>\n<hr data-start=\"6550\" data-end=\"6553\" \/>\n<h3 data-start=\"6555\" data-end=\"6573\"><strong data-start=\"6559\" data-end=\"6573\"><span dir=\"auto\" style=\"vertical-align: inherit;\"><span dir=\"auto\" style=\"vertical-align: inherit;\">Odricanje<\/span><\/span><\/strong><\/h3>\n<p data-start=\"6574\" data-end=\"6806\"><span dir=\"auto\" style=\"vertical-align: inherit;\"><span dir=\"auto\" style=\"vertical-align: inherit;\">Ovaj proizvod je <\/span><\/span><strong data-start=\"6589\" data-end=\"6638\"><span dir=\"auto\" style=\"vertical-align: inherit;\"><span dir=\"auto\" style=\"vertical-align: inherit;\">namijenjeno samo u istra\u017eiva\u010dke svrhe<\/span><\/span><\/strong><span dir=\"auto\" style=\"vertical-align: inherit;\"><span dir=\"auto\" style=\"vertical-align: inherit;\"> . <\/span><\/span><strong data-start=\"6640\" data-end=\"6698\"><span dir=\"auto\" style=\"vertical-align: inherit;\"><span dir=\"auto\" style=\"vertical-align: inherit;\">Nije prikladno za ljudsku ili \u017eivotinjsku konzumaciju.<\/span><\/span><\/strong><br data-start=\"6698\" data-end=\"6701\" \/><span dir=\"auto\" style=\"vertical-align: inherit;\"><span dir=\"auto\" style=\"vertical-align: inherit;\"> Kupnjom ovog proizvoda potvr\u0111ujete da ste <\/span><\/span><strong data-start=\"6736\" data-end=\"6766\"><span dir=\"auto\" style=\"vertical-align: inherit;\"><span dir=\"auto\" style=\"vertical-align: inherit;\">licencirani istra\u017eiva\u010d<\/span><\/span><\/strong><span dir=\"auto\" style=\"vertical-align: inherit;\"><span dir=\"auto\" style=\"vertical-align: inherit;\"> i da se pridr\u017eavate svih va\u017ee\u0107ih zakona.<\/span><\/span><\/p>\n<ul>\n<li>\n<p class=\"ds-markdown-paragraph\"><span dir=\"auto\" style=\"vertical-align: inherit;\"><span dir=\"auto\" style=\"vertical-align: inherit;\">Mogu\u0107i istra\u017eiva\u010dki savjeti, <\/span><\/span><a href=\"https:\/\/researchchemicalhub.com\/hr\/ducan\/iboga-ibogain\/kupiti-ibogain-hidroklorid-online\/\"><span dir=\"auto\" style=\"vertical-align: inherit;\"><span dir=\"auto\" style=\"vertical-align: inherit;\">Kupite Ibogain HCL <\/span><\/span><\/a><a href=\"https:\/\/researchchemicalhub.com\/hr\/ducan\/iboga-ibogain\/kora-korijena-iboge\/\"><span dir=\"auto\" style=\"vertical-align: inherit;\"><span dir=\"auto\" style=\"vertical-align: inherit;\">Kora korijena iboge <\/span><\/span><\/a><a href=\"https:\/\/researchchemicalhub.com\/hr\/ducan\/lisergamidi\/1cp-lsd-a\/\"><span dir=\"auto\" style=\"vertical-align: inherit;\"><span dir=\"auto\" style=\"vertical-align: inherit;\">1cP-LSD 150 MCG Art Blotters <\/span><\/span><\/a><a href=\"https:\/\/researchchemicalhub.com\/hr\/ducan\/pellets\/o-dsmt-50-mg-pelete\/\"><span dir=\"auto\" style=\"vertical-align: inherit;\"><span dir=\"auto\" style=\"vertical-align: inherit;\">O-DSMT pelete od 50 mg <\/span><\/span><\/a><a href=\"https:\/\/researchchemicalhub.com\/hr\/ducan\/lisergamidi\/1v-lsd-150-mcg-blotters\/\"><span dir=\"auto\" style=\"vertical-align: inherit;\"><span dir=\"auto\" style=\"vertical-align: inherit;\">1V-LSD 150 MCG upijaju\u0107ih papira<\/span><\/span><\/a><\/p>\n<\/li>\n<\/ul>","protected":false},"excerpt":{"rendered":"<h2><span dir=\"auto\" style=\"vertical-align: inherit;\"><span dir=\"auto\" style=\"vertical-align: inherit;\">2-CMC svojstva<\/span><\/span><\/h2>\n<p><strong><span dir=\"auto\" style=\"vertical-align: inherit;\"><span dir=\"auto\" style=\"vertical-align: inherit;\">CAS broj<\/span><\/span><\/strong><span dir=\"auto\" style=\"vertical-align: inherit;\"><span dir=\"auto\" style=\"vertical-align: inherit;\"> : 1246911-71-6 <\/span><\/span><br \/>\n<strong><span dir=\"auto\" style=\"vertical-align: inherit;\"><span dir=\"auto\" style=\"vertical-align: inherit;\">Formula<\/span><\/span><\/strong><span dir=\"auto\" style=\"vertical-align: inherit;\"><span dir=\"auto\" style=\"vertical-align: inherit;\"> C11h15NO \u2022 HCl <\/span><\/span><br \/>\n<strong><span dir=\"auto\" style=\"vertical-align: inherit;\"><span dir=\"auto\" style=\"vertical-align: inherit;\">Molarna masa<\/span><\/span><\/strong><span dir=\"auto\" style=\"vertical-align: inherit;\"><span dir=\"auto\" style=\"vertical-align: inherit;\"> : 177.247 <\/span><\/span><br \/>\n<strong><span dir=\"auto\" style=\"vertical-align: inherit;\"><span dir=\"auto\" style=\"vertical-align: inherit;\">\u010cisto\u0107a<\/span><\/span><\/strong><span dir=\"auto\" style=\"vertical-align: inherit;\"><span dir=\"auto\" style=\"vertical-align: inherit;\"> : \u226599%<\/span><\/span><\/p>","protected":false},"featured_media":28377,"comment_status":"closed","ping_status":"closed","template":"","meta":[],"product_brand":[],"product_cat":[371,421,322,79,324],"product_tag":[561,562,326],"class_list":{"0":"post-24941","1":"product","2":"type-product","3":"status-publish","4":"has-post-thumbnail","6":"product_cat-2-cmc-kopen","7":"product_cat-2-cmc-pellets","8":"product_cat-bijna-verboden","9":"product_cat-cathinonen","10":"product_cat-pellets-for-pellet","11":"product_tag-2-cmc-kopen","12":"product_tag-2-cmc-pellets-kopen","13":"product_tag-nl","15":"first","16":"instock","17":"taxable","18":"shipping-taxable","19":"purchasable","20":"product-type-variable"},"_links":{"self":[{"href":"https:\/\/researchchemicalhub.com\/hr\/wp-json\/wp\/v2\/product\/24941","targetHints":{"allow":["GET"]}}],"collection":[{"href":"https:\/\/researchchemicalhub.com\/hr\/wp-json\/wp\/v2\/product"}],"about":[{"href":"https:\/\/researchchemicalhub.com\/hr\/wp-json\/wp\/v2\/types\/product"}],"replies":[{"embeddable":true,"href":"https:\/\/researchchemicalhub.com\/hr\/wp-json\/wp\/v2\/comments?post=24941"}],"version-history":[{"count":8,"href":"https:\/\/researchchemicalhub.com\/hr\/wp-json\/wp\/v2\/product\/24941\/revisions"}],"predecessor-version":[{"id":28630,"href":"https:\/\/researchchemicalhub.com\/hr\/wp-json\/wp\/v2\/product\/24941\/revisions\/28630"}],"wp:featuredmedia":[{"embeddable":true,"href":"https:\/\/researchchemicalhub.com\/hr\/wp-json\/wp\/v2\/media\/28377"}],"wp:attachment":[{"href":"https:\/\/researchchemicalhub.com\/hr\/wp-json\/wp\/v2\/media?parent=24941"}],"wp:term":[{"taxonomy":"product_brand","embeddable":true,"href":"https:\/\/researchchemicalhub.com\/hr\/wp-json\/wp\/v2\/product_brand?post=24941"},{"taxonomy":"product_cat","embeddable":true,"href":"https:\/\/researchchemicalhub.com\/hr\/wp-json\/wp\/v2\/product_cat?post=24941"},{"taxonomy":"product_tag","embeddable":true,"href":"https:\/\/researchchemicalhub.com\/hr\/wp-json\/wp\/v2\/product_tag?post=24941"}],"curies":[{"name":"radni list","href":"https:\/\/api.w.org\/{rel}","templated":true}]}}