{"id":24912,"date":"2025-10-20T17:43:41","date_gmt":"2025-10-20T17:43:41","guid":{"rendered":"https:\/\/researchchemicalhub.com\/?post_type=product&#038;p=24912"},"modified":"2025-10-28T22:45:18","modified_gmt":"2025-10-28T22:45:18","slug":"cbd-pelete-25-mg","status":"publish","type":"product","link":"https:\/\/researchchemicalhub.com\/hr\/ducan\/cbd\/cbd-pelete-25-mg\/","title":{"rendered":"CBD pelete od 25 mg"},"content":{"rendered":"<h3 data-start=\"3882\" data-end=\"3901\"><strong data-start=\"3886\" data-end=\"3901\"><span dir=\"auto\" style=\"vertical-align: inherit;\"><span dir=\"auto\" style=\"vertical-align: inherit;\">Uvod<\/span><\/span><\/strong><\/h3>\n<p data-start=\"3902\" data-end=\"4175\"><span dir=\"auto\" style=\"vertical-align: inherit;\"><span dir=\"auto\" style=\"vertical-align: inherit;\">CBD pelete: Iskusite prirodne blagodati kanabidiola s na\u0161im <\/span><\/span><strong data-start=\"3959\" data-end=\"3979\"><span dir=\"auto\" style=\"vertical-align: inherit;\"><span dir=\"auto\" style=\"vertical-align: inherit;\">CBD pelete od 25 mg<\/span><\/span><\/strong><span dir=\"auto\" style=\"vertical-align: inherit;\"><span dir=\"auto\" style=\"vertical-align: inherit;\"> \u2013 prakti\u010dan i precizan na\u010din iskori\u0161tavanja mo\u0107i CBD-a iz konoplje. <\/span><\/span><br data-start=\"4056\" data-end=\"4059\" \/><span dir=\"auto\" style=\"vertical-align: inherit;\"><span dir=\"auto\" style=\"vertical-align: inherit;\">Svaka kuglica sadr\u017ei <\/span><\/span><strong data-start=\"4081\" data-end=\"4128\"><span dir=\"auto\" style=\"vertical-align: inherit;\"><span dir=\"auto\" style=\"vertical-align: inherit;\">standardizirana doza od 25 mg ili \u010distog CBD-a<\/span><\/span><\/strong><span dir=\"auto\" style=\"vertical-align: inherit;\"><span dir=\"auto\" style=\"vertical-align: inherit;\"> za pouzdane i dosljedne rezultate.<\/span><\/span><\/p>\n<p data-start=\"4177\" data-end=\"4485\"><span dir=\"auto\" style=\"vertical-align: inherit;\"><span dir=\"auto\" style=\"vertical-align: inherit;\">Napravljeno od <\/span><\/span><strong data-start=\"4189\" data-end=\"4224\"><span dir=\"auto\" style=\"vertical-align: inherit;\"><span dir=\"auto\" style=\"vertical-align: inherit;\">visokokvalitetna industrijska konoplja<\/span><\/span><\/strong><span dir=\"auto\" style=\"vertical-align: inherit;\"><span dir=\"auto\" style=\"vertical-align: inherit;\"> i <\/span><\/span><strong data-start=\"4228\" data-end=\"4270\"><span dir=\"auto\" style=\"vertical-align: inherit;\"><span dir=\"auto\" style=\"vertical-align: inherit;\">testirano od strane neovisnih laboratorija<\/span><\/span><\/strong><span dir=\"auto\" style=\"vertical-align: inherit;\"><span dir=\"auto\" style=\"vertical-align: inherit;\"> , ove pelete ne sadr\u017ee THC, pesticide i \u0161tetne kemikalije. Idealne su za one koji tra\u017ee <\/span><\/span><strong data-start=\"4375\" data-end=\"4408\"><span dir=\"auto\" style=\"vertical-align: inherit;\"><span dir=\"auto\" style=\"vertical-align: inherit;\">mir, fokus i blagostanje, <\/span><\/span><\/strong><strong data-start=\"4417\" data-end=\"4437\"><span dir=\"auto\" style=\"vertical-align: inherit;\"><span dir=\"auto\" style=\"vertical-align: inherit;\">CBD pelete od 25 mg<\/span><\/span><\/strong><span dir=\"auto\" style=\"vertical-align: inherit;\"><span dir=\"auto\" style=\"vertical-align: inherit;\"> ponuda <\/span><span dir=\"auto\" style=\"vertical-align: inherit;\">prirodna ravnote\u017ea za tijelo i um.<\/span><\/span><\/p>\n<hr data-start=\"4487\" data-end=\"4490\" \/>\n<h3 data-start=\"4492\" data-end=\"4523\"><strong data-start=\"4496\" data-end=\"4523\"><span dir=\"auto\" style=\"vertical-align: inherit;\"><span dir=\"auto\" style=\"vertical-align: inherit;\">Klju\u010dne zna\u010dajke<\/span><\/span><\/strong><\/h3>\n<ul data-start=\"4524\" data-end=\"4995\">\n<li data-start=\"4524\" data-end=\"4606\">\n<p data-start=\"4526\" data-end=\"4606\"><strong data-start=\"4526\" data-end=\"4555\"><span dir=\"auto\" style=\"vertical-align: inherit;\"><span dir=\"auto\" style=\"vertical-align: inherit;\">25 mg \u010distog CBD-a po peleti<\/span><\/span><\/strong><span dir=\"auto\" style=\"vertical-align: inherit;\"><span dir=\"auto\" style=\"vertical-align: inherit;\"> \u2013 Precizno dozirano za dosljedne rezultate.<\/span><\/span><\/p>\n<\/li>\n<li data-start=\"4607\" data-end=\"4686\">\n<p data-start=\"4609\" data-end=\"4686\"><strong data-start=\"4609\" data-end=\"4630\"><span dir=\"auto\" style=\"vertical-align: inherit;\"><span dir=\"auto\" style=\"vertical-align: inherit;\">Formula bez THC-a<\/span><\/span><\/strong><span dir=\"auto\" style=\"vertical-align: inherit;\"><span dir=\"auto\" style=\"vertical-align: inherit;\"> \u2013 Sadr\u017ei 0% THC za nepsihoaktivnu podr\u0161ku.<\/span><\/span><\/p>\n<\/li>\n<li data-start=\"4687\" data-end=\"4770\">\n<p data-start=\"4689\" data-end=\"4770\"><strong data-start=\"4689\" data-end=\"4717\"><span dir=\"auto\" style=\"vertical-align: inherit;\"><span dir=\"auto\" style=\"vertical-align: inherit;\">Prirodni ekstrakt konoplje<\/span><\/span><\/strong><span dir=\"auto\" style=\"vertical-align: inherit;\"><span dir=\"auto\" style=\"vertical-align: inherit;\"> \u2013 Od organski uzgojenih biljaka konoplje.<\/span><\/span><\/p>\n<\/li>\n<li data-start=\"4771\" data-end=\"4841\">\n<p data-start=\"4773\" data-end=\"4841\"><strong data-start=\"4773\" data-end=\"4795\"><span dir=\"auto\" style=\"vertical-align: inherit;\"><span dir=\"auto\" style=\"vertical-align: inherit;\">Laboratorijski testirano<\/span><\/span><\/strong><span dir=\"auto\" style=\"vertical-align: inherit;\"><span dir=\"auto\" style=\"vertical-align: inherit;\"> \u2013 Potvr\u0111eno za \u010disto\u0107u i sigurnost.<\/span><\/span><\/p>\n<\/li>\n<li data-start=\"4842\" data-end=\"4910\">\n<p data-start=\"4844\" data-end=\"4910\"><strong data-start=\"4844\" data-end=\"4866\"><span dir=\"auto\" style=\"vertical-align: inherit;\"><span dir=\"auto\" style=\"vertical-align: inherit;\">Prakti\u010dan oblik peleta<\/span><\/span><\/strong><span dir=\"auto\" style=\"vertical-align: inherit;\"><span dir=\"auto\" style=\"vertical-align: inherit;\"> \u2013 Jednostavno doziranje i skladi\u0161tenje.<\/span><\/span><\/p>\n<\/li>\n<li data-start=\"4911\" data-end=\"4995\">\n<p data-start=\"4913\" data-end=\"4995\"><strong data-start=\"4913\" data-end=\"4940\"><span dir=\"auto\" style=\"vertical-align: inherit;\"><span dir=\"auto\" style=\"vertical-align: inherit;\">Veganski i bez GMO-a<\/span><\/span><\/strong><span dir=\"auto\" style=\"vertical-align: inherit;\"><span dir=\"auto\" style=\"vertical-align: inherit;\"> \u2013 Napravljeno od prirodnih sastojaka biljnog podrijetla.<\/span><\/span><\/p>\n<\/li>\n<\/ul>\n<hr data-start=\"4997\" data-end=\"5000\" \/>\n<h3 data-start=\"5002\" data-end=\"5019\"><strong data-start=\"5006\" data-end=\"5019\"><span dir=\"auto\" style=\"vertical-align: inherit;\"><span dir=\"auto\" style=\"vertical-align: inherit;\">Prednosti<\/span><\/span><\/strong><\/h3>\n<ul data-start=\"5020\" data-end=\"5428\">\n<li data-start=\"5020\" data-end=\"5104\">\n<p data-start=\"5022\" data-end=\"5104\"><strong data-start=\"5022\" data-end=\"5054\"><span dir=\"auto\" style=\"vertical-align: inherit;\"><span dir=\"auto\" style=\"vertical-align: inherit;\">Poti\u010de opu\u0161tanje i smirenost<\/span><\/span><\/strong><span dir=\"auto\" style=\"vertical-align: inherit;\"><span dir=\"auto\" style=\"vertical-align: inherit;\"> \u2013 Podr\u017eava osje\u0107aj unutarnje ravnote\u017ee.<\/span><\/span><\/p>\n<\/li>\n<li data-start=\"5105\" data-end=\"5177\">\n<p data-start=\"5107\" data-end=\"5177\"><strong data-start=\"5107\" data-end=\"5138\"><span dir=\"auto\" style=\"vertical-align: inherit;\"><span dir=\"auto\" style=\"vertical-align: inherit;\">Poma\u017ee u smanjenju stresa<\/span><\/span><\/strong><span dir=\"auto\" style=\"vertical-align: inherit;\"><span dir=\"auto\" style=\"vertical-align: inherit;\"> \u2013 Ubla\u017eava napetost nakon napornog dana.<\/span><\/span><\/p>\n<\/li>\n<li data-start=\"5178\" data-end=\"5263\">\n<p data-start=\"5180\" data-end=\"5263\"><strong data-start=\"5180\" data-end=\"5214\"><span dir=\"auto\" style=\"vertical-align: inherit;\"><span dir=\"auto\" style=\"vertical-align: inherit;\">Pobolj\u0161ava fokus i koncentraciju<\/span><\/span><\/strong><span dir=\"auto\" style=\"vertical-align: inherit;\"><span dir=\"auto\" style=\"vertical-align: inherit;\"> \u2013 Umiruje bez izazivanja pospanosti.<\/span><\/span><\/p>\n<\/li>\n<li data-start=\"5264\" data-end=\"5362\">\n<p data-start=\"5266\" data-end=\"5362\"><strong data-start=\"5266\" data-end=\"5299\"><span dir=\"auto\" style=\"vertical-align: inherit;\"><span dir=\"auto\" style=\"vertical-align: inherit;\">Prirodno rje\u0161enje za dobrobit<\/span><\/span><\/strong><span dir=\"auto\" style=\"vertical-align: inherit;\"><span dir=\"auto\" style=\"vertical-align: inherit;\"> \u2013 Biljna alternativa za svakodnevnu podr\u0161ku.<\/span><\/span><\/p>\n<\/li>\n<li data-start=\"5363\" data-end=\"5428\">\n<p data-start=\"5365\" data-end=\"5428\"><strong data-start=\"5365\" data-end=\"5389\"><span dir=\"auto\" style=\"vertical-align: inherit;\"><span dir=\"auto\" style=\"vertical-align: inherit;\">Dosljedno doziranje<\/span><\/span><\/strong><span dir=\"auto\" style=\"vertical-align: inherit;\"><span dir=\"auto\" style=\"vertical-align: inherit;\"> \u2013 Svaka peleta sadr\u017ei to\u010dno 25 mg CBD-a.<\/span><\/span><\/p>\n<\/li>\n<\/ul>\n<hr data-start=\"5430\" data-end=\"5433\" \/>\n<h3 data-start=\"5435\" data-end=\"5450\"><strong data-start=\"5439\" data-end=\"5450\"><span dir=\"auto\" style=\"vertical-align: inherit;\"><span dir=\"auto\" style=\"vertical-align: inherit;\">Upotreba<\/span><\/span><\/strong><\/h3>\n<ol data-start=\"5451\" data-end=\"5778\">\n<li data-start=\"5451\" data-end=\"5557\">\n<p data-start=\"5454\" data-end=\"5557\"><strong data-start=\"5454\" data-end=\"5467\"><span dir=\"auto\" style=\"vertical-align: inherit;\"><span dir=\"auto\" style=\"vertical-align: inherit;\">Doziranje:<\/span><\/span><\/strong><span dir=\"auto\" style=\"vertical-align: inherit;\"><span dir=\"auto\" style=\"vertical-align: inherit;\"> Uzmite 1 tabletu (25 mg) dnevno, po mogu\u0107nosti s hranom ili prema preporuci lije\u010dnika.<\/span><\/span><\/p>\n<\/li>\n<li data-start=\"5558\" data-end=\"5624\">\n<p data-start=\"5561\" data-end=\"5624\"><strong data-start=\"5561\" data-end=\"5572\"><span dir=\"auto\" style=\"vertical-align: inherit;\"><span dir=\"auto\" style=\"vertical-align: inherit;\">Pohrana:<\/span><\/span><\/strong><span dir=\"auto\" style=\"vertical-align: inherit;\"><span dir=\"auto\" style=\"vertical-align: inherit;\"> \u010cuvati u <\/span><\/span><strong data-start=\"5587\" data-end=\"5621\"><span dir=\"auto\" style=\"vertical-align: inherit;\"><span dir=\"auto\" style=\"vertical-align: inherit;\">hladnom, suhom i tamnom mjestu<\/span><\/span><\/strong><span dir=\"auto\" style=\"vertical-align: inherit;\"><span dir=\"auto\" style=\"vertical-align: inherit;\"> .<\/span><\/span><\/p>\n<\/li>\n<li data-start=\"5625\" data-end=\"5692\">\n<p data-start=\"5628\" data-end=\"5692\"><strong data-start=\"5628\" data-end=\"5640\"><span dir=\"auto\" style=\"vertical-align: inherit;\"><span dir=\"auto\" style=\"vertical-align: inherit;\">Zatvaranje:<\/span><\/span><\/strong><span dir=\"auto\" style=\"vertical-align: inherit;\"><span dir=\"auto\" style=\"vertical-align: inherit;\"> Provjerite je li ambala\u017ea pravilno zatvorena.<\/span><\/span><\/p>\n<\/li>\n<li data-start=\"5693\" data-end=\"5778\">\n<p data-start=\"5696\" data-end=\"5778\"><strong data-start=\"5696\" data-end=\"5710\"><span dir=\"auto\" style=\"vertical-align: inherit;\"><span dir=\"auto\" style=\"vertical-align: inherit;\">Pravilnost:<\/span><\/span><\/strong><span dir=\"auto\" style=\"vertical-align: inherit;\"><span dir=\"auto\" style=\"vertical-align: inherit;\"> Za optimalne rezultate, uzimajte svaki dan u isto vrijeme.<\/span><\/span><\/p>\n<\/li>\n<\/ol>\n<blockquote data-start=\"5780\" data-end=\"5922\">\n<p data-start=\"5782\" data-end=\"5922\">\u26a0\ufe0f <strong data-start=\"5785\" data-end=\"5796\"><span dir=\"auto\" style=\"vertical-align: inherit;\"><span dir=\"auto\" style=\"vertical-align: inherit;\">Imajte na umu:<\/span><\/span><\/strong><span dir=\"auto\" style=\"vertical-align: inherit;\"><span dir=\"auto\" style=\"vertical-align: inherit;\"> Uvijek se posavjetujte s lije\u010dnikom prije uzimanja bilo kojeg novog dodatka prehrani, posebno ako ste trudni, dojite ili uzimate lijekove.<\/span><\/span><\/p>\n<\/blockquote>\n<hr data-start=\"5924\" data-end=\"5927\" \/>\n<h3 data-start=\"5929\" data-end=\"5956\"><strong data-start=\"5933\" data-end=\"5956\"><span dir=\"auto\" style=\"vertical-align: inherit;\"><span dir=\"auto\" style=\"vertical-align: inherit;\">\u010cesto postavljana pitanja<\/span><\/span><\/strong><\/h3>\n<p data-start=\"5958\" data-end=\"6182\"><strong data-start=\"5958\" data-end=\"5991\"><span dir=\"auto\" style=\"vertical-align: inherit;\"><span dir=\"auto\" style=\"vertical-align: inherit;\">1. \u0160to su CBD pelete od 25 mg?<\/span><\/span><\/strong><br data-start=\"5991\" data-end=\"5994\" \/><span dir=\"auto\" style=\"vertical-align: inherit;\"><span dir=\"auto\" style=\"vertical-align: inherit;\"> CBD pelete od 25 mg su <\/span><\/span><strong data-start=\"6016\" data-end=\"6075\"><span dir=\"auto\" style=\"vertical-align: inherit;\"><span dir=\"auto\" style=\"vertical-align: inherit;\">male, precizno dozirane doze kanabidiola (CBD-a)<\/span><\/span><\/strong><span dir=\"auto\" style=\"vertical-align: inherit;\"><span dir=\"auto\" style=\"vertical-align: inherit;\"> dobiveno iz ekstrakta konoplje. Nude prakti\u010dan, pouzdan i THC-free na\u010din uzimanja CBD-a.<\/span><\/span><\/p>\n<p data-start=\"6184\" data-end=\"6315\"><strong data-start=\"6184\" data-end=\"6225\"><span dir=\"auto\" style=\"vertical-align: inherit;\"><span dir=\"auto\" style=\"vertical-align: inherit;\">2. Ho\u0107u li se napu\u0161iti od CBD peleta od 25 mg?<\/span><\/span><\/strong><br data-start=\"6225\" data-end=\"6228\" \/><span dir=\"auto\" style=\"vertical-align: inherit;\"><span dir=\"auto\" style=\"vertical-align: inherit;\"> Ne. Ove kuglice to rade <\/span><\/span><strong data-start=\"6255\" data-end=\"6267\"><span dir=\"auto\" style=\"vertical-align: inherit;\"><span dir=\"auto\" style=\"vertical-align: inherit;\">ne sadr\u017ei THC<\/span><\/span><\/strong><span dir=\"auto\" style=\"vertical-align: inherit;\"><span dir=\"auto\" style=\"vertical-align: inherit;\"> i stoga imaju <\/span><\/span><strong data-start=\"6282\" data-end=\"6312\"><span dir=\"auto\" style=\"vertical-align: inherit;\"><span dir=\"auto\" style=\"vertical-align: inherit;\">bez psihoaktivnog u\u010dinka<\/span><\/span><\/strong><span dir=\"auto\" style=\"vertical-align: inherit;\"><span dir=\"auto\" style=\"vertical-align: inherit;\"> .<\/span><\/span><\/p>\n<p data-start=\"6317\" data-end=\"6489\"><strong data-start=\"6317\" data-end=\"6357\"><span dir=\"auto\" style=\"vertical-align: inherit;\"><span dir=\"auto\" style=\"vertical-align: inherit;\">3. Koliko brzo djeluju pelete od 25 mg CBD-a?<\/span><\/span><\/strong><br data-start=\"6357\" data-end=\"6360\" \/><span dir=\"auto\" style=\"vertical-align: inherit;\"><span dir=\"auto\" style=\"vertical-align: inherit;\"> Ve\u0107ina korisnika primje\u0107uje u\u010dinak unutar <\/span><\/span><strong data-start=\"6395\" data-end=\"6412\"><span dir=\"auto\" style=\"vertical-align: inherit;\"><span dir=\"auto\" style=\"vertical-align: inherit;\">30\u201360 minuta<\/span><\/span><\/strong><span dir=\"auto\" style=\"vertical-align: inherit;\"><span dir=\"auto\" style=\"vertical-align: inherit;\"> , ovisno o njihovom metabolizmu i konzistentnosti gutanja.<\/span><\/span><\/p>\n<hr data-start=\"6491\" data-end=\"6494\" \/>\n<h3 data-start=\"6496\" data-end=\"6514\"><strong data-start=\"6500\" data-end=\"6514\"><span dir=\"auto\" style=\"vertical-align: inherit;\"><span dir=\"auto\" style=\"vertical-align: inherit;\">Odricanje<\/span><\/span><\/strong><\/h3>\n<p data-start=\"6515\" data-end=\"6712\"><span dir=\"auto\" style=\"vertical-align: inherit;\"><span dir=\"auto\" style=\"vertical-align: inherit;\">Ovaj proizvod je <\/span><\/span><strong data-start=\"6530\" data-end=\"6598\"><span dir=\"auto\" style=\"vertical-align: inherit;\"><span dir=\"auto\" style=\"vertical-align: inherit;\">nije namijenjeno dijagnosticiranju, lije\u010denju ili izlje\u010denju bilo koje bolesti<\/span><\/span><\/strong><span dir=\"auto\" style=\"vertical-align: inherit;\"><span dir=\"auto\" style=\"vertical-align: inherit;\"> Uvijek se posavjetujte s lije\u010dnikom prije upotrebe dodataka prehrani. <\/span><\/span><strong data-start=\"6659\" data-end=\"6710\"><span dir=\"auto\" style=\"vertical-align: inherit;\"><span dir=\"auto\" style=\"vertical-align: inherit;\">Nije prikladno za osobe mla\u0111e od 18 godina. <\/span><\/span><\/strong><a href=\"https:\/\/researchchemicalhub.com\/hr\/ducan\/okategoriserad\/kupiti-4mmc\/\"><span dir=\"auto\" style=\"vertical-align: inherit;\"><span dir=\"auto\" style=\"vertical-align: inherit;\">Kupite 4mmc, <\/span><\/span><\/a><a href=\"https:\/\/researchchemicalhub.com\/hr\/ducan\/okategoriserad\/benzokain-u-prahu\/\"><span dir=\"auto\" style=\"vertical-align: inherit;\"><span dir=\"auto\" style=\"vertical-align: inherit;\">benzokain u prahu <\/span><\/span><\/a><a href=\"https:\/\/researchchemicalhub.com\/hr\/ducan\/okategoriserad\/kupiti-fentanil\/\"><span dir=\"auto\" style=\"vertical-align: inherit;\"><span dir=\"auto\" style=\"vertical-align: inherit;\">, kupiti fentanil <\/span><\/span><\/a><a href=\"https:\/\/researchchemicalhub.com\/hr\/ducan\/iboga-ibogain\/kupiti-ibogu\/\"><span dir=\"auto\" style=\"vertical-align: inherit;\"><span dir=\"auto\" style=\"vertical-align: inherit;\">, kupiti ibogu , kupiti <\/span><\/span><\/a><a href=\"https:\/\/researchchemicalhub.com\/hr\/ducan\/okategoriserad\/kupiti-fentanil\/\"><span dir=\"auto\" style=\"vertical-align: inherit;\"><span dir=\"auto\" style=\"vertical-align: inherit;\">tableta fentanila <\/span><\/span><\/a><a href=\"https:\/\/researchchemicalhub.com\/hr\/ducan\/iboga-ibogain\/kupiti-ibogu\/\"><span dir=\"auto\" style=\"vertical-align: inherit;\"><span dir=\"auto\" style=\"vertical-align: inherit;\">, iboga, <\/span><\/span><\/a><a href=\"https:\/\/researchchemicalhub.com\/hr\/ducan\/iboga-ibogain\/kupiti-ibogain-hidroklorid-online\/\"><span dir=\"auto\" style=\"vertical-align: inherit;\"><span dir=\"auto\" style=\"vertical-align: inherit;\">kupiti ibogain hidroklorid online<\/span><\/span><\/a><\/p>","protected":false},"excerpt":{"rendered":"<h3><span dir=\"auto\" style=\"vertical-align: inherit;\"><span dir=\"auto\" style=\"vertical-align: inherit;\"><span dir=\"auto\" style=\"vertical-align: inherit;\"><span dir=\"auto\" style=\"vertical-align: inherit;\">CBD svojstva<\/span><\/span><\/span><\/span><\/h3>\n<p><strong><span dir=\"auto\" style=\"vertical-align: inherit;\"><span dir=\"auto\" style=\"vertical-align: inherit;\"><span dir=\"auto\" style=\"vertical-align: inherit;\"><span dir=\"auto\" style=\"vertical-align: inherit;\">Sinonim:<\/span><\/span><\/span><\/span><\/strong><span dir=\"auto\" style=\"vertical-align: inherit;\"><span dir=\"auto\" style=\"vertical-align: inherit;\"><span dir=\"auto\" style=\"vertical-align: inherit;\"><span dir=\"auto\" style=\"vertical-align: inherit;\"> Kanabidiol <\/span><\/span><\/span><\/span><br \/>\n<strong><span dir=\"auto\" style=\"vertical-align: inherit;\"><span dir=\"auto\" style=\"vertical-align: inherit;\"><span dir=\"auto\" style=\"vertical-align: inherit;\"><span dir=\"auto\" style=\"vertical-align: inherit;\">CAS broj:<\/span><\/span><\/span><\/span><\/strong><span dir=\"auto\" style=\"vertical-align: inherit;\"><span dir=\"auto\" style=\"vertical-align: inherit;\"><span dir=\"auto\" style=\"vertical-align: inherit;\"><span dir=\"auto\" style=\"vertical-align: inherit;\"> nije primjenjivo <\/span><\/span><\/span><\/span><br \/>\n<strong><span dir=\"auto\" style=\"vertical-align: inherit;\"><span dir=\"auto\" style=\"vertical-align: inherit;\"><span dir=\"auto\" style=\"vertical-align: inherit;\"><span dir=\"auto\" style=\"vertical-align: inherit;\">Formula:<\/span><\/span><\/span><\/span><\/strong><span dir=\"auto\" style=\"vertical-align: inherit;\"><span dir=\"auto\" style=\"vertical-align: inherit;\"><span dir=\"auto\" style=\"vertical-align: inherit;\"><span dir=\"auto\" style=\"vertical-align: inherit;\"> C <\/span><\/span><\/span><\/span><sub><span dir=\"auto\" style=\"vertical-align: inherit;\"><span dir=\"auto\" style=\"vertical-align: inherit;\"><span dir=\"auto\" style=\"vertical-align: inherit;\"><span dir=\"auto\" style=\"vertical-align: inherit;\">21<\/span><\/span><\/span><\/span><\/sub><span dir=\"auto\" style=\"vertical-align: inherit;\"><span dir=\"auto\" style=\"vertical-align: inherit;\"><span dir=\"auto\" style=\"vertical-align: inherit;\"><span dir=\"auto\" style=\"vertical-align: inherit;\"> H <\/span><\/span><\/span><\/span><sub><span dir=\"auto\" style=\"vertical-align: inherit;\"><span dir=\"auto\" style=\"vertical-align: inherit;\"><span dir=\"auto\" style=\"vertical-align: inherit;\"><span dir=\"auto\" style=\"vertical-align: inherit;\">30<\/span><\/span><\/span><\/span><\/sub><span dir=\"auto\" style=\"vertical-align: inherit;\"><span dir=\"auto\" style=\"vertical-align: inherit;\"><span dir=\"auto\" style=\"vertical-align: inherit;\"><span dir=\"auto\" style=\"vertical-align: inherit;\"> O <\/span><\/span><\/span><\/span><sub><span dir=\"auto\" style=\"vertical-align: inherit;\"><span dir=\"auto\" style=\"vertical-align: inherit;\"><span dir=\"auto\" style=\"vertical-align: inherit;\"><span dir=\"auto\" style=\"vertical-align: inherit;\">2 <\/span><\/span><\/span><\/span><\/sub><br \/>\n<strong><span dir=\"auto\" style=\"vertical-align: inherit;\"><span dir=\"auto\" style=\"vertical-align: inherit;\"><span dir=\"auto\" style=\"vertical-align: inherit;\"><span dir=\"auto\" style=\"vertical-align: inherit;\">Molarna masa:<\/span><\/span><\/span><\/span><\/strong><span dir=\"auto\" style=\"vertical-align: inherit;\"><span dir=\"auto\" style=\"vertical-align: inherit;\"><span dir=\"auto\" style=\"vertical-align: inherit;\"><span dir=\"auto\" style=\"vertical-align: inherit;\"> nije primjenjivo <\/span><\/span><\/span><\/span><br \/>\n<strong><span dir=\"auto\" style=\"vertical-align: inherit;\"><span dir=\"auto\" style=\"vertical-align: inherit;\"><span dir=\"auto\" style=\"vertical-align: inherit;\"><span dir=\"auto\" style=\"vertical-align: inherit;\">\u010cisto\u0107a:<\/span><\/span><\/span><\/span><\/strong><span dir=\"auto\" style=\"vertical-align: inherit;\"><span dir=\"auto\" style=\"vertical-align: inherit;\"><span dir=\"auto\" style=\"vertical-align: inherit;\"><span dir=\"auto\" style=\"vertical-align: inherit;\"> &gt;98%<\/span><\/span><\/span><\/span><\/p>","protected":false},"featured_media":28490,"comment_status":"closed","ping_status":"closed","template":"","meta":[],"product_brand":[82],"product_cat":[422,423,336,324],"product_tag":[735,736,737,732,733,734,326],"class_list":{"0":"post-24912","1":"product","2":"type-product","3":"status-publish","4":"has-post-thumbnail","6":"product_brand-research-chemical","7":"product_cat-cbd","8":"product_cat-cbd-pellets","9":"product_cat-overig","10":"product_cat-pellets-for-pellet","11":"product_tag-benefits-of-cbd-pellets-for-horses","12":"product_tag-best-cbd-pellets-for-horses","13":"product_tag-can-your-horse-test-positive-using-cbd-pellets","14":"product_tag-cbd-pellets","15":"product_tag-cbd-pellets-ervaringen","16":"product_tag-cbd-pellets-for-horses","17":"product_tag-nl","19":"first","20":"instock","21":"taxable","22":"shipping-taxable","23":"purchasable","24":"product-type-variable"},"_links":{"self":[{"href":"https:\/\/researchchemicalhub.com\/hr\/wp-json\/wp\/v2\/product\/24912","targetHints":{"allow":["GET"]}}],"collection":[{"href":"https:\/\/researchchemicalhub.com\/hr\/wp-json\/wp\/v2\/product"}],"about":[{"href":"https:\/\/researchchemicalhub.com\/hr\/wp-json\/wp\/v2\/types\/product"}],"replies":[{"embeddable":true,"href":"https:\/\/researchchemicalhub.com\/hr\/wp-json\/wp\/v2\/comments?post=24912"}],"version-history":[{"count":8,"href":"https:\/\/researchchemicalhub.com\/hr\/wp-json\/wp\/v2\/product\/24912\/revisions"}],"predecessor-version":[{"id":28634,"href":"https:\/\/researchchemicalhub.com\/hr\/wp-json\/wp\/v2\/product\/24912\/revisions\/28634"}],"wp:featuredmedia":[{"embeddable":true,"href":"https:\/\/researchchemicalhub.com\/hr\/wp-json\/wp\/v2\/media\/28490"}],"wp:attachment":[{"href":"https:\/\/researchchemicalhub.com\/hr\/wp-json\/wp\/v2\/media?parent=24912"}],"wp:term":[{"taxonomy":"product_brand","embeddable":true,"href":"https:\/\/researchchemicalhub.com\/hr\/wp-json\/wp\/v2\/product_brand?post=24912"},{"taxonomy":"product_cat","embeddable":true,"href":"https:\/\/researchchemicalhub.com\/hr\/wp-json\/wp\/v2\/product_cat?post=24912"},{"taxonomy":"product_tag","embeddable":true,"href":"https:\/\/researchchemicalhub.com\/hr\/wp-json\/wp\/v2\/product_tag?post=24912"}],"curies":[{"name":"radni list","href":"https:\/\/api.w.org\/{rel}","templated":true}]}}