{"id":24869,"date":"2025-10-20T17:43:28","date_gmt":"2025-10-20T17:43:28","guid":{"rendered":"https:\/\/researchchemicalhub.com\/?post_type=product&#038;p=24869"},"modified":"2025-10-29T07:32:38","modified_gmt":"2025-10-29T07:32:38","slug":"ro5-4864-1-mg-blotters","status":"publish","type":"product","link":"https:\/\/researchchemicalhub.com\/hr\/shop\/benzodiazepinen\/ro5-4864-1-mg-blotters\/","title":{"rendered":"Ro5-4864 1 MG upijaju\u0107e papire"},"content":{"rendered":"<h3 data-start=\"4052\" data-end=\"4071\"><strong data-start=\"4056\" data-end=\"4071\"><span dir=\"auto\" style=\"vertical-align: inherit;\"><span dir=\"auto\" style=\"vertical-align: inherit;\">Uvod<\/span><\/span><\/strong><\/h3>\n<p data-start=\"4072\" data-end=\"4323\"><span dir=\"auto\" style=\"vertical-align: inherit;\"><span dir=\"auto\" style=\"vertical-align: inherit;\">Na\u0161e <\/span><\/span><strong data-start=\"4077\" data-end=\"4104\"><span dir=\"auto\" style=\"vertical-align: inherit;\"><span dir=\"auto\" style=\"vertical-align: inherit;\">Istra\u017eiva\u010dki bloteri od 1 mg<\/span><\/span><\/strong><span dir=\"auto\" style=\"vertical-align: inherit;\"><span dir=\"auto\" style=\"vertical-align: inherit;\"> su dizajnirani za <\/span><\/span><strong data-start=\"4126\" data-end=\"4183\"><span dir=\"auto\" style=\"vertical-align: inherit;\"><span dir=\"auto\" style=\"vertical-align: inherit;\">znanstvena, analiti\u010dka i laboratorijska istra\u017eivanja<\/span><\/span><\/strong><span dir=\"auto\" style=\"vertical-align: inherit;\"><span dir=\"auto\" style=\"vertical-align: inherit;\"> . <\/span><\/span><br data-start=\"4184\" data-end=\"4187\" \/><span dir=\"auto\" style=\"vertical-align: inherit;\"><span dir=\"auto\" style=\"vertical-align: inherit;\">Proizvode se prema <\/span><\/span><strong data-start=\"4218\" data-end=\"4248\"><span dir=\"auto\" style=\"vertical-align: inherit;\"><span dir=\"auto\" style=\"vertical-align: inherit;\">strogi laboratorijski standardi<\/span><\/span><\/strong><span dir=\"auto\" style=\"vertical-align: inherit;\"><span dir=\"auto\" style=\"vertical-align: inherit;\"> , osiguravaju\u0107i <\/span><\/span><strong data-start=\"4265\" data-end=\"4320\"><span dir=\"auto\" style=\"vertical-align: inherit;\"><span dir=\"auto\" style=\"vertical-align: inherit;\">visoka \u010disto\u0107a, ponovljivost i stabilnost<\/span><\/span><\/strong><span dir=\"auto\" style=\"vertical-align: inherit;\"><span dir=\"auto\" style=\"vertical-align: inherit;\"> . ro5 4864<\/span><\/span><\/p>\n<p data-start=\"4325\" data-end=\"4437\"><span dir=\"auto\" style=\"vertical-align: inherit;\"><span dir=\"auto\" style=\"vertical-align: inherit;\">Svaki upija\u010d sadr\u017ei <\/span><\/span><strong data-start=\"4348\" data-end=\"4376\"><span dir=\"auto\" style=\"vertical-align: inherit;\"><span dir=\"auto\" style=\"vertical-align: inherit;\">doza od to\u010dno 1 mg<\/span><\/span><\/strong><span dir=\"auto\" style=\"vertical-align: inherit;\"><span dir=\"auto\" style=\"vertical-align: inherit;\"> , \u0161to omogu\u0107uje pouzdane i dosljedne rezultate.<\/span><\/span><\/p>\n<blockquote data-start=\"4438\" data-end=\"4547\">\n<p data-start=\"4440\" data-end=\"4547\">\u26a0\ufe0f <strong data-start=\"4443\" data-end=\"4547\"><span dir=\"auto\" style=\"vertical-align: inherit;\"><span dir=\"auto\" style=\"vertical-align: inherit;\">Samo za laboratorijsku upotrebu. Nije prikladno za prehranu ljudi ili \u017eivotinja.<\/span><\/span><\/strong><\/p>\n<\/blockquote>\n<hr data-start=\"4549\" data-end=\"4552\" \/>\n<h3 data-start=\"4554\" data-end=\"4585\"><strong data-start=\"4558\" data-end=\"4585\"><span dir=\"auto\" style=\"vertical-align: inherit;\"><span dir=\"auto\" style=\"vertical-align: inherit;\">Klju\u010dne zna\u010dajke<\/span><\/span><\/strong><\/h3>\n<ul data-start=\"4586\" data-end=\"5054\">\n<li data-start=\"4586\" data-end=\"4656\">\n<p data-start=\"4588\" data-end=\"4656\"><strong data-start=\"4588\" data-end=\"4614\"><span dir=\"auto\" style=\"vertical-align: inherit;\"><span dir=\"auto\" style=\"vertical-align: inherit;\">Visoka \u010disto\u0107a (\u226599%)<\/span><\/span><\/strong><span dir=\"auto\" style=\"vertical-align: inherit;\"><span dir=\"auto\" style=\"vertical-align: inherit;\"> \u2013 Neovisno testirano i provjereno.<\/span><\/span><\/p>\n<\/li>\n<li data-start=\"4657\" data-end=\"4738\">\n<p data-start=\"4659\" data-end=\"4738\"><strong data-start=\"4659\" data-end=\"4689\"><span dir=\"auto\" style=\"vertical-align: inherit;\"><span dir=\"auto\" style=\"vertical-align: inherit;\">Precizna doza od 1 mg<\/span><\/span><\/strong><span dir=\"auto\" style=\"vertical-align: inherit;\"><span dir=\"auto\" style=\"vertical-align: inherit;\"> \u2013 Za kontrolirana i pouzdana mjerenja. ro5 4864<\/span><\/span><\/p>\n<\/li>\n<li data-start=\"4739\" data-end=\"4820\">\n<p data-start=\"4741\" data-end=\"4820\"><strong data-start=\"4741\" data-end=\"4767\"><span dir=\"auto\" style=\"vertical-align: inherit;\"><span dir=\"auto\" style=\"vertical-align: inherit;\">Stabilan sastav<\/span><\/span><\/strong><span dir=\"auto\" style=\"vertical-align: inherit;\"><span dir=\"auto\" style=\"vertical-align: inherit;\"> \u2013 Odr\u017eava kemijski integritet uz pravilno skladi\u0161tenje.<\/span><\/span><\/p>\n<\/li>\n<li data-start=\"4821\" data-end=\"4900\">\n<p data-start=\"4823\" data-end=\"4900\"><strong data-start=\"4823\" data-end=\"4851\"><span dir=\"auto\" style=\"vertical-align: inherit;\"><span dir=\"auto\" style=\"vertical-align: inherit;\">Kontrolirana proizvodnja<\/span><\/span><\/strong><span dir=\"auto\" style=\"vertical-align: inherit;\"><span dir=\"auto\" style=\"vertical-align: inherit;\"> \u2013 Proizvedeno prema ISO laboratorijskim standardima.<\/span><\/span><\/p>\n<\/li>\n<li data-start=\"4901\" data-end=\"4969\">\n<p data-start=\"4903\" data-end=\"4969\"><strong data-start=\"4903\" data-end=\"4933\"><span dir=\"auto\" style=\"vertical-align: inherit;\"><span dir=\"auto\" style=\"vertical-align: inherit;\">Ambala\u017ea otporna na vlagu<\/span><\/span><\/strong><span dir=\"auto\" style=\"vertical-align: inherit;\"><span dir=\"auto\" style=\"vertical-align: inherit;\"> \u2013 \u0160titi od svjetlosti i zraka.<\/span><\/span><\/p>\n<\/li>\n<li data-start=\"4970\" data-end=\"5054\">\n<p data-start=\"4972\" data-end=\"5054\"><strong data-start=\"4972\" data-end=\"5005\"><span dir=\"auto\" style=\"vertical-align: inherit;\"><span dir=\"auto\" style=\"vertical-align: inherit;\">Samo za istra\u017eiva\u010dku upotrebu<\/span><\/span><\/strong><span dir=\"auto\" style=\"vertical-align: inherit;\"><span dir=\"auto\" style=\"vertical-align: inherit;\"> \u2013 Namijenjeno za znanstvene primjene.<\/span><\/span><\/p>\n<\/li>\n<\/ul>\n<hr data-start=\"5056\" data-end=\"5059\" \/>\n<h3 data-start=\"5061\" data-end=\"5078\"><strong data-start=\"5065\" data-end=\"5078\"><span dir=\"auto\" style=\"vertical-align: inherit;\"><span dir=\"auto\" style=\"vertical-align: inherit;\">Prednosti<\/span><\/span><\/strong><\/h3>\n<ul data-start=\"5079\" data-end=\"5531\">\n<li data-start=\"5079\" data-end=\"5159\">\n<p data-start=\"5081\" data-end=\"5159\"><strong data-start=\"5081\" data-end=\"5117\"><span dir=\"auto\" style=\"vertical-align: inherit;\"><span dir=\"auto\" style=\"vertical-align: inherit;\">Pouzdani rezultati istra\u017eivanja<\/span><\/span><\/strong><span dir=\"auto\" style=\"vertical-align: inherit;\"><span dir=\"auto\" style=\"vertical-align: inherit;\"> \u2013 Konzistentni podaci tijekom ponovljenih testiranja.<\/span><\/span><\/p>\n<\/li>\n<li data-start=\"5160\" data-end=\"5232\">\n<p data-start=\"5162\" data-end=\"5232\"><strong data-start=\"5162\" data-end=\"5183\"><span dir=\"auto\" style=\"vertical-align: inherit;\"><span dir=\"auto\" style=\"vertical-align: inherit;\">Stabilan i \u010dist<\/span><\/span><\/strong><span dir=\"auto\" style=\"vertical-align: inherit;\"><span dir=\"auto\" style=\"vertical-align: inherit;\"> \u2013 Smanjuje varijacije u rezultatima istra\u017eivanja.<\/span><\/span><\/p>\n<\/li>\n<li data-start=\"5233\" data-end=\"5336\">\n<p data-start=\"5235\" data-end=\"5336\"><strong data-start=\"5235\" data-end=\"5284\"><span dir=\"auto\" style=\"vertical-align: inherit;\"><span dir=\"auto\" style=\"vertical-align: inherit;\">Optimizirano za analiti\u010dke primjene<\/span><\/span><\/strong><span dir=\"auto\" style=\"vertical-align: inherit;\"><span dir=\"auto\" style=\"vertical-align: inherit;\"> \u2013 Pogodno za kalibracijska i usporedna ispitivanja.<\/span><\/span><\/p>\n<\/li>\n<li data-start=\"5337\" data-end=\"5432\">\n<p data-start=\"5339\" data-end=\"5432\"><strong data-start=\"5339\" data-end=\"5372\"><span dir=\"auto\" style=\"vertical-align: inherit;\"><span dir=\"auto\" style=\"vertical-align: inherit;\">Sigurno rukovanje u laboratoriju<\/span><\/span><\/strong><span dir=\"auto\" style=\"vertical-align: inherit;\"><span dir=\"auto\" style=\"vertical-align: inherit;\"> \u2013 Oblik peleta ili upijaju\u0107eg sredstva osigurava precizno doziranje.<\/span><\/span><\/p>\n<\/li>\n<li data-start=\"5433\" data-end=\"5531\">\n<p data-start=\"5435\" data-end=\"5531\"><strong data-start=\"5435\" data-end=\"5470\"><span dir=\"auto\" style=\"vertical-align: inherit;\"><span dir=\"auto\" style=\"vertical-align: inherit;\">U skladu s propisima i eti\u010dki proizvedeno<\/span><\/span><\/strong><span dir=\"auto\" style=\"vertical-align: inherit;\"><span dir=\"auto\" style=\"vertical-align: inherit;\"> \u2013 U skladu s me\u0111unarodnim sigurnosnim standardima.<\/span><\/span><\/p>\n<\/li>\n<\/ul>\n<hr data-start=\"5533\" data-end=\"5536\" \/>\n<h3 data-start=\"5538\" data-end=\"5553\"><strong data-start=\"5542\" data-end=\"5553\"><span dir=\"auto\" style=\"vertical-align: inherit;\"><span dir=\"auto\" style=\"vertical-align: inherit;\">Upotreba<\/span><\/span><\/strong><\/h3>\n<ol data-start=\"5554\" data-end=\"5979\">\n<li data-start=\"5554\" data-end=\"5655\">\n<p data-start=\"5557\" data-end=\"5655\"><strong data-start=\"5557\" data-end=\"5592\"><span dir=\"auto\" style=\"vertical-align: inherit;\"><span dir=\"auto\" style=\"vertical-align: inherit;\">Samo za laboratorijsku upotrebu<\/span><\/span><\/strong><span dir=\"auto\" style=\"vertical-align: inherit;\"><span dir=\"auto\" style=\"vertical-align: inherit;\"> \u2013 Koristiti samo unutar odobrenih istra\u017eiva\u010dkih ustanova.<\/span><\/span><\/p>\n<\/li>\n<li data-start=\"5656\" data-end=\"5723\">\n<p data-start=\"5659\" data-end=\"5723\"><strong data-start=\"5659\" data-end=\"5669\"><span dir=\"auto\" style=\"vertical-align: inherit;\"><span dir=\"auto\" style=\"vertical-align: inherit;\">Pohrana<\/span><\/span><\/strong><span dir=\"auto\" style=\"vertical-align: inherit;\"><span dir=\"auto\" style=\"vertical-align: inherit;\"> \u2013 \u010cuvati u <\/span><\/span><strong data-start=\"5686\" data-end=\"5720\"><span dir=\"auto\" style=\"vertical-align: inherit;\"><span dir=\"auto\" style=\"vertical-align: inherit;\">hladnom, suhom i tamnom mjestu<\/span><\/span><\/strong><span dir=\"auto\" style=\"vertical-align: inherit;\"><span dir=\"auto\" style=\"vertical-align: inherit;\"> .<\/span><\/span><\/p>\n<\/li>\n<li data-start=\"5724\" data-end=\"5809\">\n<p data-start=\"5727\" data-end=\"5809\"><strong data-start=\"5727\" data-end=\"5744\"><span dir=\"auto\" style=\"vertical-align: inherit;\"><span dir=\"auto\" style=\"vertical-align: inherit;\">Radite sigurno<\/span><\/span><\/strong><span dir=\"auto\" style=\"vertical-align: inherit;\"><span dir=\"auto\" style=\"vertical-align: inherit;\"> \u2013 Nosite rukavice, za\u0161titne nao\u010dale i za\u0161titnu odje\u0107u.<\/span><\/span><\/p>\n<\/li>\n<li data-start=\"5810\" data-end=\"5889\">\n<p data-start=\"5813\" data-end=\"5889\"><strong data-start=\"5813\" data-end=\"5825\"><span dir=\"auto\" style=\"vertical-align: inherit;\"><span dir=\"auto\" style=\"vertical-align: inherit;\">Mjerenja<\/span><\/span><\/strong><span dir=\"auto\" style=\"vertical-align: inherit;\"><span dir=\"auto\" style=\"vertical-align: inherit;\"> \u2013 Za to\u010dnu analizu koristite kalibriranu opremu.<\/span><\/span><\/p>\n<\/li>\n<li data-start=\"5890\" data-end=\"5979\">\n<p data-start=\"5893\" data-end=\"5979\"><strong data-start=\"5893\" data-end=\"5920\"><span dir=\"auto\" style=\"vertical-align: inherit;\"><span dir=\"auto\" style=\"vertical-align: inherit;\">Sigurnosno upozorenje<\/span><\/span><\/strong><span dir=\"auto\" style=\"vertical-align: inherit;\"><span dir=\"auto\" style=\"vertical-align: inherit;\"> \u2013 Nije za ljudsku ili \u017eivotinjsku konzumaciju.<\/span><\/span><\/p>\n<\/li>\n<\/ol>\n<hr data-start=\"5981\" data-end=\"5984\" \/>\n<h3 data-start=\"5986\" data-end=\"6013\"><strong data-start=\"5990\" data-end=\"6013\"><span dir=\"auto\" style=\"vertical-align: inherit;\"><span dir=\"auto\" style=\"vertical-align: inherit;\">\u010cesto postavljana pitanja<\/span><\/span><\/strong><\/h3>\n<p data-start=\"6015\" data-end=\"6197\"><strong data-start=\"6015\" data-end=\"6071\"><span dir=\"auto\" style=\"vertical-align: inherit;\"><span dir=\"auto\" style=\"vertical-align: inherit;\">1. Za \u0161to se koriste istra\u017eiva\u010dki bloteri od 1 mg?<\/span><\/span><\/strong><br data-start=\"6071\" data-end=\"6074\" \/><span dir=\"auto\" style=\"vertical-align: inherit;\"><span dir=\"auto\" style=\"vertical-align: inherit;\"> Namijenjeni su za <\/span><\/span><strong data-start=\"6095\" data-end=\"6139\"><span dir=\"auto\" style=\"vertical-align: inherit;\"><span dir=\"auto\" style=\"vertical-align: inherit;\">znanstvena i analiti\u010dka istra\u017eivanja<\/span><\/span><\/strong><span dir=\"auto\" style=\"vertical-align: inherit;\"><span dir=\"auto\" style=\"vertical-align: inherit;\"> , kao \u0161to su kalibracija i kontrolirane kemijske analize.<\/span><\/span><\/p>\n<p data-start=\"6199\" data-end=\"6362\"><strong data-start=\"6199\" data-end=\"6267\"><span dir=\"auto\" style=\"vertical-align: inherit;\"><span dir=\"auto\" style=\"vertical-align: inherit;\">2. Mogu li se ovi upijaju\u0107i papiri koristiti izvan laboratorija?<\/span><\/span><\/strong><br data-start=\"6267\" data-end=\"6270\" \/><span dir=\"auto\" style=\"vertical-align: inherit;\"><span dir=\"auto\" style=\"vertical-align: inherit;\"> Ne. Ovi proizvodi su <\/span><\/span><strong data-start=\"6295\" data-end=\"6359\"><span dir=\"auto\" style=\"vertical-align: inherit;\"><span dir=\"auto\" style=\"vertical-align: inherit;\">namijenjeno samo za profesionalna laboratorijska istra\u017eivanja<\/span><\/span><\/strong><span dir=\"auto\" style=\"vertical-align: inherit;\"><span dir=\"auto\" style=\"vertical-align: inherit;\"> .<\/span><\/span><\/p>\n<p data-start=\"6364\" data-end=\"6502\"><strong data-start=\"6364\" data-end=\"6400\"><span dir=\"auto\" style=\"vertical-align: inherit;\"><span dir=\"auto\" style=\"vertical-align: inherit;\">3. Kako ih treba skladi\u0161titi?<\/span><\/span><\/strong><br data-start=\"6400\" data-end=\"6403\" \/><span dir=\"auto\" style=\"vertical-align: inherit;\"><span dir=\"auto\" style=\"vertical-align: inherit;\"> Pohranite ih u njihovom <\/span><\/span><strong data-start=\"6420\" data-end=\"6457\"><span dir=\"auto\" style=\"vertical-align: inherit;\"><span dir=\"auto\" style=\"vertical-align: inherit;\">originalna, hermeti\u010dki zatvorena posuda<\/span><\/span><\/strong><span dir=\"auto\" style=\"vertical-align: inherit;\"><span dir=\"auto\" style=\"vertical-align: inherit;\"> u <\/span><\/span><strong data-start=\"6465\" data-end=\"6499\"><span dir=\"auto\" style=\"vertical-align: inherit;\"><span dir=\"auto\" style=\"vertical-align: inherit;\">hladnom, suhom i tamnom mjestu<\/span><\/span><\/strong><span dir=\"auto\" style=\"vertical-align: inherit;\"><span dir=\"auto\" style=\"vertical-align: inherit;\"> .<\/span><\/span><\/p>\n<hr data-start=\"6504\" data-end=\"6507\" \/>\n<h3 data-start=\"6509\" data-end=\"6527\"><strong data-start=\"6513\" data-end=\"6527\"><span dir=\"auto\" style=\"vertical-align: inherit;\"><span dir=\"auto\" style=\"vertical-align: inherit;\">Odricanje<\/span><\/span><\/strong><\/h3>\n<p data-start=\"6528\" data-end=\"6760\"><span dir=\"auto\" style=\"vertical-align: inherit;\"><span dir=\"auto\" style=\"vertical-align: inherit;\">Ovaj proizvod je <\/span><\/span><strong data-start=\"6543\" data-end=\"6592\"><span dir=\"auto\" style=\"vertical-align: inherit;\"><span dir=\"auto\" style=\"vertical-align: inherit;\">namijenjeno samo u istra\u017eiva\u010dke svrhe<\/span><\/span><\/strong><span dir=\"auto\" style=\"vertical-align: inherit;\"><span dir=\"auto\" style=\"vertical-align: inherit;\"> . <\/span><\/span><strong data-start=\"6594\" data-end=\"6652\"><span dir=\"auto\" style=\"vertical-align: inherit;\"><span dir=\"auto\" style=\"vertical-align: inherit;\">Nije prikladno za ljudsku ili \u017eivotinjsku konzumaciju.<\/span><\/span><\/strong><br data-start=\"6652\" data-end=\"6655\" \/><span dir=\"auto\" style=\"vertical-align: inherit;\"><span dir=\"auto\" style=\"vertical-align: inherit;\"> Kupnjom potvr\u0111ujete da se pridr\u017eavate svih va\u017ee\u0107ih sigurnosnih i zakonskih propisa. <\/span><\/span><a href=\"https:\/\/researchchemicalhub.com\/hr\/shop\/okategoriserad\/4mmc-kopen\/\"><span dir=\"auto\" style=\"vertical-align: inherit;\"><span dir=\"auto\" style=\"vertical-align: inherit;\">Kupi 4mmc, kupi <\/span><\/span><\/a><a href=\"https:\/\/researchchemicalhub.com\/hr\/shop\/okategoriserad\/benzocaine-powder\/\"><span dir=\"auto\" style=\"vertical-align: inherit;\"><span dir=\"auto\" style=\"vertical-align: inherit;\">benzokain u prahu <\/span><\/span><\/a><a href=\"https:\/\/researchchemicalhub.com\/hr\/shop\/okategoriserad\/fentanyl-kopen\/\"><span dir=\"auto\" style=\"vertical-align: inherit;\"><span dir=\"auto\" style=\"vertical-align: inherit;\">, kupiti fentanil, kupiti <\/span><\/span><\/a><a href=\"https:\/\/researchchemicalhub.com\/hr\/shop\/okategoriserad\/fentanyl-kopen\/\"><span dir=\"auto\" style=\"vertical-align: inherit;\"><span dir=\"auto\" style=\"vertical-align: inherit;\">tableta fentanila, <\/span><\/span><\/a><a href=\"https:\/\/researchchemicalhub.com\/hr\/shop\/iboga-ibogaine\/iboga-kopen\/\"><span dir=\"auto\" style=\"vertical-align: inherit;\"><span dir=\"auto\" style=\"vertical-align: inherit;\">kupiti ibogu, <\/span><\/span><\/a><a href=\"https:\/\/researchchemicalhub.com\/hr\/shop\/iboga-ibogaine\/buy-ibogaine-hcl-online\/\"><span dir=\"auto\" style=\"vertical-align: inherit;\"><span dir=\"auto\" style=\"vertical-align: inherit;\">kupiti ibogain hidroklorid online<\/span><\/span><\/a><\/p>","protected":false},"excerpt":{"rendered":"<p>Introduction Our 1 mg research blotters are designed for scientific, analytical, and laboratory research . They are manufactured according to<\/p>","protected":false},"featured_media":28621,"comment_status":"closed","ping_status":"closed","template":"","meta":[],"product_brand":[82],"product_cat":[76,356],"product_tag":[326,745,746],"class_list":{"0":"post-24869","1":"product","2":"type-product","3":"status-publish","4":"has-post-thumbnail","6":"product_brand-research-chemical","7":"product_cat-benzodiazepinen","8":"product_cat-ro5-4864","9":"product_tag-nl","10":"product_tag-ro5-4864","11":"product_tag-ro5-4864-reddit","13":"first","14":"instock","15":"taxable","16":"shipping-taxable","17":"purchasable","18":"product-type-variable"},"_links":{"self":[{"href":"https:\/\/researchchemicalhub.com\/hr\/wp-json\/wp\/v2\/product\/24869","targetHints":{"allow":["GET"]}}],"collection":[{"href":"https:\/\/researchchemicalhub.com\/hr\/wp-json\/wp\/v2\/product"}],"about":[{"href":"https:\/\/researchchemicalhub.com\/hr\/wp-json\/wp\/v2\/types\/product"}],"replies":[{"embeddable":true,"href":"https:\/\/researchchemicalhub.com\/hr\/wp-json\/wp\/v2\/comments?post=24869"}],"version-history":[{"count":6,"href":"https:\/\/researchchemicalhub.com\/hr\/wp-json\/wp\/v2\/product\/24869\/revisions"}],"predecessor-version":[{"id":28640,"href":"https:\/\/researchchemicalhub.com\/hr\/wp-json\/wp\/v2\/product\/24869\/revisions\/28640"}],"wp:featuredmedia":[{"embeddable":true,"href":"https:\/\/researchchemicalhub.com\/hr\/wp-json\/wp\/v2\/media\/28621"}],"wp:attachment":[{"href":"https:\/\/researchchemicalhub.com\/hr\/wp-json\/wp\/v2\/media?parent=24869"}],"wp:term":[{"taxonomy":"product_brand","embeddable":true,"href":"https:\/\/researchchemicalhub.com\/hr\/wp-json\/wp\/v2\/product_brand?post=24869"},{"taxonomy":"product_cat","embeddable":true,"href":"https:\/\/researchchemicalhub.com\/hr\/wp-json\/wp\/v2\/product_cat?post=24869"},{"taxonomy":"product_tag","embeddable":true,"href":"https:\/\/researchchemicalhub.com\/hr\/wp-json\/wp\/v2\/product_tag?post=24869"}],"curies":[{"name":"radni list","href":"https:\/\/api.w.org\/{rel}","templated":true}]}}