{"id":24626,"date":"2025-10-20T17:42:17","date_gmt":"2025-10-20T17:42:17","guid":{"rendered":"https:\/\/researchchemicalhub.com\/?post_type=product&#038;p=24626"},"modified":"2025-10-29T07:57:10","modified_gmt":"2025-10-29T07:57:10","slug":"2cmc-kopen","status":"publish","type":"product","link":"https:\/\/researchchemicalhub.com\/hr\/shop\/2-cmc-pellets\/2-cmc-kopen\/2cmc-kopen\/","title":{"rendered":"2-CMC (2-klorometakatinon)"},"content":{"rendered":"<h3 data-start=\"3977\" data-end=\"3998\"><strong data-start=\"3981\" data-end=\"3996\"><span dir=\"auto\" style=\"vertical-align: inherit;\"><span dir=\"auto\" style=\"vertical-align: inherit;\">Uvod<\/span><\/span><\/strong><\/h3>\n<p data-start=\"3999\" data-end=\"4365\"><strong data-start=\"3999\" data-end=\"4032\"><span dir=\"auto\" style=\"vertical-align: inherit;\"><span dir=\"auto\" style=\"vertical-align: inherit;\">2-CMC (2-klorometakatinon)<\/span><\/span><\/strong><span dir=\"auto\" style=\"vertical-align: inherit;\"><span dir=\"auto\" style=\"vertical-align: inherit;\"> je sintetski katinon koji pripada obitelji \u03b2-ketoamfetamina i strukturno je srodan 3-CMC-u i 4-CMC-u. Cijenjen je u istra\u017eiva\u010dkim okru\u017eenjima zbog svoje <\/span><\/span><strong data-start=\"4210\" data-end=\"4234\"><span dir=\"auto\" style=\"vertical-align: inherit;\"><span dir=\"auto\" style=\"vertical-align: inherit;\">stimuliraju\u0107i profil<\/span><\/span><\/strong><span dir=\"auto\" style=\"vertical-align: inherit;\"><span dir=\"auto\" style=\"vertical-align: inherit;\"> , \u0161to ga \u010dini pogodnim za prou\u010davanje transportera dopamina i serotonina, metaboli\u010dkih putova i neurokemijske aktivnosti. Kupite 2cmc<\/span><\/span><\/p>\n<p data-start=\"4367\" data-end=\"4664\"><span dir=\"auto\" style=\"vertical-align: inherit;\"><span dir=\"auto\" style=\"vertical-align: inherit;\">Svaka serija <\/span><\/span><strong data-start=\"4378\" data-end=\"4387\"><span dir=\"auto\" style=\"vertical-align: inherit;\"><span dir=\"auto\" style=\"vertical-align: inherit;\">2-CMC<\/span><\/span><\/strong><span dir=\"auto\" style=\"vertical-align: inherit;\"><span dir=\"auto\" style=\"vertical-align: inherit;\"> isporu\u010duje se kao <\/span><\/span><strong data-start=\"4411\" data-end=\"4442\"><span dir=\"auto\" style=\"vertical-align: inherit;\"><span dir=\"auto\" style=\"vertical-align: inherit;\">visokokvalitetna istra\u017eiva\u010dka kemikalija<\/span><\/span><\/strong><span dir=\"auto\" style=\"vertical-align: inherit;\"><span dir=\"auto\" style=\"vertical-align: inherit;\"> i namijenjen je isklju\u010divo za <\/span><\/span><strong data-start=\"4474\" data-end=\"4512\"><span dir=\"auto\" style=\"vertical-align: inherit;\"><span dir=\"auto\" style=\"vertical-align: inherit;\">analiti\u010dka i forenzi\u010dka istra\u017eivanja<\/span><\/span><\/strong><span dir=\"auto\" style=\"vertical-align: inherit;\"><span dir=\"auto\" style=\"vertical-align: inherit;\"> , <\/span><\/span><strong data-start=\"4514\" data-end=\"4549\"><span dir=\"auto\" style=\"vertical-align: inherit;\"><span dir=\"auto\" style=\"vertical-align: inherit;\">nije za ljudsku konzumaciju<\/span><\/span><\/strong><span dir=\"auto\" style=\"vertical-align: inherit;\"><span dir=\"auto\" style=\"vertical-align: inherit;\"> Za istra\u017eiva\u010de <\/span><\/span><strong data-start=\"4573\" data-end=\"4595\"><span dir=\"auto\" style=\"vertical-align: inherit;\"><span dir=\"auto\" style=\"vertical-align: inherit;\">\u017eeli kupiti 2-CMC<\/span><\/span><\/strong><span dir=\"auto\" style=\"vertical-align: inherit;\"><span dir=\"auto\" style=\"vertical-align: inherit;\"> , ovaj proizvod je idealan za komparativnu i referentnu analizu.<\/span><\/span><\/p>\n<hr data-start=\"4666\" data-end=\"4669\" \/>\n<h3 data-start=\"4671\" data-end=\"4702\"><strong data-start=\"4675\" data-end=\"4702\"><span dir=\"auto\" style=\"vertical-align: inherit;\"><span dir=\"auto\" style=\"vertical-align: inherit;\">Klju\u010dne zna\u010dajke<\/span><\/span><\/strong><\/h3>\n<ul data-start=\"4704\" data-end=\"5057\">\n<li data-start=\"4704\" data-end=\"4757\">\n<p data-start=\"4706\" data-end=\"4757\"><strong data-start=\"4706\" data-end=\"4725\"><span dir=\"auto\" style=\"vertical-align: inherit;\"><span dir=\"auto\" style=\"vertical-align: inherit;\">Kemijski naziv:<\/span><\/span><\/strong><span dir=\"auto\" style=\"vertical-align: inherit;\"><span dir=\"auto\" style=\"vertical-align: inherit;\"> 2-klorometakatinon (2-CMC)<\/span><\/span><\/p>\n<\/li>\n<li data-start=\"4758\" data-end=\"4795\">\n<p data-start=\"4760\" data-end=\"4795\"><strong data-start=\"4760\" data-end=\"4782\"><span dir=\"auto\" style=\"vertical-align: inherit;\"><span dir=\"auto\" style=\"vertical-align: inherit;\">Kemijska formula:<\/span><\/span><\/strong><span dir=\"auto\" style=\"vertical-align: inherit;\"><span dir=\"auto\" style=\"vertical-align: inherit;\"> C\u2081\u2080H\u2081\u2082ClNO<\/span><\/span><\/p>\n<\/li>\n<li data-start=\"4796\" data-end=\"4836\">\n<p data-start=\"4798\" data-end=\"4836\"><strong data-start=\"4798\" data-end=\"4821\"><span dir=\"auto\" style=\"vertical-align: inherit;\"><span dir=\"auto\" style=\"vertical-align: inherit;\">Molekularna te\u017eina:<\/span><\/span><\/strong><span dir=\"auto\" style=\"vertical-align: inherit;\"><span dir=\"auto\" style=\"vertical-align: inherit;\"> 197,66 g\/mol<\/span><\/span><\/p>\n<\/li>\n<li data-start=\"4837\" data-end=\"4879\">\n<p data-start=\"4839\" data-end=\"4879\"><strong data-start=\"4839\" data-end=\"4854\"><span dir=\"auto\" style=\"vertical-align: inherit;\"><span dir=\"auto\" style=\"vertical-align: inherit;\">CAS broj:<\/span><\/span><\/strong><span dir=\"auto\" style=\"vertical-align: inherit;\"><span dir=\"auto\" style=\"vertical-align: inherit;\"> \u2014 (analogni istra\u017eiva\u010dki)<\/span><\/span><\/p>\n<\/li>\n<li data-start=\"4880\" data-end=\"4928\">\n<p data-start=\"4882\" data-end=\"4928\"><strong data-start=\"4882\" data-end=\"4897\"><span dir=\"auto\" style=\"vertical-align: inherit;\"><span dir=\"auto\" style=\"vertical-align: inherit;\">\u010cisto\u0107a:<\/span><\/span><\/strong><span dir=\"auto\" style=\"vertical-align: inherit;\"><span dir=\"auto\" style=\"vertical-align: inherit;\"> \u2265 98 % (laboratorijski testirano)<\/span><\/span><\/p>\n<\/li>\n<li data-start=\"4929\" data-end=\"4995\">\n<p data-start=\"4931\" data-end=\"4995\"><strong data-start=\"4931\" data-end=\"4940\"><span dir=\"auto\" style=\"vertical-align: inherit;\"><span dir=\"auto\" style=\"vertical-align: inherit;\">Oblik:<\/span><\/span><\/strong><span dir=\"auto\" style=\"vertical-align: inherit;\"><span dir=\"auto\" style=\"vertical-align: inherit;\"> Kristalni prah, stabilan i jednostavan za rukovanje<\/span><\/span><\/p>\n<\/li>\n<li data-start=\"4996\" data-end=\"5057\">\n<p data-start=\"4998\" data-end=\"5057\"><strong data-start=\"4998\" data-end=\"5010\"><span dir=\"auto\" style=\"vertical-align: inherit;\"><span dir=\"auto\" style=\"vertical-align: inherit;\">Koristiti:<\/span><\/span><\/strong><span dir=\"auto\" style=\"vertical-align: inherit;\"><span dir=\"auto\" style=\"vertical-align: inherit;\"> Samo za analiti\u010dka i kemijska istra\u017eivanja, kupite 2 cmc<\/span><\/span><\/p>\n<\/li>\n<\/ul>\n<hr data-start=\"5059\" data-end=\"5062\" \/>\n<h3 data-start=\"5064\" data-end=\"5081\"><strong data-start=\"5068\" data-end=\"5081\"><span dir=\"auto\" style=\"vertical-align: inherit;\"><span dir=\"auto\" style=\"vertical-align: inherit;\">Prednosti<\/span><\/span><\/strong><\/h3>\n<ul data-start=\"5083\" data-end=\"5664\">\n<li data-start=\"5083\" data-end=\"5174\">\n<p data-start=\"5085\" data-end=\"5174\"><strong data-start=\"5085\" data-end=\"5110\"><span dir=\"auto\" style=\"vertical-align: inherit;\"><span dir=\"auto\" style=\"vertical-align: inherit;\">Analiti\u010dko istra\u017eivanje:<\/span><\/span><\/strong><span dir=\"auto\" style=\"vertical-align: inherit;\"><span dir=\"auto\" style=\"vertical-align: inherit;\"> Pogodno za kromatografiju, spektrometriju i testiranje reagensa.<\/span><\/span><\/p>\n<\/li>\n<li data-start=\"5175\" data-end=\"5295\">\n<p data-start=\"5177\" data-end=\"5295\"><strong data-start=\"5177\" data-end=\"5204\"><span dir=\"auto\" style=\"vertical-align: inherit;\"><span dir=\"auto\" style=\"vertical-align: inherit;\">Farmakolo\u0161ki uvid:<\/span><\/span><\/strong><span dir=\"auto\" style=\"vertical-align: inherit;\"><span dir=\"auto\" style=\"vertical-align: inherit;\"> Poma\u017ee u istra\u017eivanju interakcija monoaminskih transportera i analoga stimulansa.<\/span><\/span><\/p>\n<\/li>\n<li data-start=\"5296\" data-end=\"5434\">\n<p data-start=\"5298\" data-end=\"5434\"><strong data-start=\"5298\" data-end=\"5327\"><span dir=\"auto\" style=\"vertical-align: inherit;\"><span dir=\"auto\" style=\"vertical-align: inherit;\">Strukturna usporedba:<\/span><\/span><\/strong><span dir=\"auto\" style=\"vertical-align: inherit;\"><span dir=\"auto\" style=\"vertical-align: inherit;\"> Korisno za studije odnosa strukture i aktivnosti (SAR) s drugim katinonima kao \u0161to su 3-CMC ili 4-CMC.<\/span><\/span><\/p>\n<\/li>\n<li data-start=\"5435\" data-end=\"5540\">\n<p data-start=\"5437\" data-end=\"5540\"><strong data-start=\"5437\" data-end=\"5463\"><span dir=\"auto\" style=\"vertical-align: inherit;\"><span dir=\"auto\" style=\"vertical-align: inherit;\">Dosljedna kvaliteta:<\/span><\/span><\/strong><span dir=\"auto\" style=\"vertical-align: inherit;\"><span dir=\"auto\" style=\"vertical-align: inherit;\"> Proizvedeno u laboratorijskim uvjetima za ponovljive rezultate.<\/span><\/span><\/p>\n<\/li>\n<li data-start=\"5541\" data-end=\"5664\">\n<p data-start=\"5543\" data-end=\"5664\"><strong data-start=\"5543\" data-end=\"5565\"><span dir=\"auto\" style=\"vertical-align: inherit;\"><span dir=\"auto\" style=\"vertical-align: inherit;\">Obrazovna vrijednost:<\/span><\/span><\/strong><span dir=\"auto\" style=\"vertical-align: inherit;\"><span dir=\"auto\" style=\"vertical-align: inherit;\"> Pogodno za programe obuke iz toksikologije i forenzike u istra\u017eiva\u010dkim institucijama.<\/span><\/span><\/p>\n<\/li>\n<\/ul>\n<hr data-start=\"5666\" data-end=\"5669\" \/>\n<h3 data-start=\"5671\" data-end=\"5723\"><strong data-start=\"5675\" data-end=\"5721\"><span dir=\"auto\" style=\"vertical-align: inherit;\"><span dir=\"auto\" style=\"vertical-align: inherit;\">Upotreba (samo u istra\u017eiva\u010dke svrhe)<\/span><\/span><\/strong><\/h3>\n<blockquote data-start=\"5725\" data-end=\"5887\">\n<p data-start=\"5727\" data-end=\"5887\">\u26a0\ufe0f <strong data-start=\"5730\" data-end=\"5741\"><span dir=\"auto\" style=\"vertical-align: inherit;\"><span dir=\"auto\" style=\"vertical-align: inherit;\">Imajte na umu:<\/span><\/span><\/strong><span dir=\"auto\" style=\"vertical-align: inherit;\"><span dir=\"auto\" style=\"vertical-align: inherit;\"> 2-CMC je namijenjen isklju\u010divo za kori\u0161tenje od strane kvalificiranog laboratorijskog osoblja i <\/span><\/span><strong data-start=\"5829\" data-end=\"5886\"><span dir=\"auto\" style=\"vertical-align: inherit;\"><span dir=\"auto\" style=\"vertical-align: inherit;\">nije prikladno za ljudsku ili \u017eivotinjsku konzumaciju<\/span><\/span><\/strong><span dir=\"auto\" style=\"vertical-align: inherit;\"><span dir=\"auto\" style=\"vertical-align: inherit;\"> .<\/span><\/span><\/p>\n<\/blockquote>\n<ol data-start=\"5889\" data-end=\"6346\">\n<li data-start=\"5889\" data-end=\"5983\">\n<p data-start=\"5892\" data-end=\"5983\"><strong data-start=\"5892\" data-end=\"5906\"><span dir=\"auto\" style=\"vertical-align: inherit;\"><span dir=\"auto\" style=\"vertical-align: inherit;\">Rukovanje \u2013<\/span><\/span><\/strong><span dir=\"auto\" style=\"vertical-align: inherit;\"><span dir=\"auto\" style=\"vertical-align: inherit;\"> Uvijek nosite rukavice, za\u0161titnu odje\u0107u i radite u digestoru.<\/span><\/span><\/p>\n<\/li>\n<li data-start=\"5984\" data-end=\"6064\">\n<p data-start=\"5987\" data-end=\"6064\"><strong data-start=\"5987\" data-end=\"5999\"><span dir=\"auto\" style=\"vertical-align: inherit;\"><span dir=\"auto\" style=\"vertical-align: inherit;\">Mjerenja<\/span><\/span><\/strong><span dir=\"auto\" style=\"vertical-align: inherit;\"><span dir=\"auto\" style=\"vertical-align: inherit;\"> \u2013 Za to\u010dno doziranje koristite to\u010dne instrumente za vaganje.<\/span><\/span><\/p>\n<\/li>\n<li data-start=\"6065\" data-end=\"6152\">\n<p data-start=\"6068\" data-end=\"6152\"><strong data-start=\"6068\" data-end=\"6078\"><span dir=\"auto\" style=\"vertical-align: inherit;\"><span dir=\"auto\" style=\"vertical-align: inherit;\">Pohrana<\/span><\/span><\/strong><span dir=\"auto\" style=\"vertical-align: inherit;\"><span dir=\"auto\" style=\"vertical-align: inherit;\"> \u2013 \u010cuvati zatvoreno na hladnom, suhom i tamnom mjestu; po mogu\u0107nosti izme\u0111u 2 i 8 \u00b0C.<\/span><\/span><\/p>\n<\/li>\n<li data-start=\"6153\" data-end=\"6255\">\n<p data-start=\"6156\" data-end=\"6255\"><strong data-start=\"6156\" data-end=\"6170\"><span dir=\"auto\" style=\"vertical-align: inherit;\"><span dir=\"auto\" style=\"vertical-align: inherit;\">Primjena<\/span><\/span><\/strong><span dir=\"auto\" style=\"vertical-align: inherit;\"><span dir=\"auto\" style=\"vertical-align: inherit;\"> \u2013 Pogodno za GC\/MS, HPLC, NMR i FTIR za potvrdu strukture i \u010disto\u0107e.<\/span><\/span><\/p>\n<\/li>\n<li data-start=\"6256\" data-end=\"6346\">\n<p data-start=\"6259\" data-end=\"6346\"><strong data-start=\"6259\" data-end=\"6275\"><span dir=\"auto\" style=\"vertical-align: inherit;\"><span dir=\"auto\" style=\"vertical-align: inherit;\">Dokumentacija<\/span><\/span><\/strong><span dir=\"auto\" style=\"vertical-align: inherit;\"><span dir=\"auto\" style=\"vertical-align: inherit;\"> \u2013 \u010cuvajte certifikate analize, brojeve serija i rezultate na sigurnom mjestu.<\/span><\/span><\/p>\n<\/li>\n<\/ol>\n<hr data-start=\"6348\" data-end=\"6351\" \/>\n<h3 data-start=\"6353\" data-end=\"6388\"><strong data-start=\"6357\" data-end=\"6386\"><span dir=\"auto\" style=\"vertical-align: inherit;\"><span dir=\"auto\" style=\"vertical-align: inherit;\">\u010cesto postavljana pitanja (FAQ)<\/span><\/span><\/strong><\/h3>\n<p data-start=\"6390\" data-end=\"6653\"><strong data-start=\"6390\" data-end=\"6410\"><span dir=\"auto\" style=\"vertical-align: inherit;\"><span dir=\"auto\" style=\"vertical-align: inherit;\">1. \u0160to je 2-CMC?<\/span><\/span><\/strong><br data-start=\"6410\" data-end=\"6413\" \/><span dir=\"auto\" style=\"vertical-align: inherit;\"><span dir=\"auto\" style=\"vertical-align: inherit;\"> 2-CMC (2-klorometakatinon) je <\/span><\/span><strong data-start=\"6450\" data-end=\"6475\"><span dir=\"auto\" style=\"vertical-align: inherit;\"><span dir=\"auto\" style=\"vertical-align: inherit;\">sintetski katinon<\/span><\/span><\/strong><span dir=\"auto\" style=\"vertical-align: inherit;\"><span dir=\"auto\" style=\"vertical-align: inherit;\"> koristi se u analiti\u010dkim i forenzi\u010dkim istra\u017eivanjima. Strukturno je sli\u010dan drugim katinonima, ali sadr\u017ei atom klora na polo\u017eaju 2 fenilnog prstena.<\/span><\/span><\/p>\n<p data-start=\"6655\" data-end=\"6913\"><strong data-start=\"6655\" data-end=\"6690\"><span dir=\"auto\" style=\"vertical-align: inherit;\"><span dir=\"auto\" style=\"vertical-align: inherit;\">2. Je li 2-CMC legalno kupiti?<\/span><\/span><\/strong><br data-start=\"6690\" data-end=\"6693\" \/><span dir=\"auto\" style=\"vertical-align: inherit;\"><span dir=\"auto\" style=\"vertical-align: inherit;\"> The <\/span><\/span><strong data-start=\"6696\" data-end=\"6720\"><span dir=\"auto\" style=\"vertical-align: inherit;\"><span dir=\"auto\" style=\"vertical-align: inherit;\">zakonitost 2-CMC-a<\/span><\/span><\/strong><span dir=\"auto\" style=\"vertical-align: inherit;\"><span dir=\"auto\" style=\"vertical-align: inherit;\"> varira ovisno o zemlji i jurisdikciji. U nekim podru\u010djima podlije\u017ee Zakonu o opijumu ili sli\u010dnim propisima. Uvijek provjerite lokalne zakone prije <\/span><\/span><strong data-start=\"6881\" data-end=\"6910\"><span dir=\"auto\" style=\"vertical-align: inherit;\"><span dir=\"auto\" style=\"vertical-align: inherit;\">kupnja ili uvoz 2-CMC-a<\/span><\/span><\/strong><span dir=\"auto\" style=\"vertical-align: inherit;\"><span dir=\"auto\" style=\"vertical-align: inherit;\"> .<\/span><\/span><\/p>\n<p data-start=\"6915\" data-end=\"7144\"><strong data-start=\"6915\" data-end=\"6965\"><span dir=\"auto\" style=\"vertical-align: inherit;\"><span dir=\"auto\" style=\"vertical-align: inherit;\">3. Za \u0161to se 2-CMC koristi u istra\u017eivanjima?<\/span><\/span><\/strong><br data-start=\"6965\" data-end=\"6968\" \/><span dir=\"auto\" style=\"vertical-align: inherit;\"><span dir=\"auto\" style=\"vertical-align: inherit;\"> 2-CMC se koristi u studijama odnosa izme\u0111u kemijske strukture i biolo\u0161ke aktivnosti te kao referentna tvar u forenzi\u010dkoj toksikologiji i analiti\u010dkoj kemiji. <\/span><\/span><a href=\"https:\/\/researchchemicalhub.com\/hr\/shop\/okategoriserad\/4mmc-kopen\/\"><span dir=\"auto\" style=\"vertical-align: inherit;\"><span dir=\"auto\" style=\"vertical-align: inherit;\">Kupi 4mmc, kupi <\/span><\/span><\/a><a href=\"https:\/\/researchchemicalhub.com\/hr\/shop\/okategoriserad\/benzocaine-powder\/\"><span dir=\"auto\" style=\"vertical-align: inherit;\"><span dir=\"auto\" style=\"vertical-align: inherit;\">benzokain u prahu, <\/span><\/span><\/a><a href=\"https:\/\/researchchemicalhub.com\/hr\/shop\/okategoriserad\/fentanyl-kopen\/\"><span dir=\"auto\" style=\"vertical-align: inherit;\"><span dir=\"auto\" style=\"vertical-align: inherit;\">kupiti fentanil.<\/span><\/span><\/a><\/p>","protected":false},"excerpt":{"rendered":"<h2><span dir=\"auto\" style=\"vertical-align: inherit;\"><span dir=\"auto\" style=\"vertical-align: inherit;\"><span dir=\"auto\" style=\"vertical-align: inherit;\"><span dir=\"auto\" style=\"vertical-align: inherit;\">2-CMC svojstva<\/span><\/span><\/span><\/span><\/h2>\n<p><strong><span dir=\"auto\" style=\"vertical-align: inherit;\"><span dir=\"auto\" style=\"vertical-align: inherit;\"><span dir=\"auto\" style=\"vertical-align: inherit;\"><span dir=\"auto\" style=\"vertical-align: inherit;\">CAS broj<\/span><\/span><\/span><\/span><\/strong><span dir=\"auto\" style=\"vertical-align: inherit;\"><span dir=\"auto\" style=\"vertical-align: inherit;\"><span dir=\"auto\" style=\"vertical-align: inherit;\"><span dir=\"auto\" style=\"vertical-align: inherit;\"> : 90869-66-2 <\/span><\/span><\/span><\/span><br \/>\n<strong><span dir=\"auto\" style=\"vertical-align: inherit;\"><span dir=\"auto\" style=\"vertical-align: inherit;\"><span dir=\"auto\" style=\"vertical-align: inherit;\"><span dir=\"auto\" style=\"vertical-align: inherit;\">Formula<\/span><\/span><\/span><\/span><\/strong><span dir=\"auto\" style=\"vertical-align: inherit;\"><span dir=\"auto\" style=\"vertical-align: inherit;\"><span dir=\"auto\" style=\"vertical-align: inherit;\"><span dir=\"auto\" style=\"vertical-align: inherit;\"> C <\/span><\/span><\/span><\/span><sub><small><span dir=\"auto\" style=\"vertical-align: inherit;\"><span dir=\"auto\" style=\"vertical-align: inherit;\"><span dir=\"auto\" style=\"vertical-align: inherit;\"><span dir=\"auto\" style=\"vertical-align: inherit;\">10<\/span><\/span><\/span><\/span><\/small><\/sub><span dir=\"auto\" style=\"vertical-align: inherit;\"><span dir=\"auto\" style=\"vertical-align: inherit;\"><span dir=\"auto\" style=\"vertical-align: inherit;\"><span dir=\"auto\" style=\"vertical-align: inherit;\"> H <\/span><\/span><\/span><\/span><sub><small><span dir=\"auto\" style=\"vertical-align: inherit;\"><span dir=\"auto\" style=\"vertical-align: inherit;\"><span dir=\"auto\" style=\"vertical-align: inherit;\"><span dir=\"auto\" style=\"vertical-align: inherit;\">12<\/span><\/span><\/span><\/span><\/small><\/sub><span dir=\"auto\" style=\"vertical-align: inherit;\"><span dir=\"auto\" style=\"vertical-align: inherit;\"><span dir=\"auto\" style=\"vertical-align: inherit;\"><span dir=\"auto\" style=\"vertical-align: inherit;\"> ClNO <\/span><\/span><\/span><\/span><br \/>\n<strong><span dir=\"auto\" style=\"vertical-align: inherit;\"><span dir=\"auto\" style=\"vertical-align: inherit;\"><span dir=\"auto\" style=\"vertical-align: inherit;\"><span dir=\"auto\" style=\"vertical-align: inherit;\">Molarna masa<\/span><\/span><\/span><\/span><\/strong><span dir=\"auto\" style=\"vertical-align: inherit;\"><span dir=\"auto\" style=\"vertical-align: inherit;\"><span dir=\"auto\" style=\"vertical-align: inherit;\"><span dir=\"auto\" style=\"vertical-align: inherit;\"> : 234.1 <\/span><\/span><\/span><\/span><br \/>\n<strong><span dir=\"auto\" style=\"vertical-align: inherit;\"><span dir=\"auto\" style=\"vertical-align: inherit;\"><span dir=\"auto\" style=\"vertical-align: inherit;\"><span dir=\"auto\" style=\"vertical-align: inherit;\">\u010cisto\u0107a<\/span><\/span><\/span><\/span><\/strong><span dir=\"auto\" style=\"vertical-align: inherit;\"><span dir=\"auto\" style=\"vertical-align: inherit;\"><span dir=\"auto\" style=\"vertical-align: inherit;\"><span dir=\"auto\" style=\"vertical-align: inherit;\"> : \u226598%<\/span><\/span><\/span><\/span><\/p>","protected":false},"featured_media":28376,"comment_status":"closed","ping_status":"closed","template":"","meta":[],"product_brand":[82],"product_cat":[371,322,79],"product_tag":[561,668,667,326],"class_list":{"0":"post-24626","1":"product","2":"type-product","3":"status-publish","4":"has-post-thumbnail","6":"product_brand-research-chemical","7":"product_cat-2-cmc-kopen","8":"product_cat-bijna-verboden","9":"product_cat-cathinonen","10":"product_tag-2-cmc-kopen","11":"product_tag-2cmc-bestellen","12":"product_tag-2cmc-kopen","13":"product_tag-nl","15":"first","16":"instock","17":"taxable","18":"shipping-taxable","19":"purchasable","20":"product-type-variable"},"_links":{"self":[{"href":"https:\/\/researchchemicalhub.com\/hr\/wp-json\/wp\/v2\/product\/24626","targetHints":{"allow":["GET"]}}],"collection":[{"href":"https:\/\/researchchemicalhub.com\/hr\/wp-json\/wp\/v2\/product"}],"about":[{"href":"https:\/\/researchchemicalhub.com\/hr\/wp-json\/wp\/v2\/types\/product"}],"replies":[{"embeddable":true,"href":"https:\/\/researchchemicalhub.com\/hr\/wp-json\/wp\/v2\/comments?post=24626"}],"version-history":[{"count":7,"href":"https:\/\/researchchemicalhub.com\/hr\/wp-json\/wp\/v2\/product\/24626\/revisions"}],"predecessor-version":[{"id":28659,"href":"https:\/\/researchchemicalhub.com\/hr\/wp-json\/wp\/v2\/product\/24626\/revisions\/28659"}],"wp:featuredmedia":[{"embeddable":true,"href":"https:\/\/researchchemicalhub.com\/hr\/wp-json\/wp\/v2\/media\/28376"}],"wp:attachment":[{"href":"https:\/\/researchchemicalhub.com\/hr\/wp-json\/wp\/v2\/media?parent=24626"}],"wp:term":[{"taxonomy":"product_brand","embeddable":true,"href":"https:\/\/researchchemicalhub.com\/hr\/wp-json\/wp\/v2\/product_brand?post=24626"},{"taxonomy":"product_cat","embeddable":true,"href":"https:\/\/researchchemicalhub.com\/hr\/wp-json\/wp\/v2\/product_cat?post=24626"},{"taxonomy":"product_tag","embeddable":true,"href":"https:\/\/researchchemicalhub.com\/hr\/wp-json\/wp\/v2\/product_tag?post=24626"}],"curies":[{"name":"radni list","href":"https:\/\/api.w.org\/{rel}","templated":true}]}}