{"id":24537,"date":"2025-10-20T17:41:54","date_gmt":"2025-10-20T17:41:54","guid":{"rendered":"https:\/\/researchchemicalhub.com\/?post_type=product&#038;p=24537"},"modified":"2025-10-21T16:01:53","modified_gmt":"2025-10-21T16:01:53","slug":"2c-e-kupnja","status":"publish","type":"product","link":"https:\/\/researchchemicalhub.com\/hr\/ducan\/b2b\/2c-e-kupnja\/","title":{"rendered":"2C-E blister s peletama od 10 mg"},"content":{"rendered":"<h3 data-start=\"3825\" data-end=\"3846\"><strong data-start=\"3829\" data-end=\"3844\">Uvod<\/strong><\/h3>\n<p data-start=\"3847\" data-end=\"4109\"><strong data-start=\"3847\" data-end=\"3889\">2C-E 10 mg pelete (blister pakiranje)<\/strong> sadr\u017ee <strong data-start=\"3903\" data-end=\"3943\">to\u010dno odmjerena doza od 10 mg<\/strong> <strong data-start=\"3944\" data-end=\"3989\">2C-E (2,5-dimetoksi-4-etilfenetilamin)<\/strong> - Jedan <strong data-start=\"3996\" data-end=\"4026\">sintetski fenetilamin<\/strong> od <strong data-start=\"4034\" data-end=\"4048\">2C obitelj<\/strong>, izvorno razvijen od strane <strong data-start=\"4081\" data-end=\"4106\">Dr. Aleksandar \u0160ulgin<\/strong>2c e<\/p>\n<p data-start=\"4111\" data-end=\"4452\">2C-E se \u0161iroko koristi u <strong data-start=\"4139\" data-end=\"4179\">kemijska i farmakolo\u0161ka istra\u017eivanja<\/strong> za <strong data-start=\"4185\" data-end=\"4234\">studije odnosa strukture i aktivnosti (SAR)<\/strong> i <strong data-start=\"4238\" data-end=\"4267\">istra\u017eivanje vezanja receptora<\/strong>.<br data-start=\"4268\" data-end=\"4271\" \/>Svaka peleta se proizvodi prema <strong data-start=\"4310\" data-end=\"4356\">laboratorijski standardi (\u010disto\u0107a \u2265 98%)<\/strong> i zapakirano u <strong data-start=\"4375\" data-end=\"4409\">za\u0161titno blister pakiranje<\/strong> za maksimalnu stabilnost i sigurnost.<\/p>\n<blockquote data-start=\"4454\" data-end=\"4603\">\n<p data-start=\"4456\" data-end=\"4603\">\u26a0\ufe0f <strong data-start=\"4459\" data-end=\"4470\">Napomena:<\/strong> 2C-E je isklju\u010divo namijenjen za <strong data-start=\"4504\" data-end=\"4545\">laboratorijska i analiti\u010dka istra\u017eivanja<\/strong> \u2014 <strong data-start=\"4548\" data-end=\"4600\">nije prikladno za ljudsku ili \u017eivotinjsku upotrebu<\/strong>.<\/p>\n<\/blockquote>\n<hr data-start=\"4605\" data-end=\"4608\" \/>\n<h3 data-start=\"4610\" data-end=\"4641\"><strong data-start=\"4614\" data-end=\"4641\">Klju\u010dne zna\u010dajke<\/strong><\/h3>\n<div class=\"_tableContainer_1rjym_1\">\n<div class=\"group _tableWrapper_1rjym_13 flex w-fit flex-col-reverse\" tabindex=\"-1\">\n<table class=\"w-fit min-w-(--thread-content-width)\" data-start=\"4643\" data-end=\"5125\">\n<thead data-start=\"4643\" data-end=\"4669\">\n<tr data-start=\"4643\" data-end=\"4669\">\n<th data-start=\"4643\" data-end=\"4653\" data-col-size=\"sm\">Zna\u010dajka<\/th>\n<th data-start=\"4653\" data-end=\"4669\" data-col-size=\"md\">Opis<\/th>\n<\/tr>\n<\/thead>\n<tbody data-start=\"4698\" data-end=\"5125\">\n<tr data-start=\"4698\" data-end=\"4757\">\n<td data-start=\"4698\" data-end=\"4719\" data-col-size=\"sm\"><strong data-start=\"4700\" data-end=\"4718\">Kemijski naziv<\/strong><\/td>\n<td data-start=\"4719\" data-end=\"4757\" data-col-size=\"md\">2,5-dimetoksi-4-etilfenetilamin<\/td>\n<\/tr>\n<tr data-start=\"4758\" data-end=\"4791\">\n<td data-start=\"4758\" data-end=\"4783\" data-col-size=\"sm\"><strong data-start=\"4760\" data-end=\"4782\">Uobi\u010dajeni naziv<\/strong><\/td>\n<td data-start=\"4783\" data-end=\"4791\" data-col-size=\"md\">2C-E<\/td>\n<\/tr>\n<tr data-start=\"4792\" data-end=\"4827\">\n<td data-start=\"4792\" data-end=\"4807\" data-col-size=\"sm\"><strong data-start=\"4794\" data-end=\"4806\">Doziranje<\/strong><\/td>\n<td data-start=\"4807\" data-end=\"4827\" data-col-size=\"md\">10 mg po peleti<\/td>\n<\/tr>\n<tr data-start=\"4828\" data-end=\"4875\">\n<td data-start=\"4828\" data-end=\"4839\" data-col-size=\"sm\"><strong data-start=\"4830\" data-end=\"4838\">Oblik<\/strong><\/td>\n<td data-start=\"4839\" data-end=\"4875\" data-col-size=\"md\">\u010cvrsta peleta (blister pakiranje)<\/td>\n<\/tr>\n<tr data-start=\"4876\" data-end=\"4930\">\n<td data-start=\"4876\" data-end=\"4893\" data-col-size=\"sm\"><strong data-start=\"4878\" data-end=\"4892\">\u010cisto\u0107a<\/strong><\/td>\n<td data-start=\"4893\" data-end=\"4930\" data-col-size=\"md\">\u2265 98% (potvr\u0111eno HPLC-om i NMR-om)<\/td>\n<\/tr>\n<tr data-start=\"4931\" data-end=\"5000\">\n<td data-start=\"4931\" data-end=\"4954\" data-col-size=\"sm\"><strong data-start=\"4933\" data-end=\"4953\">Kemijska klasa<\/strong><\/td>\n<td data-start=\"4954\" data-end=\"5000\" data-col-size=\"md\">Supstituirani fenetilamin \/ 2C porodica<\/td>\n<\/tr>\n<tr data-start=\"5001\" data-end=\"5050\">\n<td data-start=\"5001\" data-end=\"5018\" data-col-size=\"sm\"><strong data-start=\"5003\" data-end=\"5017\">Pakiranje<\/strong><\/td>\n<td data-start=\"5018\" data-end=\"5050\" data-col-size=\"md\">Zatvoreno blister pakiranje<\/td>\n<\/tr>\n<tr data-start=\"5051\" data-end=\"5125\">\n<td data-start=\"5051\" data-end=\"5065\" data-col-size=\"sm\"><strong data-start=\"5053\" data-end=\"5064\">Upotreba<\/strong><\/td>\n<td data-start=\"5065\" data-end=\"5125\" data-col-size=\"md\">Samo za analiti\u010dka, forenzi\u010dka i kemijska istra\u017eivanja<\/td>\n<\/tr>\n<\/tbody>\n<\/table>\n<\/div>\n<\/div>\n<hr data-start=\"5127\" data-end=\"5130\" \/>\n<h3 data-start=\"5132\" data-end=\"5149\"><strong data-start=\"5136\" data-end=\"5149\">Prednosti<\/strong><\/h3>\n<ul data-start=\"5151\" data-end=\"5599\">\n<li data-start=\"5151\" data-end=\"5240\">\n<p data-start=\"5153\" data-end=\"5240\"><strong data-start=\"5153\" data-end=\"5177\">To\u010dno doziranje<\/strong> \u2013 Svaka peleta sadr\u017ei to\u010dno 10 mg za dosljedne rezultate.<\/p>\n<\/li>\n<li data-start=\"5241\" data-end=\"5339\">\n<p data-start=\"5243\" data-end=\"5339\"><strong data-start=\"5243\" data-end=\"5262\">Visoka \u010disto\u0107a<\/strong> \u2013 \u2265 98% laboratorijska kvaliteta, ispitana kromatografijom i spektroskopijom.<\/p>\n<\/li>\n<li data-start=\"5340\" data-end=\"5430\">\n<p data-start=\"5342\" data-end=\"5430\"><strong data-start=\"5342\" data-end=\"5364\">Sigurno pakiranje<\/strong> \u2013 Blister pakiranje sprje\u010dava kontaminaciju i odr\u017eava stabilnost.<\/p>\n<\/li>\n<li data-start=\"5431\" data-end=\"5515\">\n<p data-start=\"5433\" data-end=\"5515\"><strong data-start=\"5433\" data-end=\"5463\">\u0160iroko primjenjivo u istra\u017eivanjima<\/strong> \u2013 Pogodno za GC\/MS, HPLC, FTIR i NMR analizu.<\/p>\n<\/li>\n<li data-start=\"5516\" data-end=\"5599\">\n<p data-start=\"5518\" data-end=\"5599\"><strong data-start=\"5518\" data-end=\"5538\">Vrijednost istra\u017eivanja<\/strong> \u2013 Vrijedno za komparativne studije unutar 2C serije.<\/p>\n<\/li>\n<\/ul>\n<hr data-start=\"5601\" data-end=\"5604\" \/>\n<h3 data-start=\"5606\" data-end=\"5658\"><strong data-start=\"5610\" data-end=\"5656\">Upotreba (samo u istra\u017eiva\u010dke svrhe)<\/strong><\/h3>\n<ol data-start=\"5660\" data-end=\"6053\">\n<li data-start=\"5660\" data-end=\"5729\">\n<p data-start=\"5663\" data-end=\"5729\"><strong data-start=\"5663\" data-end=\"5678\">Rukovanje:<\/strong> Nosite rukavice, za\u0161titne nao\u010dale i laboratorijski ogrta\u010d.<\/p>\n<\/li>\n<li data-start=\"5730\" data-end=\"5825\">\n<p data-start=\"5733\" data-end=\"5825\"><strong data-start=\"5733\" data-end=\"5746\">Mjerenja:<\/strong> Svaka peleta sadr\u017ei 10 mg; ne mijenjajte vanjske kontrolirane uvjete.<\/p>\n<\/li>\n<li data-start=\"5826\" data-end=\"5911\">\n<p data-start=\"5829\" data-end=\"5911\"><strong data-start=\"5829\" data-end=\"5840\">Pohrana:<\/strong> \u010cuvati na hladnom (2\u20138 \u00b0C), suhom i tamnom mjestu u originalnom blister pakiranju.<\/p>\n<\/li>\n<li data-start=\"5912\" data-end=\"5976\">\n<p data-start=\"5915\" data-end=\"5976\"><strong data-start=\"5915\" data-end=\"5927\">Analiza:<\/strong> Pogodno za GC\/MS, LC-MS, HPLC, FTIR i NMR.<\/p>\n<\/li>\n<li data-start=\"5977\" data-end=\"6053\">\n<p data-start=\"5980\" data-end=\"6053\"><strong data-start=\"5980\" data-end=\"5997\">Dokumentacija:<\/strong> Zabilje\u017eite podatke o seriji i rezultate ispitivanja radi uskla\u0111enosti.<\/p>\n<\/li>\n<\/ol>\n<hr data-start=\"6055\" data-end=\"6058\" \/>\n<h3 data-start=\"6060\" data-end=\"6095\"><strong data-start=\"6064\" data-end=\"6093\">\u010cesto postavljana pitanja (FAQ)<\/strong><\/h3>\n<p data-start=\"6097\" data-end=\"6313\"><strong data-start=\"6097\" data-end=\"6116\">1. \u0160to je 2C-E?<\/strong><br data-start=\"6116\" data-end=\"6119\" \/><strong data-start=\"6119\" data-end=\"6164\">2C-E (2,5-dimetoksi-4-etilfenetilamin)<\/strong> je <strong data-start=\"6172\" data-end=\"6202\">sintetski fenetilamin<\/strong> koji se koristi u analiti\u010dkim i farmakolo\u0161kim studijama vezanja receptora i strukturne aktivnosti.<\/p>\n<p data-start=\"6315\" data-end=\"6473\"><strong data-start=\"6315\" data-end=\"6366\">2. Za \u0161to se koriste 2C-E 10 mg pelete?<\/strong><br data-start=\"6366\" data-end=\"6369\" \/>Namijenjeni su za <strong data-start=\"6390\" data-end=\"6431\">analiti\u010dke i forenzi\u010dke svrhe<\/strong>, kao \u0161to su kromatografija i spektroskopija.<\/p>\n<p data-start=\"6475\" data-end=\"6675\"><strong data-start=\"6475\" data-end=\"6513\">3. Je li legalno kupiti 2C-E?<\/strong><br data-start=\"6513\" data-end=\"6516\" \/>The <strong data-start=\"6519\" data-end=\"6542\">zakonitost 2C-E<\/strong> Razlikuje se od zemlje do zemlje. U nekim zemljama se smatra kontroliranom tvari; stoga uvijek provjerite lokalne propise prije kupnje.<\/p>","protected":false},"excerpt":{"rendered":"<h2><strong><span dir=\"auto\" style=\"vertical-align: inherit;\"><span dir=\"auto\" style=\"vertical-align: inherit;\">2C-E blister s peletama od 10 mg<\/span><\/span><\/strong><\/h2>\n<ul>\n<li><strong><span dir=\"auto\" style=\"vertical-align: inherit;\"><span dir=\"auto\" style=\"vertical-align: inherit;\">Maloprodajna ambala\u017ea<\/span><\/span><br \/>\n<\/strong><\/li>\n<li><strong><span dir=\"auto\" style=\"vertical-align: inherit;\"><span dir=\"auto\" style=\"vertical-align: inherit;\">Broj peleta po blisteru: 10<\/span><\/span><\/strong><\/li>\n<li><strong><span dir=\"auto\" style=\"vertical-align: inherit;\"><span dir=\"auto\" style=\"vertical-align: inherit;\">Cijene ne uklju\u010duju PDV 21%<\/span><\/span><\/strong><\/li>\n<li><strong><span dir=\"auto\" style=\"vertical-align: inherit;\"><span dir=\"auto\" style=\"vertical-align: inherit;\">Preporu\u010dena maloprodajna cijena: 49,95 \u20ac s PDV-om<\/span><\/span><\/strong><\/li>\n<\/ul>","protected":false},"featured_media":20730,"comment_status":"closed","ping_status":"closed","template":"","meta":[],"product_brand":[82],"product_cat":[555],"product_tag":[799,620,621,816,326,797,798,795,796],"class_list":{"0":"post-24537","1":"product","2":"type-product","3":"status-publish","4":"has-post-thumbnail","6":"product_brand-research-chemical","7":"product_cat-b2b","8":"product_tag-2-ce-pellets","9":"product_tag-2c-e","10":"product_tag-2c-e-kopen","11":"product_tag-2ce-blister","12":"product_tag-nl","13":"product_tag-research-chemicals-bestellen","14":"product_tag-research-chemicals-nederland","15":"product_tag-wat-is-2c-e","16":"product_tag-where-to-buy-2c-e-online","18":"first","19":"instock","20":"taxable","21":"shipping-taxable","22":"purchasable","23":"product-type-variable"},"_links":{"self":[{"href":"https:\/\/researchchemicalhub.com\/hr\/wp-json\/wp\/v2\/product\/24537","targetHints":{"allow":["GET"]}}],"collection":[{"href":"https:\/\/researchchemicalhub.com\/hr\/wp-json\/wp\/v2\/product"}],"about":[{"href":"https:\/\/researchchemicalhub.com\/hr\/wp-json\/wp\/v2\/types\/product"}],"replies":[{"embeddable":true,"href":"https:\/\/researchchemicalhub.com\/hr\/wp-json\/wp\/v2\/comments?post=24537"}],"version-history":[{"count":7,"href":"https:\/\/researchchemicalhub.com\/hr\/wp-json\/wp\/v2\/product\/24537\/revisions"}],"predecessor-version":[{"id":27775,"href":"https:\/\/researchchemicalhub.com\/hr\/wp-json\/wp\/v2\/product\/24537\/revisions\/27775"}],"wp:featuredmedia":[{"embeddable":true,"href":"https:\/\/researchchemicalhub.com\/hr\/wp-json\/wp\/v2\/media\/20730"}],"wp:attachment":[{"href":"https:\/\/researchchemicalhub.com\/hr\/wp-json\/wp\/v2\/media?parent=24537"}],"wp:term":[{"taxonomy":"product_brand","embeddable":true,"href":"https:\/\/researchchemicalhub.com\/hr\/wp-json\/wp\/v2\/product_brand?post=24537"},{"taxonomy":"product_cat","embeddable":true,"href":"https:\/\/researchchemicalhub.com\/hr\/wp-json\/wp\/v2\/product_cat?post=24537"},{"taxonomy":"product_tag","embeddable":true,"href":"https:\/\/researchchemicalhub.com\/hr\/wp-json\/wp\/v2\/product_tag?post=24537"}],"curies":[{"name":"radni list","href":"https:\/\/api.w.org\/{rel}","templated":true}]}}