{"id":24469,"date":"2025-10-20T17:41:48","date_gmt":"2025-10-20T17:41:48","guid":{"rendered":"https:\/\/researchchemicalhub.com\/?post_type=product&#038;p=24469"},"modified":"2025-10-21T16:12:40","modified_gmt":"2025-10-21T16:12:40","slug":"5-meo-mipt-2","status":"publish","type":"product","link":"https:\/\/researchchemicalhub.com\/hr\/ducan\/5-meo-mipt\/5-meo-mipt-2\/","title":{"rendered":"Moxy 5-MeO-MiPT 10 mg pelete"},"content":{"rendered":"<h3 data-start=\"4181\" data-end=\"4202\"><strong data-start=\"4185\" data-end=\"4200\">Uvod<\/strong><\/h3>\n<p data-start=\"4203\" data-end=\"4601\"><strong data-start=\"4203\" data-end=\"4235\">Moxy 5-MeO-MiPT 10 mg pelete<\/strong> sadr\u017eavati <strong data-start=\"4245\" data-end=\"4286\">precizno izvagane pelete od 10 mg<\/strong> <strong data-start=\"4287\" data-end=\"4344\">5-MeO-MiPT (5-Metoksi-N-metil-N-izopropiltriptamin)<\/strong> - Jedan <strong data-start=\"4351\" data-end=\"4388\">sintetski spoj triptamina<\/strong> od <strong data-start=\"4396\" data-end=\"4422\">porodica indolnih alkaloida<\/strong>5 meo mipt<br data-start=\"4423\" data-end=\"4426\" \/>5-MeO-MiPT, tako\u0111er poznat kao <strong data-start=\"4453\" data-end=\"4461\">Moxy<\/strong>, je <strong data-start=\"4470\" data-end=\"4493\">strukturno analogno<\/strong> po <strong data-start=\"4498\" data-end=\"4511\">5-MeO-DMT<\/strong> i <strong data-start=\"4515\" data-end=\"4523\">MiPT<\/strong> i koristi se u <strong data-start=\"4545\" data-end=\"4598\">neurokemijska, analiti\u010dka i forenzi\u010dka istra\u017eivanja<\/strong>.<\/p>\n<p data-start=\"4603\" data-end=\"4777\">Svaka peleta se proizvodi s <strong data-start=\"4642\" data-end=\"4678\">laboratorijska \u010disto\u0107a \u2265 98%<\/strong> i zapakirano u <strong data-start=\"4697\" data-end=\"4731\">za\u0161titno blister pakiranje<\/strong> za maksimalnu stabilnost i jednostavnost kori\u0161tenja.<\/p>\n<blockquote data-start=\"4779\" data-end=\"4931\">\n<p data-start=\"4781\" data-end=\"4931\">\u26a0\ufe0f <strong data-start=\"4784\" data-end=\"4795\">Napomena:<\/strong> Ovaj proizvod je namijenjen isklju\u010divo za <strong data-start=\"4836\" data-end=\"4877\">laboratorijska i analiti\u010dka istra\u017eivanja<\/strong> \u2014 <strong data-start=\"4880\" data-end=\"4928\">nije za ljudsku ili \u017eivotinjsku konzumaciju<\/strong>.<\/p>\n<\/blockquote>\n<hr data-start=\"4933\" data-end=\"4936\" \/>\n<h3 data-start=\"4938\" data-end=\"4969\"><strong data-start=\"4942\" data-end=\"4969\">Klju\u010dne zna\u010dajke<\/strong><\/h3>\n<div class=\"_tableContainer_1rjym_1\">\n<div class=\"group _tableWrapper_1rjym_13 flex w-fit flex-col-reverse\" tabindex=\"-1\">\n<table class=\"w-fit min-w-(--thread-content-width)\" data-start=\"4971\" data-end=\"5556\">\n<thead data-start=\"4971\" data-end=\"4997\">\n<tr data-start=\"4971\" data-end=\"4997\">\n<th data-start=\"4971\" data-end=\"4981\" data-col-size=\"sm\">Zna\u010dajka<\/th>\n<th data-start=\"4981\" data-end=\"4997\" data-col-size=\"md\">Opis<\/th>\n<\/tr>\n<\/thead>\n<tbody data-start=\"5026\" data-end=\"5556\">\n<tr data-start=\"5026\" data-end=\"5091\">\n<td data-start=\"5026\" data-end=\"5047\" data-col-size=\"sm\"><strong data-start=\"5028\" data-end=\"5046\">Kemijski naziv<\/strong><\/td>\n<td data-start=\"5047\" data-end=\"5091\" data-col-size=\"md\">5-Metoksi-N-metil-N-izopropiltriptamin<\/td>\n<\/tr>\n<tr data-start=\"5092\" data-end=\"5138\">\n<td data-start=\"5092\" data-end=\"5117\" data-col-size=\"sm\"><strong data-start=\"5094\" data-end=\"5116\">Uobi\u010dajeni naziv<\/strong><\/td>\n<td data-start=\"5117\" data-end=\"5138\" data-col-size=\"md\">5-MeO-MiPT \/ Moxy<\/td>\n<\/tr>\n<tr data-start=\"5139\" data-end=\"5176\">\n<td data-start=\"5139\" data-end=\"5163\" data-col-size=\"sm\"><strong data-start=\"5141\" data-end=\"5162\">Kemijska formula<\/strong><\/td>\n<td data-start=\"5163\" data-end=\"5176\" data-col-size=\"md\">C\u2081\u2085H\u2082\u2082N\u2082O<\/td>\n<\/tr>\n<tr data-start=\"5177\" data-end=\"5215\">\n<td data-start=\"5177\" data-end=\"5199\" data-col-size=\"sm\"><strong data-start=\"5179\" data-end=\"5198\">Molekularna te\u017eina<\/strong><\/td>\n<td data-start=\"5199\" data-end=\"5215\" data-col-size=\"md\">246,35 g\/mol<\/td>\n<\/tr>\n<tr data-start=\"5216\" data-end=\"5250\">\n<td data-start=\"5216\" data-end=\"5231\" data-col-size=\"sm\"><strong data-start=\"5218\" data-end=\"5230\">Doziranje<\/strong><\/td>\n<td data-start=\"5231\" data-end=\"5250\" data-col-size=\"md\">10 mg po peleti<\/td>\n<\/tr>\n<tr data-start=\"5251\" data-end=\"5298\">\n<td data-start=\"5251\" data-end=\"5262\" data-col-size=\"sm\"><strong data-start=\"5253\" data-end=\"5261\">Oblik<\/strong><\/td>\n<td data-start=\"5262\" data-end=\"5298\" data-col-size=\"md\">\u010cvrsta peleta (blister pakiranje)<\/td>\n<\/tr>\n<tr data-start=\"5299\" data-end=\"5350\">\n<td data-start=\"5299\" data-end=\"5316\" data-col-size=\"sm\"><strong data-start=\"5301\" data-end=\"5315\">\u010cisto\u0107a<\/strong><\/td>\n<td data-start=\"5316\" data-end=\"5350\" data-col-size=\"md\">\u2265 98% (testirano HPLC-om i NMR-om)<\/td>\n<\/tr>\n<tr data-start=\"5351\" data-end=\"5419\">\n<td data-start=\"5351\" data-end=\"5374\" data-col-size=\"sm\"><strong data-start=\"5353\" data-end=\"5373\">Kemijska klasa<\/strong><\/td>\n<td data-start=\"5374\" data-end=\"5419\" data-col-size=\"md\">Sintetski triptamin\/indolni alkaloid<\/td>\n<\/tr>\n<tr data-start=\"5420\" data-end=\"5494\">\n<td data-start=\"5420\" data-end=\"5434\" data-col-size=\"sm\"><strong data-start=\"5422\" data-end=\"5433\">Upotreba<\/strong><\/td>\n<td data-start=\"5434\" data-end=\"5494\" data-col-size=\"md\">Samo za analiti\u010dka, forenzi\u010dka i kemijska istra\u017eivanja<\/td>\n<\/tr>\n<tr data-start=\"5495\" data-end=\"5556\">\n<td data-start=\"5495\" data-end=\"5512\" data-col-size=\"sm\"><strong data-start=\"5497\" data-end=\"5511\">Pakiranje<\/strong><\/td>\n<td data-start=\"5512\" data-end=\"5556\" data-col-size=\"md\">Blister traka s laboratorijskim zatvara\u010dem<\/td>\n<\/tr>\n<\/tbody>\n<\/table>\n<\/div>\n<\/div>\n<hr data-start=\"5558\" data-end=\"5561\" \/>\n<h3 data-start=\"5563\" data-end=\"5580\"><strong data-start=\"5567\" data-end=\"5580\">Prednosti<\/strong><\/h3>\n<ul data-start=\"5582\" data-end=\"6001\">\n<li data-start=\"5582\" data-end=\"5674\">\n<p data-start=\"5584\" data-end=\"5674\"><strong data-start=\"5584\" data-end=\"5603\">Visoka \u010disto\u0107a<\/strong> \u2013 \u2265 98% laboratorijska kvaliteta za pouzdane rezultate istra\u017eivanja.<\/p>\n<\/li>\n<li data-start=\"5675\" data-end=\"5748\">\n<p data-start=\"5677\" data-end=\"5748\"><strong data-start=\"5677\" data-end=\"5701\">To\u010dno doziranje<\/strong> \u2013 10 mg po peleti za dosljednu analizu.<\/p>\n<\/li>\n<li data-start=\"5749\" data-end=\"5834\">\n<p data-start=\"5751\" data-end=\"5834\"><strong data-start=\"5751\" data-end=\"5776\">Za\u0161titno pakiranje<\/strong> \u2013 Blister pakiranje sprje\u010dava degradaciju uslijed svjetlosti i vlage. 5 meo mipt<\/p>\n<\/li>\n<li data-start=\"5835\" data-end=\"5918\">\n<p data-start=\"5837\" data-end=\"5918\"><strong data-start=\"5837\" data-end=\"5867\">\u0160iroko primjenjivo u istra\u017eivanjima<\/strong> \u2013 Pogodno za GC\/MS, LC-MS, HPLC, FTIR i NMR.<\/p>\n<\/li>\n<li data-start=\"5919\" data-end=\"6001\">\n<p data-start=\"5921\" data-end=\"6001\"><strong data-start=\"5921\" data-end=\"5945\">Potpuno sljedivo<\/strong> \u2013 Svaka serija dolazi s informacijama o kvaliteti.<\/p>\n<\/li>\n<\/ul>\n<hr data-start=\"6003\" data-end=\"6006\" \/>\n<h3 data-start=\"6008\" data-end=\"6060\"><strong data-start=\"6012\" data-end=\"6058\">Upotreba (samo u istra\u017eiva\u010dke svrhe)<\/strong><\/h3>\n<ol data-start=\"6062\" data-end=\"6459\">\n<li data-start=\"6062\" data-end=\"6131\">\n<p data-start=\"6065\" data-end=\"6131\"><strong data-start=\"6065\" data-end=\"6080\">Rukovanje:<\/strong> Nosite rukavice, za\u0161titne nao\u010dale i laboratorijski ogrta\u010d.<\/p>\n<\/li>\n<li data-start=\"6132\" data-end=\"6219\">\n<p data-start=\"6135\" data-end=\"6219\"><strong data-start=\"6135\" data-end=\"6148\">Mjerenja:<\/strong> Svaka peleta sadr\u017ei 10 mg; ne prilago\u0111avati izvan laboratorijskih uvjeta.<\/p>\n<\/li>\n<li data-start=\"6220\" data-end=\"6305\">\n<p data-start=\"6223\" data-end=\"6305\"><strong data-start=\"6223\" data-end=\"6234\">Pohrana:<\/strong> \u010cuvati na hladnom (2\u20138 \u00b0C), suhom i tamnom mjestu u originalnom blister pakiranju.<\/p>\n<\/li>\n<li data-start=\"6306\" data-end=\"6397\">\n<p data-start=\"6309\" data-end=\"6397\"><strong data-start=\"6309\" data-end=\"6321\">Analiza:<\/strong> Pogodno za kromatografiju, spektroskopiju i forenzi\u010dku identifikaciju.<\/p>\n<\/li>\n<li data-start=\"6398\" data-end=\"6459\">\n<p data-start=\"6401\" data-end=\"6459\"><strong data-start=\"6401\" data-end=\"6418\">Dokumentacija:<\/strong> Zabilje\u017eite brojeve serija i rezultate ispitivanja.<\/p>\n<\/li>\n<\/ol>\n<hr data-start=\"6461\" data-end=\"6464\" \/>\n<h3 data-start=\"6466\" data-end=\"6501\"><strong data-start=\"6470\" data-end=\"6499\">\u010cesto postavljana pitanja (FAQ)<\/strong><\/h3>\n<p data-start=\"6503\" data-end=\"6694\"><strong data-start=\"6503\" data-end=\"6535\">1. \u0160to je 5-MeO-MiPT (Moxy)?<\/strong><br data-start=\"6535\" data-end=\"6538\" \/><strong data-start=\"6538\" data-end=\"6559\">5-MeO-MiPT (Moxy)<\/strong> je <strong data-start=\"6567\" data-end=\"6604\">sintetski spoj triptamina<\/strong> koji se koristi za istra\u017eivanje serotoninskih receptora i strukturne aktivnosti.<\/p>\n<p data-start=\"6696\" data-end=\"6869\"><strong data-start=\"6696\" data-end=\"6757\">2. Za \u0161to se koriste Moxy 5-MeO-MiPT 10mg pelete?<\/strong><br data-start=\"6757\" data-end=\"6760\" \/>Peleti su namijenjeni za <strong data-start=\"6789\" data-end=\"6827\">analiti\u010dka i forenzi\u010dka istra\u017eivanja<\/strong>, kao \u0161to su kromatografija i spektroskopija.<\/p>\n<p data-start=\"6871\" data-end=\"7042\"><strong data-start=\"6871\" data-end=\"6915\">3. Je li legalno kupiti 5-MeO-MiPT?<\/strong><br data-start=\"6915\" data-end=\"6918\" \/>The <strong data-start=\"6921\" data-end=\"6950\">zakonitost 5-MeO-MiPT-a<\/strong> varira ovisno o zemlji. Uvijek provjerite lokalne propise prije upotrebe <strong data-start=\"7019\" data-end=\"7039\">Kupnja 5-MeO-MiPT-a<\/strong>.<\/p>","protected":false},"excerpt":{"rendered":"<p>Uvod Moxy 5-MeO-MiPT 10 mg pelete sadr\u017ee precizno izvagane pelete od 10 mg 5-MeO-MiPT-a (5-metoksi-N-metil-N-izopropiltriptamina) \u2014 sintetskog triptaminskog spoja iz porodice indolnih alkaloida.<\/p>","protected":false},"featured_media":21432,"comment_status":"closed","ping_status":"closed","template":"","meta":[],"product_brand":[82],"product_cat":[436,434,324,381],"product_tag":[824,650,826,825,326,827],"class_list":{"0":"post-24469","1":"product","2":"type-product","3":"status-publish","4":"has-post-thumbnail","6":"product_brand-research-chemical","7":"product_cat-5-meo-mipt","8":"product_cat-5-meo-mipt-pellets","9":"product_cat-pellets-for-pellet","10":"product_cat-tryptamines","11":"product_tag-5-meo-mipt-moxy","12":"product_tag-5-meo-mipt","13":"product_tag-5-meo-mipt-moxy-purifie","14":"product_tag-moxy-5-meo-mipt","15":"product_tag-nl","16":"product_tag-purifie-moxy-5-meo-mipt","18":"first","19":"instock","20":"taxable","21":"shipping-taxable","22":"purchasable","23":"product-type-variable"},"_links":{"self":[{"href":"https:\/\/researchchemicalhub.com\/hr\/wp-json\/wp\/v2\/product\/24469","targetHints":{"allow":["GET"]}}],"collection":[{"href":"https:\/\/researchchemicalhub.com\/hr\/wp-json\/wp\/v2\/product"}],"about":[{"href":"https:\/\/researchchemicalhub.com\/hr\/wp-json\/wp\/v2\/types\/product"}],"replies":[{"embeddable":true,"href":"https:\/\/researchchemicalhub.com\/hr\/wp-json\/wp\/v2\/comments?post=24469"}],"version-history":[{"count":5,"href":"https:\/\/researchchemicalhub.com\/hr\/wp-json\/wp\/v2\/product\/24469\/revisions"}],"predecessor-version":[{"id":27784,"href":"https:\/\/researchchemicalhub.com\/hr\/wp-json\/wp\/v2\/product\/24469\/revisions\/27784"}],"wp:featuredmedia":[{"embeddable":true,"href":"https:\/\/researchchemicalhub.com\/hr\/wp-json\/wp\/v2\/media\/21432"}],"wp:attachment":[{"href":"https:\/\/researchchemicalhub.com\/hr\/wp-json\/wp\/v2\/media?parent=24469"}],"wp:term":[{"taxonomy":"product_brand","embeddable":true,"href":"https:\/\/researchchemicalhub.com\/hr\/wp-json\/wp\/v2\/product_brand?post=24469"},{"taxonomy":"product_cat","embeddable":true,"href":"https:\/\/researchchemicalhub.com\/hr\/wp-json\/wp\/v2\/product_cat?post=24469"},{"taxonomy":"product_tag","embeddable":true,"href":"https:\/\/researchchemicalhub.com\/hr\/wp-json\/wp\/v2\/product_tag?post=24469"}],"curies":[{"name":"radni list","href":"https:\/\/api.w.org\/{rel}","templated":true}]}}