{"id":24433,"date":"2025-10-20T17:41:44","date_gmt":"2025-10-20T17:41:44","guid":{"rendered":"https:\/\/researchchemicalhub.com\/?post_type=product&#038;p=24433"},"modified":"2025-10-29T08:21:41","modified_gmt":"2025-10-29T08:21:41","slug":"gm-fluor","status":"publish","type":"product","link":"https:\/\/researchchemicalhub.com\/hr\/shop\/b2b\/gm-fluor\/","title":{"rendered":"GM Fluor"},"content":{"rendered":"<h3 data-start=\"4199\" data-end=\"4220\"><strong data-start=\"4203\" data-end=\"4218\"><span dir=\"auto\" style=\"vertical-align: inherit;\"><span dir=\"auto\" style=\"vertical-align: inherit;\">Uvod<\/span><\/span><\/strong><\/h3>\n<p data-start=\"4221\" data-end=\"4682\"><strong data-start=\"4221\" data-end=\"4233\"><span dir=\"auto\" style=\"vertical-align: inherit;\"><span dir=\"auto\" style=\"vertical-align: inherit;\">GM Fluor<\/span><\/span><\/strong><span dir=\"auto\" style=\"vertical-align: inherit;\"><span dir=\"auto\" style=\"vertical-align: inherit;\"> je <\/span><\/span><strong data-start=\"4241\" data-end=\"4295\"><span dir=\"auto\" style=\"vertical-align: inherit;\"><span dir=\"auto\" style=\"vertical-align: inherit;\">visoko\u010dista mje\u0161avina fluoriranih istra\u017eiva\u010dkih tvari<\/span><\/span><\/strong><span dir=\"auto\" style=\"vertical-align: inherit;\"><span dir=\"auto\" style=\"vertical-align: inherit;\"> , posebno razvijen za <\/span><\/span><strong data-start=\"4322\" data-end=\"4382\"><span dir=\"auto\" style=\"vertical-align: inherit;\"><span dir=\"auto\" style=\"vertical-align: inherit;\">analiti\u010dka, forenzi\u010dka i kemijska laboratorijska istra\u017eivanja<\/span><\/span><\/strong><span dir=\"auto\" style=\"vertical-align: inherit;\"><span dir=\"auto\" style=\"vertical-align: inherit;\"> GM Fluor <\/span><\/span><br data-start=\"4383\" data-end=\"4386\" \/><span dir=\"auto\" style=\"vertical-align: inherit;\"><span dir=\"auto\" style=\"vertical-align: inherit;\">Kratica <\/span><\/span><strong data-start=\"4399\" data-end=\"4407\"><span dir=\"auto\" style=\"vertical-align: inherit;\"><span dir=\"auto\" style=\"vertical-align: inherit;\">GM<\/span><\/span><\/strong><span dir=\"auto\" style=\"vertical-align: inherit;\"><span dir=\"auto\" style=\"vertical-align: inherit;\"> stoji za <\/span><\/span><strong data-start=\"4419\" data-end=\"4434\"><span dir=\"auto\" style=\"vertical-align: inherit;\"><span dir=\"auto\" style=\"vertical-align: inherit;\">Op\u0107i miks<\/span><\/span><\/strong><span dir=\"auto\" style=\"vertical-align: inherit;\"><span dir=\"auto\" style=\"vertical-align: inherit;\"> , sastav od <\/span><\/span><strong data-start=\"4458\" data-end=\"4483\"><span dir=\"auto\" style=\"vertical-align: inherit;\"><span dir=\"auto\" style=\"vertical-align: inherit;\">fluorirani analozi<\/span><\/span><\/strong><span dir=\"auto\" style=\"vertical-align: inherit;\"><span dir=\"auto\" style=\"vertical-align: inherit;\"> ili odabranih istra\u017eiva\u010dkih spojeva. Ova smjesa je idealna za <\/span><\/span><strong data-start=\"4553\" data-end=\"4585\"><span dir=\"auto\" style=\"vertical-align: inherit;\"><span dir=\"auto\" style=\"vertical-align: inherit;\">kromatografska kalibracija<\/span><\/span><\/strong><span dir=\"auto\" style=\"vertical-align: inherit;\"><span dir=\"auto\" style=\"vertical-align: inherit;\"> , <\/span><\/span><strong data-start=\"4587\" data-end=\"4636\"><span dir=\"auto\" style=\"vertical-align: inherit;\"><span dir=\"auto\" style=\"vertical-align: inherit;\">studije odnosa strukture i aktivnosti (SAR),<\/span><\/span><\/strong><span dir=\"auto\" style=\"vertical-align: inherit;\"><span dir=\"auto\" style=\"vertical-align: inherit;\"> i <\/span><\/span><strong data-start=\"4640\" data-end=\"4679\"><span dir=\"auto\" style=\"vertical-align: inherit;\"><span dir=\"auto\" style=\"vertical-align: inherit;\">spektroskopske referentne analize<\/span><\/span><\/strong><span dir=\"auto\" style=\"vertical-align: inherit;\"><span dir=\"auto\" style=\"vertical-align: inherit;\"> .<\/span><\/span><\/p>\n<p data-start=\"4684\" data-end=\"4962\"><span dir=\"auto\" style=\"vertical-align: inherit;\"><span dir=\"auto\" style=\"vertical-align: inherit;\">Svaka serija se proizvodi pod <\/span><\/span><strong data-start=\"4720\" data-end=\"4753\"><span dir=\"auto\" style=\"vertical-align: inherit;\"><span dir=\"auto\" style=\"vertical-align: inherit;\">strogi laboratorijski uvjeti<\/span><\/span><\/strong><span dir=\"auto\" style=\"vertical-align: inherit;\"><span dir=\"auto\" style=\"vertical-align: inherit;\"> i testirano od strane <\/span><\/span><strong data-start=\"4768\" data-end=\"4785\"><span dir=\"auto\" style=\"vertical-align: inherit;\"><span dir=\"auto\" style=\"vertical-align: inherit;\">HPLC i GC\/MS<\/span><\/span><\/strong><span dir=\"auto\" style=\"vertical-align: inherit;\"><span dir=\"auto\" style=\"vertical-align: inherit;\"> osigurati <\/span><\/span><strong data-start=\"4808\" data-end=\"4817\"><span dir=\"auto\" style=\"vertical-align: inherit;\"><span dir=\"auto\" style=\"vertical-align: inherit;\">\u2265 98%<\/span><\/span><\/strong><span dir=\"auto\" style=\"vertical-align: inherit;\"><span dir=\"auto\" style=\"vertical-align: inherit;\"> \u010disto\u0107a <\/span><\/span><br data-start=\"4832\" data-end=\"4835\" \/><span dir=\"auto\" style=\"vertical-align: inherit;\"><span dir=\"auto\" style=\"vertical-align: inherit;\">Supstanca se isporu\u010duje u <\/span><\/span><strong data-start=\"4865\" data-end=\"4915\"><span dir=\"auto\" style=\"vertical-align: inherit;\"><span dir=\"auto\" style=\"vertical-align: inherit;\">laboratorijska vre\u0107ica otporna na vlagu, koja se mo\u017ee ponovno zatvoriti<\/span><\/span><\/strong><span dir=\"auto\" style=\"vertical-align: inherit;\"><span dir=\"auto\" style=\"vertical-align: inherit;\"> za sigurno skladi\u0161tenje i precizno doziranje.<\/span><\/span><\/p>\n<blockquote data-start=\"4964\" data-end=\"5107\">\n<p data-start=\"4966\" data-end=\"5107\">\u26a0\ufe0f <strong data-start=\"4969\" data-end=\"4980\"><span dir=\"auto\" style=\"vertical-align: inherit;\"><span dir=\"auto\" style=\"vertical-align: inherit;\">Imajte na umu:<\/span><\/span><\/strong><span dir=\"auto\" style=\"vertical-align: inherit;\"><span dir=\"auto\" style=\"vertical-align: inherit;\"> GM Fluor je za <\/span><\/span><strong data-start=\"5018\" data-end=\"5053\"><span dir=\"auto\" style=\"vertical-align: inherit;\"><span dir=\"auto\" style=\"vertical-align: inherit;\">istra\u017eiva\u010dka i analiti\u010dka upotreba<\/span><\/span><\/strong><span dir=\"auto\" style=\"vertical-align: inherit;\"><span dir=\"auto\" style=\"vertical-align: inherit;\"> samo \u2014 <\/span><\/span><strong data-start=\"5056\" data-end=\"5104\"><span dir=\"auto\" style=\"vertical-align: inherit;\"><span dir=\"auto\" style=\"vertical-align: inherit;\">nije za ljudsku ili \u017eivotinjsku konzumaciju<\/span><\/span><\/strong><span dir=\"auto\" style=\"vertical-align: inherit;\"><span dir=\"auto\" style=\"vertical-align: inherit;\"> .<\/span><\/span><\/p>\n<\/blockquote>\n<hr data-start=\"5109\" data-end=\"5112\" \/>\n<h3 data-start=\"5114\" data-end=\"5145\"><strong data-start=\"5118\" data-end=\"5145\"><span dir=\"auto\" style=\"vertical-align: inherit;\"><span dir=\"auto\" style=\"vertical-align: inherit;\">Klju\u010dne zna\u010dajke<\/span><\/span><\/strong><\/h3>\n<div class=\"_tableContainer_1rjym_1\">\n<div class=\"group _tableWrapper_1rjym_13 flex w-fit flex-col-reverse\" tabindex=\"-1\">\n<table class=\"w-fit min-w-(--thread-content-width)\" data-start=\"5147\" data-end=\"5743\">\n<thead data-start=\"5147\" data-end=\"5173\">\n<tr data-start=\"5147\" data-end=\"5173\">\n<th data-start=\"5147\" data-end=\"5157\" data-col-size=\"sm\"><span dir=\"auto\" style=\"vertical-align: inherit;\"><span dir=\"auto\" style=\"vertical-align: inherit;\">Zna\u010dajka<\/span><\/span><\/th>\n<th data-start=\"5157\" data-end=\"5173\" data-col-size=\"md\"><span dir=\"auto\" style=\"vertical-align: inherit;\"><span dir=\"auto\" style=\"vertical-align: inherit;\">Opis<\/span><\/span><\/th>\n<\/tr>\n<\/thead>\n<tbody data-start=\"5202\" data-end=\"5743\">\n<tr data-start=\"5202\" data-end=\"5232\">\n<td data-start=\"5202\" data-end=\"5220\" data-col-size=\"sm\"><strong data-start=\"5204\" data-end=\"5219\"><span dir=\"auto\" style=\"vertical-align: inherit;\"><span dir=\"auto\" style=\"vertical-align: inherit;\">Naziv proizvoda<\/span><\/span><\/strong><\/td>\n<td data-start=\"5220\" data-end=\"5232\" data-col-size=\"md\"><span dir=\"auto\" style=\"vertical-align: inherit;\"><span dir=\"auto\" style=\"vertical-align: inherit;\">GM Fluor<\/span><\/span><\/td>\n<\/tr>\n<tr data-start=\"5233\" data-end=\"5318\">\n<td data-start=\"5233\" data-end=\"5263\" data-col-size=\"sm\"><strong data-start=\"5235\" data-end=\"5262\"><span dir=\"auto\" style=\"vertical-align: inherit;\"><span dir=\"auto\" style=\"vertical-align: inherit;\">Kemijski sastav<\/span><\/span><\/strong><\/td>\n<td data-start=\"5263\" data-end=\"5318\" data-col-size=\"md\"><span dir=\"auto\" style=\"vertical-align: inherit;\"><span dir=\"auto\" style=\"vertical-align: inherit;\">Vlasni\u010dka mje\u0161avina fluoriranih istra\u017eiva\u010dkih kemikalija<\/span><\/span><\/td>\n<\/tr>\n<tr data-start=\"5319\" data-end=\"5385\">\n<td data-start=\"5319\" data-end=\"5343\" data-col-size=\"sm\"><strong data-start=\"5321\" data-end=\"5342\"><span dir=\"auto\" style=\"vertical-align: inherit;\"><span dir=\"auto\" style=\"vertical-align: inherit;\">Kemijska formula<\/span><\/span><\/strong><\/td>\n<td data-start=\"5343\" data-end=\"5385\" data-col-size=\"md\"><span dir=\"auto\" style=\"vertical-align: inherit;\"><span dir=\"auto\" style=\"vertical-align: inherit;\">Specifi\u010dno za seriju (fluorirani analozi)<\/span><\/span><\/td>\n<\/tr>\n<tr data-start=\"5386\" data-end=\"5439\">\n<td data-start=\"5386\" data-end=\"5403\" data-col-size=\"sm\"><strong data-start=\"5388\" data-end=\"5402\"><span dir=\"auto\" style=\"vertical-align: inherit;\"><span dir=\"auto\" style=\"vertical-align: inherit;\">\u010cisto\u0107a<\/span><\/span><\/strong><\/td>\n<td data-start=\"5403\" data-end=\"5439\" data-col-size=\"md\"><span dir=\"auto\" style=\"vertical-align: inherit;\"><span dir=\"auto\" style=\"vertical-align: inherit;\">\u2265 98% (testirano HPLC-om i GC\/MS-om)<\/span><\/span><\/td>\n<\/tr>\n<tr data-start=\"5440\" data-end=\"5478\">\n<td data-start=\"5440\" data-end=\"5451\" data-col-size=\"sm\"><strong data-start=\"5442\" data-end=\"5450\"><span dir=\"auto\" style=\"vertical-align: inherit;\"><span dir=\"auto\" style=\"vertical-align: inherit;\">Oblik<\/span><\/span><\/strong><\/td>\n<td data-start=\"5451\" data-end=\"5478\" data-col-size=\"md\"><span dir=\"auto\" style=\"vertical-align: inherit;\"><span dir=\"auto\" style=\"vertical-align: inherit;\">Fini kristalni prah<\/span><\/span><\/td>\n<\/tr>\n<tr data-start=\"5479\" data-end=\"5522\">\n<td data-start=\"5479\" data-end=\"5497\" data-col-size=\"sm\"><strong data-start=\"5481\" data-end=\"5496\"><span dir=\"auto\" style=\"vertical-align: inherit;\"><span dir=\"auto\" style=\"vertical-align: inherit;\">Koli\u010dina<\/span><\/span><\/strong><\/td>\n<td data-start=\"5497\" data-end=\"5522\" data-col-size=\"md\"><span dir=\"auto\" style=\"vertical-align: inherit;\"><span dir=\"auto\" style=\"vertical-align: inherit;\">1 gram (1 g) po vre\u0107ici<\/span><\/span><\/td>\n<\/tr>\n<tr data-start=\"5523\" data-end=\"5596\">\n<td data-start=\"5523\" data-end=\"5546\" data-col-size=\"sm\"><strong data-start=\"5525\" data-end=\"5545\"><span dir=\"auto\" style=\"vertical-align: inherit;\"><span dir=\"auto\" style=\"vertical-align: inherit;\">Kemijska klasa<\/span><\/span><\/strong><\/td>\n<td data-start=\"5546\" data-end=\"5596\" data-col-size=\"md\"><span dir=\"auto\" style=\"vertical-align: inherit;\"><span dir=\"auto\" style=\"vertical-align: inherit;\">Analozi fluoriranog fenetilamina\/katinona<\/span><\/span><\/td>\n<\/tr>\n<tr data-start=\"5597\" data-end=\"5671\">\n<td data-start=\"5597\" data-end=\"5611\" data-col-size=\"sm\"><strong data-start=\"5599\" data-end=\"5610\"><span dir=\"auto\" style=\"vertical-align: inherit;\"><span dir=\"auto\" style=\"vertical-align: inherit;\">Upotreba<\/span><\/span><\/strong><\/td>\n<td data-start=\"5611\" data-end=\"5671\" data-col-size=\"md\"><span dir=\"auto\" style=\"vertical-align: inherit;\"><span dir=\"auto\" style=\"vertical-align: inherit;\">Samo za analiti\u010dka, forenzi\u010dka i kemijska istra\u017eivanja<\/span><\/span><\/td>\n<\/tr>\n<tr data-start=\"5672\" data-end=\"5743\">\n<td data-start=\"5672\" data-end=\"5689\" data-col-size=\"sm\"><strong data-start=\"5674\" data-end=\"5688\"><span dir=\"auto\" style=\"vertical-align: inherit;\"><span dir=\"auto\" style=\"vertical-align: inherit;\">Pakiranje<\/span><\/span><\/strong><\/td>\n<td data-start=\"5689\" data-end=\"5743\" data-col-size=\"md\"><span dir=\"auto\" style=\"vertical-align: inherit;\"><span dir=\"auto\" style=\"vertical-align: inherit;\">Vre\u0107ica koja se mo\u017ee ponovno zatvoriti, antistati\u010dka je i otporna na vlagu<\/span><\/span><\/td>\n<\/tr>\n<\/tbody>\n<\/table>\n<\/div>\n<\/div>\n<hr data-start=\"5745\" data-end=\"5748\" \/>\n<h3 data-start=\"5750\" data-end=\"5767\"><strong data-start=\"5754\" data-end=\"5767\"><span dir=\"auto\" style=\"vertical-align: inherit;\"><span dir=\"auto\" style=\"vertical-align: inherit;\">Prednosti<\/span><\/span><\/strong><\/h3>\n<ul data-start=\"5769\" data-end=\"6182\">\n<li data-start=\"5769\" data-end=\"5861\">\n<p data-start=\"5771\" data-end=\"5861\"><strong data-start=\"5771\" data-end=\"5790\"><span dir=\"auto\" style=\"vertical-align: inherit;\"><span dir=\"auto\" style=\"vertical-align: inherit;\">Visoka \u010disto\u0107a<\/span><\/span><\/strong><span dir=\"auto\" style=\"vertical-align: inherit;\"><span dir=\"auto\" style=\"vertical-align: inherit;\"> \u2013 \u2265 98% laboratorijska kvaliteta za pouzdane rezultate istra\u017eivanja.<\/span><\/span><\/p>\n<\/li>\n<li data-start=\"5862\" data-end=\"5955\">\n<p data-start=\"5864\" data-end=\"5955\"><strong data-start=\"5864\" data-end=\"5894\"><span dir=\"auto\" style=\"vertical-align: inherit;\"><span dir=\"auto\" style=\"vertical-align: inherit;\">Napredna formula<\/span><\/span><\/strong><span dir=\"auto\" style=\"vertical-align: inherit;\"><span dir=\"auto\" style=\"vertical-align: inherit;\"> \u2013 Sadr\u017ei fluorirane analoge za komparativna istra\u017eivanja.<\/span><\/span><\/p>\n<\/li>\n<li data-start=\"5956\" data-end=\"6039\">\n<p data-start=\"5958\" data-end=\"6039\"><strong data-start=\"5958\" data-end=\"5988\"><span dir=\"auto\" style=\"vertical-align: inherit;\"><span dir=\"auto\" style=\"vertical-align: inherit;\">\u0160iroka primjenjivost istra\u017eivanja<\/span><\/span><\/strong><span dir=\"auto\" style=\"vertical-align: inherit;\"><span dir=\"auto\" style=\"vertical-align: inherit;\"> \u2013 Pogodno za GC\/MS, LC-MS, FTIR, NMR i HPLC.<\/span><\/span><\/p>\n<\/li>\n<li data-start=\"6040\" data-end=\"6097\">\n<p data-start=\"6042\" data-end=\"6097\"><strong data-start=\"6042\" data-end=\"6065\"><span dir=\"auto\" style=\"vertical-align: inherit;\"><span dir=\"auto\" style=\"vertical-align: inherit;\">Stabilno pakiranje<\/span><\/span><\/strong><span dir=\"auto\" style=\"vertical-align: inherit;\"><span dir=\"auto\" style=\"vertical-align: inherit;\"> \u2013 Sprje\u010dava vlagu i oksidaciju.<\/span><\/span><\/p>\n<\/li>\n<li data-start=\"6098\" data-end=\"6182\">\n<p data-start=\"6100\" data-end=\"6182\"><strong data-start=\"6100\" data-end=\"6124\"><span dir=\"auto\" style=\"vertical-align: inherit;\"><span dir=\"auto\" style=\"vertical-align: inherit;\">Potpuno sljedivo<\/span><\/span><\/strong><span dir=\"auto\" style=\"vertical-align: inherit;\"><span dir=\"auto\" style=\"vertical-align: inherit;\"> \u2013 Svaka serija ima certifikate o \u010disto\u0107i i analizi.<\/span><\/span><\/p>\n<\/li>\n<\/ul>\n<hr data-start=\"6184\" data-end=\"6187\" \/>\n<h3 data-start=\"6189\" data-end=\"6241\"><strong data-start=\"6193\" data-end=\"6239\"><span dir=\"auto\" style=\"vertical-align: inherit;\"><span dir=\"auto\" style=\"vertical-align: inherit;\">Upotreba (samo u istra\u017eiva\u010dke svrhe)<\/span><\/span><\/strong><\/h3>\n<ol data-start=\"6243\" data-end=\"6610\">\n<li data-start=\"6243\" data-end=\"6354\">\n<p data-start=\"6246\" data-end=\"6354\"><strong data-start=\"6246\" data-end=\"6261\"><span dir=\"auto\" style=\"vertical-align: inherit;\"><span dir=\"auto\" style=\"vertical-align: inherit;\">Rukovanje:<\/span><\/span><\/strong><span dir=\"auto\" style=\"vertical-align: inherit;\"><span dir=\"auto\" style=\"vertical-align: inherit;\"> Nosite rukavice, za\u0161titne nao\u010dale i laboratorijski ogrta\u010d; radite pod kontroliranim uvjetima.<\/span><\/span><\/p>\n<\/li>\n<li data-start=\"6355\" data-end=\"6416\">\n<p data-start=\"6358\" data-end=\"6416\"><strong data-start=\"6358\" data-end=\"6371\"><span dir=\"auto\" style=\"vertical-align: inherit;\"><span dir=\"auto\" style=\"vertical-align: inherit;\">Mjerenja:<\/span><\/span><\/strong><span dir=\"auto\" style=\"vertical-align: inherit;\"><span dir=\"auto\" style=\"vertical-align: inherit;\"> Koristite kalibrirane vage i opremu.<\/span><\/span><\/p>\n<\/li>\n<li data-start=\"6417\" data-end=\"6471\">\n<p data-start=\"6420\" data-end=\"6471\"><strong data-start=\"6420\" data-end=\"6431\"><span dir=\"auto\" style=\"vertical-align: inherit;\"><span dir=\"auto\" style=\"vertical-align: inherit;\">Pohrana:<\/span><\/span><\/strong><span dir=\"auto\" style=\"vertical-align: inherit;\"><span dir=\"auto\" style=\"vertical-align: inherit;\"> \u010cuvati na hladnom (2\u20138 \u00b0C), suhom i tamnom mjestu.<\/span><\/span><\/p>\n<\/li>\n<li data-start=\"6472\" data-end=\"6549\">\n<p data-start=\"6475\" data-end=\"6549\"><strong data-start=\"6475\" data-end=\"6487\"><span dir=\"auto\" style=\"vertical-align: inherit;\"><span dir=\"auto\" style=\"vertical-align: inherit;\">Analiza:<\/span><\/span><\/strong><span dir=\"auto\" style=\"vertical-align: inherit;\"><span dir=\"auto\" style=\"vertical-align: inherit;\"> Pogodno za kromatografiju, spektroskopiju i SAR studije. GM fluor<\/span><\/span><\/p>\n<\/li>\n<li data-start=\"6550\" data-end=\"6610\">\n<p data-start=\"6553\" data-end=\"6610\"><strong data-start=\"6553\" data-end=\"6570\"><span dir=\"auto\" style=\"vertical-align: inherit;\"><span dir=\"auto\" style=\"vertical-align: inherit;\">Dokumentacija:<\/span><\/span><\/strong><span dir=\"auto\" style=\"vertical-align: inherit;\"><span dir=\"auto\" style=\"vertical-align: inherit;\"> Zabilje\u017eite broj serije i metodu analize.<\/span><\/span><\/p>\n<\/li>\n<\/ol>\n<hr data-start=\"6612\" data-end=\"6615\" \/>\n<h3 data-start=\"6617\" data-end=\"6652\"><strong data-start=\"6621\" data-end=\"6650\"><span dir=\"auto\" style=\"vertical-align: inherit;\"><span dir=\"auto\" style=\"vertical-align: inherit;\">\u010cesto postavljana pitanja (FAQ)<\/span><\/span><\/strong><\/h3>\n<p data-start=\"6654\" data-end=\"6804\"><strong data-start=\"6654\" data-end=\"6677\"><span dir=\"auto\" style=\"vertical-align: inherit;\"><span dir=\"auto\" style=\"vertical-align: inherit;\">1. \u0160to je GM fluor? <\/span><\/span><\/strong><br data-start=\"6677\" data-end=\"6680\" \/><strong data-start=\"6680\" data-end=\"6692\"><span dir=\"auto\" style=\"vertical-align: inherit;\"><span dir=\"auto\" style=\"vertical-align: inherit;\">GM Fluor<\/span><\/span><\/strong><span dir=\"auto\" style=\"vertical-align: inherit;\"><span dir=\"auto\" style=\"vertical-align: inherit;\"> je <\/span><\/span><strong data-start=\"6700\" data-end=\"6742\"><span dir=\"auto\" style=\"vertical-align: inherit;\"><span dir=\"auto\" style=\"vertical-align: inherit;\">mje\u0161avina fluoriranih istra\u017eiva\u010dkih kemikalija<\/span><\/span><\/strong><span dir=\"auto\" style=\"vertical-align: inherit;\"><span dir=\"auto\" style=\"vertical-align: inherit;\"> koristi se u analiti\u010dkim i forenzi\u010dkim istra\u017eivanjima.<\/span><\/span><\/p>\n<p data-start=\"6806\" data-end=\"6939\"><strong data-start=\"6806\" data-end=\"6846\"><span dir=\"auto\" style=\"vertical-align: inherit;\"><span dir=\"auto\" style=\"vertical-align: inherit;\">2. \u0160to se nalazi u vre\u0107ici GM fluora?<\/span><\/span><\/strong><br data-start=\"6846\" data-end=\"6849\" \/><span dir=\"auto\" style=\"vertical-align: inherit;\"><span dir=\"auto\" style=\"vertical-align: inherit;\"> Vre\u0107ica sadr\u017ei <\/span><\/span><strong data-start=\"6865\" data-end=\"6922\"><span dir=\"auto\" style=\"vertical-align: inherit;\"><span dir=\"auto\" style=\"vertical-align: inherit;\">1 gram fluorirane istra\u017eiva\u010dke tvari (\u010disto\u0107a \u2265 98%)<\/span><\/span><\/strong><span dir=\"auto\" style=\"vertical-align: inherit;\"><span dir=\"auto\" style=\"vertical-align: inherit;\"> u obliku praha.<\/span><\/span><\/p>\n<p data-start=\"6941\" data-end=\"7129\"><strong data-start=\"6941\" data-end=\"6983\"><span dir=\"auto\" style=\"vertical-align: inherit;\"><span dir=\"auto\" style=\"vertical-align: inherit;\">3. Je li legalno kupiti GM fluor?<\/span><\/span><\/strong><br data-start=\"6983\" data-end=\"6986\" \/><span dir=\"auto\" style=\"vertical-align: inherit;\"><span dir=\"auto\" style=\"vertical-align: inherit;\"> The <\/span><\/span><strong data-start=\"6989\" data-end=\"7016\"><span dir=\"auto\" style=\"vertical-align: inherit;\"><span dir=\"auto\" style=\"vertical-align: inherit;\">legalnost GM fluora<\/span><\/span><\/strong><span dir=\"auto\" style=\"vertical-align: inherit;\"><span dir=\"auto\" style=\"vertical-align: inherit;\"> ovisi o sastavu i zemlji. Uvijek provjerite lokalne propise prije <\/span><\/span><strong data-start=\"7108\" data-end=\"7126\"><span dir=\"auto\" style=\"vertical-align: inherit;\"><span dir=\"auto\" style=\"vertical-align: inherit;\">Kupnja GM fluora<\/span><\/span><\/strong><span dir=\"auto\" style=\"vertical-align: inherit;\"><span dir=\"auto\" style=\"vertical-align: inherit;\"> .<\/span><\/span><\/p>\n<div class=\"markdown-table-wrapper\"><\/div>","protected":false},"excerpt":{"rendered":"<h2><span dir=\"auto\" style=\"vertical-align: inherit;\"><span dir=\"auto\" style=\"vertical-align: inherit;\"><span dir=\"auto\" style=\"vertical-align: inherit;\"><span dir=\"auto\" style=\"vertical-align: inherit;\">GM Fluor<\/span><\/span><\/span><\/span><\/h2>\n<ul>\n<li><strong><span dir=\"auto\" style=\"vertical-align: inherit;\"><span dir=\"auto\" style=\"vertical-align: inherit;\"><span dir=\"auto\" style=\"vertical-align: inherit;\"><span dir=\"auto\" style=\"vertical-align: inherit;\">Cijene ne uklju\u010duju PDV 21%<\/span><\/span><\/span><\/span><\/strong><\/li>\n<\/ul>","protected":false},"featured_media":28536,"comment_status":"closed","ping_status":"closed","template":"","meta":[],"product_brand":[82],"product_cat":[555],"product_tag":[835,832,831,830,829,834,326,833],"class_list":{"0":"post-24433","1":"product","2":"type-product","3":"status-publish","4":"has-post-thumbnail","6":"product_brand-research-chemical","7":"product_cat-b2b","8":"product_tag-designer-drugs-nederland","9":"product_tag-fluor-amfetaminen","10":"product_tag-fluorinated-cathinones","11":"product_tag-gamma-fluor-drug","12":"product_tag-gm-fluor","13":"product_tag-nieuwe-psychoactieve-stof","14":"product_tag-nl","15":"product_tag-onbekende-research-chemical","17":"first","18":"instock","19":"taxable","20":"shipping-taxable","21":"purchasable","22":"product-type-variable"},"_links":{"self":[{"href":"https:\/\/researchchemicalhub.com\/hr\/wp-json\/wp\/v2\/product\/24433","targetHints":{"allow":["GET"]}}],"collection":[{"href":"https:\/\/researchchemicalhub.com\/hr\/wp-json\/wp\/v2\/product"}],"about":[{"href":"https:\/\/researchchemicalhub.com\/hr\/wp-json\/wp\/v2\/types\/product"}],"replies":[{"embeddable":true,"href":"https:\/\/researchchemicalhub.com\/hr\/wp-json\/wp\/v2\/comments?post=24433"}],"version-history":[{"count":7,"href":"https:\/\/researchchemicalhub.com\/hr\/wp-json\/wp\/v2\/product\/24433\/revisions"}],"predecessor-version":[{"id":28671,"href":"https:\/\/researchchemicalhub.com\/hr\/wp-json\/wp\/v2\/product\/24433\/revisions\/28671"}],"wp:featuredmedia":[{"embeddable":true,"href":"https:\/\/researchchemicalhub.com\/hr\/wp-json\/wp\/v2\/media\/28536"}],"wp:attachment":[{"href":"https:\/\/researchchemicalhub.com\/hr\/wp-json\/wp\/v2\/media?parent=24433"}],"wp:term":[{"taxonomy":"product_brand","embeddable":true,"href":"https:\/\/researchchemicalhub.com\/hr\/wp-json\/wp\/v2\/product_brand?post=24433"},{"taxonomy":"product_cat","embeddable":true,"href":"https:\/\/researchchemicalhub.com\/hr\/wp-json\/wp\/v2\/product_cat?post=24433"},{"taxonomy":"product_tag","embeddable":true,"href":"https:\/\/researchchemicalhub.com\/hr\/wp-json\/wp\/v2\/product_tag?post=24433"}],"curies":[{"name":"radni list","href":"https:\/\/api.w.org\/{rel}","templated":true}]}}