{"id":24365,"date":"2025-04-13T17:41:35","date_gmt":"2025-04-13T17:41:35","guid":{"rendered":"https:\/\/researchchemicalhub.com\/?post_type=product&#038;p=24365"},"modified":"2025-10-12T09:28:04","modified_gmt":"2025-10-12T09:28:04","slug":"2-fea-2","status":"publish","type":"product","link":"https:\/\/researchchemicalhub.com\/hr\/shop\/2-fea\/2-fea-2\/","title":{"rendered":"Newphoria 2\/3-FEA 35 MG\/100MG pelete"},"content":{"rendered":"<h3 data-start=\"4220\" data-end=\"4241\"><strong data-start=\"4224\" data-end=\"4239\">Uvod<\/strong><\/h3>\n<p data-start=\"4242\" data-end=\"4512\"><strong data-start=\"4242\" data-end=\"4284\">Newphoria 2\/3-FEA 35 mg \/ 100 mg pelete<\/strong> sadr\u017ee preciznu kombinaciju <strong data-start=\"4322\" data-end=\"4357\">2-FEA (2-fluoroetilamfetamin)<\/strong> i <strong data-start=\"4361\" data-end=\"4396\">3-FEA (3-fluoroetilamfetamin)<\/strong> - dva <strong data-start=\"4404\" data-end=\"4442\">fluorosupstituirani analozi amfetamina<\/strong> koji se \u0161iroko koriste u <strong data-start=\"4471\" data-end=\"4509\">forenzi\u010dka i analiti\u010dka istra\u017eivanja<\/strong>2 fea<\/p>\n<p data-start=\"4514\" data-end=\"4730\">Zahvaljuju\u0107i <strong data-start=\"4525\" data-end=\"4554\">2- i 3-fluorosupstitucije<\/strong> Zbog strukture fenetilamina, ovi spojevi su idealni za istra\u017eivanje <strong data-start=\"4635\" data-end=\"4677\">odnosi strukture i aktivnosti (SAR)<\/strong> i <strong data-start=\"4681\" data-end=\"4700\">vezanje receptora<\/strong> unutar klase amfetamina.<\/p>\n<p data-start=\"4732\" data-end=\"4950\">Svaka kuglica sadr\u017ei <strong data-start=\"4750\" data-end=\"4767\">35 mg ili 100 mg<\/strong> aktivne istra\u017eiva\u010dke formule s <strong data-start=\"4809\" data-end=\"4833\">\u010disto\u0107a \u2265 98%<\/strong>, testirano putem <strong data-start=\"4846\" data-end=\"4861\">HPLC i NMR<\/strong>Peleti su <strong data-start=\"4879\" data-end=\"4897\">pakirano u blisteru<\/strong> za optimalnu za\u0161titu i precizno doziranje.<\/p>\n<blockquote data-start=\"4952\" data-end=\"5098\">\n<p data-start=\"4954\" data-end=\"5098\">\u26a0\ufe0f <strong data-start=\"4957\" data-end=\"4968\">Napomena:<\/strong> Ovaj proizvod je namijenjen isklju\u010divo za <strong data-start=\"5009\" data-end=\"5044\">istra\u017eiva\u010dka i analiti\u010dka upotreba<\/strong> \u2014 <strong data-start=\"5047\" data-end=\"5095\">nije za ljudsku ili \u017eivotinjsku konzumaciju<\/strong>.<\/p>\n<\/blockquote>\n<hr data-start=\"5100\" data-end=\"5103\" \/>\n<h3 data-start=\"5105\" data-end=\"5136\"><strong data-start=\"5109\" data-end=\"5136\">Klju\u010dne zna\u010dajke<\/strong><\/h3>\n<div class=\"_tableContainer_1rjym_1\">\n<div class=\"group _tableWrapper_1rjym_13 flex w-fit flex-col-reverse\" tabindex=\"-1\">\n<table class=\"w-fit min-w-(--thread-content-width)\" data-start=\"5138\" data-end=\"5755\">\n<thead data-start=\"5138\" data-end=\"5164\">\n<tr data-start=\"5138\" data-end=\"5164\">\n<th data-start=\"5138\" data-end=\"5148\" data-col-size=\"sm\">Zna\u010dajka<\/th>\n<th data-start=\"5148\" data-end=\"5164\" data-col-size=\"md\">Opis<\/th>\n<\/tr>\n<\/thead>\n<tbody data-start=\"5193\" data-end=\"5755\">\n<tr data-start=\"5193\" data-end=\"5240\">\n<td data-start=\"5193\" data-end=\"5211\" data-col-size=\"sm\"><strong data-start=\"5195\" data-end=\"5210\">Naziv proizvoda<\/strong><\/td>\n<td data-start=\"5211\" data-end=\"5240\" data-col-size=\"md\">Newphoria 2\/3-FEA pelete<\/td>\n<\/tr>\n<tr data-start=\"5241\" data-end=\"5324\">\n<td data-start=\"5241\" data-end=\"5271\" data-col-size=\"sm\"><strong data-start=\"5243\" data-end=\"5270\">Kemijski sastav<\/strong><\/td>\n<td data-start=\"5271\" data-end=\"5324\" data-col-size=\"md\">2-fluoroetilamfetamin i 3-fluoroetilamfetamin<\/td>\n<\/tr>\n<tr data-start=\"5325\" data-end=\"5370\">\n<td data-start=\"5325\" data-end=\"5342\" data-col-size=\"sm\"><strong data-start=\"5327\" data-end=\"5341\">Doziranje<\/strong><\/td>\n<td data-start=\"5342\" data-end=\"5370\" data-col-size=\"md\">35 mg ili 100 mg po peleti<\/td>\n<\/tr>\n<tr data-start=\"5371\" data-end=\"5407\">\n<td data-start=\"5371\" data-end=\"5395\" data-col-size=\"sm\"><strong data-start=\"5373\" data-end=\"5394\">Kemijska formula<\/strong><\/td>\n<td data-start=\"5395\" data-end=\"5407\" data-col-size=\"md\">C\u2081\u2081H\u2081\u2086FN<\/td>\n<\/tr>\n<tr data-start=\"5408\" data-end=\"5446\">\n<td data-start=\"5408\" data-end=\"5430\" data-col-size=\"sm\"><strong data-start=\"5410\" data-end=\"5429\">Molekularna te\u017eina<\/strong><\/td>\n<td data-start=\"5430\" data-end=\"5446\" data-col-size=\"md\">181,25 g\/mol<\/td>\n<\/tr>\n<tr data-start=\"5447\" data-end=\"5494\">\n<td data-start=\"5447\" data-end=\"5458\" data-col-size=\"sm\"><strong data-start=\"5449\" data-end=\"5457\">Oblik<\/strong><\/td>\n<td data-start=\"5458\" data-end=\"5494\" data-col-size=\"md\">\u010cvrsta peleta (blister pakiranje)<\/td>\n<\/tr>\n<tr data-start=\"5495\" data-end=\"5546\">\n<td data-start=\"5495\" data-end=\"5512\" data-col-size=\"sm\"><strong data-start=\"5497\" data-end=\"5511\">\u010cisto\u0107a<\/strong><\/td>\n<td data-start=\"5512\" data-end=\"5546\" data-col-size=\"md\">\u2265 98% (testirano HPLC-om i NMR-om)<\/td>\n<\/tr>\n<tr data-start=\"5547\" data-end=\"5613\">\n<td data-start=\"5547\" data-end=\"5570\" data-col-size=\"sm\"><strong data-start=\"5549\" data-end=\"5569\">Kemijska klasa<\/strong><\/td>\n<td data-start=\"5570\" data-end=\"5613\" data-col-size=\"md\">Analog fluoramfetamina \/ fenetilamina<\/td>\n<\/tr>\n<tr data-start=\"5614\" data-end=\"5693\">\n<td data-start=\"5614\" data-end=\"5628\" data-col-size=\"sm\"><strong data-start=\"5616\" data-end=\"5627\">Upotreba<\/strong><\/td>\n<td data-start=\"5628\" data-end=\"5693\" data-col-size=\"md\">Samo za analiti\u010dka, forenzi\u010dka i neurokemijska istra\u017eivanja<\/td>\n<\/tr>\n<tr data-start=\"5694\" data-end=\"5755\">\n<td data-start=\"5694\" data-end=\"5711\" data-col-size=\"sm\"><strong data-start=\"5696\" data-end=\"5710\">Pakiranje<\/strong><\/td>\n<td data-start=\"5711\" data-end=\"5755\" data-col-size=\"md\">Blister traka s vla\u017enim zatvara\u010dem<\/td>\n<\/tr>\n<\/tbody>\n<\/table>\n<\/div>\n<\/div>\n<hr data-start=\"5757\" data-end=\"5760\" \/>\n<h3 data-start=\"5762\" data-end=\"5779\"><strong data-start=\"5766\" data-end=\"5779\">Prednosti<\/strong><\/h3>\n<ul data-start=\"5781\" data-end=\"6184\">\n<li data-start=\"5781\" data-end=\"5866\">\n<p data-start=\"5783\" data-end=\"5866\"><strong data-start=\"5783\" data-end=\"5812\">Formula dvostrukog istra\u017eivanja<\/strong> \u2013 Uklju\u010duje 2-FEA i 3-FEA za komparativna istra\u017eivanja.<\/p>\n<\/li>\n<li data-start=\"5867\" data-end=\"5949\">\n<p data-start=\"5869\" data-end=\"5949\"><strong data-start=\"5869\" data-end=\"5888\">Visoka \u010disto\u0107a<\/strong> \u2013 \u2265 98% laboratorijska kvaliteta za pouzdane rezultate.<\/p>\n<\/li>\n<li data-start=\"5950\" data-end=\"6028\">\n<p data-start=\"5952\" data-end=\"6028\"><strong data-start=\"5952\" data-end=\"5971\">Dvije doze<\/strong> \u2013 Dostupno u dozama od 35 mg i 100 mg za fleksibilnu upotrebu.<\/p>\n<\/li>\n<li data-start=\"6029\" data-end=\"6115\">\n<p data-start=\"6031\" data-end=\"6115\"><strong data-start=\"6031\" data-end=\"6056\">Za\u0161titno pakiranje<\/strong> \u2013 Blister pakiranje sprje\u010dava degradaciju i kontaminaciju.<\/p>\n<\/li>\n<li data-start=\"6116\" data-end=\"6184\">\n<p data-start=\"6118\" data-end=\"6184\"><strong data-start=\"6118\" data-end=\"6146\">Kontrolirana proizvodnja<\/strong> \u2013 Svaka serija je testirana i ima mogu\u0107nost pra\u0107enja.<\/p>\n<\/li>\n<\/ul>\n<hr data-start=\"6186\" data-end=\"6189\" \/>\n<h3 data-start=\"6191\" data-end=\"6243\"><strong data-start=\"6195\" data-end=\"6241\">Upotreba (samo u istra\u017eiva\u010dke svrhe)<\/strong><\/h3>\n<ol data-start=\"6245\" data-end=\"6588\">\n<li data-start=\"6245\" data-end=\"6314\">\n<p data-start=\"6248\" data-end=\"6314\"><strong data-start=\"6248\" data-end=\"6263\">Rukovanje:<\/strong> Nosite rukavice, za\u0161titne nao\u010dale i laboratorijski ogrta\u010d.<\/p>\n<\/li>\n<li data-start=\"6315\" data-end=\"6386\">\n<p data-start=\"6318\" data-end=\"6386\"><strong data-start=\"6318\" data-end=\"6331\">Mjerenja:<\/strong> Svaka peleta je precizno izvagana (35 mg ili 100 mg). 2 fea\u200b<\/p>\n<\/li>\n<li data-start=\"6387\" data-end=\"6465\">\n<p data-start=\"6390\" data-end=\"6465\"><strong data-start=\"6390\" data-end=\"6401\">Pohrana:<\/strong> \u010cuvati na hladnom (2\u20138 \u00b0C), suhom i tamnom mjestu u originalnom pakiranju.<\/p>\n<\/li>\n<li data-start=\"6466\" data-end=\"6525\">\n<p data-start=\"6469\" data-end=\"6525\"><strong data-start=\"6469\" data-end=\"6481\">Analiza:<\/strong> Pogodno za GC\/MS, LC-MS, FTIR i HPLC.<\/p>\n<\/li>\n<li data-start=\"6526\" data-end=\"6588\">\n<p data-start=\"6529\" data-end=\"6588\"><strong data-start=\"6529\" data-end=\"6546\">Dokumentacija:<\/strong> Zabilje\u017eite brojeve serija i analiti\u010dke metode.<\/p>\n<\/li>\n<\/ol>\n<hr data-start=\"6590\" data-end=\"6593\" \/>\n<h3 data-start=\"6595\" data-end=\"6630\"><strong data-start=\"6599\" data-end=\"6628\">\u010cesto postavljana pitanja (FAQ)<\/strong><\/h3>\n<p data-start=\"6632\" data-end=\"6773\"><strong data-start=\"6632\" data-end=\"6664\">1. \u0160to je Newphoria 2\/3-FEA?<\/strong><br data-start=\"6664\" data-end=\"6667\" \/>A <strong data-start=\"6671\" data-end=\"6690\">mje\u0161avina istra\u017eivanja<\/strong> po <strong data-start=\"6695\" data-end=\"6713\">2-FEA i 3-FEA<\/strong>, razvijen za analiti\u010dke i forenzi\u010dke primjene.<\/p>\n<p data-start=\"6775\" data-end=\"6890\"><strong data-start=\"6775\" data-end=\"6807\">2. Koje su doze dostupne?<\/strong><br data-start=\"6807\" data-end=\"6810\" \/>Dostupno u <strong data-start=\"6826\" data-end=\"6843\">35 mg ili 100 mg<\/strong> po peleti \u010disto\u0107e <strong data-start=\"6878\" data-end=\"6887\">\u2265 98%<\/strong>.<\/p>\n<p data-start=\"6892\" data-end=\"7092\"><strong data-start=\"6892\" data-end=\"6943\">3. Je li legalno kupiti Newphoriu 2\/3-FEA?<\/strong><br data-start=\"6943\" data-end=\"6946\" \/>The <strong data-start=\"6949\" data-end=\"6993\">legalnost analoga fluoromfetamina<\/strong> varira ovisno o zemlji. Uvijek provjerite lokalne propise prije upotrebe <strong data-start=\"7062\" data-end=\"7089\">Newphoria 2\/3-FEA kupuje<\/strong>.<\/p>","protected":false},"excerpt":{"rendered":"<p>Predstavljamo Newphoria 2\/3-FEA 35mg \/ 100mg pelete koje sadr\u017ee preciznu kombinaciju 2-FEA (2-fluoroetilamfetamina) i 3-FEA (3-fluoroetilamfetamina) - dva fluorom supstituirana<\/p>","protected":false},"featured_media":21479,"comment_status":"closed","ping_status":"closed","template":"","meta":[],"product_brand":[82],"product_cat":[437,439,438,440,322,333,324],"product_tag":[655,840,842,839,326],"class_list":{"0":"post-24365","1":"product","2":"type-product","3":"status-publish","4":"has-post-thumbnail","6":"product_brand-research-chemical","7":"product_cat-2-fea","8":"product_cat-2-fea-pellets","9":"product_cat-3-fea","10":"product_cat-3-fea-pellets","11":"product_cat-bijna-verboden","12":"product_cat-gefluoreerden","13":"product_cat-pellets-for-pellet","14":"product_tag-2-fea","15":"product_tag-2-fea-3-fea-research-chemical","16":"product_tag-newphoria-35mg-pellets","17":"product_tag-newphoria-pellets","18":"product_tag-nl","20":"first","21":"instock","22":"taxable","23":"shipping-taxable","24":"purchasable","25":"product-type-variable"},"_links":{"self":[{"href":"https:\/\/researchchemicalhub.com\/hr\/wp-json\/wp\/v2\/product\/24365","targetHints":{"allow":["GET"]}}],"collection":[{"href":"https:\/\/researchchemicalhub.com\/hr\/wp-json\/wp\/v2\/product"}],"about":[{"href":"https:\/\/researchchemicalhub.com\/hr\/wp-json\/wp\/v2\/types\/product"}],"replies":[{"embeddable":true,"href":"https:\/\/researchchemicalhub.com\/hr\/wp-json\/wp\/v2\/comments?post=24365"}],"version-history":[{"count":6,"href":"https:\/\/researchchemicalhub.com\/hr\/wp-json\/wp\/v2\/product\/24365\/revisions"}],"predecessor-version":[{"id":27799,"href":"https:\/\/researchchemicalhub.com\/hr\/wp-json\/wp\/v2\/product\/24365\/revisions\/27799"}],"wp:featuredmedia":[{"embeddable":true,"href":"https:\/\/researchchemicalhub.com\/hr\/wp-json\/wp\/v2\/media\/21479"}],"wp:attachment":[{"href":"https:\/\/researchchemicalhub.com\/hr\/wp-json\/wp\/v2\/media?parent=24365"}],"wp:term":[{"taxonomy":"product_brand","embeddable":true,"href":"https:\/\/researchchemicalhub.com\/hr\/wp-json\/wp\/v2\/product_brand?post=24365"},{"taxonomy":"product_cat","embeddable":true,"href":"https:\/\/researchchemicalhub.com\/hr\/wp-json\/wp\/v2\/product_cat?post=24365"},{"taxonomy":"product_tag","embeddable":true,"href":"https:\/\/researchchemicalhub.com\/hr\/wp-json\/wp\/v2\/product_tag?post=24365"}],"curies":[{"name":"radni list","href":"https:\/\/api.w.org\/{rel}","templated":true}]}}