{"id":24297,"date":"2025-04-13T17:41:26","date_gmt":"2025-04-13T17:41:26","guid":{"rendered":"https:\/\/researchchemicalhub.com\/?post_type=product&#038;p=24297"},"modified":"2025-10-29T08:47:54","modified_gmt":"2025-10-29T08:47:54","slug":"2f-dck-kupi-2","status":"publish","type":"product","link":"https:\/\/researchchemicalhub.com\/hr\/ducan\/kupiti-2f-dck\/2f-dck-kupi-2\/","title":{"rendered":"2F-DCK 50 mg peleta"},"content":{"rendered":"<h3 data-start=\"4272\" data-end=\"4293\"><strong data-start=\"4276\" data-end=\"4291\">Uvod<\/strong><\/h3>\n<p data-start=\"4294\" data-end=\"4732\"><strong data-start=\"4294\" data-end=\"4317\">2F-DCK 50 mg pelete<\/strong> sadr\u017eavati <strong data-start=\"4327\" data-end=\"4383\">50 miligrama 2-fluorodeskloroketamin hidroklorida<\/strong>, Jedan <strong data-start=\"4389\" data-end=\"4426\">disocijativni arilcikloheksilamin<\/strong> i <strong data-start=\"4430\" data-end=\"4475\">fluorni analog deskloroketamina (DCK)<\/strong>. 2f dck kupnja<br data-start=\"4476\" data-end=\"4479\" \/>Pripada <strong data-start=\"4498\" data-end=\"4525\">obitelj analoga ketamina<\/strong> i koristi se u <strong data-start=\"4547\" data-end=\"4585\">forenzi\u010dka i analiti\u010dka istra\u017eivanja<\/strong> Neugodan <strong data-start=\"4591\" data-end=\"4615\">vezanje NMDA receptora<\/strong>, <strong data-start=\"4617\" data-end=\"4659\">odnosi strukture i aktivnosti (SAR)<\/strong> i <strong data-start=\"4663\" data-end=\"4698\">kromatografska svojstva<\/strong> disocijativnih spojeva.<\/p>\n<p data-start=\"4734\" data-end=\"4991\">Svaka kuglica je <strong data-start=\"4752\" data-end=\"4803\">pod kontroliranim laboratorijskim uvjetima<\/strong> proizvedeno i testirano na <strong data-start=\"4834\" data-end=\"4858\">\u010disto\u0107a \u2265 98%<\/strong> preko <strong data-start=\"4863\" data-end=\"4878\">HPLC i NMR<\/strong>.<br data-start=\"4879\" data-end=\"4882\" \/>The <strong data-start=\"4885\" data-end=\"4925\">standardizirana doza od 50 mg<\/strong> osigurava pouzdane i ponovljive rezultate istra\u017eivanja.<\/p>\n<blockquote data-start=\"4993\" data-end=\"5134\">\n<p data-start=\"4995\" data-end=\"5134\">\u26a0\ufe0f <strong data-start=\"4998\" data-end=\"5009\">Napomena:<\/strong> 2F-DCK je isklju\u010divo namijenjen za <strong data-start=\"5045\" data-end=\"5080\">istra\u017eiva\u010dka i analiti\u010dka upotreba<\/strong> \u2014 <strong data-start=\"5083\" data-end=\"5132\">nije za ljudsku ili \u017eivotinjsku konzumaciju.<\/strong><\/p>\n<\/blockquote>\n<hr data-start=\"5136\" data-end=\"5139\" \/>\n<h3 data-start=\"5141\" data-end=\"5172\"><strong data-start=\"5145\" data-end=\"5172\">Klju\u010dne zna\u010dajke<\/strong><\/h3>\n<div class=\"_tableContainer_1rjym_1\">\n<div class=\"group _tableWrapper_1rjym_13 flex w-fit flex-col-reverse\" tabindex=\"-1\">\n<table class=\"w-fit min-w-(--thread-content-width)\" data-start=\"5174\" data-end=\"5798\">\n<thead data-start=\"5174\" data-end=\"5200\">\n<tr data-start=\"5174\" data-end=\"5200\">\n<th data-start=\"5174\" data-end=\"5184\" data-col-size=\"sm\">Zna\u010dajka<\/th>\n<th data-start=\"5184\" data-end=\"5200\" data-col-size=\"md\">Opis<\/th>\n<\/tr>\n<\/thead>\n<tbody data-start=\"5229\" data-end=\"5798\">\n<tr data-start=\"5229\" data-end=\"5293\">\n<td data-start=\"5229\" data-end=\"5250\" data-col-size=\"sm\"><strong data-start=\"5231\" data-end=\"5249\">Kemijski naziv<\/strong><\/td>\n<td data-start=\"5250\" data-end=\"5293\" data-col-size=\"md\">2-fluorodeskloroketamin hidroklorid<\/td>\n<\/tr>\n<tr data-start=\"5294\" data-end=\"5329\">\n<td data-start=\"5294\" data-end=\"5319\" data-col-size=\"sm\"><strong data-start=\"5296\" data-end=\"5318\">Uobi\u010dajeni naziv<\/strong><\/td>\n<td data-start=\"5319\" data-end=\"5329\" data-col-size=\"md\">2F-DCK<\/td>\n<\/tr>\n<tr data-start=\"5330\" data-end=\"5371\">\n<td data-start=\"5330\" data-end=\"5354\" data-col-size=\"sm\"><strong data-start=\"5332\" data-end=\"5353\">Kemijska formula<\/strong><\/td>\n<td data-start=\"5354\" data-end=\"5371\" data-col-size=\"md\">C\u2081\u2083H\u2081\u2086FNO\u00b7HCl<\/td>\n<\/tr>\n<tr data-start=\"5372\" data-end=\"5410\">\n<td data-start=\"5372\" data-end=\"5394\" data-col-size=\"sm\"><strong data-start=\"5374\" data-end=\"5393\">Molekularna te\u017eina<\/strong><\/td>\n<td data-start=\"5394\" data-end=\"5410\" data-col-size=\"md\">257,73 g\/mol<\/td>\n<\/tr>\n<tr data-start=\"5411\" data-end=\"5445\">\n<td data-start=\"5411\" data-end=\"5426\" data-col-size=\"sm\"><strong data-start=\"5413\" data-end=\"5425\">Doziranje<\/strong><\/td>\n<td data-start=\"5426\" data-end=\"5445\" data-col-size=\"md\">50 mg po peleti<\/td>\n<\/tr>\n<tr data-start=\"5446\" data-end=\"5493\">\n<td data-start=\"5446\" data-end=\"5457\" data-col-size=\"sm\"><strong data-start=\"5448\" data-end=\"5456\">Oblik<\/strong><\/td>\n<td data-start=\"5457\" data-end=\"5493\" data-col-size=\"md\">\u010cvrsta peleta (blister pakiranje)<\/td>\n<\/tr>\n<tr data-start=\"5494\" data-end=\"5545\">\n<td data-start=\"5494\" data-end=\"5511\" data-col-size=\"sm\"><strong data-start=\"5496\" data-end=\"5510\">\u010cisto\u0107a<\/strong><\/td>\n<td data-start=\"5511\" data-end=\"5545\" data-col-size=\"md\">\u2265 98% (testirano HPLC-om i NMR-om)<\/td>\n<\/tr>\n<tr data-start=\"5546\" data-end=\"5619\">\n<td data-start=\"5546\" data-end=\"5569\" data-col-size=\"sm\"><strong data-start=\"5548\" data-end=\"5568\">Kemijska klasa<\/strong><\/td>\n<td data-start=\"5569\" data-end=\"5619\" data-col-size=\"md\">Arilcikloheksilamin \/ Disocijativni spoj<\/td>\n<\/tr>\n<tr data-start=\"5620\" data-end=\"5699\">\n<td data-start=\"5620\" data-end=\"5634\" data-col-size=\"sm\"><strong data-start=\"5622\" data-end=\"5633\">Upotreba<\/strong><\/td>\n<td data-start=\"5634\" data-end=\"5699\" data-col-size=\"md\">Samo za analiti\u010dka, forenzi\u010dka i neurokemijska istra\u017eivanja<\/td>\n<\/tr>\n<tr data-start=\"5700\" data-end=\"5749\">\n<td data-start=\"5700\" data-end=\"5717\" data-col-size=\"sm\"><strong data-start=\"5702\" data-end=\"5716\">Pakiranje<\/strong><\/td>\n<td data-start=\"5717\" data-end=\"5749\" data-col-size=\"md\">Blister traka s pe\u010datom<\/td>\n<\/tr>\n<tr data-start=\"5750\" data-end=\"5798\">\n<td data-start=\"5750\" data-end=\"5768\" data-col-size=\"sm\"><strong data-start=\"5752\" data-end=\"5767\">Koli\u010dina<\/strong><\/td>\n<td data-start=\"5768\" data-end=\"5798\" data-col-size=\"md\">1 blister s peletama od 50 mg<\/td>\n<\/tr>\n<\/tbody>\n<\/table>\n<\/div>\n<\/div>\n<hr data-start=\"5800\" data-end=\"5803\" \/>\n<h3 data-start=\"5805\" data-end=\"5822\"><strong data-start=\"5809\" data-end=\"5822\">Prednosti<\/strong><\/h3>\n<ul data-start=\"5824\" data-end=\"6223\">\n<li data-start=\"5824\" data-end=\"5917\">\n<p data-start=\"5826\" data-end=\"5917\"><strong data-start=\"5826\" data-end=\"5853\">Visoka \u010disto\u0107a (\u2265 98%)<\/strong> \u2013 Dosljedni rezultati istra\u017eivanja laboratorijske kvalitete.<\/p>\n<\/li>\n<li data-start=\"5918\" data-end=\"5997\">\n<p data-start=\"5920\" data-end=\"5997\"><strong data-start=\"5920\" data-end=\"5951\">Standardizirana doza<\/strong> \u2013 50 mg po peleti za to\u010dnu analizu.<\/p>\n<\/li>\n<li data-start=\"5998\" data-end=\"6067\">\n<p data-start=\"6000\" data-end=\"6067\"><strong data-start=\"6000\" data-end=\"6021\">Stabilni oblik HCl-a<\/strong> \u2013 Pobolj\u0161ana topljivost i rok trajanja.<\/p>\n<\/li>\n<li data-start=\"6068\" data-end=\"6146\">\n<p data-start=\"6070\" data-end=\"6146\"><strong data-start=\"6070\" data-end=\"6100\">\u0160iroko primjenjivo u istra\u017eivanjima<\/strong> Pogodno za GC\/MS, LC-MS, FTIR i HPLC. Kupite 2f dck<\/p>\n<\/li>\n<li data-start=\"6147\" data-end=\"6223\">\n<p data-start=\"6149\" data-end=\"6223\"><strong data-start=\"6149\" data-end=\"6174\">Sljediva proizvodnja<\/strong> \u2013 Svaka serija je testirana i u potpunosti registrirana.<\/p>\n<\/li>\n<\/ul>\n<hr data-start=\"6225\" data-end=\"6228\" \/>\n<h3 data-start=\"6230\" data-end=\"6282\"><strong data-start=\"6234\" data-end=\"6280\">Upotreba (samo u istra\u017eiva\u010dke svrhe)<\/strong><\/h3>\n<ol data-start=\"6284\" data-end=\"6629\">\n<li data-start=\"6284\" data-end=\"6353\">\n<p data-start=\"6287\" data-end=\"6353\"><strong data-start=\"6287\" data-end=\"6302\">Rukovanje:<\/strong> Nosite rukavice, za\u0161titne nao\u010dale i laboratorijski ogrta\u010d.<\/p>\n<\/li>\n<li data-start=\"6354\" data-end=\"6425\">\n<p data-start=\"6357\" data-end=\"6425\"><strong data-start=\"6357\" data-end=\"6370\">Mjerenja:<\/strong> Svaka peleta sadr\u017ei 50 mg \u00b1 2 mg; obratite pozornost na podatke o seriji.<\/p>\n<\/li>\n<li data-start=\"6426\" data-end=\"6480\">\n<p data-start=\"6429\" data-end=\"6480\"><strong data-start=\"6429\" data-end=\"6440\">Pohrana:<\/strong> \u010cuvati na hladnom (2\u20138 \u00b0C), suhom i tamnom mjestu.<\/p>\n<\/li>\n<li data-start=\"6481\" data-end=\"6564\">\n<p data-start=\"6484\" data-end=\"6564\"><strong data-start=\"6484\" data-end=\"6496\">Analiza:<\/strong> Pogodno za kromatografske i spektroskopske primjene.<\/p>\n<\/li>\n<li data-start=\"6565\" data-end=\"6629\">\n<p data-start=\"6568\" data-end=\"6629\"><strong data-start=\"6568\" data-end=\"6585\">Dokumentacija:<\/strong> Zabilje\u017eite rezultate i metode analize.<\/p>\n<\/li>\n<\/ol>\n<hr data-start=\"6631\" data-end=\"6634\" \/>\n<h3 data-start=\"6636\" data-end=\"6671\"><strong data-start=\"6640\" data-end=\"6669\">\u010cesto postavljana pitanja (FAQ)<\/strong><\/h3>\n<p data-start=\"6673\" data-end=\"6824\"><strong data-start=\"6673\" data-end=\"6722\">1. \u0160to je 2F-DCK (2-fluorodeskloroketamin)?<\/strong><br data-start=\"6722\" data-end=\"6725\" \/>A <strong data-start=\"6729\" data-end=\"6768\">fluorni analog deskloroketamina<\/strong>, koristi se za analiti\u010dka i neurokemijska istra\u017eivanja.<\/p>\n<p data-start=\"6826\" data-end=\"6951\"><strong data-start=\"6826\" data-end=\"6866\">2. Kolika je \u010disto\u0107a i doziranje?<\/strong><br data-start=\"6866\" data-end=\"6869\" \/>Svaka kuglica sadr\u017ei <strong data-start=\"6887\" data-end=\"6921\">50 mg 2F-DCK (\u010disto\u0107a \u2265 98%)<\/strong>, potvr\u0111eno HPLC-om i NMR-om.<\/p>\n<p data-start=\"6953\" data-end=\"7112\"><strong data-start=\"6953\" data-end=\"6993\">3. Je li legalno kupiti 2F-DCK?<\/strong><br data-start=\"6993\" data-end=\"6996\" \/>The <strong data-start=\"6999\" data-end=\"7024\">zakonitost 2F-DCK-a<\/strong> varira ovisno o zemlji. Uvijek provjerite lokalne propise prije upotrebe <strong data-start=\"7093\" data-end=\"7109\">2F-DCK kupnje<\/strong>.<\/p>\n<p class=\"ds-markdown-paragraph\">","protected":false},"excerpt":{"rendered":"<p>Uvod 2F-DCK 50mg pelete sadr\u017ee 50 miligrama 2-fluorodeskloroketamin hidroklorida, disocijativnog arilcikloheksilamina i fluornog analoga deskloroketamina (DCK). Kupite 2F DCK.<\/p>","protected":false},"featured_media":28381,"comment_status":"closed","ping_status":"closed","template":"","meta":[],"product_brand":[82],"product_cat":[474,475,71,324],"product_tag":[271,272,863,273,862,326],"class_list":{"0":"post-24297","1":"product","2":"type-product","3":"status-publish","4":"has-post-thumbnail","6":"product_brand-research-chemical","7":"product_cat-2f-dck-kopen","8":"product_cat-2f-dck-pellets","9":"product_cat-arylcyclohexylamine","10":"product_cat-pellets-for-pellet","11":"product_tag-2f-dck","12":"product_tag-2f-dck-kopen","13":"product_tag-2f-ketamine","14":"product_tag-2f-dck-hcl","15":"product_tag-ketamine-kopen","16":"product_tag-nl","18":"first","19":"instock","20":"taxable","21":"shipping-taxable","22":"purchasable","23":"product-type-variable"},"_links":{"self":[{"href":"https:\/\/researchchemicalhub.com\/hr\/wp-json\/wp\/v2\/product\/24297","targetHints":{"allow":["GET"]}}],"collection":[{"href":"https:\/\/researchchemicalhub.com\/hr\/wp-json\/wp\/v2\/product"}],"about":[{"href":"https:\/\/researchchemicalhub.com\/hr\/wp-json\/wp\/v2\/types\/product"}],"replies":[{"embeddable":true,"href":"https:\/\/researchchemicalhub.com\/hr\/wp-json\/wp\/v2\/comments?post=24297"}],"version-history":[{"count":6,"href":"https:\/\/researchchemicalhub.com\/hr\/wp-json\/wp\/v2\/product\/24297\/revisions"}],"predecessor-version":[{"id":27813,"href":"https:\/\/researchchemicalhub.com\/hr\/wp-json\/wp\/v2\/product\/24297\/revisions\/27813"}],"wp:featuredmedia":[{"embeddable":true,"href":"https:\/\/researchchemicalhub.com\/hr\/wp-json\/wp\/v2\/media\/28381"}],"wp:attachment":[{"href":"https:\/\/researchchemicalhub.com\/hr\/wp-json\/wp\/v2\/media?parent=24297"}],"wp:term":[{"taxonomy":"product_brand","embeddable":true,"href":"https:\/\/researchchemicalhub.com\/hr\/wp-json\/wp\/v2\/product_brand?post=24297"},{"taxonomy":"product_cat","embeddable":true,"href":"https:\/\/researchchemicalhub.com\/hr\/wp-json\/wp\/v2\/product_cat?post=24297"},{"taxonomy":"product_tag","embeddable":true,"href":"https:\/\/researchchemicalhub.com\/hr\/wp-json\/wp\/v2\/product_tag?post=24297"}],"curies":[{"name":"radni list","href":"https:\/\/api.w.org\/{rel}","templated":true}]}}