{"id":24277,"date":"2025-04-13T17:41:22","date_gmt":"2025-04-13T17:41:22","guid":{"rendered":"https:\/\/researchchemicalhub.com\/?post_type=product&#038;p=24277"},"modified":"2025-10-29T08:52:48","modified_gmt":"2025-10-29T08:52:48","slug":"flubrotizolam-05-mg","status":"publish","type":"product","link":"https:\/\/researchchemicalhub.com\/hr\/ducan\/benzodiazepini\/flubrotizolam-05-mg\/","title":{"rendered":"Flubrotizolam 0,5 mg pelete"},"content":{"rendered":"<p data-start=\"5386\" data-end=\"5642\"><strong data-start=\"5386\" data-end=\"5418\">Flubrotizolam 0,5 mg pelete<\/strong> su <strong data-start=\"5424\" data-end=\"5469\">istra\u017eiva\u010dke kemikalije visoke \u010disto\u0107e<\/strong>, namijenjeno za toksikolo\u0161ka i farmakolo\u0161ka istra\u017eivanja. Svaka kuglica sadr\u017ei <strong data-start=\"5545\" data-end=\"5576\">0,5 miligrama flubrotizolama<\/strong> i pa\u017eljivo se vaga radi pouzdanih rezultata istra\u017eivanja. flubrotizolam<\/p>\n<p data-start=\"5644\" data-end=\"5761\">\u26a0\ufe0f <strong data-start=\"5647\" data-end=\"5658\">Napomena:<\/strong> Ovaj proizvod je namijenjen isklju\u010divo za <em data-start=\"5699\" data-end=\"5721\">istra\u017eiva\u010dke svrhe<\/em> i <strong data-start=\"5725\" data-end=\"5760\">nije za ljudsku konzumaciju<\/strong>.<\/p>\n<hr data-start=\"5763\" data-end=\"5766\" \/>\n<h2 data-start=\"5768\" data-end=\"5798\"><strong data-start=\"5771\" data-end=\"5798\">Klju\u010dne zna\u010dajke<\/strong><\/h2>\n<ul data-start=\"5800\" data-end=\"6145\">\n<li data-start=\"5800\" data-end=\"5864\">\n<p data-start=\"5802\" data-end=\"5864\"><strong data-start=\"5802\" data-end=\"5821\">Visoka \u010disto\u0107a<\/strong> za dosljedne laboratorijske performanse.<\/p>\n<\/li>\n<li data-start=\"5865\" data-end=\"5946\">\n<p data-start=\"5867\" data-end=\"5946\"><strong data-start=\"5867\" data-end=\"5891\">To\u010dno doziranje<\/strong>0,5 mg po peleti za kontrolirane pokuse.<\/p>\n<\/li>\n<li data-start=\"5947\" data-end=\"6015\">\n<p data-start=\"5949\" data-end=\"6015\"><strong data-start=\"5949\" data-end=\"5974\">Analiti\u010dka kvaliteta<\/strong>, pogodno za LC-MS i GC-MS studije.<\/p>\n<\/li>\n<li data-start=\"6016\" data-end=\"6086\">\n<p data-start=\"6018\" data-end=\"6086\"><strong data-start=\"6018\" data-end=\"6040\">Sigurno pakiranje<\/strong>: zatvoreno i za\u0161ti\u0107eno od kontaminacije.<\/p>\n<\/li>\n<li data-start=\"6087\" data-end=\"6145\">\n<p data-start=\"6089\" data-end=\"6145\"><strong data-start=\"6089\" data-end=\"6115\">U skladu s propisima EU<\/strong> za istra\u017eiva\u010dke kemikalije.<\/p>\n<\/li>\n<\/ul>\n<hr data-start=\"6147\" data-end=\"6150\" \/>\n<h2 data-start=\"6152\" data-end=\"6186\"><strong data-start=\"6155\" data-end=\"6186\">Koristi za istra\u017eiva\u010de<\/strong><\/h2>\n<ul data-start=\"6188\" data-end=\"6478\">\n<li data-start=\"6188\" data-end=\"6246\">\n<p data-start=\"6190\" data-end=\"6246\">Podr\u0161ka <strong data-start=\"6202\" data-end=\"6243\">toksikolo\u0161ka i analiti\u010dka istra\u017eivanja<\/strong>.<\/p>\n<\/li>\n<li data-start=\"6247\" data-end=\"6325\">\n<p data-start=\"6249\" data-end=\"6325\">Prikladno za <strong data-start=\"6263\" data-end=\"6286\">referentno istra\u017eivanje<\/strong> prema novim analozima benzodiazepina.<\/p>\n<\/li>\n<li data-start=\"6326\" data-end=\"6413\">\n<p data-start=\"6328\" data-end=\"6413\">Promovi\u0161e <strong data-start=\"6338\" data-end=\"6369\">znanstvena validacija<\/strong> u kontroliranim laboratorijskim uvjetima.<\/p>\n<\/li>\n<li data-start=\"6414\" data-end=\"6478\">\n<p data-start=\"6416\" data-end=\"6478\">Poma\u017ee kod <strong data-start=\"6426\" data-end=\"6450\">razvoj metoda<\/strong> za forenzi\u010dku analizu. flubrotizolam<\/p>\n<\/li>\n<\/ul>\n<hr data-start=\"6480\" data-end=\"6483\" \/>\n<h2 data-start=\"6485\" data-end=\"6519\"><strong data-start=\"6488\" data-end=\"6519\">Upotreba (Istra\u017eiva\u010dki kontekst)<\/strong><\/h2>\n<ol data-start=\"6521\" data-end=\"6700\">\n<li data-start=\"6521\" data-end=\"6550\">\n<p data-start=\"6524\" data-end=\"6550\">Nosite standardnu laboratorijsku osobnu za\u0161titnu opremu.<\/p>\n<\/li>\n<li data-start=\"6551\" data-end=\"6601\">\n<p data-start=\"6554\" data-end=\"6601\">Pa\u017eljivo mjerite kalibriranom opremom.<\/p>\n<\/li>\n<li data-start=\"6602\" data-end=\"6649\">\n<p data-start=\"6605\" data-end=\"6649\">\u010cuvati na hladnom i suhom mjestu, za\u0161ti\u0107eno od izravne sun\u010deve svjetlosti.<\/p>\n<\/li>\n<li data-start=\"6650\" data-end=\"6700\">\n<p data-start=\"6653\" data-end=\"6700\">Zbrinite u skladu s lokalnim smjernicama o odlaganju otpada.<\/p>\n<\/li>\n<\/ol>\n<blockquote data-start=\"6702\" data-end=\"6796\">\n<p data-start=\"6704\" data-end=\"6796\"><strong data-start=\"6704\" data-end=\"6719\">Va\u017eno:<\/strong> <em data-start=\"6720\" data-end=\"6750\">Flubrotizolam 0,5 mg pelete<\/em> su <strong data-start=\"6756\" data-end=\"6795\">nije namijenjeno za ljudsku upotrebu<\/strong>.<\/p>\n<\/blockquote>\n<hr data-start=\"6798\" data-end=\"6801\" \/>\n<h2 data-start=\"6803\" data-end=\"6874\"><strong data-start=\"6806\" data-end=\"6874\">Kupite flubrotizolam 0,5 mg pelete (za istra\u017eiva\u010dke institucije)<\/strong><\/h2>\n<p data-start=\"6876\" data-end=\"7031\">Samo <strong data-start=\"6883\" data-end=\"6925\">certificirane istra\u017eiva\u010dke institucije<\/strong> s ispravnim dozvolama mogu <strong data-start=\"6959\" data-end=\"6997\">Kupite flubrotizolam 0,5 mg pelete<\/strong>Privatna upotreba je zabranjena.<\/p>\n<hr data-start=\"7033\" data-end=\"7036\" \/>\n<h2 data-start=\"7038\" data-end=\"7072\"><strong data-start=\"7041\" data-end=\"7072\">\u010cesto postavljana pitanja (FAQs)<\/strong><\/h2>\n<h3 data-start=\"7074\" data-end=\"7139\"><strong data-start=\"7078\" data-end=\"7139\">1. Za \u0161to se koriste pelete Flubrotizolama od 0,5 mg?<\/strong><\/h3>\n<p data-start=\"7140\" data-end=\"7243\">Ove pelete se koriste za <strong data-start=\"7174\" data-end=\"7212\">forenzi\u010dka i analiti\u010dka istra\u017eivanja<\/strong> na tienotriazolodiazepine.<\/p>\n<hr data-start=\"7245\" data-end=\"7248\" \/>\n<h3 data-start=\"7250\" data-end=\"7313\"><strong data-start=\"7254\" data-end=\"7313\">2. Jesu li ove pelete sigurne za ljudsku konzumaciju?<\/strong><\/h3>\n<p data-start=\"7314\" data-end=\"7416\">Ne. Ove kuglice su <strong data-start=\"7337\" data-end=\"7375\">namijenjeno samo u istra\u017eiva\u010dke svrhe<\/strong> i nije prikladno za ljudsku upotrebu.<\/p>\n<hr data-start=\"7418\" data-end=\"7421\" \/>\n<h3 data-start=\"7423\" data-end=\"7489\"><strong data-start=\"7427\" data-end=\"7489\">3. Mogu li kupiti Flubrotizolam 0,5 MG pelete u Nizozemskoj?<\/strong><\/h3>\n<p data-start=\"7490\" data-end=\"7611\">Samo <strong data-start=\"7497\" data-end=\"7531\">priznate istra\u017eiva\u010dke institucije<\/strong> s dozvolom mogu kupiti ovaj proizvod za znanstvenu upotrebu.<\/p>","protected":false},"excerpt":{"rendered":"<p>Flubrotizolam 0,5 mg pelete su visoko\u010diste istra\u017eiva\u010dke kemikalije namijenjene za toksikolo\u0161ka i farmakolo\u0161ka istra\u017eivanja. Svaka peleta sadr\u017ei 0,5 miligrama<\/p>","protected":false},"featured_media":28528,"comment_status":"closed","ping_status":"closed","template":"","meta":[],"product_brand":[82],"product_cat":[76,476,477,324],"product_tag":[150,153,154,151,152,155,326],"class_list":{"0":"post-24277","1":"product","2":"type-product","3":"status-publish","4":"has-post-thumbnail","6":"product_brand-research-chemical","7":"product_cat-benzodiazepinen","8":"product_cat-flubrotizolam","9":"product_cat-flubrotizolam-pellets","10":"product_cat-pellets-for-pellet","11":"product_tag-flubrotizolam","12":"product_tag-flubrotizolam-dosage","13":"product_tag-flubrotizolam-ervaring","14":"product_tag-flubrotizolam-half-life","15":"product_tag-flubrotizolam-werking","16":"product_tag-flunitrazolam-bijwerkingen","17":"product_tag-nl","19":"first","20":"instock","21":"taxable","22":"shipping-taxable","23":"purchasable","24":"product-type-variable"},"_links":{"self":[{"href":"https:\/\/researchchemicalhub.com\/hr\/wp-json\/wp\/v2\/product\/24277","targetHints":{"allow":["GET"]}}],"collection":[{"href":"https:\/\/researchchemicalhub.com\/hr\/wp-json\/wp\/v2\/product"}],"about":[{"href":"https:\/\/researchchemicalhub.com\/hr\/wp-json\/wp\/v2\/types\/product"}],"replies":[{"embeddable":true,"href":"https:\/\/researchchemicalhub.com\/hr\/wp-json\/wp\/v2\/comments?post=24277"}],"version-history":[{"count":4,"href":"https:\/\/researchchemicalhub.com\/hr\/wp-json\/wp\/v2\/product\/24277\/revisions"}],"predecessor-version":[{"id":27817,"href":"https:\/\/researchchemicalhub.com\/hr\/wp-json\/wp\/v2\/product\/24277\/revisions\/27817"}],"wp:featuredmedia":[{"embeddable":true,"href":"https:\/\/researchchemicalhub.com\/hr\/wp-json\/wp\/v2\/media\/28528"}],"wp:attachment":[{"href":"https:\/\/researchchemicalhub.com\/hr\/wp-json\/wp\/v2\/media?parent=24277"}],"wp:term":[{"taxonomy":"product_brand","embeddable":true,"href":"https:\/\/researchchemicalhub.com\/hr\/wp-json\/wp\/v2\/product_brand?post=24277"},{"taxonomy":"product_cat","embeddable":true,"href":"https:\/\/researchchemicalhub.com\/hr\/wp-json\/wp\/v2\/product_cat?post=24277"},{"taxonomy":"product_tag","embeddable":true,"href":"https:\/\/researchchemicalhub.com\/hr\/wp-json\/wp\/v2\/product_tag?post=24277"}],"curies":[{"name":"radni list","href":"https:\/\/api.w.org\/{rel}","templated":true}]}}