{"id":24265,"date":"2025-04-13T17:41:21","date_gmt":"2025-04-13T17:41:21","guid":{"rendered":"https:\/\/researchchemicalhub.com\/?post_type=product&#038;p=24265"},"modified":"2025-10-12T19:33:01","modified_gmt":"2025-10-12T19:33:01","slug":"metocin-4-ho-met","status":"publish","type":"product","link":"https:\/\/researchchemicalhub.com\/hr\/ducan\/b2b\/metocin-4-ho-met\/","title":{"rendered":"RC+ Metocin vre\u0107ica 3 pelete"},"content":{"rendered":"<h2 data-start=\"3774\" data-end=\"3800\"><strong data-start=\"3777\" data-end=\"3800\">Opis proizvoda<\/strong><\/h2>\n<p data-start=\"3802\" data-end=\"4116\"><strong data-start=\"3802\" data-end=\"3833\">RC+ Metocin vre\u0107ica 3 pelete<\/strong> je <strong data-start=\"3841\" data-end=\"3878\">visokokvalitetni istra\u017eiva\u010dki materijal<\/strong>, razvijen za upotrebu u analiti\u010dkim, toksikolo\u0161kim i forenzi\u010dkim laboratorijima.<br data-start=\"3962\" data-end=\"3965\" \/>Svaki paket sadr\u017ei <strong data-start=\"3987\" data-end=\"4025\">tri pa\u017eljivo dozirane kuglice<\/strong>, proizvedeno pod strogom kontrolom kvalitete za maksimalnu \u010disto\u0107u i konzistentnost. metocin 4-ho-met<\/p>\n<p data-start=\"4118\" data-end=\"4290\"><strong data-start=\"4118\" data-end=\"4129\">Metocin<\/strong>, dio <strong data-start=\"4148\" data-end=\"4161\">RC+ serija<\/strong>, podr\u017eava istra\u017eivanje u <strong data-start=\"4190\" data-end=\"4213\">analozi triptamina<\/strong> i slu\u017ei kao pouzdana referentna tvar za znanstvene primjene.<\/p>\n<p data-start=\"4292\" data-end=\"4428\">\u26a0\ufe0f <strong data-start=\"4295\" data-end=\"4306\">Napomena:<\/strong> Ovaj proizvod je <strong data-start=\"4322\" data-end=\"4371\">namijenjeno samo u istra\u017eiva\u010dke svrhe<\/strong> i <strong data-start=\"4375\" data-end=\"4427\">nije prikladno za ljudsku ili \u017eivotinjsku upotrebu<\/strong>.<\/p>\n<hr data-start=\"4430\" data-end=\"4433\" \/>\n<h2 data-start=\"4435\" data-end=\"4465\"><strong data-start=\"4438\" data-end=\"4465\">Klju\u010dne zna\u010dajke<\/strong><\/h2>\n<ul data-start=\"4467\" data-end=\"4883\">\n<li data-start=\"4467\" data-end=\"4533\">\n<p data-start=\"4469\" data-end=\"4533\"><strong data-start=\"4469\" data-end=\"4489\">Visoka \u010disto\u0107a:<\/strong> Zadovoljava laboratorijske standarde kvalitete.<\/p>\n<\/li>\n<li data-start=\"4534\" data-end=\"4624\">\n<p data-start=\"4536\" data-end=\"4624\"><strong data-start=\"4536\" data-end=\"4568\">Standardizirana doza:<\/strong> Tri pelete po vre\u0107ici s ujedna\u010denim sastavom.<\/p>\n<\/li>\n<li data-start=\"4625\" data-end=\"4713\">\n<p data-start=\"4627\" data-end=\"4713\"><strong data-start=\"4627\" data-end=\"4654\">Stabilan i pouzdan:<\/strong> Dizajnirano za dugotrajno skladi\u0161tenje i ponovljivost.<\/p>\n<\/li>\n<li data-start=\"4714\" data-end=\"4797\">\n<p data-start=\"4716\" data-end=\"4797\"><strong data-start=\"4716\" data-end=\"4739\">Sigurno pakiranje:<\/strong> Hermeti\u010dki zatvoreno i otporno na vlagu za maksimalnu cjelovitost.<\/p>\n<\/li>\n<li data-start=\"4798\" data-end=\"4883\">\n<p data-start=\"4800\" data-end=\"4883\"><strong data-start=\"4800\" data-end=\"4827\">U skladu s propisima EU:<\/strong> Proizvedeno u skladu s europskim sigurnosnim smjernicama. metocin 4-ho-met<\/p>\n<\/li>\n<\/ul>\n<hr data-start=\"4885\" data-end=\"4888\" \/>\n<h2 data-start=\"4890\" data-end=\"4924\"><strong data-start=\"4893\" data-end=\"4924\">Koristi za istra\u017eiva\u010de<\/strong><\/h2>\n<ul data-start=\"4926\" data-end=\"5206\">\n<li data-start=\"4926\" data-end=\"4998\">\n<p data-start=\"4928\" data-end=\"4998\">Prikladno za <strong data-start=\"4942\" data-end=\"4995\">analiti\u010dka, forenzi\u010dka i toksikolo\u0161ka istra\u017eivanja<\/strong>.<\/p>\n<\/li>\n<li data-start=\"4999\" data-end=\"5071\">\n<p data-start=\"5001\" data-end=\"5071\">Podr\u0161ka <strong data-start=\"5013\" data-end=\"5042\">spektroskopske analize<\/strong> kao \u0161to su LC-MS, GC-MS i NMR.<\/p>\n<\/li>\n<li data-start=\"5072\" data-end=\"5134\">\n<p data-start=\"5074\" data-end=\"5134\">Poma\u017ee kod <strong data-start=\"5084\" data-end=\"5114\">identifikacija i validacija<\/strong> veza.<\/p>\n<\/li>\n<li data-start=\"5135\" data-end=\"5206\">\n<p data-start=\"5137\" data-end=\"5206\">Ponude <strong data-start=\"5143\" data-end=\"5177\">pouzdani referentni uzorci<\/strong> u istra\u017eiva\u010dke svrhe.<\/p>\n<\/li>\n<\/ul>\n<hr data-start=\"5208\" data-end=\"5211\" \/>\n<h2 data-start=\"5213\" data-end=\"5247\"><strong data-start=\"5216\" data-end=\"5247\">Upotreba (Istra\u017eiva\u010dki kontekst)<\/strong><\/h2>\n<ol data-start=\"5249\" data-end=\"5453\">\n<li data-start=\"5249\" data-end=\"5294\">\n<p data-start=\"5252\" data-end=\"5294\">Koristiti samo u akreditiranim laboratorijima.<\/p>\n<\/li>\n<li data-start=\"5295\" data-end=\"5355\">\n<p data-start=\"5298\" data-end=\"5355\">Nosite rukavice, za\u0161titne nao\u010dale i laboratorijski ogrta\u010d.<\/p>\n<\/li>\n<li data-start=\"5356\" data-end=\"5403\">\n<p data-start=\"5359\" data-end=\"5403\">\u010cuvati na hladnom, suhom i tamnom mjestu (ispod 25\u00b0C).<\/p>\n<\/li>\n<li data-start=\"5404\" data-end=\"5453\">\n<p data-start=\"5407\" data-end=\"5453\">Ostatke zbrinite u skladu s lokalnim propisima.<\/p>\n<\/li>\n<\/ol>\n<blockquote data-start=\"5455\" data-end=\"5552\">\n<p data-start=\"5457\" data-end=\"5552\"><strong data-start=\"5457\" data-end=\"5468\">Napomena:<\/strong> <em data-start=\"5469\" data-end=\"5498\">RC+ Metocin vre\u0107ica 3 pelete<\/em> je <strong data-start=\"5502\" data-end=\"5551\">namijenjeno samo u istra\u017eiva\u010dke svrhe<\/strong>.<\/p>\n<\/blockquote>\n<hr data-start=\"5554\" data-end=\"5557\" \/>\n<h2 data-start=\"5559\" data-end=\"5593\"><strong data-start=\"5562\" data-end=\"5593\">\u010cesto postavljana pitanja (FAQs)<\/strong><\/h2>\n<p data-start=\"5595\" data-end=\"5743\"><strong data-start=\"5595\" data-end=\"5638\">1. Za \u0161to se koristi RC+ Metocin?<\/strong><br data-start=\"5638\" data-end=\"5641\" \/>RC+ Metocin se koristi za <strong data-start=\"5673\" data-end=\"5714\">analiti\u010dka i toksikolo\u0161ka istra\u017eivanja<\/strong> na triptaminske spojeve.<\/p>\n<p data-start=\"5745\" data-end=\"5859\"><strong data-start=\"5745\" data-end=\"5784\">2. Koliko peleta sadr\u017ei jedna vre\u0107ica?<\/strong><br data-start=\"5784\" data-end=\"5787\" \/>Svaka vre\u0107ica sadr\u017ei <strong data-start=\"5803\" data-end=\"5835\">3 standardizirane pelete<\/strong> jednake \u010disto\u0107e.<\/p>\n<p data-start=\"5861\" data-end=\"6014\"><strong data-start=\"5861\" data-end=\"5909\">3. Mogu li kupiti RC+ Metocin kao privatna osoba?<\/strong><br data-start=\"5909\" data-end=\"5912\" \/>Ne, samo <strong data-start=\"5924\" data-end=\"5958\">priznate istra\u017eiva\u010dke institucije<\/strong> s odgovaraju\u0107om dozvolom mogu kupiti ovaj proizvod.<\/p>","protected":false},"excerpt":{"rendered":"<p>CAS broj: 77872-41-4<br \/>\nFormula: C13H18N2O<br \/>\nMolarna masa: 218,3 g\/mol<br \/>\n\u010cisto\u0107a: \u226598%<\/p>","protected":false},"featured_media":21348,"comment_status":"closed","ping_status":"closed","template":"","meta":[],"product_brand":[82],"product_cat":[555],"product_tag":[858,857,871,636,673,635,870,326],"class_list":{"0":"post-24265","1":"product","2":"type-product","3":"status-publish","4":"has-post-thumbnail","6":"product_brand-research-chemical","7":"product_cat-b2b","8":"product_tag-4-acetoxy-met","9":"product_tag-4-ho-met-psychonaut","10":"product_tag-methylcybin","11":"product_tag-metocin","12":"product_tag-metocin-4-ho-met","13":"product_tag-metocin-kopen","14":"product_tag-metocin-tablet","15":"product_tag-nl","17":"first","18":"instock","19":"taxable","20":"shipping-taxable","21":"purchasable","22":"product-type-variable"},"_links":{"self":[{"href":"https:\/\/researchchemicalhub.com\/hr\/wp-json\/wp\/v2\/product\/24265","targetHints":{"allow":["GET"]}}],"collection":[{"href":"https:\/\/researchchemicalhub.com\/hr\/wp-json\/wp\/v2\/product"}],"about":[{"href":"https:\/\/researchchemicalhub.com\/hr\/wp-json\/wp\/v2\/types\/product"}],"replies":[{"embeddable":true,"href":"https:\/\/researchchemicalhub.com\/hr\/wp-json\/wp\/v2\/comments?post=24265"}],"version-history":[{"count":4,"href":"https:\/\/researchchemicalhub.com\/hr\/wp-json\/wp\/v2\/product\/24265\/revisions"}],"predecessor-version":[{"id":27822,"href":"https:\/\/researchchemicalhub.com\/hr\/wp-json\/wp\/v2\/product\/24265\/revisions\/27822"}],"wp:featuredmedia":[{"embeddable":true,"href":"https:\/\/researchchemicalhub.com\/hr\/wp-json\/wp\/v2\/media\/21348"}],"wp:attachment":[{"href":"https:\/\/researchchemicalhub.com\/hr\/wp-json\/wp\/v2\/media?parent=24265"}],"wp:term":[{"taxonomy":"product_brand","embeddable":true,"href":"https:\/\/researchchemicalhub.com\/hr\/wp-json\/wp\/v2\/product_brand?post=24265"},{"taxonomy":"product_cat","embeddable":true,"href":"https:\/\/researchchemicalhub.com\/hr\/wp-json\/wp\/v2\/product_cat?post=24265"},{"taxonomy":"product_tag","embeddable":true,"href":"https:\/\/researchchemicalhub.com\/hr\/wp-json\/wp\/v2\/product_tag?post=24265"}],"curies":[{"name":"radni list","href":"https:\/\/api.w.org\/{rel}","templated":true}]}}