{"id":24194,"date":"2025-04-13T17:41:13","date_gmt":"2025-04-13T17:41:13","guid":{"rendered":"https:\/\/researchchemicalhub.com\/?post_type=product&#038;p=24194"},"modified":"2025-10-30T07:17:37","modified_gmt":"2025-10-30T07:17:37","slug":"2-fma","status":"publish","type":"product","link":"https:\/\/researchchemicalhub.com\/hr\/shop\/b2b\/2-fma\/","title":{"rendered":"RC+ Fluor 2-FMA 30 mg kutija"},"content":{"rendered":"<h3 data-start=\"4860\" data-end=\"4879\"><strong data-start=\"4864\" data-end=\"4879\">Uvod<\/strong><\/h3>\n<p data-start=\"4880\" data-end=\"5253\">The <strong data-start=\"4883\" data-end=\"4911\">RC+ Fluor 2-FMA 30 mg kutija<\/strong> sadr\u017ei <strong data-start=\"4918\" data-end=\"4958\">2-fluoromamfetamin (2-FMA) visoke \u010disto\u0107e<\/strong>, Jedan <strong data-start=\"4964\" data-end=\"4994\">fluorirani fenetilamin<\/strong> koji pripada <strong data-start=\"5014\" data-end=\"5034\">klasa amfetamina<\/strong>Poznat po svom stabilnom stimulativnom profilu i jedinstvenim farmakolo\u0161kim svojstvima, <strong data-start=\"5128\" data-end=\"5137\">2-FMA<\/strong> \u010desto se koristi u <strong data-start=\"5155\" data-end=\"5203\">neurokemijska i psihostimulativna istra\u017eivanja<\/strong> Neugodan <strong data-start=\"5209\" data-end=\"5250\">aktivnost dopamina i noradrenalina<\/strong>2-fma<\/p>\n<p data-start=\"5255\" data-end=\"5454\">Svaka tableta je precizno proizvedena u laboratorijskim uvjetima za <strong data-start=\"5331\" data-end=\"5407\">precizno doziranje, pouzdana konzistentnost i dugoro\u010dna stabilnost<\/strong> \u2013 neophodan za moderna analiti\u010dka istra\u017eivanja.<\/p>\n<hr data-start=\"5456\" data-end=\"5459\" \/>\n<h3 data-start=\"5461\" data-end=\"5492\"><strong data-start=\"5465\" data-end=\"5492\">Klju\u010dne zna\u010dajke<\/strong><\/h3>\n<ul data-start=\"5493\" data-end=\"5972\">\n<li data-start=\"5493\" data-end=\"5582\">\n<p data-start=\"5495\" data-end=\"5582\"><strong data-start=\"5495\" data-end=\"5527\">Visoka analiti\u010dka \u010disto\u0107a:<\/strong> Sadr\u017ei <strong data-start=\"5534\" data-end=\"5568\">30 mg 2-fluoromamfetamina (2-FMA)<\/strong> po tableti.<\/p>\n<\/li>\n<li data-start=\"5583\" data-end=\"5673\">\n<p data-start=\"5585\" data-end=\"5673\"><strong data-start=\"5585\" data-end=\"5611\">Laboratorijska kvaliteta:<\/strong> Samo za upotrebu <strong data-start=\"5632\" data-end=\"5670\">istra\u017eiva\u010dke i analiti\u010dke aplikacije<\/strong>.<\/p>\n<\/li>\n<li data-start=\"5674\" data-end=\"5771\">\n<p data-start=\"5676\" data-end=\"5771\"><strong data-start=\"5676\" data-end=\"5703\">Sigurno RC+ pakiranje:<\/strong> Profesionalno zape\u010da\u0107eno, otporno na vlagu i propisno ozna\u010deno.<\/p>\n<\/li>\n<li data-start=\"5772\" data-end=\"5861\">\n<p data-start=\"5774\" data-end=\"5861\"><strong data-start=\"5774\" data-end=\"5800\">Sljediva proizvodnja:<\/strong> Opremljen s <strong data-start=\"5814\" data-end=\"5858\">brojevi serija i laboratorijski certifikati<\/strong>.<\/p>\n<\/li>\n<li data-start=\"5862\" data-end=\"5972\">\n<p data-start=\"5864\" data-end=\"5972\"><strong data-start=\"5864\" data-end=\"5888\">Stabilna veza:<\/strong> Struktura fluora pove\u0107ava <strong data-start=\"5919\" data-end=\"5969\">kemijska stabilnost i selektivnost receptora<\/strong>.<\/p>\n<\/li>\n<\/ul>\n<hr data-start=\"5974\" data-end=\"5977\" \/>\n<h3 data-start=\"5979\" data-end=\"5996\"><strong data-start=\"5983\" data-end=\"5996\">Prednosti<\/strong><\/h3>\n<ul data-start=\"5997\" data-end=\"6376\">\n<li data-start=\"5997\" data-end=\"6082\">\n<p data-start=\"5999\" data-end=\"6082\">Podr\u0161ka <strong data-start=\"6011\" data-end=\"6038\">neurokemijski pregled<\/strong> na dopaminergi\u010dku i adrenergi\u010dku aktivnost.<\/p>\n<\/li>\n<li data-start=\"6083\" data-end=\"6159\">\n<p data-start=\"6085\" data-end=\"6159\">Prikladno za <strong data-start=\"6099\" data-end=\"6125\">komparativno istra\u017eivanje<\/strong> s drugim varijantama amfetamina.<\/p>\n<\/li>\n<li data-start=\"6160\" data-end=\"6242\">\n<p data-start=\"6162\" data-end=\"6242\">Pru\u017ea <strong data-start=\"6173\" data-end=\"6209\">dosljedni i mjerljivi rezultati<\/strong> u kontroliranim laboratorijima.<\/p>\n<\/li>\n<li data-start=\"6243\" data-end=\"6313\">\n<p data-start=\"6245\" data-end=\"6313\">Idealno za <strong data-start=\"6257\" data-end=\"6310\">akademska, forenzi\u010dka i farmaceutska istra\u017eivanja<\/strong>.<\/p>\n<\/li>\n<li data-start=\"6314\" data-end=\"6376\">\n<p data-start=\"6316\" data-end=\"6376\">Ponude <strong data-start=\"6322\" data-end=\"6355\">izvrsna stabilnost pri skladi\u0161tenju<\/strong> zahvaljuju\u0107i fluoriranju.<\/p>\n<\/li>\n<\/ul>\n<hr data-start=\"6378\" data-end=\"6381\" \/>\n<h3 data-start=\"6383\" data-end=\"6398\"><strong data-start=\"6387\" data-end=\"6398\">Upotreba<\/strong><\/h3>\n<p data-start=\"6399\" data-end=\"6525\">The <strong data-start=\"6402\" data-end=\"6430\">RC+ Fluor 2-FMA 30 mg kutija<\/strong> isklju\u010divo je namijenjen za <strong data-start=\"6459\" data-end=\"6499\">laboratorijske i analiti\u010dke primjene<\/strong>.<br data-start=\"6500\" data-end=\"6503\" \/>Istra\u017eiva\u010di moraju:<\/p>\n<ul data-start=\"6526\" data-end=\"6811\">\n<li data-start=\"6526\" data-end=\"6600\">\n<p data-start=\"6528\" data-end=\"6600\"><strong data-start=\"6528\" data-end=\"6552\">Za\u0161titna odje\u0107a<\/strong> odje\u0107u (rukavice, za\u0161titne nao\u010dale, laboratorijski ogrta\u010d).<\/p>\n<\/li>\n<li data-start=\"6601\" data-end=\"6670\">\n<p data-start=\"6603\" data-end=\"6670\">Spremi pod <strong data-start=\"6617\" data-end=\"6625\">25\u00b0C<\/strong> na <strong data-start=\"6633\" data-end=\"6667\">hladnom, suhom i tamnom mjestu<\/strong>.<\/p>\n<\/li>\n<li data-start=\"6671\" data-end=\"6729\">\n<p data-start=\"6673\" data-end=\"6729\">Izlaganje <strong data-start=\"6691\" data-end=\"6716\">svjetlost, zrak i vlaga<\/strong> izbje\u0107i.<\/p>\n<\/li>\n<li data-start=\"6730\" data-end=\"6811\">\n<p data-start=\"6732\" data-end=\"6811\">Iskoristite <strong data-start=\"6750\" data-end=\"6782\">kalibrirana mjerna oprema<\/strong> za to\u010dne analize.<\/p>\n<\/li>\n<\/ul>\n<hr data-start=\"6813\" data-end=\"6816\" \/>\n<h3 data-start=\"6818\" data-end=\"6847\"><strong data-start=\"6822\" data-end=\"6847\">Sigurnosne informacije<\/strong><\/h3>\n<ul data-start=\"6848\" data-end=\"7056\">\n<li data-start=\"6848\" data-end=\"6886\">\n<p data-start=\"6850\" data-end=\"6886\">Samo za <strong data-start=\"6862\" data-end=\"6883\">istra\u017eiva\u010dka upotreba<\/strong>.<\/p>\n<\/li>\n<li data-start=\"6887\" data-end=\"6949\">\n<p data-start=\"6889\" data-end=\"6949\"><strong data-start=\"6889\" data-end=\"6947\">Nije prikladno za prehranu ljudi ili \u017eivotinja. 2-fma<\/strong><\/p>\n<\/li>\n<li data-start=\"6950\" data-end=\"6998\">\n<p data-start=\"6952\" data-end=\"6998\">Pratite <strong data-start=\"6960\" data-end=\"6995\">lokalni sigurnosni propisi<\/strong>.<\/p>\n<\/li>\n<li data-start=\"6999\" data-end=\"7056\">\n<p data-start=\"7001\" data-end=\"7056\">Izvan dohvata <strong data-start=\"7019\" data-end=\"7046\">djeca i neovla\u0161tene osobe<\/strong> zadr\u017eati.<\/p>\n<\/li>\n<\/ul>\n<hr data-start=\"7058\" data-end=\"7061\" \/>\n<h3 data-start=\"7063\" data-end=\"7096\"><strong data-start=\"7067\" data-end=\"7096\">\u010cesto postavljana pitanja (FAQ)<\/strong><\/h3>\n<p data-start=\"7098\" data-end=\"7280\"><strong data-start=\"7098\" data-end=\"7154\">1. Za \u0161to se koristi RC+ Fluor 2-FMA 30mg kutija?<\/strong><br data-start=\"7154\" data-end=\"7157\" \/>Koristi se u <strong data-start=\"7179\" data-end=\"7230\">neurokemijska i psihofarmakolo\u0161ka istra\u017eivanja<\/strong>, uglavnom usmjeren na <strong data-start=\"7250\" data-end=\"7279\">transporteri kateholamina<\/strong>.<\/p>\n<p data-start=\"7282\" data-end=\"7495\"><strong data-start=\"7282\" data-end=\"7335\">2. \u0160to razlikuje 2-FMA od ostalih amfetamina?<\/strong><br data-start=\"7335\" data-end=\"7338\" \/>2-FMA je <strong data-start=\"7351\" data-end=\"7390\">fluorirana varijanta amfetamina<\/strong>, poznat po svojoj <strong data-start=\"7407\" data-end=\"7458\">dugotrajan, pa \u010dak i stimuliraju\u0107i u\u010dinak<\/strong>, idealno za komparativne analize.<\/p>\n<p data-start=\"7497\" data-end=\"7647\"><strong data-start=\"7497\" data-end=\"7532\">3. Kako ga treba \u010duvati?<\/strong><br data-start=\"7532\" data-end=\"7535\" \/>U\u0161tedite na <strong data-start=\"7549\" data-end=\"7583\">hladnom, suhom i tamnom mjestu<\/strong>, ispod <strong data-start=\"7591\" data-end=\"7599\">25\u00b0C<\/strong>, u <strong data-start=\"7607\" data-end=\"7646\">originalno zatvoreno RC+ pakiranje<\/strong>.<\/p>\n<hr data-start=\"7649\" data-end=\"7652\" \/>\n<h3 data-start=\"7654\" data-end=\"7671\"><strong data-start=\"7658\" data-end=\"7671\">Zaklju\u010dak<\/strong><\/h3>\n<p data-start=\"7672\" data-end=\"8008\">The <strong data-start=\"7675\" data-end=\"7703\">RC+ Fluor 2-FMA 30 mg kutija<\/strong> je <strong data-start=\"7711\" data-end=\"7750\">pouzdan izbor za istra\u017eiva\u010de<\/strong> koji se fokusiraju na <strong data-start=\"7771\" data-end=\"7846\">farmakologija stimulansa, bihevioralna znanost i neurokemijska istra\u017eivanja<\/strong>Zahvaljuju\u0107i <strong data-start=\"7859\" data-end=\"7938\">zajam\u010dena \u010disto\u0107a, kemijska stabilnost i profesionalno pakiranje<\/strong> nudi ovaj proizvod <strong data-start=\"7957\" data-end=\"7987\">ponovljivi rezultati<\/strong> u svakom laboratoriju.<\/p>","protected":false},"excerpt":{"rendered":"<p><strong><span dir=\"auto\" style=\"vertical-align: inherit;\"><span dir=\"auto\" style=\"vertical-align: inherit;\">Sinonim<\/span><\/span><\/strong><span dir=\"auto\" style=\"vertical-align: inherit;\"><span dir=\"auto\" style=\"vertical-align: inherit;\"> Fluorometamfetamin <\/span><\/span><br \/>\n<strong><span dir=\"auto\" style=\"vertical-align: inherit;\"><span dir=\"auto\" style=\"vertical-align: inherit;\">CAS broj<\/span><\/span><\/strong><span dir=\"auto\" style=\"vertical-align: inherit;\"><span dir=\"auto\" style=\"vertical-align: inherit;\"> : 1780004-19-4 <\/span><\/span><br \/>\n<strong><span dir=\"auto\" style=\"vertical-align: inherit;\"><span dir=\"auto\" style=\"vertical-align: inherit;\">Formula<\/span><\/span><\/strong><span dir=\"auto\" style=\"vertical-align: inherit;\"><span dir=\"auto\" style=\"vertical-align: inherit;\"> C10H14FN \u2022 HCl <\/span><\/span><br \/>\n<strong><span dir=\"auto\" style=\"vertical-align: inherit;\"><span dir=\"auto\" style=\"vertical-align: inherit;\">Molarna masa<\/span><\/span><\/strong><span dir=\"auto\" style=\"vertical-align: inherit;\"><span dir=\"auto\" style=\"vertical-align: inherit;\"> : 203,7 g\/mol <\/span><\/span><br \/>\n<strong><span dir=\"auto\" style=\"vertical-align: inherit;\"><span dir=\"auto\" style=\"vertical-align: inherit;\">\u010cisto\u0107a<\/span><\/span><\/strong><span dir=\"auto\" style=\"vertical-align: inherit;\"><span dir=\"auto\" style=\"vertical-align: inherit;\"> : \u226599%<\/span><\/span><\/p>","protected":false},"featured_media":28606,"comment_status":"closed","ping_status":"closed","template":"","meta":[],"product_brand":[82],"product_cat":[555],"product_tag":[572,617,618,589,619,326],"class_list":{"0":"post-24194","1":"product","2":"type-product","3":"status-publish","4":"has-post-thumbnail","6":"product_brand-research-chemical","7":"product_cat-b2b","8":"product_tag-2-fma-kopen","9":"product_tag-2-fma","10":"product_tag-2fma","11":"product_tag-2fma-drugs","12":"product_tag-2fma-kopen","13":"product_tag-nl","15":"first","16":"instock","17":"taxable","18":"shipping-taxable","19":"purchasable","20":"product-type-variable"},"_links":{"self":[{"href":"https:\/\/researchchemicalhub.com\/hr\/wp-json\/wp\/v2\/product\/24194","targetHints":{"allow":["GET"]}}],"collection":[{"href":"https:\/\/researchchemicalhub.com\/hr\/wp-json\/wp\/v2\/product"}],"about":[{"href":"https:\/\/researchchemicalhub.com\/hr\/wp-json\/wp\/v2\/types\/product"}],"replies":[{"embeddable":true,"href":"https:\/\/researchchemicalhub.com\/hr\/wp-json\/wp\/v2\/comments?post=24194"}],"version-history":[{"count":5,"href":"https:\/\/researchchemicalhub.com\/hr\/wp-json\/wp\/v2\/product\/24194\/revisions"}],"predecessor-version":[{"id":25396,"href":"https:\/\/researchchemicalhub.com\/hr\/wp-json\/wp\/v2\/product\/24194\/revisions\/25396"}],"wp:featuredmedia":[{"embeddable":true,"href":"https:\/\/researchchemicalhub.com\/hr\/wp-json\/wp\/v2\/media\/28606"}],"wp:attachment":[{"href":"https:\/\/researchchemicalhub.com\/hr\/wp-json\/wp\/v2\/media?parent=24194"}],"wp:term":[{"taxonomy":"product_brand","embeddable":true,"href":"https:\/\/researchchemicalhub.com\/hr\/wp-json\/wp\/v2\/product_brand?post=24194"},{"taxonomy":"product_cat","embeddable":true,"href":"https:\/\/researchchemicalhub.com\/hr\/wp-json\/wp\/v2\/product_cat?post=24194"},{"taxonomy":"product_tag","embeddable":true,"href":"https:\/\/researchchemicalhub.com\/hr\/wp-json\/wp\/v2\/product_tag?post=24194"}],"curies":[{"name":"radni list","href":"https:\/\/api.w.org\/{rel}","templated":true}]}}