{"id":24181,"date":"2025-04-13T17:41:13","date_gmt":"2025-04-13T17:41:13","guid":{"rendered":"https:\/\/researchchemicalhub.com\/?post_type=product&#038;p=24181"},"modified":"2025-10-12T20:21:20","modified_gmt":"2025-10-12T20:21:20","slug":"flubromazepam-halfwaardetijd","status":"publish","type":"product","link":"https:\/\/researchchemicalhub.com\/hr\/shop\/b2b\/flubromazepam-halfwaardetijd\/","title":{"rendered":"Flubromazepam kutija od 10 mg"},"content":{"rendered":"<h2 data-start=\"3803\" data-end=\"3829\"><strong data-start=\"3806\" data-end=\"3829\">Opis proizvoda<\/strong><\/h2>\n<p data-start=\"3831\" data-end=\"4136\"><strong data-start=\"3831\" data-end=\"3858\">Flubromazepam kutija od 10 mg<\/strong> je <strong data-start=\"3866\" data-end=\"3920\">benzodiazepine-verbinding van onderzoekszuiverheid<\/strong>, dizajniran za <strong data-start=\"3937\" data-end=\"3991\">forenzi\u010dka, farmakolo\u0161ka i analiti\u010dka istra\u017eivanja<\/strong>. Flubromazepam halfwaardetijd\u00a0<br data-start=\"3992\" data-end=\"3995\" \/>Het wordt vaak gebruikt als <strong data-start=\"4023\" data-end=\"4046\">referentni standard<\/strong> voor de identificatie en analyse van benzodiazepine-analogen in laboratoriumomgevingen.<\/p>\n<p data-start=\"4138\" data-end=\"4287\">Svaka kutija sadr\u017ei <strong data-start=\"4153\" data-end=\"4175\">10mg Flubromazepam<\/strong>, pa\u017eljivo sastavljen za <strong data-start=\"4206\" data-end=\"4257\">consistentie, zuiverheid en reproduceerbaarheid<\/strong> u analiti\u010dkim primjenama.<\/p>\n<p data-start=\"4289\" data-end=\"4425\">\u26a0\ufe0f <strong data-start=\"4292\" data-end=\"4303\">Napomena:<\/strong> Ovaj proizvod je <strong data-start=\"4319\" data-end=\"4368\">namijenjeno samo u istra\u017eiva\u010dke svrhe<\/strong> i <strong data-start=\"4372\" data-end=\"4424\">nije prikladno za ljudsku ili \u017eivotinjsku upotrebu<\/strong>.<\/p>\n<hr data-start=\"4427\" data-end=\"4430\" \/>\n<h2 data-start=\"4432\" data-end=\"4462\"><strong data-start=\"4435\" data-end=\"4462\">Klju\u010dne zna\u010dajke<\/strong><\/h2>\n<ul data-start=\"4464\" data-end=\"4832\">\n<li data-start=\"4464\" data-end=\"4529\">\n<p data-start=\"4466\" data-end=\"4529\"><strong data-start=\"4466\" data-end=\"4486\">Visoka \u010disto\u0107a:<\/strong> Proizvedeno prema laboratorijskim standardima.<\/p>\n<\/li>\n<li data-start=\"4530\" data-end=\"4601\">\n<p data-start=\"4532\" data-end=\"4601\"><strong data-start=\"4532\" data-end=\"4557\">To\u010dno doziranje:<\/strong> 10mg per box voor betrouwbare resultaten.<\/p>\n<\/li>\n<li data-start=\"4602\" data-end=\"4675\">\n<p data-start=\"4604\" data-end=\"4675\"><strong data-start=\"4604\" data-end=\"4629\">Stabilna formulacija:<\/strong> Otporno na degradaciju uz pravilno skladi\u0161tenje.<\/p>\n<\/li>\n<li data-start=\"4676\" data-end=\"4746\">\n<p data-start=\"4678\" data-end=\"4746\"><strong data-start=\"4678\" data-end=\"4701\">Sigurno pakiranje:<\/strong> Zatvoreno i za\u0161ti\u0107eno od kontaminacije.<\/p>\n<\/li>\n<li data-start=\"4747\" data-end=\"4832\">\n<p data-start=\"4749\" data-end=\"4832\"><strong data-start=\"4749\" data-end=\"4776\">U skladu s propisima EU:<\/strong> Proizvedeno u skladu s europskim sigurnosnim smjernicama.<\/p>\n<\/li>\n<\/ul>\n<hr data-start=\"4834\" data-end=\"4837\" \/>\n<h2 data-start=\"4839\" data-end=\"4873\"><strong data-start=\"4842\" data-end=\"4873\">Koristi za istra\u017eiva\u010de<\/strong><\/h2>\n<ul data-start=\"4875\" data-end=\"5146\">\n<li data-start=\"4875\" data-end=\"4935\">\n<p data-start=\"4877\" data-end=\"4935\">Prikladno za <strong data-start=\"4891\" data-end=\"4932\">forenzi\u010dka i toksikolo\u0161ka istra\u017eivanja<\/strong>.<\/p>\n<\/li>\n<li data-start=\"4936\" data-end=\"5009\">\n<p data-start=\"4938\" data-end=\"5009\">Podr\u0161ka <strong data-start=\"4950\" data-end=\"4986\">razvoj analiti\u010dkih metoda<\/strong> (LC-MS, GC-MS, NMR). Flubromazepam halfwaardetijd<\/p>\n<\/li>\n<li data-start=\"5010\" data-end=\"5074\">\n<p data-start=\"5012\" data-end=\"5074\">Ponude <strong data-start=\"5018\" data-end=\"5040\">referentni uzorci<\/strong> voor vergelijking en validatie.<\/p>\n<\/li>\n<li data-start=\"5075\" data-end=\"5146\">\n<p data-start=\"5077\" data-end=\"5146\">Pru\u017ea <strong data-start=\"5088\" data-end=\"5143\">to\u010dni i ponovljivi rezultati istra\u017eivanja<\/strong>.<\/p>\n<\/li>\n<\/ul>\n<hr data-start=\"5148\" data-end=\"5151\" \/>\n<h2 data-start=\"5153\" data-end=\"5187\"><strong data-start=\"5156\" data-end=\"5187\">Upotreba (Istra\u017eiva\u010dki kontekst)<\/strong><\/h2>\n<ol data-start=\"5189\" data-end=\"5406\">\n<li data-start=\"5189\" data-end=\"5234\">\n<p data-start=\"5192\" data-end=\"5234\">Koristiti samo u akreditiranim laboratorijima.<\/p>\n<\/li>\n<li data-start=\"5235\" data-end=\"5295\">\n<p data-start=\"5238\" data-end=\"5295\">Nosite rukavice, za\u0161titne nao\u010dale i laboratorijski ogrta\u010d.<\/p>\n<\/li>\n<li data-start=\"5296\" data-end=\"5343\">\n<p data-start=\"5299\" data-end=\"5343\">\u010cuvati na hladnom, suhom i tamnom mjestu (ispod 25\u00b0C).<\/p>\n<\/li>\n<li data-start=\"5344\" data-end=\"5406\">\n<p data-start=\"5347\" data-end=\"5406\">Ostatke zbrinite u skladu s lokalnim sigurnosnim propisima.<\/p>\n<\/li>\n<\/ol>\n<blockquote data-start=\"5408\" data-end=\"5501\">\n<p data-start=\"5410\" data-end=\"5501\"><strong data-start=\"5410\" data-end=\"5421\">Napomena:<\/strong> <em data-start=\"5422\" data-end=\"5447\">Flubromazepam kutija od 10 mg<\/em> je <strong data-start=\"5451\" data-end=\"5500\">namijenjeno samo u istra\u017eiva\u010dke svrhe<\/strong>.<\/p>\n<\/blockquote>\n<hr data-start=\"5503\" data-end=\"5506\" \/>\n<h2 data-start=\"5508\" data-end=\"5542\"><strong data-start=\"5511\" data-end=\"5542\">\u010cesto postavljana pitanja (FAQs)<\/strong><\/h2>\n<p data-start=\"5544\" data-end=\"5670\"><strong data-start=\"5544\" data-end=\"5589\">1. Waarvoor wordt Flubromazepam gebruikt?<\/strong><br data-start=\"5589\" data-end=\"5592\" \/>Za <strong data-start=\"5597\" data-end=\"5635\">analiti\u010dka i forenzi\u010dka istra\u017eivanja<\/strong> na benzodiazepinske spojeve.<\/p>\n<p data-start=\"5672\" data-end=\"5770\"><strong data-start=\"5672\" data-end=\"5701\">2. Koliko sadr\u017ei jedna kutija?<\/strong><br data-start=\"5701\" data-end=\"5704\" \/>Svaka kutija sadr\u017ei <strong data-start=\"5719\" data-end=\"5741\">10mg Flubromazepam<\/strong> laboratorijske kvalitete.<\/p>\n<p data-start=\"5772\" data-end=\"5906\"><strong data-start=\"5772\" data-end=\"5822\">3. Mag ik Flubromazepam kopen als particulier?<\/strong><br data-start=\"5822\" data-end=\"5825\" \/>Ne, ovaj proizvod je dostupan samo za <strong data-start=\"5869\" data-end=\"5903\">priznate istra\u017eiva\u010dke institucije<\/strong>.<\/p>","protected":false},"excerpt":{"rendered":"<p>Productbeschrijving Flubromazepam 10 MG Box is een benzodiazepine-verbinding van onderzoekszuiverheid, ontworpen voor forensisch, farmacologisch en analytisch onderzoek. Flubromazepam halfwaardetijd\u00a0Het wordt<\/p>","protected":false},"featured_media":21246,"comment_status":"closed","ping_status":"closed","template":"","meta":[],"product_brand":[82],"product_cat":[555],"product_tag":[139,140,142,141,143,326],"class_list":{"0":"post-24181","1":"product","2":"type-product","3":"status-publish","4":"has-post-thumbnail","6":"product_brand-research-chemical","7":"product_cat-b2b","8":"product_tag-flubromazepam-effects","9":"product_tag-flubromazepam-ervaring","10":"product_tag-flubromazepam-halfwaardetijd","11":"product_tag-flubromazepam-werking","12":"product_tag-how-to-test-flubromazepam-pellets","13":"product_tag-nl","15":"first","16":"instock","17":"taxable","18":"shipping-taxable","19":"purchasable","20":"product-type-variable"},"_links":{"self":[{"href":"https:\/\/researchchemicalhub.com\/hr\/wp-json\/wp\/v2\/product\/24181","targetHints":{"allow":["GET"]}}],"collection":[{"href":"https:\/\/researchchemicalhub.com\/hr\/wp-json\/wp\/v2\/product"}],"about":[{"href":"https:\/\/researchchemicalhub.com\/hr\/wp-json\/wp\/v2\/types\/product"}],"replies":[{"embeddable":true,"href":"https:\/\/researchchemicalhub.com\/hr\/wp-json\/wp\/v2\/comments?post=24181"}],"version-history":[{"count":4,"href":"https:\/\/researchchemicalhub.com\/hr\/wp-json\/wp\/v2\/product\/24181\/revisions"}],"predecessor-version":[{"id":27837,"href":"https:\/\/researchchemicalhub.com\/hr\/wp-json\/wp\/v2\/product\/24181\/revisions\/27837"}],"wp:featuredmedia":[{"embeddable":true,"href":"https:\/\/researchchemicalhub.com\/hr\/wp-json\/wp\/v2\/media\/21246"}],"wp:attachment":[{"href":"https:\/\/researchchemicalhub.com\/hr\/wp-json\/wp\/v2\/media?parent=24181"}],"wp:term":[{"taxonomy":"product_brand","embeddable":true,"href":"https:\/\/researchchemicalhub.com\/hr\/wp-json\/wp\/v2\/product_brand?post=24181"},{"taxonomy":"product_cat","embeddable":true,"href":"https:\/\/researchchemicalhub.com\/hr\/wp-json\/wp\/v2\/product_cat?post=24181"},{"taxonomy":"product_tag","embeddable":true,"href":"https:\/\/researchchemicalhub.com\/hr\/wp-json\/wp\/v2\/product_tag?post=24181"}],"curies":[{"name":"radni list","href":"https:\/\/api.w.org\/{rel}","templated":true}]}}