{"id":24160,"date":"2025-04-13T17:41:09","date_gmt":"2025-04-13T17:41:09","guid":{"rendered":"https:\/\/researchchemicalhub.com\/?post_type=product&#038;p=24160"},"modified":"2025-10-12T21:06:39","modified_gmt":"2025-10-12T21:06:39","slug":"5-meo-mipt","status":"publish","type":"product","link":"https:\/\/researchchemicalhub.com\/hr\/shop\/b2b\/5-meo-mipt\/","title":{"rendered":"Ru\u017ei\u010dasta mandala"},"content":{"rendered":"<h3 data-start=\"4546\" data-end=\"4565\"><strong data-start=\"4550\" data-end=\"4565\">Uvod<\/strong><\/h3>\n<p data-start=\"4566\" data-end=\"4965\">The <strong data-start=\"4569\" data-end=\"4585\">Ru\u017ei\u010dasta mandala<\/strong> stoji za <strong data-start=\"4597\" data-end=\"4665\">bezuvjetna ljubav, dobrota i emocionalna harmonija<\/strong>Mandale, podrijetlom iz davnih vremena <strong data-start=\"4697\" data-end=\"4743\">Hinduisti\u010dke i budisti\u010dke tradicije<\/strong>, simboliziraju <strong data-start=\"4758\" data-end=\"4794\">jedinstvo, ravnote\u017ea i svemir<\/strong>Nje\u017eni ru\u017ei\u010dasti tonovi ovog dizajna izazivaju osje\u0107aje <strong data-start=\"4854\" data-end=\"4887\">ljubav, iscjeljenje i suosje\u0107anje<\/strong>, \u0161to ga \u010dini savr\u0161enim za <strong data-start=\"4916\" data-end=\"4962\">briga o sebi, emocionalna ravnote\u017ea i svjesnost<\/strong>5-meo-mipt<\/p>\n<p data-start=\"4967\" data-end=\"5114\">Bilo da ga koristite kao <strong data-start=\"4992\" data-end=\"5050\">zidni ukras, umjetnost za meditaciju ili sredstvo za smirenje<\/strong>, the <strong data-start=\"5055\" data-end=\"5071\">Ru\u017ei\u010dasta mandala<\/strong> donosi toplinu i meko\u0107u svakoj prostoriji.<\/p>\n<hr data-start=\"5116\" data-end=\"5119\" \/>\n<h3 data-start=\"5121\" data-end=\"5152\"><strong data-start=\"5125\" data-end=\"5152\">Klju\u010dne zna\u010dajke<\/strong><\/h3>\n<ul data-start=\"5153\" data-end=\"5714\">\n<li data-start=\"5153\" data-end=\"5265\">\n<p data-start=\"5155\" data-end=\"5265\"><strong data-start=\"5155\" data-end=\"5176\">Paleta nje\u017eno ru\u017ei\u010dastih nijansi:<\/strong> Dizajnirano u nje\u017enim nijansama koje zra\u010de ljubavlju, suosje\u0107anjem i \u017eenstvenom energijom.<\/p>\n<\/li>\n<li data-start=\"5266\" data-end=\"5387\">\n<p data-start=\"5268\" data-end=\"5387\"><strong data-start=\"5268\" data-end=\"5295\">Simbolika usmjerena na srce:<\/strong> Povezano s <strong data-start=\"5316\" data-end=\"5340\">Sr\u010dana \u010dakra (Anahata)<\/strong> \u2013 centar empatije i emocionalnog iscjeljenja.<\/p>\n<\/li>\n<li data-start=\"5388\" data-end=\"5494\">\n<p data-start=\"5390\" data-end=\"5494\"><strong data-start=\"5390\" data-end=\"5409\">Visoka kvaliteta:<\/strong> Dostupno kao <strong data-start=\"5427\" data-end=\"5459\">platno, tapiserija ili poster<\/strong> s izdr\u017eljivim, postojanim otiscima u boji.<\/p>\n<\/li>\n<li data-start=\"5495\" data-end=\"5604\">\n<p data-start=\"5497\" data-end=\"5604\"><strong data-start=\"5497\" data-end=\"5519\">Sveta geometrija:<\/strong> Uravnote\u017een i simetri\u010dan dizajn koji poti\u010de unutarnji mir i koncentraciju.<\/p>\n<\/li>\n<li data-start=\"5605\" data-end=\"5714\">\n<p data-start=\"5607\" data-end=\"5714\"><strong data-start=\"5607\" data-end=\"5630\">Svestrana upotreba:<\/strong> Savr\u0161eno za <strong data-start=\"5644\" data-end=\"5711\">ure\u0111enje doma, studiji za jogu, sobe za terapiju ili kutci za meditaciju<\/strong>.<\/p>\n<\/li>\n<\/ul>\n<hr data-start=\"5716\" data-end=\"5719\" \/>\n<h3 data-start=\"5721\" data-end=\"5738\"><strong data-start=\"5725\" data-end=\"5738\">Prednosti<\/strong><\/h3>\n<ul data-start=\"5739\" data-end=\"6196\">\n<li data-start=\"5739\" data-end=\"5835\">\n<p data-start=\"5741\" data-end=\"5835\"><strong data-start=\"5741\" data-end=\"5775\">Promi\u010de ljubav i suosje\u0107anje:<\/strong> Otvara srce za ljubav prema sebi i pozitivne veze.<\/p>\n<\/li>\n<li data-start=\"5836\" data-end=\"5926\">\n<p data-start=\"5838\" data-end=\"5926\"><strong data-start=\"5838\" data-end=\"5872\">Poti\u010de emocionalni oporavak:<\/strong> Ru\u017ei\u010dasti tonovi donose mir, oprost i harmoniju.<\/p>\n<\/li>\n<li data-start=\"5927\" data-end=\"6036\">\n<p data-start=\"5929\" data-end=\"6036\"><strong data-start=\"5929\" data-end=\"5957\">Podr\u017eava svjesnost:<\/strong> Idealno za meditaciju ili jogu za smirivanje emocija i pobolj\u0161anje fokusa.<\/p>\n<\/li>\n<li data-start=\"6037\" data-end=\"6113\">\n<p data-start=\"6039\" data-end=\"6113\"><strong data-start=\"6039\" data-end=\"6069\">Stvara mirnu atmosferu:<\/strong> Unosi meko\u0107u i toplinu u svaku prostoriju.<\/p>\n<\/li>\n<li data-start=\"6114\" data-end=\"6196\">\n<p data-start=\"6116\" data-end=\"6196\"><strong data-start=\"6116\" data-end=\"6142\">Pove\u0107ava pozitivnost:<\/strong> Promi\u010de ljubavnu, mirnu energiju u domu. 5-meo-mipt<\/p>\n<\/li>\n<\/ul>\n<hr data-start=\"6198\" data-end=\"6201\" \/>\n<h3 data-start=\"6203\" data-end=\"6218\"><strong data-start=\"6207\" data-end=\"6218\">Upotreba<\/strong><\/h3>\n<ol data-start=\"6219\" data-end=\"6637\">\n<li data-start=\"6219\" data-end=\"6335\">\n<p data-start=\"6222\" data-end=\"6335\"><strong data-start=\"6222\" data-end=\"6244\">Kao zidna dekoracija:<\/strong> Objesite <strong data-start=\"6253\" data-end=\"6269\">Ru\u017ei\u010dasta mandala<\/strong> u spava\u0107im sobama, studijima ili dnevnim boravcima za mirnu atmosferu.<\/p>\n<\/li>\n<li data-start=\"6336\" data-end=\"6445\">\n<p data-start=\"6339\" data-end=\"6445\"><strong data-start=\"6339\" data-end=\"6358\">Za meditaciju:<\/strong> Usmjerite pogled na sredi\u0161te mandale i duboko di\u0161ite kako biste poja\u010dali ljubav prema sebi.<\/p>\n<\/li>\n<li data-start=\"6446\" data-end=\"6539\">\n<p data-start=\"6449\" data-end=\"6539\"><strong data-start=\"6449\" data-end=\"6466\">Tijekom joge:<\/strong> Koristite mandalu kao sredi\u0161nju to\u010dku za poticanje emocionalne otvorenosti.<\/p>\n<\/li>\n<li data-start=\"6540\" data-end=\"6637\">\n<p data-start=\"6543\" data-end=\"6637\"><strong data-start=\"6543\" data-end=\"6558\">Kao poklon:<\/strong> Zna\u010dajan dar koji <strong data-start=\"6589\" data-end=\"6621\">ljubav, iscjeljenje i povezanost<\/strong> simbolizira.<\/p>\n<\/li>\n<\/ol>\n<hr data-start=\"6639\" data-end=\"6642\" \/>\n<h3 data-start=\"6644\" data-end=\"6677\"><strong data-start=\"6648\" data-end=\"6677\">\u010cesto postavljana pitanja (FAQ)<\/strong><\/h3>\n<p data-start=\"6679\" data-end=\"6835\"><strong data-start=\"6679\" data-end=\"6719\">1. \u0160to simbolizira Ru\u017ei\u010dasta mandala?<\/strong><br data-start=\"6719\" data-end=\"6722\" \/>The <strong data-start=\"6725\" data-end=\"6741\">Ru\u017ei\u010dasta mandala<\/strong> simbolizira <strong data-start=\"6755\" data-end=\"6800\">ljubav, suosje\u0107anje i emocionalna ravnote\u017ea<\/strong>i podr\u017eava <strong data-start=\"6820\" data-end=\"6834\">Sr\u010dana \u010dakra<\/strong>.<\/p>\n<p data-start=\"6837\" data-end=\"6979\"><strong data-start=\"6837\" data-end=\"6892\">2. Mogu li koristiti Ru\u017ei\u010dastu mandalu za meditaciju?<\/strong><br data-start=\"6892\" data-end=\"6895\" \/>Da, idealan je za <strong data-start=\"6918\" data-end=\"6944\">meditacija usmjerena na srce<\/strong> promicati mir i sklad.<\/p>\n<p data-start=\"6981\" data-end=\"7138\"><strong data-start=\"6981\" data-end=\"7040\">3. Je li ru\u017ei\u010dasta mandala prikladna za ure\u0111enje interijera?<\/strong><br data-start=\"7040\" data-end=\"7043\" \/>Definitivno. Nje\u017eni ru\u017ei\u010dasti tonovi donose <strong data-start=\"7085\" data-end=\"7122\">toplina, meko\u0107a i pozitivnost<\/strong> u svakoj sobi.<\/p>\n<hr data-start=\"7140\" data-end=\"7143\" \/>\n<h3 data-start=\"7145\" data-end=\"7162\"><strong data-start=\"7149\" data-end=\"7162\">Zaklju\u010dak<\/strong><\/h3>\n<p data-start=\"7163\" data-end=\"7528\">The <strong data-start=\"7166\" data-end=\"7182\">Ru\u017ei\u010dasta mandala<\/strong> je vi\u0161e od umjetni\u010dkog djela \u2013 to je <strong data-start=\"7222\" data-end=\"7283\">duhovni simbol ljubavi, ravnote\u017ee i unutarnjeg mira<\/strong>Svojom mekom shemom boja i svetom geometrijom, ona zra\u010di <strong data-start=\"7347\" data-end=\"7376\">toplina, suosje\u0107anje i mir<\/strong> van. Savr\u0161eno za <strong data-start=\"7395\" data-end=\"7436\">meditacija, joga ili ure\u0111enje interijera<\/strong>, the <strong data-start=\"7441\" data-end=\"7457\">Ru\u017ei\u010dasta mandala<\/strong> donosi <strong data-start=\"7465\" data-end=\"7500\">harmonija i energija ljubavi<\/strong> u svakom trenutku svog \u017eivota.<\/p>","protected":false},"excerpt":{"rendered":"<p>Introductie De Pink Mandala staat voor onvoorwaardelijke liefde, vriendelijkheid en emotionele harmonie. Mandala\u2019s, afkomstig uit oude hindoe\u00efstische en boeddhistische tradities,<\/p>","protected":false},"featured_media":20942,"comment_status":"closed","ping_status":"closed","template":"","meta":[],"product_brand":[82],"product_cat":[555],"product_tag":[650,882,883,326],"class_list":{"0":"post-24160","1":"product","2":"type-product","3":"status-publish","4":"has-post-thumbnail","6":"product_brand-research-chemical","7":"product_cat-b2b","8":"product_tag-5-meo-mipt","9":"product_tag-5-meo-mipt-dosage","10":"product_tag-5-meo-mipt-ervaring","11":"product_tag-nl","13":"first","14":"instock","15":"taxable","16":"shipping-taxable","17":"purchasable","18":"product-type-variable"},"_links":{"self":[{"href":"https:\/\/researchchemicalhub.com\/hr\/wp-json\/wp\/v2\/product\/24160","targetHints":{"allow":["GET"]}}],"collection":[{"href":"https:\/\/researchchemicalhub.com\/hr\/wp-json\/wp\/v2\/product"}],"about":[{"href":"https:\/\/researchchemicalhub.com\/hr\/wp-json\/wp\/v2\/types\/product"}],"replies":[{"embeddable":true,"href":"https:\/\/researchchemicalhub.com\/hr\/wp-json\/wp\/v2\/comments?post=24160"}],"version-history":[{"count":4,"href":"https:\/\/researchchemicalhub.com\/hr\/wp-json\/wp\/v2\/product\/24160\/revisions"}],"predecessor-version":[{"id":27850,"href":"https:\/\/researchchemicalhub.com\/hr\/wp-json\/wp\/v2\/product\/24160\/revisions\/27850"}],"wp:featuredmedia":[{"embeddable":true,"href":"https:\/\/researchchemicalhub.com\/hr\/wp-json\/wp\/v2\/media\/20942"}],"wp:attachment":[{"href":"https:\/\/researchchemicalhub.com\/hr\/wp-json\/wp\/v2\/media?parent=24160"}],"wp:term":[{"taxonomy":"product_brand","embeddable":true,"href":"https:\/\/researchchemicalhub.com\/hr\/wp-json\/wp\/v2\/product_brand?post=24160"},{"taxonomy":"product_cat","embeddable":true,"href":"https:\/\/researchchemicalhub.com\/hr\/wp-json\/wp\/v2\/product_cat?post=24160"},{"taxonomy":"product_tag","embeddable":true,"href":"https:\/\/researchchemicalhub.com\/hr\/wp-json\/wp\/v2\/product_tag?post=24160"}],"curies":[{"name":"radni list","href":"https:\/\/api.w.org\/{rel}","templated":true}]}}