{"id":24119,"date":"2025-04-13T17:41:04","date_gmt":"2025-04-13T17:41:04","guid":{"rendered":"https:\/\/researchchemicalhub.com\/?post_type=product&#038;p=24119"},"modified":"2025-10-14T08:34:47","modified_gmt":"2025-10-14T08:34:47","slug":"rc-metocin-blister","status":"publish","type":"product","link":"https:\/\/researchchemicalhub.com\/hr\/shop\/b2b\/rc-metocin-blister\/","title":{"rendered":"RC+ Metocin blister"},"content":{"rendered":"<h3 data-start=\"5633\" data-end=\"5654\"><strong data-start=\"5637\" data-end=\"5652\">Uvod<\/strong><\/h3>\n<p data-start=\"5655\" data-end=\"6097\">The <strong data-start=\"5658\" data-end=\"5681\">RC+ Metocin blister<\/strong> je profesionalna istra\u017eiva\u010dka kemijska formulacija dizajnirana za laboratorijske i analiti\u010dke primjene. Sadr\u017ei <strong data-start=\"5803\" data-end=\"5878\">4-hidroksi-N-metil-N-etiltriptamin (4-HO-MET, tako\u0111er poznat kao Metocin)<\/strong> u pojedina\u010dno zatvorenim peletama. Pakirani su u blister pakiranju (obi\u010dno 10 peleta) radi lak\u0161eg oporavka doze, kontrole kontaminacije i pra\u0107enja rukovanja. metocin<\/p>\n<p data-start=\"6099\" data-end=\"6290\">4-HO-MET je triptaminski spoj, srodan psilocinu, koji se istra\u017euje u farmakologiji serotoninskih receptora i psihoaktivnih tvari.<\/p>\n<p data-start=\"6292\" data-end=\"6497\">Ovaj proizvod je namijenjen samo za upotrebu <strong data-start=\"6332\" data-end=\"6346\">laboratorijska upotreba<\/strong> \u2014 na primjer vezanje receptora, analiti\u010dka kalibracija ili studije strukture i aktivnosti \u2014 i je <strong data-start=\"6444\" data-end=\"6496\">nije prikladno za ljudsku ili \u017eivotinjsku upotrebu<\/strong>.<\/p>\n<hr data-start=\"6499\" data-end=\"6502\" \/>\n<h3 data-start=\"6504\" data-end=\"6537\"><strong data-start=\"6508\" data-end=\"6535\">Klju\u010dne zna\u010dajke<\/strong><\/h3>\n<ul data-start=\"6538\" data-end=\"7152\">\n<li data-start=\"6538\" data-end=\"6592\">\n<p data-start=\"6540\" data-end=\"6592\"><strong data-start=\"6540\" data-end=\"6557\">Aktivni sastojak:<\/strong> 4-HO-MET (Metocin) u obliku peleta<\/p>\n<\/li>\n<li data-start=\"6593\" data-end=\"6712\">\n<p data-start=\"6595\" data-end=\"6712\"><strong data-start=\"6595\" data-end=\"6619\">Doziranje po peleti:<\/strong> Oko <strong data-start=\"6629\" data-end=\"6638\">21 mg<\/strong> (kako su naveli dobavlja\u010di)<\/p>\n<\/li>\n<li data-start=\"6713\" data-end=\"6839\">\n<p data-start=\"6715\" data-end=\"6839\"><strong data-start=\"6715\" data-end=\"6743\">Visoka \u010disto\u0107a (\u2265 98 %)<\/strong>Ozna\u010deno kao istra\u017eiva\u010dki materijal visoke \u010disto\u0107e<\/p>\n<\/li>\n<li data-start=\"6840\" data-end=\"6931\">\n<p data-start=\"6842\" data-end=\"6931\"><strong data-start=\"6842\" data-end=\"6864\">Blister pakiranje:<\/strong> Svaka kuglica pojedina\u010dno zatvorena kako bi se smanjila kontaminacija<\/p>\n<\/li>\n<li data-start=\"6932\" data-end=\"7070\">\n<p data-start=\"6934\" data-end=\"7070\"><strong data-start=\"6934\" data-end=\"6966\">Sljedivost serije i lota:<\/strong> Svaki blister sadr\u017ei identifikacijske kodove za kontrolu kvalitete<\/p>\n<\/li>\n<li data-start=\"7071\" data-end=\"7152\">\n<p data-start=\"7073\" data-end=\"7152\"><strong data-start=\"7073\" data-end=\"7097\">Kompaktno i za\u0161ti\u0107eno:<\/strong> Ambala\u017ea \u0161titi od svjetlosti, vlage i degradacije<\/p>\n<\/li>\n<\/ul>\n<hr data-start=\"7154\" data-end=\"7157\" \/>\n<h3 data-start=\"7159\" data-end=\"7178\"><strong data-start=\"7163\" data-end=\"7176\">Prednosti<\/strong><\/h3>\n<p data-start=\"7179\" data-end=\"7723\">\u2705 <strong data-start=\"7181\" data-end=\"7210\">Reproducibilna doza:<\/strong> Svaka peleta sadr\u017ei konzistentnu, izmjerenu koli\u010dinu 4-HO-MET-a, \u0161to smanjuje varijancu u eksperimentima.<br data-start=\"7319\" data-end=\"7322\" \/>\u2705 <strong data-start=\"7324\" data-end=\"7351\">Pobolj\u0161ana stabilnost:<\/strong> Blister pakiranje \u0161titi uzorak od utjecaja okoline.<br data-start=\"7423\" data-end=\"7426\" \/>\u2705 <strong data-start=\"7428\" data-end=\"7462\">Smanjeni rizik od kontaminacije:<\/strong> Individualno brtvljenje peleta ograni\u010dava unakrsnu kontaminaciju.<br data-start=\"7517\" data-end=\"7520\" \/>\u2705 <strong data-start=\"7522\" data-end=\"7548\">Format koji \u0161tedi vrijeme:<\/strong> Izravno upotrebljivo bez slo\u017eene pripreme uzorka ili vaganja. metocin<br data-start=\"7610\" data-end=\"7613\" \/>\u2705 <strong data-start=\"7615\" data-end=\"7657\">Bolja dokumentacija i sljedivost:<\/strong> \u0160ifre \u0161ar\u017ei i ID peleta olak\u0161avaju administraciju i revizije.<\/p>\n<hr data-start=\"7725\" data-end=\"7728\" \/>\n<h3 data-start=\"7730\" data-end=\"7790\"><strong data-start=\"7734\" data-end=\"7788\">Kako koristiti (samo za istra\u017eivanje\/analizu)<\/strong><\/h3>\n<blockquote data-start=\"7791\" data-end=\"7973\">\n<p data-start=\"7793\" data-end=\"7973\">\u26a0\ufe0f <strong data-start=\"7796\" data-end=\"7810\">Napomena:<\/strong> Ovaj proizvod je <strong data-start=\"7826\" data-end=\"7869\">NIJE za ljudsku ili \u017eivotinjsku upotrebu<\/strong>Koristiti samo u kontroliranim laboratorijskim uvjetima s odgovaraju\u0107om sigurnosnom opremom.<\/p>\n<\/blockquote>\n<ol data-start=\"7975\" data-end=\"9041\">\n<li data-start=\"7975\" data-end=\"8186\">\n<p data-start=\"7978\" data-end=\"8016\"><strong data-start=\"7978\" data-end=\"8014\">Pregledajte blister i pelete<\/strong><\/p>\n<ul data-start=\"8020\" data-end=\"8186\">\n<li data-start=\"8020\" data-end=\"8069\">\n<p data-start=\"8022\" data-end=\"8069\">Provjerite je li blister pakiranje neo\u0161te\u0107eno.<\/p>\n<\/li>\n<li data-start=\"8073\" data-end=\"8118\">\n<p data-start=\"8075\" data-end=\"8118\">Usporedite broj serije s dokumentacijom.<\/p>\n<\/li>\n<li data-start=\"8122\" data-end=\"8186\">\n<p data-start=\"8124\" data-end=\"8186\">Provjerite jesu li peleti neo\u0161te\u0107eni i bez promjene boje.<\/p>\n<\/li>\n<\/ul>\n<\/li>\n<li data-start=\"8188\" data-end=\"8357\">\n<p data-start=\"8191\" data-end=\"8212\"><strong data-start=\"8191\" data-end=\"8210\">Ekstrakcija peleta<\/strong><\/p>\n<ul data-start=\"8216\" data-end=\"8357\">\n<li data-start=\"8216\" data-end=\"8309\">\n<p data-start=\"8218\" data-end=\"8309\">Sterilnim instrumentima ili rukavicama nje\u017eno istisnite jednu kuglicu iz blistera.<\/p>\n<\/li>\n<li data-start=\"8313\" data-end=\"8357\">\n<p data-start=\"8315\" data-end=\"8357\">Izbjegavajte izravan kontakt s povr\u0161inom.<\/p>\n<\/li>\n<\/ul>\n<\/li>\n<li data-start=\"8359\" data-end=\"8559\">\n<p data-start=\"8362\" data-end=\"8391\"><strong data-start=\"8362\" data-end=\"8389\">Rije\u0161i \/ Pripremi<\/strong><\/p>\n<ul data-start=\"8395\" data-end=\"8559\">\n<li data-start=\"8395\" data-end=\"8486\">\n<p data-start=\"8397\" data-end=\"8486\">Otopite ili suspendirajte talog u prikladnom otapalu (npr. pufer, etanol, voda).<\/p>\n<\/li>\n<li data-start=\"8490\" data-end=\"8559\">\n<p data-start=\"8492\" data-end=\"8559\">Lagano mije\u0161ajte dok se potpuno ne otopi i ravnomjerno rasporedi.<\/p>\n<\/li>\n<\/ul>\n<\/li>\n<li data-start=\"8561\" data-end=\"8795\">\n<p data-start=\"8564\" data-end=\"8594\"><strong data-start=\"8564\" data-end=\"8592\">Eksperimentalna primjena<\/strong><\/p>\n<ul data-start=\"8598\" data-end=\"8795\">\n<li data-start=\"8598\" data-end=\"8716\">\n<p data-start=\"8600\" data-end=\"8716\">Pripremljenu otopinu koristite u kromatografiji, testovima vezanja, studijama receptora ili drugim odobrenim metodama.<\/p>\n<\/li>\n<li data-start=\"8720\" data-end=\"8795\">\n<p data-start=\"8722\" data-end=\"8795\">Zabilje\u017eite ID pelete, koncentraciju, volumen otapanja i sve relevantne parametre.<\/p>\n<\/li>\n<\/ul>\n<\/li>\n<li data-start=\"8797\" data-end=\"9041\">\n<p data-start=\"8800\" data-end=\"8827\"><strong data-start=\"8800\" data-end=\"8825\">Skladi\u0161tenje i uklanjanje<\/strong><\/p>\n<ul data-start=\"8831\" data-end=\"9041\">\n<li data-start=\"8831\" data-end=\"8882\">\n<p data-start=\"8833\" data-end=\"8882\">Neiskori\u0161tene pelete vratite u blister.<\/p>\n<\/li>\n<li data-start=\"8886\" data-end=\"8949\">\n<p data-start=\"8888\" data-end=\"8949\">\u010cuvati uspravno u <strong data-start=\"8910\" data-end=\"8937\">hladno, tamno i suho<\/strong> okoli\u0161.<\/p>\n<\/li>\n<li data-start=\"8953\" data-end=\"9041\">\n<p data-start=\"8955\" data-end=\"9041\">Zbrinite rabljene pelete, otapala i ambala\u017eu u skladu s pravilima o kemijskom otpadu.<\/p>\n<\/li>\n<\/ul>\n<\/li>\n<\/ol>\n<hr data-start=\"9043\" data-end=\"9046\" \/>\n<h3 data-start=\"9048\" data-end=\"9083\"><strong data-start=\"9052\" data-end=\"9081\">\u010cesto postavljana pitanja (FAQ)<\/strong><\/h3>\n<p data-start=\"9085\" data-end=\"9354\"><strong data-start=\"9085\" data-end=\"9118\">1. \u0160to je 4-HO-MET (Metocin)?<\/strong><br data-start=\"9118\" data-end=\"9121\" \/>4-HO-MET (4-hidroksi-N-metil-N-etiltriptamin), tako\u0111er poznat kao Metocin, je psihoaktivni analog triptamina srodan psilocinu, koji se koristi u farmakolo\u0161kim istra\u017eivanjima serotoninskih receptora.<\/p>\n<p data-start=\"9356\" data-end=\"9535\"><strong data-start=\"9356\" data-end=\"9413\">2. Koliko mg sadr\u017ei svaka peleta u blisteru Metocina?<\/strong><br data-start=\"9413\" data-end=\"9416\" \/>Prema informacijama dobavlja\u010da, svaka kuglica sadr\u017ei otprilike <strong data-start=\"9474\" data-end=\"9483\">21 mg<\/strong> 4-HO-MET.<\/p>\n<p data-start=\"9537\" data-end=\"9741\"><strong data-start=\"9537\" data-end=\"9619\">3. Mo\u017ee li se RC+ Metocin Blister koristiti za ljude ili \u017eivotinje?<\/strong><br data-start=\"9619\" data-end=\"9622\" \/>Ne. Proizvod je ozna\u010den kao <strong data-start=\"9655\" data-end=\"9680\">samo za istra\u017eivanje<\/strong>, i je <strong data-start=\"9688\" data-end=\"9704\">nije namijenjeno<\/strong> za upotrebu kod ljudi ili \u017eivotinja.<\/p>\n<p>&nbsp;<\/p>","protected":false},"excerpt":{"rendered":"<p><span style=\"vertical-align: inherit;\"><span style=\"vertical-align: inherit;\"><span dir=\"auto\" style=\"vertical-align: inherit;\"><span dir=\"auto\" style=\"vertical-align: inherit;\"><span dir=\"auto\" style=\"vertical-align: inherit;\"><span dir=\"auto\" style=\"vertical-align: inherit;\">CAS broj: 77872-41-4 <\/span><\/span><\/span><\/span><\/span><\/span><br \/>\n<span style=\"vertical-align: inherit;\"><span style=\"vertical-align: inherit;\"><span dir=\"auto\" style=\"vertical-align: inherit;\"><span dir=\"auto\" style=\"vertical-align: inherit;\"><span dir=\"auto\" style=\"vertical-align: inherit;\"><span dir=\"auto\" style=\"vertical-align: inherit;\">Formula: C13H18N2O <\/span><\/span><\/span><\/span><\/span><\/span><br \/>\n<span style=\"vertical-align: inherit;\"><span style=\"vertical-align: inherit;\"><span dir=\"auto\" style=\"vertical-align: inherit;\"><span dir=\"auto\" style=\"vertical-align: inherit;\"><span dir=\"auto\" style=\"vertical-align: inherit;\"><span dir=\"auto\" style=\"vertical-align: inherit;\">Molarna masa: 218,3 g\/mol <\/span><\/span><\/span><\/span><\/span><\/span><br \/>\n<span style=\"vertical-align: inherit;\"><span style=\"vertical-align: inherit;\"><span dir=\"auto\" style=\"vertical-align: inherit;\"><span dir=\"auto\" style=\"vertical-align: inherit;\"><span dir=\"auto\" style=\"vertical-align: inherit;\"><span dir=\"auto\" style=\"vertical-align: inherit;\">\u010cisto\u0107a: \u226598%<\/span><\/span><\/span><\/span><\/span><\/span><\/p>","protected":false},"featured_media":21164,"comment_status":"closed","ping_status":"closed","template":"","meta":[],"product_brand":[],"product_cat":[555],"product_tag":[636,635,326],"class_list":{"0":"post-24119","1":"product","2":"type-product","3":"status-publish","4":"has-post-thumbnail","6":"product_cat-b2b","7":"product_tag-metocin","8":"product_tag-metocin-kopen","9":"product_tag-nl","11":"first","12":"instock","13":"taxable","14":"shipping-taxable","15":"purchasable","16":"product-type-variable"},"_links":{"self":[{"href":"https:\/\/researchchemicalhub.com\/hr\/wp-json\/wp\/v2\/product\/24119","targetHints":{"allow":["GET"]}}],"collection":[{"href":"https:\/\/researchchemicalhub.com\/hr\/wp-json\/wp\/v2\/product"}],"about":[{"href":"https:\/\/researchchemicalhub.com\/hr\/wp-json\/wp\/v2\/types\/product"}],"replies":[{"embeddable":true,"href":"https:\/\/researchchemicalhub.com\/hr\/wp-json\/wp\/v2\/comments?post=24119"}],"version-history":[{"count":5,"href":"https:\/\/researchchemicalhub.com\/hr\/wp-json\/wp\/v2\/product\/24119\/revisions"}],"predecessor-version":[{"id":26511,"href":"https:\/\/researchchemicalhub.com\/hr\/wp-json\/wp\/v2\/product\/24119\/revisions\/26511"}],"wp:featuredmedia":[{"embeddable":true,"href":"https:\/\/researchchemicalhub.com\/hr\/wp-json\/wp\/v2\/media\/21164"}],"wp:attachment":[{"href":"https:\/\/researchchemicalhub.com\/hr\/wp-json\/wp\/v2\/media?parent=24119"}],"wp:term":[{"taxonomy":"product_brand","embeddable":true,"href":"https:\/\/researchchemicalhub.com\/hr\/wp-json\/wp\/v2\/product_brand?post=24119"},{"taxonomy":"product_cat","embeddable":true,"href":"https:\/\/researchchemicalhub.com\/hr\/wp-json\/wp\/v2\/product_cat?post=24119"},{"taxonomy":"product_tag","embeddable":true,"href":"https:\/\/researchchemicalhub.com\/hr\/wp-json\/wp\/v2\/product_tag?post=24119"}],"curies":[{"name":"radni list","href":"https:\/\/api.w.org\/{rel}","templated":true}]}}