{"id":24107,"date":"2025-04-13T17:41:04","date_gmt":"2025-04-13T17:41:04","guid":{"rendered":"https:\/\/researchchemicalhub.com\/?post_type=product&#038;p=24107"},"modified":"2025-10-14T07:55:35","modified_gmt":"2025-10-14T07:55:35","slug":"rc-maxtc-blister","status":"publish","type":"product","link":"https:\/\/researchchemicalhub.com\/hr\/shop\/b2b\/rc-maxtc-blister\/","title":{"rendered":"RC+ MaXTC blister"},"content":{"rendered":"<h3 data-start=\"5023\" data-end=\"5044\"><strong data-start=\"5027\" data-end=\"5042\">Uvod<\/strong><\/h3>\n<p data-start=\"5045\" data-end=\"5340\">The <strong data-start=\"5048\" data-end=\"5069\">RC+ MaXTC blister<\/strong> je <strong data-start=\"5077\" data-end=\"5115\">visokokvalitetna istra\u017eiva\u010dka formulacija<\/strong> Razvijeno za napredne analiti\u010dke i znanstvene primjene. Svaki blister sadr\u017ei pojedina\u010dno zatvorene pelete, dizajnirane za <strong data-start=\"5258\" data-end=\"5337\">precizno doziranje, pobolj\u0161ana stabilnost i rukovanje bez kontaminacije<\/strong>.<\/p>\n<p data-start=\"5342\" data-end=\"5536\">Kombinacija <strong data-start=\"5360\" data-end=\"5391\">5-MAPB, 4-FMA i 5-MeO-MiPT<\/strong> \u010dini ovaj proizvod posebno prikladnim za istra\u017eivanje <strong data-start=\"5449\" data-end=\"5533\">farmakolo\u0161ke interakcije, vezanje receptora i molekularne usporedbe<\/strong>.<\/p>\n<p data-start=\"5538\" data-end=\"5653\">Blister pakiranje osigurava pouzdanost, sljedivost i prakti\u010dnost za kori\u0161tenje u profesionalnim laboratorijima.<\/p>\n<p data-start=\"5655\" data-end=\"5766\"><em data-start=\"5655\" data-end=\"5766\">(Ovaj proizvod je samo u istra\u017eiva\u010dke svrhe. Nije za prehranu ljudi ili \u017eivotinja.)<\/em><\/p>\n<hr data-start=\"5768\" data-end=\"5771\" \/>\n<h3 data-start=\"5773\" data-end=\"5806\"><strong data-start=\"5777\" data-end=\"5804\">Klju\u010dne zna\u010dajke<\/strong><\/h3>\n<ul data-start=\"5807\" data-end=\"6395\">\n<li data-start=\"5807\" data-end=\"5928\">\n<p data-start=\"5809\" data-end=\"5928\"><strong data-start=\"5809\" data-end=\"5832\">Vi\u0161ekomponentna mje\u0161avina:<\/strong> Svaka peleta sadr\u017ei precizno uravnote\u017eenu kombinaciju 5-MAPB, 4-FMA i 5-MeO-MiPT.<\/p>\n<\/li>\n<li data-start=\"5929\" data-end=\"6034\">\n<p data-start=\"5931\" data-end=\"6034\"><strong data-start=\"5931\" data-end=\"5955\">Precizna formulacija:<\/strong> Razvijeno za kontrolirane eksperimente s konzistentnim sastavima.<\/p>\n<\/li>\n<li data-start=\"6035\" data-end=\"6137\">\n<p data-start=\"6037\" data-end=\"6137\"><strong data-start=\"6037\" data-end=\"6059\">Blister pakiranje:<\/strong> Svaka kuglica je pojedina\u010dno zatvorena za optimalnu stabilnost i sigurnost.<\/p>\n<\/li>\n<li data-start=\"6138\" data-end=\"6236\">\n<p data-start=\"6140\" data-end=\"6236\"><strong data-start=\"6140\" data-end=\"6158\">Jednostavnost kori\u0161tenja:<\/strong> Jednostavno uklanjanje za precizno doziranje i pripremu uzorka.<\/p>\n<\/li>\n<li data-start=\"6237\" data-end=\"6334\">\n<p data-start=\"6239\" data-end=\"6334\"><strong data-start=\"6239\" data-end=\"6258\">Numeriranje serije:<\/strong> Opremljen je jedinstvenim kodom serije za osiguranje kvalitete i sljedivost.<\/p>\n<\/li>\n<li data-start=\"6335\" data-end=\"6395\">\n<p data-start=\"6337\" data-end=\"6395\"><strong data-start=\"6337\" data-end=\"6348\">Sadr\u017eaj:<\/strong> Svaki blister sadr\u017ei <strong data-start=\"6368\" data-end=\"6392\">10 istra\u017eiva\u010dkih kuglica<\/strong>.<\/p>\n<\/li>\n<\/ul>\n<hr data-start=\"6397\" data-end=\"6400\" \/>\n<h3 data-start=\"6402\" data-end=\"6421\"><strong data-start=\"6406\" data-end=\"6419\">Prednosti<\/strong><\/h3>\n<p data-start=\"6422\" data-end=\"6518\">\u2705 <strong data-start=\"6424\" data-end=\"6450\">Dosljedni rezultati<\/strong> \u2013 Svaka kuglica pru\u017ea pouzdane, reproducibilne istra\u017eiva\u010dke podatke.<\/p>\n<p data-start=\"6520\" data-end=\"6618\">\u2705 <strong data-start=\"6522\" data-end=\"6544\">Bolja stabilnost<\/strong> \u2013 Pakiranje bez zraka i vlage sprje\u010dava degradaciju smjese.<\/p>\n<p data-start=\"6620\" data-end=\"6702\">\u2705 <strong data-start=\"6622\" data-end=\"6644\">Br\u017ei radni proces<\/strong> \u2013 Unaprijed odmjerene pelete \u0161tede vrijeme pripreme.<\/p>\n<p data-start=\"6704\" data-end=\"6780\">\u2705 <strong data-start=\"6706\" data-end=\"6729\">Sigurnije za kori\u0161tenje<\/strong> \u2013 Pojedina\u010dne \u0161upljine ograni\u010davaju rizik od kontaminacije.<\/p>\n<p data-start=\"6782\" data-end=\"6896\">\u2705 <strong data-start=\"6784\" data-end=\"6823\">Idealno za komparativna istra\u017eivanja<\/strong> \u2013 Podr\u017eava studije o sinergiji ili interakciji izme\u0111u spojeva.<\/p>\n<hr data-start=\"6898\" data-end=\"6901\" \/>\n<h3 data-start=\"6903\" data-end=\"6966\"><strong data-start=\"6907\" data-end=\"6964\">Upute za uporabu (samo u istra\u017eiva\u010dke svrhe)<\/strong><\/h3>\n<blockquote data-start=\"6967\" data-end=\"7143\">\n<p data-start=\"6969\" data-end=\"7143\">\u26a0\ufe0f <strong data-start=\"6972\" data-end=\"6987\">Va\u017eno:<\/strong> RC+ MaXTC blister nije namijenjen za upotrebu kod ljudi ili \u017eivotinja. Uvijek nosite rukavice i osobnu za\u0161titnu opremu te radite u skladu sa smjernicama za sigurnost u laboratoriju.<\/p>\n<\/blockquote>\n<ol data-start=\"7145\" data-end=\"8004\">\n<li data-start=\"7145\" data-end=\"7268\">\n<p data-start=\"7148\" data-end=\"7163\"><strong data-start=\"7148\" data-end=\"7161\">Inspekcija<\/strong><\/p>\n<ul data-start=\"7167\" data-end=\"7268\">\n<li data-start=\"7167\" data-end=\"7212\">\n<p data-start=\"7169\" data-end=\"7212\">Provjerite blister i broj serije.<\/p>\n<\/li>\n<li data-start=\"7216\" data-end=\"7268\">\n<p data-start=\"7218\" data-end=\"7268\">Provjerite jesu li peleti neo\u0161te\u0107eni i netaknuti.<\/p>\n<\/li>\n<\/ul>\n<\/li>\n<li data-start=\"7270\" data-end=\"7408\">\n<p data-start=\"7273\" data-end=\"7297\"><strong data-start=\"7273\" data-end=\"7295\">Uklanjanje peleta<\/strong><\/p>\n<ul data-start=\"7301\" data-end=\"7408\">\n<li data-start=\"7301\" data-end=\"7373\">\n<p data-start=\"7303\" data-end=\"7373\">Sterilnim alatima nje\u017eno progurajte jednu kuglicu kroz foliju.<\/p>\n<\/li>\n<li data-start=\"7377\" data-end=\"7408\">\n<p data-start=\"7379\" data-end=\"7408\">Izbjegavajte izravan kontakt s ko\u017eom.<\/p>\n<\/li>\n<\/ul>\n<\/li>\n<li data-start=\"7410\" data-end=\"7600\">\n<p data-start=\"7413\" data-end=\"7439\"><strong data-start=\"7413\" data-end=\"7437\">Priprema uzorka<\/strong><\/p>\n<ul data-start=\"7443\" data-end=\"7600\">\n<li data-start=\"7443\" data-end=\"7548\">\n<p data-start=\"7445\" data-end=\"7548\">Otopite talog u prikladnom otapalu (npr. etanolu, destiliranoj vodi ili puferskoj otopini).<\/p>\n<\/li>\n<li data-start=\"7552\" data-end=\"7600\">\n<p data-start=\"7554\" data-end=\"7600\">Lagano mije\u0161ajte dok se ne dobije homogena otopina.<\/p>\n<\/li>\n<\/ul>\n<\/li>\n<li data-start=\"7602\" data-end=\"7787\">\n<p data-start=\"7605\" data-end=\"7633\"><strong data-start=\"7605\" data-end=\"7631\">Izvo\u0111enje eksperimenata<\/strong><\/p>\n<ul data-start=\"7637\" data-end=\"7787\">\n<li data-start=\"7637\" data-end=\"7723\">\n<p data-start=\"7639\" data-end=\"7723\">Upotreba u testovima vezanja receptora, in vitro testovima ili drugim odobrenim testovima.<\/p>\n<\/li>\n<li data-start=\"7727\" data-end=\"7787\">\n<p data-start=\"7729\" data-end=\"7787\">Zabilje\u017eite otapala, koncentracije i vremenske intervale.<\/p>\n<\/li>\n<\/ul>\n<\/li>\n<li data-start=\"7789\" data-end=\"8004\">\n<p data-start=\"7792\" data-end=\"7822\"><strong data-start=\"7792\" data-end=\"7820\">Skladi\u0161tenje i obrada otpada<\/strong><\/p>\n<ul data-start=\"7826\" data-end=\"8004\">\n<li data-start=\"7826\" data-end=\"7923\">\n<p data-start=\"7828\" data-end=\"7923\">Neiskori\u0161tene pelete \u010duvajte u blisteru, uspravno i u <strong data-start=\"7888\" data-end=\"7920\">hladnom, tamnom, suhom mjestu<\/strong>.<\/p>\n<\/li>\n<li data-start=\"7927\" data-end=\"8004\">\n<p data-start=\"7929\" data-end=\"8004\">Ostatke zbrinite u skladu s pravilima o kemijskom otpadu va\u0161eg laboratorija.<\/p>\n<\/li>\n<\/ul>\n<\/li>\n<\/ol>\n<hr data-start=\"8006\" data-end=\"8009\" \/>\n<h3 data-start=\"8011\" data-end=\"8046\"><strong data-start=\"8015\" data-end=\"8044\">\u010cesto postavljana pitanja (FAQ)<\/strong><\/h3>\n<p data-start=\"8048\" data-end=\"8225\"><strong data-start=\"8048\" data-end=\"8098\">1. Koje spojeve sadr\u017ei RC+ MaXTC Blister?<\/strong><br data-start=\"8098\" data-end=\"8101\" \/>Svaka peleta sadr\u017ei kombinaciju <strong data-start=\"8138\" data-end=\"8148\">5-MAPB<\/strong>, <strong data-start=\"8150\" data-end=\"8159\">4-FMA<\/strong> i <strong data-start=\"8163\" data-end=\"8177\">5-MeO-MiPT<\/strong> \u2013 namijenjeno samo za istra\u017eiva\u010dku upotrebu.<\/p>\n<p data-start=\"8227\" data-end=\"8393\"><strong data-start=\"8227\" data-end=\"8285\">2. Koliko peleta ima u jednom blister pakiranju?<\/strong><br data-start=\"8285\" data-end=\"8288\" \/>Svaki blister sadr\u017ei <strong data-start=\"8307\" data-end=\"8345\">10 pojedina\u010dno zatvorenih peleta<\/strong> za kontrolirana i reproducibilna ispitivanja.<\/p>\n<p data-start=\"8395\" data-end=\"8583\"><strong data-start=\"8395\" data-end=\"8455\">3. Je li RC+ MaXTC blister prikladan za ljudsku upotrebu?<\/strong><br data-start=\"8455\" data-end=\"8458\" \/>Ne \u2013 ovaj proizvod je <strong data-start=\"8479\" data-end=\"8520\">samo u istra\u017eiva\u010dke svrhe<\/strong> i <strong data-start=\"8524\" data-end=\"8580\">nije namijenjeno za ljudsku ili \u017eivotinjsku konzumaciju<\/strong>.<\/p>\n<p><a href=\"https:\/\/researchchemicalhub.com\/hr\/shop\/lysergamides\/1cp-lsd-150-mcg\/\"><span dir=\"auto\" style=\"vertical-align: inherit;\"><span dir=\"auto\" style=\"vertical-align: inherit;\">1cP-LSD 150 MCG Art Blotters <\/span><\/span><\/a><a href=\"https:\/\/researchchemicalhub.com\/hr\/shop\/pellets\/o-dsmt-50mg-pellets\/\"><span dir=\"auto\" style=\"vertical-align: inherit;\"><span dir=\"auto\" style=\"vertical-align: inherit;\">O-DSMT pelete od 50 mg <\/span><\/span><\/a><a href=\"https:\/\/researchchemicalhub.com\/hr\/shop\/lysergamides\/1v-lsd-150-mcg-blotters\/\"><span dir=\"auto\" style=\"vertical-align: inherit;\"><span dir=\"auto\" style=\"vertical-align: inherit;\">1V-LSD 150 MCG upijaju\u0107ih papira <\/span><\/span><\/a><a href=\"https:\/\/researchchemicalhub.com\/hr\/shop\/bijna-verboden\/6-cl-adba\/\"><span dir=\"auto\" style=\"vertical-align: inherit;\"><span dir=\"auto\" style=\"vertical-align: inherit;\">6-CL-ADBA <\/span><\/span><\/a><a href=\"https:\/\/researchchemicalhub.com\/hr\/shop\/cathinonen\/2-cmc-kopen\/\"><span dir=\"auto\" style=\"vertical-align: inherit;\"><span dir=\"auto\" style=\"vertical-align: inherit;\">2-CMC pelete od 250 mg<\/span><\/span><\/a><\/p>","protected":false},"excerpt":{"rendered":"<p>Introductie De RC+ MaXTC Blister is een hoogwaardige onderzoeksformulering ontwikkeld voor geavanceerde analytische en wetenschappelijke toepassingen. Elke blister bevat individueel<\/p>","protected":false},"featured_media":21157,"comment_status":"closed","ping_status":"closed","template":"","meta":[],"product_brand":[],"product_cat":[555],"product_tag":[629,644,664,326],"class_list":{"0":"post-24107","1":"product","2":"type-product","3":"status-publish","4":"has-post-thumbnail","6":"product_cat-b2b","7":"product_tag-4-fma-kopen","8":"product_tag-4-fma","9":"product_tag-maxtc","10":"product_tag-nl","12":"first","13":"instock","14":"taxable","15":"shipping-taxable","16":"purchasable","17":"product-type-variable"},"_links":{"self":[{"href":"https:\/\/researchchemicalhub.com\/hr\/wp-json\/wp\/v2\/product\/24107","targetHints":{"allow":["GET"]}}],"collection":[{"href":"https:\/\/researchchemicalhub.com\/hr\/wp-json\/wp\/v2\/product"}],"about":[{"href":"https:\/\/researchchemicalhub.com\/hr\/wp-json\/wp\/v2\/types\/product"}],"replies":[{"embeddable":true,"href":"https:\/\/researchchemicalhub.com\/hr\/wp-json\/wp\/v2\/comments?post=24107"}],"version-history":[{"count":4,"href":"https:\/\/researchchemicalhub.com\/hr\/wp-json\/wp\/v2\/product\/24107\/revisions"}],"predecessor-version":[{"id":27874,"href":"https:\/\/researchchemicalhub.com\/hr\/wp-json\/wp\/v2\/product\/24107\/revisions\/27874"}],"wp:featuredmedia":[{"embeddable":true,"href":"https:\/\/researchchemicalhub.com\/hr\/wp-json\/wp\/v2\/media\/21157"}],"wp:attachment":[{"href":"https:\/\/researchchemicalhub.com\/hr\/wp-json\/wp\/v2\/media?parent=24107"}],"wp:term":[{"taxonomy":"product_brand","embeddable":true,"href":"https:\/\/researchchemicalhub.com\/hr\/wp-json\/wp\/v2\/product_brand?post=24107"},{"taxonomy":"product_cat","embeddable":true,"href":"https:\/\/researchchemicalhub.com\/hr\/wp-json\/wp\/v2\/product_cat?post=24107"},{"taxonomy":"product_tag","embeddable":true,"href":"https:\/\/researchchemicalhub.com\/hr\/wp-json\/wp\/v2\/product_tag?post=24107"}],"curies":[{"name":"radni list","href":"https:\/\/api.w.org\/{rel}","templated":true}]}}