{"id":23834,"date":"2025-04-13T17:40:30","date_gmt":"2025-04-13T17:40:30","guid":{"rendered":"https:\/\/researchchemicalhub.com\/?post_type=product&#038;p=23834"},"modified":"2025-10-30T08:12:59","modified_gmt":"2025-10-30T08:12:59","slug":"kupiti-jwh-210","status":"publish","type":"product","link":"https:\/\/researchchemicalhub.com\/hr\/ducan\/gotovo-zabranjeno\/kupiti-jwh-210\/","title":{"rendered":"JWH-210 (John William Huffman \u2013 210)"},"content":{"rendered":"<p data-start=\"5035\" data-end=\"5263\"><strong data-start=\"5035\" data-end=\"5073\">JWH-210 (John William Huffman-210)<\/strong> je <strong data-start=\"5081\" data-end=\"5118\">sintetski kanabinoidni agonist<\/strong> od <strong data-start=\"5126\" data-end=\"5151\">obitelj naftoilindola<\/strong>Izvorno je razvijen tijekom akademskog istra\u017eivanja funkcioniranja kanabinoidnih receptora. Kupite JWH-210<\/p>\n<p data-start=\"5265\" data-end=\"5586\">Danas, JWH-210 slu\u017ei kao <strong data-start=\"5296\" data-end=\"5326\">referentna i analitna tvar<\/strong> u laboratorijima koji provode istra\u017eivanja <strong data-start=\"5366\" data-end=\"5396\">sintetski kanabinoidi<\/strong>, <strong data-start=\"5398\" data-end=\"5419\">analiza metabolita<\/strong> i <strong data-start=\"5423\" data-end=\"5455\">toksikolo\u0161ka identifikacija<\/strong>Proizvod je <strong data-start=\"5472\" data-end=\"5522\">namijenjeno samo za laboratorijska istra\u017eivanja<\/strong> i <strong data-start=\"5526\" data-end=\"5583\">nije prikladno za ljudsku ili \u017eivotinjsku konzumaciju<\/strong>.<\/p>\n<hr data-start=\"5588\" data-end=\"5591\" \/>\n<h3 data-start=\"5593\" data-end=\"5624\"><strong data-start=\"5597\" data-end=\"5624\">Klju\u010dne zna\u010dajke<\/strong><\/h3>\n<ul data-start=\"5626\" data-end=\"6080\">\n<li data-start=\"5626\" data-end=\"5709\">\n<p data-start=\"5628\" data-end=\"5709\"><strong data-start=\"5628\" data-end=\"5653\">Kemijski identitet:<\/strong> Sintetski kanabinoid iz klase naftoilindola.<\/p>\n<\/li>\n<li data-start=\"5710\" data-end=\"5790\">\n<p data-start=\"5712\" data-end=\"5790\"><strong data-start=\"5712\" data-end=\"5732\">Visoka \u010disto\u0107a:<\/strong> Dizajniran za precizne metode detekcije i analize.<\/p>\n<\/li>\n<li data-start=\"5791\" data-end=\"5884\">\n<p data-start=\"5793\" data-end=\"5884\"><strong data-start=\"5793\" data-end=\"5832\">Certificirani referentni materijal:<\/strong> Isporu\u010duje se s certifikatom analize i podacima o seriji.<\/p>\n<\/li>\n<li data-start=\"5885\" data-end=\"5981\">\n<p data-start=\"5887\" data-end=\"5981\"><strong data-start=\"5887\" data-end=\"5910\">Stabilna struktura:<\/strong> Pogodno za dugotrajno skladi\u0161tenje u kontroliranim uvjetima.<\/p>\n<\/li>\n<li data-start=\"5982\" data-end=\"6080\">\n<p data-start=\"5984\" data-end=\"6080\"><strong data-start=\"5984\" data-end=\"6018\">Kompatibilno s tehnikama mjerenja:<\/strong> Primjenjivo u <strong data-start=\"6033\" data-end=\"6042\">GC-MS<\/strong>, <strong data-start=\"6044\" data-end=\"6056\">LC-MS\/MS<\/strong> i <strong data-start=\"6060\" data-end=\"6068\">HPLC<\/strong> analize.<\/p>\n<\/li>\n<\/ul>\n<hr data-start=\"6082\" data-end=\"6085\" \/>\n<h3 data-start=\"6087\" data-end=\"6104\"><strong data-start=\"6091\" data-end=\"6104\">Prednosti<\/strong><\/h3>\n<ul data-start=\"6106\" data-end=\"6616\">\n<li data-start=\"6106\" data-end=\"6223\">\n<p data-start=\"6108\" data-end=\"6223\"><strong data-start=\"6108\" data-end=\"6145\">Podr\u017eava analiti\u010dka istra\u017eivanja:<\/strong> Poma\u017ee u identifikaciji i kvantifikaciji sintetskih kanabinoida.<\/p>\n<\/li>\n<li data-start=\"6224\" data-end=\"6313\">\n<p data-start=\"6226\" data-end=\"6313\"><strong data-start=\"6226\" data-end=\"6254\">Pove\u0107ava to\u010dnost:<\/strong> Osigurava pouzdanu kalibraciju analiti\u010dkih instrumenata.<\/p>\n<\/li>\n<li data-start=\"6314\" data-end=\"6432\">\n<p data-start=\"6316\" data-end=\"6432\"><strong data-start=\"6316\" data-end=\"6357\">Bitno za forenzi\u010dku istragu:<\/strong> Doprinosi razumijevanju strukturnih odnosa unutar kanabinoida.<\/p>\n<\/li>\n<li data-start=\"6433\" data-end=\"6529\">\n<p data-start=\"6435\" data-end=\"6529\"><strong data-start=\"6435\" data-end=\"6466\">Stroga kontrola kvalitete:<\/strong> Proizvedeno u skladu s me\u0111unarodnim laboratorijskim smjernicama. Kupite JWH-210<\/p>\n<\/li>\n<li data-start=\"6530\" data-end=\"6616\">\n<p data-start=\"6532\" data-end=\"6616\"><strong data-start=\"6532\" data-end=\"6558\">Obrazovna primjena:<\/strong> Pogodno za akademske i znanstvene studije.<\/p>\n<\/li>\n<\/ul>\n<hr data-start=\"6618\" data-end=\"6621\" \/>\n<h3 data-start=\"6623\" data-end=\"6684\"><strong data-start=\"6627\" data-end=\"6684\">Upute za uporabu (samo u istra\u017eiva\u010dke svrhe)<\/strong><\/h3>\n<ol data-start=\"6686\" data-end=\"7020\">\n<li data-start=\"6686\" data-end=\"6799\">\n<p data-start=\"6689\" data-end=\"6799\"><strong data-start=\"6689\" data-end=\"6703\">Rukovanje:<\/strong> Samo za upotrebu u odobrenim laboratorijima od strane obu\u010denog osoblja koje nosi odgovaraju\u0107u za\u0161titnu opremu.<\/p>\n<\/li>\n<li data-start=\"6800\" data-end=\"6886\">\n<p data-start=\"6803\" data-end=\"6886\"><strong data-start=\"6803\" data-end=\"6821\">Priprema:<\/strong> Razrijediti ili pripremiti prema validiranim analiti\u010dkim protokolima.<\/p>\n<\/li>\n<li data-start=\"6887\" data-end=\"6945\">\n<p data-start=\"6890\" data-end=\"6945\"><strong data-start=\"6890\" data-end=\"6901\">Pohrana:<\/strong> \u010cuvati u hermeti\u010dki zatvorenoj posudi na hladnom, suhom i tamnom mjestu.<\/p>\n<\/li>\n<li data-start=\"6946\" data-end=\"7020\">\n<p data-start=\"6949\" data-end=\"7020\"><strong data-start=\"6949\" data-end=\"6960\">Odlaganje:<\/strong> Ostatke zbrinite u skladu sa sigurnosnim i ekolo\u0161kim propisima.<\/p>\n<\/li>\n<\/ol>\n<hr data-start=\"7022\" data-end=\"7025\" \/>\n<h3 data-start=\"7027\" data-end=\"7061\"><strong data-start=\"7031\" data-end=\"7061\">Sigurnost i uskla\u0111enost<\/strong><\/h3>\n<ul data-start=\"7063\" data-end=\"7546\">\n<li data-start=\"7063\" data-end=\"7159\">\n<p data-start=\"7065\" data-end=\"7159\"><strong data-start=\"7065\" data-end=\"7103\">Samo za laboratorijska istra\u017eivanja:<\/strong> Nije namijenjeno za ljudsku ili \u017eivotinjsku konzumaciju.<\/p>\n<\/li>\n<li data-start=\"7160\" data-end=\"7298\">\n<p data-start=\"7162\" data-end=\"7298\"><strong data-start=\"7162\" data-end=\"7190\">Pravna razmatranja:<\/strong> Posjedovanje i kori\u0161tenje JWH-210 mogu biti regulirani ili zabranjeni. Uvijek provjerite lokalne propise.<\/p>\n<\/li>\n<li data-start=\"7299\" data-end=\"7410\">\n<p data-start=\"7301\" data-end=\"7410\"><strong data-start=\"7301\" data-end=\"7329\">Zdravlje i sigurnost:<\/strong> Izbjegavajte kontakt i udisanje. Radite u dobro prozra\u010denoj prostoriji za preglede.<\/p>\n<\/li>\n<li data-start=\"7411\" data-end=\"7546\">\n<p data-start=\"7413\" data-end=\"7546\"><strong data-start=\"7413\" data-end=\"7430\">Dokumentacija:<\/strong> A <strong data-start=\"7435\" data-end=\"7471\">sigurnosno-tehni\u010dki list (MSDS)<\/strong> i certifikat analize dostupni su registriranim institucijama.<\/p>\n<\/li>\n<\/ul>\n<hr data-start=\"7548\" data-end=\"7551\" \/>\n<h3 data-start=\"7553\" data-end=\"7588\"><strong data-start=\"7557\" data-end=\"7588\">\u010cesto postavljana pitanja (FAQs)<\/strong><\/h3>\n<p data-start=\"7590\" data-end=\"7750\"><strong data-start=\"7590\" data-end=\"7629\">1. Za \u0161to se koristi JWH-210?<\/strong><br data-start=\"7629\" data-end=\"7632\" \/>JWH-210 se koristi kao <strong data-start=\"7659\" data-end=\"7677\">referentna tvar<\/strong> u analiti\u010dkim i forenzi\u010dkim studijama sintetskih kanabinoida.<\/p>\n<p data-start=\"7752\" data-end=\"7900\"><strong data-start=\"7752\" data-end=\"7777\">2. Je li JWH-210 legalan?<\/strong><br data-start=\"7777\" data-end=\"7780\" \/>The <strong data-start=\"7783\" data-end=\"7823\">pravni status varira ovisno o zemlji<\/strong>U mnogim podru\u010djima potpada pod Zakon o opijumu ili sli\u010dne propise.<\/p>\n<p data-start=\"7902\" data-end=\"8073\"><strong data-start=\"7902\" data-end=\"7944\">3. Kako treba \u010duvati JWH-210?<\/strong><br data-start=\"7944\" data-end=\"7947\" \/>Spremi u <strong data-start=\"7961\" data-end=\"7995\">hladnom, suhom i tamnom mjestu<\/strong>, propisno zatvoren i dostupan samo ovla\u0161tenom laboratorijskom osoblju.<\/p>\n<p><a href=\"https:\/\/researchchemicalhub.com\/hr\/ducan\/pellets\/o-dsmt-50-mg-pelete\/\">O-DSMT pelete od 50 mg <\/a><a href=\"https:\/\/researchchemicalhub.com\/hr\/ducan\/lisergamidi\/1cp-lsd-150-mcg\/\">1cP-LSD 150 MCG Art Blotters <\/a><a href=\"https:\/\/researchchemicalhub.com\/hr\/ducan\/iboga-ibogain\/kora-korijena-iboge\/\">1V-LSD 150 MCG upijaju\u0107ih papira <\/a><\/p>","protected":false},"excerpt":{"rendered":"<h2>JWH-210<b>\u00a0<\/b>svojstva<\/h2>\n<p><strong>Sinonim: <\/strong>John William Huffman 210<strong><br \/>\nCAS broj<\/strong>: 824959-81-1<br \/>\n<strong>Formula<\/strong>: <span title=\"Ugljik\">C<\/span><sub>26<\/sub><span title=\"Vodik\">H<\/span><sub>27<\/sub><span title=\"Du\u0161ik\">S<\/span><span title=\"Kisik\">O<\/span><br \/>\n<strong>Molarna masa<\/strong>: 369,508 g mol<br \/>\n<strong>\u010cisto\u0107a<\/strong>: \u226598%<\/p>","protected":false},"featured_media":28549,"comment_status":"closed","ping_status":"closed","template":"","meta":[],"product_brand":[82],"product_cat":[322,370,398],"product_tag":[629,644,778,664,326],"class_list":{"0":"post-23834","1":"product","2":"type-product","3":"status-publish","4":"has-post-thumbnail","6":"product_brand-research-chemical","7":"product_cat-bijna-verboden","8":"product_cat-jwh-210","9":"product_cat-verkoop","10":"product_tag-4-fma-kopen","11":"product_tag-4-fma","12":"product_tag-jwh-210","13":"product_tag-maxtc","14":"product_tag-nl","16":"first","17":"instock","18":"sale","19":"taxable","20":"shipping-taxable","21":"purchasable","22":"product-type-variable"},"_links":{"self":[{"href":"https:\/\/researchchemicalhub.com\/hr\/wp-json\/wp\/v2\/product\/23834","targetHints":{"allow":["GET"]}}],"collection":[{"href":"https:\/\/researchchemicalhub.com\/hr\/wp-json\/wp\/v2\/product"}],"about":[{"href":"https:\/\/researchchemicalhub.com\/hr\/wp-json\/wp\/v2\/types\/product"}],"replies":[{"embeddable":true,"href":"https:\/\/researchchemicalhub.com\/hr\/wp-json\/wp\/v2\/comments?post=23834"}],"version-history":[{"count":7,"href":"https:\/\/researchchemicalhub.com\/hr\/wp-json\/wp\/v2\/product\/23834\/revisions"}],"predecessor-version":[{"id":27948,"href":"https:\/\/researchchemicalhub.com\/hr\/wp-json\/wp\/v2\/product\/23834\/revisions\/27948"}],"wp:featuredmedia":[{"embeddable":true,"href":"https:\/\/researchchemicalhub.com\/hr\/wp-json\/wp\/v2\/media\/28549"}],"wp:attachment":[{"href":"https:\/\/researchchemicalhub.com\/hr\/wp-json\/wp\/v2\/media?parent=23834"}],"wp:term":[{"taxonomy":"product_brand","embeddable":true,"href":"https:\/\/researchchemicalhub.com\/hr\/wp-json\/wp\/v2\/product_brand?post=23834"},{"taxonomy":"product_cat","embeddable":true,"href":"https:\/\/researchchemicalhub.com\/hr\/wp-json\/wp\/v2\/product_cat?post=23834"},{"taxonomy":"product_tag","embeddable":true,"href":"https:\/\/researchchemicalhub.com\/hr\/wp-json\/wp\/v2\/product_tag?post=23834"}],"curies":[{"name":"radni list","href":"https:\/\/api.w.org\/{rel}","templated":true}]}}