{"id":23824,"date":"2025-04-13T17:40:30","date_gmt":"2025-04-13T17:40:30","guid":{"rendered":"https:\/\/researchchemicalhub.com\/?post_type=product&#038;p=23824"},"modified":"2025-10-30T08:12:06","modified_gmt":"2025-10-30T08:12:06","slug":"lazan","status":"publish","type":"product","link":"https:\/\/researchchemicalhub.com\/hr\/ducan\/gotovo-zabranjeno\/lazan\/","title":{"rendered":"NEP (N-etilpentedron)"},"content":{"rendered":"<p data-start=\"4929\" data-end=\"5282\"><strong data-start=\"4929\" data-end=\"4956\">NEP (N-etilpentedron)<\/strong> je <strong data-start=\"4964\" data-end=\"4997\">sintetski derivat katinona<\/strong> koji se \u010desto koristi kao <strong data-start=\"5026\" data-end=\"5059\">referentni i istra\u017eiva\u010dki materijal<\/strong> u analiti\u010dkim i forenzi\u010dkim laboratorijima. Strukturno je povezan s <strong data-start=\"5134\" data-end=\"5148\">pentedron<\/strong> i pripada <strong data-start=\"5167\" data-end=\"5190\">\u03b2-keto-amfetamini<\/strong>, \u0161to ga \u010dini vrijednim za istra\u017eivanje <strong data-start=\"5238\" data-end=\"5281\">kemijska struktura i metode detekcije<\/strong>La\u017eno<\/p>\n<p data-start=\"5284\" data-end=\"5590\">Ovaj proizvod je <strong data-start=\"5299\" data-end=\"5368\">isklju\u010divo namijenjeno znanstvenim i forenzi\u010dkim istra\u017eivanjima<\/strong> i <strong data-start=\"5372\" data-end=\"5429\">nije prikladno za ljudsku ili \u017eivotinjsku konzumaciju<\/strong>Laboratoriji koriste NEP za <strong data-start=\"5462\" data-end=\"5506\">kemijsko profiliranje, validacija detekcije<\/strong> i <strong data-start=\"5510\" data-end=\"5546\">razvoj analiti\u010dkih metoda<\/strong> s tehnikama kao \u0161to su <strong data-start=\"5568\" data-end=\"5577\">GC-MS<\/strong> i <strong data-start=\"5581\" data-end=\"5589\">HPLC<\/strong>.<\/p>\n<hr data-start=\"5592\" data-end=\"5595\" \/>\n<h3 data-start=\"5597\" data-end=\"5628\"><strong data-start=\"5601\" data-end=\"5628\">Klju\u010dne zna\u010dajke<\/strong><\/h3>\n<ul data-start=\"5630\" data-end=\"6141\">\n<li data-start=\"5630\" data-end=\"5731\">\n<p data-start=\"5632\" data-end=\"5731\"><strong data-start=\"5632\" data-end=\"5652\">Visoka \u010disto\u0107a:<\/strong> Proizvedeno pod strogom kontrolom kvalitete za maksimalnu pouzdanost.<\/p>\n<\/li>\n<li data-start=\"5732\" data-end=\"5826\">\n<p data-start=\"5734\" data-end=\"5826\"><strong data-start=\"5734\" data-end=\"5760\">Testirani sastav:<\/strong> Svaka serija dolazi s <strong data-start=\"5795\" data-end=\"5823\">certifikat analize (COA)<\/strong>.<\/p>\n<\/li>\n<li data-start=\"5827\" data-end=\"5938\">\n<p data-start=\"5829\" data-end=\"5938\"><strong data-start=\"5829\" data-end=\"5852\">Stabilna struktura:<\/strong> Pogodno za dosljedne rezultate istra\u017eivanja u raznim analiti\u010dkim primjenama.<\/p>\n<\/li>\n<li data-start=\"5939\" data-end=\"6038\">\n<p data-start=\"5941\" data-end=\"6038\"><strong data-start=\"5941\" data-end=\"5972\">Kvaliteta razine istra\u017eivanja:<\/strong> Pogodno za upotrebu u toksikolo\u0161kim i forenzi\u010dkim studijama.<\/p>\n<\/li>\n<li data-start=\"6039\" data-end=\"6141\">\n<p data-start=\"6041\" data-end=\"6141\"><strong data-start=\"6041\" data-end=\"6064\">Sigurno pakiranje:<\/strong> Kemijski otporne, hermeti\u010dki zatvorene posude osiguravaju stabilnost proizvoda.<\/p>\n<\/li>\n<\/ul>\n<hr data-start=\"6143\" data-end=\"6146\" \/>\n<h3 data-start=\"6148\" data-end=\"6165\"><strong data-start=\"6152\" data-end=\"6165\">Prednosti<\/strong><\/h3>\n<ul data-start=\"6167\" data-end=\"6651\">\n<li data-start=\"6167\" data-end=\"6252\">\n<p data-start=\"6169\" data-end=\"6252\"><strong data-start=\"6169\" data-end=\"6206\">Pouzdani rezultati istra\u017eivanja:<\/strong> Pru\u017ea to\u010dne i reproducibilne podatke.<\/p>\n<\/li>\n<li data-start=\"6253\" data-end=\"6350\">\n<p data-start=\"6255\" data-end=\"6350\"><strong data-start=\"6255\" data-end=\"6284\">Forenzi\u010dke primjene:<\/strong> \u010cesto se koristi u identifikaciji analoga katinona.<\/p>\n<\/li>\n<li data-start=\"6351\" data-end=\"6437\">\n<p data-start=\"6353\" data-end=\"6437\"><strong data-start=\"6353\" data-end=\"6377\">Konstantna kvaliteta:<\/strong> Minimizira varijacije izme\u0111u razli\u010ditih eksperimenata.<\/p>\n<\/li>\n<li data-start=\"6438\" data-end=\"6551\">\n<p data-start=\"6440\" data-end=\"6551\"><strong data-start=\"6440\" data-end=\"6464\">\u0160iroko analizirano:<\/strong> Kompatibilno s <strong data-start=\"6480\" data-end=\"6518\">kromatografija, masena spektrometrija<\/strong> i <strong data-start=\"6522\" data-end=\"6548\">infracrvena spektroskopija<\/strong>.<\/p>\n<\/li>\n<li data-start=\"6552\" data-end=\"6651\">\n<p data-start=\"6554\" data-end=\"6651\"><strong data-start=\"6554\" data-end=\"6588\">Ispunjava sigurnosne standarde:<\/strong> Proizvedeno u skladu s me\u0111unarodnim laboratorijskim smjernicama.<\/p>\n<\/li>\n<\/ul>\n<hr data-start=\"6653\" data-end=\"6656\" \/>\n<h3 data-start=\"6658\" data-end=\"6719\"><strong data-start=\"6662\" data-end=\"6719\">Upute za uporabu (samo u istra\u017eiva\u010dke svrhe)<\/strong><\/h3>\n<ol data-start=\"6721\" data-end=\"7133\">\n<li data-start=\"6721\" data-end=\"6828\">\n<p data-start=\"6724\" data-end=\"6828\"><strong data-start=\"6724\" data-end=\"6742\">Priprema:<\/strong> Koristiti u akreditiranom laboratoriju i nositi odgovaraju\u0107u za\u0161titnu opremu.<\/p>\n<\/li>\n<li data-start=\"6829\" data-end=\"6919\">\n<p data-start=\"6832\" data-end=\"6919\"><strong data-start=\"6832\" data-end=\"6847\">Primjena:<\/strong> Nanesite sljedive koli\u010dine pod kontroliranim uvjetima.<\/p>\n<\/li>\n<li data-start=\"6920\" data-end=\"7037\">\n<p data-start=\"6923\" data-end=\"7037\"><strong data-start=\"6923\" data-end=\"6934\">Pohrana:<\/strong> U\u0161tedite na <strong data-start=\"6949\" data-end=\"6983\">hladnom, suhom i tamnom mjestu<\/strong>, dobro zatvoreno i dalje od izvora topline.<\/p>\n<\/li>\n<li data-start=\"7038\" data-end=\"7133\">\n<p data-start=\"7041\" data-end=\"7133\"><strong data-start=\"7041\" data-end=\"7052\">Odlaganje:<\/strong> Ostatke obradite prema <strong data-start=\"7082\" data-end=\"7130\">lokalne smjernice za gospodarenje kemijskim otpadom<\/strong>.<\/p>\n<\/li>\n<\/ol>\n<hr data-start=\"7135\" data-end=\"7138\" \/>\n<h3 data-start=\"7140\" data-end=\"7174\"><strong data-start=\"7144\" data-end=\"7174\">Sigurnost i uskla\u0111enost<\/strong><\/h3>\n<ul data-start=\"7176\" data-end=\"7541\">\n<li data-start=\"7176\" data-end=\"7271\">\n<p data-start=\"7178\" data-end=\"7271\"><strong data-start=\"7178\" data-end=\"7214\">Samo za laboratorijsku upotrebu:<\/strong> Nije prikladno za ljudsku ili \u017eivotinjsku konzumaciju.<\/p>\n<\/li>\n<li data-start=\"7272\" data-end=\"7347\">\n<p data-start=\"7274\" data-end=\"7347\"><strong data-start=\"7274\" data-end=\"7299\">Pa\u017eljivo rukujte:<\/strong> Izbjegavati kontakt s ko\u017eom, o\u010dima i di\u0161nim putovima.<\/p>\n<\/li>\n<li data-start=\"7348\" data-end=\"7450\">\n<p data-start=\"7350\" data-end=\"7450\"><strong data-start=\"7350\" data-end=\"7366\">Propisi:<\/strong> Uvijek provjerite <strong data-start=\"7388\" data-end=\"7408\">lokalno zakonodavstvo<\/strong> u vezi s kori\u0161tenjem NEP-a.<\/p>\n<\/li>\n<li data-start=\"7451\" data-end=\"7541\">\n<p data-start=\"7453\" data-end=\"7541\"><strong data-start=\"7453\" data-end=\"7470\">Dokumentacija:<\/strong> A <strong data-start=\"7475\" data-end=\"7511\">sigurnosno-tehni\u010dki list (MSDS)<\/strong> dostupno je na zahtjev.<\/p>\n<\/li>\n<\/ul>\n<hr data-start=\"7543\" data-end=\"7546\" \/>\n<h3 data-start=\"7548\" data-end=\"7583\"><strong data-start=\"7552\" data-end=\"7583\">\u010cesto postavljana pitanja (FAQs)<\/strong><\/h3>\n<p data-start=\"7585\" data-end=\"7734\"><strong data-start=\"7585\" data-end=\"7620\">1. Za \u0161to se koristi NEP?<\/strong><br data-start=\"7620\" data-end=\"7623\" \/>NEP se koristi samo kao <strong data-start=\"7658\" data-end=\"7691\">referentni i istra\u017eiva\u010dki materijal<\/strong> u analiti\u010dkim i forenzi\u010dkim laboratorijima.<\/p>\n<p data-start=\"7736\" data-end=\"7907\"><strong data-start=\"7736\" data-end=\"7786\">2. Je li NEP prikladan za ljudsku prehranu?<\/strong><br data-start=\"7786\" data-end=\"7789\" \/>Ne. Ovaj proizvod je <strong data-start=\"7809\" data-end=\"7866\">nije prikladno za ljudsku ili \u017eivotinjsku konzumaciju<\/strong> i namijenjeno samo u istra\u017eiva\u010dke svrhe.<\/p>\n<p data-start=\"7909\" data-end=\"8045\"><strong data-start=\"7909\" data-end=\"7947\">3. Kako treba skladi\u0161titi NEP?<\/strong><br data-start=\"7947\" data-end=\"7950\" \/>Spremi u <strong data-start=\"7964\" data-end=\"8000\">hladnom, suhom i tamnom okru\u017eenju<\/strong>, po mogu\u0107nosti u ormaru za skladi\u0161tenje kemikalija.<\/p>\n<p><a href=\"https:\/\/researchchemicalhub.com\/hr\/ducan\/lisergamidi\/1v-lsd-150-mcg-blotters\/\">1V-LSD 150 MCG upijaju\u0107ih papira <\/a><a href=\"https:\/\/researchchemicalhub.com\/hr\/ducan\/katinoni\/kupiti-2-cmc\/\">2-CMC pelete od 250 mg <\/a><a href=\"https:\/\/researchchemicalhub.com\/hr\/ducan\/gotovo-zabranjeno\/6-cl-adba\/\">6-CL-ADBA <\/a><a href=\"https:\/\/researchchemicalhub.com\/hr\/ducan\/gotovo-zabranjeno\/ruzicaste-zvjezdane-kuglice-5-mapb-70mg-2-fma-20mg-5-meo-mipt-2mg\/\">Ru\u017ei\u010daste zvjezdane pelete 5-MAPB 70 mg \/ 2-FMA 20 mg \/ 5-MeO-MiPT 2 mg <\/a><a href=\"https:\/\/researchchemicalhub.com\/hr\/ducan\/gotovo-zabranjeno\/4f-mph-25-mg-pellets\/\">4F-MPH 25 MG pelete<\/a><\/p>","protected":false},"excerpt":{"rendered":"<h2>LA\u017dNO<b>\u00a0<\/b>svojstva<\/h2>\n<p><strong>Sinonim: <\/strong>N-etilpentedron (\u03b1-etilaminopentiofenon, \u03b1-EAPP, \u03b1-etilaminovalerofenon, N-etilnorpentedron)<strong><br \/>\nCAS broj<\/strong>: 779974-89-9<br \/>\n<strong>Formula<\/strong>: <span title=\"Ugljik\">C<\/span><sub>13<\/sub><span title=\"Vodik\">H<\/span><sub>19<\/sub><span title=\"Du\u0161ik\">S<\/span><span title=\"Kisik\">O<\/span><br \/>\n<strong>Molarna masa<\/strong>: 205,301 g mol<br \/>\n<strong>\u010cisto\u0107a<\/strong>: \u226598%<\/p>","protected":false},"featured_media":28570,"comment_status":"closed","ping_status":"closed","template":"","meta":[],"product_brand":[],"product_cat":[322,79,334],"product_tag":[604,654,1106,1107,609,597,326],"class_list":{"0":"post-23824","1":"product","2":"type-product","3":"status-publish","4":"has-post-thumbnail","6":"product_cat-bijna-verboden","7":"product_cat-cathinonen","8":"product_cat-nep","9":"product_tag-n-ethyl-pentedrone","10":"product_tag-n-ethylpentedrone","11":"product_tag-nep","12":"product_tag-nep-kopen","13":"product_tag-nep-research-chemical","14":"product_tag-nep-snuiven","15":"product_tag-nl","17":"first","18":"instock","19":"taxable","20":"shipping-taxable","21":"purchasable","22":"product-type-variable"},"_links":{"self":[{"href":"https:\/\/researchchemicalhub.com\/hr\/wp-json\/wp\/v2\/product\/23824","targetHints":{"allow":["GET"]}}],"collection":[{"href":"https:\/\/researchchemicalhub.com\/hr\/wp-json\/wp\/v2\/product"}],"about":[{"href":"https:\/\/researchchemicalhub.com\/hr\/wp-json\/wp\/v2\/types\/product"}],"replies":[{"embeddable":true,"href":"https:\/\/researchchemicalhub.com\/hr\/wp-json\/wp\/v2\/comments?post=23824"}],"version-history":[{"count":5,"href":"https:\/\/researchchemicalhub.com\/hr\/wp-json\/wp\/v2\/product\/23824\/revisions"}],"predecessor-version":[{"id":27947,"href":"https:\/\/researchchemicalhub.com\/hr\/wp-json\/wp\/v2\/product\/23824\/revisions\/27947"}],"wp:featuredmedia":[{"embeddable":true,"href":"https:\/\/researchchemicalhub.com\/hr\/wp-json\/wp\/v2\/media\/28570"}],"wp:attachment":[{"href":"https:\/\/researchchemicalhub.com\/hr\/wp-json\/wp\/v2\/media?parent=23824"}],"wp:term":[{"taxonomy":"product_brand","embeddable":true,"href":"https:\/\/researchchemicalhub.com\/hr\/wp-json\/wp\/v2\/product_brand?post=23824"},{"taxonomy":"product_cat","embeddable":true,"href":"https:\/\/researchchemicalhub.com\/hr\/wp-json\/wp\/v2\/product_cat?post=23824"},{"taxonomy":"product_tag","embeddable":true,"href":"https:\/\/researchchemicalhub.com\/hr\/wp-json\/wp\/v2\/product_tag?post=23824"}],"curies":[{"name":"radni list","href":"https:\/\/api.w.org\/{rel}","templated":true}]}}