{"id":23766,"date":"2025-04-13T17:40:23","date_gmt":"2025-04-13T17:40:23","guid":{"rendered":"https:\/\/researchchemicalhub.com\/?post_type=product&#038;p=23766"},"modified":"2025-10-30T08:24:46","modified_gmt":"2025-10-30T08:24:46","slug":"fluetizolam-1-mg-pelete","status":"publish","type":"product","link":"https:\/\/researchchemicalhub.com\/hr\/ducan\/benzodiazepini\/fluetizolam-1-mg-pelete\/","title":{"rendered":"Fluetizolam 1 mg pelete"},"content":{"rendered":"<p>&nbsp;<\/p>\n<p data-start=\"5358\" data-end=\"5627\"><strong data-start=\"5358\" data-end=\"5373\"><span dir=\"auto\" style=\"vertical-align: inherit;\"><span dir=\"auto\" style=\"vertical-align: inherit;\">Fluetizolam<\/span><\/span><\/strong><span dir=\"auto\" style=\"vertical-align: inherit;\"><span dir=\"auto\" style=\"vertical-align: inherit;\"> je <\/span><\/span><strong data-start=\"5381\" data-end=\"5411\"><span dir=\"auto\" style=\"vertical-align: inherit;\"><span dir=\"auto\" style=\"vertical-align: inherit;\">tienodiazepinski spoj<\/span><\/span><\/strong><span dir=\"auto\" style=\"vertical-align: inherit;\"><span dir=\"auto\" style=\"vertical-align: inherit;\"> povezano s etizolamom. Koristi se kao <\/span><\/span><strong data-start=\"5464\" data-end=\"5482\"><span dir=\"auto\" style=\"vertical-align: inherit;\"><span dir=\"auto\" style=\"vertical-align: inherit;\">referentna tvar<\/span><\/span><\/strong><span dir=\"auto\" style=\"vertical-align: inherit;\"><span dir=\"auto\" style=\"vertical-align: inherit;\"> u analiti\u010dkim i forenzi\u010dkim laboratorijima za prou\u010davanje i otkrivanje tienodiazepinskih analoga u biolo\u0161kim ili kemijskim uzorcima.<\/span><\/span><\/p>\n<p data-start=\"5629\" data-end=\"5896\"><span dir=\"auto\" style=\"vertical-align: inherit;\"><span dir=\"auto\" style=\"vertical-align: inherit;\">Fluetizolam <\/span><\/span><strong data-start=\"5632\" data-end=\"5660\"><span dir=\"auto\" style=\"vertical-align: inherit;\"><span dir=\"auto\" style=\"vertical-align: inherit;\">pelete od 1 mg<\/span><\/span><\/strong><span dir=\"auto\" style=\"vertical-align: inherit;\"><span dir=\"auto\" style=\"vertical-align: inherit;\"> su <\/span><\/span><strong data-start=\"5666\" data-end=\"5693\"><span dir=\"auto\" style=\"vertical-align: inherit;\"><span dir=\"auto\" style=\"vertical-align: inherit;\">precizno formulirano<\/span><\/span><\/strong><span dir=\"auto\" style=\"vertical-align: inherit;\"><span dir=\"auto\" style=\"vertical-align: inherit;\"> za <\/span><\/span><strong data-start=\"5699\" data-end=\"5753\"><span dir=\"auto\" style=\"vertical-align: inherit;\"><span dir=\"auto\" style=\"vertical-align: inherit;\">kvalitativne i kvantitativne istra\u017eiva\u010dke svrhe<\/span><\/span><\/strong><span dir=\"auto\" style=\"vertical-align: inherit;\"><span dir=\"auto\" style=\"vertical-align: inherit;\"> Oni su <\/span><\/span><strong data-start=\"5763\" data-end=\"5819\"><span dir=\"auto\" style=\"vertical-align: inherit;\"><span dir=\"auto\" style=\"vertical-align: inherit;\">nije namijenjeno za ljudsku ili \u017eivotinjsku konzumaciju<\/span><\/span><\/strong><span dir=\"auto\" style=\"vertical-align: inherit;\"><span dir=\"auto\" style=\"vertical-align: inherit;\"> i s njima bi trebalo rukovati samo kvalificirano laboratorijsko osoblje.<\/span><\/span><\/p>\n<hr data-start=\"5898\" data-end=\"5901\" \/>\n<h3 data-start=\"5903\" data-end=\"5934\"><strong data-start=\"5907\" data-end=\"5934\"><span dir=\"auto\" style=\"vertical-align: inherit;\"><span dir=\"auto\" style=\"vertical-align: inherit;\">Klju\u010dne zna\u010dajke<\/span><\/span><\/strong><\/h3>\n<ul data-start=\"5936\" data-end=\"6438\">\n<li data-start=\"5936\" data-end=\"6044\">\n<p data-start=\"5938\" data-end=\"6044\"><strong data-start=\"5938\" data-end=\"5958\"><span dir=\"auto\" style=\"vertical-align: inherit;\"><span dir=\"auto\" style=\"vertical-align: inherit;\">Visoka \u010disto\u0107a:<\/span><\/span><\/strong><span dir=\"auto\" style=\"vertical-align: inherit;\"><span dir=\"auto\" style=\"vertical-align: inherit;\"> Proizvedeno u strogim laboratorijskim uvjetima za ponovljive rezultate.<\/span><\/span><\/p>\n<\/li>\n<li data-start=\"6045\" data-end=\"6159\">\n<p data-start=\"6047\" data-end=\"6159\"><strong data-start=\"6047\" data-end=\"6079\"><span dir=\"auto\" style=\"vertical-align: inherit;\"><span dir=\"auto\" style=\"vertical-align: inherit;\">Standardizirana doza:<\/span><\/span><\/strong><span dir=\"auto\" style=\"vertical-align: inherit;\"><span dir=\"auto\" style=\"vertical-align: inherit;\"> Svaka kuglica sadr\u017ei <\/span><\/span><strong data-start=\"6098\" data-end=\"6118\"><span dir=\"auto\" style=\"vertical-align: inherit;\"><span dir=\"auto\" style=\"vertical-align: inherit;\">1 mg fluetizolama<\/span><\/span><\/strong><span dir=\"auto\" style=\"vertical-align: inherit;\"><span dir=\"auto\" style=\"vertical-align: inherit;\"> za to\u010dna analiti\u010dka mjerenja.<\/span><\/span><\/p>\n<\/li>\n<li data-start=\"6160\" data-end=\"6246\">\n<p data-start=\"6162\" data-end=\"6246\"><strong data-start=\"6162\" data-end=\"6201\"><span dir=\"auto\" style=\"vertical-align: inherit;\"><span dir=\"auto\" style=\"vertical-align: inherit;\">Certificirani referentni materijal:<\/span><\/span><\/strong><span dir=\"auto\" style=\"vertical-align: inherit;\"><span dir=\"auto\" style=\"vertical-align: inherit;\"> Isporu\u010duje se s <\/span><\/span><strong data-start=\"6215\" data-end=\"6243\"><span dir=\"auto\" style=\"vertical-align: inherit;\"><span dir=\"auto\" style=\"vertical-align: inherit;\">Potvrda o analizi (COA)<\/span><\/span><\/strong><span dir=\"auto\" style=\"vertical-align: inherit;\"><span dir=\"auto\" style=\"vertical-align: inherit;\"> .<\/span><\/span><\/p>\n<\/li>\n<li data-start=\"6247\" data-end=\"6342\">\n<p data-start=\"6249\" data-end=\"6342\"><strong data-start=\"6249\" data-end=\"6280\"><span dir=\"auto\" style=\"vertical-align: inherit;\"><span dir=\"auto\" style=\"vertical-align: inherit;\">Analiti\u010dki svestran:<\/span><\/span><\/strong><span dir=\"auto\" style=\"vertical-align: inherit;\"><span dir=\"auto\" style=\"vertical-align: inherit;\"> Prikladno za <\/span><\/span><strong data-start=\"6295\" data-end=\"6304\"><span dir=\"auto\" style=\"vertical-align: inherit;\"><span dir=\"auto\" style=\"vertical-align: inherit;\">GC-MS<\/span><\/span><\/strong><span dir=\"auto\" style=\"vertical-align: inherit;\"><span dir=\"auto\" style=\"vertical-align: inherit;\"> , <\/span><\/span><strong data-start=\"6306\" data-end=\"6314\"><span dir=\"auto\" style=\"vertical-align: inherit;\"><span dir=\"auto\" style=\"vertical-align: inherit;\">HPLC<\/span><\/span><\/strong><span dir=\"auto\" style=\"vertical-align: inherit;\"><span dir=\"auto\" style=\"vertical-align: inherit;\"> i <\/span><\/span><strong data-start=\"6318\" data-end=\"6330\"><span dir=\"auto\" style=\"vertical-align: inherit;\"><span dir=\"auto\" style=\"vertical-align: inherit;\">LC-MS\/MS<\/span><\/span><\/strong><span dir=\"auto\" style=\"vertical-align: inherit;\"><span dir=\"auto\" style=\"vertical-align: inherit;\"> analize.<\/span><\/span><\/p>\n<\/li>\n<li data-start=\"6343\" data-end=\"6438\">\n<p data-start=\"6345\" data-end=\"6438\"><strong data-start=\"6345\" data-end=\"6366\"><span dir=\"auto\" style=\"vertical-align: inherit;\"><span dir=\"auto\" style=\"vertical-align: inherit;\">Stabilna formula:<\/span><\/span><\/strong><span dir=\"auto\" style=\"vertical-align: inherit;\"><span dir=\"auto\" style=\"vertical-align: inherit;\"> Dizajnirano za dugotrajno skladi\u0161tenje u kontroliranim uvjetima.<\/span><\/span><\/p>\n<\/li>\n<\/ul>\n<hr data-start=\"6440\" data-end=\"6443\" \/>\n<h3 data-start=\"6445\" data-end=\"6462\"><strong data-start=\"6449\" data-end=\"6462\"><span dir=\"auto\" style=\"vertical-align: inherit;\"><span dir=\"auto\" style=\"vertical-align: inherit;\">Prednosti<\/span><\/span><\/strong><\/h3>\n<ul data-start=\"6464\" data-end=\"6967\">\n<li data-start=\"6464\" data-end=\"6574\">\n<p data-start=\"6466\" data-end=\"6574\"><strong data-start=\"6466\" data-end=\"6502\"><span dir=\"auto\" style=\"vertical-align: inherit;\"><span dir=\"auto\" style=\"vertical-align: inherit;\">Podr\u017eava forenzi\u010dku analizu:<\/span><\/span><\/strong><span dir=\"auto\" style=\"vertical-align: inherit;\"><span dir=\"auto\" style=\"vertical-align: inherit;\"> Poma\u017ee u detekciji i kvantifikaciji tienodiazepinskih spojeva.<\/span><\/span><\/p>\n<\/li>\n<li data-start=\"6575\" data-end=\"6667\">\n<p data-start=\"6577\" data-end=\"6667\"><strong data-start=\"6577\" data-end=\"6610\"><span dir=\"auto\" style=\"vertical-align: inherit;\"><span dir=\"auto\" style=\"vertical-align: inherit;\">Pove\u0107ana to\u010dnost mjerenja:<\/span><\/span><\/strong><span dir=\"auto\" style=\"vertical-align: inherit;\"><span dir=\"auto\" style=\"vertical-align: inherit;\"> Osigurava dosljednu kalibraciju i pouzdane podatke.<\/span><\/span><\/p>\n<\/li>\n<li data-start=\"6668\" data-end=\"6768\">\n<p data-start=\"6670\" data-end=\"6768\"><strong data-start=\"6670\" data-end=\"6692\"><span dir=\"auto\" style=\"vertical-align: inherit;\"><span dir=\"auto\" style=\"vertical-align: inherit;\">Obrazovna vrijednost:<\/span><\/span><\/strong><span dir=\"auto\" style=\"vertical-align: inherit;\"><span dir=\"auto\" style=\"vertical-align: inherit;\"> Pogodno za akademske istra\u017eiva\u010dke projekte u analiti\u010dkoj toksikologiji.<\/span><\/span><\/p>\n<\/li>\n<li data-start=\"6769\" data-end=\"6867\">\n<p data-start=\"6771\" data-end=\"6867\"><strong data-start=\"6771\" data-end=\"6807\"><span dir=\"auto\" style=\"vertical-align: inherit;\"><span dir=\"auto\" style=\"vertical-align: inherit;\">Pouzdan referentni standard:<\/span><\/span><\/strong><span dir=\"auto\" style=\"vertical-align: inherit;\"><span dir=\"auto\" style=\"vertical-align: inherit;\"> Podr\u017eava toksikolo\u0161ke i forenzi\u010dke metodologije.<\/span><\/span><\/p>\n<\/li>\n<li data-start=\"6868\" data-end=\"6967\">\n<p data-start=\"6870\" data-end=\"6967\"><strong data-start=\"6870\" data-end=\"6904\"><span dir=\"auto\" style=\"vertical-align: inherit;\"><span dir=\"auto\" style=\"vertical-align: inherit;\">Ispunjava sigurnosne standarde:<\/span><\/span><\/strong><span dir=\"auto\" style=\"vertical-align: inherit;\"><span dir=\"auto\" style=\"vertical-align: inherit;\"> Proizvedeno u skladu s me\u0111unarodnim laboratorijskim smjernicama.<\/span><\/span><\/p>\n<\/li>\n<\/ul>\n<hr data-start=\"6969\" data-end=\"6972\" \/>\n<h3 data-start=\"6974\" data-end=\"7035\"><strong data-start=\"6978\" data-end=\"7035\"><span dir=\"auto\" style=\"vertical-align: inherit;\"><span dir=\"auto\" style=\"vertical-align: inherit;\">Upute za uporabu (samo u istra\u017eiva\u010dke svrhe)<\/span><\/span><\/strong><\/h3>\n<ol data-start=\"7037\" data-end=\"7438\">\n<li data-start=\"7037\" data-end=\"7139\">\n<p data-start=\"7040\" data-end=\"7139\"><strong data-start=\"7040\" data-end=\"7058\"><span dir=\"auto\" style=\"vertical-align: inherit;\"><span dir=\"auto\" style=\"vertical-align: inherit;\">Priprema:<\/span><\/span><\/strong><span dir=\"auto\" style=\"vertical-align: inherit;\"><span dir=\"auto\" style=\"vertical-align: inherit;\"> Koristiti samo u akreditiranim laboratorijima i nositi odgovaraju\u0107u za\u0161titnu opremu.<\/span><\/span><\/p>\n<\/li>\n<li data-start=\"7140\" data-end=\"7280\">\n<p data-start=\"7143\" data-end=\"7280\"><strong data-start=\"7143\" data-end=\"7158\"><span dir=\"auto\" style=\"vertical-align: inherit;\"><span dir=\"auto\" style=\"vertical-align: inherit;\">Primjena:<\/span><\/span><\/strong><span dir=\"auto\" style=\"vertical-align: inherit;\"><span dir=\"auto\" style=\"vertical-align: inherit;\"> Koristite pelete za <\/span><\/span><strong data-start=\"7180\" data-end=\"7194\"><span dir=\"auto\" style=\"vertical-align: inherit;\"><span dir=\"auto\" style=\"vertical-align: inherit;\">kalibriranje<\/span><\/span><\/strong><span dir=\"auto\" style=\"vertical-align: inherit;\"><span dir=\"auto\" style=\"vertical-align: inherit;\"> , <\/span><\/span><strong data-start=\"7196\" data-end=\"7214\"><span dir=\"auto\" style=\"vertical-align: inherit;\"><span dir=\"auto\" style=\"vertical-align: inherit;\">kromatografija<\/span><\/span><\/strong><span dir=\"auto\" style=\"vertical-align: inherit;\"><span dir=\"auto\" style=\"vertical-align: inherit;\"> ili <\/span><\/span><strong data-start=\"7218\" data-end=\"7244\"><span dir=\"auto\" style=\"vertical-align: inherit;\"><span dir=\"auto\" style=\"vertical-align: inherit;\">spektralna usporedba<\/span><\/span><\/strong><span dir=\"auto\" style=\"vertical-align: inherit;\"><span dir=\"auto\" style=\"vertical-align: inherit;\"> prema validiranim protokolima.<\/span><\/span><\/p>\n<\/li>\n<li data-start=\"7281\" data-end=\"7344\">\n<p data-start=\"7284\" data-end=\"7344\"><strong data-start=\"7284\" data-end=\"7295\"><span dir=\"auto\" style=\"vertical-align: inherit;\"><span dir=\"auto\" style=\"vertical-align: inherit;\">Pohrana:<\/span><\/span><\/strong><span dir=\"auto\" style=\"vertical-align: inherit;\"><span dir=\"auto\" style=\"vertical-align: inherit;\"> \u010cuvati na hladnom, suhom i tamnom mjestu, dobro zatvoreno.<\/span><\/span><\/p>\n<\/li>\n<li data-start=\"7345\" data-end=\"7438\">\n<p data-start=\"7348\" data-end=\"7438\"><strong data-start=\"7348\" data-end=\"7359\"><span dir=\"auto\" style=\"vertical-align: inherit;\"><span dir=\"auto\" style=\"vertical-align: inherit;\">Odlaganje:<\/span><\/span><\/strong><span dir=\"auto\" style=\"vertical-align: inherit;\"><span dir=\"auto\" style=\"vertical-align: inherit;\"> Ostatke zbrinite u skladu s lokalnim smjernicama za gospodarenje kemijskim otpadom.<\/span><\/span><\/p>\n<\/li>\n<\/ol>\n<hr data-start=\"7440\" data-end=\"7443\" \/>\n<h3 data-start=\"7445\" data-end=\"7479\"><strong data-start=\"7449\" data-end=\"7479\"><span dir=\"auto\" style=\"vertical-align: inherit;\"><span dir=\"auto\" style=\"vertical-align: inherit;\">Sigurnost i uskla\u0111enost<\/span><\/span><\/strong><\/h3>\n<ul data-start=\"7481\" data-end=\"7915\">\n<li data-start=\"7481\" data-end=\"7576\">\n<p data-start=\"7483\" data-end=\"7576\"><strong data-start=\"7483\" data-end=\"7519\"><span dir=\"auto\" style=\"vertical-align: inherit;\"><span dir=\"auto\" style=\"vertical-align: inherit;\">Samo za laboratorijsku upotrebu:<\/span><\/span><\/strong><span dir=\"auto\" style=\"vertical-align: inherit;\"><span dir=\"auto\" style=\"vertical-align: inherit;\"> Nije prikladno za ljudsku ili \u017eivotinjsku konzumaciju.<\/span><\/span><\/p>\n<\/li>\n<li data-start=\"7577\" data-end=\"7684\">\n<p data-start=\"7579\" data-end=\"7684\"><strong data-start=\"7579\" data-end=\"7607\"><span dir=\"auto\" style=\"vertical-align: inherit;\"><span dir=\"auto\" style=\"vertical-align: inherit;\">Pravna razmatranja:<\/span><\/span><\/strong><span dir=\"auto\" style=\"vertical-align: inherit;\"><span dir=\"auto\" style=\"vertical-align: inherit;\"> Uvijek provjerite lokalne zakone u vezi s upotrebom fluetizolama.<\/span><\/span><\/p>\n<\/li>\n<li data-start=\"7685\" data-end=\"7790\">\n<p data-start=\"7687\" data-end=\"7790\"><strong data-start=\"7687\" data-end=\"7715\"><span dir=\"auto\" style=\"vertical-align: inherit;\"><span dir=\"auto\" style=\"vertical-align: inherit;\">Zdravlje i sigurnost:<\/span><\/span><\/strong><span dir=\"auto\" style=\"vertical-align: inherit;\"><span dir=\"auto\" style=\"vertical-align: inherit;\"> Izbjegavajte kontakt s ko\u017eom i o\u010dima; radite u dobro prozra\u010denom prostoru.<\/span><\/span><\/p>\n<\/li>\n<li data-start=\"7791\" data-end=\"7915\">\n<p data-start=\"7793\" data-end=\"7915\"><strong data-start=\"7793\" data-end=\"7810\"><span dir=\"auto\" style=\"vertical-align: inherit;\"><span dir=\"auto\" style=\"vertical-align: inherit;\">Dokumentacija:<\/span><\/span><\/strong><span dir=\"auto\" style=\"vertical-align: inherit;\"><span dir=\"auto\" style=\"vertical-align: inherit;\"> A <\/span><\/span><strong data-start=\"7815\" data-end=\"7851\"><span dir=\"auto\" style=\"vertical-align: inherit;\"><span dir=\"auto\" style=\"vertical-align: inherit;\">Sigurnosno-tehni\u010dki list (MSDS)<\/span><\/span><\/strong><span dir=\"auto\" style=\"vertical-align: inherit;\"><span dir=\"auto\" style=\"vertical-align: inherit;\"> i <\/span><\/span><strong data-start=\"7855\" data-end=\"7883\"><span dir=\"auto\" style=\"vertical-align: inherit;\"><span dir=\"auto\" style=\"vertical-align: inherit;\">Potvrda o analizi (COA)<\/span><\/span><\/strong><span dir=\"auto\" style=\"vertical-align: inherit;\"><span dir=\"auto\" style=\"vertical-align: inherit;\"> dostupni su na zahtjev.<\/span><\/span><\/p>\n<\/li>\n<\/ul>\n<hr data-start=\"7917\" data-end=\"7920\" \/>\n<h3 data-start=\"7922\" data-end=\"7957\"><strong data-start=\"7926\" data-end=\"7957\"><span dir=\"auto\" style=\"vertical-align: inherit;\"><span dir=\"auto\" style=\"vertical-align: inherit;\">\u010cesto postavljana pitanja (FAQs)<\/span><\/span><\/strong><\/h3>\n<p data-start=\"7959\" data-end=\"8103\"><strong data-start=\"7959\" data-end=\"8002\"><span dir=\"auto\" style=\"vertical-align: inherit;\"><span dir=\"auto\" style=\"vertical-align: inherit;\">1. Za \u0161to se koristi fluetizolam?<\/span><\/span><\/strong><br data-start=\"8002\" data-end=\"8005\" \/><span dir=\"auto\" style=\"vertical-align: inherit;\"><span dir=\"auto\" style=\"vertical-align: inherit;\"> Fluetizolam se koristi kao <\/span><\/span><strong data-start=\"8036\" data-end=\"8059\"><span dir=\"auto\" style=\"vertical-align: inherit;\"><span dir=\"auto\" style=\"vertical-align: inherit;\">referentni standard<\/span><\/span><\/strong><span dir=\"auto\" style=\"vertical-align: inherit;\"><span dir=\"auto\" style=\"vertical-align: inherit;\"> u forenzi\u010dkim i toksikolo\u0161kim istra\u017eivanjima.<\/span><\/span><\/p>\n<p data-start=\"8105\" data-end=\"8272\"><strong data-start=\"8105\" data-end=\"8163\"><span dir=\"auto\" style=\"vertical-align: inherit;\"><span dir=\"auto\" style=\"vertical-align: inherit;\">2. Je li fluetizolam prikladan za ljudsku konzumaciju?<\/span><\/span><\/strong><br data-start=\"8163\" data-end=\"8166\" \/><span dir=\"auto\" style=\"vertical-align: inherit;\"><span dir=\"auto\" style=\"vertical-align: inherit;\"> Ne. Ovaj proizvod je <\/span><\/span><strong data-start=\"8186\" data-end=\"8224\"><span dir=\"auto\" style=\"vertical-align: inherit;\"><span dir=\"auto\" style=\"vertical-align: inherit;\">samo za istra\u017eiva\u010dku upotrebu<\/span><\/span><\/strong><span dir=\"auto\" style=\"vertical-align: inherit;\"><span dir=\"auto\" style=\"vertical-align: inherit;\"> i <\/span><\/span><strong data-start=\"8228\" data-end=\"8269\"><span dir=\"auto\" style=\"vertical-align: inherit;\"><span dir=\"auto\" style=\"vertical-align: inherit;\">nije odobren za medicinsku upotrebu<\/span><\/span><\/strong><span dir=\"auto\" style=\"vertical-align: inherit;\"><span dir=\"auto\" style=\"vertical-align: inherit;\"> .<\/span><\/span><\/p>\n<p data-start=\"8274\" data-end=\"8419\"><strong data-start=\"8274\" data-end=\"8335\"><span dir=\"auto\" style=\"vertical-align: inherit;\"><span dir=\"auto\" style=\"vertical-align: inherit;\">3. Kako treba \u010duvati Fluetizolam 1 mg pelete?<\/span><\/span><\/strong><br data-start=\"8335\" data-end=\"8338\" \/><span dir=\"auto\" style=\"vertical-align: inherit;\"><span dir=\"auto\" style=\"vertical-align: inherit;\"> \u010cuvati na hladnom, suhom i tamnom mjestu, dobro zatvoreno i izvan dohvata neovla\u0161tenih osoba.<\/span><\/span><\/p>\n<p><a href=\"https:\/\/researchchemicalhub.com\/hr\/ducan\/lisergamidi\/1v-lsd-150-mcg-blotters\/\"><span dir=\"auto\" style=\"vertical-align: inherit;\"><span dir=\"auto\" style=\"vertical-align: inherit;\">1V-LSD 150 MCG upijaju\u0107ih papira <\/span><\/span><\/a><a href=\"https:\/\/researchchemicalhub.com\/hr\/ducan\/gotovo-zabranjeno\/6-cl-adba\/\"><span dir=\"auto\" style=\"vertical-align: inherit;\"><span dir=\"auto\" style=\"vertical-align: inherit;\">6-CL-ADBA <\/span><\/span><\/a><a href=\"https:\/\/researchchemicalhub.com\/hr\/ducan\/katinoni\/kupiti-2-cmc\/\"><span dir=\"auto\" style=\"vertical-align: inherit;\"><span dir=\"auto\" style=\"vertical-align: inherit;\">2-CMC pelete od 250 mg <\/span><\/span><\/a><a href=\"https:\/\/researchchemicalhub.com\/hr\/ducan\/fenetilamin\/2c-ef-2-mg-kapsule\/\"><span dir=\"auto\" style=\"vertical-align: inherit;\"><span dir=\"auto\" style=\"vertical-align: inherit;\">2C-EF 2 mg kapsule <\/span><\/span><\/a><a href=\"https:\/\/researchchemicalhub.com\/hr\/ducan\/ostalo\/meai\/\"><span dir=\"auto\" style=\"vertical-align: inherit;\"><span dir=\"auto\" style=\"vertical-align: inherit;\">MEAI<\/span><\/span><\/a><\/p>","protected":false},"excerpt":{"rendered":"<h2><span dir=\"auto\" style=\"vertical-align: inherit;\"><span dir=\"auto\" style=\"vertical-align: inherit;\">Fluetizolam pellets properties<\/span><\/span><\/h2>\n<p><strong><span dir=\"auto\" style=\"vertical-align: inherit;\"><span dir=\"auto\" style=\"vertical-align: inherit;\">Synonym<\/span><\/span><\/strong><span dir=\"auto\" style=\"vertical-align: inherit;\"><span dir=\"auto\" style=\"vertical-align: inherit;\"> : <\/span><\/span><b><span dir=\"auto\" style=\"vertical-align: inherit;\"><span dir=\"auto\" style=\"vertical-align: inherit;\">2-ethyl-4-(2-fluorophenyl)-9-methyl-6H-thieno[3,2-f][1,2,4]triazolo[4,3-a][1,4]diazepine <\/span><\/span><\/b><br \/>\n<strong><span dir=\"auto\" style=\"vertical-align: inherit;\"><span dir=\"auto\" style=\"vertical-align: inherit;\">CAS Number<\/span><\/span><\/strong><span dir=\"auto\" style=\"vertical-align: inherit;\"><span dir=\"auto\" style=\"vertical-align: inherit;\"> : 40054-88-4 <\/span><\/span><br \/>\n<strong><span dir=\"auto\" style=\"vertical-align: inherit;\"><span dir=\"auto\" style=\"vertical-align: inherit;\">Formula<\/span><\/span><\/strong><span dir=\"auto\" style=\"vertical-align: inherit;\"><span dir=\"auto\" style=\"vertical-align: inherit;\"> : <\/span><\/span><span title=\"Carbon\"><span dir=\"auto\" style=\"vertical-align: inherit;\"><span dir=\"auto\" style=\"vertical-align: inherit;\">C <\/span><\/span><\/span><sub><span dir=\"auto\" style=\"vertical-align: inherit;\"><span dir=\"auto\" style=\"vertical-align: inherit;\">17 <\/span><\/span><\/sub><span title=\"Hydrogen\"><span dir=\"auto\" style=\"vertical-align: inherit;\"><span dir=\"auto\" style=\"vertical-align: inherit;\">H <\/span><\/span><\/span><sub><span dir=\"auto\" style=\"vertical-align: inherit;\"><span dir=\"auto\" style=\"vertical-align: inherit;\">15 <\/span><\/span><\/sub><span title=\"Fluorine\"><span dir=\"auto\" style=\"vertical-align: inherit;\"><span dir=\"auto\" style=\"vertical-align: inherit;\">F <\/span><\/span><\/span><span title=\"Nitrogen\"><span dir=\"auto\" style=\"vertical-align: inherit;\"><span dir=\"auto\" style=\"vertical-align: inherit;\">N <\/span><\/span><\/span><sub><span dir=\"auto\" style=\"vertical-align: inherit;\"><span dir=\"auto\" style=\"vertical-align: inherit;\">4 <\/span><\/span><\/sub><span title=\"Sulfur\"><span dir=\"auto\" style=\"vertical-align: inherit;\"><span dir=\"auto\" style=\"vertical-align: inherit;\">S <\/span><\/span><\/span><br \/>\n<strong><span dir=\"auto\" style=\"vertical-align: inherit;\"><span dir=\"auto\" style=\"vertical-align: inherit;\">Molar mass<\/span><\/span><\/strong><span dir=\"auto\" style=\"vertical-align: inherit;\"><span dir=\"auto\" style=\"vertical-align: inherit;\"> : 342.8 g\/mol <\/span><\/span><br \/>\n<strong><span dir=\"auto\" style=\"vertical-align: inherit;\"><span dir=\"auto\" style=\"vertical-align: inherit;\">Purity<\/span><\/span><\/strong><span dir=\"auto\" style=\"vertical-align: inherit;\"><span dir=\"auto\" style=\"vertical-align: inherit;\"> : \u2265 99%<\/span><\/span><\/p>\n","protected":false},"featured_media":28531,"comment_status":"closed","ping_status":"closed","template":"","meta":[],"product_brand":[],"product_cat":[76,550,551,324],"product_tag":[614,615,326],"class_list":{"0":"post-23766","1":"product","2":"type-product","3":"status-publish","4":"has-post-thumbnail","6":"product_cat-benzodiazepinen","7":"product_cat-fluetizolam","8":"product_cat-fluetizolam-pellets","9":"product_cat-pellets-for-pellet","10":"product_tag-fluetizolam","11":"product_tag-fluetizolam-kopen","12":"product_tag-nl","14":"first","15":"instock","16":"taxable","17":"shipping-taxable","18":"purchasable","19":"product-type-variable"},"_links":{"self":[{"href":"https:\/\/researchchemicalhub.com\/hr\/wp-json\/wp\/v2\/product\/23766","targetHints":{"allow":["GET"]}}],"collection":[{"href":"https:\/\/researchchemicalhub.com\/hr\/wp-json\/wp\/v2\/product"}],"about":[{"href":"https:\/\/researchchemicalhub.com\/hr\/wp-json\/wp\/v2\/types\/product"}],"replies":[{"embeddable":true,"href":"https:\/\/researchchemicalhub.com\/hr\/wp-json\/wp\/v2\/comments?post=23766"}],"version-history":[{"count":6,"href":"https:\/\/researchchemicalhub.com\/hr\/wp-json\/wp\/v2\/product\/23766\/revisions"}],"predecessor-version":[{"id":28706,"href":"https:\/\/researchchemicalhub.com\/hr\/wp-json\/wp\/v2\/product\/23766\/revisions\/28706"}],"wp:featuredmedia":[{"embeddable":true,"href":"https:\/\/researchchemicalhub.com\/hr\/wp-json\/wp\/v2\/media\/28531"}],"wp:attachment":[{"href":"https:\/\/researchchemicalhub.com\/hr\/wp-json\/wp\/v2\/media?parent=23766"}],"wp:term":[{"taxonomy":"product_brand","embeddable":true,"href":"https:\/\/researchchemicalhub.com\/hr\/wp-json\/wp\/v2\/product_brand?post=23766"},{"taxonomy":"product_cat","embeddable":true,"href":"https:\/\/researchchemicalhub.com\/hr\/wp-json\/wp\/v2\/product_cat?post=23766"},{"taxonomy":"product_tag","embeddable":true,"href":"https:\/\/researchchemicalhub.com\/hr\/wp-json\/wp\/v2\/product_tag?post=23766"}],"curies":[{"name":"radni list","href":"https:\/\/api.w.org\/{rel}","templated":true}]}}