{"id":23751,"date":"2025-04-13T17:40:22","date_gmt":"2025-04-13T17:40:22","guid":{"rendered":"https:\/\/researchchemicalhub.com\/?post_type=product&#038;p=23751"},"modified":"2025-10-30T08:27:33","modified_gmt":"2025-10-30T08:27:33","slug":"chem-mist-2f-dck-spray-30","status":"publish","type":"product","link":"https:\/\/researchchemicalhub.com\/hr\/shop\/2f-dck-kopen\/chem-mist-2f-dck-spray-30\/","title":{"rendered":"Chem-mist 2F-DCK sprej 30%"},"content":{"rendered":"<p data-start=\"4870\" data-end=\"5213\"><strong data-start=\"4870\" data-end=\"4900\">Chem Mist 2F-DCK sprej 30%<\/strong> je <strong data-start=\"4908\" data-end=\"4942\">analiti\u010dki referentni materijal<\/strong> da <strong data-start=\"4947\" data-end=\"4985\">2-fluorodeskloroketamin (2F-DCK)<\/strong> sadr\u017ei vezu od <strong data-start=\"5015\" data-end=\"5045\">klasa arilcikloheksilamina<\/strong>Chem Mist 2F DCK sprej<br data-start=\"5046\" data-end=\"5049\" \/>Koristi se u <strong data-start=\"5071\" data-end=\"5113\">forenzi\u010dki i analiti\u010dki laboratoriji<\/strong> za razvoj analiti\u010dkih metoda, kalibraciju i identifikaciju kemijskih spojeva.<\/p>\n<p data-start=\"5215\" data-end=\"5332\">Ovaj proizvod je <strong data-start=\"5230\" data-end=\"5268\">namijenjeno samo u istra\u017eiva\u010dke svrhe<\/strong> i <strong data-start=\"5272\" data-end=\"5329\">nije prikladno za ljudsku ili \u017eivotinjsku konzumaciju<\/strong>.<\/p>\n<hr data-start=\"5334\" data-end=\"5337\" \/>\n<h3 data-start=\"5339\" data-end=\"5370\"><strong data-start=\"5343\" data-end=\"5370\">Klju\u010dne zna\u010dajke<\/strong><\/h3>\n<ul data-start=\"5372\" data-end=\"5862\">\n<li data-start=\"5372\" data-end=\"5481\">\n<p data-start=\"5374\" data-end=\"5481\"><strong data-start=\"5374\" data-end=\"5394\">Visoka \u010disto\u0107a:<\/strong> Proizvedeno pod strogom kontrolom kvalitete za pouzdane rezultate istra\u017eivanja.<\/p>\n<\/li>\n<li data-start=\"5482\" data-end=\"5577\">\n<p data-start=\"5484\" data-end=\"5577\"><strong data-start=\"5484\" data-end=\"5520\">Standardizirana koncentracija:<\/strong> 30% otopina za preciznu analiti\u010dku kalibraciju.<\/p>\n<\/li>\n<li data-start=\"5578\" data-end=\"5665\">\n<p data-start=\"5580\" data-end=\"5665\"><strong data-start=\"5580\" data-end=\"5613\">Ovjerena dokumentacija:<\/strong> Isporu\u010duje se s certifikatom analize i podacima o seriji.<\/p>\n<\/li>\n<li data-start=\"5666\" data-end=\"5765\">\n<p data-start=\"5668\" data-end=\"5765\"><strong data-start=\"5668\" data-end=\"5699\">Analiti\u010dki \u0161iroko primjenjiv:<\/strong> Prikladno za <strong data-start=\"5714\" data-end=\"5723\">GC-MS<\/strong>, <strong data-start=\"5725\" data-end=\"5737\">LC-MS\/MS<\/strong> i <strong data-start=\"5741\" data-end=\"5749\">HPLC<\/strong> aplikacije.<\/p>\n<\/li>\n<li data-start=\"5766\" data-end=\"5862\">\n<p data-start=\"5768\" data-end=\"5862\"><strong data-start=\"5768\" data-end=\"5793\">Stabilna formulacija:<\/strong> Dizajnirano za dugotrajno skladi\u0161tenje u laboratorijskim uvjetima. Chem Mist 2F DCK sprej<\/p>\n<\/li>\n<\/ul>\n<hr data-start=\"5864\" data-end=\"5867\" \/>\n<h3 data-start=\"5869\" data-end=\"5886\"><strong data-start=\"5873\" data-end=\"5886\">Prednosti<\/strong><\/h3>\n<ul data-start=\"5888\" data-end=\"6339\">\n<li data-start=\"5888\" data-end=\"5979\">\n<p data-start=\"5890\" data-end=\"5979\"><strong data-start=\"5890\" data-end=\"5916\">Forenzi\u010dki primjenjivo:<\/strong> Podr\u017eava istra\u017eivanje arilcikloheksilaminskih spojeva.<\/p>\n<\/li>\n<li data-start=\"5980\" data-end=\"6069\">\n<p data-start=\"5982\" data-end=\"6069\"><strong data-start=\"5982\" data-end=\"6009\">Pouzdana kalibracija:<\/strong> Osigurava dosljedne i ponovljive rezultate mjerenja.<\/p>\n<\/li>\n<li data-start=\"6070\" data-end=\"6163\">\n<p data-start=\"6072\" data-end=\"6163\"><strong data-start=\"6072\" data-end=\"6117\">Podr\u017eava metodolo\u0161ki razvoj:<\/strong> Pogodno za metode detekcije i analize.<\/p>\n<\/li>\n<li data-start=\"6164\" data-end=\"6246\">\n<p data-start=\"6166\" data-end=\"6246\"><strong data-start=\"6166\" data-end=\"6188\">Obrazovna vrijednost:<\/strong> Mo\u017ee se koristiti u akademskim istra\u017eiva\u010dkim projektima.<\/p>\n<\/li>\n<li data-start=\"6247\" data-end=\"6339\">\n<p data-start=\"6249\" data-end=\"6339\"><strong data-start=\"6249\" data-end=\"6276\">Sigurno i uskla\u0111eno:<\/strong> Proizvedeno u skladu s me\u0111unarodnim laboratorijskim smjernicama.<\/p>\n<\/li>\n<\/ul>\n<hr data-start=\"6341\" data-end=\"6344\" \/>\n<h3 data-start=\"6346\" data-end=\"6407\"><strong data-start=\"6350\" data-end=\"6407\">Upute za uporabu (samo u istra\u017eiva\u010dke svrhe)<\/strong><\/h3>\n<ol data-start=\"6409\" data-end=\"6758\">\n<li data-start=\"6409\" data-end=\"6511\">\n<p data-start=\"6412\" data-end=\"6511\"><strong data-start=\"6412\" data-end=\"6426\">Rukovanje:<\/strong> Koristiti samo u akreditiranim laboratorijima pod nadzorom kvalificiranog osoblja.<\/p>\n<\/li>\n<li data-start=\"6512\" data-end=\"6609\">\n<p data-start=\"6515\" data-end=\"6609\"><strong data-start=\"6515\" data-end=\"6530\">Primjena:<\/strong> Koristiti u skladu s validiranim protokolima u dobro prozra\u010denom okru\u017eenju.<\/p>\n<\/li>\n<li data-start=\"6610\" data-end=\"6673\">\n<p data-start=\"6613\" data-end=\"6673\"><strong data-start=\"6613\" data-end=\"6624\">Pohrana:<\/strong> \u010cuvati na hladnom, suhom i tamnom mjestu, dobro zatvoreno.<\/p>\n<\/li>\n<li data-start=\"6674\" data-end=\"6758\">\n<p data-start=\"6677\" data-end=\"6758\"><strong data-start=\"6677\" data-end=\"6688\">Odlaganje:<\/strong> Ostatke zbrinite u skladu s lokalnim propisima za kemijski otpad.<\/p>\n<\/li>\n<\/ol>\n<hr data-start=\"6760\" data-end=\"6763\" \/>\n<h3 data-start=\"6765\" data-end=\"6799\"><strong data-start=\"6769\" data-end=\"6799\">Sigurnost i uskla\u0111enost<\/strong><\/h3>\n<ul data-start=\"6801\" data-end=\"7239\">\n<li data-start=\"6801\" data-end=\"6896\">\n<p data-start=\"6803\" data-end=\"6896\"><strong data-start=\"6803\" data-end=\"6839\">Samo za laboratorijsku upotrebu:<\/strong> Nije prikladno za ljudsku ili \u017eivotinjsku konzumaciju.<\/p>\n<\/li>\n<li data-start=\"6897\" data-end=\"7009\">\n<p data-start=\"6899\" data-end=\"7009\"><strong data-start=\"6899\" data-end=\"6927\">Pravna razmatranja:<\/strong> Status 2F-DCK-a varira ovisno o zemlji; uvijek provjerite lokalne propise.<\/p>\n<\/li>\n<li data-start=\"7010\" data-end=\"7114\">\n<p data-start=\"7012\" data-end=\"7114\"><strong data-start=\"7012\" data-end=\"7040\">Zdravlje i sigurnost:<\/strong> Izbjegavajte kontakt s ko\u017eom i udisanje; nosite odgovaraju\u0107u za\u0161titnu opremu.<\/p>\n<\/li>\n<li data-start=\"7115\" data-end=\"7239\">\n<p data-start=\"7117\" data-end=\"7239\"><strong data-start=\"7117\" data-end=\"7134\">Dokumentacija:<\/strong> A <strong data-start=\"7139\" data-end=\"7175\">sigurnosno-tehni\u010dki list (MSDS)<\/strong> i <strong data-start=\"7179\" data-end=\"7207\">certifikat analize (COA)<\/strong> dostupni su na zahtjev.<\/p>\n<\/li>\n<\/ul>\n<hr data-start=\"7241\" data-end=\"7244\" \/>\n<h3 data-start=\"7246\" data-end=\"7281\"><strong data-start=\"7250\" data-end=\"7281\">\u010cesto postavljana pitanja (FAQs)<\/strong><\/h3>\n<p data-start=\"7283\" data-end=\"7478\"><strong data-start=\"7283\" data-end=\"7341\">1. Za \u0161to se koristi Chem Mist 2F-DCK sprej 30%?<\/strong><br data-start=\"7341\" data-end=\"7344\" \/>Koristi se kao <strong data-start=\"7367\" data-end=\"7390\">referentna otopina<\/strong> u forenzi\u010dkim i analiti\u010dkim laboratorijima za razvoj metoda i identifikaciju.<\/p>\n<p data-start=\"7480\" data-end=\"7641\"><strong data-start=\"7480\" data-end=\"7538\">2. Je li ovaj proizvod prikladan za ljudsku prehranu?<\/strong><br data-start=\"7538\" data-end=\"7541\" \/>Ne. Jest <strong data-start=\"7553\" data-end=\"7591\">namijenjeno samo u istra\u017eiva\u010dke svrhe<\/strong> i <strong data-start=\"7595\" data-end=\"7638\">nije odobreno za ljudsku upotrebu<\/strong>.<\/p>\n<p data-start=\"7643\" data-end=\"7788\"><strong data-start=\"7643\" data-end=\"7704\">3. Kako treba \u010duvati Chem Mist 2F-DCK sprej 30%?<\/strong><br data-start=\"7704\" data-end=\"7707\" \/>\u010cuvati na hladnom, suhom i tamnom mjestu, dobro zatvoreno i izvan dohvata neovla\u0161tenih osoba.<\/p>","protected":false},"excerpt":{"rendered":"<h2><span style=\"vertical-align: inherit;\"><span style=\"vertical-align: inherit;\">Svojstva Chem-mist 2F-DCK 30% Vanilla Sky<\/span><\/span><\/h2>\n<p><strong><span style=\"vertical-align: inherit;\"><span style=\"vertical-align: inherit;\">Sinonim:<\/span><\/span><\/strong><span style=\"vertical-align: inherit;\"><span style=\"vertical-align: inherit;\"> 2-fluorodeskloroketamin HCl <\/span><\/span><br \/>\n<strong><span style=\"vertical-align: inherit;\"><span style=\"vertical-align: inherit;\">CAS broj:<\/span><\/span><\/strong><span style=\"vertical-align: inherit;\"><span style=\"vertical-align: inherit;\"> 111982-49-1 <\/span><\/span><br \/>\n<strong><span style=\"vertical-align: inherit;\"><span style=\"vertical-align: inherit;\">Formula:<\/span><\/span><\/strong><span style=\"vertical-align: inherit;\"><span style=\"vertical-align: inherit;\"> 2-(2-fluorofenil)-2-(metilamino)-cikloheksanon <\/span><\/span><br \/>\n<strong><span style=\"vertical-align: inherit;\"><span style=\"vertical-align: inherit;\">Molarna masa:<\/span><\/span><\/strong><span style=\"vertical-align: inherit;\"><span style=\"vertical-align: inherit;\"> 257,7 g\/mol <\/span><\/span><br \/>\n<strong><span style=\"vertical-align: inherit;\"><span style=\"vertical-align: inherit;\">\u010cisto\u0107a:<\/span><\/span><\/strong><span style=\"vertical-align: inherit;\"><span style=\"vertical-align: inherit;\"> &gt;98%<\/span><\/span><\/p>","protected":false},"featured_media":28495,"comment_status":"closed","ping_status":"closed","template":"","meta":[],"product_brand":[],"product_cat":[474,498,71,471,396],"product_tag":[1115,1116,1117,326,472],"class_list":{"0":"post-23751","1":"product","2":"type-product","3":"status-publish","4":"has-post-thumbnail","6":"product_cat-2f-dck-kopen","7":"product_cat-2f-dck-sprays","8":"product_cat-arylcyclohexylamine","9":"product_cat-chem-mist-sprays","10":"product_cat-liquid-rcs","11":"product_tag-chem-mist-2f-dck-spray","12":"product_tag-chem-mist-2f-dck-spray-30","13":"product_tag-chem-mist-2f-dck-spray-kopen","14":"product_tag-nl","15":"product_tag-spring-is-in-the-air","17":"first","18":"instock","19":"taxable","20":"shipping-taxable","21":"purchasable","22":"product-type-variable"},"_links":{"self":[{"href":"https:\/\/researchchemicalhub.com\/hr\/wp-json\/wp\/v2\/product\/23751","targetHints":{"allow":["GET"]}}],"collection":[{"href":"https:\/\/researchchemicalhub.com\/hr\/wp-json\/wp\/v2\/product"}],"about":[{"href":"https:\/\/researchchemicalhub.com\/hr\/wp-json\/wp\/v2\/types\/product"}],"replies":[{"embeddable":true,"href":"https:\/\/researchchemicalhub.com\/hr\/wp-json\/wp\/v2\/comments?post=23751"}],"version-history":[{"count":6,"href":"https:\/\/researchchemicalhub.com\/hr\/wp-json\/wp\/v2\/product\/23751\/revisions"}],"predecessor-version":[{"id":27959,"href":"https:\/\/researchchemicalhub.com\/hr\/wp-json\/wp\/v2\/product\/23751\/revisions\/27959"}],"wp:featuredmedia":[{"embeddable":true,"href":"https:\/\/researchchemicalhub.com\/hr\/wp-json\/wp\/v2\/media\/28495"}],"wp:attachment":[{"href":"https:\/\/researchchemicalhub.com\/hr\/wp-json\/wp\/v2\/media?parent=23751"}],"wp:term":[{"taxonomy":"product_brand","embeddable":true,"href":"https:\/\/researchchemicalhub.com\/hr\/wp-json\/wp\/v2\/product_brand?post=23751"},{"taxonomy":"product_cat","embeddable":true,"href":"https:\/\/researchchemicalhub.com\/hr\/wp-json\/wp\/v2\/product_cat?post=23751"},{"taxonomy":"product_tag","embeddable":true,"href":"https:\/\/researchchemicalhub.com\/hr\/wp-json\/wp\/v2\/product_tag?post=23751"}],"curies":[{"name":"radni list","href":"https:\/\/api.w.org\/{rel}","templated":true}]}}