{"id":23617,"date":"2025-04-13T17:40:06","date_gmt":"2025-04-13T17:40:06","guid":{"rendered":"https:\/\/researchchemicalhub.com\/?post_type=product&#038;p=23617"},"modified":"2025-10-30T09:12:53","modified_gmt":"2025-10-30T09:12:53","slug":"2-fma-kupnja-2","status":"publish","type":"product","link":"https:\/\/researchchemicalhub.com\/hr\/ducan\/kupi-2-fma\/2-fma-kupnja-2\/","title":{"rendered":"2-FMA 30 mg pelete (2-fluorometamfetamin)"},"content":{"rendered":"<h1><strong>2FMA 30 MG pelete (2-fluoromamfetamin) \u2013 Znanstveni opis proizvoda<\/strong><\/h1>\n<p data-start=\"3706\" data-end=\"4029\"><strong data-start=\"3706\" data-end=\"3741\">2-FMA (2-fluorometamfetamin)<\/strong> Pelete od 30 mg su <strong data-start=\"3761\" data-end=\"3807\">istra\u017eiva\u010dki spojevi visoke \u010disto\u0107e<\/strong>, dizajniran za <strong data-start=\"3824\" data-end=\"3877\">neuroznanstvena i farmakolo\u0161ka istra\u017eivanja<\/strong>Kupite 2 fma<br data-start=\"3878\" data-end=\"3881\" \/>Kao fluorirana varijanta metamfetamina, 2-FMA je zanimljiv za studije <strong data-start=\"3956\" data-end=\"3986\">aktivnost neurotransmitera<\/strong> i <strong data-start=\"3990\" data-end=\"4026\">mehanizmi sredi\u0161njeg \u017eiv\u010danog sustava<\/strong>.<\/p>\n<p data-start=\"4031\" data-end=\"4237\">Svaka kuglica sadr\u017ei <strong data-start=\"4049\" data-end=\"4072\">30 mg \u010distog 2-FMA<\/strong>Pa\u017eljivo odmjereno za to\u010dno doziranje i ponovljive rezultate istra\u017eivanja. Stabilan oblik peleta olak\u0161ava i sigurnije skladi\u0161tenje i rukovanje.<\/p>\n<blockquote data-start=\"4239\" data-end=\"4377\">\n<p data-start=\"4241\" data-end=\"4377\">\u26a0\ufe0f <strong data-start=\"4244\" data-end=\"4255\">Napomena:<\/strong> Ovaj proizvod je <strong data-start=\"4271\" data-end=\"4326\">isklju\u010divo namijenjeno znanstvenim istra\u017eivanjima<\/strong> i <strong data-start=\"4330\" data-end=\"4374\">nije prikladno za ljudsku prehranu<\/strong>.<\/p>\n<\/blockquote>\n<hr data-start=\"4379\" data-end=\"4382\" \/>\n<h3 data-start=\"4384\" data-end=\"4415\"><strong data-start=\"4388\" data-end=\"4415\">Klju\u010dne zna\u010dajke<\/strong><\/h3>\n<ul data-start=\"4416\" data-end=\"4852\">\n<li data-start=\"4416\" data-end=\"4511\">\n<p data-start=\"4418\" data-end=\"4511\"><strong data-start=\"4418\" data-end=\"4444\">Visoka \u010disto\u0107a (\u226599%)<\/strong> \u2013 Laboratorijski testirano za maksimalnu kvalitetu i pouzdanost.<\/p>\n<\/li>\n<li data-start=\"4512\" data-end=\"4600\">\n<p data-start=\"4514\" data-end=\"4600\"><strong data-start=\"4514\" data-end=\"4557\">To\u010dna doza (30 mg po peleti)<\/strong> \u2013 Za dosljedne rezultate istra\u017eivanja.<\/p>\n<\/li>\n<li data-start=\"4601\" data-end=\"4687\">\n<p data-start=\"4603\" data-end=\"4687\"><strong data-start=\"4603\" data-end=\"4629\">Pobolj\u0161ana stabilnost<\/strong> \u2013 Oblik peleta sprje\u010dava degradaciju i produ\u017euje rok trajanja.<\/p>\n<\/li>\n<li data-start=\"4688\" data-end=\"4767\">\n<p data-start=\"4690\" data-end=\"4767\"><strong data-start=\"4690\" data-end=\"4724\">Dosljedna kontrola kvalitete<\/strong> \u2013 Proizvedeno prema standardima sli\u010dnim GMP-u.<\/p>\n<\/li>\n<li data-start=\"4768\" data-end=\"4852\">\n<p data-start=\"4770\" data-end=\"4852\"><strong data-start=\"4770\" data-end=\"4792\">Sigurno pakiranje<\/strong> \u2013 Hermeti\u010dki zatvoreno i otporno na vlagu za optimalnu za\u0161titu.<\/p>\n<\/li>\n<\/ul>\n<hr data-start=\"4854\" data-end=\"4857\" \/>\n<h3 data-start=\"4859\" data-end=\"4876\"><strong data-start=\"4863\" data-end=\"4876\">Prednosti<\/strong><\/h3>\n<ul data-start=\"4877\" data-end=\"5166\">\n<li data-start=\"4877\" data-end=\"4954\">\n<p data-start=\"4879\" data-end=\"4954\">Prikladno za <strong data-start=\"4893\" data-end=\"4951\">istra\u017eivanje stimulansa i neurotransmiterskih sustava<\/strong>.<\/p>\n<\/li>\n<li data-start=\"4955\" data-end=\"5021\">\n<p data-start=\"4957\" data-end=\"5021\">Pru\u017ea <strong data-start=\"4968\" data-end=\"4992\">precizno doziranje<\/strong> i pouzdane rezultate.<\/p>\n<\/li>\n<li data-start=\"5022\" data-end=\"5098\">\n<p data-start=\"5024\" data-end=\"5098\"><strong data-start=\"5024\" data-end=\"5064\">Jednostavno za rukovanje i skladi\u0161tenje<\/strong> zahvaljuju\u0107i stabilnom obliku peleta.<\/p>\n<\/li>\n<li data-start=\"5099\" data-end=\"5166\">\n<p data-start=\"5101\" data-end=\"5166\">Idealno za <strong data-start=\"5113\" data-end=\"5163\">akademska, analiti\u010dka ili forenzi\u010dka istra\u017eivanja<\/strong>Kupite 2 fma<\/p>\n<\/li>\n<\/ul>\n<hr data-start=\"5168\" data-end=\"5171\" \/>\n<h3 data-start=\"5173\" data-end=\"5188\"><strong data-start=\"5177\" data-end=\"5188\">Upotreba<\/strong><\/h3>\n<ul data-start=\"5189\" data-end=\"5483\">\n<li data-start=\"5189\" data-end=\"5261\">\n<p data-start=\"5191\" data-end=\"5261\">Samo za <strong data-start=\"5203\" data-end=\"5228\">laboratorijska istra\u017eivanja<\/strong> od strane kvalificiranog osoblja.<\/p>\n<\/li>\n<li data-start=\"5262\" data-end=\"5345\">\n<p data-start=\"5264\" data-end=\"5345\">Nosite prikladno <strong data-start=\"5280\" data-end=\"5304\">za\u0161titna oprema<\/strong> kao \u0161to su rukavice i za\u0161titne nao\u010dale.<\/p>\n<\/li>\n<li data-start=\"5346\" data-end=\"5424\">\n<p data-start=\"5348\" data-end=\"5424\">U\u0161tedite na <strong data-start=\"5363\" data-end=\"5386\">hladnom, suhom mjestu<\/strong>, za\u0161ti\u0107eno od sun\u010deve svjetlosti i vlage.<\/p>\n<\/li>\n<li data-start=\"5425\" data-end=\"5483\">\n<p data-start=\"5427\" data-end=\"5483\">Nije prikladno za ljudsku ili \u017eivotinjsku konzumaciju.<\/p>\n<\/li>\n<\/ul>\n<hr data-start=\"5485\" data-end=\"5488\" \/>\n<h3 data-start=\"5490\" data-end=\"5525\"><strong data-start=\"5494\" data-end=\"5525\">\u010cesto postavljana pitanja (FAQs)<\/strong><\/h3>\n<p data-start=\"5527\" data-end=\"5694\"><strong data-start=\"5527\" data-end=\"5564\">1. Za \u0161to se koristi 2-FMA?<\/strong><br data-start=\"5564\" data-end=\"5567\" \/>2-FMA se koristi u <strong data-start=\"5591\" data-end=\"5644\">neuroznanstvena i farmakolo\u0161ka istra\u017eivanja<\/strong> na stimulanse i aktivnost neurotransmitera.<\/p>\n<p data-start=\"5696\" data-end=\"5870\"><strong data-start=\"5696\" data-end=\"5748\">2. Je li 2-FMA 30 MG siguran za ljudsku upotrebu?<\/strong><br data-start=\"5748\" data-end=\"5751\" \/>Ne. Ovaj proizvod je <strong data-start=\"5771\" data-end=\"5820\">namijenjeno samo u istra\u017eiva\u010dke svrhe<\/strong> i nije odobreno za ljudsku konzumaciju.<\/p>\n<p data-start=\"5872\" data-end=\"6040\"><strong data-start=\"5872\" data-end=\"5915\">3. Kako treba \u010duvati 2-FMA 30 MG?<\/strong><br data-start=\"5915\" data-end=\"5918\" \/>\u010cuvati u <strong data-start=\"5933\" data-end=\"5963\">dobro zatvorena ambala\u017ea<\/strong> na sobnoj temperaturi (15\u201325 \u00b0C), za\u0161ti\u0107eno od vlage i izravne sun\u010deve svjetlosti.<\/p>\n<h3><span style=\"color: #333333; font-size: 16px;\">.<\/span><a style=\"font-size: 16px;\" href=\"https:\/\/researchchemicalhub.com\/hr\/ducan\/iboga-ibogain\/kora-korijena-iboge\/\">kora korijena iboge<\/a><a style=\"font-size: 16px;\" href=\"https:\/\/researchchemicalhub.com\/hr\/ducan\/iboga-ibogain\/kupiti-ibogain-hidroklorid-online\/\">kupiti ibogain hidroklorid online<\/a><a style=\"font-size: 16px;\" href=\"https:\/\/researchchemicalhub.com\/hr\/ducan\/lisergamidi\/1cp-lsd-a\/\">1cp LSD-a<\/a><a style=\"font-size: 16px;\" href=\"https:\/\/researchchemicalhub.com\/hr\/ducan\/pellets\/o-dsmt-50-mg-pelete\/\">o-dsmt<\/a><a style=\"font-size: 16px;\" href=\"https:\/\/researchchemicalhub.com\/hr\/ducan\/lisergamidi\/1vlsd\/\">1vlsd<\/a><\/h3>\n<p>&nbsp;<\/p>","protected":false},"excerpt":{"rendered":"<p>2FMA 30 MG pelete (2-fluoroamfetamin) \u2013 Znanstveni opis proizvoda 2-FMA (2-fluorometamfetamin) 30 MG pelete su visoko\u010disti spojevi za istra\u017eivanje dizajnirani za<\/p>","protected":false},"featured_media":28388,"comment_status":"closed","ping_status":"closed","template":"","meta":[],"product_brand":[82],"product_cat":[431,432,322,333,324],"product_tag":[572,617,618,589,619,326],"class_list":{"0":"post-23617","1":"product","2":"type-product","3":"status-publish","4":"has-post-thumbnail","6":"product_brand-research-chemical","7":"product_cat-2-fma-kopen","8":"product_cat-2-fma-pellets","9":"product_cat-bijna-verboden","10":"product_cat-gefluoreerden","11":"product_cat-pellets-for-pellet","12":"product_tag-2-fma-kopen","13":"product_tag-2-fma","14":"product_tag-2fma","15":"product_tag-2fma-drugs","16":"product_tag-2fma-kopen","17":"product_tag-nl","19":"first","20":"instock","21":"taxable","22":"shipping-taxable","23":"purchasable","24":"product-type-variable"},"_links":{"self":[{"href":"https:\/\/researchchemicalhub.com\/hr\/wp-json\/wp\/v2\/product\/23617","targetHints":{"allow":["GET"]}}],"collection":[{"href":"https:\/\/researchchemicalhub.com\/hr\/wp-json\/wp\/v2\/product"}],"about":[{"href":"https:\/\/researchchemicalhub.com\/hr\/wp-json\/wp\/v2\/types\/product"}],"replies":[{"embeddable":true,"href":"https:\/\/researchchemicalhub.com\/hr\/wp-json\/wp\/v2\/comments?post=23617"}],"version-history":[{"count":6,"href":"https:\/\/researchchemicalhub.com\/hr\/wp-json\/wp\/v2\/product\/23617\/revisions"}],"predecessor-version":[{"id":27995,"href":"https:\/\/researchchemicalhub.com\/hr\/wp-json\/wp\/v2\/product\/23617\/revisions\/27995"}],"wp:featuredmedia":[{"embeddable":true,"href":"https:\/\/researchchemicalhub.com\/hr\/wp-json\/wp\/v2\/media\/28388"}],"wp:attachment":[{"href":"https:\/\/researchchemicalhub.com\/hr\/wp-json\/wp\/v2\/media?parent=23617"}],"wp:term":[{"taxonomy":"product_brand","embeddable":true,"href":"https:\/\/researchchemicalhub.com\/hr\/wp-json\/wp\/v2\/product_brand?post=23617"},{"taxonomy":"product_cat","embeddable":true,"href":"https:\/\/researchchemicalhub.com\/hr\/wp-json\/wp\/v2\/product_cat?post=23617"},{"taxonomy":"product_tag","embeddable":true,"href":"https:\/\/researchchemicalhub.com\/hr\/wp-json\/wp\/v2\/product_tag?post=23617"}],"curies":[{"name":"radni list","href":"https:\/\/api.w.org\/{rel}","templated":true}]}}