{"id":23559,"date":"2025-04-13T17:39:57","date_gmt":"2025-04-13T17:39:57","guid":{"rendered":"https:\/\/researchchemicalhub.com\/?post_type=product&#038;p=23559"},"modified":"2025-10-19T11:15:46","modified_gmt":"2025-10-19T11:15:46","slug":"1p-lsd-l-tartrate-puur","status":"publish","type":"product","link":"https:\/\/researchchemicalhub.com\/hr\/shop\/lysergamides\/1p-lsd-l-tartrate-puur\/","title":{"rendered":"1P-LSD L-tartarat \u010disti"},"content":{"rendered":"<h1><span dir=\"auto\" style=\"vertical-align: inherit;\"><span dir=\"auto\" style=\"vertical-align: inherit;\">1P-LSD L-tartarat \u2013 Pro\u0161ireni opis proizvoda za znanstvena istra\u017eivanja<\/span><\/span><\/h1>\n<p data-start=\"3759\" data-end=\"3969\"><strong data-start=\"3759\" data-end=\"3831\">1P-LSD L-tartarat (1-propionil-lizerginska kiselina dietilamid L-tartarat)<\/strong> je <strong data-start=\"3839\" data-end=\"3883\">istra\u017eiva\u010dki spoj visoke \u010disto\u0107e<\/strong>, razvijen za <strong data-start=\"3901\" data-end=\"3966\">neuroznanstvena, farmakolo\u0161ka i analiti\u010dka istra\u017eivanja<\/strong>.<\/p>\n<p data-start=\"3971\" data-end=\"4280\">Ako <strong data-start=\"3975\" data-end=\"4035\">strukturni analog LSD-a (dietilamid lizerginske kiseline)<\/strong> sadr\u017ei 1P-LSD <strong data-start=\"4053\" data-end=\"4071\">propionilna skupina<\/strong> na indolni du\u0161ik. Ova promjena \u010dini spoj vrijednim za <strong data-start=\"4145\" data-end=\"4186\">odnos strukture i aktivnosti (SAR)<\/strong>-istra\u017eivanje, <strong data-start=\"4198\" data-end=\"4237\">studije serotoninskih receptora (5-HT2A)<\/strong> i <strong data-start=\"4241\" data-end=\"4277\">analiti\u010dke referentne svrhe<\/strong>.<\/p>\n<p data-start=\"4282\" data-end=\"4446\">The <strong data-start=\"4285\" data-end=\"4307\">Oblik L-tartaratne soli<\/strong> pove\u0107ava <strong data-start=\"4320\" data-end=\"4362\">kemijska stabilnost i topljivost<\/strong>, \u0161to ga \u010dini idealnim za dugotrajno skladi\u0161tenje i precizna laboratorijska ispitivanja.<\/p>\n<blockquote data-start=\"4448\" data-end=\"4599\">\n<p data-start=\"4450\" data-end=\"4599\">\u26a0\ufe0f <strong data-start=\"4453\" data-end=\"4464\">Napomena:<\/strong> Ovaj proizvod je <strong data-start=\"4480\" data-end=\"4535\">isklju\u010divo namijenjeno znanstvenim istra\u017eivanjima<\/strong> i <strong data-start=\"4539\" data-end=\"4596\">nije prikladno za ljudsku ili \u017eivotinjsku konzumaciju<\/strong>.<\/p>\n<\/blockquote>\n<hr data-start=\"4601\" data-end=\"4604\" \/>\n<h3 data-start=\"4606\" data-end=\"4637\"><strong data-start=\"4610\" data-end=\"4637\">Klju\u010dne zna\u010dajke<\/strong><\/h3>\n<ul data-start=\"4638\" data-end=\"5076\">\n<li data-start=\"4638\" data-end=\"4736\">\n<p data-start=\"4640\" data-end=\"4736\"><strong data-start=\"4640\" data-end=\"4666\">Visoka \u010disto\u0107a (\u226599%)<\/strong> \u2013 Laboratorijski ispitano na identitet, sastav i stabilnost.<\/p>\n<\/li>\n<li data-start=\"4737\" data-end=\"4817\">\n<p data-start=\"4739\" data-end=\"4817\"><strong data-start=\"4739\" data-end=\"4770\">Stabilni oblik L-tartaratne soli<\/strong> \u2013 Produ\u017eava rok trajanja i sprje\u010dava degradaciju.<\/p>\n<\/li>\n<li data-start=\"4818\" data-end=\"4915\">\n<p data-start=\"4820\" data-end=\"4915\"><strong data-start=\"4820\" data-end=\"4859\">Standard farmakolo\u0161kih istra\u017eivanja<\/strong> \u2013 Pogodno za receptorska i neurokemijska istra\u017eivanja.<\/p>\n<\/li>\n<li data-start=\"4916\" data-end=\"4995\">\n<p data-start=\"4918\" data-end=\"4995\"><strong data-start=\"4918\" data-end=\"4943\">Proizvodnja sli\u010dna GMP-u<\/strong> \u2013 Zajam\u010dena kvaliteta i ponovljivost.<\/p>\n<\/li>\n<li data-start=\"4996\" data-end=\"5076\">\n<p data-start=\"4998\" data-end=\"5076\"><strong data-start=\"4998\" data-end=\"5020\">Sigurno pakiranje<\/strong> \u2013 Hermeti\u010dki i nepropusno za svjetlost za optimalnu za\u0161titu.<\/p>\n<\/li>\n<\/ul>\n<hr data-start=\"5078\" data-end=\"5081\" \/>\n<h3 data-start=\"5083\" data-end=\"5100\"><strong data-start=\"5087\" data-end=\"5100\">Prednosti<\/strong><\/h3>\n<ul data-start=\"5101\" data-end=\"5360\">\n<li data-start=\"5101\" data-end=\"5182\">\n<p data-start=\"5103\" data-end=\"5182\">Podr\u0161ka <strong data-start=\"5115\" data-end=\"5179\">istra\u017eivanje analoga lizergamida i serotoninskih receptora<\/strong>.<\/p>\n<\/li>\n<li data-start=\"5183\" data-end=\"5247\">\n<p data-start=\"5185\" data-end=\"5247\"><strong data-start=\"5185\" data-end=\"5230\">To\u010dni i ponovljivi rezultati<\/strong> nakon istrage.<\/p>\n<\/li>\n<li data-start=\"5248\" data-end=\"5302\">\n<p data-start=\"5250\" data-end=\"5302\"><strong data-start=\"5250\" data-end=\"5276\">Pobolj\u0161ana stabilnost<\/strong> za dugotrajno skladi\u0161tenje.<\/p>\n<\/li>\n<li data-start=\"5303\" data-end=\"5360\">\n<p data-start=\"5305\" data-end=\"5360\">Prikladno za <strong data-start=\"5319\" data-end=\"5357\">akademska i analiti\u010dka istra\u017eivanja<\/strong>.<\/p>\n<\/li>\n<\/ul>\n<hr data-start=\"5362\" data-end=\"5365\" \/>\n<h3 data-start=\"5367\" data-end=\"5382\"><strong data-start=\"5371\" data-end=\"5382\">Upotreba<\/strong><\/h3>\n<ul data-start=\"5383\" data-end=\"5654\">\n<li data-start=\"5383\" data-end=\"5453\">\n<p data-start=\"5385\" data-end=\"5453\">Samo za upotrebu od strane <strong data-start=\"5410\" data-end=\"5450\">kvalificirano laboratorijsko osoblje<\/strong>.<\/p>\n<\/li>\n<li data-start=\"5454\" data-end=\"5530\">\n<p data-start=\"5456\" data-end=\"5530\">Koristite prikladno <strong data-start=\"5474\" data-end=\"5498\">za\u0161titna oprema<\/strong> (rukavice, za\u0161titne nao\u010dale, laboratorijski ogrta\u010d).<\/p>\n<\/li>\n<li data-start=\"5531\" data-end=\"5595\">\n<p data-start=\"5533\" data-end=\"5595\">U\u0161tedite na <strong data-start=\"5548\" data-end=\"5582\">hladnom, suhom i tamnom mjestu<\/strong> (15\u201325 \u00b0C).<\/p>\n<\/li>\n<li data-start=\"5596\" data-end=\"5654\">\n<p data-start=\"5598\" data-end=\"5654\">Nije prikladno za ljudsku ili \u017eivotinjsku konzumaciju.<\/p>\n<\/li>\n<\/ul>\n<hr data-start=\"5656\" data-end=\"5659\" \/>\n<h3 data-start=\"5661\" data-end=\"5696\"><strong data-start=\"5665\" data-end=\"5696\">\u010cesto postavljana pitanja (FAQs)<\/strong><\/h3>\n<p data-start=\"5698\" data-end=\"5887\"><strong data-start=\"5698\" data-end=\"5747\">1. Za \u0161to se koristi 1P-LSD L-tartarat?<\/strong><br data-start=\"5747\" data-end=\"5750\" \/>1P-LSD L-tartarat se koristi za <strong data-start=\"5788\" data-end=\"5833\">farmakolo\u0161ka i neurokemijska istra\u017eivanja<\/strong> na analoge lizergamida i serotoninske receptore.<\/p>\n<p data-start=\"5889\" data-end=\"6069\"><strong data-start=\"5889\" data-end=\"5947\">2. Je li 1P-LSD L-tartarat siguran za ljudsku upotrebu?<\/strong><br data-start=\"5947\" data-end=\"5950\" \/>Ne. Ovaj proizvod je <strong data-start=\"5970\" data-end=\"6019\">namijenjeno samo u istra\u017eiva\u010dke svrhe<\/strong> i nije odobreno za ljudsku konzumaciju.<\/p>\n<p data-start=\"6071\" data-end=\"6244\"><strong data-start=\"6071\" data-end=\"6120\">3. Kako treba \u010duvati 1P-LSD L-tartarat?<\/strong><br data-start=\"6120\" data-end=\"6123\" \/>\u010cuvati u <strong data-start=\"6138\" data-end=\"6168\">dobro zatvorena ambala\u017ea<\/strong> na sobnoj temperaturi (15\u201325 \u00b0C), za\u0161ti\u0107eno od vlage i izravne sun\u010deve svjetlosti.<\/p>\n<p><a href=\"https:\/\/researchchemicalhub.com\/hr\/shop\/lysergamides\/1cp-lsd-150-mcg\/\"><span style=\"vertical-align: inherit;\"><span style=\"vertical-align: inherit;\"><span dir=\"auto\" style=\"vertical-align: inherit;\"><span dir=\"auto\" style=\"vertical-align: inherit;\">1cP-LSD 150 MCG Art Blotters <\/span><\/span><\/span><\/span><\/a><a href=\"https:\/\/researchchemicalhub.com\/hr\/shop\/pellets\/o-dsmt-50mg-pellets\/\"><span style=\"vertical-align: inherit;\"><span style=\"vertical-align: inherit;\"><span dir=\"auto\" style=\"vertical-align: inherit;\"><span dir=\"auto\" style=\"vertical-align: inherit;\">O-DSMT pelete od 50 mg <\/span><\/span><\/span><\/span><\/a><a href=\"https:\/\/researchchemicalhub.com\/hr\/shop\/lysergamides\/1v-lsd-150-mcg-blotters\/\"><span style=\"vertical-align: inherit;\"><span style=\"vertical-align: inherit;\"><span dir=\"auto\" style=\"vertical-align: inherit;\"><span dir=\"auto\" style=\"vertical-align: inherit;\">1V-LSD 150 MCG upijaju\u0107ih papira <\/span><\/span><\/span><\/span><\/a><a href=\"https:\/\/researchchemicalhub.com\/hr\/shop\/fenethylamine\/2c-ef-2mg-capsules\/\"><span style=\"vertical-align: inherit;\"><span style=\"vertical-align: inherit;\"><span dir=\"auto\" style=\"vertical-align: inherit;\"><span dir=\"auto\" style=\"vertical-align: inherit;\">2C-EF 2 mg kapsule <\/span><\/span><\/span><\/span><\/a><a href=\"https:\/\/researchchemicalhub.com\/hr\/shop\/bijna-verboden\/6-cl-adba\/\"><span style=\"vertical-align: inherit;\"><span style=\"vertical-align: inherit;\"><span dir=\"auto\" style=\"vertical-align: inherit;\"><span dir=\"auto\" style=\"vertical-align: inherit;\">6-CL-ADBA<\/span><\/span><\/span><\/span><\/a><\/p>","protected":false},"excerpt":{"rendered":"<h3><span style=\"vertical-align: inherit;\"><span style=\"vertical-align: inherit;\"><span dir=\"auto\" style=\"vertical-align: inherit;\"><span dir=\"auto\" style=\"vertical-align: inherit;\">Svojstva 1P-LSD L-tartarata<\/span><\/span><\/span><\/span><\/h3>\n<p><strong><span style=\"vertical-align: inherit;\"><span style=\"vertical-align: inherit;\"><span dir=\"auto\" style=\"vertical-align: inherit;\"><span dir=\"auto\" style=\"vertical-align: inherit;\">Sinonim:<\/span><\/span><\/span><\/span><\/strong><span style=\"vertical-align: inherit;\"><span style=\"vertical-align: inherit;\"><span dir=\"auto\" style=\"vertical-align: inherit;\"><span dir=\"auto\" style=\"vertical-align: inherit;\"> 1-propionil-lizerginska kiselina dietilamid hemi-L-tartarat, PLSD <\/span><\/span><\/span><\/span><br \/>\n<strong><span style=\"vertical-align: inherit;\"><span style=\"vertical-align: inherit;\"><span dir=\"auto\" style=\"vertical-align: inherit;\"><span dir=\"auto\" style=\"vertical-align: inherit;\">CAS broj:<\/span><\/span><\/span><\/span><\/strong><span style=\"vertical-align: inherit;\"><span style=\"vertical-align: inherit;\"><span dir=\"auto\" style=\"vertical-align: inherit;\"><span dir=\"auto\" style=\"vertical-align: inherit;\"> 2349358-81-0 <\/span><\/span><\/span><\/span><br \/>\n<strong><span style=\"vertical-align: inherit;\"><span style=\"vertical-align: inherit;\"><span dir=\"auto\" style=\"vertical-align: inherit;\"><span dir=\"auto\" style=\"vertical-align: inherit;\">Formula:<\/span><\/span><\/span><\/span><\/strong><span style=\"vertical-align: inherit;\"><span style=\"vertical-align: inherit;\"><span dir=\"auto\" style=\"vertical-align: inherit;\"><span dir=\"auto\" style=\"vertical-align: inherit;\"> (8\u03b2)-1-propionil-N,N-dietil-6-metil-9,10-didehidroergolin-8-karboksamid hemi-L-tartarat <\/span><\/span><\/span><\/span><br \/>\n<strong><span style=\"vertical-align: inherit;\"><span style=\"vertical-align: inherit;\"><span dir=\"auto\" style=\"vertical-align: inherit;\"><span dir=\"auto\" style=\"vertical-align: inherit;\">Molarna masa:<\/span><\/span><\/span><\/span><\/strong><span style=\"vertical-align: inherit;\"><span style=\"vertical-align: inherit;\"><span dir=\"auto\" style=\"vertical-align: inherit;\"><span dir=\"auto\" style=\"vertical-align: inherit;\"> 454,5 g\/mol <\/span><\/span><\/span><\/span><br \/>\n<strong><span style=\"vertical-align: inherit;\"><span style=\"vertical-align: inherit;\"><span dir=\"auto\" style=\"vertical-align: inherit;\"><span dir=\"auto\" style=\"vertical-align: inherit;\">\u010cisto\u0107a:<\/span><\/span><\/span><\/span><\/strong><span style=\"vertical-align: inherit;\"><span style=\"vertical-align: inherit;\"><span dir=\"auto\" style=\"vertical-align: inherit;\"><span dir=\"auto\" style=\"vertical-align: inherit;\"> &gt;97%<\/span><\/span><\/span><\/span><\/p>","protected":false},"featured_media":20483,"comment_status":"closed","ping_status":"closed","template":"","meta":[],"product_brand":[82],"product_cat":[358],"product_tag":[774,326],"class_list":{"0":"post-23559","1":"product","2":"type-product","3":"status-publish","4":"has-post-thumbnail","6":"product_brand-research-chemical","7":"product_cat-lysergamides","8":"product_tag-lsd-bestellen","9":"product_tag-nl","11":"first","12":"instock","13":"taxable","14":"shipping-taxable","15":"purchasable","16":"product-type-variable"},"_links":{"self":[{"href":"https:\/\/researchchemicalhub.com\/hr\/wp-json\/wp\/v2\/product\/23559","targetHints":{"allow":["GET"]}}],"collection":[{"href":"https:\/\/researchchemicalhub.com\/hr\/wp-json\/wp\/v2\/product"}],"about":[{"href":"https:\/\/researchchemicalhub.com\/hr\/wp-json\/wp\/v2\/types\/product"}],"replies":[{"embeddable":true,"href":"https:\/\/researchchemicalhub.com\/hr\/wp-json\/wp\/v2\/comments?post=23559"}],"version-history":[{"count":5,"href":"https:\/\/researchchemicalhub.com\/hr\/wp-json\/wp\/v2\/product\/23559\/revisions"}],"predecessor-version":[{"id":28018,"href":"https:\/\/researchchemicalhub.com\/hr\/wp-json\/wp\/v2\/product\/23559\/revisions\/28018"}],"wp:featuredmedia":[{"embeddable":true,"href":"https:\/\/researchchemicalhub.com\/hr\/wp-json\/wp\/v2\/media\/20483"}],"wp:attachment":[{"href":"https:\/\/researchchemicalhub.com\/hr\/wp-json\/wp\/v2\/media?parent=23559"}],"wp:term":[{"taxonomy":"product_brand","embeddable":true,"href":"https:\/\/researchchemicalhub.com\/hr\/wp-json\/wp\/v2\/product_brand?post=23559"},{"taxonomy":"product_cat","embeddable":true,"href":"https:\/\/researchchemicalhub.com\/hr\/wp-json\/wp\/v2\/product_cat?post=23559"},{"taxonomy":"product_tag","embeddable":true,"href":"https:\/\/researchchemicalhub.com\/hr\/wp-json\/wp\/v2\/product_tag?post=23559"}],"curies":[{"name":"radni list","href":"https:\/\/api.w.org\/{rel}","templated":true}]}}